{"id":22091,"date":"2023-10-06T13:50:58","date_gmt":"2023-10-06T13:50:59","guid":{"rendered":"https:\/\/likeink.se\/?post_type=product&#038;p=22091"},"modified":"2026-04-24T09:08:14","modified_gmt":"2026-04-24T09:08:14","slug":"flores-old-school","status":"publish","type":"product","link":"https:\/\/likeink.com\/es\/tatuaje-falso\/flores-old-school\/","title":{"rendered":"Flash &#8220;Flores Old School&#8221; by Matte Bokis"},"content":{"rendered":"","protected":false},"excerpt":{"rendered":"<p>Las hojas flash listas para usar de tatuajes temporales de Like Ink miden 195&#215;140 mm y est\u00e1n llenas de los dise\u00f1os que ves en la imagen. Imprimimos y enviamos tu hoja con estos incre\u00edbles tatuajes dentro de las 24 horas posteriores a tu pedido. Los tatuajes se ven muy bien, son de alta calidad y son f\u00e1ciles de aplicar y quitar. Like Ink cumple con toda la normativa de la UE para productos cosm\u00e9ticos, por lo que puedes sentirte seguro al pedir tatuajes temporales con nosotros.<\/p>\n<h2>Pide una hoja de tatuajes temporales en forma de flores Old School, dise\u00f1adas por el talentoso artista y tatuador Matte Bokis<\/h2>\n<p>Esta hoja est\u00e1 dise\u00f1ada por el incre\u00edble tatuador Matte Bokis, un artista experimentado y muy popular con base en Estocolmo, Suecia. Es un placer poder ofrecer arte de este talentoso artista de graffiti y tatuaje.<\/p>\n<p><strong>Este es Matte Bokis:<\/strong><br \/>\nSoy un tatuador con base en Estocolmo. Estoy muy entusiasmado de crear dise\u00f1os flash para Like Ink, la mejor empresa de tatuajes temporales en Europa. Mi camino en el mundo del arte comenz\u00f3 en la escena del graffiti a principios de los a\u00f1os 90, y desde 2006 he estado profundamente involucrado en la comunidad del tatuaje.<\/p>\n<p>Mi pasi\u00f3n est\u00e1 en el arte tradicional del tatuaje, pero siempre le doy mi propio toque \u00fanico. Crear y dise\u00f1ar tatuajes es un ritual diario para m\u00ed, y cada pieza que realizo es un reflejo de mi amor por esta forma de arte.<\/p>\n<p>Espero que aprecies y disfrutes mi trabajo tanto como yo disfrut\u00e9 crearlo.<\/p>\n<p>Un saludo<\/p>\n<p>Matte Bokis<\/p>\n<p><strong>Ponte en contacto con Matte Bokis:<\/strong><br \/>\nPuedes encontrarme a m\u00ed y todos mis trabajos en redes sociales<\/p>\n<p><strong>Instagram:<\/strong><br \/>\n@mattebokis<\/p>\n<p><strong>Studio:<\/strong><br \/>\nStudio Merentis<\/p>\n<p><strong>Direcci\u00f3n:<\/strong><br \/>\nStudio Merentis, Stockholm<\/p>\n","protected":false},"featured_media":21946,"template":"","meta":[],"product_brand":[],"product_cat":[504,240,510],"product_tag":[],"class_list":{"0":"post-22091","1":"product","2":"type-product","3":"status-publish","4":"has-post-thumbnail","6":"product_cat-colaboraciones-con-tatuadores","7":"product_cat-hojas-pre-disenadas","8":"product_cat-old-school-retro-es","10":"first","11":"instock","12":"taxable","13":"shipping-taxable","14":"purchasable","15":"product-type-simple"},"yoast_head":"<!-- This site is optimized with the Yoast SEO Premium plugin v26.2 (Yoast SEO v27.4) - https:\/\/yoast.com\/product\/yoast-seo-premium-wordpress\/ -->\n<title>Flores Old School de Matte Bokis | Tatuajes Temporales - Like ink<\/title>\n<meta name=\"description\" content=\"Flores Old School como tatuajes falsos desarrollados por el tatuador Matte Bokis. Entrega r\u00e1pida, buena calidad y env\u00edo gratuito! - Like ink\" \/>\n<meta name=\"robots\" content=\"index, follow, max-snippet:-1, max-image-preview:large, max-video-preview:-1\" \/>\n<link rel=\"canonical\" href=\"https:\/\/likeink.com\/es\/tatuaje-falso\/flores-old-school\/\" \/>\n<meta property=\"og:locale\" content=\"es_ES\" \/>\n<meta property=\"og:type\" content=\"article\" \/>\n<meta property=\"og:title\" content=\"Flash &quot;Flores Old School&quot; by Matte Bokis\" \/>\n<meta property=\"og:description\" content=\"Las hojas flash listas para usar de tatuajes temporales de Like Ink miden 195x140 mm y est\u00e1n llenas de los dise\u00f1os que ves en la imagen. Imprimimos y enviamos tu hoja con estos incre\u00edbles tatuajes dentro de las 24 horas posteriores a tu pedido. Los tatuajes se ven muy bien, son de alta calidad y son f\u00e1ciles de aplicar y quitar. Like Ink cumple con toda la normativa de la UE para productos cosm\u00e9ticos, por lo que puedes sentirte seguro al pedir tatuajes temporales con nosotros. Pide una hoja de tatuajes temporales en forma de flores Old School, dise\u00f1adas por el talentoso artista y tatuador Matte Bokis Esta hoja est\u00e1 dise\u00f1ada por el incre\u00edble tatuador Matte Bokis, un artista experimentado y muy popular con base en Estocolmo, Suecia. Es un placer poder ofrecer arte de este talentoso artista de graffiti y tatuaje.  Este es Matte Bokis: Soy un tatuador con base en Estocolmo. Estoy muy entusiasmado de crear dise\u00f1os flash para Like Ink, la mejor empresa de tatuajes temporales en Europa. Mi camino en el mundo del arte comenz\u00f3 en la escena del graffiti a principios de los a\u00f1os 90, y desde 2006 he estado profundamente involucrado en la comunidad del tatuaje.  Mi pasi\u00f3n est\u00e1 en el arte tradicional del tatuaje, pero siempre le doy mi propio toque \u00fanico. Crear y dise\u00f1ar tatuajes es un ritual diario para m\u00ed, y cada pieza que realizo es un reflejo de mi amor por esta forma de arte.  Espero que aprecies y disfrutes mi trabajo tanto como yo disfrut\u00e9 crearlo.  Un saludo  Matte Bokis  Ponte en contacto con Matte Bokis: Puedes encontrarme a m\u00ed y todos mis trabajos en redes sociales  Instagram: @mattebokis  Studio: Studio Merentis  Direcci\u00f3n: Studio Merentis, Stockholm\" \/>\n<meta property=\"og:url\" content=\"https:\/\/likeink.com\/es\/tatuaje-falso\/flores-old-school\/\" \/>\n<meta property=\"og:site_name\" content=\"Like ink\" \/>\n<meta property=\"article:publisher\" content=\"https:\/\/www.facebook.com\/LikeInkSe\" \/>\n<meta property=\"article:modified_time\" content=\"2026-04-24T09:08:14+00:00\" \/>\n<meta property=\"og:image\" content=\"https:\/\/likeink.com\/wp-content\/uploads\/2023\/10\/MatteBokis-Oldschool-flowers-web.jpg\" \/>\n\t<meta property=\"og:image:width\" content=\"1400\" \/>\n\t<meta property=\"og:image:height\" content=\"986\" \/>\n\t<meta property=\"og:image:type\" content=\"image\/jpeg\" \/>\n<meta name=\"twitter:card\" content=\"summary_large_image\" \/>\n<meta name=\"twitter:label1\" content=\"Tiempo de lectura\" \/>\n\t<meta name=\"twitter:data1\" content=\"1 minuto\" \/>\n<!-- \/ Yoast SEO Premium plugin. -->","yoast_head_json":{"title":"Flores Old School de Matte Bokis | Tatuajes Temporales - Like ink","description":"Flores Old School como tatuajes falsos desarrollados por el tatuador Matte Bokis. Entrega r\u00e1pida, buena calidad y env\u00edo gratuito! - Like ink","robots":{"index":"index","follow":"follow","max-snippet":"max-snippet:-1","max-image-preview":"max-image-preview:large","max-video-preview":"max-video-preview:-1"},"canonical":"https:\/\/likeink.com\/es\/tatuaje-falso\/flores-old-school\/","og_locale":"es_ES","og_type":"article","og_title":"Flash \"Flores Old School\" by Matte Bokis","og_description":"Las hojas flash listas para usar de tatuajes temporales de Like Ink miden 195x140 mm y est\u00e1n llenas de los dise\u00f1os que ves en la imagen. Imprimimos y enviamos tu hoja con estos incre\u00edbles tatuajes dentro de las 24 horas posteriores a tu pedido. Los tatuajes se ven muy bien, son de alta calidad y son f\u00e1ciles de aplicar y quitar. Like Ink cumple con toda la normativa de la UE para productos cosm\u00e9ticos, por lo que puedes sentirte seguro al pedir tatuajes temporales con nosotros. Pide una hoja de tatuajes temporales en forma de flores Old School, dise\u00f1adas por el talentoso artista y tatuador Matte Bokis Esta hoja est\u00e1 dise\u00f1ada por el incre\u00edble tatuador Matte Bokis, un artista experimentado y muy popular con base en Estocolmo, Suecia. Es un placer poder ofrecer arte de este talentoso artista de graffiti y tatuaje.  Este es Matte Bokis: Soy un tatuador con base en Estocolmo. Estoy muy entusiasmado de crear dise\u00f1os flash para Like Ink, la mejor empresa de tatuajes temporales en Europa. Mi camino en el mundo del arte comenz\u00f3 en la escena del graffiti a principios de los a\u00f1os 90, y desde 2006 he estado profundamente involucrado en la comunidad del tatuaje.  Mi pasi\u00f3n est\u00e1 en el arte tradicional del tatuaje, pero siempre le doy mi propio toque \u00fanico. Crear y dise\u00f1ar tatuajes es un ritual diario para m\u00ed, y cada pieza que realizo es un reflejo de mi amor por esta forma de arte.  Espero que aprecies y disfrutes mi trabajo tanto como yo disfrut\u00e9 crearlo.  Un saludo  Matte Bokis  Ponte en contacto con Matte Bokis: Puedes encontrarme a m\u00ed y todos mis trabajos en redes sociales  Instagram: @mattebokis  Studio: Studio Merentis  Direcci\u00f3n: Studio Merentis, Stockholm","og_url":"https:\/\/likeink.com\/es\/tatuaje-falso\/flores-old-school\/","og_site_name":"Like ink","article_publisher":"https:\/\/www.facebook.com\/LikeInkSe","article_modified_time":"2026-04-24T09:08:14+00:00","og_image":[{"width":1400,"height":986,"url":"https:\/\/likeink.com\/wp-content\/uploads\/2023\/10\/MatteBokis-Oldschool-flowers-web.jpg","type":"image\/jpeg"}],"twitter_card":"summary_large_image","twitter_misc":{"Tiempo de lectura":"1 minuto"},"schema":{"@context":"https:\/\/schema.org","@graph":[{"@type":"WebPage","@id":"https:\/\/likeink.com\/es\/tatuaje-falso\/flores-old-school\/","url":"https:\/\/likeink.com\/es\/tatuaje-falso\/flores-old-school\/","name":"Flores Old School de Matte Bokis | Tatuajes Temporales - Like ink","isPartOf":{"@id":"https:\/\/likeink.com\/es\/#website"},"primaryImageOfPage":{"@id":"https:\/\/likeink.com\/es\/tatuaje-falso\/flores-old-school\/#primaryimage"},"image":{"@id":"https:\/\/likeink.com\/es\/tatuaje-falso\/flores-old-school\/#primaryimage"},"thumbnailUrl":"https:\/\/likeink.com\/wp-content\/uploads\/2023\/10\/MatteBokis-Oldschool-flowers-web.jpg","datePublished":"2023-10-06T13:50:59+00:00","dateModified":"2026-04-24T09:08:14+00:00","description":"Flores Old School como tatuajes falsos desarrollados por el tatuador Matte Bokis. Entrega r\u00e1pida, buena calidad y env\u00edo gratuito! - Like ink","breadcrumb":{"@id":"https:\/\/likeink.com\/es\/tatuaje-falso\/flores-old-school\/#breadcrumb"},"inLanguage":"es","potentialAction":[{"@type":"ReadAction","target":["https:\/\/likeink.com\/es\/tatuaje-falso\/flores-old-school\/"]}]},{"@type":"ImageObject","inLanguage":"es","@id":"https:\/\/likeink.com\/es\/tatuaje-falso\/flores-old-school\/#primaryimage","url":"https:\/\/likeink.com\/wp-content\/uploads\/2023\/10\/MatteBokis-Oldschool-flowers-web.jpg","contentUrl":"https:\/\/likeink.com\/wp-content\/uploads\/2023\/10\/MatteBokis-Oldschool-flowers-web.jpg","width":1400,"height":986,"caption":"Serie de Like ink de tatuajes temporales con motivos florales cl\u00e1sicos al estilo Old School y un destacado coraz\u00f3n llorando."},{"@type":"BreadcrumbList","@id":"https:\/\/likeink.com\/es\/tatuaje-falso\/flores-old-school\/#breadcrumb","itemListElement":[{"@type":"ListItem","position":1,"name":"Hem","item":"https:\/\/likeink.com\/es\/"},{"@type":"ListItem","position":2,"name":"Shop","item":"https:\/\/likeink.com\/es\/shop\/"},{"@type":"ListItem","position":3,"name":"Flash &#8220;Flores Old School&#8221; by Matte Bokis"}]},{"@type":"WebSite","@id":"https:\/\/likeink.com\/es\/#website","url":"https:\/\/likeink.com\/es\/","name":"Like ink","description":"HAZ TUS PROPIOS TATUAJES TEMPORALES","potentialAction":[{"@type":"SearchAction","target":{"@type":"EntryPoint","urlTemplate":"https:\/\/likeink.com\/es\/?s={search_term_string}"},"query-input":{"@type":"PropertyValueSpecification","valueRequired":true,"valueName":"search_term_string"}}],"inLanguage":"es"}]}},"_links":{"self":[{"href":"https:\/\/likeink.com\/es\/wp-json\/wp\/v2\/product\/22091","targetHints":{"allow":["GET"]}}],"collection":[{"href":"https:\/\/likeink.com\/es\/wp-json\/wp\/v2\/product"}],"about":[{"href":"https:\/\/likeink.com\/es\/wp-json\/wp\/v2\/types\/product"}],"wp:featuredmedia":[{"embeddable":true,"href":"https:\/\/likeink.com\/es\/wp-json\/wp\/v2\/media\/21946"}],"wp:attachment":[{"href":"https:\/\/likeink.com\/es\/wp-json\/wp\/v2\/media?parent=22091"}],"wp:term":[{"taxonomy":"product_brand","embeddable":true,"href":"https:\/\/likeink.com\/es\/wp-json\/wp\/v2\/product_brand?post=22091"},{"taxonomy":"product_cat","embeddable":true,"href":"https:\/\/likeink.com\/es\/wp-json\/wp\/v2\/product_cat?post=22091"},{"taxonomy":"product_tag","embeddable":true,"href":"https:\/\/likeink.com\/es\/wp-json\/wp\/v2\/product_tag?post=22091"}],"curies":[{"name":"wp","href":"https:\/\/api.w.org\/{rel}","templated":true}]}}