{"id":22178,"date":"2023-10-09T12:12:00","date_gmt":"2023-10-09T12:12:00","guid":{"rendered":"https:\/\/likeink.se\/?post_type=product&#038;p=22178"},"modified":"2026-04-24T08:00:06","modified_gmt":"2026-04-24T08:00:06","slug":"im-lost-tatuajes","status":"publish","type":"product","link":"https:\/\/likeink.com\/es\/tatuaje-falso\/im-lost-tatuajes\/","title":{"rendered":"Flash &#8220;I&#8217;m lost Tatuajes&#8221; by Matte Bokis"},"content":{"rendered":"","protected":false},"excerpt":{"rendered":"<p>Las hojas listas para usar de tatuajes temporales de Like Ink miden 195&#215;140 mm y est\u00e1n llenas de los dise\u00f1os que ves en la imagen. Imprimimos y enviamos tu hoja con estos tatuajes incre\u00edbles dentro de las 24 horas posteriores a tu pedido. Los tatuajes se ven muy bien, son de alta calidad y son f\u00e1ciles de aplicar y quitar. Like Ink cumple con toda la legislaci\u00f3n de la UE para productos cosm\u00e9ticos, por lo que puedes sentirte seguro al pedir tatuajes temporales con nosotros.<\/p>\n<h2>Pide una hoja de tatuajes con los estilosos I&#8217;m lost tatuajes del tatuador Matte Bokis<\/h2>\n<p>Esta hoja est\u00e1 dise\u00f1ada por el incre\u00edble tatuador Matte Bokis, un artista experimentado y muy popular con base en Estocolmo, Suecia. Es un placer poder ofrecer arte de este talentoso artista de graffiti y tatuaje.<\/p>\n<p><strong>Este es Matte Bokis:<\/strong><br \/>\nSoy un tatuador con base en Estocolmo. Estoy muy entusiasmado de crear dise\u00f1os flash para Like Ink, la mejor empresa de tatuajes temporales en Europa. Mi camino en el mundo del arte comenz\u00f3 en la escena del graffiti a principios de los a\u00f1os 90, y desde 2006 he estado profundamente involucrado en la comunidad del tatuaje.<\/p>\n<p>Mi pasi\u00f3n est\u00e1 en el arte tradicional del tatuaje, pero siempre le doy mi propio toque \u00fanico. Crear y dise\u00f1ar tatuajes es un ritual diario para m\u00ed, y cada pieza que hago es un reflejo de mi amor por esta forma de arte.<\/p>\n<p>Espero que aprecies y disfrutes mi trabajo tanto como yo disfrut\u00e9 crearlo.<\/p>\n<p>Un saludo<\/p>\n<p>Matte Bokis<\/p>\n<p><strong>Ponte en contacto con Matte Bokis:<\/strong><br \/>\nPuedes encontrarme a m\u00ed y todos mis trabajos en redes sociales<\/p>\n<p><strong>Instagram:<\/strong><br \/>\n@mattebokis<\/p>\n<p><strong>Studio:<\/strong><br \/>\nStudio Merentis<\/p>\n<p><strong>Direcci\u00f3n:<\/strong><br \/>\nStudio Merentis, Stockholm<\/p>\n","protected":false},"featured_media":21974,"template":"","meta":[],"product_brand":[],"product_cat":[504,240,510],"product_tag":[],"class_list":{"0":"post-22178","1":"product","2":"type-product","3":"status-publish","4":"has-post-thumbnail","6":"product_cat-colaboraciones-con-tatuadores","7":"product_cat-hojas-pre-disenadas","8":"product_cat-old-school-retro-es","10":"first","11":"instock","12":"taxable","13":"shipping-taxable","14":"purchasable","15":"product-type-simple"},"yoast_head":"<!-- This site is optimized with the Yoast SEO Premium plugin v26.2 (Yoast SEO v27.4) - https:\/\/yoast.com\/product\/yoast-seo-premium-wordpress\/ -->\n<title>I&#039;m lost Tatuajes | Tatuaje falso de buena calidad - Like ink<\/title>\n<meta name=\"description\" content=\"I&#039;m lost Tatuajes dibujados por el tatuador Matte Bokis. Elegantes tatuajes con un ojo, globo terr\u00e1queo y lobo. Env\u00edo gratuito - Like ink\" \/>\n<meta name=\"robots\" content=\"index, follow, max-snippet:-1, max-image-preview:large, max-video-preview:-1\" \/>\n<link rel=\"canonical\" href=\"https:\/\/likeink.com\/es\/tatuaje-falso\/im-lost-tatuajes\/\" \/>\n<meta property=\"og:locale\" content=\"es_ES\" \/>\n<meta property=\"og:type\" content=\"article\" \/>\n<meta property=\"og:title\" content=\"Flash &quot;I&#039;m lost Tatuajes&quot; by Matte Bokis\" \/>\n<meta property=\"og:description\" content=\"Las hojas listas para usar de tatuajes temporales de Like Ink miden 195x140 mm y est\u00e1n llenas de los dise\u00f1os que ves en la imagen. Imprimimos y enviamos tu hoja con estos tatuajes incre\u00edbles dentro de las 24 horas posteriores a tu pedido. Los tatuajes se ven muy bien, son de alta calidad y son f\u00e1ciles de aplicar y quitar. Like Ink cumple con toda la legislaci\u00f3n de la UE para productos cosm\u00e9ticos, por lo que puedes sentirte seguro al pedir tatuajes temporales con nosotros. Pide una hoja de tatuajes con los estilosos I&#039;m lost tatuajes del tatuador Matte Bokis Esta hoja est\u00e1 dise\u00f1ada por el incre\u00edble tatuador Matte Bokis, un artista experimentado y muy popular con base en Estocolmo, Suecia. Es un placer poder ofrecer arte de este talentoso artista de graffiti y tatuaje.  Este es Matte Bokis: Soy un tatuador con base en Estocolmo. Estoy muy entusiasmado de crear dise\u00f1os flash para Like Ink, la mejor empresa de tatuajes temporales en Europa. Mi camino en el mundo del arte comenz\u00f3 en la escena del graffiti a principios de los a\u00f1os 90, y desde 2006 he estado profundamente involucrado en la comunidad del tatuaje.  Mi pasi\u00f3n est\u00e1 en el arte tradicional del tatuaje, pero siempre le doy mi propio toque \u00fanico. Crear y dise\u00f1ar tatuajes es un ritual diario para m\u00ed, y cada pieza que hago es un reflejo de mi amor por esta forma de arte.  Espero que aprecies y disfrutes mi trabajo tanto como yo disfrut\u00e9 crearlo.  Un saludo  Matte Bokis  Ponte en contacto con Matte Bokis: Puedes encontrarme a m\u00ed y todos mis trabajos en redes sociales  Instagram: @mattebokis  Studio: Studio Merentis  Direcci\u00f3n: Studio Merentis, Stockholm\" \/>\n<meta property=\"og:url\" content=\"https:\/\/likeink.com\/es\/tatuaje-falso\/im-lost-tatuajes\/\" \/>\n<meta property=\"og:site_name\" content=\"Like ink\" \/>\n<meta property=\"article:publisher\" content=\"https:\/\/www.facebook.com\/LikeInkSe\" \/>\n<meta property=\"article:modified_time\" content=\"2026-04-24T08:00:06+00:00\" \/>\n<meta property=\"og:image\" content=\"https:\/\/likeink.com\/wp-content\/uploads\/2023\/10\/MatteBokis-JustLost-Tattoos-Likeink-web.jpg\" \/>\n\t<meta property=\"og:image:width\" content=\"1400\" \/>\n\t<meta property=\"og:image:height\" content=\"986\" \/>\n\t<meta property=\"og:image:type\" content=\"image\/jpeg\" \/>\n<meta name=\"twitter:card\" content=\"summary_large_image\" \/>\n<meta name=\"twitter:label1\" content=\"Tiempo de lectura\" \/>\n\t<meta name=\"twitter:data1\" content=\"1 minuto\" \/>\n<!-- \/ Yoast SEO Premium plugin. -->","yoast_head_json":{"title":"I'm lost Tatuajes | Tatuaje falso de buena calidad - Like ink","description":"I'm lost Tatuajes dibujados por el tatuador Matte Bokis. Elegantes tatuajes con un ojo, globo terr\u00e1queo y lobo. Env\u00edo gratuito - Like ink","robots":{"index":"index","follow":"follow","max-snippet":"max-snippet:-1","max-image-preview":"max-image-preview:large","max-video-preview":"max-video-preview:-1"},"canonical":"https:\/\/likeink.com\/es\/tatuaje-falso\/im-lost-tatuajes\/","og_locale":"es_ES","og_type":"article","og_title":"Flash \"I'm lost Tatuajes\" by Matte Bokis","og_description":"Las hojas listas para usar de tatuajes temporales de Like Ink miden 195x140 mm y est\u00e1n llenas de los dise\u00f1os que ves en la imagen. Imprimimos y enviamos tu hoja con estos tatuajes incre\u00edbles dentro de las 24 horas posteriores a tu pedido. Los tatuajes se ven muy bien, son de alta calidad y son f\u00e1ciles de aplicar y quitar. Like Ink cumple con toda la legislaci\u00f3n de la UE para productos cosm\u00e9ticos, por lo que puedes sentirte seguro al pedir tatuajes temporales con nosotros. Pide una hoja de tatuajes con los estilosos I'm lost tatuajes del tatuador Matte Bokis Esta hoja est\u00e1 dise\u00f1ada por el incre\u00edble tatuador Matte Bokis, un artista experimentado y muy popular con base en Estocolmo, Suecia. Es un placer poder ofrecer arte de este talentoso artista de graffiti y tatuaje.  Este es Matte Bokis: Soy un tatuador con base en Estocolmo. Estoy muy entusiasmado de crear dise\u00f1os flash para Like Ink, la mejor empresa de tatuajes temporales en Europa. Mi camino en el mundo del arte comenz\u00f3 en la escena del graffiti a principios de los a\u00f1os 90, y desde 2006 he estado profundamente involucrado en la comunidad del tatuaje.  Mi pasi\u00f3n est\u00e1 en el arte tradicional del tatuaje, pero siempre le doy mi propio toque \u00fanico. Crear y dise\u00f1ar tatuajes es un ritual diario para m\u00ed, y cada pieza que hago es un reflejo de mi amor por esta forma de arte.  Espero que aprecies y disfrutes mi trabajo tanto como yo disfrut\u00e9 crearlo.  Un saludo  Matte Bokis  Ponte en contacto con Matte Bokis: Puedes encontrarme a m\u00ed y todos mis trabajos en redes sociales  Instagram: @mattebokis  Studio: Studio Merentis  Direcci\u00f3n: Studio Merentis, Stockholm","og_url":"https:\/\/likeink.com\/es\/tatuaje-falso\/im-lost-tatuajes\/","og_site_name":"Like ink","article_publisher":"https:\/\/www.facebook.com\/LikeInkSe","article_modified_time":"2026-04-24T08:00:06+00:00","og_image":[{"width":1400,"height":986,"url":"https:\/\/likeink.com\/wp-content\/uploads\/2023\/10\/MatteBokis-JustLost-Tattoos-Likeink-web.jpg","type":"image\/jpeg"}],"twitter_card":"summary_large_image","twitter_misc":{"Tiempo de lectura":"1 minuto"},"schema":{"@context":"https:\/\/schema.org","@graph":[{"@type":"WebPage","@id":"https:\/\/likeink.com\/es\/tatuaje-falso\/im-lost-tatuajes\/","url":"https:\/\/likeink.com\/es\/tatuaje-falso\/im-lost-tatuajes\/","name":"I'm lost Tatuajes | Tatuaje falso de buena calidad - Like ink","isPartOf":{"@id":"https:\/\/likeink.com\/es\/#website"},"primaryImageOfPage":{"@id":"https:\/\/likeink.com\/es\/tatuaje-falso\/im-lost-tatuajes\/#primaryimage"},"image":{"@id":"https:\/\/likeink.com\/es\/tatuaje-falso\/im-lost-tatuajes\/#primaryimage"},"thumbnailUrl":"https:\/\/likeink.com\/wp-content\/uploads\/2023\/10\/MatteBokis-JustLost-Tattoos-Likeink-web.jpg","datePublished":"2023-10-09T12:12:00+00:00","dateModified":"2026-04-24T08:00:06+00:00","description":"I'm lost Tatuajes dibujados por el tatuador Matte Bokis. Elegantes tatuajes con un ojo, globo terr\u00e1queo y lobo. Env\u00edo gratuito - Like ink","breadcrumb":{"@id":"https:\/\/likeink.com\/es\/tatuaje-falso\/im-lost-tatuajes\/#breadcrumb"},"inLanguage":"es","potentialAction":[{"@type":"ReadAction","target":["https:\/\/likeink.com\/es\/tatuaje-falso\/im-lost-tatuajes\/"]}]},{"@type":"ImageObject","inLanguage":"es","@id":"https:\/\/likeink.com\/es\/tatuaje-falso\/im-lost-tatuajes\/#primaryimage","url":"https:\/\/likeink.com\/wp-content\/uploads\/2023\/10\/MatteBokis-JustLost-Tattoos-Likeink-web.jpg","contentUrl":"https:\/\/likeink.com\/wp-content\/uploads\/2023\/10\/MatteBokis-JustLost-Tattoos-Likeink-web.jpg","width":1400,"height":986,"caption":"Old school fejktatueringsserie med en lysande jordglob, den uttrycksfulla texten \"just lost\" och en majest\u00e4tisk varg."},{"@type":"BreadcrumbList","@id":"https:\/\/likeink.com\/es\/tatuaje-falso\/im-lost-tatuajes\/#breadcrumb","itemListElement":[{"@type":"ListItem","position":1,"name":"Hem","item":"https:\/\/likeink.com\/es\/"},{"@type":"ListItem","position":2,"name":"Shop","item":"https:\/\/likeink.com\/es\/shop\/"},{"@type":"ListItem","position":3,"name":"Flash &#8220;I&#8217;m lost Tatuajes&#8221; by Matte Bokis"}]},{"@type":"WebSite","@id":"https:\/\/likeink.com\/es\/#website","url":"https:\/\/likeink.com\/es\/","name":"Like ink","description":"HAZ TUS PROPIOS TATUAJES TEMPORALES","potentialAction":[{"@type":"SearchAction","target":{"@type":"EntryPoint","urlTemplate":"https:\/\/likeink.com\/es\/?s={search_term_string}"},"query-input":{"@type":"PropertyValueSpecification","valueRequired":true,"valueName":"search_term_string"}}],"inLanguage":"es"}]}},"_links":{"self":[{"href":"https:\/\/likeink.com\/es\/wp-json\/wp\/v2\/product\/22178","targetHints":{"allow":["GET"]}}],"collection":[{"href":"https:\/\/likeink.com\/es\/wp-json\/wp\/v2\/product"}],"about":[{"href":"https:\/\/likeink.com\/es\/wp-json\/wp\/v2\/types\/product"}],"wp:featuredmedia":[{"embeddable":true,"href":"https:\/\/likeink.com\/es\/wp-json\/wp\/v2\/media\/21974"}],"wp:attachment":[{"href":"https:\/\/likeink.com\/es\/wp-json\/wp\/v2\/media?parent=22178"}],"wp:term":[{"taxonomy":"product_brand","embeddable":true,"href":"https:\/\/likeink.com\/es\/wp-json\/wp\/v2\/product_brand?post=22178"},{"taxonomy":"product_cat","embeddable":true,"href":"https:\/\/likeink.com\/es\/wp-json\/wp\/v2\/product_cat?post=22178"},{"taxonomy":"product_tag","embeddable":true,"href":"https:\/\/likeink.com\/es\/wp-json\/wp\/v2\/product_tag?post=22178"}],"curies":[{"name":"wp","href":"https:\/\/api.w.org\/{rel}","templated":true}]}}