{"id":24213,"date":"2024-01-11T21:30:58","date_gmt":"2024-01-11T21:30:58","guid":{"rendered":"https:\/\/likeink.se\/gnuggis\/tatueringar-kvinnor-angieart\/"},"modified":"2024-02-14T16:22:04","modified_gmt":"2024-02-14T16:22:04","slug":"tatuajes-para-mujeres","status":"publish","type":"product","link":"https:\/\/likeink.com\/es\/tatuaje-falso\/tatuajes-para-mujeres\/","title":{"rendered":"Tatuajes &#8216;Mujeres Coloridas&#8217; de Angie Art"},"content":{"rendered":"","protected":false},"excerpt":{"rendered":"<p>Experimenta la belleza del mundo art\u00edstico de Angie Art con nuestra exclusiva hoja A5 llena de seis tatuajes temporales \u00fanicos de mujeres. Esta colecci\u00f3n seleccionada de ilustraciones muestra vibrantes tatuajes de mujeres, cada uno una obra de arte \u00fanica creada por la talentosa Angie Art. Perfecto para aquellos que quieren expresar su lado creativo o experimentar con una obra de arte temporal en su piel. Insp\u00edrate y transforma tu piel en una galer\u00eda m\u00f3vil con estos llamativos tatuajes falsos de Like ink.<\/p>\n<h2>Pide tatuajes temporales de mujeres art\u00edsticamente dibujadas y lleva arte en tu piel en forma de un lienzo de tatuaje temporal.<\/h2>\n<p><strong>Sobre Angelina:<\/strong> Una artista apasionada de Estocolmo.<br \/>\nSiempre ha sido creativa, proviene de una familia creativa donde siempre se ha fomentado el color y la forma.<br \/>\nCon una trayectoria como peluquera y luego muchos a\u00f1os trabajando en la industria financiera, Angelina encontr\u00f3 una forma fant\u00e1stica de relajarse por las noches &#8211; a trav\u00e9s de la pintura.<br \/>\nR\u00e1pidamente construy\u00f3 una gran cartera de arte y poco despu\u00e9s, inici\u00f3 una empresa, lanz\u00f3 tres colecciones y comenz\u00f3 a vender m\u00e1s extensivamente durante 2022 y 2023.<br \/>\nAhora est\u00e1 viviendo su sue\u00f1o con un pie todav\u00eda en la industria financiera y el otro en el mundo del arte.<br \/>\nHoy en d\u00eda, ella pinta y lanza colecciones de productos como bandejas, almohadas y posavasos que se venden en tiendas de todo el pa\u00eds, y ahora, finalmente, su arte est\u00e1 disponible como tatuajes con nosotros en Like ink.<\/p>\n<p>Su arte es abstracto, colorido y a menudo presenta desnudez con un enfoque en las mujeres. Es una interpretaci\u00f3n de la fuerza y la pasi\u00f3n, y para Angelina, es importante transmitir alegr\u00eda y positividad en su arte.<br \/>\nLa mayor\u00eda reconoce el arte de Angelina por los labios en forma de coraz\u00f3n que aparecen en muchas de sus pinturas.<br \/>\nAngelina a menudo obtiene su inspiraci\u00f3n de ambientes cotidianos y las impresiones de los \u00faltimos d\u00edas justo all\u00ed y entonces.<\/p>\n<p><strong>Contacto:<\/strong><br \/>\nSe planifican m\u00e1s proyectos y colaboraciones para los pr\u00f3ximos a\u00f1os, as\u00ed que sigue el viaje de Angelina!<br \/>\n@angieart.se<\/p>\n<p><strong>Tama\u00f1o de la hoja:<\/strong> A5<br \/>\n<strong>Tama\u00f1o del tatuaje:<\/strong> 6-7 cm<\/p>\n","protected":false},"featured_media":24155,"template":"","meta":[],"product_brand":[],"product_cat":[504,240],"product_tag":[],"class_list":{"0":"post-24213","1":"product","2":"type-product","3":"status-publish","4":"has-post-thumbnail","6":"product_cat-colaboraciones-con-tatuadores","7":"product_cat-hojas-pre-disenadas","9":"first","10":"instock","11":"taxable","12":"shipping-taxable","13":"purchasable","14":"product-type-simple"},"yoast_head":"<!-- This site is optimized with the Yoast SEO Premium plugin v26.2 (Yoast SEO v27.5) - https:\/\/yoast.com\/product\/yoast-seo-premium-wordpress\/ -->\n<title>Tatuajes para Mujeres: Tatuajes vibrantes de la artista Angie Art - Like ink<\/title>\n<meta name=\"description\" content=\"Tatuajes para Mujeres: Convi\u00e9rtete en una galer\u00eda ambulante con estos tatuajes temporales art\u00edsticamente ilustrados. Entrega r\u00e1pida - Like ink\" \/>\n<meta name=\"robots\" content=\"index, follow, max-snippet:-1, max-image-preview:large, max-video-preview:-1\" \/>\n<link rel=\"canonical\" href=\"https:\/\/likeink.com\/es\/tatuaje-falso\/tatuajes-para-mujeres\/\" \/>\n<meta property=\"og:locale\" content=\"es_ES\" \/>\n<meta property=\"og:type\" content=\"article\" \/>\n<meta property=\"og:title\" content=\"Tatuajes &#039;Mujeres Coloridas&#039; de Angie Art\" \/>\n<meta property=\"og:description\" content=\"Experimenta la belleza del mundo art\u00edstico de Angie Art con nuestra exclusiva hoja A5 llena de seis tatuajes temporales \u00fanicos de mujeres. Esta colecci\u00f3n seleccionada de ilustraciones muestra vibrantes tatuajes de mujeres, cada uno una obra de arte \u00fanica creada por la talentosa Angie Art. Perfecto para aquellos que quieren expresar su lado creativo o experimentar con una obra de arte temporal en su piel. Insp\u00edrate y transforma tu piel en una galer\u00eda m\u00f3vil con estos llamativos tatuajes falsos de Like ink. Pide tatuajes temporales de mujeres art\u00edsticamente dibujadas y lleva arte en tu piel en forma de un lienzo de tatuaje temporal. Sobre Angelina: Una artista apasionada de Estocolmo. Siempre ha sido creativa, proviene de una familia creativa donde siempre se ha fomentado el color y la forma. Con una trayectoria como peluquera y luego muchos a\u00f1os trabajando en la industria financiera, Angelina encontr\u00f3 una forma fant\u00e1stica de relajarse por las noches - a trav\u00e9s de la pintura. R\u00e1pidamente construy\u00f3 una gran cartera de arte y poco despu\u00e9s, inici\u00f3 una empresa, lanz\u00f3 tres colecciones y comenz\u00f3 a vender m\u00e1s extensivamente durante 2022 y 2023. Ahora est\u00e1 viviendo su sue\u00f1o con un pie todav\u00eda en la industria financiera y el otro en el mundo del arte. Hoy en d\u00eda, ella pinta y lanza colecciones de productos como bandejas, almohadas y posavasos que se venden en tiendas de todo el pa\u00eds, y ahora, finalmente, su arte est\u00e1 disponible como tatuajes con nosotros en Like ink.  Su arte es abstracto, colorido y a menudo presenta desnudez con un enfoque en las mujeres. Es una interpretaci\u00f3n de la fuerza y la pasi\u00f3n, y para Angelina, es importante transmitir alegr\u00eda y positividad en su arte. La mayor\u00eda reconoce el arte de Angelina por los labios en forma de coraz\u00f3n que aparecen en muchas de sus pinturas. Angelina a menudo obtiene su inspiraci\u00f3n de ambientes cotidianos y las impresiones de los \u00faltimos d\u00edas justo all\u00ed y entonces.  Contacto: Se planifican m\u00e1s proyectos y colaboraciones para los pr\u00f3ximos a\u00f1os, as\u00ed que sigue el viaje de Angelina! @angieart.se  Tama\u00f1o de la hoja: A5 Tama\u00f1o del tatuaje: 6-7 cm\" \/>\n<meta property=\"og:url\" content=\"https:\/\/likeink.com\/es\/tatuaje-falso\/tatuajes-para-mujeres\/\" \/>\n<meta property=\"og:site_name\" content=\"Like ink\" \/>\n<meta property=\"article:publisher\" content=\"https:\/\/www.facebook.com\/LikeInkSe\" \/>\n<meta property=\"article:modified_time\" content=\"2024-02-14T16:22:04+00:00\" \/>\n<meta property=\"og:image\" content=\"https:\/\/likeink.com\/wp-content\/uploads\/2024\/01\/AngieArt-Woman-Likeink.jpg\" \/>\n\t<meta property=\"og:image:width\" content=\"1702\" \/>\n\t<meta property=\"og:image:height\" content=\"1200\" \/>\n\t<meta property=\"og:image:type\" content=\"image\/jpeg\" \/>\n<meta name=\"twitter:card\" content=\"summary_large_image\" \/>\n<meta name=\"twitter:label1\" content=\"Tiempo de lectura\" \/>\n\t<meta name=\"twitter:data1\" content=\"1 minuto\" \/>\n<!-- \/ Yoast SEO Premium plugin. -->","yoast_head_json":{"title":"Tatuajes para Mujeres: Tatuajes vibrantes de la artista Angie Art - Like ink","description":"Tatuajes para Mujeres: Convi\u00e9rtete en una galer\u00eda ambulante con estos tatuajes temporales art\u00edsticamente ilustrados. Entrega r\u00e1pida - Like ink","robots":{"index":"index","follow":"follow","max-snippet":"max-snippet:-1","max-image-preview":"max-image-preview:large","max-video-preview":"max-video-preview:-1"},"canonical":"https:\/\/likeink.com\/es\/tatuaje-falso\/tatuajes-para-mujeres\/","og_locale":"es_ES","og_type":"article","og_title":"Tatuajes 'Mujeres Coloridas' de Angie Art","og_description":"Experimenta la belleza del mundo art\u00edstico de Angie Art con nuestra exclusiva hoja A5 llena de seis tatuajes temporales \u00fanicos de mujeres. Esta colecci\u00f3n seleccionada de ilustraciones muestra vibrantes tatuajes de mujeres, cada uno una obra de arte \u00fanica creada por la talentosa Angie Art. Perfecto para aquellos que quieren expresar su lado creativo o experimentar con una obra de arte temporal en su piel. Insp\u00edrate y transforma tu piel en una galer\u00eda m\u00f3vil con estos llamativos tatuajes falsos de Like ink. Pide tatuajes temporales de mujeres art\u00edsticamente dibujadas y lleva arte en tu piel en forma de un lienzo de tatuaje temporal. Sobre Angelina: Una artista apasionada de Estocolmo. Siempre ha sido creativa, proviene de una familia creativa donde siempre se ha fomentado el color y la forma. Con una trayectoria como peluquera y luego muchos a\u00f1os trabajando en la industria financiera, Angelina encontr\u00f3 una forma fant\u00e1stica de relajarse por las noches - a trav\u00e9s de la pintura. R\u00e1pidamente construy\u00f3 una gran cartera de arte y poco despu\u00e9s, inici\u00f3 una empresa, lanz\u00f3 tres colecciones y comenz\u00f3 a vender m\u00e1s extensivamente durante 2022 y 2023. Ahora est\u00e1 viviendo su sue\u00f1o con un pie todav\u00eda en la industria financiera y el otro en el mundo del arte. Hoy en d\u00eda, ella pinta y lanza colecciones de productos como bandejas, almohadas y posavasos que se venden en tiendas de todo el pa\u00eds, y ahora, finalmente, su arte est\u00e1 disponible como tatuajes con nosotros en Like ink.  Su arte es abstracto, colorido y a menudo presenta desnudez con un enfoque en las mujeres. Es una interpretaci\u00f3n de la fuerza y la pasi\u00f3n, y para Angelina, es importante transmitir alegr\u00eda y positividad en su arte. La mayor\u00eda reconoce el arte de Angelina por los labios en forma de coraz\u00f3n que aparecen en muchas de sus pinturas. Angelina a menudo obtiene su inspiraci\u00f3n de ambientes cotidianos y las impresiones de los \u00faltimos d\u00edas justo all\u00ed y entonces.  Contacto: Se planifican m\u00e1s proyectos y colaboraciones para los pr\u00f3ximos a\u00f1os, as\u00ed que sigue el viaje de Angelina! @angieart.se  Tama\u00f1o de la hoja: A5 Tama\u00f1o del tatuaje: 6-7 cm","og_url":"https:\/\/likeink.com\/es\/tatuaje-falso\/tatuajes-para-mujeres\/","og_site_name":"Like ink","article_publisher":"https:\/\/www.facebook.com\/LikeInkSe","article_modified_time":"2024-02-14T16:22:04+00:00","og_image":[{"width":1702,"height":1200,"url":"https:\/\/likeink.com\/wp-content\/uploads\/2024\/01\/AngieArt-Woman-Likeink.jpg","type":"image\/jpeg"}],"twitter_card":"summary_large_image","twitter_misc":{"Tiempo de lectura":"1 minuto"},"schema":{"@context":"https:\/\/schema.org","@graph":[{"@type":"WebPage","@id":"https:\/\/likeink.com\/es\/tatuaje-falso\/tatuajes-para-mujeres\/","url":"https:\/\/likeink.com\/es\/tatuaje-falso\/tatuajes-para-mujeres\/","name":"Tatuajes para Mujeres: Tatuajes vibrantes de la artista Angie Art - Like ink","isPartOf":{"@id":"https:\/\/likeink.com\/es\/#website"},"primaryImageOfPage":{"@id":"https:\/\/likeink.com\/es\/tatuaje-falso\/tatuajes-para-mujeres\/#primaryimage"},"image":{"@id":"https:\/\/likeink.com\/es\/tatuaje-falso\/tatuajes-para-mujeres\/#primaryimage"},"thumbnailUrl":"https:\/\/likeink.com\/wp-content\/uploads\/2024\/01\/AngieArt-Woman-Likeink.jpg","datePublished":"2024-01-11T21:30:58+00:00","dateModified":"2024-02-14T16:22:04+00:00","description":"Tatuajes para Mujeres: Convi\u00e9rtete en una galer\u00eda ambulante con estos tatuajes temporales art\u00edsticamente ilustrados. Entrega r\u00e1pida - Like ink","breadcrumb":{"@id":"https:\/\/likeink.com\/es\/tatuaje-falso\/tatuajes-para-mujeres\/#breadcrumb"},"inLanguage":"es","potentialAction":[{"@type":"ReadAction","target":["https:\/\/likeink.com\/es\/tatuaje-falso\/tatuajes-para-mujeres\/"]}]},{"@type":"ImageObject","inLanguage":"es","@id":"https:\/\/likeink.com\/es\/tatuaje-falso\/tatuajes-para-mujeres\/#primaryimage","url":"https:\/\/likeink.com\/wp-content\/uploads\/2024\/01\/AngieArt-Woman-Likeink.jpg","contentUrl":"https:\/\/likeink.com\/wp-content\/uploads\/2024\/01\/AngieArt-Woman-Likeink.jpg","width":1702,"height":1200,"caption":"Colecci\u00f3n de motivos femeninos abstractos en tatuajes falsos de Like ink \u2013 Creados por Angie Art, Angelina Morsi."},{"@type":"BreadcrumbList","@id":"https:\/\/likeink.com\/es\/tatuaje-falso\/tatuajes-para-mujeres\/#breadcrumb","itemListElement":[{"@type":"ListItem","position":1,"name":"Hem","item":"https:\/\/likeink.com\/es\/"},{"@type":"ListItem","position":2,"name":"Shop","item":"https:\/\/likeink.com\/es\/shop\/"},{"@type":"ListItem","position":3,"name":"Tatuajes &#8216;Mujeres Coloridas&#8217; de Angie Art"}]},{"@type":"WebSite","@id":"https:\/\/likeink.com\/es\/#website","url":"https:\/\/likeink.com\/es\/","name":"Like ink","description":"HAZ TUS PROPIOS TATUAJES TEMPORALES","potentialAction":[{"@type":"SearchAction","target":{"@type":"EntryPoint","urlTemplate":"https:\/\/likeink.com\/es\/?s={search_term_string}"},"query-input":{"@type":"PropertyValueSpecification","valueRequired":true,"valueName":"search_term_string"}}],"inLanguage":"es"}]}},"_links":{"self":[{"href":"https:\/\/likeink.com\/es\/wp-json\/wp\/v2\/product\/24213","targetHints":{"allow":["GET"]}}],"collection":[{"href":"https:\/\/likeink.com\/es\/wp-json\/wp\/v2\/product"}],"about":[{"href":"https:\/\/likeink.com\/es\/wp-json\/wp\/v2\/types\/product"}],"wp:featuredmedia":[{"embeddable":true,"href":"https:\/\/likeink.com\/es\/wp-json\/wp\/v2\/media\/24155"}],"wp:attachment":[{"href":"https:\/\/likeink.com\/es\/wp-json\/wp\/v2\/media?parent=24213"}],"wp:term":[{"taxonomy":"product_brand","embeddable":true,"href":"https:\/\/likeink.com\/es\/wp-json\/wp\/v2\/product_brand?post=24213"},{"taxonomy":"product_cat","embeddable":true,"href":"https:\/\/likeink.com\/es\/wp-json\/wp\/v2\/product_cat?post=24213"},{"taxonomy":"product_tag","embeddable":true,"href":"https:\/\/likeink.com\/es\/wp-json\/wp\/v2\/product_tag?post=24213"}],"curies":[{"name":"wp","href":"https:\/\/api.w.org\/{rel}","templated":true}]}}