{"id":26773,"date":"2024-04-29T14:43:15","date_gmt":"2024-04-29T14:43:15","guid":{"rendered":"https:\/\/likeink.se\/gnuggis\/taylor-swift-midlertidige-tatoveringer\/"},"modified":"2026-03-16T21:39:48","modified_gmt":"2026-03-16T21:39:48","slug":"tatuajes-temporales-de-taylor-swift-en-hoja-a5","status":"publish","type":"product","link":"https:\/\/likeink.com\/es\/tatuaje-falso\/tatuajes-temporales-de-taylor-swift-en-hoja-a5\/","title":{"rendered":"Tatuajes Temporales de Taylor Swift"},"content":{"rendered":"","protected":false},"excerpt":{"rendered":"<p>Tatuajes de Taylor Swift:<br \/>\n\u00bfEst\u00e1s listo para mostrar tu esp\u00edritu Swiftie en el pr\u00f3ximo concierto o reuni\u00f3n de Taylor Swift? Estos tatuajes no solo son una manera divertida de expresar tu amor por Taylor, sino tambi\u00e9n el accesorio perfecto para iluminar conciertos y encuentros de fans.<\/p>\n<h2>Compra Tatuajes Temporales de Taylor Swift de alta calidad y disfruta de una entrega r\u00e1pida.<\/h2>\n<p>Nuestros dise\u00f1os est\u00e1n cuidadosamente creados por un verdadero Swiftie y un cliente fiel de Like ink, asegurando que cada tatuaje refleje el estilo ic\u00f3nico y la era de Taylor Swift. Desde referencias nost\u00e1lgicas a los \u00e1lbumes de Taylor como &#8217;13&#8217; y &#8216;1989&#8217; hasta s\u00edmbolos que representan a Taylor, hay algo para cada fan. El dise\u00f1o &#8217;13&#8217; est\u00e1 pensado para colocarse en la mano, lo que lo convierte en un homenaje sutil pero significativo a tu artista favorito.<\/p>\n<p>Nuestros tatuajes son f\u00e1ciles de aplicar y se mantienen bellos durante toda tu experiencia en el concierto o aventuras diarias. Los tatuajes son seguros, hipoalerg\u00e9nicos y f\u00e1ciles de remover, lo que los convierte en una manera libre de preocupaciones de a\u00f1adir un poco de estilo Swift a tu look.<\/p>\n<p><strong>Tama\u00f1o de la hoja:<\/strong> A5<br \/>\n<strong>N\u00famero de Tatuajes:<\/strong> 19<br \/>\n<strong>Tama\u00f1o del Tatuaje &#8217;13&#8217;:<\/strong> 45mm<\/p>\n","protected":false},"featured_media":26655,"template":"","meta":[],"product_brand":[],"product_cat":[517,240],"product_tag":[],"class_list":{"0":"post-26773","1":"product","2":"type-product","3":"status-publish","4":"has-post-thumbnail","6":"product_cat-disfraz-temporada","7":"product_cat-hojas-pre-disenadas","9":"first","10":"instock","11":"taxable","12":"shipping-taxable","13":"purchasable","14":"product-type-simple"},"yoast_head":"<!-- This site is optimized with the Yoast SEO Premium plugin v26.2 (Yoast SEO v27.5) - https:\/\/yoast.com\/product\/yoast-seo-premium-wordpress\/ -->\n<title>Tatuajes Temporales de Taylor Swift - Like ink<\/title>\n<meta name=\"description\" content=\"Tatuajes Temporales de Taylor Swift en Hoja A5Indispensable en los conciertos de Taylor para cualquier Swiftie! Entrega r\u00e1pida y de gran calidad. - Like ink\" \/>\n<meta name=\"robots\" content=\"index, follow, max-snippet:-1, max-image-preview:large, max-video-preview:-1\" \/>\n<link rel=\"canonical\" href=\"https:\/\/likeink.com\/es\/tatuaje-falso\/tatuajes-temporales-de-taylor-swift-en-hoja-a5\/\" \/>\n<meta property=\"og:locale\" content=\"es_ES\" \/>\n<meta property=\"og:type\" content=\"article\" \/>\n<meta property=\"og:title\" content=\"Tatuajes Temporales de Taylor Swift\" \/>\n<meta property=\"og:description\" content=\"Tatuajes de Taylor Swift: \u00bfEst\u00e1s listo para mostrar tu esp\u00edritu Swiftie en el pr\u00f3ximo concierto o reuni\u00f3n de Taylor Swift? Estos tatuajes no solo son una manera divertida de expresar tu amor por Taylor, sino tambi\u00e9n el accesorio perfecto para iluminar conciertos y encuentros de fans.  Compra Tatuajes Temporales de Taylor Swift de alta calidad y disfruta de una entrega r\u00e1pida. Nuestros dise\u00f1os est\u00e1n cuidadosamente creados por un verdadero Swiftie y un cliente fiel de Like ink, asegurando que cada tatuaje refleje el estilo ic\u00f3nico y la era de Taylor Swift. Desde referencias nost\u00e1lgicas a los \u00e1lbumes de Taylor como &#039;13&#039; y &#039;1989&#039; hasta s\u00edmbolos que representan a Taylor, hay algo para cada fan. El dise\u00f1o &#039;13&#039; est\u00e1 pensado para colocarse en la mano, lo que lo convierte en un homenaje sutil pero significativo a tu artista favorito.  Nuestros tatuajes son f\u00e1ciles de aplicar y se mantienen bellos durante toda tu experiencia en el concierto o aventuras diarias. Los tatuajes son seguros, hipoalerg\u00e9nicos y f\u00e1ciles de remover, lo que los convierte en una manera libre de preocupaciones de a\u00f1adir un poco de estilo Swift a tu look.  Tama\u00f1o de la hoja: A5 N\u00famero de Tatuajes: 19 Tama\u00f1o del Tatuaje &#039;13&#039;: 45mm\" \/>\n<meta property=\"og:url\" content=\"https:\/\/likeink.com\/es\/tatuaje-falso\/tatuajes-temporales-de-taylor-swift-en-hoja-a5\/\" \/>\n<meta property=\"og:site_name\" content=\"Like ink\" \/>\n<meta property=\"article:publisher\" content=\"https:\/\/www.facebook.com\/LikeInkSe\" \/>\n<meta property=\"article:modified_time\" content=\"2026-03-16T21:39:48+00:00\" \/>\n<meta property=\"og:image\" content=\"https:\/\/likeink.com\/wp-content\/uploads\/2024\/04\/Tailor-Swift-TemporaryTattoos-Likeink.jpg\" \/>\n\t<meta property=\"og:image:width\" content=\"1844\" \/>\n\t<meta property=\"og:image:height\" content=\"1300\" \/>\n\t<meta property=\"og:image:type\" content=\"image\/jpeg\" \/>\n<meta name=\"twitter:card\" content=\"summary_large_image\" \/>\n<meta name=\"twitter:label1\" content=\"Tiempo de lectura\" \/>\n\t<meta name=\"twitter:data1\" content=\"1 minuto\" \/>\n<!-- \/ Yoast SEO Premium plugin. -->","yoast_head_json":{"title":"Tatuajes Temporales de Taylor Swift - Like ink","description":"Tatuajes Temporales de Taylor Swift en Hoja A5Indispensable en los conciertos de Taylor para cualquier Swiftie! Entrega r\u00e1pida y de gran calidad. - Like ink","robots":{"index":"index","follow":"follow","max-snippet":"max-snippet:-1","max-image-preview":"max-image-preview:large","max-video-preview":"max-video-preview:-1"},"canonical":"https:\/\/likeink.com\/es\/tatuaje-falso\/tatuajes-temporales-de-taylor-swift-en-hoja-a5\/","og_locale":"es_ES","og_type":"article","og_title":"Tatuajes Temporales de Taylor Swift","og_description":"Tatuajes de Taylor Swift: \u00bfEst\u00e1s listo para mostrar tu esp\u00edritu Swiftie en el pr\u00f3ximo concierto o reuni\u00f3n de Taylor Swift? Estos tatuajes no solo son una manera divertida de expresar tu amor por Taylor, sino tambi\u00e9n el accesorio perfecto para iluminar conciertos y encuentros de fans.  Compra Tatuajes Temporales de Taylor Swift de alta calidad y disfruta de una entrega r\u00e1pida. Nuestros dise\u00f1os est\u00e1n cuidadosamente creados por un verdadero Swiftie y un cliente fiel de Like ink, asegurando que cada tatuaje refleje el estilo ic\u00f3nico y la era de Taylor Swift. Desde referencias nost\u00e1lgicas a los \u00e1lbumes de Taylor como '13' y '1989' hasta s\u00edmbolos que representan a Taylor, hay algo para cada fan. El dise\u00f1o '13' est\u00e1 pensado para colocarse en la mano, lo que lo convierte en un homenaje sutil pero significativo a tu artista favorito.  Nuestros tatuajes son f\u00e1ciles de aplicar y se mantienen bellos durante toda tu experiencia en el concierto o aventuras diarias. Los tatuajes son seguros, hipoalerg\u00e9nicos y f\u00e1ciles de remover, lo que los convierte en una manera libre de preocupaciones de a\u00f1adir un poco de estilo Swift a tu look.  Tama\u00f1o de la hoja: A5 N\u00famero de Tatuajes: 19 Tama\u00f1o del Tatuaje '13': 45mm","og_url":"https:\/\/likeink.com\/es\/tatuaje-falso\/tatuajes-temporales-de-taylor-swift-en-hoja-a5\/","og_site_name":"Like ink","article_publisher":"https:\/\/www.facebook.com\/LikeInkSe","article_modified_time":"2026-03-16T21:39:48+00:00","og_image":[{"width":1844,"height":1300,"url":"https:\/\/likeink.com\/wp-content\/uploads\/2024\/04\/Tailor-Swift-TemporaryTattoos-Likeink.jpg","type":"image\/jpeg"}],"twitter_card":"summary_large_image","twitter_misc":{"Tiempo de lectura":"1 minuto"},"schema":{"@context":"https:\/\/schema.org","@graph":[{"@type":"WebPage","@id":"https:\/\/likeink.com\/es\/tatuaje-falso\/tatuajes-temporales-de-taylor-swift-en-hoja-a5\/","url":"https:\/\/likeink.com\/es\/tatuaje-falso\/tatuajes-temporales-de-taylor-swift-en-hoja-a5\/","name":"Tatuajes Temporales de Taylor Swift - Like ink","isPartOf":{"@id":"https:\/\/likeink.com\/es\/#website"},"primaryImageOfPage":{"@id":"https:\/\/likeink.com\/es\/tatuaje-falso\/tatuajes-temporales-de-taylor-swift-en-hoja-a5\/#primaryimage"},"image":{"@id":"https:\/\/likeink.com\/es\/tatuaje-falso\/tatuajes-temporales-de-taylor-swift-en-hoja-a5\/#primaryimage"},"thumbnailUrl":"https:\/\/likeink.com\/wp-content\/uploads\/2024\/04\/Tailor-Swift-TemporaryTattoos-Likeink.jpg","datePublished":"2024-04-29T14:43:15+00:00","dateModified":"2026-03-16T21:39:48+00:00","description":"Tatuajes Temporales de Taylor Swift en Hoja A5Indispensable en los conciertos de Taylor para cualquier Swiftie! Entrega r\u00e1pida y de gran calidad. - Like ink","breadcrumb":{"@id":"https:\/\/likeink.com\/es\/tatuaje-falso\/tatuajes-temporales-de-taylor-swift-en-hoja-a5\/#breadcrumb"},"inLanguage":"es","potentialAction":[{"@type":"ReadAction","target":["https:\/\/likeink.com\/es\/tatuaje-falso\/tatuajes-temporales-de-taylor-swift-en-hoja-a5\/"]}]},{"@type":"ImageObject","inLanguage":"es","@id":"https:\/\/likeink.com\/es\/tatuaje-falso\/tatuajes-temporales-de-taylor-swift-en-hoja-a5\/#primaryimage","url":"https:\/\/likeink.com\/wp-content\/uploads\/2024\/04\/Tailor-Swift-TemporaryTattoos-Likeink.jpg","contentUrl":"https:\/\/likeink.com\/wp-content\/uploads\/2024\/04\/Tailor-Swift-TemporaryTattoos-Likeink.jpg","width":1844,"height":1300,"caption":"Tatuajes temporales de Taylor Swift."},{"@type":"BreadcrumbList","@id":"https:\/\/likeink.com\/es\/tatuaje-falso\/tatuajes-temporales-de-taylor-swift-en-hoja-a5\/#breadcrumb","itemListElement":[{"@type":"ListItem","position":1,"name":"Hem","item":"https:\/\/likeink.com\/es\/"},{"@type":"ListItem","position":2,"name":"Shop","item":"https:\/\/likeink.com\/es\/shop\/"},{"@type":"ListItem","position":3,"name":"Tatuajes Temporales de Taylor Swift"}]},{"@type":"WebSite","@id":"https:\/\/likeink.com\/es\/#website","url":"https:\/\/likeink.com\/es\/","name":"Like ink","description":"HAZ TUS PROPIOS TATUAJES TEMPORALES","potentialAction":[{"@type":"SearchAction","target":{"@type":"EntryPoint","urlTemplate":"https:\/\/likeink.com\/es\/?s={search_term_string}"},"query-input":{"@type":"PropertyValueSpecification","valueRequired":true,"valueName":"search_term_string"}}],"inLanguage":"es"}]}},"_links":{"self":[{"href":"https:\/\/likeink.com\/es\/wp-json\/wp\/v2\/product\/26773","targetHints":{"allow":["GET"]}}],"collection":[{"href":"https:\/\/likeink.com\/es\/wp-json\/wp\/v2\/product"}],"about":[{"href":"https:\/\/likeink.com\/es\/wp-json\/wp\/v2\/types\/product"}],"wp:featuredmedia":[{"embeddable":true,"href":"https:\/\/likeink.com\/es\/wp-json\/wp\/v2\/media\/26655"}],"wp:attachment":[{"href":"https:\/\/likeink.com\/es\/wp-json\/wp\/v2\/media?parent=26773"}],"wp:term":[{"taxonomy":"product_brand","embeddable":true,"href":"https:\/\/likeink.com\/es\/wp-json\/wp\/v2\/product_brand?post=26773"},{"taxonomy":"product_cat","embeddable":true,"href":"https:\/\/likeink.com\/es\/wp-json\/wp\/v2\/product_cat?post=26773"},{"taxonomy":"product_tag","embeddable":true,"href":"https:\/\/likeink.com\/es\/wp-json\/wp\/v2\/product_tag?post=26773"}],"curies":[{"name":"wp","href":"https:\/\/api.w.org\/{rel}","templated":true}]}}