{"id":26982,"date":"2024-05-05T08:16:52","date_gmt":"2024-05-05T08:16:52","guid":{"rendered":"https:\/\/likeink.se\/gnuggis\/spanien-flagga-tatueringar-a5\/"},"modified":"2026-03-16T21:40:00","modified_gmt":"2026-03-16T21:40:00","slug":"tatuajes-de-bandera-de-espana","status":"publish","type":"product","link":"https:\/\/likeink.com\/es\/tatuaje-falso\/tatuajes-de-bandera-de-espana\/","title":{"rendered":"Tatuajes de Bandera de Espa\u00f1a"},"content":{"rendered":"","protected":false},"excerpt":{"rendered":"<p>Tatuajes de bandera de Espa\u00f1a en hojas de tama\u00f1os variados.<\/p>\n<h2>Compra banderas de Espa\u00f1a como tatuajes temporales<\/h2>\n<p>Un tatuaje con la bandera de Espa\u00f1a encaja perfectamente durante eventos estudiantiles, partidos nacionales, durante los Juegos Ol\u00edmpicos, la Copa del Mundo y el Campeonato Europeo, el d\u00eda nacional y otras ocasiones en las que quieras adornar tu cuerpo y rostro con un tatuaje de bandera.<\/p>\n<p>El dise\u00f1o en s\u00ed ha sido desarrollado por nosotros en Like Ink, en un estilo de tatuaje aut\u00e9ntico con colores claros y vibrantes.<\/p>\n<p>Los tatuajes de Like Ink son adecuados tanto para adultos como para ni\u00f1os. Nuestros tatuajes temporales son f\u00e1ciles de aplicar, lavar y son suaves con la piel. Imprimimos en nuestra propia imprenta ubicada en Suecia y enviamos tu pedido en un d\u00eda.<\/p>\n<p><strong>Tama\u00f1o de la hoja:<\/strong> A5<br \/>\n<strong>N\u00famero de tatuajes de bandera de Espa\u00f1a:<\/strong> 15<br \/>\n<strong>Tama\u00f1os de tatuaje:<\/strong> 60, 45, 35 y 30 mm<\/p>\n","protected":false},"featured_media":27608,"template":"","meta":[],"product_brand":[],"product_cat":[517,240],"product_tag":[],"class_list":{"0":"post-26982","1":"product","2":"type-product","3":"status-publish","4":"has-post-thumbnail","6":"product_cat-disfraz-temporada","7":"product_cat-hojas-pre-disenadas","9":"first","10":"instock","11":"taxable","12":"shipping-taxable","13":"purchasable","14":"product-type-simple"},"yoast_head":"<!-- This site is optimized with the Yoast SEO Premium plugin v26.2 (Yoast SEO v27.5) - https:\/\/yoast.com\/product\/yoast-seo-premium-wordpress\/ -->\n<title>Tatuajes de Bandera de Espa\u00f1a - Like ink<\/title>\n<meta name=\"description\" content=\"Tatuajes de bandera de Espa\u00f1a perfectos para partidos nacionales, durante celebraciones estudiantiles, el d\u00eda nacional de Espa\u00f1a y cuando quieras mostrar la bandera de Espa\u00f1a.\" \/>\n<meta name=\"robots\" content=\"index, follow, max-snippet:-1, max-image-preview:large, max-video-preview:-1\" \/>\n<link rel=\"canonical\" href=\"https:\/\/likeink.com\/es\/tatuaje-falso\/tatuajes-de-bandera-de-espana\/\" \/>\n<meta property=\"og:locale\" content=\"es_ES\" \/>\n<meta property=\"og:type\" content=\"article\" \/>\n<meta property=\"og:title\" content=\"Tatuajes de Bandera de Espa\u00f1a\" \/>\n<meta property=\"og:description\" content=\"Tatuajes de bandera de Espa\u00f1a en hojas de tama\u00f1os variados. Compra banderas de Espa\u00f1a como tatuajes temporales Un tatuaje con la bandera de Espa\u00f1a encaja perfectamente durante eventos estudiantiles, partidos nacionales, durante los Juegos Ol\u00edmpicos, la Copa del Mundo y el Campeonato Europeo, el d\u00eda nacional y otras ocasiones en las que quieras adornar tu cuerpo y rostro con un tatuaje de bandera.  El dise\u00f1o en s\u00ed ha sido desarrollado por nosotros en Like Ink, en un estilo de tatuaje aut\u00e9ntico con colores claros y vibrantes.  Los tatuajes de Like Ink son adecuados tanto para adultos como para ni\u00f1os. Nuestros tatuajes temporales son f\u00e1ciles de aplicar, lavar y son suaves con la piel. Imprimimos en nuestra propia imprenta ubicada en Suecia y enviamos tu pedido en un d\u00eda.  Tama\u00f1o de la hoja: A5 N\u00famero de tatuajes de bandera de Espa\u00f1a: 15 Tama\u00f1os de tatuaje: 60, 45, 35 y 30 mm\" \/>\n<meta property=\"og:url\" content=\"https:\/\/likeink.com\/es\/tatuaje-falso\/tatuajes-de-bandera-de-espana\/\" \/>\n<meta property=\"og:site_name\" content=\"Like ink\" \/>\n<meta property=\"article:publisher\" content=\"https:\/\/www.facebook.com\/LikeInkSe\" \/>\n<meta property=\"article:modified_time\" content=\"2026-03-16T21:40:00+00:00\" \/>\n<meta property=\"og:image\" content=\"https:\/\/likeink.com\/wp-content\/uploads\/2024\/05\/Spain-flag-tattoo-likeink.jpg\" \/>\n\t<meta property=\"og:image:width\" content=\"1600\" \/>\n\t<meta property=\"og:image:height\" content=\"1127\" \/>\n\t<meta property=\"og:image:type\" content=\"image\/jpeg\" \/>\n<meta name=\"twitter:card\" content=\"summary_large_image\" \/>\n<!-- \/ Yoast SEO Premium plugin. -->","yoast_head_json":{"title":"Tatuajes de Bandera de Espa\u00f1a - Like ink","description":"Tatuajes de bandera de Espa\u00f1a perfectos para partidos nacionales, durante celebraciones estudiantiles, el d\u00eda nacional de Espa\u00f1a y cuando quieras mostrar la bandera de Espa\u00f1a.","robots":{"index":"index","follow":"follow","max-snippet":"max-snippet:-1","max-image-preview":"max-image-preview:large","max-video-preview":"max-video-preview:-1"},"canonical":"https:\/\/likeink.com\/es\/tatuaje-falso\/tatuajes-de-bandera-de-espana\/","og_locale":"es_ES","og_type":"article","og_title":"Tatuajes de Bandera de Espa\u00f1a","og_description":"Tatuajes de bandera de Espa\u00f1a en hojas de tama\u00f1os variados. Compra banderas de Espa\u00f1a como tatuajes temporales Un tatuaje con la bandera de Espa\u00f1a encaja perfectamente durante eventos estudiantiles, partidos nacionales, durante los Juegos Ol\u00edmpicos, la Copa del Mundo y el Campeonato Europeo, el d\u00eda nacional y otras ocasiones en las que quieras adornar tu cuerpo y rostro con un tatuaje de bandera.  El dise\u00f1o en s\u00ed ha sido desarrollado por nosotros en Like Ink, en un estilo de tatuaje aut\u00e9ntico con colores claros y vibrantes.  Los tatuajes de Like Ink son adecuados tanto para adultos como para ni\u00f1os. Nuestros tatuajes temporales son f\u00e1ciles de aplicar, lavar y son suaves con la piel. Imprimimos en nuestra propia imprenta ubicada en Suecia y enviamos tu pedido en un d\u00eda.  Tama\u00f1o de la hoja: A5 N\u00famero de tatuajes de bandera de Espa\u00f1a: 15 Tama\u00f1os de tatuaje: 60, 45, 35 y 30 mm","og_url":"https:\/\/likeink.com\/es\/tatuaje-falso\/tatuajes-de-bandera-de-espana\/","og_site_name":"Like ink","article_publisher":"https:\/\/www.facebook.com\/LikeInkSe","article_modified_time":"2026-03-16T21:40:00+00:00","og_image":[{"width":1600,"height":1127,"url":"https:\/\/likeink.com\/wp-content\/uploads\/2024\/05\/Spain-flag-tattoo-likeink.jpg","type":"image\/jpeg"}],"twitter_card":"summary_large_image","schema":{"@context":"https:\/\/schema.org","@graph":[{"@type":"WebPage","@id":"https:\/\/likeink.com\/es\/tatuaje-falso\/tatuajes-de-bandera-de-espana\/","url":"https:\/\/likeink.com\/es\/tatuaje-falso\/tatuajes-de-bandera-de-espana\/","name":"Tatuajes de Bandera de Espa\u00f1a - Like ink","isPartOf":{"@id":"https:\/\/likeink.com\/es\/#website"},"primaryImageOfPage":{"@id":"https:\/\/likeink.com\/es\/tatuaje-falso\/tatuajes-de-bandera-de-espana\/#primaryimage"},"image":{"@id":"https:\/\/likeink.com\/es\/tatuaje-falso\/tatuajes-de-bandera-de-espana\/#primaryimage"},"thumbnailUrl":"https:\/\/likeink.com\/wp-content\/uploads\/2024\/05\/Spain-flag-tattoo-likeink.jpg","datePublished":"2024-05-05T08:16:52+00:00","dateModified":"2026-03-16T21:40:00+00:00","description":"Tatuajes de bandera de Espa\u00f1a perfectos para partidos nacionales, durante celebraciones estudiantiles, el d\u00eda nacional de Espa\u00f1a y cuando quieras mostrar la bandera de Espa\u00f1a.","breadcrumb":{"@id":"https:\/\/likeink.com\/es\/tatuaje-falso\/tatuajes-de-bandera-de-espana\/#breadcrumb"},"inLanguage":"es","potentialAction":[{"@type":"ReadAction","target":["https:\/\/likeink.com\/es\/tatuaje-falso\/tatuajes-de-bandera-de-espana\/"]}]},{"@type":"ImageObject","inLanguage":"es","@id":"https:\/\/likeink.com\/es\/tatuaje-falso\/tatuajes-de-bandera-de-espana\/#primaryimage","url":"https:\/\/likeink.com\/wp-content\/uploads\/2024\/05\/Spain-flag-tattoo-likeink.jpg","contentUrl":"https:\/\/likeink.com\/wp-content\/uploads\/2024\/05\/Spain-flag-tattoo-likeink.jpg","width":1600,"height":1127,"caption":"Tatuajes temporales con la bandera de Espa\u00f1a."},{"@type":"BreadcrumbList","@id":"https:\/\/likeink.com\/es\/tatuaje-falso\/tatuajes-de-bandera-de-espana\/#breadcrumb","itemListElement":[{"@type":"ListItem","position":1,"name":"Hem","item":"https:\/\/likeink.com\/es\/"},{"@type":"ListItem","position":2,"name":"Shop","item":"https:\/\/likeink.com\/es\/shop\/"},{"@type":"ListItem","position":3,"name":"Tatuajes de Bandera de Espa\u00f1a"}]},{"@type":"WebSite","@id":"https:\/\/likeink.com\/es\/#website","url":"https:\/\/likeink.com\/es\/","name":"Like ink","description":"HAZ TUS PROPIOS TATUAJES TEMPORALES","potentialAction":[{"@type":"SearchAction","target":{"@type":"EntryPoint","urlTemplate":"https:\/\/likeink.com\/es\/?s={search_term_string}"},"query-input":{"@type":"PropertyValueSpecification","valueRequired":true,"valueName":"search_term_string"}}],"inLanguage":"es"}]}},"_links":{"self":[{"href":"https:\/\/likeink.com\/es\/wp-json\/wp\/v2\/product\/26982","targetHints":{"allow":["GET"]}}],"collection":[{"href":"https:\/\/likeink.com\/es\/wp-json\/wp\/v2\/product"}],"about":[{"href":"https:\/\/likeink.com\/es\/wp-json\/wp\/v2\/types\/product"}],"wp:featuredmedia":[{"embeddable":true,"href":"https:\/\/likeink.com\/es\/wp-json\/wp\/v2\/media\/27608"}],"wp:attachment":[{"href":"https:\/\/likeink.com\/es\/wp-json\/wp\/v2\/media?parent=26982"}],"wp:term":[{"taxonomy":"product_brand","embeddable":true,"href":"https:\/\/likeink.com\/es\/wp-json\/wp\/v2\/product_brand?post=26982"},{"taxonomy":"product_cat","embeddable":true,"href":"https:\/\/likeink.com\/es\/wp-json\/wp\/v2\/product_cat?post=26982"},{"taxonomy":"product_tag","embeddable":true,"href":"https:\/\/likeink.com\/es\/wp-json\/wp\/v2\/product_tag?post=26982"}],"curies":[{"name":"wp","href":"https:\/\/api.w.org\/{rel}","templated":true}]}}