{"id":28257,"date":"2024-06-02T09:55:12","date_gmt":"2024-06-02T09:55:12","guid":{"rendered":"https:\/\/likeink.se\/gnuggis\/glittertatueringar-party-time-a6\/"},"modified":"2026-03-16T21:40:00","modified_gmt":"2026-03-16T21:40:00","slug":"tatuajes-de-glitter","status":"publish","type":"product","link":"https:\/\/likeink.com\/es\/tatuaje-falso\/tatuajes-de-glitter\/","title":{"rendered":"Tatuajes de glitter &#8220;Party Time&#8221;"},"content":{"rendered":"","protected":false},"excerpt":{"rendered":"<p>Tatuajes de glitter &#8220;Party Time&#8221; A6:<br \/>\n\u00a1Transforma cada fiesta en una experiencia m\u00e1gica con los tatuajes de ponis con glitter de Like inks! Estos tatuajes temporales son suaves para la piel y f\u00e1ciles de aplicar, lo que los hace perfectos para los ni\u00f1os. Cada tatuaje presenta encantadores ponis adornados con purpurina brillante, garantizado para alegrar la fiesta y crear muchas risas y sonrisas.<\/p>\n<h2>Compra tatuajes temporales de glitter para fiestas.<\/h2>\n<p>Perfectos para fiestas infantiles o como una actividad divertida, estos tatuajes de glitter son un \u00e9xito seguro entre los m\u00e1s peque\u00f1os.<\/p>\n<p><strong>Tama\u00f1o del papel:<\/strong> A6<br \/>\n<strong>N\u00famero de tatuajes de glitter:<\/strong> 11<br \/>\n<strong>Tama\u00f1os de los tatuajes:<\/strong> 20-45mm<\/p>\n","protected":false},"featured_media":28009,"template":"","meta":[],"product_brand":[],"product_cat":[531,240],"product_tag":[],"class_list":{"0":"post-28257","1":"product","2":"type-product","3":"status-publish","4":"has-post-thumbnail","6":"product_cat-fiesta-infantil","7":"product_cat-hojas-pre-disenadas","9":"first","10":"instock","11":"taxable","12":"shipping-taxable","13":"purchasable","14":"product-type-simple"},"yoast_head":"<!-- This site is optimized with the Yoast SEO Premium plugin v26.2 (Yoast SEO v27.5) - https:\/\/yoast.com\/product\/yoast-seo-premium-wordpress\/ -->\n<title>Tatuajes de glitter &quot;Party Time&quot; - Like ink<\/title>\n<meta name=\"description\" content=\"Tatuajes de glitter para fiestas y celebracionesTatuajes temporales brillantes en tama\u00f1os de 20-45 mm. Entrega r\u00e1pida y alta calidad. - Like ink\" \/>\n<meta name=\"robots\" content=\"index, follow, max-snippet:-1, max-image-preview:large, max-video-preview:-1\" \/>\n<link rel=\"canonical\" href=\"https:\/\/likeink.com\/es\/tatuaje-falso\/tatuajes-de-glitter\/\" \/>\n<meta property=\"og:locale\" content=\"es_ES\" \/>\n<meta property=\"og:type\" content=\"article\" \/>\n<meta property=\"og:title\" content=\"Tatuajes de glitter &quot;Party Time&quot;\" \/>\n<meta property=\"og:description\" content=\"Tatuajes de glitter &quot;Party Time&quot; A6: \u00a1Transforma cada fiesta en una experiencia m\u00e1gica con los tatuajes de ponis con glitter de Like inks! Estos tatuajes temporales son suaves para la piel y f\u00e1ciles de aplicar, lo que los hace perfectos para los ni\u00f1os. Cada tatuaje presenta encantadores ponis adornados con purpurina brillante, garantizado para alegrar la fiesta y crear muchas risas y sonrisas. Compra tatuajes temporales de glitter para fiestas. Perfectos para fiestas infantiles o como una actividad divertida, estos tatuajes de glitter son un \u00e9xito seguro entre los m\u00e1s peque\u00f1os.  Tama\u00f1o del papel: A6 N\u00famero de tatuajes de glitter: 11 Tama\u00f1os de los tatuajes: 20-45mm\" \/>\n<meta property=\"og:url\" content=\"https:\/\/likeink.com\/es\/tatuaje-falso\/tatuajes-de-glitter\/\" \/>\n<meta property=\"og:site_name\" content=\"Like ink\" \/>\n<meta property=\"article:publisher\" content=\"https:\/\/www.facebook.com\/LikeInkSe\" \/>\n<meta property=\"article:modified_time\" content=\"2026-03-16T21:40:00+00:00\" \/>\n<meta property=\"og:image\" content=\"https:\/\/likeink.com\/wp-content\/uploads\/2024\/05\/GlitterTattooHS-005.png\" \/>\n\t<meta property=\"og:image:width\" content=\"1475\" \/>\n\t<meta property=\"og:image:height\" content=\"1057\" \/>\n\t<meta property=\"og:image:type\" content=\"image\/png\" \/>\n<meta name=\"twitter:card\" content=\"summary_large_image\" \/>\n<meta name=\"twitter:label1\" content=\"Tiempo de lectura\" \/>\n\t<meta name=\"twitter:data1\" content=\"1 minuto\" \/>\n<!-- \/ Yoast SEO Premium plugin. -->","yoast_head_json":{"title":"Tatuajes de glitter \"Party Time\" - Like ink","description":"Tatuajes de glitter para fiestas y celebracionesTatuajes temporales brillantes en tama\u00f1os de 20-45 mm. Entrega r\u00e1pida y alta calidad. - Like ink","robots":{"index":"index","follow":"follow","max-snippet":"max-snippet:-1","max-image-preview":"max-image-preview:large","max-video-preview":"max-video-preview:-1"},"canonical":"https:\/\/likeink.com\/es\/tatuaje-falso\/tatuajes-de-glitter\/","og_locale":"es_ES","og_type":"article","og_title":"Tatuajes de glitter \"Party Time\"","og_description":"Tatuajes de glitter \"Party Time\" A6: \u00a1Transforma cada fiesta en una experiencia m\u00e1gica con los tatuajes de ponis con glitter de Like inks! Estos tatuajes temporales son suaves para la piel y f\u00e1ciles de aplicar, lo que los hace perfectos para los ni\u00f1os. Cada tatuaje presenta encantadores ponis adornados con purpurina brillante, garantizado para alegrar la fiesta y crear muchas risas y sonrisas. Compra tatuajes temporales de glitter para fiestas. Perfectos para fiestas infantiles o como una actividad divertida, estos tatuajes de glitter son un \u00e9xito seguro entre los m\u00e1s peque\u00f1os.  Tama\u00f1o del papel: A6 N\u00famero de tatuajes de glitter: 11 Tama\u00f1os de los tatuajes: 20-45mm","og_url":"https:\/\/likeink.com\/es\/tatuaje-falso\/tatuajes-de-glitter\/","og_site_name":"Like ink","article_publisher":"https:\/\/www.facebook.com\/LikeInkSe","article_modified_time":"2026-03-16T21:40:00+00:00","og_image":[{"width":1475,"height":1057,"url":"https:\/\/likeink.com\/wp-content\/uploads\/2024\/05\/GlitterTattooHS-005.png","type":"image\/png"}],"twitter_card":"summary_large_image","twitter_misc":{"Tiempo de lectura":"1 minuto"},"schema":{"@context":"https:\/\/schema.org","@graph":[{"@type":"WebPage","@id":"https:\/\/likeink.com\/es\/tatuaje-falso\/tatuajes-de-glitter\/","url":"https:\/\/likeink.com\/es\/tatuaje-falso\/tatuajes-de-glitter\/","name":"Tatuajes de glitter \"Party Time\" - Like ink","isPartOf":{"@id":"https:\/\/likeink.com\/es\/#website"},"primaryImageOfPage":{"@id":"https:\/\/likeink.com\/es\/tatuaje-falso\/tatuajes-de-glitter\/#primaryimage"},"image":{"@id":"https:\/\/likeink.com\/es\/tatuaje-falso\/tatuajes-de-glitter\/#primaryimage"},"thumbnailUrl":"https:\/\/likeink.com\/wp-content\/uploads\/2024\/05\/GlitterTattooHS-005.png","datePublished":"2024-06-02T09:55:12+00:00","dateModified":"2026-03-16T21:40:00+00:00","description":"Tatuajes de glitter para fiestas y celebracionesTatuajes temporales brillantes en tama\u00f1os de 20-45 mm. Entrega r\u00e1pida y alta calidad. - Like ink","breadcrumb":{"@id":"https:\/\/likeink.com\/es\/tatuaje-falso\/tatuajes-de-glitter\/#breadcrumb"},"inLanguage":"es","potentialAction":[{"@type":"ReadAction","target":["https:\/\/likeink.com\/es\/tatuaje-falso\/tatuajes-de-glitter\/"]}]},{"@type":"ImageObject","inLanguage":"es","@id":"https:\/\/likeink.com\/es\/tatuaje-falso\/tatuajes-de-glitter\/#primaryimage","url":"https:\/\/likeink.com\/wp-content\/uploads\/2024\/05\/GlitterTattooHS-005.png","contentUrl":"https:\/\/likeink.com\/wp-content\/uploads\/2024\/05\/GlitterTattooHS-005.png","width":1475,"height":1057,"caption":"Tatuajes de Glitter. Tatuajes de glitter para ni\u00f1os."},{"@type":"BreadcrumbList","@id":"https:\/\/likeink.com\/es\/tatuaje-falso\/tatuajes-de-glitter\/#breadcrumb","itemListElement":[{"@type":"ListItem","position":1,"name":"Hem","item":"https:\/\/likeink.com\/es\/"},{"@type":"ListItem","position":2,"name":"Shop","item":"https:\/\/likeink.com\/es\/shop\/"},{"@type":"ListItem","position":3,"name":"Tatuajes de glitter &#8220;Party Time&#8221;"}]},{"@type":"WebSite","@id":"https:\/\/likeink.com\/es\/#website","url":"https:\/\/likeink.com\/es\/","name":"Like ink","description":"HAZ TUS PROPIOS TATUAJES TEMPORALES","potentialAction":[{"@type":"SearchAction","target":{"@type":"EntryPoint","urlTemplate":"https:\/\/likeink.com\/es\/?s={search_term_string}"},"query-input":{"@type":"PropertyValueSpecification","valueRequired":true,"valueName":"search_term_string"}}],"inLanguage":"es"}]}},"_links":{"self":[{"href":"https:\/\/likeink.com\/es\/wp-json\/wp\/v2\/product\/28257","targetHints":{"allow":["GET"]}}],"collection":[{"href":"https:\/\/likeink.com\/es\/wp-json\/wp\/v2\/product"}],"about":[{"href":"https:\/\/likeink.com\/es\/wp-json\/wp\/v2\/types\/product"}],"wp:featuredmedia":[{"embeddable":true,"href":"https:\/\/likeink.com\/es\/wp-json\/wp\/v2\/media\/28009"}],"wp:attachment":[{"href":"https:\/\/likeink.com\/es\/wp-json\/wp\/v2\/media?parent=28257"}],"wp:term":[{"taxonomy":"product_brand","embeddable":true,"href":"https:\/\/likeink.com\/es\/wp-json\/wp\/v2\/product_brand?post=28257"},{"taxonomy":"product_cat","embeddable":true,"href":"https:\/\/likeink.com\/es\/wp-json\/wp\/v2\/product_cat?post=28257"},{"taxonomy":"product_tag","embeddable":true,"href":"https:\/\/likeink.com\/es\/wp-json\/wp\/v2\/product_tag?post=28257"}],"curies":[{"name":"wp","href":"https:\/\/api.w.org\/{rel}","templated":true}]}}