{"id":28778,"date":"2024-06-08T11:44:43","date_gmt":"2024-06-08T11:44:44","guid":{"rendered":"https:\/\/likeink.se\/?post_type=product&#038;p=28778"},"modified":"2026-03-16T21:40:27","modified_gmt":"2026-03-16T21:40:27","slug":"tatuajes-metalicos","status":"publish","type":"product","link":"https:\/\/likeink.com\/es\/tatuaje-falso\/tatuajes-metalicos\/","title":{"rendered":"Tatuajes Met\u00e1licos"},"content":{"rendered":"","protected":false},"excerpt":{"rendered":"<p>Descubre los exclusivos tatuajes temporales met\u00e1licos de Like Ink en negro, plata y oro, tambi\u00e9n conocidos como tatuajes de calcoman\u00eda o de foil. Estos tatuajes de alta calidad proporcionan un acabado lujoso y brillante que seguramente llamar\u00e1 la atenci\u00f3n. Elegantes dise\u00f1os de patrones de mandala y flores.<\/p>\n<h2>Compra tatuajes met\u00e1licos de calidad de Like Ink.<\/h2>\n<p>Nuestros tatuajes son hipoalerg\u00e9nicos y seguros para todo tipo de piel. Son f\u00e1ciles de aplicar con agua y duran varios d\u00edas, lo que los hace perfectos para fiestas, festivales, d\u00edas de playa o simplemente como un accesorio divertido para tu estilo diario.<br \/>\nNuestros tatuajes met\u00e1licos son de alta calidad, hipoalerg\u00e9nicos, f\u00e1ciles de aplicar y duran varios d\u00edas.<\/p>\n<p>\u00a1Dale a tu estilo una actualizaci\u00f3n brillante con nuestros tatuajes temporales de plata y oro!<\/p>\n<p><strong>Tama\u00f1o de la hoja:<\/strong> A5<br \/>\n<strong>Tatuaje de lazo m\u00e1s grande:<\/strong> 5-20 cm<\/p>\n","protected":false},"featured_media":28044,"template":"","meta":[],"product_brand":[],"product_cat":[240,242],"product_tag":[],"class_list":{"0":"post-28778","1":"product","2":"type-product","3":"status-publish","4":"has-post-thumbnail","6":"product_cat-hojas-pre-disenadas","7":"product_cat-otros-tatuajes","9":"first","10":"instock","11":"taxable","12":"shipping-taxable","13":"purchasable","14":"product-type-simple"},"yoast_head":"<!-- This site is optimized with the Yoast SEO Premium plugin v26.2 (Yoast SEO v27.4) - https:\/\/yoast.com\/product\/yoast-seo-premium-wordpress\/ -->\n<title>Tatuajes Met\u00e1licos - Like ink<\/title>\n<meta name=\"description\" content=\"Tatuajes Met\u00e1licos en oro, plata y negro en l\u00e1minas A5. Ordena tatuajes de calidad en material met\u00e1lico de oro y plata hoy mismo. - Like ink\" \/>\n<meta name=\"robots\" content=\"index, follow, max-snippet:-1, max-image-preview:large, max-video-preview:-1\" \/>\n<link rel=\"canonical\" href=\"https:\/\/likeink.com\/es\/tatuaje-falso\/tatuajes-metalicos\/\" \/>\n<meta property=\"og:locale\" content=\"es_ES\" \/>\n<meta property=\"og:type\" content=\"article\" \/>\n<meta property=\"og:title\" content=\"Tatuajes Met\u00e1licos\" \/>\n<meta property=\"og:description\" content=\"Descubre los exclusivos tatuajes temporales met\u00e1licos de Like Ink en negro, plata y oro, tambi\u00e9n conocidos como tatuajes de calcoman\u00eda o de foil. Estos tatuajes de alta calidad proporcionan un acabado lujoso y brillante que seguramente llamar\u00e1 la atenci\u00f3n. Elegantes dise\u00f1os de patrones de mandala y flores. Compra tatuajes met\u00e1licos de calidad de Like Ink. Nuestros tatuajes son hipoalerg\u00e9nicos y seguros para todo tipo de piel. Son f\u00e1ciles de aplicar con agua y duran varios d\u00edas, lo que los hace perfectos para fiestas, festivales, d\u00edas de playa o simplemente como un accesorio divertido para tu estilo diario. Nuestros tatuajes met\u00e1licos son de alta calidad, hipoalerg\u00e9nicos, f\u00e1ciles de aplicar y duran varios d\u00edas.  \u00a1Dale a tu estilo una actualizaci\u00f3n brillante con nuestros tatuajes temporales de plata y oro!  Tama\u00f1o de la hoja: A5 Tatuaje de lazo m\u00e1s grande: 5-20 cm\" \/>\n<meta property=\"og:url\" content=\"https:\/\/likeink.com\/es\/tatuaje-falso\/tatuajes-metalicos\/\" \/>\n<meta property=\"og:site_name\" content=\"Like ink\" \/>\n<meta property=\"article:publisher\" content=\"https:\/\/www.facebook.com\/LikeInkSe\" \/>\n<meta property=\"article:modified_time\" content=\"2026-03-16T21:40:27+00:00\" \/>\n<meta property=\"og:image\" content=\"https:\/\/likeink.com\/wp-content\/uploads\/2024\/05\/Mandala-GuldYH-120.jpg\" \/>\n\t<meta property=\"og:image:width\" content=\"1199\" \/>\n\t<meta property=\"og:image:height\" content=\"825\" \/>\n\t<meta property=\"og:image:type\" content=\"image\/jpeg\" \/>\n<meta name=\"twitter:card\" content=\"summary_large_image\" \/>\n<meta name=\"twitter:label1\" content=\"Tiempo de lectura\" \/>\n\t<meta name=\"twitter:data1\" content=\"1 minuto\" \/>\n<script type=\"application\/ld+json\" class=\"yoast-schema-graph\">{\"@context\":\"https:\\\/\\\/schema.org\",\"@graph\":[{\"@type\":\"WebPage\",\"@id\":\"https:\\\/\\\/likeink.com\\\/es\\\/tatuaje-falso\\\/tatuajes-metalicos\\\/\",\"url\":\"https:\\\/\\\/likeink.com\\\/es\\\/tatuaje-falso\\\/tatuajes-metalicos\\\/\",\"name\":\"Tatuajes Met\u00e1licos - Like ink\",\"isPartOf\":{\"@id\":\"https:\\\/\\\/likeink.com\\\/es\\\/#website\"},\"primaryImageOfPage\":{\"@id\":\"https:\\\/\\\/likeink.com\\\/es\\\/tatuaje-falso\\\/tatuajes-metalicos\\\/#primaryimage\"},\"image\":{\"@id\":\"https:\\\/\\\/likeink.com\\\/es\\\/tatuaje-falso\\\/tatuajes-metalicos\\\/#primaryimage\"},\"thumbnailUrl\":\"https:\\\/\\\/likeink.com\\\/wp-content\\\/uploads\\\/2024\\\/05\\\/Mandala-GuldYH-120.jpg\",\"datePublished\":\"2024-06-08T11:44:44+00:00\",\"dateModified\":\"2026-03-16T21:40:27+00:00\",\"description\":\"Tatuajes Met\u00e1licos en oro, plata y negro en l\u00e1minas A5. Ordena tatuajes de calidad en material met\u00e1lico de oro y plata hoy mismo. - Like ink\",\"breadcrumb\":{\"@id\":\"https:\\\/\\\/likeink.com\\\/es\\\/tatuaje-falso\\\/tatuajes-metalicos\\\/#breadcrumb\"},\"inLanguage\":\"es\",\"potentialAction\":[{\"@type\":\"ReadAction\",\"target\":[\"https:\\\/\\\/likeink.com\\\/es\\\/tatuaje-falso\\\/tatuajes-metalicos\\\/\"]}]},{\"@type\":\"ImageObject\",\"inLanguage\":\"es\",\"@id\":\"https:\\\/\\\/likeink.com\\\/es\\\/tatuaje-falso\\\/tatuajes-metalicos\\\/#primaryimage\",\"url\":\"https:\\\/\\\/likeink.com\\\/wp-content\\\/uploads\\\/2024\\\/05\\\/Mandala-GuldYH-120.jpg\",\"contentUrl\":\"https:\\\/\\\/likeink.com\\\/wp-content\\\/uploads\\\/2024\\\/05\\\/Mandala-GuldYH-120.jpg\",\"width\":1199,\"height\":825,\"caption\":\"Tatuajes falsos en dorado y negro de Like ink.\"},{\"@type\":\"BreadcrumbList\",\"@id\":\"https:\\\/\\\/likeink.com\\\/es\\\/tatuaje-falso\\\/tatuajes-metalicos\\\/#breadcrumb\",\"itemListElement\":[{\"@type\":\"ListItem\",\"position\":1,\"name\":\"Hem\",\"item\":\"https:\\\/\\\/likeink.com\\\/es\\\/\"},{\"@type\":\"ListItem\",\"position\":2,\"name\":\"Shop\",\"item\":\"https:\\\/\\\/likeink.com\\\/es\\\/shop\\\/\"},{\"@type\":\"ListItem\",\"position\":3,\"name\":\"Tatuajes Met\u00e1licos\"}]},{\"@type\":\"WebSite\",\"@id\":\"https:\\\/\\\/likeink.com\\\/es\\\/#website\",\"url\":\"https:\\\/\\\/likeink.com\\\/es\\\/\",\"name\":\"Like ink\",\"description\":\"HAZ TUS PROPIOS TATUAJES TEMPORALES\",\"potentialAction\":[{\"@type\":\"SearchAction\",\"target\":{\"@type\":\"EntryPoint\",\"urlTemplate\":\"https:\\\/\\\/likeink.com\\\/es\\\/?s={search_term_string}\"},\"query-input\":{\"@type\":\"PropertyValueSpecification\",\"valueRequired\":true,\"valueName\":\"search_term_string\"}}],\"inLanguage\":\"es\"}]}<\/script>\n<!-- \/ Yoast SEO Premium plugin. -->","yoast_head_json":{"title":"Tatuajes Met\u00e1licos - Like ink","description":"Tatuajes Met\u00e1licos en oro, plata y negro en l\u00e1minas A5. Ordena tatuajes de calidad en material met\u00e1lico de oro y plata hoy mismo. - Like ink","robots":{"index":"index","follow":"follow","max-snippet":"max-snippet:-1","max-image-preview":"max-image-preview:large","max-video-preview":"max-video-preview:-1"},"canonical":"https:\/\/likeink.com\/es\/tatuaje-falso\/tatuajes-metalicos\/","og_locale":"es_ES","og_type":"article","og_title":"Tatuajes Met\u00e1licos","og_description":"Descubre los exclusivos tatuajes temporales met\u00e1licos de Like Ink en negro, plata y oro, tambi\u00e9n conocidos como tatuajes de calcoman\u00eda o de foil. Estos tatuajes de alta calidad proporcionan un acabado lujoso y brillante que seguramente llamar\u00e1 la atenci\u00f3n. Elegantes dise\u00f1os de patrones de mandala y flores. Compra tatuajes met\u00e1licos de calidad de Like Ink. Nuestros tatuajes son hipoalerg\u00e9nicos y seguros para todo tipo de piel. Son f\u00e1ciles de aplicar con agua y duran varios d\u00edas, lo que los hace perfectos para fiestas, festivales, d\u00edas de playa o simplemente como un accesorio divertido para tu estilo diario. Nuestros tatuajes met\u00e1licos son de alta calidad, hipoalerg\u00e9nicos, f\u00e1ciles de aplicar y duran varios d\u00edas.  \u00a1Dale a tu estilo una actualizaci\u00f3n brillante con nuestros tatuajes temporales de plata y oro!  Tama\u00f1o de la hoja: A5 Tatuaje de lazo m\u00e1s grande: 5-20 cm","og_url":"https:\/\/likeink.com\/es\/tatuaje-falso\/tatuajes-metalicos\/","og_site_name":"Like ink","article_publisher":"https:\/\/www.facebook.com\/LikeInkSe","article_modified_time":"2026-03-16T21:40:27+00:00","og_image":[{"width":1199,"height":825,"url":"https:\/\/likeink.com\/wp-content\/uploads\/2024\/05\/Mandala-GuldYH-120.jpg","type":"image\/jpeg"}],"twitter_card":"summary_large_image","twitter_misc":{"Tiempo de lectura":"1 minuto"},"schema":{"@context":"https:\/\/schema.org","@graph":[{"@type":"WebPage","@id":"https:\/\/likeink.com\/es\/tatuaje-falso\/tatuajes-metalicos\/","url":"https:\/\/likeink.com\/es\/tatuaje-falso\/tatuajes-metalicos\/","name":"Tatuajes Met\u00e1licos - Like ink","isPartOf":{"@id":"https:\/\/likeink.com\/es\/#website"},"primaryImageOfPage":{"@id":"https:\/\/likeink.com\/es\/tatuaje-falso\/tatuajes-metalicos\/#primaryimage"},"image":{"@id":"https:\/\/likeink.com\/es\/tatuaje-falso\/tatuajes-metalicos\/#primaryimage"},"thumbnailUrl":"https:\/\/likeink.com\/wp-content\/uploads\/2024\/05\/Mandala-GuldYH-120.jpg","datePublished":"2024-06-08T11:44:44+00:00","dateModified":"2026-03-16T21:40:27+00:00","description":"Tatuajes Met\u00e1licos en oro, plata y negro en l\u00e1minas A5. Ordena tatuajes de calidad en material met\u00e1lico de oro y plata hoy mismo. - Like ink","breadcrumb":{"@id":"https:\/\/likeink.com\/es\/tatuaje-falso\/tatuajes-metalicos\/#breadcrumb"},"inLanguage":"es","potentialAction":[{"@type":"ReadAction","target":["https:\/\/likeink.com\/es\/tatuaje-falso\/tatuajes-metalicos\/"]}]},{"@type":"ImageObject","inLanguage":"es","@id":"https:\/\/likeink.com\/es\/tatuaje-falso\/tatuajes-metalicos\/#primaryimage","url":"https:\/\/likeink.com\/wp-content\/uploads\/2024\/05\/Mandala-GuldYH-120.jpg","contentUrl":"https:\/\/likeink.com\/wp-content\/uploads\/2024\/05\/Mandala-GuldYH-120.jpg","width":1199,"height":825,"caption":"Tatuajes falsos en dorado y negro de Like ink."},{"@type":"BreadcrumbList","@id":"https:\/\/likeink.com\/es\/tatuaje-falso\/tatuajes-metalicos\/#breadcrumb","itemListElement":[{"@type":"ListItem","position":1,"name":"Hem","item":"https:\/\/likeink.com\/es\/"},{"@type":"ListItem","position":2,"name":"Shop","item":"https:\/\/likeink.com\/es\/shop\/"},{"@type":"ListItem","position":3,"name":"Tatuajes Met\u00e1licos"}]},{"@type":"WebSite","@id":"https:\/\/likeink.com\/es\/#website","url":"https:\/\/likeink.com\/es\/","name":"Like ink","description":"HAZ TUS PROPIOS TATUAJES TEMPORALES","potentialAction":[{"@type":"SearchAction","target":{"@type":"EntryPoint","urlTemplate":"https:\/\/likeink.com\/es\/?s={search_term_string}"},"query-input":{"@type":"PropertyValueSpecification","valueRequired":true,"valueName":"search_term_string"}}],"inLanguage":"es"}]}},"_links":{"self":[{"href":"https:\/\/likeink.com\/es\/wp-json\/wp\/v2\/product\/28778","targetHints":{"allow":["GET"]}}],"collection":[{"href":"https:\/\/likeink.com\/es\/wp-json\/wp\/v2\/product"}],"about":[{"href":"https:\/\/likeink.com\/es\/wp-json\/wp\/v2\/types\/product"}],"wp:featuredmedia":[{"embeddable":true,"href":"https:\/\/likeink.com\/es\/wp-json\/wp\/v2\/media\/28044"}],"wp:attachment":[{"href":"https:\/\/likeink.com\/es\/wp-json\/wp\/v2\/media?parent=28778"}],"wp:term":[{"taxonomy":"product_brand","embeddable":true,"href":"https:\/\/likeink.com\/es\/wp-json\/wp\/v2\/product_brand?post=28778"},{"taxonomy":"product_cat","embeddable":true,"href":"https:\/\/likeink.com\/es\/wp-json\/wp\/v2\/product_cat?post=28778"},{"taxonomy":"product_tag","embeddable":true,"href":"https:\/\/likeink.com\/es\/wp-json\/wp\/v2\/product_tag?post=28778"}],"curies":[{"name":"wp","href":"https:\/\/api.w.org\/{rel}","templated":true}]}}