{"id":32518,"date":"2024-09-25T13:48:11","date_gmt":"2024-09-25T13:48:11","guid":{"rendered":"https:\/\/likeink.se\/gnuggis\/joker-folie-a-deux-ansiktstatueringar\/"},"modified":"2026-03-16T21:40:38","modified_gmt":"2026-03-16T21:40:38","slug":"tatuajes-faciales-de-joker-folie-a-deux","status":"publish","type":"product","link":"https:\/\/likeink.com\/es\/tatuaje-falso\/tatuajes-faciales-de-joker-folie-a-deux\/","title":{"rendered":"Tatuajes Faciales de Joker Folie \u00e0 Deux"},"content":{"rendered":"","protected":false},"excerpt":{"rendered":"<p>Sum\u00e9rgete en el loco mundo de Joker: Folie \u00e0 Deux con nuestros tatuajes faciales, perfectos para transformarte en el Joker o Harley Quinn. El set incluye el ic\u00f3nico maquillaje facial del Joker en forma de tatuaje: una gran boca sonriente para colocar sobre la tuya (\u00a1no olvides cortar un agujero para la boca!). Tambi\u00e9n incluye un tatuaje para la nariz y detalles para la zona sobre y debajo de los ojos, que se colocan f\u00e1cilmente sobre tus cejas.<\/p>\n<h2>Ordena tatuajes temporales inspirados en la pel\u00edcula Joker Folie \u00e0 Deux<\/h2>\n<p>Para quienes desean convertirse en Harley Quinn, el set incluye peque\u00f1as flechas que a\u00f1aden un toque divertido a tu look. Nuestros tatuajes son f\u00e1ciles de aplicar con agua y se quitan con la misma facilidad, haci\u00e9ndolos perfectos para fiestas de disfraces, festivales y eventos tem\u00e1ticos.<\/p>\n<p><strong>Tama\u00f1o de la hoja y los tatuajes:<\/strong> A5, dise\u00f1ado para el rostro.<br \/>\nF\u00e1cil de aplicar y quitar.<\/p>\n","protected":false},"featured_media":32472,"template":"","meta":[],"product_brand":[],"product_cat":[240,249],"product_tag":[],"class_list":{"0":"post-32518","1":"product","2":"type-product","3":"status-publish","4":"has-post-thumbnail","6":"product_cat-hojas-pre-disenadas","7":"product_cat-tatuajes-de-halloween-es","9":"first","10":"instock","11":"taxable","12":"shipping-taxable","13":"purchasable","14":"product-type-simple"},"yoast_head":"<!-- This site is optimized with the Yoast SEO Premium plugin v26.2 (Yoast SEO v27.4) - https:\/\/yoast.com\/product\/yoast-seo-premium-wordpress\/ -->\n<title>Tatuajes Faciales de Joker Folie \u00e0 Deux - Like ink<\/title>\n<meta name=\"description\" content=\"Tatuajes Faciales de Joker Folie \u00e0 Deux para quienes quieren disfrazarse del Joker o Harley Quinn. \u00a1Alta calidad y entrega r\u00e1pida! - Like ink\" \/>\n<meta name=\"robots\" content=\"index, follow, max-snippet:-1, max-image-preview:large, max-video-preview:-1\" \/>\n<link rel=\"canonical\" href=\"https:\/\/likeink.com\/es\/tatuaje-falso\/tatuajes-faciales-de-joker-folie-a-deux\/\" \/>\n<meta property=\"og:locale\" content=\"es_ES\" \/>\n<meta property=\"og:type\" content=\"article\" \/>\n<meta property=\"og:title\" content=\"Tatuajes Faciales de Joker Folie \u00e0 Deux\" \/>\n<meta property=\"og:description\" content=\"Sum\u00e9rgete en el loco mundo de Joker: Folie \u00e0 Deux con nuestros tatuajes faciales, perfectos para transformarte en el Joker o Harley Quinn. El set incluye el ic\u00f3nico maquillaje facial del Joker en forma de tatuaje: una gran boca sonriente para colocar sobre la tuya (\u00a1no olvides cortar un agujero para la boca!). Tambi\u00e9n incluye un tatuaje para la nariz y detalles para la zona sobre y debajo de los ojos, que se colocan f\u00e1cilmente sobre tus cejas. Ordena tatuajes temporales inspirados en la pel\u00edcula Joker Folie \u00e0 Deux Para quienes desean convertirse en Harley Quinn, el set incluye peque\u00f1as flechas que a\u00f1aden un toque divertido a tu look. Nuestros tatuajes son f\u00e1ciles de aplicar con agua y se quitan con la misma facilidad, haci\u00e9ndolos perfectos para fiestas de disfraces, festivales y eventos tem\u00e1ticos.  Tama\u00f1o de la hoja y los tatuajes: A5, dise\u00f1ado para el rostro. F\u00e1cil de aplicar y quitar.\" \/>\n<meta property=\"og:url\" content=\"https:\/\/likeink.com\/es\/tatuaje-falso\/tatuajes-faciales-de-joker-folie-a-deux\/\" \/>\n<meta property=\"og:site_name\" content=\"Like ink\" \/>\n<meta property=\"article:publisher\" content=\"https:\/\/www.facebook.com\/LikeInkSe\" \/>\n<meta property=\"article:modified_time\" content=\"2026-03-16T21:40:38+00:00\" \/>\n<meta property=\"og:image\" content=\"https:\/\/likeink.com\/wp-content\/uploads\/2024\/09\/Joker-Folie-a-Deux-Likeink-TemporaryTattoos.jpg\" \/>\n\t<meta property=\"og:image:width\" content=\"1800\" \/>\n\t<meta property=\"og:image:height\" content=\"1268\" \/>\n\t<meta property=\"og:image:type\" content=\"image\/jpeg\" \/>\n<meta name=\"twitter:card\" content=\"summary_large_image\" \/>\n<meta name=\"twitter:label1\" content=\"Tiempo de lectura\" \/>\n\t<meta name=\"twitter:data1\" content=\"1 minuto\" \/>\n<script type=\"application\/ld+json\" class=\"yoast-schema-graph\">{\"@context\":\"https:\\\/\\\/schema.org\",\"@graph\":[{\"@type\":\"WebPage\",\"@id\":\"https:\\\/\\\/likeink.com\\\/es\\\/tatuaje-falso\\\/tatuajes-faciales-de-joker-folie-a-deux\\\/\",\"url\":\"https:\\\/\\\/likeink.com\\\/es\\\/tatuaje-falso\\\/tatuajes-faciales-de-joker-folie-a-deux\\\/\",\"name\":\"Tatuajes Faciales de Joker Folie \u00e0 Deux - Like ink\",\"isPartOf\":{\"@id\":\"https:\\\/\\\/likeink.com\\\/es\\\/#website\"},\"primaryImageOfPage\":{\"@id\":\"https:\\\/\\\/likeink.com\\\/es\\\/tatuaje-falso\\\/tatuajes-faciales-de-joker-folie-a-deux\\\/#primaryimage\"},\"image\":{\"@id\":\"https:\\\/\\\/likeink.com\\\/es\\\/tatuaje-falso\\\/tatuajes-faciales-de-joker-folie-a-deux\\\/#primaryimage\"},\"thumbnailUrl\":\"https:\\\/\\\/likeink.com\\\/wp-content\\\/uploads\\\/2024\\\/09\\\/Joker-Folie-a-Deux-Likeink-TemporaryTattoos.jpg\",\"datePublished\":\"2024-09-25T13:48:11+00:00\",\"dateModified\":\"2026-03-16T21:40:38+00:00\",\"description\":\"Tatuajes Faciales de Joker Folie \u00e0 Deux para quienes quieren disfrazarse del Joker o Harley Quinn. \u00a1Alta calidad y entrega r\u00e1pida! - Like ink\",\"breadcrumb\":{\"@id\":\"https:\\\/\\\/likeink.com\\\/es\\\/tatuaje-falso\\\/tatuajes-faciales-de-joker-folie-a-deux\\\/#breadcrumb\"},\"inLanguage\":\"es\",\"potentialAction\":[{\"@type\":\"ReadAction\",\"target\":[\"https:\\\/\\\/likeink.com\\\/es\\\/tatuaje-falso\\\/tatuajes-faciales-de-joker-folie-a-deux\\\/\"]}]},{\"@type\":\"ImageObject\",\"inLanguage\":\"es\",\"@id\":\"https:\\\/\\\/likeink.com\\\/es\\\/tatuaje-falso\\\/tatuajes-faciales-de-joker-folie-a-deux\\\/#primaryimage\",\"url\":\"https:\\\/\\\/likeink.com\\\/wp-content\\\/uploads\\\/2024\\\/09\\\/Joker-Folie-a-Deux-Likeink-TemporaryTattoos.jpg\",\"contentUrl\":\"https:\\\/\\\/likeink.com\\\/wp-content\\\/uploads\\\/2024\\\/09\\\/Joker-Folie-a-Deux-Likeink-TemporaryTattoos.jpg\",\"width\":1800,\"height\":1268,\"caption\":\"Tatuajes faciales del Joker inspirados en la pel\u00edcula Folie \u00e0 Deux. Perfectos para cosplay o fiestas de disfraces, estos tatuajes temporales de alta calidad capturan la esencia ca\u00f3tica del personaje del Joker.\"},{\"@type\":\"BreadcrumbList\",\"@id\":\"https:\\\/\\\/likeink.com\\\/es\\\/tatuaje-falso\\\/tatuajes-faciales-de-joker-folie-a-deux\\\/#breadcrumb\",\"itemListElement\":[{\"@type\":\"ListItem\",\"position\":1,\"name\":\"Hem\",\"item\":\"https:\\\/\\\/likeink.com\\\/es\\\/\"},{\"@type\":\"ListItem\",\"position\":2,\"name\":\"Shop\",\"item\":\"https:\\\/\\\/likeink.com\\\/es\\\/shop\\\/\"},{\"@type\":\"ListItem\",\"position\":3,\"name\":\"Tatuajes Faciales de Joker Folie \u00e0 Deux\"}]},{\"@type\":\"WebSite\",\"@id\":\"https:\\\/\\\/likeink.com\\\/es\\\/#website\",\"url\":\"https:\\\/\\\/likeink.com\\\/es\\\/\",\"name\":\"Like ink\",\"description\":\"HAZ TUS PROPIOS TATUAJES TEMPORALES\",\"potentialAction\":[{\"@type\":\"SearchAction\",\"target\":{\"@type\":\"EntryPoint\",\"urlTemplate\":\"https:\\\/\\\/likeink.com\\\/es\\\/?s={search_term_string}\"},\"query-input\":{\"@type\":\"PropertyValueSpecification\",\"valueRequired\":true,\"valueName\":\"search_term_string\"}}],\"inLanguage\":\"es\"}]}<\/script>\n<!-- \/ Yoast SEO Premium plugin. -->","yoast_head_json":{"title":"Tatuajes Faciales de Joker Folie \u00e0 Deux - Like ink","description":"Tatuajes Faciales de Joker Folie \u00e0 Deux para quienes quieren disfrazarse del Joker o Harley Quinn. \u00a1Alta calidad y entrega r\u00e1pida! - Like ink","robots":{"index":"index","follow":"follow","max-snippet":"max-snippet:-1","max-image-preview":"max-image-preview:large","max-video-preview":"max-video-preview:-1"},"canonical":"https:\/\/likeink.com\/es\/tatuaje-falso\/tatuajes-faciales-de-joker-folie-a-deux\/","og_locale":"es_ES","og_type":"article","og_title":"Tatuajes Faciales de Joker Folie \u00e0 Deux","og_description":"Sum\u00e9rgete en el loco mundo de Joker: Folie \u00e0 Deux con nuestros tatuajes faciales, perfectos para transformarte en el Joker o Harley Quinn. El set incluye el ic\u00f3nico maquillaje facial del Joker en forma de tatuaje: una gran boca sonriente para colocar sobre la tuya (\u00a1no olvides cortar un agujero para la boca!). Tambi\u00e9n incluye un tatuaje para la nariz y detalles para la zona sobre y debajo de los ojos, que se colocan f\u00e1cilmente sobre tus cejas. Ordena tatuajes temporales inspirados en la pel\u00edcula Joker Folie \u00e0 Deux Para quienes desean convertirse en Harley Quinn, el set incluye peque\u00f1as flechas que a\u00f1aden un toque divertido a tu look. Nuestros tatuajes son f\u00e1ciles de aplicar con agua y se quitan con la misma facilidad, haci\u00e9ndolos perfectos para fiestas de disfraces, festivales y eventos tem\u00e1ticos.  Tama\u00f1o de la hoja y los tatuajes: A5, dise\u00f1ado para el rostro. F\u00e1cil de aplicar y quitar.","og_url":"https:\/\/likeink.com\/es\/tatuaje-falso\/tatuajes-faciales-de-joker-folie-a-deux\/","og_site_name":"Like ink","article_publisher":"https:\/\/www.facebook.com\/LikeInkSe","article_modified_time":"2026-03-16T21:40:38+00:00","og_image":[{"width":1800,"height":1268,"url":"https:\/\/likeink.com\/wp-content\/uploads\/2024\/09\/Joker-Folie-a-Deux-Likeink-TemporaryTattoos.jpg","type":"image\/jpeg"}],"twitter_card":"summary_large_image","twitter_misc":{"Tiempo de lectura":"1 minuto"},"schema":{"@context":"https:\/\/schema.org","@graph":[{"@type":"WebPage","@id":"https:\/\/likeink.com\/es\/tatuaje-falso\/tatuajes-faciales-de-joker-folie-a-deux\/","url":"https:\/\/likeink.com\/es\/tatuaje-falso\/tatuajes-faciales-de-joker-folie-a-deux\/","name":"Tatuajes Faciales de Joker Folie \u00e0 Deux - Like ink","isPartOf":{"@id":"https:\/\/likeink.com\/es\/#website"},"primaryImageOfPage":{"@id":"https:\/\/likeink.com\/es\/tatuaje-falso\/tatuajes-faciales-de-joker-folie-a-deux\/#primaryimage"},"image":{"@id":"https:\/\/likeink.com\/es\/tatuaje-falso\/tatuajes-faciales-de-joker-folie-a-deux\/#primaryimage"},"thumbnailUrl":"https:\/\/likeink.com\/wp-content\/uploads\/2024\/09\/Joker-Folie-a-Deux-Likeink-TemporaryTattoos.jpg","datePublished":"2024-09-25T13:48:11+00:00","dateModified":"2026-03-16T21:40:38+00:00","description":"Tatuajes Faciales de Joker Folie \u00e0 Deux para quienes quieren disfrazarse del Joker o Harley Quinn. \u00a1Alta calidad y entrega r\u00e1pida! - Like ink","breadcrumb":{"@id":"https:\/\/likeink.com\/es\/tatuaje-falso\/tatuajes-faciales-de-joker-folie-a-deux\/#breadcrumb"},"inLanguage":"es","potentialAction":[{"@type":"ReadAction","target":["https:\/\/likeink.com\/es\/tatuaje-falso\/tatuajes-faciales-de-joker-folie-a-deux\/"]}]},{"@type":"ImageObject","inLanguage":"es","@id":"https:\/\/likeink.com\/es\/tatuaje-falso\/tatuajes-faciales-de-joker-folie-a-deux\/#primaryimage","url":"https:\/\/likeink.com\/wp-content\/uploads\/2024\/09\/Joker-Folie-a-Deux-Likeink-TemporaryTattoos.jpg","contentUrl":"https:\/\/likeink.com\/wp-content\/uploads\/2024\/09\/Joker-Folie-a-Deux-Likeink-TemporaryTattoos.jpg","width":1800,"height":1268,"caption":"Tatuajes faciales del Joker inspirados en la pel\u00edcula Folie \u00e0 Deux. Perfectos para cosplay o fiestas de disfraces, estos tatuajes temporales de alta calidad capturan la esencia ca\u00f3tica del personaje del Joker."},{"@type":"BreadcrumbList","@id":"https:\/\/likeink.com\/es\/tatuaje-falso\/tatuajes-faciales-de-joker-folie-a-deux\/#breadcrumb","itemListElement":[{"@type":"ListItem","position":1,"name":"Hem","item":"https:\/\/likeink.com\/es\/"},{"@type":"ListItem","position":2,"name":"Shop","item":"https:\/\/likeink.com\/es\/shop\/"},{"@type":"ListItem","position":3,"name":"Tatuajes Faciales de Joker Folie \u00e0 Deux"}]},{"@type":"WebSite","@id":"https:\/\/likeink.com\/es\/#website","url":"https:\/\/likeink.com\/es\/","name":"Like ink","description":"HAZ TUS PROPIOS TATUAJES TEMPORALES","potentialAction":[{"@type":"SearchAction","target":{"@type":"EntryPoint","urlTemplate":"https:\/\/likeink.com\/es\/?s={search_term_string}"},"query-input":{"@type":"PropertyValueSpecification","valueRequired":true,"valueName":"search_term_string"}}],"inLanguage":"es"}]}},"_links":{"self":[{"href":"https:\/\/likeink.com\/es\/wp-json\/wp\/v2\/product\/32518","targetHints":{"allow":["GET"]}}],"collection":[{"href":"https:\/\/likeink.com\/es\/wp-json\/wp\/v2\/product"}],"about":[{"href":"https:\/\/likeink.com\/es\/wp-json\/wp\/v2\/types\/product"}],"wp:featuredmedia":[{"embeddable":true,"href":"https:\/\/likeink.com\/es\/wp-json\/wp\/v2\/media\/32472"}],"wp:attachment":[{"href":"https:\/\/likeink.com\/es\/wp-json\/wp\/v2\/media?parent=32518"}],"wp:term":[{"taxonomy":"product_brand","embeddable":true,"href":"https:\/\/likeink.com\/es\/wp-json\/wp\/v2\/product_brand?post=32518"},{"taxonomy":"product_cat","embeddable":true,"href":"https:\/\/likeink.com\/es\/wp-json\/wp\/v2\/product_cat?post=32518"},{"taxonomy":"product_tag","embeddable":true,"href":"https:\/\/likeink.com\/es\/wp-json\/wp\/v2\/product_tag?post=32518"}],"curies":[{"name":"wp","href":"https:\/\/api.w.org\/{rel}","templated":true}]}}