{"id":32697,"date":"2024-09-27T12:52:03","date_gmt":"2024-09-27T12:52:04","guid":{"rendered":"https:\/\/likeink.se\/?post_type=product&#038;p=32697"},"modified":"2026-03-16T21:41:44","modified_gmt":"2026-03-16T21:41:44","slug":"prison-tatuajes-a5","status":"publish","type":"product","link":"https:\/\/likeink.com\/es\/tatuaje-falso\/prison-tatuajes-a5\/","title":{"rendered":"Prison tatuajes"},"content":{"rendered":"","protected":false},"excerpt":{"rendered":"<p>Hoja de tatuajes temporales con dise\u00f1os inspirados en la prisi\u00f3n. Incluye una calavera detallada con huesos cruzados, una gran rosa con hojas, una ara\u00f1a en una telara\u00f1a y motivos de alambre de p\u00faas. Letras g\u00f3ticas para tatuajes en los nudillos con las palabras &#8220;LOVE &#8211; HATE&#8221; y &#8220;WILD &#8211; FREE.&#8221; Elementos adicionales incluyen una botella con &#8220;XXX&#8221; y formas de estrellas dispersas, creando una est\u00e9tica dura y rebelde. Perfecto para quienes buscan dise\u00f1os de tatuajes atrevidos y con filo, especialmente inspirados en tatuajes de nudillos.<\/p>\n<p>Hechos con tinta y materiales no t\u00f3xicos de alta calidad, los tatuajes son seguros y f\u00e1ciles de aplicar.<\/p>\n<h2>Compra tatuajes temporales inspirados en la prisi\u00f3n para aplicar en la cara u otras partes del cuerpo<\/h2>\n<p>Nuestros tatuajes son hipoalerg\u00e9nicos y seguros para todo tipo de piel. Son f\u00e1ciles de aplicar con agua y duran varios d\u00edas, lo que los hace perfectos para fiestas, festivales y eventos de disfraces.<\/p>\n<p><strong>Tama\u00f1o de la hoja:<\/strong> A5<br \/>\n<strong>Tama\u00f1o de los tatuajes:<\/strong> aprox. 2-20 cm de ancho<\/p>\n","protected":false},"featured_media":32691,"template":"","meta":[],"product_brand":[],"product_cat":[517,240,510],"product_tag":[],"class_list":{"0":"post-32697","1":"product","2":"type-product","3":"status-publish","4":"has-post-thumbnail","6":"product_cat-disfraz-temporada","7":"product_cat-hojas-pre-disenadas","8":"product_cat-old-school-retro-es","10":"first","11":"instock","12":"taxable","13":"shipping-taxable","14":"purchasable","15":"product-type-simple"},"yoast_head":"<!-- This site is optimized with the Yoast SEO Premium plugin v26.2 (Yoast SEO v27.4) - https:\/\/yoast.com\/product\/yoast-seo-premium-wordpress\/ -->\n<title>Prison tatuajes - Like ink<\/title>\n<meta name=\"description\" content=\"Tatuajes temporales con dise\u00f1os inspirados en prisi\u00f3n, incluyendo una calavera, alambre de p\u00faas, una ara\u00f1a y texto en los nudillos.- \u00a1Buena calidad y entrega r\u00e1pida!\" \/>\n<meta name=\"robots\" content=\"index, follow, max-snippet:-1, max-image-preview:large, max-video-preview:-1\" \/>\n<link rel=\"canonical\" href=\"https:\/\/likeink.com\/es\/tatuaje-falso\/prison-tatuajes-a5\/\" \/>\n<meta property=\"og:locale\" content=\"es_ES\" \/>\n<meta property=\"og:type\" content=\"article\" \/>\n<meta property=\"og:title\" content=\"Prison tatuajes\" \/>\n<meta property=\"og:description\" content=\"Hoja de tatuajes temporales con dise\u00f1os inspirados en la prisi\u00f3n. Incluye una calavera detallada con huesos cruzados, una gran rosa con hojas, una ara\u00f1a en una telara\u00f1a y motivos de alambre de p\u00faas. Letras g\u00f3ticas para tatuajes en los nudillos con las palabras &quot;LOVE - HATE&quot; y &quot;WILD - FREE.&quot; Elementos adicionales incluyen una botella con &quot;XXX&quot; y formas de estrellas dispersas, creando una est\u00e9tica dura y rebelde. Perfecto para quienes buscan dise\u00f1os de tatuajes atrevidos y con filo, especialmente inspirados en tatuajes de nudillos.  Hechos con tinta y materiales no t\u00f3xicos de alta calidad, los tatuajes son seguros y f\u00e1ciles de aplicar. Compra tatuajes temporales inspirados en la prisi\u00f3n para aplicar en la cara u otras partes del cuerpo Nuestros tatuajes son hipoalerg\u00e9nicos y seguros para todo tipo de piel. Son f\u00e1ciles de aplicar con agua y duran varios d\u00edas, lo que los hace perfectos para fiestas, festivales y eventos de disfraces.  Tama\u00f1o de la hoja: A5 Tama\u00f1o de los tatuajes: aprox. 2-20 cm de ancho\" \/>\n<meta property=\"og:url\" content=\"https:\/\/likeink.com\/es\/tatuaje-falso\/prison-tatuajes-a5\/\" \/>\n<meta property=\"og:site_name\" content=\"Like ink\" \/>\n<meta property=\"article:publisher\" content=\"https:\/\/www.facebook.com\/LikeInkSe\" \/>\n<meta property=\"article:modified_time\" content=\"2026-03-16T21:41:44+00:00\" \/>\n<meta property=\"og:image\" content=\"https:\/\/likeink.com\/wp-content\/uploads\/2024\/09\/1009_prison_tattoos_likeink_web.png\" \/>\n\t<meta property=\"og:image:width\" content=\"1400\" \/>\n\t<meta property=\"og:image:height\" content=\"987\" \/>\n\t<meta property=\"og:image:type\" content=\"image\/png\" \/>\n<meta name=\"twitter:card\" content=\"summary_large_image\" \/>\n<meta name=\"twitter:label1\" content=\"Tiempo de lectura\" \/>\n\t<meta name=\"twitter:data1\" content=\"1 minuto\" \/>\n<!-- \/ Yoast SEO Premium plugin. -->","yoast_head_json":{"title":"Prison tatuajes - Like ink","description":"Tatuajes temporales con dise\u00f1os inspirados en prisi\u00f3n, incluyendo una calavera, alambre de p\u00faas, una ara\u00f1a y texto en los nudillos.- \u00a1Buena calidad y entrega r\u00e1pida!","robots":{"index":"index","follow":"follow","max-snippet":"max-snippet:-1","max-image-preview":"max-image-preview:large","max-video-preview":"max-video-preview:-1"},"canonical":"https:\/\/likeink.com\/es\/tatuaje-falso\/prison-tatuajes-a5\/","og_locale":"es_ES","og_type":"article","og_title":"Prison tatuajes","og_description":"Hoja de tatuajes temporales con dise\u00f1os inspirados en la prisi\u00f3n. Incluye una calavera detallada con huesos cruzados, una gran rosa con hojas, una ara\u00f1a en una telara\u00f1a y motivos de alambre de p\u00faas. Letras g\u00f3ticas para tatuajes en los nudillos con las palabras \"LOVE - HATE\" y \"WILD - FREE.\" Elementos adicionales incluyen una botella con \"XXX\" y formas de estrellas dispersas, creando una est\u00e9tica dura y rebelde. Perfecto para quienes buscan dise\u00f1os de tatuajes atrevidos y con filo, especialmente inspirados en tatuajes de nudillos.  Hechos con tinta y materiales no t\u00f3xicos de alta calidad, los tatuajes son seguros y f\u00e1ciles de aplicar. Compra tatuajes temporales inspirados en la prisi\u00f3n para aplicar en la cara u otras partes del cuerpo Nuestros tatuajes son hipoalerg\u00e9nicos y seguros para todo tipo de piel. Son f\u00e1ciles de aplicar con agua y duran varios d\u00edas, lo que los hace perfectos para fiestas, festivales y eventos de disfraces.  Tama\u00f1o de la hoja: A5 Tama\u00f1o de los tatuajes: aprox. 2-20 cm de ancho","og_url":"https:\/\/likeink.com\/es\/tatuaje-falso\/prison-tatuajes-a5\/","og_site_name":"Like ink","article_publisher":"https:\/\/www.facebook.com\/LikeInkSe","article_modified_time":"2026-03-16T21:41:44+00:00","og_image":[{"width":1400,"height":987,"url":"https:\/\/likeink.com\/wp-content\/uploads\/2024\/09\/1009_prison_tattoos_likeink_web.png","type":"image\/png"}],"twitter_card":"summary_large_image","twitter_misc":{"Tiempo de lectura":"1 minuto"},"schema":{"@context":"https:\/\/schema.org","@graph":[{"@type":"WebPage","@id":"https:\/\/likeink.com\/es\/tatuaje-falso\/prison-tatuajes-a5\/","url":"https:\/\/likeink.com\/es\/tatuaje-falso\/prison-tatuajes-a5\/","name":"Prison tatuajes - Like ink","isPartOf":{"@id":"https:\/\/likeink.com\/es\/#website"},"primaryImageOfPage":{"@id":"https:\/\/likeink.com\/es\/tatuaje-falso\/prison-tatuajes-a5\/#primaryimage"},"image":{"@id":"https:\/\/likeink.com\/es\/tatuaje-falso\/prison-tatuajes-a5\/#primaryimage"},"thumbnailUrl":"https:\/\/likeink.com\/wp-content\/uploads\/2024\/09\/1009_prison_tattoos_likeink_web.png","datePublished":"2024-09-27T12:52:04+00:00","dateModified":"2026-03-16T21:41:44+00:00","description":"Tatuajes temporales con dise\u00f1os inspirados en prisi\u00f3n, incluyendo una calavera, alambre de p\u00faas, una ara\u00f1a y texto en los nudillos.- \u00a1Buena calidad y entrega r\u00e1pida!","breadcrumb":{"@id":"https:\/\/likeink.com\/es\/tatuaje-falso\/prison-tatuajes-a5\/#breadcrumb"},"inLanguage":"es","potentialAction":[{"@type":"ReadAction","target":["https:\/\/likeink.com\/es\/tatuaje-falso\/prison-tatuajes-a5\/"]}]},{"@type":"ImageObject","inLanguage":"es","@id":"https:\/\/likeink.com\/es\/tatuaje-falso\/prison-tatuajes-a5\/#primaryimage","url":"https:\/\/likeink.com\/wp-content\/uploads\/2024\/09\/1009_prison_tattoos_likeink_web.png","contentUrl":"https:\/\/likeink.com\/wp-content\/uploads\/2024\/09\/1009_prison_tattoos_likeink_web.png","width":1400,"height":987,"caption":"Tatuajes temporales con tem\u00e1tica de prisi\u00f3n, con una calavera, una rosa, una ara\u00f1a en su telara\u00f1a, alambre de p\u00faas, una botella y letras de tatuajes para nudillos que forman las palabras \"LOVE,\" \"HATE,\" \"WILD,\" y \"FREE.\""},{"@type":"BreadcrumbList","@id":"https:\/\/likeink.com\/es\/tatuaje-falso\/prison-tatuajes-a5\/#breadcrumb","itemListElement":[{"@type":"ListItem","position":1,"name":"Hem","item":"https:\/\/likeink.com\/es\/"},{"@type":"ListItem","position":2,"name":"Shop","item":"https:\/\/likeink.com\/es\/shop\/"},{"@type":"ListItem","position":3,"name":"Prison tatuajes"}]},{"@type":"WebSite","@id":"https:\/\/likeink.com\/es\/#website","url":"https:\/\/likeink.com\/es\/","name":"Like ink","description":"HAZ TUS PROPIOS TATUAJES TEMPORALES","potentialAction":[{"@type":"SearchAction","target":{"@type":"EntryPoint","urlTemplate":"https:\/\/likeink.com\/es\/?s={search_term_string}"},"query-input":{"@type":"PropertyValueSpecification","valueRequired":true,"valueName":"search_term_string"}}],"inLanguage":"es"}]}},"_links":{"self":[{"href":"https:\/\/likeink.com\/es\/wp-json\/wp\/v2\/product\/32697","targetHints":{"allow":["GET"]}}],"collection":[{"href":"https:\/\/likeink.com\/es\/wp-json\/wp\/v2\/product"}],"about":[{"href":"https:\/\/likeink.com\/es\/wp-json\/wp\/v2\/types\/product"}],"wp:featuredmedia":[{"embeddable":true,"href":"https:\/\/likeink.com\/es\/wp-json\/wp\/v2\/media\/32691"}],"wp:attachment":[{"href":"https:\/\/likeink.com\/es\/wp-json\/wp\/v2\/media?parent=32697"}],"wp:term":[{"taxonomy":"product_brand","embeddable":true,"href":"https:\/\/likeink.com\/es\/wp-json\/wp\/v2\/product_brand?post=32697"},{"taxonomy":"product_cat","embeddable":true,"href":"https:\/\/likeink.com\/es\/wp-json\/wp\/v2\/product_cat?post=32697"},{"taxonomy":"product_tag","embeddable":true,"href":"https:\/\/likeink.com\/es\/wp-json\/wp\/v2\/product_tag?post=32697"}],"curies":[{"name":"wp","href":"https:\/\/api.w.org\/{rel}","templated":true}]}}