{"id":35092,"date":"2025-01-24T12:57:43","date_gmt":"2025-01-24T12:57:43","guid":{"rendered":"https:\/\/likeink.se\/gnuggis\/kristna-symboler-a5\/"},"modified":"2026-03-16T21:41:44","modified_gmt":"2026-03-16T21:41:44","slug":"simbolos-cristianos","status":"publish","type":"product","link":"https:\/\/likeink.com\/es\/tatuaje-falso\/simbolos-cristianos\/","title":{"rendered":"S\u00edmbolos Cristianos"},"content":{"rendered":"","protected":false},"excerpt":{"rendered":"<p>Descubre una colecci\u00f3n \u00fanica de tatuajes temporales con s\u00edmbolos cristianos. Perfectos para quienes desean expresar su fe o adornar su piel con dise\u00f1os significativos. La hoja A5 de Like Ink incluye 17 tatuajes detallados con s\u00edmbolos cristianos ic\u00f3nicos como:<\/p>\n<h2>Compra Tatuajes Temporales con S\u00edmbolos Cristianos<\/h2>\n<p>&#8211; Paloma \u2013 s\u00edmbolo del Esp\u00edritu Santo y la paz. &#8211; Pez (Ichthys) \u2013 un s\u00edmbolo cl\u00e1sico del cristianismo. &#8211; Calavera \u2013 un recordatorio de la muerte y la victoria de Jes\u00fas sobre el pecado. &#8211; Alfa y Omega \u2013 s\u00edmbolos del principio y el fin, un tributo a Dios. &#8211; Reloj de arena \u2013 una reflexi\u00f3n sobre la fugacidad de la vida. &#8211; Cruz \u2013 el signo m\u00e1s fuerte del sacrificio y el amor de Jes\u00fas. &#8211; F\u00e9nix \u2013 un s\u00edmbolo de resurrecci\u00f3n, vida eterna y esperanza, ya que renace de las cenizas tras la muerte.<br \/>\nNuestros tatuajes temporales son f\u00e1ciles de aplicar y suaves para la piel. Perfectos para reuniones cristianas, confirmaciones, eventos o simplemente para expresar tu fe con estilo.<\/p>\n<p>\u00a1Compra tus tatuajes temporales cristianos hoy y lleva contigo los s\u00edmbolos que te inspiran!<\/p>\n<p>Tama\u00f1o de la hoja: A5<br \/>\nN\u00famero de tatuajes: 17<br \/>\nTama\u00f1o de los tatuajes: aprox. 2\u20138 cm<\/p>\n","protected":false},"featured_media":35061,"template":"","meta":[],"product_brand":[],"product_cat":[240,546],"product_tag":[],"class_list":{"0":"post-35092","1":"product","2":"type-product","3":"status-publish","4":"has-post-thumbnail","6":"product_cat-hojas-pre-disenadas","7":"product_cat-tribal-simbolos-runas","9":"first","10":"instock","11":"taxable","12":"shipping-taxable","13":"purchasable","14":"product-type-simple"},"yoast_head":"<!-- This site is optimized with the Yoast SEO Premium plugin v26.2 (Yoast SEO v27.5) - https:\/\/yoast.com\/product\/yoast-seo-premium-wordpress\/ -->\n<title>S\u00edmbolos Cristianos - Like ink<\/title>\n<meta name=\"description\" content=\"S\u00edmbolos cristianos en forma de tatuajes temporales. Dise\u00f1o elegante que funciona como tatuaje y presenta s\u00edmbolos cristianos cl\u00e1sicos y hermosos.\" \/>\n<meta name=\"robots\" content=\"index, follow, max-snippet:-1, max-image-preview:large, max-video-preview:-1\" \/>\n<link rel=\"canonical\" href=\"https:\/\/likeink.com\/es\/tatuaje-falso\/simbolos-cristianos\/\" \/>\n<meta property=\"og:locale\" content=\"es_ES\" \/>\n<meta property=\"og:type\" content=\"article\" \/>\n<meta property=\"og:title\" content=\"S\u00edmbolos Cristianos\" \/>\n<meta property=\"og:description\" content=\"Descubre una colecci\u00f3n \u00fanica de tatuajes temporales con s\u00edmbolos cristianos. Perfectos para quienes desean expresar su fe o adornar su piel con dise\u00f1os significativos. La hoja A5 de Like Ink incluye 17 tatuajes detallados con s\u00edmbolos cristianos ic\u00f3nicos como: Compra Tatuajes Temporales con S\u00edmbolos Cristianos - Paloma \u2013 s\u00edmbolo del Esp\u00edritu Santo y la paz. - Pez (Ichthys) \u2013 un s\u00edmbolo cl\u00e1sico del cristianismo. - Calavera \u2013 un recordatorio de la muerte y la victoria de Jes\u00fas sobre el pecado. - Alfa y Omega \u2013 s\u00edmbolos del principio y el fin, un tributo a Dios. - Reloj de arena \u2013 una reflexi\u00f3n sobre la fugacidad de la vida. - Cruz \u2013 el signo m\u00e1s fuerte del sacrificio y el amor de Jes\u00fas. - F\u00e9nix \u2013 un s\u00edmbolo de resurrecci\u00f3n, vida eterna y esperanza, ya que renace de las cenizas tras la muerte. Nuestros tatuajes temporales son f\u00e1ciles de aplicar y suaves para la piel. Perfectos para reuniones cristianas, confirmaciones, eventos o simplemente para expresar tu fe con estilo.  \u00a1Compra tus tatuajes temporales cristianos hoy y lleva contigo los s\u00edmbolos que te inspiran!  Tama\u00f1o de la hoja: A5 N\u00famero de tatuajes: 17 Tama\u00f1o de los tatuajes: aprox. 2\u20138 cm\" \/>\n<meta property=\"og:url\" content=\"https:\/\/likeink.com\/es\/tatuaje-falso\/simbolos-cristianos\/\" \/>\n<meta property=\"og:site_name\" content=\"Like ink\" \/>\n<meta property=\"article:publisher\" content=\"https:\/\/www.facebook.com\/LikeInkSe\" \/>\n<meta property=\"article:modified_time\" content=\"2026-03-16T21:41:44+00:00\" \/>\n<meta property=\"og:image\" content=\"https:\/\/likeink.com\/wp-content\/uploads\/2025\/01\/Kristna-Symboler-Tatuering-Likeink.jpg\" \/>\n\t<meta property=\"og:image:width\" content=\"1400\" \/>\n\t<meta property=\"og:image:height\" content=\"986\" \/>\n\t<meta property=\"og:image:type\" content=\"image\/jpeg\" \/>\n<meta name=\"twitter:card\" content=\"summary_large_image\" \/>\n<meta name=\"twitter:label1\" content=\"Tiempo de lectura\" \/>\n\t<meta name=\"twitter:data1\" content=\"1 minuto\" \/>\n<!-- \/ Yoast SEO Premium plugin. -->","yoast_head_json":{"title":"S\u00edmbolos Cristianos - Like ink","description":"S\u00edmbolos cristianos en forma de tatuajes temporales. Dise\u00f1o elegante que funciona como tatuaje y presenta s\u00edmbolos cristianos cl\u00e1sicos y hermosos.","robots":{"index":"index","follow":"follow","max-snippet":"max-snippet:-1","max-image-preview":"max-image-preview:large","max-video-preview":"max-video-preview:-1"},"canonical":"https:\/\/likeink.com\/es\/tatuaje-falso\/simbolos-cristianos\/","og_locale":"es_ES","og_type":"article","og_title":"S\u00edmbolos Cristianos","og_description":"Descubre una colecci\u00f3n \u00fanica de tatuajes temporales con s\u00edmbolos cristianos. Perfectos para quienes desean expresar su fe o adornar su piel con dise\u00f1os significativos. La hoja A5 de Like Ink incluye 17 tatuajes detallados con s\u00edmbolos cristianos ic\u00f3nicos como: Compra Tatuajes Temporales con S\u00edmbolos Cristianos - Paloma \u2013 s\u00edmbolo del Esp\u00edritu Santo y la paz. - Pez (Ichthys) \u2013 un s\u00edmbolo cl\u00e1sico del cristianismo. - Calavera \u2013 un recordatorio de la muerte y la victoria de Jes\u00fas sobre el pecado. - Alfa y Omega \u2013 s\u00edmbolos del principio y el fin, un tributo a Dios. - Reloj de arena \u2013 una reflexi\u00f3n sobre la fugacidad de la vida. - Cruz \u2013 el signo m\u00e1s fuerte del sacrificio y el amor de Jes\u00fas. - F\u00e9nix \u2013 un s\u00edmbolo de resurrecci\u00f3n, vida eterna y esperanza, ya que renace de las cenizas tras la muerte. Nuestros tatuajes temporales son f\u00e1ciles de aplicar y suaves para la piel. Perfectos para reuniones cristianas, confirmaciones, eventos o simplemente para expresar tu fe con estilo.  \u00a1Compra tus tatuajes temporales cristianos hoy y lleva contigo los s\u00edmbolos que te inspiran!  Tama\u00f1o de la hoja: A5 N\u00famero de tatuajes: 17 Tama\u00f1o de los tatuajes: aprox. 2\u20138 cm","og_url":"https:\/\/likeink.com\/es\/tatuaje-falso\/simbolos-cristianos\/","og_site_name":"Like ink","article_publisher":"https:\/\/www.facebook.com\/LikeInkSe","article_modified_time":"2026-03-16T21:41:44+00:00","og_image":[{"width":1400,"height":986,"url":"https:\/\/likeink.com\/wp-content\/uploads\/2025\/01\/Kristna-Symboler-Tatuering-Likeink.jpg","type":"image\/jpeg"}],"twitter_card":"summary_large_image","twitter_misc":{"Tiempo de lectura":"1 minuto"},"schema":{"@context":"https:\/\/schema.org","@graph":[{"@type":"WebPage","@id":"https:\/\/likeink.com\/es\/tatuaje-falso\/simbolos-cristianos\/","url":"https:\/\/likeink.com\/es\/tatuaje-falso\/simbolos-cristianos\/","name":"S\u00edmbolos Cristianos - Like ink","isPartOf":{"@id":"https:\/\/likeink.com\/es\/#website"},"primaryImageOfPage":{"@id":"https:\/\/likeink.com\/es\/tatuaje-falso\/simbolos-cristianos\/#primaryimage"},"image":{"@id":"https:\/\/likeink.com\/es\/tatuaje-falso\/simbolos-cristianos\/#primaryimage"},"thumbnailUrl":"https:\/\/likeink.com\/wp-content\/uploads\/2025\/01\/Kristna-Symboler-Tatuering-Likeink.jpg","datePublished":"2025-01-24T12:57:43+00:00","dateModified":"2026-03-16T21:41:44+00:00","description":"S\u00edmbolos cristianos en forma de tatuajes temporales. Dise\u00f1o elegante que funciona como tatuaje y presenta s\u00edmbolos cristianos cl\u00e1sicos y hermosos.","breadcrumb":{"@id":"https:\/\/likeink.com\/es\/tatuaje-falso\/simbolos-cristianos\/#breadcrumb"},"inLanguage":"es","potentialAction":[{"@type":"ReadAction","target":["https:\/\/likeink.com\/es\/tatuaje-falso\/simbolos-cristianos\/"]}]},{"@type":"ImageObject","inLanguage":"es","@id":"https:\/\/likeink.com\/es\/tatuaje-falso\/simbolos-cristianos\/#primaryimage","url":"https:\/\/likeink.com\/wp-content\/uploads\/2025\/01\/Kristna-Symboler-Tatuering-Likeink.jpg","contentUrl":"https:\/\/likeink.com\/wp-content\/uploads\/2025\/01\/Kristna-Symboler-Tatuering-Likeink.jpg","width":1400,"height":986,"caption":"Tatuajes temporales con s\u00edmbolos cristianos."},{"@type":"BreadcrumbList","@id":"https:\/\/likeink.com\/es\/tatuaje-falso\/simbolos-cristianos\/#breadcrumb","itemListElement":[{"@type":"ListItem","position":1,"name":"Hem","item":"https:\/\/likeink.com\/es\/"},{"@type":"ListItem","position":2,"name":"Shop","item":"https:\/\/likeink.com\/es\/shop\/"},{"@type":"ListItem","position":3,"name":"S\u00edmbolos Cristianos"}]},{"@type":"WebSite","@id":"https:\/\/likeink.com\/es\/#website","url":"https:\/\/likeink.com\/es\/","name":"Like ink","description":"HAZ TUS PROPIOS TATUAJES TEMPORALES","potentialAction":[{"@type":"SearchAction","target":{"@type":"EntryPoint","urlTemplate":"https:\/\/likeink.com\/es\/?s={search_term_string}"},"query-input":{"@type":"PropertyValueSpecification","valueRequired":true,"valueName":"search_term_string"}}],"inLanguage":"es"}]}},"_links":{"self":[{"href":"https:\/\/likeink.com\/es\/wp-json\/wp\/v2\/product\/35092","targetHints":{"allow":["GET"]}}],"collection":[{"href":"https:\/\/likeink.com\/es\/wp-json\/wp\/v2\/product"}],"about":[{"href":"https:\/\/likeink.com\/es\/wp-json\/wp\/v2\/types\/product"}],"wp:featuredmedia":[{"embeddable":true,"href":"https:\/\/likeink.com\/es\/wp-json\/wp\/v2\/media\/35061"}],"wp:attachment":[{"href":"https:\/\/likeink.com\/es\/wp-json\/wp\/v2\/media?parent=35092"}],"wp:term":[{"taxonomy":"product_brand","embeddable":true,"href":"https:\/\/likeink.com\/es\/wp-json\/wp\/v2\/product_brand?post=35092"},{"taxonomy":"product_cat","embeddable":true,"href":"https:\/\/likeink.com\/es\/wp-json\/wp\/v2\/product_cat?post=35092"},{"taxonomy":"product_tag","embeddable":true,"href":"https:\/\/likeink.com\/es\/wp-json\/wp\/v2\/product_tag?post=35092"}],"curies":[{"name":"wp","href":"https:\/\/api.w.org\/{rel}","templated":true}]}}