{"id":35362,"date":"2025-02-11T12:44:39","date_gmt":"2025-02-11T12:44:39","guid":{"rendered":"https:\/\/likeink.se\/gnuggis\/silvertatuering-ark\/"},"modified":"2025-02-11T13:00:01","modified_gmt":"2025-02-11T13:00:01","slug":"tatuaje-plateado-hoja","status":"publish","type":"product","link":"https:\/\/likeink.com\/es\/tatuaje-falso\/tatuaje-plateado-hoja\/","title":{"rendered":"Tatuaje Plateado Hoja A4"},"content":{"rendered":"","protected":false},"excerpt":{"rendered":"<p>Tatuaje Plateado \u2013 Desata tu creatividad con nuestra hoja A4 plateada y brillante. \u00a1Toda la superficie funciona como un tatuaje temporal! Recorta tus propios dise\u00f1os y crea patrones \u00fanicos que seguro llamar\u00e1n la atenci\u00f3n. Perfecto para fiestas, festivales o cuando solo quieras brillar un poco m\u00e1s.<\/p>\n<h2>Crea tus propios tatuajes temporales en plata recortando los patrones que desees<\/h2>\n<p>Amigables con la piel y f\u00e1ciles de usar \u2013 aplica r\u00e1pidamente con agua y qu\u00edtalos cuando quieras cambiar de estilo. Crea desde peque\u00f1os detalles hasta grandes dise\u00f1os, completamente adaptados a tu imaginaci\u00f3n.<\/p>\n<p>Tama\u00f1o: A4<\/p>\n","protected":false},"featured_media":35336,"template":"","meta":[],"product_brand":[],"product_cat":[517,240],"product_tag":[],"class_list":{"0":"post-35362","1":"product","2":"type-product","3":"status-publish","4":"has-post-thumbnail","6":"product_cat-disfraz-temporada","7":"product_cat-hojas-pre-disenadas","9":"first","10":"instock","11":"taxable","12":"shipping-taxable","13":"purchasable","14":"product-type-simple"},"yoast_head":"<!-- This site is optimized with the Yoast SEO Premium plugin v26.2 (Yoast SEO v27.5) - https:\/\/yoast.com\/product\/yoast-seo-premium-wordpress\/ -->\n<title>Tatuaje Plateado \u2013 Crea Tatuajes Temporales \u00danicos en Plata - Like ink<\/title>\n<meta name=\"description\" content=\"Dise\u00f1a tus propios tatuajes plateados con nuestra hoja A4 en plata. Tatuajes amigables con la piel, f\u00e1ciles de aplicar y de quitar. - Like ink\" \/>\n<meta name=\"robots\" content=\"index, follow, max-snippet:-1, max-image-preview:large, max-video-preview:-1\" \/>\n<link rel=\"canonical\" href=\"https:\/\/likeink.com\/es\/tatuaje-falso\/tatuaje-plateado-hoja\/\" \/>\n<meta property=\"og:locale\" content=\"es_ES\" \/>\n<meta property=\"og:type\" content=\"article\" \/>\n<meta property=\"og:title\" content=\"Tatuaje Plateado Hoja A4\" \/>\n<meta property=\"og:description\" content=\"Tatuaje Plateado \u2013 Desata tu creatividad con nuestra hoja A4 plateada y brillante. \u00a1Toda la superficie funciona como un tatuaje temporal! Recorta tus propios dise\u00f1os y crea patrones \u00fanicos que seguro llamar\u00e1n la atenci\u00f3n. Perfecto para fiestas, festivales o cuando solo quieras brillar un poco m\u00e1s.  Crea tus propios tatuajes temporales en plata recortando los patrones que desees   Amigables con la piel y f\u00e1ciles de usar \u2013 aplica r\u00e1pidamente con agua y qu\u00edtalos cuando quieras cambiar de estilo. Crea desde peque\u00f1os detalles hasta grandes dise\u00f1os, completamente adaptados a tu imaginaci\u00f3n.  Tama\u00f1o: A4\" \/>\n<meta property=\"og:url\" content=\"https:\/\/likeink.com\/es\/tatuaje-falso\/tatuaje-plateado-hoja\/\" \/>\n<meta property=\"og:site_name\" content=\"Like ink\" \/>\n<meta property=\"article:publisher\" content=\"https:\/\/www.facebook.com\/LikeInkSe\" \/>\n<meta property=\"article:modified_time\" content=\"2025-02-11T13:00:01+00:00\" \/>\n<meta property=\"og:image\" content=\"https:\/\/likeink.com\/wp-content\/uploads\/2025\/02\/SilverTemporaryTattooPaper-Likeink.jpg\" \/>\n\t<meta property=\"og:image:width\" content=\"2481\" \/>\n\t<meta property=\"og:image:height\" content=\"1749\" \/>\n\t<meta property=\"og:image:type\" content=\"image\/jpeg\" \/>\n<meta name=\"twitter:card\" content=\"summary_large_image\" \/>\n<meta name=\"twitter:label1\" content=\"Tiempo de lectura\" \/>\n\t<meta name=\"twitter:data1\" content=\"1 minuto\" \/>\n<!-- \/ Yoast SEO Premium plugin. -->","yoast_head_json":{"title":"Tatuaje Plateado \u2013 Crea Tatuajes Temporales \u00danicos en Plata - Like ink","description":"Dise\u00f1a tus propios tatuajes plateados con nuestra hoja A4 en plata. Tatuajes amigables con la piel, f\u00e1ciles de aplicar y de quitar. - Like ink","robots":{"index":"index","follow":"follow","max-snippet":"max-snippet:-1","max-image-preview":"max-image-preview:large","max-video-preview":"max-video-preview:-1"},"canonical":"https:\/\/likeink.com\/es\/tatuaje-falso\/tatuaje-plateado-hoja\/","og_locale":"es_ES","og_type":"article","og_title":"Tatuaje Plateado Hoja A4","og_description":"Tatuaje Plateado \u2013 Desata tu creatividad con nuestra hoja A4 plateada y brillante. \u00a1Toda la superficie funciona como un tatuaje temporal! Recorta tus propios dise\u00f1os y crea patrones \u00fanicos que seguro llamar\u00e1n la atenci\u00f3n. Perfecto para fiestas, festivales o cuando solo quieras brillar un poco m\u00e1s.  Crea tus propios tatuajes temporales en plata recortando los patrones que desees   Amigables con la piel y f\u00e1ciles de usar \u2013 aplica r\u00e1pidamente con agua y qu\u00edtalos cuando quieras cambiar de estilo. Crea desde peque\u00f1os detalles hasta grandes dise\u00f1os, completamente adaptados a tu imaginaci\u00f3n.  Tama\u00f1o: A4","og_url":"https:\/\/likeink.com\/es\/tatuaje-falso\/tatuaje-plateado-hoja\/","og_site_name":"Like ink","article_publisher":"https:\/\/www.facebook.com\/LikeInkSe","article_modified_time":"2025-02-11T13:00:01+00:00","og_image":[{"width":2481,"height":1749,"url":"https:\/\/likeink.com\/wp-content\/uploads\/2025\/02\/SilverTemporaryTattooPaper-Likeink.jpg","type":"image\/jpeg"}],"twitter_card":"summary_large_image","twitter_misc":{"Tiempo de lectura":"1 minuto"},"schema":{"@context":"https:\/\/schema.org","@graph":[{"@type":"WebPage","@id":"https:\/\/likeink.com\/es\/tatuaje-falso\/tatuaje-plateado-hoja\/","url":"https:\/\/likeink.com\/es\/tatuaje-falso\/tatuaje-plateado-hoja\/","name":"Tatuaje Plateado \u2013 Crea Tatuajes Temporales \u00danicos en Plata - Like ink","isPartOf":{"@id":"https:\/\/likeink.com\/es\/#website"},"primaryImageOfPage":{"@id":"https:\/\/likeink.com\/es\/tatuaje-falso\/tatuaje-plateado-hoja\/#primaryimage"},"image":{"@id":"https:\/\/likeink.com\/es\/tatuaje-falso\/tatuaje-plateado-hoja\/#primaryimage"},"thumbnailUrl":"https:\/\/likeink.com\/wp-content\/uploads\/2025\/02\/SilverTemporaryTattooPaper-Likeink.jpg","datePublished":"2025-02-11T12:44:39+00:00","dateModified":"2025-02-11T13:00:01+00:00","description":"Dise\u00f1a tus propios tatuajes plateados con nuestra hoja A4 en plata. Tatuajes amigables con la piel, f\u00e1ciles de aplicar y de quitar. - Like ink","breadcrumb":{"@id":"https:\/\/likeink.com\/es\/tatuaje-falso\/tatuaje-plateado-hoja\/#breadcrumb"},"inLanguage":"es","potentialAction":[{"@type":"ReadAction","target":["https:\/\/likeink.com\/es\/tatuaje-falso\/tatuaje-plateado-hoja\/"]}]},{"@type":"ImageObject","inLanguage":"es","@id":"https:\/\/likeink.com\/es\/tatuaje-falso\/tatuaje-plateado-hoja\/#primaryimage","url":"https:\/\/likeink.com\/wp-content\/uploads\/2025\/02\/SilverTemporaryTattooPaper-Likeink.jpg","contentUrl":"https:\/\/likeink.com\/wp-content\/uploads\/2025\/02\/SilverTemporaryTattooPaper-Likeink.jpg","width":2481,"height":1749,"caption":"Silver Fake Tattoo Paper"},{"@type":"BreadcrumbList","@id":"https:\/\/likeink.com\/es\/tatuaje-falso\/tatuaje-plateado-hoja\/#breadcrumb","itemListElement":[{"@type":"ListItem","position":1,"name":"Hem","item":"https:\/\/likeink.com\/es\/"},{"@type":"ListItem","position":2,"name":"Shop","item":"https:\/\/likeink.com\/es\/shop\/"},{"@type":"ListItem","position":3,"name":"Tatuaje Plateado Hoja A4"}]},{"@type":"WebSite","@id":"https:\/\/likeink.com\/es\/#website","url":"https:\/\/likeink.com\/es\/","name":"Like ink","description":"HAZ TUS PROPIOS TATUAJES TEMPORALES","potentialAction":[{"@type":"SearchAction","target":{"@type":"EntryPoint","urlTemplate":"https:\/\/likeink.com\/es\/?s={search_term_string}"},"query-input":{"@type":"PropertyValueSpecification","valueRequired":true,"valueName":"search_term_string"}}],"inLanguage":"es"}]}},"_links":{"self":[{"href":"https:\/\/likeink.com\/es\/wp-json\/wp\/v2\/product\/35362","targetHints":{"allow":["GET"]}}],"collection":[{"href":"https:\/\/likeink.com\/es\/wp-json\/wp\/v2\/product"}],"about":[{"href":"https:\/\/likeink.com\/es\/wp-json\/wp\/v2\/types\/product"}],"wp:featuredmedia":[{"embeddable":true,"href":"https:\/\/likeink.com\/es\/wp-json\/wp\/v2\/media\/35336"}],"wp:attachment":[{"href":"https:\/\/likeink.com\/es\/wp-json\/wp\/v2\/media?parent=35362"}],"wp:term":[{"taxonomy":"product_brand","embeddable":true,"href":"https:\/\/likeink.com\/es\/wp-json\/wp\/v2\/product_brand?post=35362"},{"taxonomy":"product_cat","embeddable":true,"href":"https:\/\/likeink.com\/es\/wp-json\/wp\/v2\/product_cat?post=35362"},{"taxonomy":"product_tag","embeddable":true,"href":"https:\/\/likeink.com\/es\/wp-json\/wp\/v2\/product_tag?post=35362"}],"curies":[{"name":"wp","href":"https:\/\/api.w.org\/{rel}","templated":true}]}}