{"id":35500,"date":"2025-02-10T13:46:32","date_gmt":"2025-02-10T13:46:32","guid":{"rendered":"https:\/\/likeink.se\/gnuggis\/epatatueringar\/"},"modified":"2026-03-16T21:41:56","modified_gmt":"2026-03-16T21:41:56","slug":"epatatueringar","status":"publish","type":"product","link":"https:\/\/likeink.com\/es\/tatuaje-falso\/epatatueringar\/","title":{"rendered":"Epa &#8220;The Ironic Company&#8221;"},"content":{"rendered":"","protected":false},"excerpt":{"rendered":"<p>Epa tatueringar p\u00e5 A5 ark. Gillar du epadunk, kan du spinna med bakd\u00e4cken, kan du backa med sl\u00e4p, \u00e4lskar du bilar och njuter du av att flyga fram i 30 km i timmen? D\u00e5 \u00e4r det h\u00e4r A5-arket med tempor\u00e4ra tatueringar n\u00e5got f\u00f6r dig! Fyllt med motiv som hyllar epa-traktorer och den svenska ungdomskulturen, perfekt f\u00f6r festivaler, biltr\u00e4ffar eller en utekv\u00e4ll med polarna. Klistret sitter d\u00e4r det ska, men l\u00f6ser sig l\u00e4tt n\u00e4r du \u00e4r redo f\u00f6r n\u00e4sta \u00e4ventyr. Givetvis \u00e4r tatueringarna allergiv\u00e4nliga.<\/p>\n<h2>Best\u00e4ll ett ark med epa-tatueringar<\/h2>\n<p>Detta ark \u00e4r en del av v\u00e5rt samarbete med The Ironic Company, som alltid bjuder p\u00e5 en sk\u00f6n mix av humor och ironi. Precis som v\u00e5ra tempor\u00e4ra tatueringar ska deras humor sprida gl\u00e4dje med flera roliga serier med humoristiska och ironiska motiv.<\/p>\n<p><strong>Om The Ironic Company<\/strong><br \/>\nThe Ironic Company st\u00e5r f\u00f6r medm\u00e4nsklighet, demokrati och sunt f\u00f6rnuft. Genom deras humoristiska uttryck i b\u00e5de bild och ord p\u00e5minner de oss om att livet blir lite roligare med ett leende p\u00e5 l\u00e4pparna och en dos sj\u00e4lvdistans. Tatueringarna i detta samarbete b\u00e4r med sig en touch av den lekfulla ironin som gjort The Ironic Company s\u00e5 omtyckta. Humor \u00e4r livsviktigt och ironi \u00e4r en extra krydda som g\u00f6r livet ett sn\u00e4pp mer muntert. Det beh\u00f6vs ibland.<\/p>\n<p>B\u00e4r dessa motiv med stolthet, och l\u00e5t k\u00e4rleken till epa-traktorer och humor blomstra!<\/p>\n<p><strong>Storlek ark:<\/strong> A5<br \/>\n<strong>Antal Epa-tatueringar:<\/strong> 16<br \/>\n<strong>Storlek tatueringar:<\/strong> 25-60 mm<\/p>\n","protected":false},"featured_media":35307,"template":"","meta":[],"product_brand":[],"product_cat":[540,240],"product_tag":[],"class_list":{"0":"post-35500","1":"product","2":"type-product","3":"status-publish","4":"has-post-thumbnail","6":"product_cat-colaboraciones-con-empresas","7":"product_cat-hojas-pre-disenadas","9":"first","10":"instock","11":"taxable","12":"shipping-taxable","13":"purchasable","14":"product-type-simple"},"yoast_head":"<!-- This site is optimized with the Yoast SEO Premium plugin v26.2 (Yoast SEO v27.5) - https:\/\/yoast.com\/product\/yoast-seo-premium-wordpress\/ -->\n<title>Epa tatueringar p\u00e5 A5 ark - flera varianter - Like ink<\/title>\n<meta name=\"description\" content=\"Epa tatueringar som fake tatueringar i roliga designs. Gillar du livet i 30 km i h eller kan backa med sl\u00e4p s\u00e5 kommer du \u00e4lska tatueringarna! - Like ink\" \/>\n<meta name=\"robots\" content=\"index, follow, max-snippet:-1, max-image-preview:large, max-video-preview:-1\" \/>\n<link rel=\"canonical\" href=\"https:\/\/likeink.com\/es\/tatuaje-falso\/epatatueringar\/\" \/>\n<meta property=\"og:locale\" content=\"es_ES\" \/>\n<meta property=\"og:type\" content=\"article\" \/>\n<meta property=\"og:title\" content=\"Epa &quot;The Ironic Company&quot;\" \/>\n<meta property=\"og:description\" content=\"Epa tatueringar p\u00e5 A5 ark. Gillar du epadunk, kan du spinna med bakd\u00e4cken, kan du backa med sl\u00e4p, \u00e4lskar du bilar och njuter du av att flyga fram i 30 km i timmen? D\u00e5 \u00e4r det h\u00e4r A5-arket med tempor\u00e4ra tatueringar n\u00e5got f\u00f6r dig! Fyllt med motiv som hyllar epa-traktorer och den svenska ungdomskulturen, perfekt f\u00f6r festivaler, biltr\u00e4ffar eller en utekv\u00e4ll med polarna. Klistret sitter d\u00e4r det ska, men l\u00f6ser sig l\u00e4tt n\u00e4r du \u00e4r redo f\u00f6r n\u00e4sta \u00e4ventyr. Givetvis \u00e4r tatueringarna allergiv\u00e4nliga. Best\u00e4ll ett ark med epa-tatueringar Detta ark \u00e4r en del av v\u00e5rt samarbete med The Ironic Company, som alltid bjuder p\u00e5 en sk\u00f6n mix av humor och ironi. Precis som v\u00e5ra tempor\u00e4ra tatueringar ska deras humor sprida gl\u00e4dje med flera roliga serier med humoristiska och ironiska motiv.  Om The Ironic Company The Ironic Company st\u00e5r f\u00f6r medm\u00e4nsklighet, demokrati och sunt f\u00f6rnuft. Genom deras humoristiska uttryck i b\u00e5de bild och ord p\u00e5minner de oss om att livet blir lite roligare med ett leende p\u00e5 l\u00e4pparna och en dos sj\u00e4lvdistans. Tatueringarna i detta samarbete b\u00e4r med sig en touch av den lekfulla ironin som gjort The Ironic Company s\u00e5 omtyckta. Humor \u00e4r livsviktigt och ironi \u00e4r en extra krydda som g\u00f6r livet ett sn\u00e4pp mer muntert. Det beh\u00f6vs ibland.  B\u00e4r dessa motiv med stolthet, och l\u00e5t k\u00e4rleken till epa-traktorer och humor blomstra!  Storlek ark: A5 Antal Epa-tatueringar: 16 Storlek tatueringar: 25-60 mm\" \/>\n<meta property=\"og:url\" content=\"https:\/\/likeink.com\/es\/tatuaje-falso\/epatatueringar\/\" \/>\n<meta property=\"og:site_name\" content=\"Like ink\" \/>\n<meta property=\"article:publisher\" content=\"https:\/\/www.facebook.com\/LikeInkSe\" \/>\n<meta property=\"article:modified_time\" content=\"2026-03-16T21:41:56+00:00\" \/>\n<meta property=\"og:image\" content=\"https:\/\/likeink.com\/wp-content\/uploads\/2025\/02\/Epa-Tatueringar-Likeink.jpg\" \/>\n\t<meta property=\"og:image:width\" content=\"1400\" \/>\n\t<meta property=\"og:image:height\" content=\"986\" \/>\n\t<meta property=\"og:image:type\" content=\"image\/jpeg\" \/>\n<meta name=\"twitter:card\" content=\"summary_large_image\" \/>\n<meta name=\"twitter:label1\" content=\"Tiempo de lectura\" \/>\n\t<meta name=\"twitter:data1\" content=\"1 minuto\" \/>\n<!-- \/ Yoast SEO Premium plugin. -->","yoast_head_json":{"title":"Epa tatueringar p\u00e5 A5 ark - flera varianter - Like ink","description":"Epa tatueringar som fake tatueringar i roliga designs. Gillar du livet i 30 km i h eller kan backa med sl\u00e4p s\u00e5 kommer du \u00e4lska tatueringarna! - Like ink","robots":{"index":"index","follow":"follow","max-snippet":"max-snippet:-1","max-image-preview":"max-image-preview:large","max-video-preview":"max-video-preview:-1"},"canonical":"https:\/\/likeink.com\/es\/tatuaje-falso\/epatatueringar\/","og_locale":"es_ES","og_type":"article","og_title":"Epa \"The Ironic Company\"","og_description":"Epa tatueringar p\u00e5 A5 ark. Gillar du epadunk, kan du spinna med bakd\u00e4cken, kan du backa med sl\u00e4p, \u00e4lskar du bilar och njuter du av att flyga fram i 30 km i timmen? D\u00e5 \u00e4r det h\u00e4r A5-arket med tempor\u00e4ra tatueringar n\u00e5got f\u00f6r dig! Fyllt med motiv som hyllar epa-traktorer och den svenska ungdomskulturen, perfekt f\u00f6r festivaler, biltr\u00e4ffar eller en utekv\u00e4ll med polarna. Klistret sitter d\u00e4r det ska, men l\u00f6ser sig l\u00e4tt n\u00e4r du \u00e4r redo f\u00f6r n\u00e4sta \u00e4ventyr. Givetvis \u00e4r tatueringarna allergiv\u00e4nliga. Best\u00e4ll ett ark med epa-tatueringar Detta ark \u00e4r en del av v\u00e5rt samarbete med The Ironic Company, som alltid bjuder p\u00e5 en sk\u00f6n mix av humor och ironi. Precis som v\u00e5ra tempor\u00e4ra tatueringar ska deras humor sprida gl\u00e4dje med flera roliga serier med humoristiska och ironiska motiv.  Om The Ironic Company The Ironic Company st\u00e5r f\u00f6r medm\u00e4nsklighet, demokrati och sunt f\u00f6rnuft. Genom deras humoristiska uttryck i b\u00e5de bild och ord p\u00e5minner de oss om att livet blir lite roligare med ett leende p\u00e5 l\u00e4pparna och en dos sj\u00e4lvdistans. Tatueringarna i detta samarbete b\u00e4r med sig en touch av den lekfulla ironin som gjort The Ironic Company s\u00e5 omtyckta. Humor \u00e4r livsviktigt och ironi \u00e4r en extra krydda som g\u00f6r livet ett sn\u00e4pp mer muntert. Det beh\u00f6vs ibland.  B\u00e4r dessa motiv med stolthet, och l\u00e5t k\u00e4rleken till epa-traktorer och humor blomstra!  Storlek ark: A5 Antal Epa-tatueringar: 16 Storlek tatueringar: 25-60 mm","og_url":"https:\/\/likeink.com\/es\/tatuaje-falso\/epatatueringar\/","og_site_name":"Like ink","article_publisher":"https:\/\/www.facebook.com\/LikeInkSe","article_modified_time":"2026-03-16T21:41:56+00:00","og_image":[{"width":1400,"height":986,"url":"https:\/\/likeink.com\/wp-content\/uploads\/2025\/02\/Epa-Tatueringar-Likeink.jpg","type":"image\/jpeg"}],"twitter_card":"summary_large_image","twitter_misc":{"Tiempo de lectura":"1 minuto"},"schema":{"@context":"https:\/\/schema.org","@graph":[{"@type":"WebPage","@id":"https:\/\/likeink.com\/es\/tatuaje-falso\/epatatueringar\/","url":"https:\/\/likeink.com\/es\/tatuaje-falso\/epatatueringar\/","name":"Epa tatueringar p\u00e5 A5 ark - flera varianter - Like ink","isPartOf":{"@id":"https:\/\/likeink.com\/es\/#website"},"primaryImageOfPage":{"@id":"https:\/\/likeink.com\/es\/tatuaje-falso\/epatatueringar\/#primaryimage"},"image":{"@id":"https:\/\/likeink.com\/es\/tatuaje-falso\/epatatueringar\/#primaryimage"},"thumbnailUrl":"https:\/\/likeink.com\/wp-content\/uploads\/2025\/02\/Epa-Tatueringar-Likeink.jpg","datePublished":"2025-02-10T13:46:32+00:00","dateModified":"2026-03-16T21:41:56+00:00","description":"Epa tatueringar som fake tatueringar i roliga designs. Gillar du livet i 30 km i h eller kan backa med sl\u00e4p s\u00e5 kommer du \u00e4lska tatueringarna! - Like ink","breadcrumb":{"@id":"https:\/\/likeink.com\/es\/tatuaje-falso\/epatatueringar\/#breadcrumb"},"inLanguage":"es","potentialAction":[{"@type":"ReadAction","target":["https:\/\/likeink.com\/es\/tatuaje-falso\/epatatueringar\/"]}]},{"@type":"ImageObject","inLanguage":"es","@id":"https:\/\/likeink.com\/es\/tatuaje-falso\/epatatueringar\/#primaryimage","url":"https:\/\/likeink.com\/wp-content\/uploads\/2025\/02\/Epa-Tatueringar-Likeink.jpg","contentUrl":"https:\/\/likeink.com\/wp-content\/uploads\/2025\/02\/Epa-Tatueringar-Likeink.jpg","width":1400,"height":986,"caption":"Temporary tattoo sheet featuring retro-inspired EPA designs, including trucks, cars, and humorous slogans like 'Spinn med bakd\u00e4cket!' and 'Sakta i backarna"},{"@type":"BreadcrumbList","@id":"https:\/\/likeink.com\/es\/tatuaje-falso\/epatatueringar\/#breadcrumb","itemListElement":[{"@type":"ListItem","position":1,"name":"Hem","item":"https:\/\/likeink.com\/es\/"},{"@type":"ListItem","position":2,"name":"Shop","item":"https:\/\/likeink.com\/es\/shop\/"},{"@type":"ListItem","position":3,"name":"Epa &#8220;The Ironic Company&#8221;"}]},{"@type":"WebSite","@id":"https:\/\/likeink.com\/es\/#website","url":"https:\/\/likeink.com\/es\/","name":"Like ink","description":"HAZ TUS PROPIOS TATUAJES TEMPORALES","potentialAction":[{"@type":"SearchAction","target":{"@type":"EntryPoint","urlTemplate":"https:\/\/likeink.com\/es\/?s={search_term_string}"},"query-input":{"@type":"PropertyValueSpecification","valueRequired":true,"valueName":"search_term_string"}}],"inLanguage":"es"}]}},"_links":{"self":[{"href":"https:\/\/likeink.com\/es\/wp-json\/wp\/v2\/product\/35500","targetHints":{"allow":["GET"]}}],"collection":[{"href":"https:\/\/likeink.com\/es\/wp-json\/wp\/v2\/product"}],"about":[{"href":"https:\/\/likeink.com\/es\/wp-json\/wp\/v2\/types\/product"}],"wp:featuredmedia":[{"embeddable":true,"href":"https:\/\/likeink.com\/es\/wp-json\/wp\/v2\/media\/35307"}],"wp:attachment":[{"href":"https:\/\/likeink.com\/es\/wp-json\/wp\/v2\/media?parent=35500"}],"wp:term":[{"taxonomy":"product_brand","embeddable":true,"href":"https:\/\/likeink.com\/es\/wp-json\/wp\/v2\/product_brand?post=35500"},{"taxonomy":"product_cat","embeddable":true,"href":"https:\/\/likeink.com\/es\/wp-json\/wp\/v2\/product_cat?post=35500"},{"taxonomy":"product_tag","embeddable":true,"href":"https:\/\/likeink.com\/es\/wp-json\/wp\/v2\/product_tag?post=35500"}],"curies":[{"name":"wp","href":"https:\/\/api.w.org\/{rel}","templated":true}]}}