{"id":35507,"date":"2025-02-18T14:47:47","date_gmt":"2025-02-18T14:47:47","guid":{"rendered":"https:\/\/likeink.se\/gnuggis\/surtant-och-gnalltant\/"},"modified":"2025-02-18T15:11:43","modified_gmt":"2025-02-18T15:11:43","slug":"surtant-och-gnalltant","status":"publish","type":"product","link":"https:\/\/likeink.com\/es\/tatuaje-falso\/surtant-och-gnalltant\/","title":{"rendered":"Surtant och Gn\u00e4lltant &#8220;The Ironic Company&#8221; A5"},"content":{"rendered":"","protected":false},"excerpt":{"rendered":"<p>Surtant och Gn\u00e4lltant tatueringar p\u00e5 A5-ark<\/p>\n<p>Gillar du att muttra om ungdomens of\u00f6rsk\u00e4mdhet, irritera dig p\u00e5 felparkerade sparkcyklar eller sucka \u00f6ver hur saker var b\u00e4ttre f\u00f6rr? D\u00e5 \u00e4r detta A5-ark med tempor\u00e4ra tatueringar precis r\u00e4tt f\u00f6r dig! Med humoristiska motiv och texter som hyllar gn\u00e4llets och surhetens konst bjuder dessa tatueringar p\u00e5 en dos sj\u00e4lvironi och garanterat m\u00e5nga skratt. Perfekt f\u00f6r fester, temakv\u00e4llar eller n\u00e4r du bara vill s\u00e4tta tonen direkt.<\/p>\n<h2>Best\u00e4ll tatueringar med text och motiv med tema surtant<\/h2>\n<p>V\u00e5ra tatueringar sitter d\u00e4r de ska men kan l\u00e4tt tas bort n\u00e4r du k\u00e4nner f\u00f6r att byta stil. Sj\u00e4lvklart \u00e4r de ocks\u00e5 allergiv\u00e4nliga.<\/p>\n<p><strong>Om The Ironic Company<\/strong><br \/>\nThe Ironic Company st\u00e5r f\u00f6r medm\u00e4nsklighet, demokrati och sunt f\u00f6rnuft. Genom humor och ironi p\u00e5minner de oss om att livet blir lite roligare med ett leende p\u00e5 l\u00e4pparna och en gnutta sj\u00e4lvironi. Tatueringarna i detta samarbete f\u00e5ngar den lekfulla ironin som gjort The Ironic Company s\u00e5 uppskattade. Humor \u00e4r livsviktigt och en dos ironi g\u00f6r vardagen b\u00e5de l\u00e4ttare och roligare.<\/p>\n<p>B\u00e4r dessa motiv med stolthet och visa var du st\u00e5r n\u00e4r det g\u00e4ller gn\u00e4ll och syrliga kommentarer!<\/p>\n<p><strong>Storlek ark:<\/strong> A5<br \/>\n<strong>Antal tatueringar:<\/strong> 11<br \/>\n<strong>Storlek tatueringar:<\/strong> 45-60 mm<\/p>\n","protected":false},"featured_media":35484,"template":"","meta":[],"product_brand":[],"product_cat":[540,240],"product_tag":[],"class_list":{"0":"post-35507","1":"product","2":"type-product","3":"status-publish","4":"has-post-thumbnail","6":"product_cat-colaboraciones-con-empresas","7":"product_cat-hojas-pre-disenadas","9":"first","10":"instock","11":"taxable","12":"shipping-taxable","13":"purchasable","14":"product-type-simple"},"yoast_head":"<!-- This site is optimized with the Yoast SEO Premium plugin v26.2 (Yoast SEO v27.5) - https:\/\/yoast.com\/product\/yoast-seo-premium-wordpress\/ -->\n<title>Surtant och Gn\u00e4lltant &quot;The Ironic Company&quot; A5 - Like ink<\/title>\n<meta name=\"description\" content=\"Surtant tatueringar designade av The Ironic Company f\u00f6r oss p\u00e5 Like ink. Tempor\u00e4ra tatueringar f\u00f6r gn\u00e4llig tanter! - Like ink\" \/>\n<meta name=\"robots\" content=\"index, follow, max-snippet:-1, max-image-preview:large, max-video-preview:-1\" \/>\n<link rel=\"canonical\" href=\"https:\/\/likeink.com\/es\/tatuaje-falso\/surtant-och-gnalltant\/\" \/>\n<meta property=\"og:locale\" content=\"es_ES\" \/>\n<meta property=\"og:type\" content=\"article\" \/>\n<meta property=\"og:title\" content=\"Surtant och Gn\u00e4lltant &quot;The Ironic Company&quot; A5\" \/>\n<meta property=\"og:description\" content=\"Surtant och Gn\u00e4lltant tatueringar p\u00e5 A5-ark  Gillar du att muttra om ungdomens of\u00f6rsk\u00e4mdhet, irritera dig p\u00e5 felparkerade sparkcyklar eller sucka \u00f6ver hur saker var b\u00e4ttre f\u00f6rr? D\u00e5 \u00e4r detta A5-ark med tempor\u00e4ra tatueringar precis r\u00e4tt f\u00f6r dig! Med humoristiska motiv och texter som hyllar gn\u00e4llets och surhetens konst bjuder dessa tatueringar p\u00e5 en dos sj\u00e4lvironi och garanterat m\u00e5nga skratt. Perfekt f\u00f6r fester, temakv\u00e4llar eller n\u00e4r du bara vill s\u00e4tta tonen direkt.  Best\u00e4ll tatueringar med text och motiv med tema surtant  V\u00e5ra tatueringar sitter d\u00e4r de ska men kan l\u00e4tt tas bort n\u00e4r du k\u00e4nner f\u00f6r att byta stil. Sj\u00e4lvklart \u00e4r de ocks\u00e5 allergiv\u00e4nliga.  Om The Ironic Company The Ironic Company st\u00e5r f\u00f6r medm\u00e4nsklighet, demokrati och sunt f\u00f6rnuft. Genom humor och ironi p\u00e5minner de oss om att livet blir lite roligare med ett leende p\u00e5 l\u00e4pparna och en gnutta sj\u00e4lvironi. Tatueringarna i detta samarbete f\u00e5ngar den lekfulla ironin som gjort The Ironic Company s\u00e5 uppskattade. Humor \u00e4r livsviktigt och en dos ironi g\u00f6r vardagen b\u00e5de l\u00e4ttare och roligare.  B\u00e4r dessa motiv med stolthet och visa var du st\u00e5r n\u00e4r det g\u00e4ller gn\u00e4ll och syrliga kommentarer!  Storlek ark: A5 Antal tatueringar: 11 Storlek tatueringar: 45-60 mm\" \/>\n<meta property=\"og:url\" content=\"https:\/\/likeink.com\/es\/tatuaje-falso\/surtant-och-gnalltant\/\" \/>\n<meta property=\"og:site_name\" content=\"Like ink\" \/>\n<meta property=\"article:publisher\" content=\"https:\/\/www.facebook.com\/LikeInkSe\" \/>\n<meta property=\"article:modified_time\" content=\"2025-02-18T15:11:43+00:00\" \/>\n<meta property=\"og:image\" content=\"https:\/\/likeink.com\/wp-content\/uploads\/2025\/02\/Surtant-Tatuering-Likeink.jpg\" \/>\n\t<meta property=\"og:image:width\" content=\"1400\" \/>\n\t<meta property=\"og:image:height\" content=\"986\" \/>\n\t<meta property=\"og:image:type\" content=\"image\/jpeg\" \/>\n<meta name=\"twitter:card\" content=\"summary_large_image\" \/>\n<meta name=\"twitter:label1\" content=\"Tiempo de lectura\" \/>\n\t<meta name=\"twitter:data1\" content=\"1 minuto\" \/>\n<!-- \/ Yoast SEO Premium plugin. -->","yoast_head_json":{"title":"Surtant och Gn\u00e4lltant \"The Ironic Company\" A5 - Like ink","description":"Surtant tatueringar designade av The Ironic Company f\u00f6r oss p\u00e5 Like ink. Tempor\u00e4ra tatueringar f\u00f6r gn\u00e4llig tanter! - Like ink","robots":{"index":"index","follow":"follow","max-snippet":"max-snippet:-1","max-image-preview":"max-image-preview:large","max-video-preview":"max-video-preview:-1"},"canonical":"https:\/\/likeink.com\/es\/tatuaje-falso\/surtant-och-gnalltant\/","og_locale":"es_ES","og_type":"article","og_title":"Surtant och Gn\u00e4lltant \"The Ironic Company\" A5","og_description":"Surtant och Gn\u00e4lltant tatueringar p\u00e5 A5-ark  Gillar du att muttra om ungdomens of\u00f6rsk\u00e4mdhet, irritera dig p\u00e5 felparkerade sparkcyklar eller sucka \u00f6ver hur saker var b\u00e4ttre f\u00f6rr? D\u00e5 \u00e4r detta A5-ark med tempor\u00e4ra tatueringar precis r\u00e4tt f\u00f6r dig! Med humoristiska motiv och texter som hyllar gn\u00e4llets och surhetens konst bjuder dessa tatueringar p\u00e5 en dos sj\u00e4lvironi och garanterat m\u00e5nga skratt. Perfekt f\u00f6r fester, temakv\u00e4llar eller n\u00e4r du bara vill s\u00e4tta tonen direkt.  Best\u00e4ll tatueringar med text och motiv med tema surtant  V\u00e5ra tatueringar sitter d\u00e4r de ska men kan l\u00e4tt tas bort n\u00e4r du k\u00e4nner f\u00f6r att byta stil. Sj\u00e4lvklart \u00e4r de ocks\u00e5 allergiv\u00e4nliga.  Om The Ironic Company The Ironic Company st\u00e5r f\u00f6r medm\u00e4nsklighet, demokrati och sunt f\u00f6rnuft. Genom humor och ironi p\u00e5minner de oss om att livet blir lite roligare med ett leende p\u00e5 l\u00e4pparna och en gnutta sj\u00e4lvironi. Tatueringarna i detta samarbete f\u00e5ngar den lekfulla ironin som gjort The Ironic Company s\u00e5 uppskattade. Humor \u00e4r livsviktigt och en dos ironi g\u00f6r vardagen b\u00e5de l\u00e4ttare och roligare.  B\u00e4r dessa motiv med stolthet och visa var du st\u00e5r n\u00e4r det g\u00e4ller gn\u00e4ll och syrliga kommentarer!  Storlek ark: A5 Antal tatueringar: 11 Storlek tatueringar: 45-60 mm","og_url":"https:\/\/likeink.com\/es\/tatuaje-falso\/surtant-och-gnalltant\/","og_site_name":"Like ink","article_publisher":"https:\/\/www.facebook.com\/LikeInkSe","article_modified_time":"2025-02-18T15:11:43+00:00","og_image":[{"width":1400,"height":986,"url":"https:\/\/likeink.com\/wp-content\/uploads\/2025\/02\/Surtant-Tatuering-Likeink.jpg","type":"image\/jpeg"}],"twitter_card":"summary_large_image","twitter_misc":{"Tiempo de lectura":"1 minuto"},"schema":{"@context":"https:\/\/schema.org","@graph":[{"@type":"WebPage","@id":"https:\/\/likeink.com\/es\/tatuaje-falso\/surtant-och-gnalltant\/","url":"https:\/\/likeink.com\/es\/tatuaje-falso\/surtant-och-gnalltant\/","name":"Surtant och Gn\u00e4lltant \"The Ironic Company\" A5 - Like ink","isPartOf":{"@id":"https:\/\/likeink.com\/es\/#website"},"primaryImageOfPage":{"@id":"https:\/\/likeink.com\/es\/tatuaje-falso\/surtant-och-gnalltant\/#primaryimage"},"image":{"@id":"https:\/\/likeink.com\/es\/tatuaje-falso\/surtant-och-gnalltant\/#primaryimage"},"thumbnailUrl":"https:\/\/likeink.com\/wp-content\/uploads\/2025\/02\/Surtant-Tatuering-Likeink.jpg","datePublished":"2025-02-18T14:47:47+00:00","dateModified":"2025-02-18T15:11:43+00:00","description":"Surtant tatueringar designade av The Ironic Company f\u00f6r oss p\u00e5 Like ink. Tempor\u00e4ra tatueringar f\u00f6r gn\u00e4llig tanter! - Like ink","breadcrumb":{"@id":"https:\/\/likeink.com\/es\/tatuaje-falso\/surtant-och-gnalltant\/#breadcrumb"},"inLanguage":"es","potentialAction":[{"@type":"ReadAction","target":["https:\/\/likeink.com\/es\/tatuaje-falso\/surtant-och-gnalltant\/"]}]},{"@type":"ImageObject","inLanguage":"es","@id":"https:\/\/likeink.com\/es\/tatuaje-falso\/surtant-och-gnalltant\/#primaryimage","url":"https:\/\/likeink.com\/wp-content\/uploads\/2025\/02\/Surtant-Tatuering-Likeink.jpg","contentUrl":"https:\/\/likeink.com\/wp-content\/uploads\/2025\/02\/Surtant-Tatuering-Likeink.jpg","width":1400,"height":986,"caption":"Una colecci\u00f3n de tatuajes temporales con ilustraciones de mujeres ic\u00f3nicas de estilo vintage, textos llamativos con las palabras \"Surtant\" y \"Gn\u00e4lltant\", y un dise\u00f1o detallado con pan tradicional y la frase \"Ta en kaka till\". Los dise\u00f1os combinan est\u00e9tica retro y moderna con elementos visuales impactantes."},{"@type":"BreadcrumbList","@id":"https:\/\/likeink.com\/es\/tatuaje-falso\/surtant-och-gnalltant\/#breadcrumb","itemListElement":[{"@type":"ListItem","position":1,"name":"Hem","item":"https:\/\/likeink.com\/es\/"},{"@type":"ListItem","position":2,"name":"Shop","item":"https:\/\/likeink.com\/es\/shop\/"},{"@type":"ListItem","position":3,"name":"Surtant och Gn\u00e4lltant \u00abThe Ironic Company\u00bb A5"}]},{"@type":"WebSite","@id":"https:\/\/likeink.com\/es\/#website","url":"https:\/\/likeink.com\/es\/","name":"Like ink","description":"HAZ TUS PROPIOS TATUAJES TEMPORALES","potentialAction":[{"@type":"SearchAction","target":{"@type":"EntryPoint","urlTemplate":"https:\/\/likeink.com\/es\/?s={search_term_string}"},"query-input":{"@type":"PropertyValueSpecification","valueRequired":true,"valueName":"search_term_string"}}],"inLanguage":"es"}]}},"_links":{"self":[{"href":"https:\/\/likeink.com\/es\/wp-json\/wp\/v2\/product\/35507","targetHints":{"allow":["GET"]}}],"collection":[{"href":"https:\/\/likeink.com\/es\/wp-json\/wp\/v2\/product"}],"about":[{"href":"https:\/\/likeink.com\/es\/wp-json\/wp\/v2\/types\/product"}],"wp:featuredmedia":[{"embeddable":true,"href":"https:\/\/likeink.com\/es\/wp-json\/wp\/v2\/media\/35484"}],"wp:attachment":[{"href":"https:\/\/likeink.com\/es\/wp-json\/wp\/v2\/media?parent=35507"}],"wp:term":[{"taxonomy":"product_brand","embeddable":true,"href":"https:\/\/likeink.com\/es\/wp-json\/wp\/v2\/product_brand?post=35507"},{"taxonomy":"product_cat","embeddable":true,"href":"https:\/\/likeink.com\/es\/wp-json\/wp\/v2\/product_cat?post=35507"},{"taxonomy":"product_tag","embeddable":true,"href":"https:\/\/likeink.com\/es\/wp-json\/wp\/v2\/product_tag?post=35507"}],"curies":[{"name":"wp","href":"https:\/\/api.w.org\/{rel}","templated":true}]}}