{"id":35911,"date":"2025-03-13T16:40:10","date_gmt":"2025-03-13T16:40:11","guid":{"rendered":"https:\/\/likeink.se\/?post_type=product&#038;p=35911"},"modified":"2025-03-13T16:57:05","modified_gmt":"2025-03-13T16:57:05","slug":"boys-dont-cry","status":"publish","type":"product","link":"https:\/\/likeink.com\/es\/tatuaje-falso\/boys-dont-cry\/","title":{"rendered":"Flash \u201dBoys dont cry\u201d by Kristoffer Don Cash"},"content":{"rendered":"","protected":false},"excerpt":{"rendered":"<p>Descubre exclusivos siirtotatuointi creados por el tatuador Kristoffer Don Cash. Cada dise\u00f1o est\u00e1 hecho a mano e inspirado en su estilo distintivo, con detalles gr\u00e1ficos y un toque de realismo. Los tatuajes son veganos, hipoalerg\u00e9nicos y f\u00e1ciles de aplicar con agua. Estos siirtotatuointi duran varios d\u00edas, pero se pueden lavar f\u00e1cilmente cuando quieras cambiar de dise\u00f1o.  <\/p>\n<h2>Encarga tatuajes dise\u00f1ados por el tatuador Kristoffer Don Cash<\/h2>\n<p><strong>Sobre Kristoffer Segerstr\u00f6m:<\/strong><br \/>\nTrabajo con tinta negra el 93,6 % del tiempo y prefiero dise\u00f1os gr\u00e1ficos con un toque de realismo.<br \/>\nComo muchos en la industria, tengo experiencia en el graffiti, pero despu\u00e9s de un tiempo sent\u00ed que era momento de avanzar y comenc\u00e9 a estudiar arte. Durante mis estudios descubr\u00ed el mundo del tatuaje, y una noche en un estudio decid\u00ed tatuarme el muslo yo mismo \u2013 y desde ese momento qued\u00e9 enganchado.  <\/p>\n<p>Ahora llevo unos diez a\u00f1os trabajando como tatuador y me encanta cada parte de ello. He trabajado como tatuador invitado en estudios de todo el mundo y planeo seguir haci\u00e9ndolo mientras mi espalda lo permita.  <\/p>\n<p><strong>Nombre:<\/strong> Kristoffer Don Cash<br \/>\n<strong>Instagram:<\/strong> @k.doncash<br \/>\n<strong>Estudio:<\/strong> Kopparhjerta Falun \/ Estocolmo<br \/>\n<strong>Instagram del estudio:<\/strong> @kopparhjerta  <\/p>\n<p><strong>Tama\u00f1o de la hoja:<\/strong> A5<br \/>\n<strong>N\u00famero de tatuajes:<\/strong> 22<br \/>\n<strong>Tama\u00f1o de los tatuajes:<\/strong> 25-85 mm  <\/p>\n","protected":false},"featured_media":35863,"template":"","meta":[],"product_brand":[],"product_cat":[504,240],"product_tag":[],"class_list":{"0":"post-35911","1":"product","2":"type-product","3":"status-publish","4":"has-post-thumbnail","6":"product_cat-colaboraciones-con-tatuadores","7":"product_cat-hojas-pre-disenadas","9":"first","10":"instock","11":"taxable","12":"shipping-taxable","13":"purchasable","14":"product-type-simple"},"yoast_head":"<!-- This site is optimized with the Yoast SEO Premium plugin v26.2 (Yoast SEO v27.5) - https:\/\/yoast.com\/product\/yoast-seo-premium-wordpress\/ -->\n<title>Boys dont cry Tatuajes en un estilo \u00fanico dibujados por un tatuador! - Like ink<\/title>\n<meta name=\"description\" content=\"Boys dont cry Tatuajes del tatuador Kristoffer Don Cash del estudio Kopparhjerta. Real Fake Tattoos - Like ink\" \/>\n<meta name=\"robots\" content=\"index, follow, max-snippet:-1, max-image-preview:large, max-video-preview:-1\" \/>\n<link rel=\"canonical\" href=\"https:\/\/likeink.com\/es\/tatuaje-falso\/boys-dont-cry\/\" \/>\n<meta property=\"og:locale\" content=\"es_ES\" \/>\n<meta property=\"og:type\" content=\"article\" \/>\n<meta property=\"og:title\" content=\"Flash \u201dBoys dont cry\u201d by Kristoffer Don Cash\" \/>\n<meta property=\"og:description\" content=\"Descubre exclusivos siirtotatuointi creados por el tatuador Kristoffer Don Cash. Cada dise\u00f1o est\u00e1 hecho a mano e inspirado en su estilo distintivo, con detalles gr\u00e1ficos y un toque de realismo. Los tatuajes son veganos, hipoalerg\u00e9nicos y f\u00e1ciles de aplicar con agua. Estos siirtotatuointi duran varios d\u00edas, pero se pueden lavar f\u00e1cilmente cuando quieras cambiar de dise\u00f1o.   Encarga tatuajes dise\u00f1ados por el tatuador Kristoffer Don Cash   Sobre Kristoffer Segerstr\u00f6m:  Trabajo con tinta negra el 93,6 % del tiempo y prefiero dise\u00f1os gr\u00e1ficos con un toque de realismo.  Como muchos en la industria, tengo experiencia en el graffiti, pero despu\u00e9s de un tiempo sent\u00ed que era momento de avanzar y comenc\u00e9 a estudiar arte. Durante mis estudios descubr\u00ed el mundo del tatuaje, y una noche en un estudio decid\u00ed tatuarme el muslo yo mismo \u2013 y desde ese momento qued\u00e9 enganchado.   Ahora llevo unos diez a\u00f1os trabajando como tatuador y me encanta cada parte de ello. He trabajado como tatuador invitado en estudios de todo el mundo y planeo seguir haci\u00e9ndolo mientras mi espalda lo permita.   Nombre: Kristoffer Don Cash  Instagram: @k.doncash  Estudio: Kopparhjerta Falun \/ Estocolmo  Instagram del estudio: @kopparhjerta   Tama\u00f1o de la hoja: A5  N\u00famero de tatuajes: 22  Tama\u00f1o de los tatuajes: 25-85 mm\" \/>\n<meta property=\"og:url\" content=\"https:\/\/likeink.com\/es\/tatuaje-falso\/boys-dont-cry\/\" \/>\n<meta property=\"og:site_name\" content=\"Like ink\" \/>\n<meta property=\"article:publisher\" content=\"https:\/\/www.facebook.com\/LikeInkSe\" \/>\n<meta property=\"article:modified_time\" content=\"2025-03-13T16:57:05+00:00\" \/>\n<meta property=\"og:image\" content=\"https:\/\/likeink.com\/wp-content\/uploads\/2025\/03\/Kopparhjerta-666-tattoo-Likeink.jpg\" \/>\n\t<meta property=\"og:image:width\" content=\"1600\" \/>\n\t<meta property=\"og:image:height\" content=\"1127\" \/>\n\t<meta property=\"og:image:type\" content=\"image\/jpeg\" \/>\n<meta name=\"twitter:card\" content=\"summary_large_image\" \/>\n<meta name=\"twitter:label1\" content=\"Tiempo de lectura\" \/>\n\t<meta name=\"twitter:data1\" content=\"1 minuto\" \/>\n<!-- \/ Yoast SEO Premium plugin. -->","yoast_head_json":{"title":"Boys dont cry Tatuajes en un estilo \u00fanico dibujados por un tatuador! - Like ink","description":"Boys dont cry Tatuajes del tatuador Kristoffer Don Cash del estudio Kopparhjerta. Real Fake Tattoos - Like ink","robots":{"index":"index","follow":"follow","max-snippet":"max-snippet:-1","max-image-preview":"max-image-preview:large","max-video-preview":"max-video-preview:-1"},"canonical":"https:\/\/likeink.com\/es\/tatuaje-falso\/boys-dont-cry\/","og_locale":"es_ES","og_type":"article","og_title":"Flash \u201dBoys dont cry\u201d by Kristoffer Don Cash","og_description":"Descubre exclusivos siirtotatuointi creados por el tatuador Kristoffer Don Cash. Cada dise\u00f1o est\u00e1 hecho a mano e inspirado en su estilo distintivo, con detalles gr\u00e1ficos y un toque de realismo. Los tatuajes son veganos, hipoalerg\u00e9nicos y f\u00e1ciles de aplicar con agua. Estos siirtotatuointi duran varios d\u00edas, pero se pueden lavar f\u00e1cilmente cuando quieras cambiar de dise\u00f1o.   Encarga tatuajes dise\u00f1ados por el tatuador Kristoffer Don Cash   Sobre Kristoffer Segerstr\u00f6m:  Trabajo con tinta negra el 93,6 % del tiempo y prefiero dise\u00f1os gr\u00e1ficos con un toque de realismo.  Como muchos en la industria, tengo experiencia en el graffiti, pero despu\u00e9s de un tiempo sent\u00ed que era momento de avanzar y comenc\u00e9 a estudiar arte. Durante mis estudios descubr\u00ed el mundo del tatuaje, y una noche en un estudio decid\u00ed tatuarme el muslo yo mismo \u2013 y desde ese momento qued\u00e9 enganchado.   Ahora llevo unos diez a\u00f1os trabajando como tatuador y me encanta cada parte de ello. He trabajado como tatuador invitado en estudios de todo el mundo y planeo seguir haci\u00e9ndolo mientras mi espalda lo permita.   Nombre: Kristoffer Don Cash  Instagram: @k.doncash  Estudio: Kopparhjerta Falun \/ Estocolmo  Instagram del estudio: @kopparhjerta   Tama\u00f1o de la hoja: A5  N\u00famero de tatuajes: 22  Tama\u00f1o de los tatuajes: 25-85 mm","og_url":"https:\/\/likeink.com\/es\/tatuaje-falso\/boys-dont-cry\/","og_site_name":"Like ink","article_publisher":"https:\/\/www.facebook.com\/LikeInkSe","article_modified_time":"2025-03-13T16:57:05+00:00","og_image":[{"width":1600,"height":1127,"url":"https:\/\/likeink.com\/wp-content\/uploads\/2025\/03\/Kopparhjerta-666-tattoo-Likeink.jpg","type":"image\/jpeg"}],"twitter_card":"summary_large_image","twitter_misc":{"Tiempo de lectura":"1 minuto"},"schema":{"@context":"https:\/\/schema.org","@graph":[{"@type":"WebPage","@id":"https:\/\/likeink.com\/es\/tatuaje-falso\/boys-dont-cry\/","url":"https:\/\/likeink.com\/es\/tatuaje-falso\/boys-dont-cry\/","name":"Boys dont cry Tatuajes en un estilo \u00fanico dibujados por un tatuador! - Like ink","isPartOf":{"@id":"https:\/\/likeink.com\/es\/#website"},"primaryImageOfPage":{"@id":"https:\/\/likeink.com\/es\/tatuaje-falso\/boys-dont-cry\/#primaryimage"},"image":{"@id":"https:\/\/likeink.com\/es\/tatuaje-falso\/boys-dont-cry\/#primaryimage"},"thumbnailUrl":"https:\/\/likeink.com\/wp-content\/uploads\/2025\/03\/Kopparhjerta-666-tattoo-Likeink.jpg","datePublished":"2025-03-13T16:40:11+00:00","dateModified":"2025-03-13T16:57:05+00:00","description":"Boys dont cry Tatuajes del tatuador Kristoffer Don Cash del estudio Kopparhjerta. Real Fake Tattoos - Like ink","breadcrumb":{"@id":"https:\/\/likeink.com\/es\/tatuaje-falso\/boys-dont-cry\/#breadcrumb"},"inLanguage":"es","potentialAction":[{"@type":"ReadAction","target":["https:\/\/likeink.com\/es\/tatuaje-falso\/boys-dont-cry\/"]}]},{"@type":"ImageObject","inLanguage":"es","@id":"https:\/\/likeink.com\/es\/tatuaje-falso\/boys-dont-cry\/#primaryimage","url":"https:\/\/likeink.com\/wp-content\/uploads\/2025\/03\/Kopparhjerta-666-tattoo-Likeink.jpg","contentUrl":"https:\/\/likeink.com\/wp-content\/uploads\/2025\/03\/Kopparhjerta-666-tattoo-Likeink.jpg","width":1600,"height":1127,"caption":"Tatuajes temporales en blanco y negro con flores, un encendedor, letras g\u00f3ticas y motivos rebeldes."},{"@type":"BreadcrumbList","@id":"https:\/\/likeink.com\/es\/tatuaje-falso\/boys-dont-cry\/#breadcrumb","itemListElement":[{"@type":"ListItem","position":1,"name":"Hem","item":"https:\/\/likeink.com\/es\/"},{"@type":"ListItem","position":2,"name":"Shop","item":"https:\/\/likeink.com\/es\/shop\/"},{"@type":"ListItem","position":3,"name":"Flash \u201dBoys dont cry\u201d by Kristoffer Don Cash"}]},{"@type":"WebSite","@id":"https:\/\/likeink.com\/es\/#website","url":"https:\/\/likeink.com\/es\/","name":"Like ink","description":"HAZ TUS PROPIOS TATUAJES TEMPORALES","potentialAction":[{"@type":"SearchAction","target":{"@type":"EntryPoint","urlTemplate":"https:\/\/likeink.com\/es\/?s={search_term_string}"},"query-input":{"@type":"PropertyValueSpecification","valueRequired":true,"valueName":"search_term_string"}}],"inLanguage":"es"}]}},"_links":{"self":[{"href":"https:\/\/likeink.com\/es\/wp-json\/wp\/v2\/product\/35911","targetHints":{"allow":["GET"]}}],"collection":[{"href":"https:\/\/likeink.com\/es\/wp-json\/wp\/v2\/product"}],"about":[{"href":"https:\/\/likeink.com\/es\/wp-json\/wp\/v2\/types\/product"}],"wp:featuredmedia":[{"embeddable":true,"href":"https:\/\/likeink.com\/es\/wp-json\/wp\/v2\/media\/35863"}],"wp:attachment":[{"href":"https:\/\/likeink.com\/es\/wp-json\/wp\/v2\/media?parent=35911"}],"wp:term":[{"taxonomy":"product_brand","embeddable":true,"href":"https:\/\/likeink.com\/es\/wp-json\/wp\/v2\/product_brand?post=35911"},{"taxonomy":"product_cat","embeddable":true,"href":"https:\/\/likeink.com\/es\/wp-json\/wp\/v2\/product_cat?post=35911"},{"taxonomy":"product_tag","embeddable":true,"href":"https:\/\/likeink.com\/es\/wp-json\/wp\/v2\/product_tag?post=35911"}],"curies":[{"name":"wp","href":"https:\/\/api.w.org\/{rel}","templated":true}]}}