{"id":36140,"date":"2025-03-25T13:33:52","date_gmt":"2025-03-25T13:33:52","guid":{"rendered":"https:\/\/likeink.se\/gnuggis\/ironiska-citat-tatueringar-the-ironic-company-a5\/"},"modified":"2025-03-25T13:43:58","modified_gmt":"2025-03-25T13:43:58","slug":"ironiska-citat-tatueringar-the-ironic-company-a5","status":"publish","type":"product","link":"https:\/\/likeink.com\/es\/tatuaje-falso\/ironiska-citat-tatueringar-the-ironic-company-a5\/","title":{"rendered":"Tatuajes de citas ir\u00f3nicas \u201dThe Ironic Company\u201d A5"},"content":{"rendered":"","protected":false},"excerpt":{"rendered":"<p>Una hoja A5 llena de tatuajes temporales con frases ir\u00f3nicas, dise\u00f1adas por el ingenioso equipo de The Ironic Company. Perfectos para fiestas, festivales o simplemente para darle un toque sarc\u00e1stico a tu d\u00eda a d\u00eda.<\/p>\n<h2>Compra tatuajes de frases divertidas \u2013 f\u00e1ciles de aplicar y quitar<\/h2>\n<p>\u2714 Entrega r\u00e1pida<br \/>\n\u2714 Hipoalerg\u00e9nicos y suaves con la piel<br \/>\n\u2714 F\u00e1ciles de aplicar \u2013 coloca, humedece, \u00a1listo!<br \/>\n\u2714 F\u00e1ciles de quitar<\/p>\n<p>\u00a1Muestra tu humor al mundo \u2013 sin comprometerte de por vida!<\/p>\n<p>Tama\u00f1o de la hoja: A5<br \/>\nCantidad de tatuajes: 12<br \/>\nTama\u00f1o de los tatuajes: 30\u201365 mm<\/p>\n","protected":false},"featured_media":36028,"template":"","meta":[],"product_brand":[],"product_cat":[240,246],"product_tag":[],"class_list":{"0":"post-36140","1":"product","2":"type-product","3":"status-publish","4":"has-post-thumbnail","6":"product_cat-hojas-pre-disenadas","7":"product_cat-tatuajes-divertidos","9":"first","10":"instock","11":"taxable","12":"shipping-taxable","13":"purchasable","14":"product-type-simple"},"yoast_head":"<!-- This site is optimized with the Yoast SEO Premium plugin v26.2 (Yoast SEO v27.4) - https:\/\/yoast.com\/product\/yoast-seo-premium-wordpress\/ -->\n<title>Tatuajes de citas ir\u00f3nicas - Like ink<\/title>\n<meta name=\"description\" content=\"Tatuajes de citas ir\u00f3nicas dise\u00f1ados por &quot;The Ironic Company&quot;. \u00a1Entrega r\u00e1pida, tatuajes hipoalerg\u00e9nicos y env\u00edo r\u00e1pido! - Like ink\" \/>\n<meta name=\"robots\" content=\"index, follow, max-snippet:-1, max-image-preview:large, max-video-preview:-1\" \/>\n<link rel=\"canonical\" href=\"https:\/\/likeink.com\/es\/tatuaje-falso\/ironiska-citat-tatueringar-the-ironic-company-a5\/\" \/>\n<meta property=\"og:locale\" content=\"es_ES\" \/>\n<meta property=\"og:type\" content=\"article\" \/>\n<meta property=\"og:title\" content=\"Tatuajes de citas ir\u00f3nicas \u201dThe Ironic Company\u201d A5\" \/>\n<meta property=\"og:description\" content=\"Una hoja A5 llena de tatuajes temporales con frases ir\u00f3nicas, dise\u00f1adas por el ingenioso equipo de The Ironic Company. Perfectos para fiestas, festivales o simplemente para darle un toque sarc\u00e1stico a tu d\u00eda a d\u00eda.  Compra tatuajes de frases divertidas \u2013 f\u00e1ciles de aplicar y quitar \u2714 Entrega r\u00e1pida \u2714 Hipoalerg\u00e9nicos y suaves con la piel \u2714 F\u00e1ciles de aplicar \u2013 coloca, humedece, \u00a1listo! \u2714 F\u00e1ciles de quitar  \u00a1Muestra tu humor al mundo \u2013 sin comprometerte de por vida!  Tama\u00f1o de la hoja: A5 Cantidad de tatuajes: 12 Tama\u00f1o de los tatuajes: 30\u201365 mm\" \/>\n<meta property=\"og:url\" content=\"https:\/\/likeink.com\/es\/tatuaje-falso\/ironiska-citat-tatueringar-the-ironic-company-a5\/\" \/>\n<meta property=\"og:site_name\" content=\"Like ink\" \/>\n<meta property=\"article:publisher\" content=\"https:\/\/www.facebook.com\/LikeInkSe\" \/>\n<meta property=\"article:modified_time\" content=\"2025-03-25T13:43:58+00:00\" \/>\n<meta property=\"og:image\" content=\"https:\/\/likeink.com\/wp-content\/uploads\/2025\/03\/StayWeirdTattoos-Likeink-1.jpg\" \/>\n\t<meta property=\"og:image:width\" content=\"1400\" \/>\n\t<meta property=\"og:image:height\" content=\"986\" \/>\n\t<meta property=\"og:image:type\" content=\"image\/jpeg\" \/>\n<meta name=\"twitter:card\" content=\"summary_large_image\" \/>\n<meta name=\"twitter:label1\" content=\"Tiempo de lectura\" \/>\n\t<meta name=\"twitter:data1\" content=\"1 minuto\" \/>\n<script type=\"application\/ld+json\" class=\"yoast-schema-graph\">{\"@context\":\"https:\\\/\\\/schema.org\",\"@graph\":[{\"@type\":\"WebPage\",\"@id\":\"https:\\\/\\\/likeink.com\\\/es\\\/tatuaje-falso\\\/ironiska-citat-tatueringar-the-ironic-company-a5\\\/\",\"url\":\"https:\\\/\\\/likeink.com\\\/es\\\/tatuaje-falso\\\/ironiska-citat-tatueringar-the-ironic-company-a5\\\/\",\"name\":\"Tatuajes de citas ir\u00f3nicas - Like ink\",\"isPartOf\":{\"@id\":\"https:\\\/\\\/likeink.com\\\/es\\\/#website\"},\"primaryImageOfPage\":{\"@id\":\"https:\\\/\\\/likeink.com\\\/es\\\/tatuaje-falso\\\/ironiska-citat-tatueringar-the-ironic-company-a5\\\/#primaryimage\"},\"image\":{\"@id\":\"https:\\\/\\\/likeink.com\\\/es\\\/tatuaje-falso\\\/ironiska-citat-tatueringar-the-ironic-company-a5\\\/#primaryimage\"},\"thumbnailUrl\":\"https:\\\/\\\/likeink.com\\\/wp-content\\\/uploads\\\/2025\\\/03\\\/StayWeirdTattoos-Likeink-1.jpg\",\"datePublished\":\"2025-03-25T13:33:52+00:00\",\"dateModified\":\"2025-03-25T13:43:58+00:00\",\"description\":\"Tatuajes de citas ir\u00f3nicas dise\u00f1ados por \\\"The Ironic Company\\\". \u00a1Entrega r\u00e1pida, tatuajes hipoalerg\u00e9nicos y env\u00edo r\u00e1pido! - Like ink\",\"breadcrumb\":{\"@id\":\"https:\\\/\\\/likeink.com\\\/es\\\/tatuaje-falso\\\/ironiska-citat-tatueringar-the-ironic-company-a5\\\/#breadcrumb\"},\"inLanguage\":\"es\",\"potentialAction\":[{\"@type\":\"ReadAction\",\"target\":[\"https:\\\/\\\/likeink.com\\\/es\\\/tatuaje-falso\\\/ironiska-citat-tatueringar-the-ironic-company-a5\\\/\"]}]},{\"@type\":\"ImageObject\",\"inLanguage\":\"es\",\"@id\":\"https:\\\/\\\/likeink.com\\\/es\\\/tatuaje-falso\\\/ironiska-citat-tatueringar-the-ironic-company-a5\\\/#primaryimage\",\"url\":\"https:\\\/\\\/likeink.com\\\/wp-content\\\/uploads\\\/2025\\\/03\\\/StayWeirdTattoos-Likeink-1.jpg\",\"contentUrl\":\"https:\\\/\\\/likeink.com\\\/wp-content\\\/uploads\\\/2025\\\/03\\\/StayWeirdTattoos-Likeink-1.jpg\",\"width\":1400,\"height\":986,\"caption\":\"Tatuajes temporales con frases divertidas y originales, tem\u00e1ticas de caf\u00e9 y afirmaciones positivas.\"},{\"@type\":\"BreadcrumbList\",\"@id\":\"https:\\\/\\\/likeink.com\\\/es\\\/tatuaje-falso\\\/ironiska-citat-tatueringar-the-ironic-company-a5\\\/#breadcrumb\",\"itemListElement\":[{\"@type\":\"ListItem\",\"position\":1,\"name\":\"Hem\",\"item\":\"https:\\\/\\\/likeink.com\\\/es\\\/\"},{\"@type\":\"ListItem\",\"position\":2,\"name\":\"Shop\",\"item\":\"https:\\\/\\\/likeink.com\\\/es\\\/shop\\\/\"},{\"@type\":\"ListItem\",\"position\":3,\"name\":\"Tatuajes de citas ir\u00f3nicas \u201dThe Ironic Company\u201d A5\"}]},{\"@type\":\"WebSite\",\"@id\":\"https:\\\/\\\/likeink.com\\\/es\\\/#website\",\"url\":\"https:\\\/\\\/likeink.com\\\/es\\\/\",\"name\":\"Like ink\",\"description\":\"HAZ TUS PROPIOS TATUAJES TEMPORALES\",\"potentialAction\":[{\"@type\":\"SearchAction\",\"target\":{\"@type\":\"EntryPoint\",\"urlTemplate\":\"https:\\\/\\\/likeink.com\\\/es\\\/?s={search_term_string}\"},\"query-input\":{\"@type\":\"PropertyValueSpecification\",\"valueRequired\":true,\"valueName\":\"search_term_string\"}}],\"inLanguage\":\"es\"}]}<\/script>\n<!-- \/ Yoast SEO Premium plugin. -->","yoast_head_json":{"title":"Tatuajes de citas ir\u00f3nicas - Like ink","description":"Tatuajes de citas ir\u00f3nicas dise\u00f1ados por \"The Ironic Company\". \u00a1Entrega r\u00e1pida, tatuajes hipoalerg\u00e9nicos y env\u00edo r\u00e1pido! - Like ink","robots":{"index":"index","follow":"follow","max-snippet":"max-snippet:-1","max-image-preview":"max-image-preview:large","max-video-preview":"max-video-preview:-1"},"canonical":"https:\/\/likeink.com\/es\/tatuaje-falso\/ironiska-citat-tatueringar-the-ironic-company-a5\/","og_locale":"es_ES","og_type":"article","og_title":"Tatuajes de citas ir\u00f3nicas \u201dThe Ironic Company\u201d A5","og_description":"Una hoja A5 llena de tatuajes temporales con frases ir\u00f3nicas, dise\u00f1adas por el ingenioso equipo de The Ironic Company. Perfectos para fiestas, festivales o simplemente para darle un toque sarc\u00e1stico a tu d\u00eda a d\u00eda.  Compra tatuajes de frases divertidas \u2013 f\u00e1ciles de aplicar y quitar \u2714 Entrega r\u00e1pida \u2714 Hipoalerg\u00e9nicos y suaves con la piel \u2714 F\u00e1ciles de aplicar \u2013 coloca, humedece, \u00a1listo! \u2714 F\u00e1ciles de quitar  \u00a1Muestra tu humor al mundo \u2013 sin comprometerte de por vida!  Tama\u00f1o de la hoja: A5 Cantidad de tatuajes: 12 Tama\u00f1o de los tatuajes: 30\u201365 mm","og_url":"https:\/\/likeink.com\/es\/tatuaje-falso\/ironiska-citat-tatueringar-the-ironic-company-a5\/","og_site_name":"Like ink","article_publisher":"https:\/\/www.facebook.com\/LikeInkSe","article_modified_time":"2025-03-25T13:43:58+00:00","og_image":[{"width":1400,"height":986,"url":"https:\/\/likeink.com\/wp-content\/uploads\/2025\/03\/StayWeirdTattoos-Likeink-1.jpg","type":"image\/jpeg"}],"twitter_card":"summary_large_image","twitter_misc":{"Tiempo de lectura":"1 minuto"},"schema":{"@context":"https:\/\/schema.org","@graph":[{"@type":"WebPage","@id":"https:\/\/likeink.com\/es\/tatuaje-falso\/ironiska-citat-tatueringar-the-ironic-company-a5\/","url":"https:\/\/likeink.com\/es\/tatuaje-falso\/ironiska-citat-tatueringar-the-ironic-company-a5\/","name":"Tatuajes de citas ir\u00f3nicas - Like ink","isPartOf":{"@id":"https:\/\/likeink.com\/es\/#website"},"primaryImageOfPage":{"@id":"https:\/\/likeink.com\/es\/tatuaje-falso\/ironiska-citat-tatueringar-the-ironic-company-a5\/#primaryimage"},"image":{"@id":"https:\/\/likeink.com\/es\/tatuaje-falso\/ironiska-citat-tatueringar-the-ironic-company-a5\/#primaryimage"},"thumbnailUrl":"https:\/\/likeink.com\/wp-content\/uploads\/2025\/03\/StayWeirdTattoos-Likeink-1.jpg","datePublished":"2025-03-25T13:33:52+00:00","dateModified":"2025-03-25T13:43:58+00:00","description":"Tatuajes de citas ir\u00f3nicas dise\u00f1ados por \"The Ironic Company\". \u00a1Entrega r\u00e1pida, tatuajes hipoalerg\u00e9nicos y env\u00edo r\u00e1pido! - Like ink","breadcrumb":{"@id":"https:\/\/likeink.com\/es\/tatuaje-falso\/ironiska-citat-tatueringar-the-ironic-company-a5\/#breadcrumb"},"inLanguage":"es","potentialAction":[{"@type":"ReadAction","target":["https:\/\/likeink.com\/es\/tatuaje-falso\/ironiska-citat-tatueringar-the-ironic-company-a5\/"]}]},{"@type":"ImageObject","inLanguage":"es","@id":"https:\/\/likeink.com\/es\/tatuaje-falso\/ironiska-citat-tatueringar-the-ironic-company-a5\/#primaryimage","url":"https:\/\/likeink.com\/wp-content\/uploads\/2025\/03\/StayWeirdTattoos-Likeink-1.jpg","contentUrl":"https:\/\/likeink.com\/wp-content\/uploads\/2025\/03\/StayWeirdTattoos-Likeink-1.jpg","width":1400,"height":986,"caption":"Tatuajes temporales con frases divertidas y originales, tem\u00e1ticas de caf\u00e9 y afirmaciones positivas."},{"@type":"BreadcrumbList","@id":"https:\/\/likeink.com\/es\/tatuaje-falso\/ironiska-citat-tatueringar-the-ironic-company-a5\/#breadcrumb","itemListElement":[{"@type":"ListItem","position":1,"name":"Hem","item":"https:\/\/likeink.com\/es\/"},{"@type":"ListItem","position":2,"name":"Shop","item":"https:\/\/likeink.com\/es\/shop\/"},{"@type":"ListItem","position":3,"name":"Tatuajes de citas ir\u00f3nicas \u201dThe Ironic Company\u201d A5"}]},{"@type":"WebSite","@id":"https:\/\/likeink.com\/es\/#website","url":"https:\/\/likeink.com\/es\/","name":"Like ink","description":"HAZ TUS PROPIOS TATUAJES TEMPORALES","potentialAction":[{"@type":"SearchAction","target":{"@type":"EntryPoint","urlTemplate":"https:\/\/likeink.com\/es\/?s={search_term_string}"},"query-input":{"@type":"PropertyValueSpecification","valueRequired":true,"valueName":"search_term_string"}}],"inLanguage":"es"}]}},"_links":{"self":[{"href":"https:\/\/likeink.com\/es\/wp-json\/wp\/v2\/product\/36140","targetHints":{"allow":["GET"]}}],"collection":[{"href":"https:\/\/likeink.com\/es\/wp-json\/wp\/v2\/product"}],"about":[{"href":"https:\/\/likeink.com\/es\/wp-json\/wp\/v2\/types\/product"}],"wp:featuredmedia":[{"embeddable":true,"href":"https:\/\/likeink.com\/es\/wp-json\/wp\/v2\/media\/36028"}],"wp:attachment":[{"href":"https:\/\/likeink.com\/es\/wp-json\/wp\/v2\/media?parent=36140"}],"wp:term":[{"taxonomy":"product_brand","embeddable":true,"href":"https:\/\/likeink.com\/es\/wp-json\/wp\/v2\/product_brand?post=36140"},{"taxonomy":"product_cat","embeddable":true,"href":"https:\/\/likeink.com\/es\/wp-json\/wp\/v2\/product_cat?post=36140"},{"taxonomy":"product_tag","embeddable":true,"href":"https:\/\/likeink.com\/es\/wp-json\/wp\/v2\/product_tag?post=36140"}],"curies":[{"name":"wp","href":"https:\/\/api.w.org\/{rel}","templated":true}]}}