{"id":50887,"date":"2025-09-08T11:56:47","date_gmt":"2025-09-08T11:56:47","guid":{"rendered":"https:\/\/likeink.com\/gnuggis\/lafufu-babies-a5\/"},"modified":"2026-03-16T21:41:56","modified_gmt":"2026-03-16T21:41:56","slug":"lafufu-babies-a5","status":"publish","type":"product","link":"https:\/\/likeink.com\/es\/tatuaje-falso\/lafufu-babies-a5\/","title":{"rendered":"Lafufu babies"},"content":{"rendered":"","protected":false},"excerpt":{"rendered":"<p>Conoce a Lafufu, el monstruo de buen coraz\u00f3n inspirado en la sensaci\u00f3n viral Labubu. Cada hoja A5 est\u00e1 repleta de tatuajes temporales Lafufu coloridos y dibujados a mano, dise\u00f1ados y fabricados en Suecia.<br \/>\nYa sea que busques un peque\u00f1o amigo para alegrarte el d\u00eda o una pieza llamativa y divertida, estos tatuajes son ideales para fiestas, eventos o para mostrar tu estilo \u00fanico.<\/p>\n<h2>Consigue hoy mismo tus tatuajes falsos de Lafufu.<\/h2>\n<p> Los tatuajes Like Ink son f\u00e1ciles de aplicar y duran varios d\u00edas \u2013 despega, pega y sonr\u00ede.<\/p>\n<p><strong>Tama\u00f1o de la hoja:<\/strong> A5<br \/>\n<strong>N\u00famero de tatuajes:<\/strong> 16<br \/>\n<strong>Tama\u00f1o del tatuaje:<\/strong> aprox. 3\u20135 cm<\/p>\n","protected":false},"featured_media":50579,"template":"","meta":[],"product_brand":[],"product_cat":[531,240],"product_tag":[],"class_list":{"0":"post-50887","1":"product","2":"type-product","3":"status-publish","4":"has-post-thumbnail","6":"product_cat-fiesta-infantil","7":"product_cat-hojas-pre-disenadas","9":"first","10":"instock","11":"taxable","12":"shipping-taxable","13":"purchasable","14":"product-type-simple"},"yoast_head":"<!-- This site is optimized with the Yoast SEO Premium plugin v26.2 (Yoast SEO v27.5) - https:\/\/yoast.com\/product\/yoast-seo-premium-wordpress\/ -->\n<title>Lafufu babies - Like ink<\/title>\n<meta name=\"description\" content=\"Compra tatuajes falsos de Lafufu inspirados en el personaje viral Labubu. Cada hoja A5 incluye dise\u00f1os de monstruos dibujados a mano y llenos de diversi\u00f3n \u2013 f\u00e1ciles de aplicar y de larga duraci\u00f3n\" \/>\n<meta name=\"robots\" content=\"index, follow, max-snippet:-1, max-image-preview:large, max-video-preview:-1\" \/>\n<link rel=\"canonical\" href=\"https:\/\/likeink.com\/es\/tatuaje-falso\/lafufu-babies-a5\/\" \/>\n<meta property=\"og:locale\" content=\"es_ES\" \/>\n<meta property=\"og:type\" content=\"article\" \/>\n<meta property=\"og:title\" content=\"Lafufu babies\" \/>\n<meta property=\"og:description\" content=\"Conoce a Lafufu, el monstruo de buen coraz\u00f3n inspirado en la sensaci\u00f3n viral Labubu. Cada hoja A5 est\u00e1 repleta de tatuajes temporales Lafufu coloridos y dibujados a mano, dise\u00f1ados y fabricados en Suecia. Ya sea que busques un peque\u00f1o amigo para alegrarte el d\u00eda o una pieza llamativa y divertida, estos tatuajes son ideales para fiestas, eventos o para mostrar tu estilo \u00fanico.  Consigue hoy mismo tus tatuajes falsos de Lafufu. Los tatuajes Like Ink son f\u00e1ciles de aplicar y duran varios d\u00edas \u2013 despega, pega y sonr\u00ede.  Tama\u00f1o de la hoja: A5 N\u00famero de tatuajes: 16 Tama\u00f1o del tatuaje: aprox. 3\u20135 cm\" \/>\n<meta property=\"og:url\" content=\"https:\/\/likeink.com\/es\/tatuaje-falso\/lafufu-babies-a5\/\" \/>\n<meta property=\"og:site_name\" content=\"Like ink\" \/>\n<meta property=\"article:publisher\" content=\"https:\/\/www.facebook.com\/LikeInkSe\" \/>\n<meta property=\"article:modified_time\" content=\"2026-03-16T21:41:56+00:00\" \/>\n<meta property=\"og:image\" content=\"https:\/\/likeink.com\/wp-content\/uploads\/2025\/08\/Labubu-babies-tattoos-likeink.jpg\" \/>\n\t<meta property=\"og:image:width\" content=\"1985\" \/>\n\t<meta property=\"og:image:height\" content=\"1400\" \/>\n\t<meta property=\"og:image:type\" content=\"image\/jpeg\" \/>\n<meta name=\"twitter:card\" content=\"summary_large_image\" \/>\n<meta name=\"twitter:label1\" content=\"Tiempo de lectura\" \/>\n\t<meta name=\"twitter:data1\" content=\"1 minuto\" \/>\n<!-- \/ Yoast SEO Premium plugin. -->","yoast_head_json":{"title":"Lafufu babies - Like ink","description":"Compra tatuajes falsos de Lafufu inspirados en el personaje viral Labubu. Cada hoja A5 incluye dise\u00f1os de monstruos dibujados a mano y llenos de diversi\u00f3n \u2013 f\u00e1ciles de aplicar y de larga duraci\u00f3n","robots":{"index":"index","follow":"follow","max-snippet":"max-snippet:-1","max-image-preview":"max-image-preview:large","max-video-preview":"max-video-preview:-1"},"canonical":"https:\/\/likeink.com\/es\/tatuaje-falso\/lafufu-babies-a5\/","og_locale":"es_ES","og_type":"article","og_title":"Lafufu babies","og_description":"Conoce a Lafufu, el monstruo de buen coraz\u00f3n inspirado en la sensaci\u00f3n viral Labubu. Cada hoja A5 est\u00e1 repleta de tatuajes temporales Lafufu coloridos y dibujados a mano, dise\u00f1ados y fabricados en Suecia. Ya sea que busques un peque\u00f1o amigo para alegrarte el d\u00eda o una pieza llamativa y divertida, estos tatuajes son ideales para fiestas, eventos o para mostrar tu estilo \u00fanico.  Consigue hoy mismo tus tatuajes falsos de Lafufu. Los tatuajes Like Ink son f\u00e1ciles de aplicar y duran varios d\u00edas \u2013 despega, pega y sonr\u00ede.  Tama\u00f1o de la hoja: A5 N\u00famero de tatuajes: 16 Tama\u00f1o del tatuaje: aprox. 3\u20135 cm","og_url":"https:\/\/likeink.com\/es\/tatuaje-falso\/lafufu-babies-a5\/","og_site_name":"Like ink","article_publisher":"https:\/\/www.facebook.com\/LikeInkSe","article_modified_time":"2026-03-16T21:41:56+00:00","og_image":[{"width":1985,"height":1400,"url":"https:\/\/likeink.com\/wp-content\/uploads\/2025\/08\/Labubu-babies-tattoos-likeink.jpg","type":"image\/jpeg"}],"twitter_card":"summary_large_image","twitter_misc":{"Tiempo de lectura":"1 minuto"},"schema":{"@context":"https:\/\/schema.org","@graph":[{"@type":"WebPage","@id":"https:\/\/likeink.com\/es\/tatuaje-falso\/lafufu-babies-a5\/","url":"https:\/\/likeink.com\/es\/tatuaje-falso\/lafufu-babies-a5\/","name":"Lafufu babies - Like ink","isPartOf":{"@id":"https:\/\/likeink.com\/es\/#website"},"primaryImageOfPage":{"@id":"https:\/\/likeink.com\/es\/tatuaje-falso\/lafufu-babies-a5\/#primaryimage"},"image":{"@id":"https:\/\/likeink.com\/es\/tatuaje-falso\/lafufu-babies-a5\/#primaryimage"},"thumbnailUrl":"https:\/\/likeink.com\/wp-content\/uploads\/2025\/08\/Labubu-babies-tattoos-likeink.jpg","datePublished":"2025-09-08T11:56:47+00:00","dateModified":"2026-03-16T21:41:56+00:00","description":"Compra tatuajes falsos de Lafufu inspirados en el personaje viral Labubu. Cada hoja A5 incluye dise\u00f1os de monstruos dibujados a mano y llenos de diversi\u00f3n \u2013 f\u00e1ciles de aplicar y de larga duraci\u00f3n","breadcrumb":{"@id":"https:\/\/likeink.com\/es\/tatuaje-falso\/lafufu-babies-a5\/#breadcrumb"},"inLanguage":"es","potentialAction":[{"@type":"ReadAction","target":["https:\/\/likeink.com\/es\/tatuaje-falso\/lafufu-babies-a5\/"]}]},{"@type":"ImageObject","inLanguage":"es","@id":"https:\/\/likeink.com\/es\/tatuaje-falso\/lafufu-babies-a5\/#primaryimage","url":"https:\/\/likeink.com\/wp-content\/uploads\/2025\/08\/Labubu-babies-tattoos-likeink.jpg","contentUrl":"https:\/\/likeink.com\/wp-content\/uploads\/2025\/08\/Labubu-babies-tattoos-likeink.jpg","width":1985,"height":1400,"caption":"Hoja de tatuajes de Labubu babies y tatuajes temporales con monstruos beb\u00e9s de colores suaves en diferentes trajes, emociones y actividades."},{"@type":"BreadcrumbList","@id":"https:\/\/likeink.com\/es\/tatuaje-falso\/lafufu-babies-a5\/#breadcrumb","itemListElement":[{"@type":"ListItem","position":1,"name":"Hem","item":"https:\/\/likeink.com\/es\/"},{"@type":"ListItem","position":2,"name":"Shop","item":"https:\/\/likeink.com\/es\/shop\/"},{"@type":"ListItem","position":3,"name":"Lafufu babies"}]},{"@type":"WebSite","@id":"https:\/\/likeink.com\/es\/#website","url":"https:\/\/likeink.com\/es\/","name":"Like ink","description":"HAZ TUS PROPIOS TATUAJES TEMPORALES","potentialAction":[{"@type":"SearchAction","target":{"@type":"EntryPoint","urlTemplate":"https:\/\/likeink.com\/es\/?s={search_term_string}"},"query-input":{"@type":"PropertyValueSpecification","valueRequired":true,"valueName":"search_term_string"}}],"inLanguage":"es"}]}},"_links":{"self":[{"href":"https:\/\/likeink.com\/es\/wp-json\/wp\/v2\/product\/50887","targetHints":{"allow":["GET"]}}],"collection":[{"href":"https:\/\/likeink.com\/es\/wp-json\/wp\/v2\/product"}],"about":[{"href":"https:\/\/likeink.com\/es\/wp-json\/wp\/v2\/types\/product"}],"wp:featuredmedia":[{"embeddable":true,"href":"https:\/\/likeink.com\/es\/wp-json\/wp\/v2\/media\/50579"}],"wp:attachment":[{"href":"https:\/\/likeink.com\/es\/wp-json\/wp\/v2\/media?parent=50887"}],"wp:term":[{"taxonomy":"product_brand","embeddable":true,"href":"https:\/\/likeink.com\/es\/wp-json\/wp\/v2\/product_brand?post=50887"},{"taxonomy":"product_cat","embeddable":true,"href":"https:\/\/likeink.com\/es\/wp-json\/wp\/v2\/product_cat?post=50887"},{"taxonomy":"product_tag","embeddable":true,"href":"https:\/\/likeink.com\/es\/wp-json\/wp\/v2\/product_tag?post=50887"}],"curies":[{"name":"wp","href":"https:\/\/api.w.org\/{rel}","templated":true}]}}