{"id":52943,"date":"2025-11-26T14:52:21","date_gmt":"2025-11-26T14:52:21","guid":{"rendered":"https:\/\/likeink.com\/gnuggis\/freckle-tattoos-silver-moon\/"},"modified":"2025-11-26T15:03:16","modified_gmt":"2025-11-26T15:03:16","slug":"tatuajes-de-pecas-luna-plateada","status":"publish","type":"product","link":"https:\/\/likeink.com\/es\/tatuaje-falso\/tatuajes-de-pecas-luna-plateada\/","title":{"rendered":"Tatuajes de Pecas Luna Plateada"},"content":{"rendered":"","protected":false},"excerpt":{"rendered":"<p><strong>Like Ink Freckle Tattoos Moon \u2013 Agrupaciones brillantes plateadas de peque\u00f1os puntos, estrellas, ramitas y una luna.<\/strong><\/p>\n<p>Dale un toque m\u00e1gico a tu look con los Tatuajes Met\u00e1licos de Pecas Like Ink \u2013 tatuajes temporales plateados que se colocan sobre la nariz y debajo de los ojos. \u00a1Perfectos para una salida nocturna, un festival o la v\u00edspera de A\u00f1o Nuevo cuando quieres brillar un poco m\u00e1s!<\/p>\n<h2>Compra tatuajes de pecas plateados de alta calidad<\/h2>\n<p>Nuestros Freckle Tattoos est\u00e1n dise\u00f1ados para mantenerse en su lugar durante mucho tiempo y ofrecer un aspecto natural y elegante. Gracias a su dise\u00f1o inteligente, el adhesivo se adhiere solo al tatuaje \u2013 sin pel\u00edcula pl\u00e1stica innecesaria que arruine el aspecto general. Tatuajes de pecas s\u00faper elegantes de gran calidad.<\/p>\n<p>Adem\u00e1s, los Freckle Tattoos de Like Ink son hipoalerg\u00e9nicos y suaves con la piel, por lo que son seguros incluso para pieles sensibles. F\u00e1ciles de aplicar y de quitar \u2013 crea tu look so\u00f1ado en solo unos minutos.<\/p>\n<p>\u2728 \u00a1Crea magia con los Freckle Tattoos Like Ink \u2013 un detalle brillante que marca la diferencia! \u2728<\/p>\n<p><strong>Tama\u00f1o:<\/strong> 15X4 cm<\/p>\n","protected":false},"featured_media":52960,"template":"","meta":[],"product_brand":[],"product_cat":[517,240,546],"product_tag":[],"class_list":{"0":"post-52943","1":"product","2":"type-product","3":"status-publish","4":"has-post-thumbnail","6":"product_cat-disfraz-temporada","7":"product_cat-hojas-pre-disenadas","8":"product_cat-tribal-simbolos-runas","10":"first","11":"instock","12":"taxable","13":"shipping-taxable","14":"purchasable","15":"product-type-simple"},"yoast_head":"<!-- This site is optimized with the Yoast SEO Premium plugin v26.2 (Yoast SEO v27.5) - https:\/\/yoast.com\/product\/yoast-seo-premium-wordpress\/ -->\n<title>Tatuajes de Pecas Luna Plateada - Like ink<\/title>\n<meta name=\"description\" content=\"Freckle Tattoos Luna Plateada: Agrupaciones de tatuajes con estrellas brillantes, puntos, ramitas y una luna \u2013 colocadas sobre la nariz y debajo de los ojos.\" \/>\n<meta name=\"robots\" content=\"index, follow, max-snippet:-1, max-image-preview:large, max-video-preview:-1\" \/>\n<link rel=\"canonical\" href=\"https:\/\/likeink.com\/es\/tatuaje-falso\/tatuajes-de-pecas-luna-plateada\/\" \/>\n<meta property=\"og:locale\" content=\"es_ES\" \/>\n<meta property=\"og:type\" content=\"article\" \/>\n<meta property=\"og:title\" content=\"Tatuajes de Pecas Luna Plateada\" \/>\n<meta property=\"og:description\" content=\"Like Ink Freckle Tattoos Moon \u2013 Agrupaciones brillantes plateadas de peque\u00f1os puntos, estrellas, ramitas y una luna.  Dale un toque m\u00e1gico a tu look con los Tatuajes Met\u00e1licos de Pecas Like Ink \u2013 tatuajes temporales plateados que se colocan sobre la nariz y debajo de los ojos. \u00a1Perfectos para una salida nocturna, un festival o la v\u00edspera de A\u00f1o Nuevo cuando quieres brillar un poco m\u00e1s! Compra tatuajes de pecas plateados de alta calidad Nuestros Freckle Tattoos est\u00e1n dise\u00f1ados para mantenerse en su lugar durante mucho tiempo y ofrecer un aspecto natural y elegante. Gracias a su dise\u00f1o inteligente, el adhesivo se adhiere solo al tatuaje \u2013 sin pel\u00edcula pl\u00e1stica innecesaria que arruine el aspecto general. Tatuajes de pecas s\u00faper elegantes de gran calidad.  Adem\u00e1s, los Freckle Tattoos de Like Ink son hipoalerg\u00e9nicos y suaves con la piel, por lo que son seguros incluso para pieles sensibles. F\u00e1ciles de aplicar y de quitar \u2013 crea tu look so\u00f1ado en solo unos minutos.  \u2728 \u00a1Crea magia con los Freckle Tattoos Like Ink \u2013 un detalle brillante que marca la diferencia! \u2728  Tama\u00f1o: 15X4 cm\" \/>\n<meta property=\"og:url\" content=\"https:\/\/likeink.com\/es\/tatuaje-falso\/tatuajes-de-pecas-luna-plateada\/\" \/>\n<meta property=\"og:site_name\" content=\"Like ink\" \/>\n<meta property=\"article:publisher\" content=\"https:\/\/www.facebook.com\/LikeInkSe\" \/>\n<meta property=\"article:modified_time\" content=\"2025-11-26T15:03:16+00:00\" \/>\n<meta property=\"og:image\" content=\"https:\/\/likeink.com\/wp-content\/uploads\/2025\/11\/FreckleMoonTattoo-silver-Likeink.png\" \/>\n\t<meta property=\"og:image:width\" content=\"1772\" \/>\n\t<meta property=\"og:image:height\" content=\"1772\" \/>\n\t<meta property=\"og:image:type\" content=\"image\/png\" \/>\n<meta name=\"twitter:card\" content=\"summary_large_image\" \/>\n<meta name=\"twitter:label1\" content=\"Tiempo de lectura\" \/>\n\t<meta name=\"twitter:data1\" content=\"1 minuto\" \/>\n<!-- \/ Yoast SEO Premium plugin. -->","yoast_head_json":{"title":"Tatuajes de Pecas Luna Plateada - Like ink","description":"Freckle Tattoos Luna Plateada: Agrupaciones de tatuajes con estrellas brillantes, puntos, ramitas y una luna \u2013 colocadas sobre la nariz y debajo de los ojos.","robots":{"index":"index","follow":"follow","max-snippet":"max-snippet:-1","max-image-preview":"max-image-preview:large","max-video-preview":"max-video-preview:-1"},"canonical":"https:\/\/likeink.com\/es\/tatuaje-falso\/tatuajes-de-pecas-luna-plateada\/","og_locale":"es_ES","og_type":"article","og_title":"Tatuajes de Pecas Luna Plateada","og_description":"Like Ink Freckle Tattoos Moon \u2013 Agrupaciones brillantes plateadas de peque\u00f1os puntos, estrellas, ramitas y una luna.  Dale un toque m\u00e1gico a tu look con los Tatuajes Met\u00e1licos de Pecas Like Ink \u2013 tatuajes temporales plateados que se colocan sobre la nariz y debajo de los ojos. \u00a1Perfectos para una salida nocturna, un festival o la v\u00edspera de A\u00f1o Nuevo cuando quieres brillar un poco m\u00e1s! Compra tatuajes de pecas plateados de alta calidad Nuestros Freckle Tattoos est\u00e1n dise\u00f1ados para mantenerse en su lugar durante mucho tiempo y ofrecer un aspecto natural y elegante. Gracias a su dise\u00f1o inteligente, el adhesivo se adhiere solo al tatuaje \u2013 sin pel\u00edcula pl\u00e1stica innecesaria que arruine el aspecto general. Tatuajes de pecas s\u00faper elegantes de gran calidad.  Adem\u00e1s, los Freckle Tattoos de Like Ink son hipoalerg\u00e9nicos y suaves con la piel, por lo que son seguros incluso para pieles sensibles. F\u00e1ciles de aplicar y de quitar \u2013 crea tu look so\u00f1ado en solo unos minutos.  \u2728 \u00a1Crea magia con los Freckle Tattoos Like Ink \u2013 un detalle brillante que marca la diferencia! \u2728  Tama\u00f1o: 15X4 cm","og_url":"https:\/\/likeink.com\/es\/tatuaje-falso\/tatuajes-de-pecas-luna-plateada\/","og_site_name":"Like ink","article_publisher":"https:\/\/www.facebook.com\/LikeInkSe","article_modified_time":"2025-11-26T15:03:16+00:00","og_image":[{"width":1772,"height":1772,"url":"https:\/\/likeink.com\/wp-content\/uploads\/2025\/11\/FreckleMoonTattoo-silver-Likeink.png","type":"image\/png"}],"twitter_card":"summary_large_image","twitter_misc":{"Tiempo de lectura":"1 minuto"},"schema":{"@context":"https:\/\/schema.org","@graph":[{"@type":"WebPage","@id":"https:\/\/likeink.com\/es\/tatuaje-falso\/tatuajes-de-pecas-luna-plateada\/","url":"https:\/\/likeink.com\/es\/tatuaje-falso\/tatuajes-de-pecas-luna-plateada\/","name":"Tatuajes de Pecas Luna Plateada - Like ink","isPartOf":{"@id":"https:\/\/likeink.com\/es\/#website"},"primaryImageOfPage":{"@id":"https:\/\/likeink.com\/es\/tatuaje-falso\/tatuajes-de-pecas-luna-plateada\/#primaryimage"},"image":{"@id":"https:\/\/likeink.com\/es\/tatuaje-falso\/tatuajes-de-pecas-luna-plateada\/#primaryimage"},"thumbnailUrl":"https:\/\/likeink.com\/wp-content\/uploads\/2025\/11\/FreckleMoonTattoo-silver-Likeink.png","datePublished":"2025-11-26T14:52:21+00:00","dateModified":"2025-11-26T15:03:16+00:00","description":"Freckle Tattoos Luna Plateada: Agrupaciones de tatuajes con estrellas brillantes, puntos, ramitas y una luna \u2013 colocadas sobre la nariz y debajo de los ojos.","breadcrumb":{"@id":"https:\/\/likeink.com\/es\/tatuaje-falso\/tatuajes-de-pecas-luna-plateada\/#breadcrumb"},"inLanguage":"es","potentialAction":[{"@type":"ReadAction","target":["https:\/\/likeink.com\/es\/tatuaje-falso\/tatuajes-de-pecas-luna-plateada\/"]}]},{"@type":"ImageObject","inLanguage":"es","@id":"https:\/\/likeink.com\/es\/tatuaje-falso\/tatuajes-de-pecas-luna-plateada\/#primaryimage","url":"https:\/\/likeink.com\/wp-content\/uploads\/2025\/11\/FreckleMoonTattoo-silver-Likeink.png","contentUrl":"https:\/\/likeink.com\/wp-content\/uploads\/2025\/11\/FreckleMoonTattoo-silver-Likeink.png","width":1772,"height":1772,"caption":"SIlver Freckle Tattoos Moon and Stars"},{"@type":"BreadcrumbList","@id":"https:\/\/likeink.com\/es\/tatuaje-falso\/tatuajes-de-pecas-luna-plateada\/#breadcrumb","itemListElement":[{"@type":"ListItem","position":1,"name":"Hem","item":"https:\/\/likeink.com\/es\/"},{"@type":"ListItem","position":2,"name":"Shop","item":"https:\/\/likeink.com\/es\/shop\/"},{"@type":"ListItem","position":3,"name":"Tatuajes de Pecas Luna Plateada"}]},{"@type":"WebSite","@id":"https:\/\/likeink.com\/es\/#website","url":"https:\/\/likeink.com\/es\/","name":"Like ink","description":"HAZ TUS PROPIOS TATUAJES TEMPORALES","potentialAction":[{"@type":"SearchAction","target":{"@type":"EntryPoint","urlTemplate":"https:\/\/likeink.com\/es\/?s={search_term_string}"},"query-input":{"@type":"PropertyValueSpecification","valueRequired":true,"valueName":"search_term_string"}}],"inLanguage":"es"}]}},"_links":{"self":[{"href":"https:\/\/likeink.com\/es\/wp-json\/wp\/v2\/product\/52943","targetHints":{"allow":["GET"]}}],"collection":[{"href":"https:\/\/likeink.com\/es\/wp-json\/wp\/v2\/product"}],"about":[{"href":"https:\/\/likeink.com\/es\/wp-json\/wp\/v2\/types\/product"}],"wp:featuredmedia":[{"embeddable":true,"href":"https:\/\/likeink.com\/es\/wp-json\/wp\/v2\/media\/52960"}],"wp:attachment":[{"href":"https:\/\/likeink.com\/es\/wp-json\/wp\/v2\/media?parent=52943"}],"wp:term":[{"taxonomy":"product_brand","embeddable":true,"href":"https:\/\/likeink.com\/es\/wp-json\/wp\/v2\/product_brand?post=52943"},{"taxonomy":"product_cat","embeddable":true,"href":"https:\/\/likeink.com\/es\/wp-json\/wp\/v2\/product_cat?post=52943"},{"taxonomy":"product_tag","embeddable":true,"href":"https:\/\/likeink.com\/es\/wp-json\/wp\/v2\/product_tag?post=52943"}],"curies":[{"name":"wp","href":"https:\/\/api.w.org\/{rel}","templated":true}]}}