{"id":53090,"date":"2025-11-30T10:28:55","date_gmt":"2025-11-30T10:28:55","guid":{"rendered":"https:\/\/likeink.com\/gnuggis\/gold-star-face-tattoos\/"},"modified":"2025-11-30T10:45:37","modified_gmt":"2025-11-30T10:45:37","slug":"gold-star-face-tattoos","status":"publish","type":"product","link":"https:\/\/likeink.com\/es\/tatuaje-falso\/gold-star-face-tattoos\/","title":{"rendered":"Gold Star Face Tattoos"},"content":{"rendered":"","protected":false},"excerpt":{"rendered":"<p><strong>Gold Star Face Tattoos \u2013 Estrellas doradas brillantes en varios tama\u00f1os.<\/strong><\/p>\n<p>Dale un toque m\u00e1gico a tu look con las estrellas met\u00e1licas doradas de Like Ink \u2013 tatuajes brillantes en color oro dise\u00f1ados para colocarse en la frente, el cuello, las mejillas y alrededor de los ojos. \u00a1Perfectos para una noche de fiesta, festivales o Nochevieja, cuando quieres brillar a\u00fan m\u00e1s! Hemos troquelado entre los grupos para que puedas arrancar f\u00e1cilmente solo la parte que quieras usar.<\/p>\n<h2>\u00a1Compra tatuajes de estrellas doradas de alta calidad!<\/h2>\n<p>Nuestros Gold Star Tattoos est\u00e1n dise\u00f1ados para durar mucho tiempo y dar un aspecto natural y elegante. Gracias a su dise\u00f1o inteligente, el adhesivo solo se adhiere al dibujo \u2013 sin pel\u00edcula pl\u00e1stica alrededor que estropee el conjunto. Tatuajes de pecas s\u00faper elegantes y de excelente calidad.<\/p>\n<p>Adem\u00e1s, los tatuajes temporales de Like Ink son hipoalerg\u00e9nicos y suaves con la piel, lo que los hace seguros incluso para pieles sensibles. Son f\u00e1ciles de aplicar y quitar \u2013 crea tu look so\u00f1ado en solo unos minutos.<\/p>\n<p>\u2728 Crea magia con los tatuajes de Like Ink \u2013 \u00a1un detalle brillante que marca la diferencia! \u2728<\/p>\n<p><strong>Tama\u00f1o:<\/strong> 15X4 cm<\/p>\n","protected":false},"featured_media":59502,"template":"","meta":[],"product_brand":[],"product_cat":[517,240,546],"product_tag":[],"class_list":{"0":"post-53090","1":"product","2":"type-product","3":"status-publish","4":"has-post-thumbnail","6":"product_cat-disfraz-temporada","7":"product_cat-hojas-pre-disenadas","8":"product_cat-tribal-simbolos-runas","10":"first","11":"instock","12":"taxable","13":"shipping-taxable","14":"purchasable","15":"product-type-simple"},"yoast_head":"<!-- This site is optimized with the Yoast SEO Premium plugin v26.2 (Yoast SEO v27.5) - https:\/\/yoast.com\/product\/yoast-seo-premium-wordpress\/ -->\n<title>Gold Star Face Tattoos - Like ink<\/title>\n<meta name=\"description\" content=\"Agrupaciones de tatuajes con estrellas doradas brillantes en varios estilos que se pueden colocar sobre la nariz y debajo de los ojos. - Like ink\" \/>\n<meta name=\"robots\" content=\"index, follow, max-snippet:-1, max-image-preview:large, max-video-preview:-1\" \/>\n<link rel=\"canonical\" href=\"https:\/\/likeink.com\/es\/tatuaje-falso\/gold-star-face-tattoos\/\" \/>\n<meta property=\"og:locale\" content=\"es_ES\" \/>\n<meta property=\"og:type\" content=\"article\" \/>\n<meta property=\"og:title\" content=\"Gold Star Face Tattoos\" \/>\n<meta property=\"og:description\" content=\"Gold Star Face Tattoos \u2013 Estrellas doradas brillantes en varios tama\u00f1os.  Dale un toque m\u00e1gico a tu look con las estrellas met\u00e1licas doradas de Like Ink \u2013 tatuajes brillantes en color oro dise\u00f1ados para colocarse en la frente, el cuello, las mejillas y alrededor de los ojos. \u00a1Perfectos para una noche de fiesta, festivales o Nochevieja, cuando quieres brillar a\u00fan m\u00e1s! Hemos troquelado entre los grupos para que puedas arrancar f\u00e1cilmente solo la parte que quieras usar. \u00a1Compra tatuajes de estrellas doradas de alta calidad! Nuestros Gold Star Tattoos est\u00e1n dise\u00f1ados para durar mucho tiempo y dar un aspecto natural y elegante. Gracias a su dise\u00f1o inteligente, el adhesivo solo se adhiere al dibujo \u2013 sin pel\u00edcula pl\u00e1stica alrededor que estropee el conjunto. Tatuajes de pecas s\u00faper elegantes y de excelente calidad.  Adem\u00e1s, los tatuajes temporales de Like Ink son hipoalerg\u00e9nicos y suaves con la piel, lo que los hace seguros incluso para pieles sensibles. Son f\u00e1ciles de aplicar y quitar \u2013 crea tu look so\u00f1ado en solo unos minutos.  \u2728 Crea magia con los tatuajes de Like Ink \u2013 \u00a1un detalle brillante que marca la diferencia! \u2728  Tama\u00f1o: 15X4 cm\" \/>\n<meta property=\"og:url\" content=\"https:\/\/likeink.com\/es\/tatuaje-falso\/gold-star-face-tattoos\/\" \/>\n<meta property=\"og:site_name\" content=\"Like ink\" \/>\n<meta property=\"article:publisher\" content=\"https:\/\/www.facebook.com\/LikeInkSe\" \/>\n<meta property=\"article:modified_time\" content=\"2025-11-30T10:45:37+00:00\" \/>\n<meta property=\"og:image\" content=\"https:\/\/likeink.com\/wp-content\/uploads\/2025\/11\/GOLD-HEAVEN-FRECKLES-TEMPORARYTATTOOS_1.jpg\" \/>\n\t<meta property=\"og:image:width\" content=\"1720\" \/>\n\t<meta property=\"og:image:height\" content=\"1520\" \/>\n\t<meta property=\"og:image:type\" content=\"image\/jpeg\" \/>\n<meta name=\"twitter:card\" content=\"summary_large_image\" \/>\n<meta name=\"twitter:label1\" content=\"Tiempo de lectura\" \/>\n\t<meta name=\"twitter:data1\" content=\"1 minuto\" \/>\n<!-- \/ Yoast SEO Premium plugin. -->","yoast_head_json":{"title":"Gold Star Face Tattoos - Like ink","description":"Agrupaciones de tatuajes con estrellas doradas brillantes en varios estilos que se pueden colocar sobre la nariz y debajo de los ojos. - Like ink","robots":{"index":"index","follow":"follow","max-snippet":"max-snippet:-1","max-image-preview":"max-image-preview:large","max-video-preview":"max-video-preview:-1"},"canonical":"https:\/\/likeink.com\/es\/tatuaje-falso\/gold-star-face-tattoos\/","og_locale":"es_ES","og_type":"article","og_title":"Gold Star Face Tattoos","og_description":"Gold Star Face Tattoos \u2013 Estrellas doradas brillantes en varios tama\u00f1os.  Dale un toque m\u00e1gico a tu look con las estrellas met\u00e1licas doradas de Like Ink \u2013 tatuajes brillantes en color oro dise\u00f1ados para colocarse en la frente, el cuello, las mejillas y alrededor de los ojos. \u00a1Perfectos para una noche de fiesta, festivales o Nochevieja, cuando quieres brillar a\u00fan m\u00e1s! Hemos troquelado entre los grupos para que puedas arrancar f\u00e1cilmente solo la parte que quieras usar. \u00a1Compra tatuajes de estrellas doradas de alta calidad! Nuestros Gold Star Tattoos est\u00e1n dise\u00f1ados para durar mucho tiempo y dar un aspecto natural y elegante. Gracias a su dise\u00f1o inteligente, el adhesivo solo se adhiere al dibujo \u2013 sin pel\u00edcula pl\u00e1stica alrededor que estropee el conjunto. Tatuajes de pecas s\u00faper elegantes y de excelente calidad.  Adem\u00e1s, los tatuajes temporales de Like Ink son hipoalerg\u00e9nicos y suaves con la piel, lo que los hace seguros incluso para pieles sensibles. Son f\u00e1ciles de aplicar y quitar \u2013 crea tu look so\u00f1ado en solo unos minutos.  \u2728 Crea magia con los tatuajes de Like Ink \u2013 \u00a1un detalle brillante que marca la diferencia! \u2728  Tama\u00f1o: 15X4 cm","og_url":"https:\/\/likeink.com\/es\/tatuaje-falso\/gold-star-face-tattoos\/","og_site_name":"Like ink","article_publisher":"https:\/\/www.facebook.com\/LikeInkSe","article_modified_time":"2025-11-30T10:45:37+00:00","og_image":[{"width":1720,"height":1520,"url":"https:\/\/likeink.com\/wp-content\/uploads\/2025\/11\/GOLD-HEAVEN-FRECKLES-TEMPORARYTATTOOS_1.jpg","type":"image\/jpeg"}],"twitter_card":"summary_large_image","twitter_misc":{"Tiempo de lectura":"1 minuto"},"schema":{"@context":"https:\/\/schema.org","@graph":[{"@type":"WebPage","@id":"https:\/\/likeink.com\/es\/tatuaje-falso\/gold-star-face-tattoos\/","url":"https:\/\/likeink.com\/es\/tatuaje-falso\/gold-star-face-tattoos\/","name":"Gold Star Face Tattoos - Like ink","isPartOf":{"@id":"https:\/\/likeink.com\/es\/#website"},"primaryImageOfPage":{"@id":"https:\/\/likeink.com\/es\/tatuaje-falso\/gold-star-face-tattoos\/#primaryimage"},"image":{"@id":"https:\/\/likeink.com\/es\/tatuaje-falso\/gold-star-face-tattoos\/#primaryimage"},"thumbnailUrl":"https:\/\/likeink.com\/wp-content\/uploads\/2025\/11\/GOLD-HEAVEN-FRECKLES-TEMPORARYTATTOOS_1.jpg","datePublished":"2025-11-30T10:28:55+00:00","dateModified":"2025-11-30T10:45:37+00:00","description":"Agrupaciones de tatuajes con estrellas doradas brillantes en varios estilos que se pueden colocar sobre la nariz y debajo de los ojos. - Like ink","breadcrumb":{"@id":"https:\/\/likeink.com\/es\/tatuaje-falso\/gold-star-face-tattoos\/#breadcrumb"},"inLanguage":"es","potentialAction":[{"@type":"ReadAction","target":["https:\/\/likeink.com\/es\/tatuaje-falso\/gold-star-face-tattoos\/"]}]},{"@type":"ImageObject","inLanguage":"es","@id":"https:\/\/likeink.com\/es\/tatuaje-falso\/gold-star-face-tattoos\/#primaryimage","url":"https:\/\/likeink.com\/wp-content\/uploads\/2025\/11\/GOLD-HEAVEN-FRECKLES-TEMPORARYTATTOOS_1.jpg","contentUrl":"https:\/\/likeink.com\/wp-content\/uploads\/2025\/11\/GOLD-HEAVEN-FRECKLES-TEMPORARYTATTOOS_1.jpg","width":1720,"height":1520,"caption":"Una mujer con el pelo largo y oscuro, pecas y un piercing bajo el labio inferior sonr\u00ede ampliamente. Lleva tatuajes de estrellas doradas en la frente, las mejillas y el cuello sobre un fondo moreno liso."},{"@type":"BreadcrumbList","@id":"https:\/\/likeink.com\/es\/tatuaje-falso\/gold-star-face-tattoos\/#breadcrumb","itemListElement":[{"@type":"ListItem","position":1,"name":"Hem","item":"https:\/\/likeink.com\/es\/"},{"@type":"ListItem","position":2,"name":"Shop","item":"https:\/\/likeink.com\/es\/shop\/"},{"@type":"ListItem","position":3,"name":"Gold Star Face Tattoos"}]},{"@type":"WebSite","@id":"https:\/\/likeink.com\/es\/#website","url":"https:\/\/likeink.com\/es\/","name":"Like ink","description":"HAZ TUS PROPIOS TATUAJES TEMPORALES","potentialAction":[{"@type":"SearchAction","target":{"@type":"EntryPoint","urlTemplate":"https:\/\/likeink.com\/es\/?s={search_term_string}"},"query-input":{"@type":"PropertyValueSpecification","valueRequired":true,"valueName":"search_term_string"}}],"inLanguage":"es"}]}},"_links":{"self":[{"href":"https:\/\/likeink.com\/es\/wp-json\/wp\/v2\/product\/53090","targetHints":{"allow":["GET"]}}],"collection":[{"href":"https:\/\/likeink.com\/es\/wp-json\/wp\/v2\/product"}],"about":[{"href":"https:\/\/likeink.com\/es\/wp-json\/wp\/v2\/types\/product"}],"wp:featuredmedia":[{"embeddable":true,"href":"https:\/\/likeink.com\/es\/wp-json\/wp\/v2\/media\/59502"}],"wp:attachment":[{"href":"https:\/\/likeink.com\/es\/wp-json\/wp\/v2\/media?parent=53090"}],"wp:term":[{"taxonomy":"product_brand","embeddable":true,"href":"https:\/\/likeink.com\/es\/wp-json\/wp\/v2\/product_brand?post=53090"},{"taxonomy":"product_cat","embeddable":true,"href":"https:\/\/likeink.com\/es\/wp-json\/wp\/v2\/product_cat?post=53090"},{"taxonomy":"product_tag","embeddable":true,"href":"https:\/\/likeink.com\/es\/wp-json\/wp\/v2\/product_tag?post=53090"}],"curies":[{"name":"wp","href":"https:\/\/api.w.org\/{rel}","templated":true}]}}