{"id":53159,"date":"2025-11-30T16:56:44","date_gmt":"2025-11-30T16:56:44","guid":{"rendered":"https:\/\/likeink.com\/gnuggis\/eye-makeup-flower-tattoos\/"},"modified":"2025-11-30T17:13:44","modified_gmt":"2025-11-30T17:13:44","slug":"eye-makeup-flower-tattoos","status":"publish","type":"product","link":"https:\/\/likeink.com\/es\/tatuaje-falso\/eye-makeup-flower-tattoos\/","title":{"rendered":"Eye Makeup Flower Tattoos"},"content":{"rendered":"","protected":false},"excerpt":{"rendered":"<p><strong>Eye Makeup Flower Tattoos \u2013 Dise\u00f1os florales coloridos que realzan tu maquillaje.<\/strong><\/p>\n<p>Dale un toque creativo a tu maquillaje con las Eye Makeup Flower Tattoos de Like Ink \u2013 una l\u00e1mina con tres sets de tatuajes para ojos inspirados en flores y combinaciones art\u00edsticas de color. Est\u00e1n dise\u00f1ados para integrarse con el maquillaje y crear un look \u00fanico y vibrante. Perfectos para festivales, fiestas de verano, sesiones de fotos o cuando quieras destacar de forma colorida y original.<br \/>\nCada set est\u00e1 troquelado individualmente y es f\u00e1cil de desprender para una aplicaci\u00f3n sencilla.<\/p>\n<h2>Compra tatuajes para ojos coloridos y de alta calidad.<\/h2>\n<p>Nuestras Eye Makeup Flower Tattoos est\u00e1n dise\u00f1adas para mantenerse seguras y c\u00f3modas, mientras ofrecen una expresi\u00f3n viva y detallada. Gracias a nuestra tecnolog\u00eda de precisi\u00f3n, el adhesivo solo se pega al dise\u00f1o \u2013 sin pel\u00edcula pl\u00e1stica molesta alrededor \u2013 lo que permite un acabado profesional y similar al maquillaje. Los dise\u00f1os tienen aproximadamente 4 cm de ancho y se adaptan a la mayor\u00eda de las formas de ojos.<\/p>\n<p>Como siempre, los tatuajes temporales de Like Ink son hipoalerg\u00e9nicos, suaves con la piel y f\u00e1ciles de poner y quitar. Crea un maquillaje de ojos creativo y colorido en cuesti\u00f3n de segundos \u2013 sin necesidad de herramientas complicadas.<\/p>\n<p>\u2728 Da un giro floral a tu look con los tatuajes temporales de Like Ink \u2013 \u00a1los peque\u00f1os detalles marcan la diferencia! \u2728<\/p>\n<p><strong>Tama\u00f1o:<\/strong> A6 &#8211; Tattoos,\u00a0 4 cm.<\/p>\n","protected":false},"featured_media":53107,"template":"","meta":[],"product_brand":[],"product_cat":[240,546],"product_tag":[],"class_list":{"0":"post-53159","1":"product","2":"type-product","3":"status-publish","4":"has-post-thumbnail","6":"product_cat-hojas-pre-disenadas","7":"product_cat-tribal-simbolos-runas","9":"first","10":"instock","11":"taxable","12":"shipping-taxable","13":"purchasable","14":"product-type-simple"},"yoast_head":"<!-- This site is optimized with the Yoast SEO Premium plugin v26.2 (Yoast SEO v27.5) - https:\/\/yoast.com\/product\/yoast-seo-premium-wordpress\/ -->\n<title>Eye Makeup Flower Tattoos - Like ink<\/title>\n<meta name=\"description\" content=\"Eye Makeup Flower Tattoos: Conjuntos de flores y colores vibrantes que pueden colocarse tanto encima como debajo de los ojos para lograr un maquillaje divertido y llamativo.\" \/>\n<meta name=\"robots\" content=\"index, follow, max-snippet:-1, max-image-preview:large, max-video-preview:-1\" \/>\n<link rel=\"canonical\" href=\"https:\/\/likeink.com\/es\/tatuaje-falso\/eye-makeup-flower-tattoos\/\" \/>\n<meta property=\"og:locale\" content=\"es_ES\" \/>\n<meta property=\"og:type\" content=\"article\" \/>\n<meta property=\"og:title\" content=\"Eye Makeup Flower Tattoos\" \/>\n<meta property=\"og:description\" content=\"Eye Makeup Flower Tattoos \u2013 Dise\u00f1os florales coloridos que realzan tu maquillaje.  Dale un toque creativo a tu maquillaje con las Eye Makeup Flower Tattoos de Like Ink \u2013 una l\u00e1mina con tres sets de tatuajes para ojos inspirados en flores y combinaciones art\u00edsticas de color. Est\u00e1n dise\u00f1ados para integrarse con el maquillaje y crear un look \u00fanico y vibrante. Perfectos para festivales, fiestas de verano, sesiones de fotos o cuando quieras destacar de forma colorida y original. Cada set est\u00e1 troquelado individualmente y es f\u00e1cil de desprender para una aplicaci\u00f3n sencilla. Compra tatuajes para ojos coloridos y de alta calidad. Nuestras Eye Makeup Flower Tattoos est\u00e1n dise\u00f1adas para mantenerse seguras y c\u00f3modas, mientras ofrecen una expresi\u00f3n viva y detallada. Gracias a nuestra tecnolog\u00eda de precisi\u00f3n, el adhesivo solo se pega al dise\u00f1o \u2013 sin pel\u00edcula pl\u00e1stica molesta alrededor \u2013 lo que permite un acabado profesional y similar al maquillaje. Los dise\u00f1os tienen aproximadamente 4 cm de ancho y se adaptan a la mayor\u00eda de las formas de ojos.  Como siempre, los tatuajes temporales de Like Ink son hipoalerg\u00e9nicos, suaves con la piel y f\u00e1ciles de poner y quitar. Crea un maquillaje de ojos creativo y colorido en cuesti\u00f3n de segundos \u2013 sin necesidad de herramientas complicadas.  \u2728 Da un giro floral a tu look con los tatuajes temporales de Like Ink \u2013 \u00a1los peque\u00f1os detalles marcan la diferencia! \u2728  Tama\u00f1o: A6 - Tattoos,\u00a0 4 cm.\" \/>\n<meta property=\"og:url\" content=\"https:\/\/likeink.com\/es\/tatuaje-falso\/eye-makeup-flower-tattoos\/\" \/>\n<meta property=\"og:site_name\" content=\"Like ink\" \/>\n<meta property=\"article:publisher\" content=\"https:\/\/www.facebook.com\/LikeInkSe\" \/>\n<meta property=\"article:modified_time\" content=\"2025-11-30T17:13:44+00:00\" \/>\n<meta property=\"og:image\" content=\"https:\/\/likeink.com\/wp-content\/uploads\/2025\/11\/Eyelash-Tattoo-Flower-Color-Likeink-1024x1024.png\" \/>\n\t<meta property=\"og:image:width\" content=\"1024\" \/>\n\t<meta property=\"og:image:height\" content=\"1024\" \/>\n\t<meta property=\"og:image:type\" content=\"image\/png\" \/>\n<meta name=\"twitter:card\" content=\"summary_large_image\" \/>\n<meta name=\"twitter:label1\" content=\"Tiempo de lectura\" \/>\n\t<meta name=\"twitter:data1\" content=\"1 minuto\" \/>\n<!-- \/ Yoast SEO Premium plugin. -->","yoast_head_json":{"title":"Eye Makeup Flower Tattoos - Like ink","description":"Eye Makeup Flower Tattoos: Conjuntos de flores y colores vibrantes que pueden colocarse tanto encima como debajo de los ojos para lograr un maquillaje divertido y llamativo.","robots":{"index":"index","follow":"follow","max-snippet":"max-snippet:-1","max-image-preview":"max-image-preview:large","max-video-preview":"max-video-preview:-1"},"canonical":"https:\/\/likeink.com\/es\/tatuaje-falso\/eye-makeup-flower-tattoos\/","og_locale":"es_ES","og_type":"article","og_title":"Eye Makeup Flower Tattoos","og_description":"Eye Makeup Flower Tattoos \u2013 Dise\u00f1os florales coloridos que realzan tu maquillaje.  Dale un toque creativo a tu maquillaje con las Eye Makeup Flower Tattoos de Like Ink \u2013 una l\u00e1mina con tres sets de tatuajes para ojos inspirados en flores y combinaciones art\u00edsticas de color. Est\u00e1n dise\u00f1ados para integrarse con el maquillaje y crear un look \u00fanico y vibrante. Perfectos para festivales, fiestas de verano, sesiones de fotos o cuando quieras destacar de forma colorida y original. Cada set est\u00e1 troquelado individualmente y es f\u00e1cil de desprender para una aplicaci\u00f3n sencilla. Compra tatuajes para ojos coloridos y de alta calidad. Nuestras Eye Makeup Flower Tattoos est\u00e1n dise\u00f1adas para mantenerse seguras y c\u00f3modas, mientras ofrecen una expresi\u00f3n viva y detallada. Gracias a nuestra tecnolog\u00eda de precisi\u00f3n, el adhesivo solo se pega al dise\u00f1o \u2013 sin pel\u00edcula pl\u00e1stica molesta alrededor \u2013 lo que permite un acabado profesional y similar al maquillaje. Los dise\u00f1os tienen aproximadamente 4 cm de ancho y se adaptan a la mayor\u00eda de las formas de ojos.  Como siempre, los tatuajes temporales de Like Ink son hipoalerg\u00e9nicos, suaves con la piel y f\u00e1ciles de poner y quitar. Crea un maquillaje de ojos creativo y colorido en cuesti\u00f3n de segundos \u2013 sin necesidad de herramientas complicadas.  \u2728 Da un giro floral a tu look con los tatuajes temporales de Like Ink \u2013 \u00a1los peque\u00f1os detalles marcan la diferencia! \u2728  Tama\u00f1o: A6 - Tattoos,\u00a0 4 cm.","og_url":"https:\/\/likeink.com\/es\/tatuaje-falso\/eye-makeup-flower-tattoos\/","og_site_name":"Like ink","article_publisher":"https:\/\/www.facebook.com\/LikeInkSe","article_modified_time":"2025-11-30T17:13:44+00:00","og_image":[{"width":1024,"height":1024,"url":"https:\/\/likeink.com\/wp-content\/uploads\/2025\/11\/Eyelash-Tattoo-Flower-Color-Likeink-1024x1024.png","type":"image\/png"}],"twitter_card":"summary_large_image","twitter_misc":{"Tiempo de lectura":"1 minuto"},"schema":{"@context":"https:\/\/schema.org","@graph":[{"@type":"WebPage","@id":"https:\/\/likeink.com\/es\/tatuaje-falso\/eye-makeup-flower-tattoos\/","url":"https:\/\/likeink.com\/es\/tatuaje-falso\/eye-makeup-flower-tattoos\/","name":"Eye Makeup Flower Tattoos - Like ink","isPartOf":{"@id":"https:\/\/likeink.com\/es\/#website"},"primaryImageOfPage":{"@id":"https:\/\/likeink.com\/es\/tatuaje-falso\/eye-makeup-flower-tattoos\/#primaryimage"},"image":{"@id":"https:\/\/likeink.com\/es\/tatuaje-falso\/eye-makeup-flower-tattoos\/#primaryimage"},"thumbnailUrl":"https:\/\/likeink.com\/wp-content\/uploads\/2025\/11\/Eyelash-Tattoo-Flower-Color-Likeink.png","datePublished":"2025-11-30T16:56:44+00:00","dateModified":"2025-11-30T17:13:44+00:00","description":"Eye Makeup Flower Tattoos: Conjuntos de flores y colores vibrantes que pueden colocarse tanto encima como debajo de los ojos para lograr un maquillaje divertido y llamativo.","breadcrumb":{"@id":"https:\/\/likeink.com\/es\/tatuaje-falso\/eye-makeup-flower-tattoos\/#breadcrumb"},"inLanguage":"es","potentialAction":[{"@type":"ReadAction","target":["https:\/\/likeink.com\/es\/tatuaje-falso\/eye-makeup-flower-tattoos\/"]}]},{"@type":"ImageObject","inLanguage":"es","@id":"https:\/\/likeink.com\/es\/tatuaje-falso\/eye-makeup-flower-tattoos\/#primaryimage","url":"https:\/\/likeink.com\/wp-content\/uploads\/2025\/11\/Eyelash-Tattoo-Flower-Color-Likeink.png","contentUrl":"https:\/\/likeink.com\/wp-content\/uploads\/2025\/11\/Eyelash-Tattoo-Flower-Color-Likeink.png","width":1772,"height":1772,"caption":"En n\u00e4rbild av en kvinnas ansikte visar en komplicerad \u00f6gonmakeup med f\u00e4rgglada m\u00f6nster som liknar bl\u00e5 moln, en r\u00f6d accent och en gul lotusblomma runt hennes \u00f6ga."},{"@type":"BreadcrumbList","@id":"https:\/\/likeink.com\/es\/tatuaje-falso\/eye-makeup-flower-tattoos\/#breadcrumb","itemListElement":[{"@type":"ListItem","position":1,"name":"Hem","item":"https:\/\/likeink.com\/es\/"},{"@type":"ListItem","position":2,"name":"Shop","item":"https:\/\/likeink.com\/es\/shop\/"},{"@type":"ListItem","position":3,"name":"Eye Makeup Flower Tattoos"}]},{"@type":"WebSite","@id":"https:\/\/likeink.com\/es\/#website","url":"https:\/\/likeink.com\/es\/","name":"Like ink","description":"HAZ TUS PROPIOS TATUAJES TEMPORALES","potentialAction":[{"@type":"SearchAction","target":{"@type":"EntryPoint","urlTemplate":"https:\/\/likeink.com\/es\/?s={search_term_string}"},"query-input":{"@type":"PropertyValueSpecification","valueRequired":true,"valueName":"search_term_string"}}],"inLanguage":"es"}]}},"_links":{"self":[{"href":"https:\/\/likeink.com\/es\/wp-json\/wp\/v2\/product\/53159","targetHints":{"allow":["GET"]}}],"collection":[{"href":"https:\/\/likeink.com\/es\/wp-json\/wp\/v2\/product"}],"about":[{"href":"https:\/\/likeink.com\/es\/wp-json\/wp\/v2\/types\/product"}],"wp:featuredmedia":[{"embeddable":true,"href":"https:\/\/likeink.com\/es\/wp-json\/wp\/v2\/media\/53107"}],"wp:attachment":[{"href":"https:\/\/likeink.com\/es\/wp-json\/wp\/v2\/media?parent=53159"}],"wp:term":[{"taxonomy":"product_brand","embeddable":true,"href":"https:\/\/likeink.com\/es\/wp-json\/wp\/v2\/product_brand?post=53159"},{"taxonomy":"product_cat","embeddable":true,"href":"https:\/\/likeink.com\/es\/wp-json\/wp\/v2\/product_cat?post=53159"},{"taxonomy":"product_tag","embeddable":true,"href":"https:\/\/likeink.com\/es\/wp-json\/wp\/v2\/product_tag?post=53159"}],"curies":[{"name":"wp","href":"https:\/\/api.w.org\/{rel}","templated":true}]}}