{"id":58150,"date":"2026-01-27T13:58:58","date_gmt":"2026-02-06T15:01:52","guid":{"rendered":"https:\/\/likeink.com\/gnuggisar\/black-white-butterfly-nail-stickers\/"},"modified":"2026-02-25T09:26:47","modified_gmt":"2026-02-25T09:26:47","slug":"black-white-butterfly-nail-stickers","status":"publish","type":"product","link":"https:\/\/likeink.com\/es\/tatuaje-falso\/black-white-butterfly-nail-stickers\/","title":{"rendered":"Mariposa negra y blanca Nail stickers"},"content":{"rendered":"","protected":false},"excerpt":{"rendered":"<p>Like Ink<br \/>\nNail tattoos<br \/>\n\u2013 Mariposas en blanco y negro Nail stickers<\/p>\n<h2>\u00a1Pide Nail stickers con dise\u00f1os cl\u00e1sicos de mariposas en blanco y negro!<\/h2>\n<p>Crea una manicura atemporal y elegante con Like Ink<br \/>\nMariposas en blanco y negro Nail stickers<br \/>\n. Esta l\u00e1mina presenta mariposas bellamente ilustradas en una paleta de colores limpios en blanco y negro, que ofrece un equilibrio perfecto entre suavidad y contraste gr\u00e1fico.<\/p>\n<p>Con tama\u00f1os de motivos que van desde aproximadamente 4 a 10 mm, estas Nail stickers<br \/>\nson ideales tanto para acentos sutiles como para dise\u00f1os de u\u00f1as equilibrados. Su aspecto monocrom\u00e1tico hace que sean f\u00e1ciles de combinar con cualquier color de u\u00f1as, desde tonos naturales hasta tonos atrevidos.<\/p>\n<p>Perfectas para el uso diario, para un estilo minimalista Nail art<br \/>\no para looks refinados y llamativos. F\u00e1ciles de aplicar y c\u00f3modas de llevar, estas Nail stickers<br \/>\npermanecen en su sitio durante varios d\u00edas sin manchar ni despegarse.<\/p>\n<p>Sin ensuciar, sin tiempo de secado y sin necesidad de ir al sal\u00f3n de belleza: simplemente Nail art<br \/>\nsin esfuerzo y con un toque cl\u00e1sico.<\/p>\n<p><strong>C\u00f3mo aplicar Nail stickers <\/strong><br \/>\nLimpia y seca la u\u00f1a.<\/p>\n<p>Elige una pegatina de la hoja y lev\u00e1ntala con cuidado con unas pinzas.<\/p>\n<p>Coloca el dise\u00f1o sobre la u\u00f1a y presiona suavemente.<\/p>\n<p>Aplica una capa superior para mayor durabilidad.<\/p>\n<p>\u00a1Listo!<\/p>\n<p><strong>Informaci\u00f3n del producto<\/strong><\/p>\n<p><strong>Tama\u00f1o de la hoja:<\/strong><br \/>\n7 \u00d7 10 cm<strong>.<br \/>\nColores:<\/strong><br \/>\nblanco y negro<strong>.<br \/>\nMotivos:<\/strong><br \/>\nmariposas<strong>.<br \/>\nTama\u00f1o del motivo:<\/strong><br \/>\naprox. 4-10 mm<strong>.<\/p>\n<p>PD:<\/strong><br \/>\nCompra 6 hojas y paga solo 5 con el c\u00f3digo de<strong> INKNAILS <\/strong><br \/>\ndescuento \ud83e\udd8b\u2728.<\/p>\n","protected":false},"featured_media":59405,"template":"","meta":[],"product_brand":[],"product_cat":[471],"product_tag":[],"class_list":{"0":"post-58150","1":"product","2":"type-product","3":"status-publish","4":"has-post-thumbnail","6":"product_cat-nail-stickers-es","8":"first","9":"instock","10":"taxable","11":"shipping-taxable","12":"purchasable","13":"product-type-simple"},"yoast_head":"<!-- This site is optimized with the Yoast SEO Premium plugin v26.2 (Yoast SEO v27.4) - https:\/\/yoast.com\/product\/yoast-seo-premium-wordpress\/ -->\n<title>Mariposa blanca y negra Nail stickers | Like Ink<\/title>\n<meta name=\"description\" content=\"Mariposa blanca y negra Nail stickers de Like Ink. Dise\u00f1os elegantes y vers\u00e1tiles en tama\u00f1os mixtos, f\u00e1ciles de aplicar. - Like ink\" \/>\n<meta name=\"robots\" content=\"index, follow, max-snippet:-1, max-image-preview:large, max-video-preview:-1\" \/>\n<link rel=\"canonical\" href=\"https:\/\/likeink.com\/es\/tatuaje-falso\/black-white-butterfly-nail-stickers\/\" \/>\n<meta property=\"og:locale\" content=\"es_ES\" \/>\n<meta property=\"og:type\" content=\"article\" \/>\n<meta property=\"og:title\" content=\"Mariposa negra y blanca Nail stickers\" \/>\n<meta property=\"og:description\" content=\"Like Ink Nail tattoos \u2013 Mariposas en blanco y negro Nail stickers \u00a1Pide Nail stickers con dise\u00f1os cl\u00e1sicos de mariposas en blanco y negro! Crea una manicura atemporal y elegante con Like Ink Mariposas en blanco y negro Nail stickers . Esta l\u00e1mina presenta mariposas bellamente ilustradas en una paleta de colores limpios en blanco y negro, que ofrece un equilibrio perfecto entre suavidad y contraste gr\u00e1fico. Con tama\u00f1os de motivos que van desde aproximadamente 4 a 10 mm, estas Nail stickers son ideales tanto para acentos sutiles como para dise\u00f1os de u\u00f1as equilibrados. Su aspecto monocrom\u00e1tico hace que sean f\u00e1ciles de combinar con cualquier color de u\u00f1as, desde tonos naturales hasta tonos atrevidos. Perfectas para el uso diario, para un estilo minimalista Nail art o para looks refinados y llamativos. F\u00e1ciles de aplicar y c\u00f3modas de llevar, estas Nail stickers permanecen en su sitio durante varios d\u00edas sin manchar ni despegarse. Sin ensuciar, sin tiempo de secado y sin necesidad de ir al sal\u00f3n de belleza: simplemente Nail art sin esfuerzo y con un toque cl\u00e1sico. C\u00f3mo aplicar Nail stickers Limpia y seca la u\u00f1a. Elige una pegatina de la hoja y lev\u00e1ntala con cuidado con unas pinzas. Coloca el dise\u00f1o sobre la u\u00f1a y presiona suavemente. Aplica una capa superior para mayor durabilidad. \u00a1Listo! Informaci\u00f3n del producto  Tama\u00f1o de la hoja: 7 \u00d7 10 cm. Colores: blanco y negro. Motivos: mariposas. Tama\u00f1o del motivo: aprox. 4-10 mm. PD: Compra 6 hojas y paga solo 5 con el c\u00f3digo de INKNAILS descuento \ud83e\udd8b\u2728.\" \/>\n<meta property=\"og:url\" content=\"https:\/\/likeink.com\/es\/tatuaje-falso\/black-white-butterfly-nail-stickers\/\" \/>\n<meta property=\"og:site_name\" content=\"Like ink\" \/>\n<meta property=\"article:publisher\" content=\"https:\/\/www.facebook.com\/LikeInkSe\" \/>\n<meta property=\"article:modified_time\" content=\"2026-02-25T09:26:47+00:00\" \/>\n<meta property=\"og:image\" content=\"https:\/\/likeink.com\/wp-content\/uploads\/2026\/02\/nailstickers-butterfly-quality-likeink.png\" \/>\n\t<meta property=\"og:image:width\" content=\"1024\" \/>\n\t<meta property=\"og:image:height\" content=\"1024\" \/>\n\t<meta property=\"og:image:type\" content=\"image\/png\" \/>\n<meta name=\"twitter:card\" content=\"summary_large_image\" \/>\n<script type=\"application\/ld+json\" class=\"yoast-schema-graph\">{\"@context\":\"https:\\\/\\\/schema.org\",\"@graph\":[{\"@type\":\"WebPage\",\"@id\":\"https:\\\/\\\/likeink.com\\\/es\\\/tatuaje-falso\\\/black-white-butterfly-nail-stickers\\\/\",\"url\":\"https:\\\/\\\/likeink.com\\\/es\\\/tatuaje-falso\\\/black-white-butterfly-nail-stickers\\\/\",\"name\":\"Mariposa blanca y negra Nail stickers | Like Ink\",\"isPartOf\":{\"@id\":\"https:\\\/\\\/likeink.com\\\/es\\\/#website\"},\"primaryImageOfPage\":{\"@id\":\"https:\\\/\\\/likeink.com\\\/es\\\/tatuaje-falso\\\/black-white-butterfly-nail-stickers\\\/#primaryimage\"},\"image\":{\"@id\":\"https:\\\/\\\/likeink.com\\\/es\\\/tatuaje-falso\\\/black-white-butterfly-nail-stickers\\\/#primaryimage\"},\"thumbnailUrl\":\"https:\\\/\\\/likeink.com\\\/wp-content\\\/uploads\\\/2026\\\/02\\\/nailstickers-butterfly-quality-likeink.png\",\"datePublished\":\"2026-02-06T15:01:52+00:00\",\"dateModified\":\"2026-02-25T09:26:47+00:00\",\"description\":\"Mariposa blanca y negra Nail stickers de Like Ink. Dise\u00f1os elegantes y vers\u00e1tiles en tama\u00f1os mixtos, f\u00e1ciles de aplicar. - Like ink\",\"breadcrumb\":{\"@id\":\"https:\\\/\\\/likeink.com\\\/es\\\/tatuaje-falso\\\/black-white-butterfly-nail-stickers\\\/#breadcrumb\"},\"inLanguage\":\"es\",\"potentialAction\":[{\"@type\":\"ReadAction\",\"target\":[\"https:\\\/\\\/likeink.com\\\/es\\\/tatuaje-falso\\\/black-white-butterfly-nail-stickers\\\/\"]}]},{\"@type\":\"ImageObject\",\"inLanguage\":\"es\",\"@id\":\"https:\\\/\\\/likeink.com\\\/es\\\/tatuaje-falso\\\/black-white-butterfly-nail-stickers\\\/#primaryimage\",\"url\":\"https:\\\/\\\/likeink.com\\\/wp-content\\\/uploads\\\/2026\\\/02\\\/nailstickers-butterfly-quality-likeink.png\",\"contentUrl\":\"https:\\\/\\\/likeink.com\\\/wp-content\\\/uploads\\\/2026\\\/02\\\/nailstickers-butterfly-quality-likeink.png\",\"width\":1024,\"height\":1024,\"caption\":\"Primer plano de cuatro u\u00f1as pintadas con esmalte nude, cada una con un peque\u00f1o dise\u00f1o de mariposa en blanco o negro en el centro de la u\u00f1a. El fondo es una superficie blanca suave.\"},{\"@type\":\"BreadcrumbList\",\"@id\":\"https:\\\/\\\/likeink.com\\\/es\\\/tatuaje-falso\\\/black-white-butterfly-nail-stickers\\\/#breadcrumb\",\"itemListElement\":[{\"@type\":\"ListItem\",\"position\":1,\"name\":\"Hem\",\"item\":\"https:\\\/\\\/likeink.com\\\/es\\\/\"},{\"@type\":\"ListItem\",\"position\":2,\"name\":\"Shop\",\"item\":\"https:\\\/\\\/likeink.com\\\/es\\\/shop\\\/\"},{\"@type\":\"ListItem\",\"position\":3,\"name\":\"Mariposa negra y blanca Nail stickers\"}]},{\"@type\":\"WebSite\",\"@id\":\"https:\\\/\\\/likeink.com\\\/es\\\/#website\",\"url\":\"https:\\\/\\\/likeink.com\\\/es\\\/\",\"name\":\"Like ink\",\"description\":\"HAZ TUS PROPIOS TATUAJES TEMPORALES\",\"potentialAction\":[{\"@type\":\"SearchAction\",\"target\":{\"@type\":\"EntryPoint\",\"urlTemplate\":\"https:\\\/\\\/likeink.com\\\/es\\\/?s={search_term_string}\"},\"query-input\":{\"@type\":\"PropertyValueSpecification\",\"valueRequired\":true,\"valueName\":\"search_term_string\"}}],\"inLanguage\":\"es\"}]}<\/script>\n<!-- \/ Yoast SEO Premium plugin. -->","yoast_head_json":{"title":"Mariposa blanca y negra Nail stickers | Like Ink","description":"Mariposa blanca y negra Nail stickers de Like Ink. Dise\u00f1os elegantes y vers\u00e1tiles en tama\u00f1os mixtos, f\u00e1ciles de aplicar. - Like ink","robots":{"index":"index","follow":"follow","max-snippet":"max-snippet:-1","max-image-preview":"max-image-preview:large","max-video-preview":"max-video-preview:-1"},"canonical":"https:\/\/likeink.com\/es\/tatuaje-falso\/black-white-butterfly-nail-stickers\/","og_locale":"es_ES","og_type":"article","og_title":"Mariposa negra y blanca Nail stickers","og_description":"Like Ink Nail tattoos \u2013 Mariposas en blanco y negro Nail stickers \u00a1Pide Nail stickers con dise\u00f1os cl\u00e1sicos de mariposas en blanco y negro! Crea una manicura atemporal y elegante con Like Ink Mariposas en blanco y negro Nail stickers . Esta l\u00e1mina presenta mariposas bellamente ilustradas en una paleta de colores limpios en blanco y negro, que ofrece un equilibrio perfecto entre suavidad y contraste gr\u00e1fico. Con tama\u00f1os de motivos que van desde aproximadamente 4 a 10 mm, estas Nail stickers son ideales tanto para acentos sutiles como para dise\u00f1os de u\u00f1as equilibrados. Su aspecto monocrom\u00e1tico hace que sean f\u00e1ciles de combinar con cualquier color de u\u00f1as, desde tonos naturales hasta tonos atrevidos. Perfectas para el uso diario, para un estilo minimalista Nail art o para looks refinados y llamativos. F\u00e1ciles de aplicar y c\u00f3modas de llevar, estas Nail stickers permanecen en su sitio durante varios d\u00edas sin manchar ni despegarse. Sin ensuciar, sin tiempo de secado y sin necesidad de ir al sal\u00f3n de belleza: simplemente Nail art sin esfuerzo y con un toque cl\u00e1sico. C\u00f3mo aplicar Nail stickers Limpia y seca la u\u00f1a. Elige una pegatina de la hoja y lev\u00e1ntala con cuidado con unas pinzas. Coloca el dise\u00f1o sobre la u\u00f1a y presiona suavemente. Aplica una capa superior para mayor durabilidad. \u00a1Listo! Informaci\u00f3n del producto  Tama\u00f1o de la hoja: 7 \u00d7 10 cm. Colores: blanco y negro. Motivos: mariposas. Tama\u00f1o del motivo: aprox. 4-10 mm. PD: Compra 6 hojas y paga solo 5 con el c\u00f3digo de INKNAILS descuento \ud83e\udd8b\u2728.","og_url":"https:\/\/likeink.com\/es\/tatuaje-falso\/black-white-butterfly-nail-stickers\/","og_site_name":"Like ink","article_publisher":"https:\/\/www.facebook.com\/LikeInkSe","article_modified_time":"2026-02-25T09:26:47+00:00","og_image":[{"width":1024,"height":1024,"url":"https:\/\/likeink.com\/wp-content\/uploads\/2026\/02\/nailstickers-butterfly-quality-likeink.png","type":"image\/png"}],"twitter_card":"summary_large_image","schema":{"@context":"https:\/\/schema.org","@graph":[{"@type":"WebPage","@id":"https:\/\/likeink.com\/es\/tatuaje-falso\/black-white-butterfly-nail-stickers\/","url":"https:\/\/likeink.com\/es\/tatuaje-falso\/black-white-butterfly-nail-stickers\/","name":"Mariposa blanca y negra Nail stickers | Like Ink","isPartOf":{"@id":"https:\/\/likeink.com\/es\/#website"},"primaryImageOfPage":{"@id":"https:\/\/likeink.com\/es\/tatuaje-falso\/black-white-butterfly-nail-stickers\/#primaryimage"},"image":{"@id":"https:\/\/likeink.com\/es\/tatuaje-falso\/black-white-butterfly-nail-stickers\/#primaryimage"},"thumbnailUrl":"https:\/\/likeink.com\/wp-content\/uploads\/2026\/02\/nailstickers-butterfly-quality-likeink.png","datePublished":"2026-02-06T15:01:52+00:00","dateModified":"2026-02-25T09:26:47+00:00","description":"Mariposa blanca y negra Nail stickers de Like Ink. Dise\u00f1os elegantes y vers\u00e1tiles en tama\u00f1os mixtos, f\u00e1ciles de aplicar. - Like ink","breadcrumb":{"@id":"https:\/\/likeink.com\/es\/tatuaje-falso\/black-white-butterfly-nail-stickers\/#breadcrumb"},"inLanguage":"es","potentialAction":[{"@type":"ReadAction","target":["https:\/\/likeink.com\/es\/tatuaje-falso\/black-white-butterfly-nail-stickers\/"]}]},{"@type":"ImageObject","inLanguage":"es","@id":"https:\/\/likeink.com\/es\/tatuaje-falso\/black-white-butterfly-nail-stickers\/#primaryimage","url":"https:\/\/likeink.com\/wp-content\/uploads\/2026\/02\/nailstickers-butterfly-quality-likeink.png","contentUrl":"https:\/\/likeink.com\/wp-content\/uploads\/2026\/02\/nailstickers-butterfly-quality-likeink.png","width":1024,"height":1024,"caption":"Primer plano de cuatro u\u00f1as pintadas con esmalte nude, cada una con un peque\u00f1o dise\u00f1o de mariposa en blanco o negro en el centro de la u\u00f1a. El fondo es una superficie blanca suave."},{"@type":"BreadcrumbList","@id":"https:\/\/likeink.com\/es\/tatuaje-falso\/black-white-butterfly-nail-stickers\/#breadcrumb","itemListElement":[{"@type":"ListItem","position":1,"name":"Hem","item":"https:\/\/likeink.com\/es\/"},{"@type":"ListItem","position":2,"name":"Shop","item":"https:\/\/likeink.com\/es\/shop\/"},{"@type":"ListItem","position":3,"name":"Mariposa negra y blanca Nail stickers"}]},{"@type":"WebSite","@id":"https:\/\/likeink.com\/es\/#website","url":"https:\/\/likeink.com\/es\/","name":"Like ink","description":"HAZ TUS PROPIOS TATUAJES TEMPORALES","potentialAction":[{"@type":"SearchAction","target":{"@type":"EntryPoint","urlTemplate":"https:\/\/likeink.com\/es\/?s={search_term_string}"},"query-input":{"@type":"PropertyValueSpecification","valueRequired":true,"valueName":"search_term_string"}}],"inLanguage":"es"}]}},"_links":{"self":[{"href":"https:\/\/likeink.com\/es\/wp-json\/wp\/v2\/product\/58150","targetHints":{"allow":["GET"]}}],"collection":[{"href":"https:\/\/likeink.com\/es\/wp-json\/wp\/v2\/product"}],"about":[{"href":"https:\/\/likeink.com\/es\/wp-json\/wp\/v2\/types\/product"}],"wp:featuredmedia":[{"embeddable":true,"href":"https:\/\/likeink.com\/es\/wp-json\/wp\/v2\/media\/59405"}],"wp:attachment":[{"href":"https:\/\/likeink.com\/es\/wp-json\/wp\/v2\/media?parent=58150"}],"wp:term":[{"taxonomy":"product_brand","embeddable":true,"href":"https:\/\/likeink.com\/es\/wp-json\/wp\/v2\/product_brand?post=58150"},{"taxonomy":"product_cat","embeddable":true,"href":"https:\/\/likeink.com\/es\/wp-json\/wp\/v2\/product_cat?post=58150"},{"taxonomy":"product_tag","embeddable":true,"href":"https:\/\/likeink.com\/es\/wp-json\/wp\/v2\/product_tag?post=58150"}],"curies":[{"name":"wp","href":"https:\/\/api.w.org\/{rel}","templated":true}]}}