{"id":58151,"date":"2026-01-27T13:50:38","date_gmt":"2026-02-06T15:01:53","guid":{"rendered":"https:\/\/likeink.com\/gnuggisar\/star-cluster-nail-stickers\/"},"modified":"2026-02-25T09:26:48","modified_gmt":"2026-02-25T09:26:48","slug":"star-cluster-nail-stickers","status":"publish","type":"product","link":"https:\/\/likeink.com\/es\/tatuaje-falso\/star-cluster-nail-stickers\/","title":{"rendered":"C\u00famulo estelar Nail stickers"},"content":{"rendered":"","protected":false},"excerpt":{"rendered":"<p>Like Ink<br \/>\nNail tattoos<br \/>\n\u2013 Estrellas blancas y negras Nail stickers<\/p>\n<h2>\u00a1Pide Nail stickers con gr\u00e1ficos de racimos de estrellas blancas y negras!<\/h2>\n<p>Crea una manicura limpia pero expresiva con Like Ink<br \/>\nEstrellas blancas y negras Nail stickers<br \/>\n. Esta l\u00e1mina presenta una mezcla din\u00e1mica de racimos de estrellas, peque\u00f1os puntos y estrellas individuales en blanco y negro cl\u00e1sico, con algunas estrellas seleccionadas rellenas de un sutil acabado azul brillante para a\u00f1adir profundidad.<\/p>\n<p>Con tama\u00f1os de motivos que van de aproximadamente 3 a 10 mm, estas l\u00e1minas de u\u00f1as decorativas (Nail stickers<br \/>\n) son perfectas para todo, desde acentos minimalistas hasta dise\u00f1os en capas inspirados en constelaciones. El contraste de las estrellas monocrom\u00e1ticas con toques de brillo azul hace que esta l\u00e1mina sea f\u00e1cil de combinar tanto para el uso diario como para looks llamativos.<\/p>\n<p>Ideal para los amantes del minimalismo Nail art<br \/>\n, los estilos inspirados en el cosmos o cualquiera que disfrute de los detalles gr\u00e1ficos con un toque diferente. F\u00e1ciles de aplicar y c\u00f3modas de llevar, estas Nail stickers<br \/>\nse mantienen en su sitio durante varios d\u00edas sin manchar ni despegarse.<\/p>\n<p>Sin ensuciar, sin tiempo de secado y sin necesidad de ir al sal\u00f3n de belleza: solo Nail art<br \/>\nmodernas en cuesti\u00f3n de minutos.<\/p>\n<p><strong>C\u00f3mo aplicar Nail stickers <\/strong><br \/>\nLimpia y seca la u\u00f1a.<\/p>\n<p>Elige una pegatina de la hoja y lev\u00e1ntala suavemente con unas pinzas.<\/p>\n<p>Coloque el dise\u00f1o sobre la u\u00f1a y presione suavemente.<\/p>\n<p>Aplique una capa superior para mayor durabilidad y brillo.<\/p>\n<p>\u00a1Listo!<\/p>\n<p><strong>Informaci\u00f3n del producto<\/strong><\/p>\n<p><strong>Tama\u00f1o de la hoja:<\/strong><br \/>\n7 \u00d7 10 cm<strong>.<br \/>\nColores:<\/strong><br \/>\nblanco y negro con detalles azul brillante<strong>.<br \/>\nMotivos:<\/strong><br \/>\ngrupos de estrellas, estrellas individuales, puntos<strong>.<br \/>\nTama\u00f1o de los motivos:<\/strong><br \/>\naprox. 3-10 mm<strong>.<\/p>\n<p>PD:<\/strong><br \/>\nCompre 6 hojas y pague 5 con el c\u00f3digo de<strong> INKNAILS <\/strong><br \/>\ndescuento \u2b50\u2728.<\/p>\n","protected":false},"featured_media":59445,"template":"","meta":[],"product_brand":[],"product_cat":[471],"product_tag":[],"class_list":{"0":"post-58151","1":"product","2":"type-product","3":"status-publish","4":"has-post-thumbnail","6":"product_cat-nail-stickers-es","8":"first","9":"instock","10":"taxable","11":"shipping-taxable","12":"purchasable","13":"product-type-simple"},"yoast_head":"<!-- This site is optimized with the Yoast SEO Premium plugin v26.2 (Yoast SEO v27.4) - https:\/\/yoast.com\/product\/yoast-seo-premium-wordpress\/ -->\n<title>C\u00famulo estelar en blanco y negro Nail stickers | Like Ink<\/title>\n<meta name=\"description\" content=\"Estrella en blanco y negro Nail stickers de Like Ink con racimos, puntos y estrellas brillantes rellenas de azul. F\u00e1cil de aplicar y vers\u00e1til. - Like ink\" \/>\n<meta name=\"robots\" content=\"index, follow, max-snippet:-1, max-image-preview:large, max-video-preview:-1\" \/>\n<link rel=\"canonical\" href=\"https:\/\/likeink.com\/es\/tatuaje-falso\/star-cluster-nail-stickers\/\" \/>\n<meta property=\"og:locale\" content=\"es_ES\" \/>\n<meta property=\"og:type\" content=\"article\" \/>\n<meta property=\"og:title\" content=\"C\u00famulo estelar Nail stickers\" \/>\n<meta property=\"og:description\" content=\"Like Ink Nail tattoos \u2013 Estrellas blancas y negras Nail stickers \u00a1Pide Nail stickers con gr\u00e1ficos de racimos de estrellas blancas y negras! Crea una manicura limpia pero expresiva con Like Ink Estrellas blancas y negras Nail stickers . Esta l\u00e1mina presenta una mezcla din\u00e1mica de racimos de estrellas, peque\u00f1os puntos y estrellas individuales en blanco y negro cl\u00e1sico, con algunas estrellas seleccionadas rellenas de un sutil acabado azul brillante para a\u00f1adir profundidad. Con tama\u00f1os de motivos que van de aproximadamente 3 a 10 mm, estas l\u00e1minas de u\u00f1as decorativas (Nail stickers ) son perfectas para todo, desde acentos minimalistas hasta dise\u00f1os en capas inspirados en constelaciones. El contraste de las estrellas monocrom\u00e1ticas con toques de brillo azul hace que esta l\u00e1mina sea f\u00e1cil de combinar tanto para el uso diario como para looks llamativos. Ideal para los amantes del minimalismo Nail art , los estilos inspirados en el cosmos o cualquiera que disfrute de los detalles gr\u00e1ficos con un toque diferente. F\u00e1ciles de aplicar y c\u00f3modas de llevar, estas Nail stickers se mantienen en su sitio durante varios d\u00edas sin manchar ni despegarse. Sin ensuciar, sin tiempo de secado y sin necesidad de ir al sal\u00f3n de belleza: solo Nail art modernas en cuesti\u00f3n de minutos. C\u00f3mo aplicar Nail stickers Limpia y seca la u\u00f1a. Elige una pegatina de la hoja y lev\u00e1ntala suavemente con unas pinzas. Coloque el dise\u00f1o sobre la u\u00f1a y presione suavemente. Aplique una capa superior para mayor durabilidad y brillo. \u00a1Listo! Informaci\u00f3n del producto  Tama\u00f1o de la hoja: 7 \u00d7 10 cm. Colores: blanco y negro con detalles azul brillante. Motivos: grupos de estrellas, estrellas individuales, puntos. Tama\u00f1o de los motivos: aprox. 3-10 mm. PD: Compre 6 hojas y pague 5 con el c\u00f3digo de INKNAILS descuento \u2b50\u2728.\" \/>\n<meta property=\"og:url\" content=\"https:\/\/likeink.com\/es\/tatuaje-falso\/star-cluster-nail-stickers\/\" \/>\n<meta property=\"og:site_name\" content=\"Like ink\" \/>\n<meta property=\"article:publisher\" content=\"https:\/\/www.facebook.com\/LikeInkSe\" \/>\n<meta property=\"article:modified_time\" content=\"2026-02-25T09:26:48+00:00\" \/>\n<meta property=\"og:image\" content=\"https:\/\/likeink.com\/wp-content\/uploads\/2026\/02\/starkluster-nailstickers-nails-photo.png\" \/>\n\t<meta property=\"og:image:width\" content=\"1024\" \/>\n\t<meta property=\"og:image:height\" content=\"1024\" \/>\n\t<meta property=\"og:image:type\" content=\"image\/png\" \/>\n<meta name=\"twitter:card\" content=\"summary_large_image\" \/>\n<script type=\"application\/ld+json\" class=\"yoast-schema-graph\">{\"@context\":\"https:\\\/\\\/schema.org\",\"@graph\":[{\"@type\":\"WebPage\",\"@id\":\"https:\\\/\\\/likeink.com\\\/es\\\/tatuaje-falso\\\/star-cluster-nail-stickers\\\/\",\"url\":\"https:\\\/\\\/likeink.com\\\/es\\\/tatuaje-falso\\\/star-cluster-nail-stickers\\\/\",\"name\":\"C\u00famulo estelar en blanco y negro Nail stickers | Like Ink\",\"isPartOf\":{\"@id\":\"https:\\\/\\\/likeink.com\\\/es\\\/#website\"},\"primaryImageOfPage\":{\"@id\":\"https:\\\/\\\/likeink.com\\\/es\\\/tatuaje-falso\\\/star-cluster-nail-stickers\\\/#primaryimage\"},\"image\":{\"@id\":\"https:\\\/\\\/likeink.com\\\/es\\\/tatuaje-falso\\\/star-cluster-nail-stickers\\\/#primaryimage\"},\"thumbnailUrl\":\"https:\\\/\\\/likeink.com\\\/wp-content\\\/uploads\\\/2026\\\/02\\\/starkluster-nailstickers-nails-photo.png\",\"datePublished\":\"2026-02-06T15:01:53+00:00\",\"dateModified\":\"2026-02-25T09:26:48+00:00\",\"description\":\"Estrella en blanco y negro Nail stickers de Like Ink con racimos, puntos y estrellas brillantes rellenas de azul. F\u00e1cil de aplicar y vers\u00e1til. - Like ink\",\"breadcrumb\":{\"@id\":\"https:\\\/\\\/likeink.com\\\/es\\\/tatuaje-falso\\\/star-cluster-nail-stickers\\\/#breadcrumb\"},\"inLanguage\":\"es\",\"potentialAction\":[{\"@type\":\"ReadAction\",\"target\":[\"https:\\\/\\\/likeink.com\\\/es\\\/tatuaje-falso\\\/star-cluster-nail-stickers\\\/\"]}]},{\"@type\":\"ImageObject\",\"inLanguage\":\"es\",\"@id\":\"https:\\\/\\\/likeink.com\\\/es\\\/tatuaje-falso\\\/star-cluster-nail-stickers\\\/#primaryimage\",\"url\":\"https:\\\/\\\/likeink.com\\\/wp-content\\\/uploads\\\/2026\\\/02\\\/starkluster-nailstickers-nails-photo.png\",\"contentUrl\":\"https:\\\/\\\/likeink.com\\\/wp-content\\\/uploads\\\/2026\\\/02\\\/starkluster-nailstickers-nails-photo.png\",\"width\":1024,\"height\":1024,\"caption\":\"Un primer plano de cuatro u\u00f1as pintadas con un esmalte nude, decoradas con peque\u00f1os dibujos negros y dorados en forma de estrella y diminutos puntos para un look nail art minimalista de inspiraci\u00f3n celestial.\"},{\"@type\":\"BreadcrumbList\",\"@id\":\"https:\\\/\\\/likeink.com\\\/es\\\/tatuaje-falso\\\/star-cluster-nail-stickers\\\/#breadcrumb\",\"itemListElement\":[{\"@type\":\"ListItem\",\"position\":1,\"name\":\"Hem\",\"item\":\"https:\\\/\\\/likeink.com\\\/es\\\/\"},{\"@type\":\"ListItem\",\"position\":2,\"name\":\"Shop\",\"item\":\"https:\\\/\\\/likeink.com\\\/es\\\/shop\\\/\"},{\"@type\":\"ListItem\",\"position\":3,\"name\":\"C\u00famulo estelar Nail stickers\"}]},{\"@type\":\"WebSite\",\"@id\":\"https:\\\/\\\/likeink.com\\\/es\\\/#website\",\"url\":\"https:\\\/\\\/likeink.com\\\/es\\\/\",\"name\":\"Like ink\",\"description\":\"HAZ TUS PROPIOS TATUAJES TEMPORALES\",\"potentialAction\":[{\"@type\":\"SearchAction\",\"target\":{\"@type\":\"EntryPoint\",\"urlTemplate\":\"https:\\\/\\\/likeink.com\\\/es\\\/?s={search_term_string}\"},\"query-input\":{\"@type\":\"PropertyValueSpecification\",\"valueRequired\":true,\"valueName\":\"search_term_string\"}}],\"inLanguage\":\"es\"}]}<\/script>\n<!-- \/ Yoast SEO Premium plugin. -->","yoast_head_json":{"title":"C\u00famulo estelar en blanco y negro Nail stickers | Like Ink","description":"Estrella en blanco y negro Nail stickers de Like Ink con racimos, puntos y estrellas brillantes rellenas de azul. F\u00e1cil de aplicar y vers\u00e1til. - Like ink","robots":{"index":"index","follow":"follow","max-snippet":"max-snippet:-1","max-image-preview":"max-image-preview:large","max-video-preview":"max-video-preview:-1"},"canonical":"https:\/\/likeink.com\/es\/tatuaje-falso\/star-cluster-nail-stickers\/","og_locale":"es_ES","og_type":"article","og_title":"C\u00famulo estelar Nail stickers","og_description":"Like Ink Nail tattoos \u2013 Estrellas blancas y negras Nail stickers \u00a1Pide Nail stickers con gr\u00e1ficos de racimos de estrellas blancas y negras! Crea una manicura limpia pero expresiva con Like Ink Estrellas blancas y negras Nail stickers . Esta l\u00e1mina presenta una mezcla din\u00e1mica de racimos de estrellas, peque\u00f1os puntos y estrellas individuales en blanco y negro cl\u00e1sico, con algunas estrellas seleccionadas rellenas de un sutil acabado azul brillante para a\u00f1adir profundidad. Con tama\u00f1os de motivos que van de aproximadamente 3 a 10 mm, estas l\u00e1minas de u\u00f1as decorativas (Nail stickers ) son perfectas para todo, desde acentos minimalistas hasta dise\u00f1os en capas inspirados en constelaciones. El contraste de las estrellas monocrom\u00e1ticas con toques de brillo azul hace que esta l\u00e1mina sea f\u00e1cil de combinar tanto para el uso diario como para looks llamativos. Ideal para los amantes del minimalismo Nail art , los estilos inspirados en el cosmos o cualquiera que disfrute de los detalles gr\u00e1ficos con un toque diferente. F\u00e1ciles de aplicar y c\u00f3modas de llevar, estas Nail stickers se mantienen en su sitio durante varios d\u00edas sin manchar ni despegarse. Sin ensuciar, sin tiempo de secado y sin necesidad de ir al sal\u00f3n de belleza: solo Nail art modernas en cuesti\u00f3n de minutos. C\u00f3mo aplicar Nail stickers Limpia y seca la u\u00f1a. Elige una pegatina de la hoja y lev\u00e1ntala suavemente con unas pinzas. Coloque el dise\u00f1o sobre la u\u00f1a y presione suavemente. Aplique una capa superior para mayor durabilidad y brillo. \u00a1Listo! Informaci\u00f3n del producto  Tama\u00f1o de la hoja: 7 \u00d7 10 cm. Colores: blanco y negro con detalles azul brillante. Motivos: grupos de estrellas, estrellas individuales, puntos. Tama\u00f1o de los motivos: aprox. 3-10 mm. PD: Compre 6 hojas y pague 5 con el c\u00f3digo de INKNAILS descuento \u2b50\u2728.","og_url":"https:\/\/likeink.com\/es\/tatuaje-falso\/star-cluster-nail-stickers\/","og_site_name":"Like ink","article_publisher":"https:\/\/www.facebook.com\/LikeInkSe","article_modified_time":"2026-02-25T09:26:48+00:00","og_image":[{"width":1024,"height":1024,"url":"https:\/\/likeink.com\/wp-content\/uploads\/2026\/02\/starkluster-nailstickers-nails-photo.png","type":"image\/png"}],"twitter_card":"summary_large_image","schema":{"@context":"https:\/\/schema.org","@graph":[{"@type":"WebPage","@id":"https:\/\/likeink.com\/es\/tatuaje-falso\/star-cluster-nail-stickers\/","url":"https:\/\/likeink.com\/es\/tatuaje-falso\/star-cluster-nail-stickers\/","name":"C\u00famulo estelar en blanco y negro Nail stickers | Like Ink","isPartOf":{"@id":"https:\/\/likeink.com\/es\/#website"},"primaryImageOfPage":{"@id":"https:\/\/likeink.com\/es\/tatuaje-falso\/star-cluster-nail-stickers\/#primaryimage"},"image":{"@id":"https:\/\/likeink.com\/es\/tatuaje-falso\/star-cluster-nail-stickers\/#primaryimage"},"thumbnailUrl":"https:\/\/likeink.com\/wp-content\/uploads\/2026\/02\/starkluster-nailstickers-nails-photo.png","datePublished":"2026-02-06T15:01:53+00:00","dateModified":"2026-02-25T09:26:48+00:00","description":"Estrella en blanco y negro Nail stickers de Like Ink con racimos, puntos y estrellas brillantes rellenas de azul. F\u00e1cil de aplicar y vers\u00e1til. - Like ink","breadcrumb":{"@id":"https:\/\/likeink.com\/es\/tatuaje-falso\/star-cluster-nail-stickers\/#breadcrumb"},"inLanguage":"es","potentialAction":[{"@type":"ReadAction","target":["https:\/\/likeink.com\/es\/tatuaje-falso\/star-cluster-nail-stickers\/"]}]},{"@type":"ImageObject","inLanguage":"es","@id":"https:\/\/likeink.com\/es\/tatuaje-falso\/star-cluster-nail-stickers\/#primaryimage","url":"https:\/\/likeink.com\/wp-content\/uploads\/2026\/02\/starkluster-nailstickers-nails-photo.png","contentUrl":"https:\/\/likeink.com\/wp-content\/uploads\/2026\/02\/starkluster-nailstickers-nails-photo.png","width":1024,"height":1024,"caption":"Un primer plano de cuatro u\u00f1as pintadas con un esmalte nude, decoradas con peque\u00f1os dibujos negros y dorados en forma de estrella y diminutos puntos para un look nail art minimalista de inspiraci\u00f3n celestial."},{"@type":"BreadcrumbList","@id":"https:\/\/likeink.com\/es\/tatuaje-falso\/star-cluster-nail-stickers\/#breadcrumb","itemListElement":[{"@type":"ListItem","position":1,"name":"Hem","item":"https:\/\/likeink.com\/es\/"},{"@type":"ListItem","position":2,"name":"Shop","item":"https:\/\/likeink.com\/es\/shop\/"},{"@type":"ListItem","position":3,"name":"C\u00famulo estelar Nail stickers"}]},{"@type":"WebSite","@id":"https:\/\/likeink.com\/es\/#website","url":"https:\/\/likeink.com\/es\/","name":"Like ink","description":"HAZ TUS PROPIOS TATUAJES TEMPORALES","potentialAction":[{"@type":"SearchAction","target":{"@type":"EntryPoint","urlTemplate":"https:\/\/likeink.com\/es\/?s={search_term_string}"},"query-input":{"@type":"PropertyValueSpecification","valueRequired":true,"valueName":"search_term_string"}}],"inLanguage":"es"}]}},"_links":{"self":[{"href":"https:\/\/likeink.com\/es\/wp-json\/wp\/v2\/product\/58151","targetHints":{"allow":["GET"]}}],"collection":[{"href":"https:\/\/likeink.com\/es\/wp-json\/wp\/v2\/product"}],"about":[{"href":"https:\/\/likeink.com\/es\/wp-json\/wp\/v2\/types\/product"}],"wp:featuredmedia":[{"embeddable":true,"href":"https:\/\/likeink.com\/es\/wp-json\/wp\/v2\/media\/59445"}],"wp:attachment":[{"href":"https:\/\/likeink.com\/es\/wp-json\/wp\/v2\/media?parent=58151"}],"wp:term":[{"taxonomy":"product_brand","embeddable":true,"href":"https:\/\/likeink.com\/es\/wp-json\/wp\/v2\/product_brand?post=58151"},{"taxonomy":"product_cat","embeddable":true,"href":"https:\/\/likeink.com\/es\/wp-json\/wp\/v2\/product_cat?post=58151"},{"taxonomy":"product_tag","embeddable":true,"href":"https:\/\/likeink.com\/es\/wp-json\/wp\/v2\/product_tag?post=58151"}],"curies":[{"name":"wp","href":"https:\/\/api.w.org\/{rel}","templated":true}]}}