{"id":58159,"date":"2026-01-27T13:03:50","date_gmt":"2026-02-06T15:02:00","guid":{"rendered":"https:\/\/likeink.com\/gnuggisar\/playful-black-white-nail-stickers\/"},"modified":"2026-02-25T09:26:55","modified_gmt":"2026-02-25T09:26:55","slug":"playful-black-white-nail-stickers","status":"publish","type":"product","link":"https:\/\/likeink.com\/es\/tatuaje-falso\/playful-black-white-nail-stickers\/","title":{"rendered":"Nail stickers en blanco y negro"},"content":{"rendered":"","protected":false},"excerpt":{"rendered":"<p>Like Ink<br \/>\nNail tattoos<br \/>\n\u2013<\/p>\n<h2>Dese<\/h2>\n<p>un capricho con el juego de u\u00f1as decorativas Playful Black &#038; White Nail stickers<\/p>\n<h2>\u00a1Pida Nail stickers con dise\u00f1os ilustrados suaves y divertidos!<\/h2>\n<p>Cree una manicura encantadora y expresiva con el juego de u\u00f1as decorativas Playful Black &#038; White Like Ink<br \/>\n. Esta hoja presenta motivos finamente ilustrados en blanco y negro cl\u00e1sico, incluyendo un cachorro adorable, una mariposa, un coraz\u00f3n roto y otros s\u00edmbolos divertidos.<\/p>\n<p>Con tama\u00f1os de motivos que van de aproximadamente 3 a 12 mm, estas Nail stickers<br \/>\nson perfectas tanto para detalles sutiles como para u\u00f1as decoradas equilibradas. El estilo suave de las ilustraciones aporta un toque delicado y art\u00edstico, mientras que la paleta de colores monocrom\u00e1tica mantiene un aspecto limpio y vers\u00e1til.<\/p>\n<p>Ideales para el uso diario, Nail art<br \/>\ncreativas o cualquier persona que adore los dise\u00f1os expresivos pero discretos. F\u00e1ciles de aplicar y c\u00f3modas de llevar, estas Nail stickers<br \/>\npermanecen en su sitio durante varios d\u00edas sin manchar ni despegarse.<\/p>\n<p>Sin ensuciar, sin tiempo de secado y sin necesidad de ir al sal\u00f3n de belleza: solo <strong>tienes que aplicar<\/strong><br \/>\nestas pegatinas decorativas para u\u00f1as Nail art<br \/>\nen cuesti\u00f3n de minutos.<\/p>\n<p><strong>C\u00f3mo aplicar las pegatinas decorativas para u\u00f1as Nail stickers <\/strong><br \/>\nLimpia y seca la u\u00f1a.<\/p>\n<p>Elige una pegatina de la hoja y lev\u00e1ntala con cuidado con unas pinzas.<\/p>\n<p>Coloca el dise\u00f1o sobre la u\u00f1a y presiona suavemente.<\/p>\n<p>Aplica una capa superior para mayor durabilidad.<\/p>\n<p>\u00a1Listo!<\/p>\n<p><strong>Informaci\u00f3n del producto<\/strong><\/p>\n<p><strong>Tama\u00f1o de la hoja:<\/strong><br \/>\n7 \u00d7 10 cm<strong>.<br \/>\nColores:<\/strong><br \/>\nblanco y negro<strong>.<br \/>\nMotivos:<\/strong><br \/>\ncachorro, mariposa, coraz\u00f3n roto, s\u00edmbolos<strong>.<br \/>\nTama\u00f1o de los motivos:<\/strong><br \/>\naprox. 3-12 mm<strong>.<\/p>\n<p>PD:<\/strong><br \/>\nCompra 6 hojas y paga solo 5 con el c\u00f3digo de descuento<strong> INKNAILS <\/strong><br \/>\n \ud83d\udda4\u2728.<\/p>\n","protected":false},"featured_media":59385,"template":"","meta":[],"product_brand":[],"product_cat":[471],"product_tag":[],"class_list":{"0":"post-58159","1":"product","2":"type-product","3":"status-publish","4":"has-post-thumbnail","6":"product_cat-nail-stickers-es","8":"first","9":"instock","10":"taxable","11":"shipping-taxable","12":"purchasable","13":"product-type-simple"},"yoast_head":"<!-- This site is optimized with the Yoast SEO Premium plugin v26.2 (Yoast SEO v27.4) - https:\/\/yoast.com\/product\/yoast-seo-premium-wordpress\/ -->\n<title>Nail stickers, juguet\u00f3n en blanco y negro | Like Ink<\/title>\n<meta name=\"description\" content=\"Nail stickers, de Like Ink, con delicadas ilustraciones en blanco y negro. Con motivos divertidos como cachorros, mariposas y corazones rotos. - Like ink\" \/>\n<meta name=\"robots\" content=\"index, follow, max-snippet:-1, max-image-preview:large, max-video-preview:-1\" \/>\n<link rel=\"canonical\" href=\"https:\/\/likeink.com\/es\/tatuaje-falso\/playful-black-white-nail-stickers\/\" \/>\n<meta property=\"og:locale\" content=\"es_ES\" \/>\n<meta property=\"og:type\" content=\"article\" \/>\n<meta property=\"og:title\" content=\"Nail stickers en blanco y negro\" \/>\n<meta property=\"og:description\" content=\"Like Ink Nail tattoos \u2013 Dese un capricho con el juego de u\u00f1as decorativas Playful Black &amp; White Nail stickers \u00a1Pida Nail stickers con dise\u00f1os ilustrados suaves y divertidos! Cree una manicura encantadora y expresiva con el juego de u\u00f1as decorativas Playful Black &amp; White Like Ink . Esta hoja presenta motivos finamente ilustrados en blanco y negro cl\u00e1sico, incluyendo un cachorro adorable, una mariposa, un coraz\u00f3n roto y otros s\u00edmbolos divertidos. Con tama\u00f1os de motivos que van de aproximadamente 3 a 12 mm, estas Nail stickers son perfectas tanto para detalles sutiles como para u\u00f1as decoradas equilibradas. El estilo suave de las ilustraciones aporta un toque delicado y art\u00edstico, mientras que la paleta de colores monocrom\u00e1tica mantiene un aspecto limpio y vers\u00e1til. Ideales para el uso diario, Nail art creativas o cualquier persona que adore los dise\u00f1os expresivos pero discretos. F\u00e1ciles de aplicar y c\u00f3modas de llevar, estas Nail stickers permanecen en su sitio durante varios d\u00edas sin manchar ni despegarse. Sin ensuciar, sin tiempo de secado y sin necesidad de ir al sal\u00f3n de belleza: solo tienes que aplicar estas pegatinas decorativas para u\u00f1as Nail art en cuesti\u00f3n de minutos. C\u00f3mo aplicar las pegatinas decorativas para u\u00f1as Nail stickers Limpia y seca la u\u00f1a. Elige una pegatina de la hoja y lev\u00e1ntala con cuidado con unas pinzas. Coloca el dise\u00f1o sobre la u\u00f1a y presiona suavemente. Aplica una capa superior para mayor durabilidad. \u00a1Listo! Informaci\u00f3n del producto  Tama\u00f1o de la hoja: 7 \u00d7 10 cm. Colores: blanco y negro. Motivos: cachorro, mariposa, coraz\u00f3n roto, s\u00edmbolos. Tama\u00f1o de los motivos: aprox. 3-12 mm. PD: Compra 6 hojas y paga solo 5 con el c\u00f3digo de descuento INKNAILS  \ud83d\udda4\u2728.\" \/>\n<meta property=\"og:url\" content=\"https:\/\/likeink.com\/es\/tatuaje-falso\/playful-black-white-nail-stickers\/\" \/>\n<meta property=\"og:site_name\" content=\"Like ink\" \/>\n<meta property=\"article:publisher\" content=\"https:\/\/www.facebook.com\/LikeInkSe\" \/>\n<meta property=\"article:modified_time\" content=\"2026-02-25T09:26:55+00:00\" \/>\n<meta property=\"og:image\" content=\"https:\/\/likeink.com\/wp-content\/uploads\/2026\/02\/nail-stickers-symbols-design-likeink.png\" \/>\n\t<meta property=\"og:image:width\" content=\"1024\" \/>\n\t<meta property=\"og:image:height\" content=\"1024\" \/>\n\t<meta property=\"og:image:type\" content=\"image\/png\" \/>\n<meta name=\"twitter:card\" content=\"summary_large_image\" \/>\n<script type=\"application\/ld+json\" class=\"yoast-schema-graph\">{\"@context\":\"https:\\\/\\\/schema.org\",\"@graph\":[{\"@type\":\"WebPage\",\"@id\":\"https:\\\/\\\/likeink.com\\\/es\\\/tatuaje-falso\\\/playful-black-white-nail-stickers\\\/\",\"url\":\"https:\\\/\\\/likeink.com\\\/es\\\/tatuaje-falso\\\/playful-black-white-nail-stickers\\\/\",\"name\":\"Nail stickers, juguet\u00f3n en blanco y negro | Like Ink\",\"isPartOf\":{\"@id\":\"https:\\\/\\\/likeink.com\\\/es\\\/#website\"},\"primaryImageOfPage\":{\"@id\":\"https:\\\/\\\/likeink.com\\\/es\\\/tatuaje-falso\\\/playful-black-white-nail-stickers\\\/#primaryimage\"},\"image\":{\"@id\":\"https:\\\/\\\/likeink.com\\\/es\\\/tatuaje-falso\\\/playful-black-white-nail-stickers\\\/#primaryimage\"},\"thumbnailUrl\":\"https:\\\/\\\/likeink.com\\\/wp-content\\\/uploads\\\/2026\\\/02\\\/nail-stickers-symbols-design-likeink.png\",\"datePublished\":\"2026-02-06T15:02:00+00:00\",\"dateModified\":\"2026-02-25T09:26:55+00:00\",\"description\":\"Nail stickers, de Like Ink, con delicadas ilustraciones en blanco y negro. Con motivos divertidos como cachorros, mariposas y corazones rotos. - Like ink\",\"breadcrumb\":{\"@id\":\"https:\\\/\\\/likeink.com\\\/es\\\/tatuaje-falso\\\/playful-black-white-nail-stickers\\\/#breadcrumb\"},\"inLanguage\":\"es\",\"potentialAction\":[{\"@type\":\"ReadAction\",\"target\":[\"https:\\\/\\\/likeink.com\\\/es\\\/tatuaje-falso\\\/playful-black-white-nail-stickers\\\/\"]}]},{\"@type\":\"ImageObject\",\"inLanguage\":\"es\",\"@id\":\"https:\\\/\\\/likeink.com\\\/es\\\/tatuaje-falso\\\/playful-black-white-nail-stickers\\\/#primaryimage\",\"url\":\"https:\\\/\\\/likeink.com\\\/wp-content\\\/uploads\\\/2026\\\/02\\\/nail-stickers-symbols-design-likeink.png\",\"contentUrl\":\"https:\\\/\\\/likeink.com\\\/wp-content\\\/uploads\\\/2026\\\/02\\\/nail-stickers-symbols-design-likeink.png\",\"width\":1024,\"height\":1024,\"caption\":\"Una mano con cuatro u\u00f1as pintadas al desnudo, cada una con un sencillo dibujo de l\u00edneas negras: una nube sonriente, una flor, un perro y una abeja.\"},{\"@type\":\"BreadcrumbList\",\"@id\":\"https:\\\/\\\/likeink.com\\\/es\\\/tatuaje-falso\\\/playful-black-white-nail-stickers\\\/#breadcrumb\",\"itemListElement\":[{\"@type\":\"ListItem\",\"position\":1,\"name\":\"Hem\",\"item\":\"https:\\\/\\\/likeink.com\\\/es\\\/\"},{\"@type\":\"ListItem\",\"position\":2,\"name\":\"Shop\",\"item\":\"https:\\\/\\\/likeink.com\\\/es\\\/shop\\\/\"},{\"@type\":\"ListItem\",\"position\":3,\"name\":\"Nail stickers en blanco y negro\"}]},{\"@type\":\"WebSite\",\"@id\":\"https:\\\/\\\/likeink.com\\\/es\\\/#website\",\"url\":\"https:\\\/\\\/likeink.com\\\/es\\\/\",\"name\":\"Like ink\",\"description\":\"HAZ TUS PROPIOS TATUAJES TEMPORALES\",\"potentialAction\":[{\"@type\":\"SearchAction\",\"target\":{\"@type\":\"EntryPoint\",\"urlTemplate\":\"https:\\\/\\\/likeink.com\\\/es\\\/?s={search_term_string}\"},\"query-input\":{\"@type\":\"PropertyValueSpecification\",\"valueRequired\":true,\"valueName\":\"search_term_string\"}}],\"inLanguage\":\"es\"}]}<\/script>\n<!-- \/ Yoast SEO Premium plugin. -->","yoast_head_json":{"title":"Nail stickers, juguet\u00f3n en blanco y negro | Like Ink","description":"Nail stickers, de Like Ink, con delicadas ilustraciones en blanco y negro. Con motivos divertidos como cachorros, mariposas y corazones rotos. - Like ink","robots":{"index":"index","follow":"follow","max-snippet":"max-snippet:-1","max-image-preview":"max-image-preview:large","max-video-preview":"max-video-preview:-1"},"canonical":"https:\/\/likeink.com\/es\/tatuaje-falso\/playful-black-white-nail-stickers\/","og_locale":"es_ES","og_type":"article","og_title":"Nail stickers en blanco y negro","og_description":"Like Ink Nail tattoos \u2013 Dese un capricho con el juego de u\u00f1as decorativas Playful Black & White Nail stickers \u00a1Pida Nail stickers con dise\u00f1os ilustrados suaves y divertidos! Cree una manicura encantadora y expresiva con el juego de u\u00f1as decorativas Playful Black & White Like Ink . Esta hoja presenta motivos finamente ilustrados en blanco y negro cl\u00e1sico, incluyendo un cachorro adorable, una mariposa, un coraz\u00f3n roto y otros s\u00edmbolos divertidos. Con tama\u00f1os de motivos que van de aproximadamente 3 a 12 mm, estas Nail stickers son perfectas tanto para detalles sutiles como para u\u00f1as decoradas equilibradas. El estilo suave de las ilustraciones aporta un toque delicado y art\u00edstico, mientras que la paleta de colores monocrom\u00e1tica mantiene un aspecto limpio y vers\u00e1til. Ideales para el uso diario, Nail art creativas o cualquier persona que adore los dise\u00f1os expresivos pero discretos. F\u00e1ciles de aplicar y c\u00f3modas de llevar, estas Nail stickers permanecen en su sitio durante varios d\u00edas sin manchar ni despegarse. Sin ensuciar, sin tiempo de secado y sin necesidad de ir al sal\u00f3n de belleza: solo tienes que aplicar estas pegatinas decorativas para u\u00f1as Nail art en cuesti\u00f3n de minutos. C\u00f3mo aplicar las pegatinas decorativas para u\u00f1as Nail stickers Limpia y seca la u\u00f1a. Elige una pegatina de la hoja y lev\u00e1ntala con cuidado con unas pinzas. Coloca el dise\u00f1o sobre la u\u00f1a y presiona suavemente. Aplica una capa superior para mayor durabilidad. \u00a1Listo! Informaci\u00f3n del producto  Tama\u00f1o de la hoja: 7 \u00d7 10 cm. Colores: blanco y negro. Motivos: cachorro, mariposa, coraz\u00f3n roto, s\u00edmbolos. Tama\u00f1o de los motivos: aprox. 3-12 mm. PD: Compra 6 hojas y paga solo 5 con el c\u00f3digo de descuento INKNAILS  \ud83d\udda4\u2728.","og_url":"https:\/\/likeink.com\/es\/tatuaje-falso\/playful-black-white-nail-stickers\/","og_site_name":"Like ink","article_publisher":"https:\/\/www.facebook.com\/LikeInkSe","article_modified_time":"2026-02-25T09:26:55+00:00","og_image":[{"width":1024,"height":1024,"url":"https:\/\/likeink.com\/wp-content\/uploads\/2026\/02\/nail-stickers-symbols-design-likeink.png","type":"image\/png"}],"twitter_card":"summary_large_image","schema":{"@context":"https:\/\/schema.org","@graph":[{"@type":"WebPage","@id":"https:\/\/likeink.com\/es\/tatuaje-falso\/playful-black-white-nail-stickers\/","url":"https:\/\/likeink.com\/es\/tatuaje-falso\/playful-black-white-nail-stickers\/","name":"Nail stickers, juguet\u00f3n en blanco y negro | Like Ink","isPartOf":{"@id":"https:\/\/likeink.com\/es\/#website"},"primaryImageOfPage":{"@id":"https:\/\/likeink.com\/es\/tatuaje-falso\/playful-black-white-nail-stickers\/#primaryimage"},"image":{"@id":"https:\/\/likeink.com\/es\/tatuaje-falso\/playful-black-white-nail-stickers\/#primaryimage"},"thumbnailUrl":"https:\/\/likeink.com\/wp-content\/uploads\/2026\/02\/nail-stickers-symbols-design-likeink.png","datePublished":"2026-02-06T15:02:00+00:00","dateModified":"2026-02-25T09:26:55+00:00","description":"Nail stickers, de Like Ink, con delicadas ilustraciones en blanco y negro. Con motivos divertidos como cachorros, mariposas y corazones rotos. - Like ink","breadcrumb":{"@id":"https:\/\/likeink.com\/es\/tatuaje-falso\/playful-black-white-nail-stickers\/#breadcrumb"},"inLanguage":"es","potentialAction":[{"@type":"ReadAction","target":["https:\/\/likeink.com\/es\/tatuaje-falso\/playful-black-white-nail-stickers\/"]}]},{"@type":"ImageObject","inLanguage":"es","@id":"https:\/\/likeink.com\/es\/tatuaje-falso\/playful-black-white-nail-stickers\/#primaryimage","url":"https:\/\/likeink.com\/wp-content\/uploads\/2026\/02\/nail-stickers-symbols-design-likeink.png","contentUrl":"https:\/\/likeink.com\/wp-content\/uploads\/2026\/02\/nail-stickers-symbols-design-likeink.png","width":1024,"height":1024,"caption":"Una mano con cuatro u\u00f1as pintadas al desnudo, cada una con un sencillo dibujo de l\u00edneas negras: una nube sonriente, una flor, un perro y una abeja."},{"@type":"BreadcrumbList","@id":"https:\/\/likeink.com\/es\/tatuaje-falso\/playful-black-white-nail-stickers\/#breadcrumb","itemListElement":[{"@type":"ListItem","position":1,"name":"Hem","item":"https:\/\/likeink.com\/es\/"},{"@type":"ListItem","position":2,"name":"Shop","item":"https:\/\/likeink.com\/es\/shop\/"},{"@type":"ListItem","position":3,"name":"Nail stickers en blanco y negro"}]},{"@type":"WebSite","@id":"https:\/\/likeink.com\/es\/#website","url":"https:\/\/likeink.com\/es\/","name":"Like ink","description":"HAZ TUS PROPIOS TATUAJES TEMPORALES","potentialAction":[{"@type":"SearchAction","target":{"@type":"EntryPoint","urlTemplate":"https:\/\/likeink.com\/es\/?s={search_term_string}"},"query-input":{"@type":"PropertyValueSpecification","valueRequired":true,"valueName":"search_term_string"}}],"inLanguage":"es"}]}},"_links":{"self":[{"href":"https:\/\/likeink.com\/es\/wp-json\/wp\/v2\/product\/58159","targetHints":{"allow":["GET"]}}],"collection":[{"href":"https:\/\/likeink.com\/es\/wp-json\/wp\/v2\/product"}],"about":[{"href":"https:\/\/likeink.com\/es\/wp-json\/wp\/v2\/types\/product"}],"wp:featuredmedia":[{"embeddable":true,"href":"https:\/\/likeink.com\/es\/wp-json\/wp\/v2\/media\/59385"}],"wp:attachment":[{"href":"https:\/\/likeink.com\/es\/wp-json\/wp\/v2\/media?parent=58159"}],"wp:term":[{"taxonomy":"product_brand","embeddable":true,"href":"https:\/\/likeink.com\/es\/wp-json\/wp\/v2\/product_brand?post=58159"},{"taxonomy":"product_cat","embeddable":true,"href":"https:\/\/likeink.com\/es\/wp-json\/wp\/v2\/product_cat?post=58159"},{"taxonomy":"product_tag","embeddable":true,"href":"https:\/\/likeink.com\/es\/wp-json\/wp\/v2\/product_tag?post=58159"}],"curies":[{"name":"wp","href":"https:\/\/api.w.org\/{rel}","templated":true}]}}