{"id":58161,"date":"2026-01-27T12:52:04","date_gmt":"2026-02-06T15:02:02","guid":{"rendered":"https:\/\/likeink.com\/gnuggisar\/black-mini-star-nail-stickers\/"},"modified":"2026-02-25T09:26:57","modified_gmt":"2026-02-25T09:26:57","slug":"black-mini-star-nail-stickers","status":"publish","type":"product","link":"https:\/\/likeink.com\/es\/tatuaje-falso\/black-mini-star-nail-stickers\/","title":{"rendered":"Nail stickers Mini Star negro"},"content":{"rendered":"","protected":false},"excerpt":{"rendered":"<p>Like Ink<br \/>\nNail tattoos<br \/>\n\u2013 Mini estrellas negras Nail stickers<\/p>\n<h2>\u00a1Pide Nail stickers con peque\u00f1os dise\u00f1os de estrellas negras!<\/h2>\n<p>Crea una manicura limpia y gr\u00e1fica con Like Ink<br \/>\nMini estrellas negras Nail stickers<br \/>\n. Esta hoja presenta peque\u00f1as estrellas negras en una mezcla de dise\u00f1os rellenos y estilos solo con contorno, lo que ofrece variedad al tiempo que mantiene un aspecto minimalista.<\/p>\n<p>Con tama\u00f1os de motivos que van de aproximadamente 3 a 6 mm, estas Nail stickers<br \/>\nson perfectas para acentos sutiles, detalles en capas o dise\u00f1os de u\u00f1as con patrones de estrellas completos. Las diferentes formas de estrellas y estilos de l\u00edneas hacen que sean f\u00e1ciles de mezclar y combinar para un acabado moderno y discreto.<\/p>\n<p>Ideales para el uso diario, Nail art<br \/>\nminimalistas o looks gr\u00e1ficos atrevidos. F\u00e1ciles de aplicar y c\u00f3modas de llevar, estas Nail stickers<br \/>\npermanecen en su sitio durante varios d\u00edas sin manchar ni pelarse.<\/p>\n<p>Sin ensuciar, sin tiempo de secado y sin necesidad de ir al sal\u00f3n de belleza: simplemente, unas u\u00f1as elegantes y con estilo en cuesti\u00f3n de minutos.<\/p>\n<p><strong>C\u00f3mo aplicar las<\/strong><br \/>\n<strong>pegatinas para u\u00f1as Nail stickers <\/strong><br \/>\nLimpia y seca la u\u00f1a.<\/p>\n<p>Elige una pegatina de la hoja y lev\u00e1ntala suavemente con unas pinzas.<\/p>\n<p>Coloca el dise\u00f1o sobre la u\u00f1a y presiona suavemente.<\/p>\n<p>Aplica una capa superior para una mayor durabilidad.<\/p>\n<p>\u00a1Listo!<\/p>\n<p><strong>Informaci\u00f3n del producto<\/strong><\/p>\n<p><strong>Tama\u00f1o de la hoja:<\/strong><br \/>\n7 \u00d7 10 cm.<br \/>\n<strong>Color:<\/strong><br \/>\nnegro.<br \/>\n<strong>Motivos:<\/strong><br \/>\nestrellas (rellenas y contorneadas).<br \/>\n<strong>Tama\u00f1o del motivo:<\/strong><br \/>\naprox. 3-6 mm<strong>.<\/p>\n<p>PD:<\/strong><br \/>\nCompra 6 hojas y paga solo 5 con el c\u00f3digo de descuento<strong> INKNAILS <\/strong><br \/>\n \u2b50\u2728.<\/p>\n","protected":false},"featured_media":59185,"template":"","meta":[],"product_brand":[],"product_cat":[471],"product_tag":[],"class_list":{"0":"post-58161","1":"product","2":"type-product","3":"status-publish","4":"has-post-thumbnail","6":"product_cat-nail-stickers-es","8":"first","9":"instock","10":"taxable","11":"shipping-taxable","12":"purchasable","13":"product-type-simple"},"yoast_head":"<!-- This site is optimized with the Yoast SEO Premium plugin v26.2 (Yoast SEO v27.5) - https:\/\/yoast.com\/product\/yoast-seo-premium-wordpress\/ -->\n<title>Nail stickers Mini Star negro | Like Ink<\/title>\n<meta name=\"description\" content=\"Peque\u00f1a estrella negra Nail stickers de Like Ink en dise\u00f1os rellenos y contorneados. Minimalista, vers\u00e1til y f\u00e1cil de aplicar. - Like ink\" \/>\n<meta name=\"robots\" content=\"index, follow, max-snippet:-1, max-image-preview:large, max-video-preview:-1\" \/>\n<link rel=\"canonical\" href=\"https:\/\/likeink.com\/es\/tatuaje-falso\/black-mini-star-nail-stickers\/\" \/>\n<meta property=\"og:locale\" content=\"es_ES\" \/>\n<meta property=\"og:type\" content=\"article\" \/>\n<meta property=\"og:title\" content=\"Nail stickers Mini Star negro\" \/>\n<meta property=\"og:description\" content=\"Like Ink Nail tattoos \u2013 Mini estrellas negras Nail stickers \u00a1Pide Nail stickers con peque\u00f1os dise\u00f1os de estrellas negras! Crea una manicura limpia y gr\u00e1fica con Like Ink Mini estrellas negras Nail stickers . Esta hoja presenta peque\u00f1as estrellas negras en una mezcla de dise\u00f1os rellenos y estilos solo con contorno, lo que ofrece variedad al tiempo que mantiene un aspecto minimalista. Con tama\u00f1os de motivos que van de aproximadamente 3 a 6 mm, estas Nail stickers son perfectas para acentos sutiles, detalles en capas o dise\u00f1os de u\u00f1as con patrones de estrellas completos. Las diferentes formas de estrellas y estilos de l\u00edneas hacen que sean f\u00e1ciles de mezclar y combinar para un acabado moderno y discreto. Ideales para el uso diario, Nail art minimalistas o looks gr\u00e1ficos atrevidos. F\u00e1ciles de aplicar y c\u00f3modas de llevar, estas Nail stickers permanecen en su sitio durante varios d\u00edas sin manchar ni pelarse. Sin ensuciar, sin tiempo de secado y sin necesidad de ir al sal\u00f3n de belleza: simplemente, unas u\u00f1as elegantes y con estilo en cuesti\u00f3n de minutos. C\u00f3mo aplicar las pegatinas para u\u00f1as Nail stickers Limpia y seca la u\u00f1a. Elige una pegatina de la hoja y lev\u00e1ntala suavemente con unas pinzas. Coloca el dise\u00f1o sobre la u\u00f1a y presiona suavemente. Aplica una capa superior para una mayor durabilidad. \u00a1Listo! Informaci\u00f3n del producto  Tama\u00f1o de la hoja: 7 \u00d7 10 cm. Color: negro. Motivos: estrellas (rellenas y contorneadas). Tama\u00f1o del motivo: aprox. 3-6 mm. PD: Compra 6 hojas y paga solo 5 con el c\u00f3digo de descuento INKNAILS  \u2b50\u2728.\" \/>\n<meta property=\"og:url\" content=\"https:\/\/likeink.com\/es\/tatuaje-falso\/black-mini-star-nail-stickers\/\" \/>\n<meta property=\"og:site_name\" content=\"Like ink\" \/>\n<meta property=\"article:publisher\" content=\"https:\/\/www.facebook.com\/LikeInkSe\" \/>\n<meta property=\"article:modified_time\" content=\"2026-02-25T09:26:57+00:00\" \/>\n<meta property=\"og:image\" content=\"https:\/\/likeink.com\/wp-content\/uploads\/2026\/02\/nail-sticker-black-stars-likeink.png\" \/>\n\t<meta property=\"og:image:width\" content=\"1024\" \/>\n\t<meta property=\"og:image:height\" content=\"1024\" \/>\n\t<meta property=\"og:image:type\" content=\"image\/png\" \/>\n<meta name=\"twitter:card\" content=\"summary_large_image\" \/>\n<!-- \/ Yoast SEO Premium plugin. -->","yoast_head_json":{"title":"Nail stickers Mini Star negro | Like Ink","description":"Peque\u00f1a estrella negra Nail stickers de Like Ink en dise\u00f1os rellenos y contorneados. Minimalista, vers\u00e1til y f\u00e1cil de aplicar. - Like ink","robots":{"index":"index","follow":"follow","max-snippet":"max-snippet:-1","max-image-preview":"max-image-preview:large","max-video-preview":"max-video-preview:-1"},"canonical":"https:\/\/likeink.com\/es\/tatuaje-falso\/black-mini-star-nail-stickers\/","og_locale":"es_ES","og_type":"article","og_title":"Nail stickers Mini Star negro","og_description":"Like Ink Nail tattoos \u2013 Mini estrellas negras Nail stickers \u00a1Pide Nail stickers con peque\u00f1os dise\u00f1os de estrellas negras! Crea una manicura limpia y gr\u00e1fica con Like Ink Mini estrellas negras Nail stickers . Esta hoja presenta peque\u00f1as estrellas negras en una mezcla de dise\u00f1os rellenos y estilos solo con contorno, lo que ofrece variedad al tiempo que mantiene un aspecto minimalista. Con tama\u00f1os de motivos que van de aproximadamente 3 a 6 mm, estas Nail stickers son perfectas para acentos sutiles, detalles en capas o dise\u00f1os de u\u00f1as con patrones de estrellas completos. Las diferentes formas de estrellas y estilos de l\u00edneas hacen que sean f\u00e1ciles de mezclar y combinar para un acabado moderno y discreto. Ideales para el uso diario, Nail art minimalistas o looks gr\u00e1ficos atrevidos. F\u00e1ciles de aplicar y c\u00f3modas de llevar, estas Nail stickers permanecen en su sitio durante varios d\u00edas sin manchar ni pelarse. Sin ensuciar, sin tiempo de secado y sin necesidad de ir al sal\u00f3n de belleza: simplemente, unas u\u00f1as elegantes y con estilo en cuesti\u00f3n de minutos. C\u00f3mo aplicar las pegatinas para u\u00f1as Nail stickers Limpia y seca la u\u00f1a. Elige una pegatina de la hoja y lev\u00e1ntala suavemente con unas pinzas. Coloca el dise\u00f1o sobre la u\u00f1a y presiona suavemente. Aplica una capa superior para una mayor durabilidad. \u00a1Listo! Informaci\u00f3n del producto  Tama\u00f1o de la hoja: 7 \u00d7 10 cm. Color: negro. Motivos: estrellas (rellenas y contorneadas). Tama\u00f1o del motivo: aprox. 3-6 mm. PD: Compra 6 hojas y paga solo 5 con el c\u00f3digo de descuento INKNAILS  \u2b50\u2728.","og_url":"https:\/\/likeink.com\/es\/tatuaje-falso\/black-mini-star-nail-stickers\/","og_site_name":"Like ink","article_publisher":"https:\/\/www.facebook.com\/LikeInkSe","article_modified_time":"2026-02-25T09:26:57+00:00","og_image":[{"width":1024,"height":1024,"url":"https:\/\/likeink.com\/wp-content\/uploads\/2026\/02\/nail-sticker-black-stars-likeink.png","type":"image\/png"}],"twitter_card":"summary_large_image","schema":{"@context":"https:\/\/schema.org","@graph":[{"@type":"WebPage","@id":"https:\/\/likeink.com\/es\/tatuaje-falso\/black-mini-star-nail-stickers\/","url":"https:\/\/likeink.com\/es\/tatuaje-falso\/black-mini-star-nail-stickers\/","name":"Nail stickers Mini Star negro | Like Ink","isPartOf":{"@id":"https:\/\/likeink.com\/es\/#website"},"primaryImageOfPage":{"@id":"https:\/\/likeink.com\/es\/tatuaje-falso\/black-mini-star-nail-stickers\/#primaryimage"},"image":{"@id":"https:\/\/likeink.com\/es\/tatuaje-falso\/black-mini-star-nail-stickers\/#primaryimage"},"thumbnailUrl":"https:\/\/likeink.com\/wp-content\/uploads\/2026\/02\/nail-sticker-black-stars-likeink.png","datePublished":"2026-02-06T15:02:02+00:00","dateModified":"2026-02-25T09:26:57+00:00","description":"Peque\u00f1a estrella negra Nail stickers de Like Ink en dise\u00f1os rellenos y contorneados. Minimalista, vers\u00e1til y f\u00e1cil de aplicar. - Like ink","breadcrumb":{"@id":"https:\/\/likeink.com\/es\/tatuaje-falso\/black-mini-star-nail-stickers\/#breadcrumb"},"inLanguage":"es","potentialAction":[{"@type":"ReadAction","target":["https:\/\/likeink.com\/es\/tatuaje-falso\/black-mini-star-nail-stickers\/"]}]},{"@type":"ImageObject","inLanguage":"es","@id":"https:\/\/likeink.com\/es\/tatuaje-falso\/black-mini-star-nail-stickers\/#primaryimage","url":"https:\/\/likeink.com\/wp-content\/uploads\/2026\/02\/nail-sticker-black-stars-likeink.png","contentUrl":"https:\/\/likeink.com\/wp-content\/uploads\/2026\/02\/nail-sticker-black-stars-likeink.png","width":1024,"height":1024,"caption":"Primer plano de una mano con las u\u00f1as cuidadas con esmalte nude y dibujos de estrellas negras de varios tama\u00f1os en cada u\u00f1a."},{"@type":"BreadcrumbList","@id":"https:\/\/likeink.com\/es\/tatuaje-falso\/black-mini-star-nail-stickers\/#breadcrumb","itemListElement":[{"@type":"ListItem","position":1,"name":"Hem","item":"https:\/\/likeink.com\/es\/"},{"@type":"ListItem","position":2,"name":"Shop","item":"https:\/\/likeink.com\/es\/shop\/"},{"@type":"ListItem","position":3,"name":"Nail stickers Mini Star negro"}]},{"@type":"WebSite","@id":"https:\/\/likeink.com\/es\/#website","url":"https:\/\/likeink.com\/es\/","name":"Like ink","description":"HAZ TUS PROPIOS TATUAJES TEMPORALES","potentialAction":[{"@type":"SearchAction","target":{"@type":"EntryPoint","urlTemplate":"https:\/\/likeink.com\/es\/?s={search_term_string}"},"query-input":{"@type":"PropertyValueSpecification","valueRequired":true,"valueName":"search_term_string"}}],"inLanguage":"es"}]}},"_links":{"self":[{"href":"https:\/\/likeink.com\/es\/wp-json\/wp\/v2\/product\/58161","targetHints":{"allow":["GET"]}}],"collection":[{"href":"https:\/\/likeink.com\/es\/wp-json\/wp\/v2\/product"}],"about":[{"href":"https:\/\/likeink.com\/es\/wp-json\/wp\/v2\/types\/product"}],"wp:featuredmedia":[{"embeddable":true,"href":"https:\/\/likeink.com\/es\/wp-json\/wp\/v2\/media\/59185"}],"wp:attachment":[{"href":"https:\/\/likeink.com\/es\/wp-json\/wp\/v2\/media?parent=58161"}],"wp:term":[{"taxonomy":"product_brand","embeddable":true,"href":"https:\/\/likeink.com\/es\/wp-json\/wp\/v2\/product_brand?post=58161"},{"taxonomy":"product_cat","embeddable":true,"href":"https:\/\/likeink.com\/es\/wp-json\/wp\/v2\/product_cat?post=58161"},{"taxonomy":"product_tag","embeddable":true,"href":"https:\/\/likeink.com\/es\/wp-json\/wp\/v2\/product_tag?post=58161"}],"curies":[{"name":"wp","href":"https:\/\/api.w.org\/{rel}","templated":true}]}}