{"id":58163,"date":"2026-01-27T12:39:56","date_gmt":"2026-02-06T15:02:03","guid":{"rendered":"https:\/\/likeink.com\/gnuggisar\/black-love-kiss-nail-stickers\/"},"modified":"2026-02-25T09:26:59","modified_gmt":"2026-02-25T09:26:59","slug":"black-love-kiss-nail-stickers","status":"publish","type":"product","link":"https:\/\/likeink.com\/es\/tatuaje-falso\/black-love-kiss-nail-stickers\/","title":{"rendered":"Amor negro y beso Nail stickers"},"content":{"rendered":"","protected":false},"excerpt":{"rendered":"<p>Like Ink<br \/>\nNail tattoos<br \/>\n\u2013 Black Love &#038; Kiss Nail stickers<\/p>\n<h2>\u00a1Pide Nail stickers con rom\u00e1nticos dise\u00f1os en negro!<\/h2>\n<p>Crea una manicura atrevida y rom\u00e1ntica con Like Ink<br \/>\nBlack Love &#038; Kiss Nail stickers<br \/>\n. Esta l\u00e1mina presenta llamativos dise\u00f1os negros que incluyen labios, una rosa bellamente ilustrada, corazones y los expresivos textos \u00ablove\u00bb, \u00abkiss\u00bb y \u00abkiss me\u00bb.<\/p>\n<p>Con tama\u00f1os de motivos que van desde aproximadamente 3 a 15 mm, estos Nail stickers<br \/>\nson perfectos tanto para acentos rom\u00e1nticos sutiles como para Nail art<br \/>\nllamativos. El aspecto monocrom\u00e1tico en negro a\u00f1ade un toque elegante y moderno, al tiempo que mantiene los dise\u00f1os divertidos y expresivos.<\/p>\n<p>Ideales para citas nocturnas, ocasiones especiales o Nail art<br \/>\ncotidianos con actitud. F\u00e1ciles de aplicar y c\u00f3modos de llevar, estos Nail stickers<br \/>\npermanecen en su sitio durante varios d\u00edas sin manchar ni despegarse.<\/p>\n<p>Sin ensuciar, sin tiempo de secado y sin necesidad de ir al sal\u00f3n de belleza: solo Nail art<br \/>\nsin esfuerzo con un toque rom\u00e1ntico.<\/p>\n<p><strong>C\u00f3mo aplicar Nail stickers <\/strong><br \/>\nLimpia y seca la u\u00f1a.<\/p>\n<p>Elige una pegatina de la hoja y lev\u00e1ntala suavemente con unas pinzas.<\/p>\n<p>Coloque el dise\u00f1o sobre la u\u00f1a y presione suavemente.<\/p>\n<p>Aplique una capa superior para una mayor durabilidad.<\/p>\n<p>\u00a1Listo!<\/p>\n<p><strong>Informaci\u00f3n del producto<\/strong><\/p>\n<p><strong>Tama\u00f1o de la hoja:<\/strong><br \/>\n7 \u00d7 10 cm.<br \/>\n<strong>Color:<\/strong><br \/>\nnegro<strong>.<br \/>\nMotivos:<\/strong><br \/>\nlabios, rosa, corazones, texto<strong>.<br \/>\nTama\u00f1o del motivo:<\/strong><br \/>\naprox. 3-15 mm<strong>.<\/p>\n<p>PD:<\/strong><br \/>\nCompre 6 hojas y pague 5 con el c\u00f3digo de<strong> INKNAILS <\/strong><br \/>\ndescuento \ud83d\udc8b\u2728.<\/p>\n","protected":false},"featured_media":59165,"template":"","meta":[],"product_brand":[],"product_cat":[471],"product_tag":[],"class_list":{"0":"post-58163","1":"product","2":"type-product","3":"status-publish","4":"has-post-thumbnail","6":"product_cat-nail-stickers-es","8":"first","9":"instock","10":"taxable","11":"shipping-taxable","12":"purchasable","13":"product-type-simple"},"yoast_head":"<!-- This site is optimized with the Yoast SEO Premium plugin v26.2 (Yoast SEO v27.4) - https:\/\/yoast.com\/product\/yoast-seo-premium-wordpress\/ -->\n<title>Black Love &amp; Kiss Nail stickers | Like Ink<\/title>\n<meta name=\"description\" content=\"Nail stickers negro de Like Ink con labios, rosas, corazones y texto inspirado en el amor. Dise\u00f1os elegantes y divertidos en diferentes tama\u00f1os. - Like ink\" \/>\n<meta name=\"robots\" content=\"index, follow, max-snippet:-1, max-image-preview:large, max-video-preview:-1\" \/>\n<link rel=\"canonical\" href=\"https:\/\/likeink.com\/es\/tatuaje-falso\/black-love-kiss-nail-stickers\/\" \/>\n<meta property=\"og:locale\" content=\"es_ES\" \/>\n<meta property=\"og:type\" content=\"article\" \/>\n<meta property=\"og:title\" content=\"Amor negro y beso Nail stickers\" \/>\n<meta property=\"og:description\" content=\"Like Ink Nail tattoos \u2013 Black Love &amp; Kiss Nail stickers \u00a1Pide Nail stickers con rom\u00e1nticos dise\u00f1os en negro! Crea una manicura atrevida y rom\u00e1ntica con Like Ink Black Love &amp; Kiss Nail stickers . Esta l\u00e1mina presenta llamativos dise\u00f1os negros que incluyen labios, una rosa bellamente ilustrada, corazones y los expresivos textos \u00ablove\u00bb, \u00abkiss\u00bb y \u00abkiss me\u00bb. Con tama\u00f1os de motivos que van desde aproximadamente 3 a 15 mm, estos Nail stickers son perfectos tanto para acentos rom\u00e1nticos sutiles como para Nail art llamativos. El aspecto monocrom\u00e1tico en negro a\u00f1ade un toque elegante y moderno, al tiempo que mantiene los dise\u00f1os divertidos y expresivos. Ideales para citas nocturnas, ocasiones especiales o Nail art cotidianos con actitud. F\u00e1ciles de aplicar y c\u00f3modos de llevar, estos Nail stickers permanecen en su sitio durante varios d\u00edas sin manchar ni despegarse. Sin ensuciar, sin tiempo de secado y sin necesidad de ir al sal\u00f3n de belleza: solo Nail art sin esfuerzo con un toque rom\u00e1ntico. C\u00f3mo aplicar Nail stickers Limpia y seca la u\u00f1a. Elige una pegatina de la hoja y lev\u00e1ntala suavemente con unas pinzas. Coloque el dise\u00f1o sobre la u\u00f1a y presione suavemente. Aplique una capa superior para una mayor durabilidad. \u00a1Listo! Informaci\u00f3n del producto  Tama\u00f1o de la hoja: 7 \u00d7 10 cm. Color: negro. Motivos: labios, rosa, corazones, texto. Tama\u00f1o del motivo: aprox. 3-15 mm. PD: Compre 6 hojas y pague 5 con el c\u00f3digo de INKNAILS descuento \ud83d\udc8b\u2728.\" \/>\n<meta property=\"og:url\" content=\"https:\/\/likeink.com\/es\/tatuaje-falso\/black-love-kiss-nail-stickers\/\" \/>\n<meta property=\"og:site_name\" content=\"Like ink\" \/>\n<meta property=\"article:publisher\" content=\"https:\/\/www.facebook.com\/LikeInkSe\" \/>\n<meta property=\"article:modified_time\" content=\"2026-02-25T09:26:59+00:00\" \/>\n<meta property=\"og:image\" content=\"https:\/\/likeink.com\/wp-content\/uploads\/2026\/02\/nail-srt-stickers-punk-likeink.png\" \/>\n\t<meta property=\"og:image:width\" content=\"1024\" \/>\n\t<meta property=\"og:image:height\" content=\"1024\" \/>\n\t<meta property=\"og:image:type\" content=\"image\/png\" \/>\n<meta name=\"twitter:card\" content=\"summary_large_image\" \/>\n<script type=\"application\/ld+json\" class=\"yoast-schema-graph\">{\"@context\":\"https:\\\/\\\/schema.org\",\"@graph\":[{\"@type\":\"WebPage\",\"@id\":\"https:\\\/\\\/likeink.com\\\/es\\\/tatuaje-falso\\\/black-love-kiss-nail-stickers\\\/\",\"url\":\"https:\\\/\\\/likeink.com\\\/es\\\/tatuaje-falso\\\/black-love-kiss-nail-stickers\\\/\",\"name\":\"Black Love & Kiss Nail stickers | Like Ink\",\"isPartOf\":{\"@id\":\"https:\\\/\\\/likeink.com\\\/es\\\/#website\"},\"primaryImageOfPage\":{\"@id\":\"https:\\\/\\\/likeink.com\\\/es\\\/tatuaje-falso\\\/black-love-kiss-nail-stickers\\\/#primaryimage\"},\"image\":{\"@id\":\"https:\\\/\\\/likeink.com\\\/es\\\/tatuaje-falso\\\/black-love-kiss-nail-stickers\\\/#primaryimage\"},\"thumbnailUrl\":\"https:\\\/\\\/likeink.com\\\/wp-content\\\/uploads\\\/2026\\\/02\\\/nail-srt-stickers-punk-likeink.png\",\"datePublished\":\"2026-02-06T15:02:03+00:00\",\"dateModified\":\"2026-02-25T09:26:59+00:00\",\"description\":\"Nail stickers negro de Like Ink con labios, rosas, corazones y texto inspirado en el amor. Dise\u00f1os elegantes y divertidos en diferentes tama\u00f1os. - Like ink\",\"breadcrumb\":{\"@id\":\"https:\\\/\\\/likeink.com\\\/es\\\/tatuaje-falso\\\/black-love-kiss-nail-stickers\\\/#breadcrumb\"},\"inLanguage\":\"es\",\"potentialAction\":[{\"@type\":\"ReadAction\",\"target\":[\"https:\\\/\\\/likeink.com\\\/es\\\/tatuaje-falso\\\/black-love-kiss-nail-stickers\\\/\"]}]},{\"@type\":\"ImageObject\",\"inLanguage\":\"es\",\"@id\":\"https:\\\/\\\/likeink.com\\\/es\\\/tatuaje-falso\\\/black-love-kiss-nail-stickers\\\/#primaryimage\",\"url\":\"https:\\\/\\\/likeink.com\\\/wp-content\\\/uploads\\\/2026\\\/02\\\/nail-srt-stickers-punk-likeink.png\",\"contentUrl\":\"https:\\\/\\\/likeink.com\\\/wp-content\\\/uploads\\\/2026\\\/02\\\/nail-srt-stickers-punk-likeink.png\",\"width\":1024,\"height\":1024,\"caption\":\"Primer plano de dos dedos con u\u00f1as pintadas; en una de las u\u00f1as pone Kiss me with hearts (B\u00e9same con corazones), en la otra hay un coraz\u00f3n negro. En el fondo borroso se ve una figura de estilo punk y un grafiti que incluye un s\u00edmbolo de anarqu\u00eda y una calavera.\"},{\"@type\":\"BreadcrumbList\",\"@id\":\"https:\\\/\\\/likeink.com\\\/es\\\/tatuaje-falso\\\/black-love-kiss-nail-stickers\\\/#breadcrumb\",\"itemListElement\":[{\"@type\":\"ListItem\",\"position\":1,\"name\":\"Hem\",\"item\":\"https:\\\/\\\/likeink.com\\\/es\\\/\"},{\"@type\":\"ListItem\",\"position\":2,\"name\":\"Shop\",\"item\":\"https:\\\/\\\/likeink.com\\\/es\\\/shop\\\/\"},{\"@type\":\"ListItem\",\"position\":3,\"name\":\"Amor negro y beso Nail stickers\"}]},{\"@type\":\"WebSite\",\"@id\":\"https:\\\/\\\/likeink.com\\\/es\\\/#website\",\"url\":\"https:\\\/\\\/likeink.com\\\/es\\\/\",\"name\":\"Like ink\",\"description\":\"HAZ TUS PROPIOS TATUAJES TEMPORALES\",\"potentialAction\":[{\"@type\":\"SearchAction\",\"target\":{\"@type\":\"EntryPoint\",\"urlTemplate\":\"https:\\\/\\\/likeink.com\\\/es\\\/?s={search_term_string}\"},\"query-input\":{\"@type\":\"PropertyValueSpecification\",\"valueRequired\":true,\"valueName\":\"search_term_string\"}}],\"inLanguage\":\"es\"}]}<\/script>\n<!-- \/ Yoast SEO Premium plugin. -->","yoast_head_json":{"title":"Black Love & Kiss Nail stickers | Like Ink","description":"Nail stickers negro de Like Ink con labios, rosas, corazones y texto inspirado en el amor. Dise\u00f1os elegantes y divertidos en diferentes tama\u00f1os. - Like ink","robots":{"index":"index","follow":"follow","max-snippet":"max-snippet:-1","max-image-preview":"max-image-preview:large","max-video-preview":"max-video-preview:-1"},"canonical":"https:\/\/likeink.com\/es\/tatuaje-falso\/black-love-kiss-nail-stickers\/","og_locale":"es_ES","og_type":"article","og_title":"Amor negro y beso Nail stickers","og_description":"Like Ink Nail tattoos \u2013 Black Love & Kiss Nail stickers \u00a1Pide Nail stickers con rom\u00e1nticos dise\u00f1os en negro! Crea una manicura atrevida y rom\u00e1ntica con Like Ink Black Love & Kiss Nail stickers . Esta l\u00e1mina presenta llamativos dise\u00f1os negros que incluyen labios, una rosa bellamente ilustrada, corazones y los expresivos textos \u00ablove\u00bb, \u00abkiss\u00bb y \u00abkiss me\u00bb. Con tama\u00f1os de motivos que van desde aproximadamente 3 a 15 mm, estos Nail stickers son perfectos tanto para acentos rom\u00e1nticos sutiles como para Nail art llamativos. El aspecto monocrom\u00e1tico en negro a\u00f1ade un toque elegante y moderno, al tiempo que mantiene los dise\u00f1os divertidos y expresivos. Ideales para citas nocturnas, ocasiones especiales o Nail art cotidianos con actitud. F\u00e1ciles de aplicar y c\u00f3modos de llevar, estos Nail stickers permanecen en su sitio durante varios d\u00edas sin manchar ni despegarse. Sin ensuciar, sin tiempo de secado y sin necesidad de ir al sal\u00f3n de belleza: solo Nail art sin esfuerzo con un toque rom\u00e1ntico. C\u00f3mo aplicar Nail stickers Limpia y seca la u\u00f1a. Elige una pegatina de la hoja y lev\u00e1ntala suavemente con unas pinzas. Coloque el dise\u00f1o sobre la u\u00f1a y presione suavemente. Aplique una capa superior para una mayor durabilidad. \u00a1Listo! Informaci\u00f3n del producto  Tama\u00f1o de la hoja: 7 \u00d7 10 cm. Color: negro. Motivos: labios, rosa, corazones, texto. Tama\u00f1o del motivo: aprox. 3-15 mm. PD: Compre 6 hojas y pague 5 con el c\u00f3digo de INKNAILS descuento \ud83d\udc8b\u2728.","og_url":"https:\/\/likeink.com\/es\/tatuaje-falso\/black-love-kiss-nail-stickers\/","og_site_name":"Like ink","article_publisher":"https:\/\/www.facebook.com\/LikeInkSe","article_modified_time":"2026-02-25T09:26:59+00:00","og_image":[{"width":1024,"height":1024,"url":"https:\/\/likeink.com\/wp-content\/uploads\/2026\/02\/nail-srt-stickers-punk-likeink.png","type":"image\/png"}],"twitter_card":"summary_large_image","schema":{"@context":"https:\/\/schema.org","@graph":[{"@type":"WebPage","@id":"https:\/\/likeink.com\/es\/tatuaje-falso\/black-love-kiss-nail-stickers\/","url":"https:\/\/likeink.com\/es\/tatuaje-falso\/black-love-kiss-nail-stickers\/","name":"Black Love & Kiss Nail stickers | Like Ink","isPartOf":{"@id":"https:\/\/likeink.com\/es\/#website"},"primaryImageOfPage":{"@id":"https:\/\/likeink.com\/es\/tatuaje-falso\/black-love-kiss-nail-stickers\/#primaryimage"},"image":{"@id":"https:\/\/likeink.com\/es\/tatuaje-falso\/black-love-kiss-nail-stickers\/#primaryimage"},"thumbnailUrl":"https:\/\/likeink.com\/wp-content\/uploads\/2026\/02\/nail-srt-stickers-punk-likeink.png","datePublished":"2026-02-06T15:02:03+00:00","dateModified":"2026-02-25T09:26:59+00:00","description":"Nail stickers negro de Like Ink con labios, rosas, corazones y texto inspirado en el amor. Dise\u00f1os elegantes y divertidos en diferentes tama\u00f1os. - Like ink","breadcrumb":{"@id":"https:\/\/likeink.com\/es\/tatuaje-falso\/black-love-kiss-nail-stickers\/#breadcrumb"},"inLanguage":"es","potentialAction":[{"@type":"ReadAction","target":["https:\/\/likeink.com\/es\/tatuaje-falso\/black-love-kiss-nail-stickers\/"]}]},{"@type":"ImageObject","inLanguage":"es","@id":"https:\/\/likeink.com\/es\/tatuaje-falso\/black-love-kiss-nail-stickers\/#primaryimage","url":"https:\/\/likeink.com\/wp-content\/uploads\/2026\/02\/nail-srt-stickers-punk-likeink.png","contentUrl":"https:\/\/likeink.com\/wp-content\/uploads\/2026\/02\/nail-srt-stickers-punk-likeink.png","width":1024,"height":1024,"caption":"Primer plano de dos dedos con u\u00f1as pintadas; en una de las u\u00f1as pone Kiss me with hearts (B\u00e9same con corazones), en la otra hay un coraz\u00f3n negro. En el fondo borroso se ve una figura de estilo punk y un grafiti que incluye un s\u00edmbolo de anarqu\u00eda y una calavera."},{"@type":"BreadcrumbList","@id":"https:\/\/likeink.com\/es\/tatuaje-falso\/black-love-kiss-nail-stickers\/#breadcrumb","itemListElement":[{"@type":"ListItem","position":1,"name":"Hem","item":"https:\/\/likeink.com\/es\/"},{"@type":"ListItem","position":2,"name":"Shop","item":"https:\/\/likeink.com\/es\/shop\/"},{"@type":"ListItem","position":3,"name":"Amor negro y beso Nail stickers"}]},{"@type":"WebSite","@id":"https:\/\/likeink.com\/es\/#website","url":"https:\/\/likeink.com\/es\/","name":"Like ink","description":"HAZ TUS PROPIOS TATUAJES TEMPORALES","potentialAction":[{"@type":"SearchAction","target":{"@type":"EntryPoint","urlTemplate":"https:\/\/likeink.com\/es\/?s={search_term_string}"},"query-input":{"@type":"PropertyValueSpecification","valueRequired":true,"valueName":"search_term_string"}}],"inLanguage":"es"}]}},"_links":{"self":[{"href":"https:\/\/likeink.com\/es\/wp-json\/wp\/v2\/product\/58163","targetHints":{"allow":["GET"]}}],"collection":[{"href":"https:\/\/likeink.com\/es\/wp-json\/wp\/v2\/product"}],"about":[{"href":"https:\/\/likeink.com\/es\/wp-json\/wp\/v2\/types\/product"}],"wp:featuredmedia":[{"embeddable":true,"href":"https:\/\/likeink.com\/es\/wp-json\/wp\/v2\/media\/59165"}],"wp:attachment":[{"href":"https:\/\/likeink.com\/es\/wp-json\/wp\/v2\/media?parent=58163"}],"wp:term":[{"taxonomy":"product_brand","embeddable":true,"href":"https:\/\/likeink.com\/es\/wp-json\/wp\/v2\/product_brand?post=58163"},{"taxonomy":"product_cat","embeddable":true,"href":"https:\/\/likeink.com\/es\/wp-json\/wp\/v2\/product_cat?post=58163"},{"taxonomy":"product_tag","embeddable":true,"href":"https:\/\/likeink.com\/es\/wp-json\/wp\/v2\/product_tag?post=58163"}],"curies":[{"name":"wp","href":"https:\/\/api.w.org\/{rel}","templated":true}]}}