{"id":58166,"date":"2026-01-27T12:12:38","date_gmt":"2026-02-06T15:02:06","guid":{"rendered":"https:\/\/likeink.com\/gnuggisar\/glow-in-the-dark-celestial-nail-stickers\/"},"modified":"2026-02-25T09:27:02","modified_gmt":"2026-02-25T09:27:02","slug":"glow-in-the-dark-celestial-nail-stickers","status":"publish","type":"product","link":"https:\/\/likeink.com\/es\/tatuaje-falso\/glow-in-the-dark-celestial-nail-stickers\/","title":{"rendered":"Nail stickers Celestial que brilla en la oscuridad"},"content":{"rendered":"","protected":false},"excerpt":{"rendered":"<p>Like Ink<br \/>\nNail tattoos<br \/>\n\u2013 Glow in the Dark Nail stickers<\/p>\n<h2>\u00a1Pide el Glow in the Dark Nail stickers con dise\u00f1os celestiales!<\/h2>\n<p>Ilumina tu manicura con Like Ink<br \/>\nGlow in the Dark Celestial Nail stickers<br \/>\n. Esta l\u00e1mina presenta encantadores dise\u00f1os de sol, luna y estrellas que brillan suavemente en la oscuridad, creando un efecto Nail art<br \/>\ndivertido y m\u00e1gico una vez que se apagan las luces.<\/p>\n<p>Con tama\u00f1os de motivos que van desde aproximadamente 5 a 8 mm, estas Nail stickers<br \/>\nson perfectas para acentos sutiles, as\u00ed como para dise\u00f1os de u\u00f1as con tem\u00e1tica celestial. Durante el d\u00eda se ven limpias y elegantes, y por la noche se transforman en detalles brillantes que a\u00f1aden un toque inesperado.<\/p>\n<p>Ideales para festivales, fiestas, eventos nocturnos o cualquier persona a la que le guste la diversi\u00f3n Nail art<br \/>\ncon un toque c\u00f3smico. F\u00e1ciles de aplicar y c\u00f3modas de llevar, estas Nail stickers<br \/>\npermanecen en su sitio durante varios d\u00edas sin manchar ni despegarse.<\/p>\n<p>Sin ensuciar, sin tiempo de secado y sin necesidad de ir al sal\u00f3n de belleza: solo Nail art<br \/>\nbrillantes en cuesti\u00f3n de minutos.<\/p>\n<p><strong>C\u00f3mo aplicar Nail stickers <\/strong><br \/>\nLimpia y seca la u\u00f1a.<\/p>\n<p>Elige una pegatina de la hoja y lev\u00e1ntala suavemente con unas pinzas.<\/p>\n<p>Coloque el dise\u00f1o sobre la u\u00f1a y presione suavemente.<\/p>\n<p>Aplique una capa superior para una mayor durabilidad.<\/p>\n<p>\u00a1Listo!<\/p>\n<p><strong>Informaci\u00f3n del producto<\/strong><\/p>\n<p><strong>Tama\u00f1o de la hoja:<\/strong><br \/>\n7 \u00d7 10 cm<strong>.<br \/>\nEfecto:<\/strong><br \/>\nbrilla en la oscuridad<strong>.<br \/>\nMotivos:<\/strong><br \/>\nsoles, lunas, estrellas<strong>.<br \/>\nTama\u00f1o del motivo:<\/strong><br \/>\naprox. 5-8 mm<strong>.<\/p>\n<p>PD:<\/strong><br \/>\nCompre 6 hojas y pague 5 con el c\u00f3digo de<strong> INKNAILS <\/strong><br \/>\ndescuento \ud83c\udf1f\ud83d\udc85.<\/p>\n","protected":false},"featured_media":59415,"template":"","meta":[],"product_brand":[],"product_cat":[471],"product_tag":[],"class_list":{"0":"post-58166","1":"product","2":"type-product","3":"status-publish","4":"has-post-thumbnail","6":"product_cat-nail-stickers-es","8":"first","9":"instock","10":"taxable","11":"shipping-taxable","12":"purchasable","13":"product-type-simple"},"yoast_head":"<!-- This site is optimized with the Yoast SEO Premium plugin v26.2 (Yoast SEO v27.4) - https:\/\/yoast.com\/product\/yoast-seo-premium-wordpress\/ -->\n<title>Nail stickers Celestial que brilla en la oscuridad | Like Ink<\/title>\n<meta name=\"description\" content=\"Nail stickers, de Like Ink, que brillan en la oscuridad con motivos de soles, lunas y estrellas. Divertidas, f\u00e1ciles de aplicar y perfectas para Nail art nocturnas. - Like ink\" \/>\n<meta name=\"robots\" content=\"index, follow, max-snippet:-1, max-image-preview:large, max-video-preview:-1\" \/>\n<link rel=\"canonical\" href=\"https:\/\/likeink.com\/es\/tatuaje-falso\/glow-in-the-dark-celestial-nail-stickers\/\" \/>\n<meta property=\"og:locale\" content=\"es_ES\" \/>\n<meta property=\"og:type\" content=\"article\" \/>\n<meta property=\"og:title\" content=\"Nail stickers Celestial que brilla en la oscuridad\" \/>\n<meta property=\"og:description\" content=\"Like Ink Nail tattoos \u2013 Glow in the Dark Nail stickers \u00a1Pide el Glow in the Dark Nail stickers con dise\u00f1os celestiales! Ilumina tu manicura con Like Ink Glow in the Dark Celestial Nail stickers . Esta l\u00e1mina presenta encantadores dise\u00f1os de sol, luna y estrellas que brillan suavemente en la oscuridad, creando un efecto Nail art divertido y m\u00e1gico una vez que se apagan las luces. Con tama\u00f1os de motivos que van desde aproximadamente 5 a 8 mm, estas Nail stickers son perfectas para acentos sutiles, as\u00ed como para dise\u00f1os de u\u00f1as con tem\u00e1tica celestial. Durante el d\u00eda se ven limpias y elegantes, y por la noche se transforman en detalles brillantes que a\u00f1aden un toque inesperado. Ideales para festivales, fiestas, eventos nocturnos o cualquier persona a la que le guste la diversi\u00f3n Nail art con un toque c\u00f3smico. F\u00e1ciles de aplicar y c\u00f3modas de llevar, estas Nail stickers permanecen en su sitio durante varios d\u00edas sin manchar ni despegarse. Sin ensuciar, sin tiempo de secado y sin necesidad de ir al sal\u00f3n de belleza: solo Nail art brillantes en cuesti\u00f3n de minutos. C\u00f3mo aplicar Nail stickers Limpia y seca la u\u00f1a. Elige una pegatina de la hoja y lev\u00e1ntala suavemente con unas pinzas. Coloque el dise\u00f1o sobre la u\u00f1a y presione suavemente. Aplique una capa superior para una mayor durabilidad. \u00a1Listo! Informaci\u00f3n del producto  Tama\u00f1o de la hoja: 7 \u00d7 10 cm. Efecto: brilla en la oscuridad. Motivos: soles, lunas, estrellas. Tama\u00f1o del motivo: aprox. 5-8 mm. PD: Compre 6 hojas y pague 5 con el c\u00f3digo de INKNAILS descuento \ud83c\udf1f\ud83d\udc85.\" \/>\n<meta property=\"og:url\" content=\"https:\/\/likeink.com\/es\/tatuaje-falso\/glow-in-the-dark-celestial-nail-stickers\/\" \/>\n<meta property=\"og:site_name\" content=\"Like ink\" \/>\n<meta property=\"article:publisher\" content=\"https:\/\/www.facebook.com\/LikeInkSe\" \/>\n<meta property=\"article:modified_time\" content=\"2026-02-25T09:27:02+00:00\" \/>\n<meta property=\"og:image\" content=\"https:\/\/likeink.com\/wp-content\/uploads\/2026\/02\/nailstickers-glowinthedark-sun.png\" \/>\n\t<meta property=\"og:image:width\" content=\"1024\" \/>\n\t<meta property=\"og:image:height\" content=\"1024\" \/>\n\t<meta property=\"og:image:type\" content=\"image\/png\" \/>\n<meta name=\"twitter:card\" content=\"summary_large_image\" \/>\n<script type=\"application\/ld+json\" class=\"yoast-schema-graph\">{\"@context\":\"https:\\\/\\\/schema.org\",\"@graph\":[{\"@type\":\"WebPage\",\"@id\":\"https:\\\/\\\/likeink.com\\\/es\\\/tatuaje-falso\\\/glow-in-the-dark-celestial-nail-stickers\\\/\",\"url\":\"https:\\\/\\\/likeink.com\\\/es\\\/tatuaje-falso\\\/glow-in-the-dark-celestial-nail-stickers\\\/\",\"name\":\"Nail stickers Celestial que brilla en la oscuridad | Like Ink\",\"isPartOf\":{\"@id\":\"https:\\\/\\\/likeink.com\\\/es\\\/#website\"},\"primaryImageOfPage\":{\"@id\":\"https:\\\/\\\/likeink.com\\\/es\\\/tatuaje-falso\\\/glow-in-the-dark-celestial-nail-stickers\\\/#primaryimage\"},\"image\":{\"@id\":\"https:\\\/\\\/likeink.com\\\/es\\\/tatuaje-falso\\\/glow-in-the-dark-celestial-nail-stickers\\\/#primaryimage\"},\"thumbnailUrl\":\"https:\\\/\\\/likeink.com\\\/wp-content\\\/uploads\\\/2026\\\/02\\\/nailstickers-glowinthedark-sun.png\",\"datePublished\":\"2026-02-06T15:02:06+00:00\",\"dateModified\":\"2026-02-25T09:27:02+00:00\",\"description\":\"Nail stickers, de Like Ink, que brillan en la oscuridad con motivos de soles, lunas y estrellas. Divertidas, f\u00e1ciles de aplicar y perfectas para Nail art nocturnas. - Like ink\",\"breadcrumb\":{\"@id\":\"https:\\\/\\\/likeink.com\\\/es\\\/tatuaje-falso\\\/glow-in-the-dark-celestial-nail-stickers\\\/#breadcrumb\"},\"inLanguage\":\"es\",\"potentialAction\":[{\"@type\":\"ReadAction\",\"target\":[\"https:\\\/\\\/likeink.com\\\/es\\\/tatuaje-falso\\\/glow-in-the-dark-celestial-nail-stickers\\\/\"]}]},{\"@type\":\"ImageObject\",\"inLanguage\":\"es\",\"@id\":\"https:\\\/\\\/likeink.com\\\/es\\\/tatuaje-falso\\\/glow-in-the-dark-celestial-nail-stickers\\\/#primaryimage\",\"url\":\"https:\\\/\\\/likeink.com\\\/wp-content\\\/uploads\\\/2026\\\/02\\\/nailstickers-glowinthedark-sun.png\",\"contentUrl\":\"https:\\\/\\\/likeink.com\\\/wp-content\\\/uploads\\\/2026\\\/02\\\/nailstickers-glowinthedark-sun.png\",\"width\":1024,\"height\":1024,\"caption\":\"Primer plano de cuatro u\u00f1as que brillan bajo la luz negra, cada una con un dise\u00f1o verde ne\u00f3n: una estrella, un sol sonriente, una luna creciente y otra estrella. El fondo es colorido y borroso, sugiriendo un ambiente de fiesta.\"},{\"@type\":\"BreadcrumbList\",\"@id\":\"https:\\\/\\\/likeink.com\\\/es\\\/tatuaje-falso\\\/glow-in-the-dark-celestial-nail-stickers\\\/#breadcrumb\",\"itemListElement\":[{\"@type\":\"ListItem\",\"position\":1,\"name\":\"Hem\",\"item\":\"https:\\\/\\\/likeink.com\\\/es\\\/\"},{\"@type\":\"ListItem\",\"position\":2,\"name\":\"Shop\",\"item\":\"https:\\\/\\\/likeink.com\\\/es\\\/shop\\\/\"},{\"@type\":\"ListItem\",\"position\":3,\"name\":\"Nail stickers Celestial que brilla en la oscuridad\"}]},{\"@type\":\"WebSite\",\"@id\":\"https:\\\/\\\/likeink.com\\\/es\\\/#website\",\"url\":\"https:\\\/\\\/likeink.com\\\/es\\\/\",\"name\":\"Like ink\",\"description\":\"HAZ TUS PROPIOS TATUAJES TEMPORALES\",\"potentialAction\":[{\"@type\":\"SearchAction\",\"target\":{\"@type\":\"EntryPoint\",\"urlTemplate\":\"https:\\\/\\\/likeink.com\\\/es\\\/?s={search_term_string}\"},\"query-input\":{\"@type\":\"PropertyValueSpecification\",\"valueRequired\":true,\"valueName\":\"search_term_string\"}}],\"inLanguage\":\"es\"}]}<\/script>\n<!-- \/ Yoast SEO Premium plugin. -->","yoast_head_json":{"title":"Nail stickers Celestial que brilla en la oscuridad | Like Ink","description":"Nail stickers, de Like Ink, que brillan en la oscuridad con motivos de soles, lunas y estrellas. Divertidas, f\u00e1ciles de aplicar y perfectas para Nail art nocturnas. - Like ink","robots":{"index":"index","follow":"follow","max-snippet":"max-snippet:-1","max-image-preview":"max-image-preview:large","max-video-preview":"max-video-preview:-1"},"canonical":"https:\/\/likeink.com\/es\/tatuaje-falso\/glow-in-the-dark-celestial-nail-stickers\/","og_locale":"es_ES","og_type":"article","og_title":"Nail stickers Celestial que brilla en la oscuridad","og_description":"Like Ink Nail tattoos \u2013 Glow in the Dark Nail stickers \u00a1Pide el Glow in the Dark Nail stickers con dise\u00f1os celestiales! Ilumina tu manicura con Like Ink Glow in the Dark Celestial Nail stickers . Esta l\u00e1mina presenta encantadores dise\u00f1os de sol, luna y estrellas que brillan suavemente en la oscuridad, creando un efecto Nail art divertido y m\u00e1gico una vez que se apagan las luces. Con tama\u00f1os de motivos que van desde aproximadamente 5 a 8 mm, estas Nail stickers son perfectas para acentos sutiles, as\u00ed como para dise\u00f1os de u\u00f1as con tem\u00e1tica celestial. Durante el d\u00eda se ven limpias y elegantes, y por la noche se transforman en detalles brillantes que a\u00f1aden un toque inesperado. Ideales para festivales, fiestas, eventos nocturnos o cualquier persona a la que le guste la diversi\u00f3n Nail art con un toque c\u00f3smico. F\u00e1ciles de aplicar y c\u00f3modas de llevar, estas Nail stickers permanecen en su sitio durante varios d\u00edas sin manchar ni despegarse. Sin ensuciar, sin tiempo de secado y sin necesidad de ir al sal\u00f3n de belleza: solo Nail art brillantes en cuesti\u00f3n de minutos. C\u00f3mo aplicar Nail stickers Limpia y seca la u\u00f1a. Elige una pegatina de la hoja y lev\u00e1ntala suavemente con unas pinzas. Coloque el dise\u00f1o sobre la u\u00f1a y presione suavemente. Aplique una capa superior para una mayor durabilidad. \u00a1Listo! Informaci\u00f3n del producto  Tama\u00f1o de la hoja: 7 \u00d7 10 cm. Efecto: brilla en la oscuridad. Motivos: soles, lunas, estrellas. Tama\u00f1o del motivo: aprox. 5-8 mm. PD: Compre 6 hojas y pague 5 con el c\u00f3digo de INKNAILS descuento \ud83c\udf1f\ud83d\udc85.","og_url":"https:\/\/likeink.com\/es\/tatuaje-falso\/glow-in-the-dark-celestial-nail-stickers\/","og_site_name":"Like ink","article_publisher":"https:\/\/www.facebook.com\/LikeInkSe","article_modified_time":"2026-02-25T09:27:02+00:00","og_image":[{"width":1024,"height":1024,"url":"https:\/\/likeink.com\/wp-content\/uploads\/2026\/02\/nailstickers-glowinthedark-sun.png","type":"image\/png"}],"twitter_card":"summary_large_image","schema":{"@context":"https:\/\/schema.org","@graph":[{"@type":"WebPage","@id":"https:\/\/likeink.com\/es\/tatuaje-falso\/glow-in-the-dark-celestial-nail-stickers\/","url":"https:\/\/likeink.com\/es\/tatuaje-falso\/glow-in-the-dark-celestial-nail-stickers\/","name":"Nail stickers Celestial que brilla en la oscuridad | Like Ink","isPartOf":{"@id":"https:\/\/likeink.com\/es\/#website"},"primaryImageOfPage":{"@id":"https:\/\/likeink.com\/es\/tatuaje-falso\/glow-in-the-dark-celestial-nail-stickers\/#primaryimage"},"image":{"@id":"https:\/\/likeink.com\/es\/tatuaje-falso\/glow-in-the-dark-celestial-nail-stickers\/#primaryimage"},"thumbnailUrl":"https:\/\/likeink.com\/wp-content\/uploads\/2026\/02\/nailstickers-glowinthedark-sun.png","datePublished":"2026-02-06T15:02:06+00:00","dateModified":"2026-02-25T09:27:02+00:00","description":"Nail stickers, de Like Ink, que brillan en la oscuridad con motivos de soles, lunas y estrellas. Divertidas, f\u00e1ciles de aplicar y perfectas para Nail art nocturnas. - Like ink","breadcrumb":{"@id":"https:\/\/likeink.com\/es\/tatuaje-falso\/glow-in-the-dark-celestial-nail-stickers\/#breadcrumb"},"inLanguage":"es","potentialAction":[{"@type":"ReadAction","target":["https:\/\/likeink.com\/es\/tatuaje-falso\/glow-in-the-dark-celestial-nail-stickers\/"]}]},{"@type":"ImageObject","inLanguage":"es","@id":"https:\/\/likeink.com\/es\/tatuaje-falso\/glow-in-the-dark-celestial-nail-stickers\/#primaryimage","url":"https:\/\/likeink.com\/wp-content\/uploads\/2026\/02\/nailstickers-glowinthedark-sun.png","contentUrl":"https:\/\/likeink.com\/wp-content\/uploads\/2026\/02\/nailstickers-glowinthedark-sun.png","width":1024,"height":1024,"caption":"Primer plano de cuatro u\u00f1as que brillan bajo la luz negra, cada una con un dise\u00f1o verde ne\u00f3n: una estrella, un sol sonriente, una luna creciente y otra estrella. El fondo es colorido y borroso, sugiriendo un ambiente de fiesta."},{"@type":"BreadcrumbList","@id":"https:\/\/likeink.com\/es\/tatuaje-falso\/glow-in-the-dark-celestial-nail-stickers\/#breadcrumb","itemListElement":[{"@type":"ListItem","position":1,"name":"Hem","item":"https:\/\/likeink.com\/es\/"},{"@type":"ListItem","position":2,"name":"Shop","item":"https:\/\/likeink.com\/es\/shop\/"},{"@type":"ListItem","position":3,"name":"Nail stickers Celestial que brilla en la oscuridad"}]},{"@type":"WebSite","@id":"https:\/\/likeink.com\/es\/#website","url":"https:\/\/likeink.com\/es\/","name":"Like ink","description":"HAZ TUS PROPIOS TATUAJES TEMPORALES","potentialAction":[{"@type":"SearchAction","target":{"@type":"EntryPoint","urlTemplate":"https:\/\/likeink.com\/es\/?s={search_term_string}"},"query-input":{"@type":"PropertyValueSpecification","valueRequired":true,"valueName":"search_term_string"}}],"inLanguage":"es"}]}},"_links":{"self":[{"href":"https:\/\/likeink.com\/es\/wp-json\/wp\/v2\/product\/58166","targetHints":{"allow":["GET"]}}],"collection":[{"href":"https:\/\/likeink.com\/es\/wp-json\/wp\/v2\/product"}],"about":[{"href":"https:\/\/likeink.com\/es\/wp-json\/wp\/v2\/types\/product"}],"wp:featuredmedia":[{"embeddable":true,"href":"https:\/\/likeink.com\/es\/wp-json\/wp\/v2\/media\/59415"}],"wp:attachment":[{"href":"https:\/\/likeink.com\/es\/wp-json\/wp\/v2\/media?parent=58166"}],"wp:term":[{"taxonomy":"product_brand","embeddable":true,"href":"https:\/\/likeink.com\/es\/wp-json\/wp\/v2\/product_brand?post=58166"},{"taxonomy":"product_cat","embeddable":true,"href":"https:\/\/likeink.com\/es\/wp-json\/wp\/v2\/product_cat?post=58166"},{"taxonomy":"product_tag","embeddable":true,"href":"https:\/\/likeink.com\/es\/wp-json\/wp\/v2\/product_tag?post=58166"}],"curies":[{"name":"wp","href":"https:\/\/api.w.org\/{rel}","templated":true}]}}