{"id":58169,"date":"2026-01-27T10:12:57","date_gmt":"2026-02-06T15:02:09","guid":{"rendered":"https:\/\/likeink.com\/gnuggisar\/playful-symbol-nail-stickers\/"},"modified":"2026-02-25T09:27:06","modified_gmt":"2026-02-25T09:27:06","slug":"playful-symbol-nail-stickers","status":"publish","type":"product","link":"https:\/\/likeink.com\/es\/tatuaje-falso\/playful-symbol-nail-stickers\/","title":{"rendered":"S\u00edmbolo l\u00fadico Nail stickers"},"content":{"rendered":"","protected":false},"excerpt":{"rendered":"<p>Like Ink<br \/>\nNail tattoos<br \/>\n\u2013 S\u00edmbolo divertido Nail stickers<\/p>\n<h2>\u00a1Pide Nail stickers con s\u00edmbolos divertidos y dise\u00f1os de texto llamativos!<\/h2>\n<p>Expresa tu estado de \u00e1nimo y actitud con Like Ink<br \/>\nS\u00edmbolo divertido Nail stickers<br \/>\n. Esta vibrante hoja presenta una divertida mezcla de dise\u00f1os en rosa, negro y azul claro, incluyendo hashtags (#), corazones, una calavera, detalles de cadenas, caras sonrientes y los textos empoderadores \u00ab\u00e1mate a ti mismo\u00bb y \u00ablibre\u00bb.<\/p>\n<p>Con tama\u00f1os de motivos que van desde aproximadamente 5 mm hasta 20 mm, estas u\u00f1as decorativas Nail stickers<br \/>\nson perfectas para todo, desde acentos sutiles hasta u\u00f1as llamativas. La combinaci\u00f3n de s\u00edmbolos y tipograf\u00eda crea un look moderno y divertido con un toque cool.<\/p>\n<p>Ideales para u\u00f1as decorativas creativas Nail art<br \/>\n, para el uso diario o para looks llamativos que no se toman demasiado en serio. F\u00e1ciles de aplicar y c\u00f3modas de llevar, estas u\u00f1as decorativas Nail stickers<br \/>\npermanecen en su sitio durante varios d\u00edas sin manchar ni despegarse.<\/p>\n<p>Sin ensuciar, sin tiempo de secado y sin necesidad de ir al sal\u00f3n de belleza: solo Nail art<br \/>\nexpresivos con personalidad.<\/p>\n<p><strong>C\u00f3mo aplicar Nail stickers <\/strong><br \/>\nLimpia y seca la u\u00f1a.<\/p>\n<p>Elige una pegatina de la hoja y lev\u00e1ntala suavemente con unas pinzas.<\/p>\n<p>Coloca el dise\u00f1o sobre la u\u00f1a y presiona suavemente.<\/p>\n<p>Aplica una capa superior para mayor durabilidad.<\/p>\n<p>\u00a1Listo!<\/p>\n<p><strong>Informaci\u00f3n del producto<\/strong><\/p>\n<p><strong>Tama\u00f1o de la hoja:<\/strong><br \/>\n7 \u00d7 10 cm<strong>.<br \/>\nColores:<\/strong><br \/>\nrosa, negro y azul claro<strong>.<br \/>\nMotivos:<\/strong><br \/>\nhashtags, corazones, calaveras, cadenas, emoticonos, texto<strong>.<br \/>\nTama\u00f1o de los motivos:<\/strong><br \/>\naprox. 5-20 mm<strong>.<\/p>\n<p>PD:<\/strong><br \/>\nCompra 6 hojas y paga solo 5 con el c\u00f3digo de descuento<strong> INKNAILS <\/strong><br \/>\n \ud83d\udc85\u2728.<\/p>\n","protected":false},"featured_media":59155,"template":"","meta":[],"product_brand":[],"product_cat":[471],"product_tag":[],"class_list":{"0":"post-58169","1":"product","2":"type-product","3":"status-publish","4":"has-post-thumbnail","6":"product_cat-nail-stickers-es","8":"first","9":"instock","10":"taxable","11":"shipping-taxable","12":"purchasable","13":"product-type-simple"},"yoast_head":"<!-- This site is optimized with the Yoast SEO Premium plugin v26.2 (Yoast SEO v27.5) - https:\/\/yoast.com\/product\/yoast-seo-premium-wordpress\/ -->\n<title>S\u00edmbolo l\u00fadico Nail stickers Rosa Negro Azul claro | Like Ink<\/title>\n<meta name=\"description\" content=\"Nail stickers, de Like Ink, con hashtags, corazones, calaveras, cadenas y dise\u00f1os de texto. F\u00e1ciles de aplicar y expresivos. - Like ink\" \/>\n<meta name=\"robots\" content=\"index, follow, max-snippet:-1, max-image-preview:large, max-video-preview:-1\" \/>\n<link rel=\"canonical\" href=\"https:\/\/likeink.com\/es\/tatuaje-falso\/playful-symbol-nail-stickers\/\" \/>\n<meta property=\"og:locale\" content=\"es_ES\" \/>\n<meta property=\"og:type\" content=\"article\" \/>\n<meta property=\"og:title\" content=\"S\u00edmbolo l\u00fadico Nail stickers\" \/>\n<meta property=\"og:description\" content=\"Like Ink Nail tattoos \u2013 S\u00edmbolo divertido Nail stickers \u00a1Pide Nail stickers con s\u00edmbolos divertidos y dise\u00f1os de texto llamativos! Expresa tu estado de \u00e1nimo y actitud con Like Ink S\u00edmbolo divertido Nail stickers . Esta vibrante hoja presenta una divertida mezcla de dise\u00f1os en rosa, negro y azul claro, incluyendo hashtags (#), corazones, una calavera, detalles de cadenas, caras sonrientes y los textos empoderadores \u00ab\u00e1mate a ti mismo\u00bb y \u00ablibre\u00bb. Con tama\u00f1os de motivos que van desde aproximadamente 5 mm hasta 20 mm, estas u\u00f1as decorativas Nail stickers son perfectas para todo, desde acentos sutiles hasta u\u00f1as llamativas. La combinaci\u00f3n de s\u00edmbolos y tipograf\u00eda crea un look moderno y divertido con un toque cool. Ideales para u\u00f1as decorativas creativas Nail art , para el uso diario o para looks llamativos que no se toman demasiado en serio. F\u00e1ciles de aplicar y c\u00f3modas de llevar, estas u\u00f1as decorativas Nail stickers permanecen en su sitio durante varios d\u00edas sin manchar ni despegarse. Sin ensuciar, sin tiempo de secado y sin necesidad de ir al sal\u00f3n de belleza: solo Nail art expresivos con personalidad. C\u00f3mo aplicar Nail stickers Limpia y seca la u\u00f1a. Elige una pegatina de la hoja y lev\u00e1ntala suavemente con unas pinzas. Coloca el dise\u00f1o sobre la u\u00f1a y presiona suavemente. Aplica una capa superior para mayor durabilidad. \u00a1Listo! Informaci\u00f3n del producto  Tama\u00f1o de la hoja: 7 \u00d7 10 cm. Colores: rosa, negro y azul claro. Motivos: hashtags, corazones, calaveras, cadenas, emoticonos, texto. Tama\u00f1o de los motivos: aprox. 5-20 mm. PD: Compra 6 hojas y paga solo 5 con el c\u00f3digo de descuento INKNAILS  \ud83d\udc85\u2728.\" \/>\n<meta property=\"og:url\" content=\"https:\/\/likeink.com\/es\/tatuaje-falso\/playful-symbol-nail-stickers\/\" \/>\n<meta property=\"og:site_name\" content=\"Like ink\" \/>\n<meta property=\"article:publisher\" content=\"https:\/\/www.facebook.com\/LikeInkSe\" \/>\n<meta property=\"article:modified_time\" content=\"2026-02-25T09:27:06+00:00\" \/>\n<meta property=\"og:image\" content=\"https:\/\/likeink.com\/wp-content\/uploads\/2026\/02\/nail-srt-stickers-pastel-design-likeink.png\" \/>\n\t<meta property=\"og:image:width\" content=\"1024\" \/>\n\t<meta property=\"og:image:height\" content=\"1024\" \/>\n\t<meta property=\"og:image:type\" content=\"image\/png\" \/>\n<meta name=\"twitter:card\" content=\"summary_large_image\" \/>\n<!-- \/ Yoast SEO Premium plugin. -->","yoast_head_json":{"title":"S\u00edmbolo l\u00fadico Nail stickers Rosa Negro Azul claro | Like Ink","description":"Nail stickers, de Like Ink, con hashtags, corazones, calaveras, cadenas y dise\u00f1os de texto. F\u00e1ciles de aplicar y expresivos. - Like ink","robots":{"index":"index","follow":"follow","max-snippet":"max-snippet:-1","max-image-preview":"max-image-preview:large","max-video-preview":"max-video-preview:-1"},"canonical":"https:\/\/likeink.com\/es\/tatuaje-falso\/playful-symbol-nail-stickers\/","og_locale":"es_ES","og_type":"article","og_title":"S\u00edmbolo l\u00fadico Nail stickers","og_description":"Like Ink Nail tattoos \u2013 S\u00edmbolo divertido Nail stickers \u00a1Pide Nail stickers con s\u00edmbolos divertidos y dise\u00f1os de texto llamativos! Expresa tu estado de \u00e1nimo y actitud con Like Ink S\u00edmbolo divertido Nail stickers . Esta vibrante hoja presenta una divertida mezcla de dise\u00f1os en rosa, negro y azul claro, incluyendo hashtags (#), corazones, una calavera, detalles de cadenas, caras sonrientes y los textos empoderadores \u00ab\u00e1mate a ti mismo\u00bb y \u00ablibre\u00bb. Con tama\u00f1os de motivos que van desde aproximadamente 5 mm hasta 20 mm, estas u\u00f1as decorativas Nail stickers son perfectas para todo, desde acentos sutiles hasta u\u00f1as llamativas. La combinaci\u00f3n de s\u00edmbolos y tipograf\u00eda crea un look moderno y divertido con un toque cool. Ideales para u\u00f1as decorativas creativas Nail art , para el uso diario o para looks llamativos que no se toman demasiado en serio. F\u00e1ciles de aplicar y c\u00f3modas de llevar, estas u\u00f1as decorativas Nail stickers permanecen en su sitio durante varios d\u00edas sin manchar ni despegarse. Sin ensuciar, sin tiempo de secado y sin necesidad de ir al sal\u00f3n de belleza: solo Nail art expresivos con personalidad. C\u00f3mo aplicar Nail stickers Limpia y seca la u\u00f1a. Elige una pegatina de la hoja y lev\u00e1ntala suavemente con unas pinzas. Coloca el dise\u00f1o sobre la u\u00f1a y presiona suavemente. Aplica una capa superior para mayor durabilidad. \u00a1Listo! Informaci\u00f3n del producto  Tama\u00f1o de la hoja: 7 \u00d7 10 cm. Colores: rosa, negro y azul claro. Motivos: hashtags, corazones, calaveras, cadenas, emoticonos, texto. Tama\u00f1o de los motivos: aprox. 5-20 mm. PD: Compra 6 hojas y paga solo 5 con el c\u00f3digo de descuento INKNAILS  \ud83d\udc85\u2728.","og_url":"https:\/\/likeink.com\/es\/tatuaje-falso\/playful-symbol-nail-stickers\/","og_site_name":"Like ink","article_publisher":"https:\/\/www.facebook.com\/LikeInkSe","article_modified_time":"2026-02-25T09:27:06+00:00","og_image":[{"width":1024,"height":1024,"url":"https:\/\/likeink.com\/wp-content\/uploads\/2026\/02\/nail-srt-stickers-pastel-design-likeink.png","type":"image\/png"}],"twitter_card":"summary_large_image","schema":{"@context":"https:\/\/schema.org","@graph":[{"@type":"WebPage","@id":"https:\/\/likeink.com\/es\/tatuaje-falso\/playful-symbol-nail-stickers\/","url":"https:\/\/likeink.com\/es\/tatuaje-falso\/playful-symbol-nail-stickers\/","name":"S\u00edmbolo l\u00fadico Nail stickers Rosa Negro Azul claro | Like Ink","isPartOf":{"@id":"https:\/\/likeink.com\/es\/#website"},"primaryImageOfPage":{"@id":"https:\/\/likeink.com\/es\/tatuaje-falso\/playful-symbol-nail-stickers\/#primaryimage"},"image":{"@id":"https:\/\/likeink.com\/es\/tatuaje-falso\/playful-symbol-nail-stickers\/#primaryimage"},"thumbnailUrl":"https:\/\/likeink.com\/wp-content\/uploads\/2026\/02\/nail-srt-stickers-pastel-design-likeink.png","datePublished":"2026-02-06T15:02:09+00:00","dateModified":"2026-02-25T09:27:06+00:00","description":"Nail stickers, de Like Ink, con hashtags, corazones, calaveras, cadenas y dise\u00f1os de texto. F\u00e1ciles de aplicar y expresivos. - Like ink","breadcrumb":{"@id":"https:\/\/likeink.com\/es\/tatuaje-falso\/playful-symbol-nail-stickers\/#breadcrumb"},"inLanguage":"es","potentialAction":[{"@type":"ReadAction","target":["https:\/\/likeink.com\/es\/tatuaje-falso\/playful-symbol-nail-stickers\/"]}]},{"@type":"ImageObject","inLanguage":"es","@id":"https:\/\/likeink.com\/es\/tatuaje-falso\/playful-symbol-nail-stickers\/#primaryimage","url":"https:\/\/likeink.com\/wp-content\/uploads\/2026\/02\/nail-srt-stickers-pastel-design-likeink.png","contentUrl":"https:\/\/likeink.com\/wp-content\/uploads\/2026\/02\/nail-srt-stickers-pastel-design-likeink.png","width":1024,"height":1024,"caption":"Una mano con esmalte rosa claro, cada u\u00f1a con un dise\u00f1o diferente: un coraz\u00f3n azul roto, un coraz\u00f3n rosa con una cruz, dos l\u00edneas negras con una barra rosa y un rayo negro."},{"@type":"BreadcrumbList","@id":"https:\/\/likeink.com\/es\/tatuaje-falso\/playful-symbol-nail-stickers\/#breadcrumb","itemListElement":[{"@type":"ListItem","position":1,"name":"Hem","item":"https:\/\/likeink.com\/es\/"},{"@type":"ListItem","position":2,"name":"Shop","item":"https:\/\/likeink.com\/es\/shop\/"},{"@type":"ListItem","position":3,"name":"S\u00edmbolo l\u00fadico Nail stickers"}]},{"@type":"WebSite","@id":"https:\/\/likeink.com\/es\/#website","url":"https:\/\/likeink.com\/es\/","name":"Like ink","description":"HAZ TUS PROPIOS TATUAJES TEMPORALES","potentialAction":[{"@type":"SearchAction","target":{"@type":"EntryPoint","urlTemplate":"https:\/\/likeink.com\/es\/?s={search_term_string}"},"query-input":{"@type":"PropertyValueSpecification","valueRequired":true,"valueName":"search_term_string"}}],"inLanguage":"es"}]}},"_links":{"self":[{"href":"https:\/\/likeink.com\/es\/wp-json\/wp\/v2\/product\/58169","targetHints":{"allow":["GET"]}}],"collection":[{"href":"https:\/\/likeink.com\/es\/wp-json\/wp\/v2\/product"}],"about":[{"href":"https:\/\/likeink.com\/es\/wp-json\/wp\/v2\/types\/product"}],"wp:featuredmedia":[{"embeddable":true,"href":"https:\/\/likeink.com\/es\/wp-json\/wp\/v2\/media\/59155"}],"wp:attachment":[{"href":"https:\/\/likeink.com\/es\/wp-json\/wp\/v2\/media?parent=58169"}],"wp:term":[{"taxonomy":"product_brand","embeddable":true,"href":"https:\/\/likeink.com\/es\/wp-json\/wp\/v2\/product_brand?post=58169"},{"taxonomy":"product_cat","embeddable":true,"href":"https:\/\/likeink.com\/es\/wp-json\/wp\/v2\/product_cat?post=58169"},{"taxonomy":"product_tag","embeddable":true,"href":"https:\/\/likeink.com\/es\/wp-json\/wp\/v2\/product_tag?post=58169"}],"curies":[{"name":"wp","href":"https:\/\/api.w.org\/{rel}","templated":true}]}}