{"id":58175,"date":"2026-01-27T09:16:05","date_gmt":"2026-02-06T15:02:14","guid":{"rendered":"https:\/\/likeink.com\/gnuggisar\/patterned-star-nail-stickers\/"},"modified":"2026-02-25T09:27:12","modified_gmt":"2026-02-25T09:27:12","slug":"patterned-star-nail-stickers","status":"publish","type":"product","link":"https:\/\/likeink.com\/es\/tatuaje-falso\/patterned-star-nail-stickers\/","title":{"rendered":"Nail stickers con estampado de estrellas"},"content":{"rendered":"","protected":false},"excerpt":{"rendered":"<p>Like Ink<br \/>\nNail tattoos<br \/>\n\u2013 Estrellas estampadas Nail stickers<\/p>\n<h2>\u00a1Pide Nail stickers con atrevidos dise\u00f1os de estrellas estampadas!<\/h2>\n<p>Crea una manicura llamativa y vers\u00e1til con las estrellas estampadas Like Ink<br \/>\nPatterned Star Nail stickers<br \/>\n. Esta l\u00e1mina presenta estrellas con dise\u00f1os gr\u00e1ficos en diferentes tama\u00f1os, pensadas para adaptarse a muchos estilos y expresiones diferentes.<\/p>\n<p>Con tama\u00f1os que van de los 4 a los 12 mm aproximadamente, estas estrellas estampadas Nail stickers<br \/>\nson perfectas tanto para dar un toque sutil como para decorar toda la u\u00f1a. Los dise\u00f1os de estrellas a\u00f1aden car\u00e1cter y personalidad, lo que las hace ideales para looks de inspiraci\u00f3n rockera, para el d\u00eda a d\u00eda y para Nail art<br \/>\ncreativas.<\/p>\n<p>Dise\u00f1adas para todo el mundo (rockeros, creativos, hombres, mujeres y cualquier otra persona), estas Nail stickers<br \/>\ntienen que ver con la expresi\u00f3n personal sin etiquetas. F\u00e1ciles de aplicar y c\u00f3modas de llevar, se mantienen en su sitio durante varios d\u00edas sin manchar ni despegarse.<\/p>\n<p>Sin ensuciar, sin tiempo de secado y sin necesidad de ir al sal\u00f3n de belleza: solo Nail art<br \/>\nlimpios y expresivos en cuesti\u00f3n de minutos.<\/p>\n<p><strong>C\u00f3mo aplicar Nail stickers <\/strong><br \/>\nLimpia y seca la u\u00f1a.<\/p>\n<p>Elige una pegatina de la hoja y lev\u00e1ntala suavemente con unas pinzas.<\/p>\n<p>Coloca el dise\u00f1o sobre la u\u00f1a y presiona suavemente.<\/p>\n<p>Aplica una capa superior para mayor durabilidad.<\/p>\n<p>\u00a1Listo!<\/p>\n<p><strong>Informaci\u00f3n del producto<\/strong><\/p>\n<p><strong>Tama\u00f1o de la hoja:<\/strong><br \/>\n7 \u00d7 10 cm.<br \/>\n<strong>Tama\u00f1o del motivo:<\/strong><br \/>\naprox. 4-12 mm.<br \/>\n<strong>Motivos:<\/strong><br \/>\nestrellas estampadas<strong>.<br \/>\nEstilo:<\/strong><br \/>\ninspirado en el rock, unisex.<\/p>\n<p><strong>PD:<\/strong><br \/>\nCompra 6 hojas y paga solo 5 con el c\u00f3digo de<strong> INKNAILS <\/strong><br \/>\ndescuento \u2b50\ud83d\udda4.<\/p>\n","protected":false},"featured_media":59542,"template":"","meta":[],"product_brand":[],"product_cat":[471],"product_tag":[],"class_list":{"0":"post-58175","1":"product","2":"type-product","3":"status-publish","4":"has-post-thumbnail","6":"product_cat-nail-stickers-es","8":"first","9":"instock","10":"taxable","11":"shipping-taxable","12":"purchasable","13":"product-type-simple"},"yoast_head":"<!-- This site is optimized with the Yoast SEO Premium plugin v26.2 (Yoast SEO v27.5) - https:\/\/yoast.com\/product\/yoast-seo-premium-wordpress\/ -->\n<title>Estrella estampada Nail stickers | Like Ink<\/title>\n<meta name=\"description\" content=\"Nail stickers con estampado de estrellas de Like Ink en diferentes tama\u00f1os. Dise\u00f1os vers\u00e1tiles adecuados para rockeros y cualquier persona a la que le gusten las Nail art atrevidas. - Like ink\" \/>\n<meta name=\"robots\" content=\"index, follow, max-snippet:-1, max-image-preview:large, max-video-preview:-1\" \/>\n<link rel=\"canonical\" href=\"https:\/\/likeink.com\/es\/tatuaje-falso\/patterned-star-nail-stickers\/\" \/>\n<meta property=\"og:locale\" content=\"es_ES\" \/>\n<meta property=\"og:type\" content=\"article\" \/>\n<meta property=\"og:title\" content=\"Nail stickers con estampado de estrellas\" \/>\n<meta property=\"og:description\" content=\"Like Ink Nail tattoos \u2013 Estrellas estampadas Nail stickers \u00a1Pide Nail stickers con atrevidos dise\u00f1os de estrellas estampadas! Crea una manicura llamativa y vers\u00e1til con las estrellas estampadas Like Ink Patterned Star Nail stickers . Esta l\u00e1mina presenta estrellas con dise\u00f1os gr\u00e1ficos en diferentes tama\u00f1os, pensadas para adaptarse a muchos estilos y expresiones diferentes. Con tama\u00f1os que van de los 4 a los 12 mm aproximadamente, estas estrellas estampadas Nail stickers son perfectas tanto para dar un toque sutil como para decorar toda la u\u00f1a. Los dise\u00f1os de estrellas a\u00f1aden car\u00e1cter y personalidad, lo que las hace ideales para looks de inspiraci\u00f3n rockera, para el d\u00eda a d\u00eda y para Nail art creativas. Dise\u00f1adas para todo el mundo (rockeros, creativos, hombres, mujeres y cualquier otra persona), estas Nail stickers tienen que ver con la expresi\u00f3n personal sin etiquetas. F\u00e1ciles de aplicar y c\u00f3modas de llevar, se mantienen en su sitio durante varios d\u00edas sin manchar ni despegarse. Sin ensuciar, sin tiempo de secado y sin necesidad de ir al sal\u00f3n de belleza: solo Nail art limpios y expresivos en cuesti\u00f3n de minutos. C\u00f3mo aplicar Nail stickers Limpia y seca la u\u00f1a. Elige una pegatina de la hoja y lev\u00e1ntala suavemente con unas pinzas. Coloca el dise\u00f1o sobre la u\u00f1a y presiona suavemente. Aplica una capa superior para mayor durabilidad. \u00a1Listo! Informaci\u00f3n del producto  Tama\u00f1o de la hoja: 7 \u00d7 10 cm. Tama\u00f1o del motivo: aprox. 4-12 mm. Motivos: estrellas estampadas. Estilo: inspirado en el rock, unisex. PD: Compra 6 hojas y paga solo 5 con el c\u00f3digo de INKNAILS descuento \u2b50\ud83d\udda4.\" \/>\n<meta property=\"og:url\" content=\"https:\/\/likeink.com\/es\/tatuaje-falso\/patterned-star-nail-stickers\/\" \/>\n<meta property=\"og:site_name\" content=\"Like ink\" \/>\n<meta property=\"article:publisher\" content=\"https:\/\/www.facebook.com\/LikeInkSe\" \/>\n<meta property=\"article:modified_time\" content=\"2026-02-25T09:27:12+00:00\" \/>\n<meta property=\"og:image\" content=\"https:\/\/likeink.com\/wp-content\/uploads\/2026\/02\/nail-sticker-pattern-leopard-stars.png\" \/>\n\t<meta property=\"og:image:width\" content=\"1024\" \/>\n\t<meta property=\"og:image:height\" content=\"1536\" \/>\n\t<meta property=\"og:image:type\" content=\"image\/png\" \/>\n<meta name=\"twitter:card\" content=\"summary_large_image\" \/>\n<!-- \/ Yoast SEO Premium plugin. -->","yoast_head_json":{"title":"Estrella estampada Nail stickers | Like Ink","description":"Nail stickers con estampado de estrellas de Like Ink en diferentes tama\u00f1os. Dise\u00f1os vers\u00e1tiles adecuados para rockeros y cualquier persona a la que le gusten las Nail art atrevidas. - Like ink","robots":{"index":"index","follow":"follow","max-snippet":"max-snippet:-1","max-image-preview":"max-image-preview:large","max-video-preview":"max-video-preview:-1"},"canonical":"https:\/\/likeink.com\/es\/tatuaje-falso\/patterned-star-nail-stickers\/","og_locale":"es_ES","og_type":"article","og_title":"Nail stickers con estampado de estrellas","og_description":"Like Ink Nail tattoos \u2013 Estrellas estampadas Nail stickers \u00a1Pide Nail stickers con atrevidos dise\u00f1os de estrellas estampadas! Crea una manicura llamativa y vers\u00e1til con las estrellas estampadas Like Ink Patterned Star Nail stickers . Esta l\u00e1mina presenta estrellas con dise\u00f1os gr\u00e1ficos en diferentes tama\u00f1os, pensadas para adaptarse a muchos estilos y expresiones diferentes. Con tama\u00f1os que van de los 4 a los 12 mm aproximadamente, estas estrellas estampadas Nail stickers son perfectas tanto para dar un toque sutil como para decorar toda la u\u00f1a. Los dise\u00f1os de estrellas a\u00f1aden car\u00e1cter y personalidad, lo que las hace ideales para looks de inspiraci\u00f3n rockera, para el d\u00eda a d\u00eda y para Nail art creativas. Dise\u00f1adas para todo el mundo (rockeros, creativos, hombres, mujeres y cualquier otra persona), estas Nail stickers tienen que ver con la expresi\u00f3n personal sin etiquetas. F\u00e1ciles de aplicar y c\u00f3modas de llevar, se mantienen en su sitio durante varios d\u00edas sin manchar ni despegarse. Sin ensuciar, sin tiempo de secado y sin necesidad de ir al sal\u00f3n de belleza: solo Nail art limpios y expresivos en cuesti\u00f3n de minutos. C\u00f3mo aplicar Nail stickers Limpia y seca la u\u00f1a. Elige una pegatina de la hoja y lev\u00e1ntala suavemente con unas pinzas. Coloca el dise\u00f1o sobre la u\u00f1a y presiona suavemente. Aplica una capa superior para mayor durabilidad. \u00a1Listo! Informaci\u00f3n del producto  Tama\u00f1o de la hoja: 7 \u00d7 10 cm. Tama\u00f1o del motivo: aprox. 4-12 mm. Motivos: estrellas estampadas. Estilo: inspirado en el rock, unisex. PD: Compra 6 hojas y paga solo 5 con el c\u00f3digo de INKNAILS descuento \u2b50\ud83d\udda4.","og_url":"https:\/\/likeink.com\/es\/tatuaje-falso\/patterned-star-nail-stickers\/","og_site_name":"Like ink","article_publisher":"https:\/\/www.facebook.com\/LikeInkSe","article_modified_time":"2026-02-25T09:27:12+00:00","og_image":[{"width":1024,"height":1536,"url":"https:\/\/likeink.com\/wp-content\/uploads\/2026\/02\/nail-sticker-pattern-leopard-stars.png","type":"image\/png"}],"twitter_card":"summary_large_image","schema":{"@context":"https:\/\/schema.org","@graph":[{"@type":"WebPage","@id":"https:\/\/likeink.com\/es\/tatuaje-falso\/patterned-star-nail-stickers\/","url":"https:\/\/likeink.com\/es\/tatuaje-falso\/patterned-star-nail-stickers\/","name":"Estrella estampada Nail stickers | Like Ink","isPartOf":{"@id":"https:\/\/likeink.com\/es\/#website"},"primaryImageOfPage":{"@id":"https:\/\/likeink.com\/es\/tatuaje-falso\/patterned-star-nail-stickers\/#primaryimage"},"image":{"@id":"https:\/\/likeink.com\/es\/tatuaje-falso\/patterned-star-nail-stickers\/#primaryimage"},"thumbnailUrl":"https:\/\/likeink.com\/wp-content\/uploads\/2026\/02\/nail-sticker-pattern-leopard-stars.png","datePublished":"2026-02-06T15:02:14+00:00","dateModified":"2026-02-25T09:27:12+00:00","description":"Nail stickers con estampado de estrellas de Like Ink en diferentes tama\u00f1os. Dise\u00f1os vers\u00e1tiles adecuados para rockeros y cualquier persona a la que le gusten las Nail art atrevidas. - Like ink","breadcrumb":{"@id":"https:\/\/likeink.com\/es\/tatuaje-falso\/patterned-star-nail-stickers\/#breadcrumb"},"inLanguage":"es","potentialAction":[{"@type":"ReadAction","target":["https:\/\/likeink.com\/es\/tatuaje-falso\/patterned-star-nail-stickers\/"]}]},{"@type":"ImageObject","inLanguage":"es","@id":"https:\/\/likeink.com\/es\/tatuaje-falso\/patterned-star-nail-stickers\/#primaryimage","url":"https:\/\/likeink.com\/wp-content\/uploads\/2026\/02\/nail-sticker-pattern-leopard-stars.png","contentUrl":"https:\/\/likeink.com\/wp-content\/uploads\/2026\/02\/nail-sticker-pattern-leopard-stars.png","width":1024,"height":1536,"caption":"Una mano con u\u00f1as almendradas de longitud media pintadas con esmalte gris brillante, cada una decorada con pegatinas doradas met\u00e1licas en forma de estrella sobre fondo blanco."},{"@type":"BreadcrumbList","@id":"https:\/\/likeink.com\/es\/tatuaje-falso\/patterned-star-nail-stickers\/#breadcrumb","itemListElement":[{"@type":"ListItem","position":1,"name":"Hem","item":"https:\/\/likeink.com\/es\/"},{"@type":"ListItem","position":2,"name":"Shop","item":"https:\/\/likeink.com\/es\/shop\/"},{"@type":"ListItem","position":3,"name":"Nail stickers con estampado de estrellas"}]},{"@type":"WebSite","@id":"https:\/\/likeink.com\/es\/#website","url":"https:\/\/likeink.com\/es\/","name":"Like ink","description":"HAZ TUS PROPIOS TATUAJES TEMPORALES","potentialAction":[{"@type":"SearchAction","target":{"@type":"EntryPoint","urlTemplate":"https:\/\/likeink.com\/es\/?s={search_term_string}"},"query-input":{"@type":"PropertyValueSpecification","valueRequired":true,"valueName":"search_term_string"}}],"inLanguage":"es"}]}},"_links":{"self":[{"href":"https:\/\/likeink.com\/es\/wp-json\/wp\/v2\/product\/58175","targetHints":{"allow":["GET"]}}],"collection":[{"href":"https:\/\/likeink.com\/es\/wp-json\/wp\/v2\/product"}],"about":[{"href":"https:\/\/likeink.com\/es\/wp-json\/wp\/v2\/types\/product"}],"wp:featuredmedia":[{"embeddable":true,"href":"https:\/\/likeink.com\/es\/wp-json\/wp\/v2\/media\/59542"}],"wp:attachment":[{"href":"https:\/\/likeink.com\/es\/wp-json\/wp\/v2\/media?parent=58175"}],"wp:term":[{"taxonomy":"product_brand","embeddable":true,"href":"https:\/\/likeink.com\/es\/wp-json\/wp\/v2\/product_brand?post=58175"},{"taxonomy":"product_cat","embeddable":true,"href":"https:\/\/likeink.com\/es\/wp-json\/wp\/v2\/product_cat?post=58175"},{"taxonomy":"product_tag","embeddable":true,"href":"https:\/\/likeink.com\/es\/wp-json\/wp\/v2\/product_tag?post=58175"}],"curies":[{"name":"wp","href":"https:\/\/api.w.org\/{rel}","templated":true}]}}