{"id":58178,"date":"2026-01-26T21:35:37","date_gmt":"2026-02-06T15:02:16","guid":{"rendered":"https:\/\/likeink.com\/gnuggisar\/gold-moon-star-nail-stickers\/"},"modified":"2026-02-25T09:27:15","modified_gmt":"2026-02-25T09:27:15","slug":"gold-moon-star-nail-stickers","status":"publish","type":"product","link":"https:\/\/likeink.com\/es\/tatuaje-falso\/gold-moon-star-nail-stickers\/","title":{"rendered":"Luna dorada y estrella Nail stickers"},"content":{"rendered":"","protected":false},"excerpt":{"rendered":"<p>Like Ink<br \/>\nNail tattoos<br \/>\n\u2013 Gold Moon &#038; Star Nail stickers<\/p>\n<h2>\u00a1Pide la l\u00e1mina decorativa para u\u00f1as \u00abNail stickers\u00bb con elegantes dise\u00f1os dorados de lunas y estrellas!<\/h2>\n<p>Crea una manicura limpia y refinada con las l\u00e1minas decorativas Gold Moon &#038; Star Nail stickers<br \/>\nde Like Ink<br \/>\n. Estas l\u00e1minas presentan dise\u00f1os dorados brillantes inspirados en elementos celestiales, como lunas, estrellas y patrones decorativos minimalistas.<\/p>\n<p>Con motivos que var\u00edan entre 3 mm y 10 mm aproximadamente, estas l\u00e1minas decorativas Nail stickers<br \/>\nson perfectas tanto para acentos sutiles como para dise\u00f1os equilibrados que cubren toda la u\u00f1a. El acabado dorado atemporal a\u00f1ade un toque de elegancia y queda precioso tanto en u\u00f1as naturales como en bases de color.<\/p>\n<p>Ideal para minimalistas, amantes de la Nail art<br \/>\nmoderna y cualquiera que busque un look sofisticado pero sin esfuerzo. F\u00e1ciles de aplicar y c\u00f3modas de llevar, estas Nail stickers<br \/>\nse mantienen en su sitio durante varios d\u00edas sin manchar ni despegarse.<\/p>\n<p>Sin ensuciar, sin tiempo de secado y sin necesidad de ir al sal\u00f3n de belleza: u\u00f1as pulidas Nail art<br \/>\nen cuesti\u00f3n de minutos.<\/p>\n<p><strong>C\u00f3mo aplicar Nail stickers <\/strong><br \/>\nLimpia y seca la u\u00f1a.<\/p>\n<p>Elige una pegatina de la hoja y lev\u00e1ntala suavemente con unas pinzas.<\/p>\n<p>Coloque el dise\u00f1o sobre la u\u00f1a y presione suavemente.<\/p>\n<p>Aplique una capa superior para mayor durabilidad y brillo.<\/p>\n<p>\u00a1Listo!<\/p>\n<p><strong>Informaci\u00f3n del producto<\/strong><\/p>\n<p><strong>Tama\u00f1o de la hoja:<\/strong><br \/>\n7 \u00d7 10 cm<strong>.<br \/>\nColor:<\/strong><br \/>\ndorado<strong>.<br \/>\nMotivos:<\/strong><br \/>\nluna, estrellas, patrones decorativos<strong>.<br \/>\nTama\u00f1o de los motivos:<\/strong><br \/>\naprox. 3-10 mm<strong>.<\/p>\n<p>PD:<\/strong><br \/>\nCompre 6 hojas y pague 5 con el c\u00f3digo de descuento<strong> INKNAILS <\/strong><br \/>\n \u2728\ud83d\udc85.<\/p>\n","protected":false},"featured_media":59335,"template":"","meta":[],"product_brand":[],"product_cat":[471],"product_tag":[],"class_list":{"0":"post-58178","1":"product","2":"type-product","3":"status-publish","4":"has-post-thumbnail","6":"product_cat-nail-stickers-es","8":"first","9":"instock","10":"taxable","11":"shipping-taxable","12":"purchasable","13":"product-type-simple"},"yoast_head":"<!-- This site is optimized with the Yoast SEO Premium plugin v26.2 (Yoast SEO v27.4) - https:\/\/yoast.com\/product\/yoast-seo-premium-wordpress\/ -->\n<title>Gold Moon &amp; Star Nail stickers | Like Ink<\/title>\n<meta name=\"description\" content=\"Nail stickers minimalistas doradas con dise\u00f1os de lunas, estrellas y estampados de Like Ink. Elegantes, f\u00e1ciles de aplicar y perfectas para un look refinado Nail art. - Like ink\" \/>\n<meta name=\"robots\" content=\"index, follow, max-snippet:-1, max-image-preview:large, max-video-preview:-1\" \/>\n<link rel=\"canonical\" href=\"https:\/\/likeink.com\/es\/tatuaje-falso\/gold-moon-star-nail-stickers\/\" \/>\n<meta property=\"og:locale\" content=\"es_ES\" \/>\n<meta property=\"og:type\" content=\"article\" \/>\n<meta property=\"og:title\" content=\"Luna dorada y estrella Nail stickers\" \/>\n<meta property=\"og:description\" content=\"Like Ink Nail tattoos \u2013 Gold Moon &amp; Star Nail stickers \u00a1Pide la l\u00e1mina decorativa para u\u00f1as \u00abNail stickers\u00bb con elegantes dise\u00f1os dorados de lunas y estrellas! Crea una manicura limpia y refinada con las l\u00e1minas decorativas Gold Moon &amp; Star Nail stickers de Like Ink . Estas l\u00e1minas presentan dise\u00f1os dorados brillantes inspirados en elementos celestiales, como lunas, estrellas y patrones decorativos minimalistas. Con motivos que var\u00edan entre 3 mm y 10 mm aproximadamente, estas l\u00e1minas decorativas Nail stickers son perfectas tanto para acentos sutiles como para dise\u00f1os equilibrados que cubren toda la u\u00f1a. El acabado dorado atemporal a\u00f1ade un toque de elegancia y queda precioso tanto en u\u00f1as naturales como en bases de color. Ideal para minimalistas, amantes de la Nail art moderna y cualquiera que busque un look sofisticado pero sin esfuerzo. F\u00e1ciles de aplicar y c\u00f3modas de llevar, estas Nail stickers se mantienen en su sitio durante varios d\u00edas sin manchar ni despegarse. Sin ensuciar, sin tiempo de secado y sin necesidad de ir al sal\u00f3n de belleza: u\u00f1as pulidas Nail art en cuesti\u00f3n de minutos. C\u00f3mo aplicar Nail stickers Limpia y seca la u\u00f1a. Elige una pegatina de la hoja y lev\u00e1ntala suavemente con unas pinzas. Coloque el dise\u00f1o sobre la u\u00f1a y presione suavemente. Aplique una capa superior para mayor durabilidad y brillo. \u00a1Listo! Informaci\u00f3n del producto  Tama\u00f1o de la hoja: 7 \u00d7 10 cm. Color: dorado. Motivos: luna, estrellas, patrones decorativos. Tama\u00f1o de los motivos: aprox. 3-10 mm. PD: Compre 6 hojas y pague 5 con el c\u00f3digo de descuento INKNAILS  \u2728\ud83d\udc85.\" \/>\n<meta property=\"og:url\" content=\"https:\/\/likeink.com\/es\/tatuaje-falso\/gold-moon-star-nail-stickers\/\" \/>\n<meta property=\"og:site_name\" content=\"Like ink\" \/>\n<meta property=\"article:publisher\" content=\"https:\/\/www.facebook.com\/LikeInkSe\" \/>\n<meta property=\"article:modified_time\" content=\"2026-02-25T09:27:15+00:00\" \/>\n<meta property=\"og:image\" content=\"https:\/\/likeink.com\/wp-content\/uploads\/2026\/02\/nail-stickers-gold-design-likeink.png\" \/>\n\t<meta property=\"og:image:width\" content=\"1024\" \/>\n\t<meta property=\"og:image:height\" content=\"1024\" \/>\n\t<meta property=\"og:image:type\" content=\"image\/png\" \/>\n<meta name=\"twitter:card\" content=\"summary_large_image\" \/>\n<script type=\"application\/ld+json\" class=\"yoast-schema-graph\">{\"@context\":\"https:\\\/\\\/schema.org\",\"@graph\":[{\"@type\":\"WebPage\",\"@id\":\"https:\\\/\\\/likeink.com\\\/es\\\/tatuaje-falso\\\/gold-moon-star-nail-stickers\\\/\",\"url\":\"https:\\\/\\\/likeink.com\\\/es\\\/tatuaje-falso\\\/gold-moon-star-nail-stickers\\\/\",\"name\":\"Gold Moon & Star Nail stickers | Like Ink\",\"isPartOf\":{\"@id\":\"https:\\\/\\\/likeink.com\\\/es\\\/#website\"},\"primaryImageOfPage\":{\"@id\":\"https:\\\/\\\/likeink.com\\\/es\\\/tatuaje-falso\\\/gold-moon-star-nail-stickers\\\/#primaryimage\"},\"image\":{\"@id\":\"https:\\\/\\\/likeink.com\\\/es\\\/tatuaje-falso\\\/gold-moon-star-nail-stickers\\\/#primaryimage\"},\"thumbnailUrl\":\"https:\\\/\\\/likeink.com\\\/wp-content\\\/uploads\\\/2026\\\/02\\\/nail-stickers-gold-design-likeink.png\",\"datePublished\":\"2026-02-06T15:02:16+00:00\",\"dateModified\":\"2026-02-25T09:27:15+00:00\",\"description\":\"Nail stickers minimalistas doradas con dise\u00f1os de lunas, estrellas y estampados de Like Ink. Elegantes, f\u00e1ciles de aplicar y perfectas para un look refinado Nail art. - Like ink\",\"breadcrumb\":{\"@id\":\"https:\\\/\\\/likeink.com\\\/es\\\/tatuaje-falso\\\/gold-moon-star-nail-stickers\\\/#breadcrumb\"},\"inLanguage\":\"es\",\"potentialAction\":[{\"@type\":\"ReadAction\",\"target\":[\"https:\\\/\\\/likeink.com\\\/es\\\/tatuaje-falso\\\/gold-moon-star-nail-stickers\\\/\"]}]},{\"@type\":\"ImageObject\",\"inLanguage\":\"es\",\"@id\":\"https:\\\/\\\/likeink.com\\\/es\\\/tatuaje-falso\\\/gold-moon-star-nail-stickers\\\/#primaryimage\",\"url\":\"https:\\\/\\\/likeink.com\\\/wp-content\\\/uploads\\\/2026\\\/02\\\/nail-stickers-gold-design-likeink.png\",\"contentUrl\":\"https:\\\/\\\/likeink.com\\\/wp-content\\\/uploads\\\/2026\\\/02\\\/nail-stickers-gold-design-likeink.png\",\"width\":1024,\"height\":1024,\"caption\":\"Una mano con esmalte de u\u00f1as de color nude presenta dise\u00f1os celestiales dorados, que incluyen lunas, estrellas y l\u00edneas de puntos. El fondo muestra un cielo nocturno con estrellas y luna llena.\"},{\"@type\":\"BreadcrumbList\",\"@id\":\"https:\\\/\\\/likeink.com\\\/es\\\/tatuaje-falso\\\/gold-moon-star-nail-stickers\\\/#breadcrumb\",\"itemListElement\":[{\"@type\":\"ListItem\",\"position\":1,\"name\":\"Hem\",\"item\":\"https:\\\/\\\/likeink.com\\\/es\\\/\"},{\"@type\":\"ListItem\",\"position\":2,\"name\":\"Shop\",\"item\":\"https:\\\/\\\/likeink.com\\\/es\\\/shop\\\/\"},{\"@type\":\"ListItem\",\"position\":3,\"name\":\"Luna dorada y estrella Nail stickers\"}]},{\"@type\":\"WebSite\",\"@id\":\"https:\\\/\\\/likeink.com\\\/es\\\/#website\",\"url\":\"https:\\\/\\\/likeink.com\\\/es\\\/\",\"name\":\"Like ink\",\"description\":\"HAZ TUS PROPIOS TATUAJES TEMPORALES\",\"potentialAction\":[{\"@type\":\"SearchAction\",\"target\":{\"@type\":\"EntryPoint\",\"urlTemplate\":\"https:\\\/\\\/likeink.com\\\/es\\\/?s={search_term_string}\"},\"query-input\":{\"@type\":\"PropertyValueSpecification\",\"valueRequired\":true,\"valueName\":\"search_term_string\"}}],\"inLanguage\":\"es\"}]}<\/script>\n<!-- \/ Yoast SEO Premium plugin. -->","yoast_head_json":{"title":"Gold Moon & Star Nail stickers | Like Ink","description":"Nail stickers minimalistas doradas con dise\u00f1os de lunas, estrellas y estampados de Like Ink. Elegantes, f\u00e1ciles de aplicar y perfectas para un look refinado Nail art. - Like ink","robots":{"index":"index","follow":"follow","max-snippet":"max-snippet:-1","max-image-preview":"max-image-preview:large","max-video-preview":"max-video-preview:-1"},"canonical":"https:\/\/likeink.com\/es\/tatuaje-falso\/gold-moon-star-nail-stickers\/","og_locale":"es_ES","og_type":"article","og_title":"Luna dorada y estrella Nail stickers","og_description":"Like Ink Nail tattoos \u2013 Gold Moon & Star Nail stickers \u00a1Pide la l\u00e1mina decorativa para u\u00f1as \u00abNail stickers\u00bb con elegantes dise\u00f1os dorados de lunas y estrellas! Crea una manicura limpia y refinada con las l\u00e1minas decorativas Gold Moon & Star Nail stickers de Like Ink . Estas l\u00e1minas presentan dise\u00f1os dorados brillantes inspirados en elementos celestiales, como lunas, estrellas y patrones decorativos minimalistas. Con motivos que var\u00edan entre 3 mm y 10 mm aproximadamente, estas l\u00e1minas decorativas Nail stickers son perfectas tanto para acentos sutiles como para dise\u00f1os equilibrados que cubren toda la u\u00f1a. El acabado dorado atemporal a\u00f1ade un toque de elegancia y queda precioso tanto en u\u00f1as naturales como en bases de color. Ideal para minimalistas, amantes de la Nail art moderna y cualquiera que busque un look sofisticado pero sin esfuerzo. F\u00e1ciles de aplicar y c\u00f3modas de llevar, estas Nail stickers se mantienen en su sitio durante varios d\u00edas sin manchar ni despegarse. Sin ensuciar, sin tiempo de secado y sin necesidad de ir al sal\u00f3n de belleza: u\u00f1as pulidas Nail art en cuesti\u00f3n de minutos. C\u00f3mo aplicar Nail stickers Limpia y seca la u\u00f1a. Elige una pegatina de la hoja y lev\u00e1ntala suavemente con unas pinzas. Coloque el dise\u00f1o sobre la u\u00f1a y presione suavemente. Aplique una capa superior para mayor durabilidad y brillo. \u00a1Listo! Informaci\u00f3n del producto  Tama\u00f1o de la hoja: 7 \u00d7 10 cm. Color: dorado. Motivos: luna, estrellas, patrones decorativos. Tama\u00f1o de los motivos: aprox. 3-10 mm. PD: Compre 6 hojas y pague 5 con el c\u00f3digo de descuento INKNAILS  \u2728\ud83d\udc85.","og_url":"https:\/\/likeink.com\/es\/tatuaje-falso\/gold-moon-star-nail-stickers\/","og_site_name":"Like ink","article_publisher":"https:\/\/www.facebook.com\/LikeInkSe","article_modified_time":"2026-02-25T09:27:15+00:00","og_image":[{"width":1024,"height":1024,"url":"https:\/\/likeink.com\/wp-content\/uploads\/2026\/02\/nail-stickers-gold-design-likeink.png","type":"image\/png"}],"twitter_card":"summary_large_image","schema":{"@context":"https:\/\/schema.org","@graph":[{"@type":"WebPage","@id":"https:\/\/likeink.com\/es\/tatuaje-falso\/gold-moon-star-nail-stickers\/","url":"https:\/\/likeink.com\/es\/tatuaje-falso\/gold-moon-star-nail-stickers\/","name":"Gold Moon & Star Nail stickers | Like Ink","isPartOf":{"@id":"https:\/\/likeink.com\/es\/#website"},"primaryImageOfPage":{"@id":"https:\/\/likeink.com\/es\/tatuaje-falso\/gold-moon-star-nail-stickers\/#primaryimage"},"image":{"@id":"https:\/\/likeink.com\/es\/tatuaje-falso\/gold-moon-star-nail-stickers\/#primaryimage"},"thumbnailUrl":"https:\/\/likeink.com\/wp-content\/uploads\/2026\/02\/nail-stickers-gold-design-likeink.png","datePublished":"2026-02-06T15:02:16+00:00","dateModified":"2026-02-25T09:27:15+00:00","description":"Nail stickers minimalistas doradas con dise\u00f1os de lunas, estrellas y estampados de Like Ink. Elegantes, f\u00e1ciles de aplicar y perfectas para un look refinado Nail art. - Like ink","breadcrumb":{"@id":"https:\/\/likeink.com\/es\/tatuaje-falso\/gold-moon-star-nail-stickers\/#breadcrumb"},"inLanguage":"es","potentialAction":[{"@type":"ReadAction","target":["https:\/\/likeink.com\/es\/tatuaje-falso\/gold-moon-star-nail-stickers\/"]}]},{"@type":"ImageObject","inLanguage":"es","@id":"https:\/\/likeink.com\/es\/tatuaje-falso\/gold-moon-star-nail-stickers\/#primaryimage","url":"https:\/\/likeink.com\/wp-content\/uploads\/2026\/02\/nail-stickers-gold-design-likeink.png","contentUrl":"https:\/\/likeink.com\/wp-content\/uploads\/2026\/02\/nail-stickers-gold-design-likeink.png","width":1024,"height":1024,"caption":"Una mano con esmalte de u\u00f1as de color nude presenta dise\u00f1os celestiales dorados, que incluyen lunas, estrellas y l\u00edneas de puntos. El fondo muestra un cielo nocturno con estrellas y luna llena."},{"@type":"BreadcrumbList","@id":"https:\/\/likeink.com\/es\/tatuaje-falso\/gold-moon-star-nail-stickers\/#breadcrumb","itemListElement":[{"@type":"ListItem","position":1,"name":"Hem","item":"https:\/\/likeink.com\/es\/"},{"@type":"ListItem","position":2,"name":"Shop","item":"https:\/\/likeink.com\/es\/shop\/"},{"@type":"ListItem","position":3,"name":"Luna dorada y estrella Nail stickers"}]},{"@type":"WebSite","@id":"https:\/\/likeink.com\/es\/#website","url":"https:\/\/likeink.com\/es\/","name":"Like ink","description":"HAZ TUS PROPIOS TATUAJES TEMPORALES","potentialAction":[{"@type":"SearchAction","target":{"@type":"EntryPoint","urlTemplate":"https:\/\/likeink.com\/es\/?s={search_term_string}"},"query-input":{"@type":"PropertyValueSpecification","valueRequired":true,"valueName":"search_term_string"}}],"inLanguage":"es"}]}},"_links":{"self":[{"href":"https:\/\/likeink.com\/es\/wp-json\/wp\/v2\/product\/58178","targetHints":{"allow":["GET"]}}],"collection":[{"href":"https:\/\/likeink.com\/es\/wp-json\/wp\/v2\/product"}],"about":[{"href":"https:\/\/likeink.com\/es\/wp-json\/wp\/v2\/types\/product"}],"wp:featuredmedia":[{"embeddable":true,"href":"https:\/\/likeink.com\/es\/wp-json\/wp\/v2\/media\/59335"}],"wp:attachment":[{"href":"https:\/\/likeink.com\/es\/wp-json\/wp\/v2\/media?parent=58178"}],"wp:term":[{"taxonomy":"product_brand","embeddable":true,"href":"https:\/\/likeink.com\/es\/wp-json\/wp\/v2\/product_brand?post=58178"},{"taxonomy":"product_cat","embeddable":true,"href":"https:\/\/likeink.com\/es\/wp-json\/wp\/v2\/product_cat?post=58178"},{"taxonomy":"product_tag","embeddable":true,"href":"https:\/\/likeink.com\/es\/wp-json\/wp\/v2\/product_tag?post=58178"}],"curies":[{"name":"wp","href":"https:\/\/api.w.org\/{rel}","templated":true}]}}