{"id":58181,"date":"2026-01-26T21:20:14","date_gmt":"2026-02-06T15:02:18","guid":{"rendered":"https:\/\/likeink.com\/gnuggisar\/black-eye-nail-stickers\/"},"modified":"2026-02-25T09:27:18","modified_gmt":"2026-02-25T09:27:18","slug":"black-eye-nail-stickers","status":"publish","type":"product","link":"https:\/\/likeink.com\/es\/tatuaje-falso\/black-eye-nail-stickers\/","title":{"rendered":"Nail stickers de ojo morado"},"content":{"rendered":"","protected":false},"excerpt":{"rendered":"<p>Like Ink<br \/>\nNail tattoos<br \/>\n\u2013 S\u00edmbolo negro Nail stickers<\/p>\n<h2>\u00a1Pide Nail stickers con atrevidos s\u00edmbolos negros y dise\u00f1os de ojos!<\/h2>\n<p>Crea una manicura llamativa y con car\u00e1cter con Like Ink<br \/>\nS\u00edmbolo negro Nail stickers<br \/>\n. Esta hoja presenta dise\u00f1os totalmente negros con m\u00faltiples variaciones de motivos de ojos, pentagramas, gr\u00e1ficos simb\u00f3licos y los atrevidos textos \u00ablook at me\u00bb y \u00abback\u00bb.<\/p>\n<p>Con tama\u00f1os de motivos que van de 6 a 12 mm, estos Nail stickers<br \/>\nson ideales tanto para u\u00f1as decoradas como para dise\u00f1os completos. Los contrastes n\u00edtidos y los s\u00edmbolos gr\u00e1ficos aportan un aspecto moderno, misterioso y ligeramente rebelde inspirado en el arte del tatuaje, el simbolismo y la est\u00e9tica underground.<\/p>\n<p>F\u00e1ciles de aplicar y c\u00f3modas de llevar, estas pegatinas decorativas para u\u00f1as \u00abNail stickers<br \/>\n\u00bb permanecen en su sitio durante varios d\u00edas sin manchar ni despegarse. Sin ensuciar, sin tiempo de secado y sin necesidad de ir al sal\u00f3n de belleza: solo u\u00f1as limpias, expresivas y con actitud.<\/p>\n<p><strong>C\u00f3mo aplicar las pegatinas decorativas<\/strong><br \/>\n<strong>para<\/strong><br \/>\n<strong>u\u00f1as \u00abNail stickers\u00bb<\/strong><br \/>\nLimpia y seca la u\u00f1a.<\/p>\n<p>Elige una pegatina de la hoja y lev\u00e1ntala suavemente con unas pinzas.<\/p>\n<p>Coloca el dise\u00f1o sobre la u\u00f1a y presiona suavemente.<\/p>\n<p>Aplica una capa superior para mayor durabilidad.<\/p>\n<p>\u00a1Listo!<\/p>\n<p><strong>Informaci\u00f3n del producto<\/strong><\/p>\n<p><strong>Tama\u00f1o de la hoja:<\/strong><br \/>\n7 \u00d7 10 cm<strong>.<br \/>\nTama\u00f1o del motivo:<\/strong><br \/>\naprox. 6-12 mm<strong>.<br \/>\nColor:<\/strong><br \/>\nnegro<strong>.<br \/>\nMotivos:<\/strong><br \/>\nojos, pentagramas, s\u00edmbolos, texto<strong>.<\/p>\n<p>PD:<\/strong><br \/>\nCompra 6 hojas y paga 5 con el c\u00f3digo de descuento<strong> INKNAILS <\/strong><br \/>\n \ud83d\udc41\ufe0f\u2728.<\/p>\n","protected":false},"featured_media":59265,"template":"","meta":[],"product_brand":[],"product_cat":[471],"product_tag":[],"class_list":{"0":"post-58181","1":"product","2":"type-product","3":"status-publish","4":"has-post-thumbnail","6":"product_cat-nail-stickers-es","8":"first","9":"instock","10":"taxable","11":"shipping-taxable","12":"purchasable","13":"product-type-simple"},"yoast_head":"<!-- This site is optimized with the Yoast SEO Premium plugin v26.2 (Yoast SEO v27.4) - https:\/\/yoast.com\/product\/yoast-seo-premium-wordpress\/ -->\n<title>S\u00edmbolo negro Nail stickers Ojos y texto | Like Ink<\/title>\n<meta name=\"description\" content=\"Nail stickers negros atrevidos de Like Ink con dise\u00f1os de ojos, pentagramas, s\u00edmbolos y texto. F\u00e1ciles de aplicar y perfectos para un Nail art atrevido. - Like ink\" \/>\n<meta name=\"robots\" content=\"index, follow, max-snippet:-1, max-image-preview:large, max-video-preview:-1\" \/>\n<link rel=\"canonical\" href=\"https:\/\/likeink.com\/es\/tatuaje-falso\/black-eye-nail-stickers\/\" \/>\n<meta property=\"og:locale\" content=\"es_ES\" \/>\n<meta property=\"og:type\" content=\"article\" \/>\n<meta property=\"og:title\" content=\"Nail stickers de ojo morado\" \/>\n<meta property=\"og:description\" content=\"Like Ink Nail tattoos \u2013 S\u00edmbolo negro Nail stickers \u00a1Pide Nail stickers con atrevidos s\u00edmbolos negros y dise\u00f1os de ojos! Crea una manicura llamativa y con car\u00e1cter con Like Ink S\u00edmbolo negro Nail stickers . Esta hoja presenta dise\u00f1os totalmente negros con m\u00faltiples variaciones de motivos de ojos, pentagramas, gr\u00e1ficos simb\u00f3licos y los atrevidos textos \u00ablook at me\u00bb y \u00abback\u00bb. Con tama\u00f1os de motivos que van de 6 a 12 mm, estos Nail stickers son ideales tanto para u\u00f1as decoradas como para dise\u00f1os completos. Los contrastes n\u00edtidos y los s\u00edmbolos gr\u00e1ficos aportan un aspecto moderno, misterioso y ligeramente rebelde inspirado en el arte del tatuaje, el simbolismo y la est\u00e9tica underground. F\u00e1ciles de aplicar y c\u00f3modas de llevar, estas pegatinas decorativas para u\u00f1as \u00abNail stickers \u00bb permanecen en su sitio durante varios d\u00edas sin manchar ni despegarse. Sin ensuciar, sin tiempo de secado y sin necesidad de ir al sal\u00f3n de belleza: solo u\u00f1as limpias, expresivas y con actitud. C\u00f3mo aplicar las pegatinas decorativas para u\u00f1as \u00abNail stickers\u00bb Limpia y seca la u\u00f1a. Elige una pegatina de la hoja y lev\u00e1ntala suavemente con unas pinzas. Coloca el dise\u00f1o sobre la u\u00f1a y presiona suavemente. Aplica una capa superior para mayor durabilidad. \u00a1Listo! Informaci\u00f3n del producto  Tama\u00f1o de la hoja: 7 \u00d7 10 cm. Tama\u00f1o del motivo: aprox. 6-12 mm. Color: negro. Motivos: ojos, pentagramas, s\u00edmbolos, texto. PD: Compra 6 hojas y paga 5 con el c\u00f3digo de descuento INKNAILS  \ud83d\udc41\ufe0f\u2728.\" \/>\n<meta property=\"og:url\" content=\"https:\/\/likeink.com\/es\/tatuaje-falso\/black-eye-nail-stickers\/\" \/>\n<meta property=\"og:site_name\" content=\"Like ink\" \/>\n<meta property=\"article:publisher\" content=\"https:\/\/www.facebook.com\/LikeInkSe\" \/>\n<meta property=\"article:modified_time\" content=\"2026-02-25T09:27:18+00:00\" \/>\n<meta property=\"og:image\" content=\"https:\/\/likeink.com\/wp-content\/uploads\/2026\/02\/nail-stickers-black-punk-design-likeink.png\" \/>\n\t<meta property=\"og:image:width\" content=\"1024\" \/>\n\t<meta property=\"og:image:height\" content=\"1024\" \/>\n\t<meta property=\"og:image:type\" content=\"image\/png\" \/>\n<meta name=\"twitter:card\" content=\"summary_large_image\" \/>\n<script type=\"application\/ld+json\" class=\"yoast-schema-graph\">{\"@context\":\"https:\\\/\\\/schema.org\",\"@graph\":[{\"@type\":\"WebPage\",\"@id\":\"https:\\\/\\\/likeink.com\\\/es\\\/tatuaje-falso\\\/black-eye-nail-stickers\\\/\",\"url\":\"https:\\\/\\\/likeink.com\\\/es\\\/tatuaje-falso\\\/black-eye-nail-stickers\\\/\",\"name\":\"S\u00edmbolo negro Nail stickers Ojos y texto | Like Ink\",\"isPartOf\":{\"@id\":\"https:\\\/\\\/likeink.com\\\/es\\\/#website\"},\"primaryImageOfPage\":{\"@id\":\"https:\\\/\\\/likeink.com\\\/es\\\/tatuaje-falso\\\/black-eye-nail-stickers\\\/#primaryimage\"},\"image\":{\"@id\":\"https:\\\/\\\/likeink.com\\\/es\\\/tatuaje-falso\\\/black-eye-nail-stickers\\\/#primaryimage\"},\"thumbnailUrl\":\"https:\\\/\\\/likeink.com\\\/wp-content\\\/uploads\\\/2026\\\/02\\\/nail-stickers-black-punk-design-likeink.png\",\"datePublished\":\"2026-02-06T15:02:18+00:00\",\"dateModified\":\"2026-02-25T09:27:18+00:00\",\"description\":\"Nail stickers negros atrevidos de Like Ink con dise\u00f1os de ojos, pentagramas, s\u00edmbolos y texto. F\u00e1ciles de aplicar y perfectos para un Nail art atrevido. - Like ink\",\"breadcrumb\":{\"@id\":\"https:\\\/\\\/likeink.com\\\/es\\\/tatuaje-falso\\\/black-eye-nail-stickers\\\/#breadcrumb\"},\"inLanguage\":\"es\",\"potentialAction\":[{\"@type\":\"ReadAction\",\"target\":[\"https:\\\/\\\/likeink.com\\\/es\\\/tatuaje-falso\\\/black-eye-nail-stickers\\\/\"]}]},{\"@type\":\"ImageObject\",\"inLanguage\":\"es\",\"@id\":\"https:\\\/\\\/likeink.com\\\/es\\\/tatuaje-falso\\\/black-eye-nail-stickers\\\/#primaryimage\",\"url\":\"https:\\\/\\\/likeink.com\\\/wp-content\\\/uploads\\\/2026\\\/02\\\/nail-stickers-black-punk-design-likeink.png\",\"contentUrl\":\"https:\\\/\\\/likeink.com\\\/wp-content\\\/uploads\\\/2026\\\/02\\\/nail-stickers-black-punk-design-likeink.png\",\"width\":1024,\"height\":1024,\"caption\":\"Primer plano de una mano con esmalte de u\u00f1as en color nude claro, cada u\u00f1a con dise\u00f1os minimalistas en negro: un ojo en un tri\u00e1ngulo, un ojo estilizado con LOOK AT ME, un solo ojo, una estrella de David y dos l\u00edneas en zigzag.\"},{\"@type\":\"BreadcrumbList\",\"@id\":\"https:\\\/\\\/likeink.com\\\/es\\\/tatuaje-falso\\\/black-eye-nail-stickers\\\/#breadcrumb\",\"itemListElement\":[{\"@type\":\"ListItem\",\"position\":1,\"name\":\"Hem\",\"item\":\"https:\\\/\\\/likeink.com\\\/es\\\/\"},{\"@type\":\"ListItem\",\"position\":2,\"name\":\"Shop\",\"item\":\"https:\\\/\\\/likeink.com\\\/es\\\/shop\\\/\"},{\"@type\":\"ListItem\",\"position\":3,\"name\":\"Nail stickers de ojo morado\"}]},{\"@type\":\"WebSite\",\"@id\":\"https:\\\/\\\/likeink.com\\\/es\\\/#website\",\"url\":\"https:\\\/\\\/likeink.com\\\/es\\\/\",\"name\":\"Like ink\",\"description\":\"HAZ TUS PROPIOS TATUAJES TEMPORALES\",\"potentialAction\":[{\"@type\":\"SearchAction\",\"target\":{\"@type\":\"EntryPoint\",\"urlTemplate\":\"https:\\\/\\\/likeink.com\\\/es\\\/?s={search_term_string}\"},\"query-input\":{\"@type\":\"PropertyValueSpecification\",\"valueRequired\":true,\"valueName\":\"search_term_string\"}}],\"inLanguage\":\"es\"}]}<\/script>\n<!-- \/ Yoast SEO Premium plugin. -->","yoast_head_json":{"title":"S\u00edmbolo negro Nail stickers Ojos y texto | Like Ink","description":"Nail stickers negros atrevidos de Like Ink con dise\u00f1os de ojos, pentagramas, s\u00edmbolos y texto. F\u00e1ciles de aplicar y perfectos para un Nail art atrevido. - Like ink","robots":{"index":"index","follow":"follow","max-snippet":"max-snippet:-1","max-image-preview":"max-image-preview:large","max-video-preview":"max-video-preview:-1"},"canonical":"https:\/\/likeink.com\/es\/tatuaje-falso\/black-eye-nail-stickers\/","og_locale":"es_ES","og_type":"article","og_title":"Nail stickers de ojo morado","og_description":"Like Ink Nail tattoos \u2013 S\u00edmbolo negro Nail stickers \u00a1Pide Nail stickers con atrevidos s\u00edmbolos negros y dise\u00f1os de ojos! Crea una manicura llamativa y con car\u00e1cter con Like Ink S\u00edmbolo negro Nail stickers . Esta hoja presenta dise\u00f1os totalmente negros con m\u00faltiples variaciones de motivos de ojos, pentagramas, gr\u00e1ficos simb\u00f3licos y los atrevidos textos \u00ablook at me\u00bb y \u00abback\u00bb. Con tama\u00f1os de motivos que van de 6 a 12 mm, estos Nail stickers son ideales tanto para u\u00f1as decoradas como para dise\u00f1os completos. Los contrastes n\u00edtidos y los s\u00edmbolos gr\u00e1ficos aportan un aspecto moderno, misterioso y ligeramente rebelde inspirado en el arte del tatuaje, el simbolismo y la est\u00e9tica underground. F\u00e1ciles de aplicar y c\u00f3modas de llevar, estas pegatinas decorativas para u\u00f1as \u00abNail stickers \u00bb permanecen en su sitio durante varios d\u00edas sin manchar ni despegarse. Sin ensuciar, sin tiempo de secado y sin necesidad de ir al sal\u00f3n de belleza: solo u\u00f1as limpias, expresivas y con actitud. C\u00f3mo aplicar las pegatinas decorativas para u\u00f1as \u00abNail stickers\u00bb Limpia y seca la u\u00f1a. Elige una pegatina de la hoja y lev\u00e1ntala suavemente con unas pinzas. Coloca el dise\u00f1o sobre la u\u00f1a y presiona suavemente. Aplica una capa superior para mayor durabilidad. \u00a1Listo! Informaci\u00f3n del producto  Tama\u00f1o de la hoja: 7 \u00d7 10 cm. Tama\u00f1o del motivo: aprox. 6-12 mm. Color: negro. Motivos: ojos, pentagramas, s\u00edmbolos, texto. PD: Compra 6 hojas y paga 5 con el c\u00f3digo de descuento INKNAILS  \ud83d\udc41\ufe0f\u2728.","og_url":"https:\/\/likeink.com\/es\/tatuaje-falso\/black-eye-nail-stickers\/","og_site_name":"Like ink","article_publisher":"https:\/\/www.facebook.com\/LikeInkSe","article_modified_time":"2026-02-25T09:27:18+00:00","og_image":[{"width":1024,"height":1024,"url":"https:\/\/likeink.com\/wp-content\/uploads\/2026\/02\/nail-stickers-black-punk-design-likeink.png","type":"image\/png"}],"twitter_card":"summary_large_image","schema":{"@context":"https:\/\/schema.org","@graph":[{"@type":"WebPage","@id":"https:\/\/likeink.com\/es\/tatuaje-falso\/black-eye-nail-stickers\/","url":"https:\/\/likeink.com\/es\/tatuaje-falso\/black-eye-nail-stickers\/","name":"S\u00edmbolo negro Nail stickers Ojos y texto | Like Ink","isPartOf":{"@id":"https:\/\/likeink.com\/es\/#website"},"primaryImageOfPage":{"@id":"https:\/\/likeink.com\/es\/tatuaje-falso\/black-eye-nail-stickers\/#primaryimage"},"image":{"@id":"https:\/\/likeink.com\/es\/tatuaje-falso\/black-eye-nail-stickers\/#primaryimage"},"thumbnailUrl":"https:\/\/likeink.com\/wp-content\/uploads\/2026\/02\/nail-stickers-black-punk-design-likeink.png","datePublished":"2026-02-06T15:02:18+00:00","dateModified":"2026-02-25T09:27:18+00:00","description":"Nail stickers negros atrevidos de Like Ink con dise\u00f1os de ojos, pentagramas, s\u00edmbolos y texto. F\u00e1ciles de aplicar y perfectos para un Nail art atrevido. - Like ink","breadcrumb":{"@id":"https:\/\/likeink.com\/es\/tatuaje-falso\/black-eye-nail-stickers\/#breadcrumb"},"inLanguage":"es","potentialAction":[{"@type":"ReadAction","target":["https:\/\/likeink.com\/es\/tatuaje-falso\/black-eye-nail-stickers\/"]}]},{"@type":"ImageObject","inLanguage":"es","@id":"https:\/\/likeink.com\/es\/tatuaje-falso\/black-eye-nail-stickers\/#primaryimage","url":"https:\/\/likeink.com\/wp-content\/uploads\/2026\/02\/nail-stickers-black-punk-design-likeink.png","contentUrl":"https:\/\/likeink.com\/wp-content\/uploads\/2026\/02\/nail-stickers-black-punk-design-likeink.png","width":1024,"height":1024,"caption":"Primer plano de una mano con esmalte de u\u00f1as en color nude claro, cada u\u00f1a con dise\u00f1os minimalistas en negro: un ojo en un tri\u00e1ngulo, un ojo estilizado con LOOK AT ME, un solo ojo, una estrella de David y dos l\u00edneas en zigzag."},{"@type":"BreadcrumbList","@id":"https:\/\/likeink.com\/es\/tatuaje-falso\/black-eye-nail-stickers\/#breadcrumb","itemListElement":[{"@type":"ListItem","position":1,"name":"Hem","item":"https:\/\/likeink.com\/es\/"},{"@type":"ListItem","position":2,"name":"Shop","item":"https:\/\/likeink.com\/es\/shop\/"},{"@type":"ListItem","position":3,"name":"Nail stickers de ojo morado"}]},{"@type":"WebSite","@id":"https:\/\/likeink.com\/es\/#website","url":"https:\/\/likeink.com\/es\/","name":"Like ink","description":"HAZ TUS PROPIOS TATUAJES TEMPORALES","potentialAction":[{"@type":"SearchAction","target":{"@type":"EntryPoint","urlTemplate":"https:\/\/likeink.com\/es\/?s={search_term_string}"},"query-input":{"@type":"PropertyValueSpecification","valueRequired":true,"valueName":"search_term_string"}}],"inLanguage":"es"}]}},"_links":{"self":[{"href":"https:\/\/likeink.com\/es\/wp-json\/wp\/v2\/product\/58181","targetHints":{"allow":["GET"]}}],"collection":[{"href":"https:\/\/likeink.com\/es\/wp-json\/wp\/v2\/product"}],"about":[{"href":"https:\/\/likeink.com\/es\/wp-json\/wp\/v2\/types\/product"}],"wp:featuredmedia":[{"embeddable":true,"href":"https:\/\/likeink.com\/es\/wp-json\/wp\/v2\/media\/59265"}],"wp:attachment":[{"href":"https:\/\/likeink.com\/es\/wp-json\/wp\/v2\/media?parent=58181"}],"wp:term":[{"taxonomy":"product_brand","embeddable":true,"href":"https:\/\/likeink.com\/es\/wp-json\/wp\/v2\/product_brand?post=58181"},{"taxonomy":"product_cat","embeddable":true,"href":"https:\/\/likeink.com\/es\/wp-json\/wp\/v2\/product_cat?post=58181"},{"taxonomy":"product_tag","embeddable":true,"href":"https:\/\/likeink.com\/es\/wp-json\/wp\/v2\/product_tag?post=58181"}],"curies":[{"name":"wp","href":"https:\/\/api.w.org\/{rel}","templated":true}]}}