{"id":58187,"date":"2026-01-26T15:00:09","date_gmt":"2026-02-06T15:02:22","guid":{"rendered":"https:\/\/likeink.com\/gnuggisar\/nail-stickers-gold-white-v-lines\/"},"modified":"2026-02-25T09:27:23","modified_gmt":"2026-02-25T09:27:23","slug":"nail-stickers-gold-white-v-lines","status":"publish","type":"product","link":"https:\/\/likeink.com\/es\/tatuaje-falso\/nail-stickers-gold-white-v-lines\/","title":{"rendered":"Nail stickers L\u00edneas en V doradas y blancas"},"content":{"rendered":"","protected":false},"excerpt":{"rendered":"<p>Like Ink<br \/>\nNail tattoos<br \/>\n\u2013 U\u00f1as de acr\u00edlico con forma de V en oro y plata (Nail stickers<\/p>\n<h2>) \u00a1Pide u\u00f1as de acr\u00edlico con<\/h2>\n<p>forma<\/p>\n<h2>de V en oro y plata (Nail stickers) con elegantes dise\u00f1os en forma de V en oro y plata!<\/h2>\n<p>Crea una manicura elegante y moderna con Like Ink<br \/>\nNail stickers<br \/>\n\u2013 L\u00edneas en V doradas y plateadas. Dise\u00f1adas especialmente para u\u00f1as m\u00e1s largas, estas Nail stickers<br \/>\npresentan refinados patrones en forma de V en dorado y plateado, combinados con finas l\u00edneas doradas para un aspecto lujoso y alargado.<\/p>\n<p>Perfectas para minimalistas, amantes de la moda y manicuras llamativas, estas Nail stickers<br \/>\na\u00f1aden un acabado limpio pero llamativo tanto a las u\u00f1as naturales como a las pintadas. Las formas alargadas son ideales para acentuar la longitud de las u\u00f1as y crear un efecto profesional y de alta gama Nail art<br \/>\nen casa.<\/p>\n<p>F\u00e1ciles de aplicar y c\u00f3modas de llevar, se mantienen en su sitio durante varios d\u00edas sin levantarse ni manchar. No requieren tiempo de secado, no ensucian y no es necesario acudir al sal\u00f3n de belleza.<\/p>\n<p><strong>C\u00f3mo aplicar las<\/strong><br \/>\n<strong>pegatinas decorativas para u\u00f1as Nail stickers <\/strong><br \/>\nLimpia y seca la u\u00f1a.<\/p>\n<p>Selecciona una pegatina de la hoja y lev\u00e1ntala suavemente con unas pinzas.<\/p>\n<p>Coloca el dise\u00f1o sobre la u\u00f1a y presiona suavemente desde el centro hacia fuera.<\/p>\n<p>Aplica una capa superior para mayor durabilidad y brillo.<\/p>\n<p>\u00a1Listo!<\/p>\n<p><strong>Informaci\u00f3n del producto<\/strong><\/p>\n<p><strong>Tama\u00f1o de la hoja:<\/strong><br \/>\n7 \u00d7 10 cm<strong>.<br \/>\nN\u00famero de pegatinas:<\/strong><br \/>\naprox. 21 unidades.<br \/>\n<strong>Dise\u00f1o:<\/strong><br \/>\nmotivos en forma de V en dorado y blanco, detalles en l\u00ednea dorada<strong>.<br \/>\nRecomendado para:<\/strong><br \/>\nu\u00f1as largas (las pegatinas miden entre 15 y 25 mm)<strong>.<\/p>\n<p>PD:<\/strong><br \/>\nCompra 6 hojas y paga solo 5 con el c\u00f3digo de<strong> INKNAILS <\/strong><br \/>\ndescuento \u2728.<\/p>\n","protected":false},"featured_media":59125,"template":"","meta":[],"product_brand":[],"product_cat":[471],"product_tag":[],"class_list":{"0":"post-58187","1":"product","2":"type-product","3":"status-publish","4":"has-post-thumbnail","6":"product_cat-nail-stickers-es","8":"first","9":"instock","10":"taxable","11":"shipping-taxable","12":"purchasable","13":"product-type-simple"},"yoast_head":"<!-- This site is optimized with the Yoast SEO Premium plugin v26.2 (Yoast SEO v27.5) - https:\/\/yoast.com\/product\/yoast-seo-premium-wordpress\/ -->\n<title>Nail stickers L\u00edneas en V doradas y blancas | Like Ink<\/title>\n<meta name=\"description\" content=\"Realza las u\u00f1as largas con el esmalte de u\u00f1as \u00abNail stickers\u00bb en color dorado y blanco con forma de V de Like Ink. Dise\u00f1os elegantes, f\u00e1ciles de aplicar y perfectos para el estilo moderno \u00abNail art\u00bb. - Like ink\" \/>\n<meta name=\"robots\" content=\"index, follow, max-snippet:-1, max-image-preview:large, max-video-preview:-1\" \/>\n<link rel=\"canonical\" href=\"https:\/\/likeink.com\/es\/tatuaje-falso\/nail-stickers-gold-white-v-lines\/\" \/>\n<meta property=\"og:locale\" content=\"es_ES\" \/>\n<meta property=\"og:type\" content=\"article\" \/>\n<meta property=\"og:title\" content=\"Nail stickers L\u00edneas en V doradas y blancas\" \/>\n<meta property=\"og:description\" content=\"Like Ink Nail tattoos \u2013 U\u00f1as de acr\u00edlico con forma de V en oro y plata (Nail stickers ) \u00a1Pide u\u00f1as de acr\u00edlico con forma de V en oro y plata (Nail stickers) con elegantes dise\u00f1os en forma de V en oro y plata! Crea una manicura elegante y moderna con Like Ink Nail stickers \u2013 L\u00edneas en V doradas y plateadas. Dise\u00f1adas especialmente para u\u00f1as m\u00e1s largas, estas Nail stickers presentan refinados patrones en forma de V en dorado y plateado, combinados con finas l\u00edneas doradas para un aspecto lujoso y alargado. Perfectas para minimalistas, amantes de la moda y manicuras llamativas, estas Nail stickers a\u00f1aden un acabado limpio pero llamativo tanto a las u\u00f1as naturales como a las pintadas. Las formas alargadas son ideales para acentuar la longitud de las u\u00f1as y crear un efecto profesional y de alta gama Nail art en casa. F\u00e1ciles de aplicar y c\u00f3modas de llevar, se mantienen en su sitio durante varios d\u00edas sin levantarse ni manchar. No requieren tiempo de secado, no ensucian y no es necesario acudir al sal\u00f3n de belleza. C\u00f3mo aplicar las pegatinas decorativas para u\u00f1as Nail stickers Limpia y seca la u\u00f1a. Selecciona una pegatina de la hoja y lev\u00e1ntala suavemente con unas pinzas. Coloca el dise\u00f1o sobre la u\u00f1a y presiona suavemente desde el centro hacia fuera. Aplica una capa superior para mayor durabilidad y brillo. \u00a1Listo! Informaci\u00f3n del producto  Tama\u00f1o de la hoja: 7 \u00d7 10 cm. N\u00famero de pegatinas: aprox. 21 unidades. Dise\u00f1o: motivos en forma de V en dorado y blanco, detalles en l\u00ednea dorada. Recomendado para: u\u00f1as largas (las pegatinas miden entre 15 y 25 mm). PD: Compra 6 hojas y paga solo 5 con el c\u00f3digo de INKNAILS descuento \u2728.\" \/>\n<meta property=\"og:url\" content=\"https:\/\/likeink.com\/es\/tatuaje-falso\/nail-stickers-gold-white-v-lines\/\" \/>\n<meta property=\"og:site_name\" content=\"Like ink\" \/>\n<meta property=\"article:publisher\" content=\"https:\/\/www.facebook.com\/LikeInkSe\" \/>\n<meta property=\"article:modified_time\" content=\"2026-02-25T09:27:23+00:00\" \/>\n<meta property=\"og:image\" content=\"https:\/\/likeink.com\/wp-content\/uploads\/2026\/02\/Longnails-V-shape-Stickers-Likeink.png\" \/>\n\t<meta property=\"og:image:width\" content=\"1024\" \/>\n\t<meta property=\"og:image:height\" content=\"1024\" \/>\n\t<meta property=\"og:image:type\" content=\"image\/png\" \/>\n<meta name=\"twitter:card\" content=\"summary_large_image\" \/>\n<!-- \/ Yoast SEO Premium plugin. -->","yoast_head_json":{"title":"Nail stickers L\u00edneas en V doradas y blancas | Like Ink","description":"Realza las u\u00f1as largas con el esmalte de u\u00f1as \u00abNail stickers\u00bb en color dorado y blanco con forma de V de Like Ink. Dise\u00f1os elegantes, f\u00e1ciles de aplicar y perfectos para el estilo moderno \u00abNail art\u00bb. - Like ink","robots":{"index":"index","follow":"follow","max-snippet":"max-snippet:-1","max-image-preview":"max-image-preview:large","max-video-preview":"max-video-preview:-1"},"canonical":"https:\/\/likeink.com\/es\/tatuaje-falso\/nail-stickers-gold-white-v-lines\/","og_locale":"es_ES","og_type":"article","og_title":"Nail stickers L\u00edneas en V doradas y blancas","og_description":"Like Ink Nail tattoos \u2013 U\u00f1as de acr\u00edlico con forma de V en oro y plata (Nail stickers ) \u00a1Pide u\u00f1as de acr\u00edlico con forma de V en oro y plata (Nail stickers) con elegantes dise\u00f1os en forma de V en oro y plata! Crea una manicura elegante y moderna con Like Ink Nail stickers \u2013 L\u00edneas en V doradas y plateadas. Dise\u00f1adas especialmente para u\u00f1as m\u00e1s largas, estas Nail stickers presentan refinados patrones en forma de V en dorado y plateado, combinados con finas l\u00edneas doradas para un aspecto lujoso y alargado. Perfectas para minimalistas, amantes de la moda y manicuras llamativas, estas Nail stickers a\u00f1aden un acabado limpio pero llamativo tanto a las u\u00f1as naturales como a las pintadas. Las formas alargadas son ideales para acentuar la longitud de las u\u00f1as y crear un efecto profesional y de alta gama Nail art en casa. F\u00e1ciles de aplicar y c\u00f3modas de llevar, se mantienen en su sitio durante varios d\u00edas sin levantarse ni manchar. No requieren tiempo de secado, no ensucian y no es necesario acudir al sal\u00f3n de belleza. C\u00f3mo aplicar las pegatinas decorativas para u\u00f1as Nail stickers Limpia y seca la u\u00f1a. Selecciona una pegatina de la hoja y lev\u00e1ntala suavemente con unas pinzas. Coloca el dise\u00f1o sobre la u\u00f1a y presiona suavemente desde el centro hacia fuera. Aplica una capa superior para mayor durabilidad y brillo. \u00a1Listo! Informaci\u00f3n del producto  Tama\u00f1o de la hoja: 7 \u00d7 10 cm. N\u00famero de pegatinas: aprox. 21 unidades. Dise\u00f1o: motivos en forma de V en dorado y blanco, detalles en l\u00ednea dorada. Recomendado para: u\u00f1as largas (las pegatinas miden entre 15 y 25 mm). PD: Compra 6 hojas y paga solo 5 con el c\u00f3digo de INKNAILS descuento \u2728.","og_url":"https:\/\/likeink.com\/es\/tatuaje-falso\/nail-stickers-gold-white-v-lines\/","og_site_name":"Like ink","article_publisher":"https:\/\/www.facebook.com\/LikeInkSe","article_modified_time":"2026-02-25T09:27:23+00:00","og_image":[{"width":1024,"height":1024,"url":"https:\/\/likeink.com\/wp-content\/uploads\/2026\/02\/Longnails-V-shape-Stickers-Likeink.png","type":"image\/png"}],"twitter_card":"summary_large_image","schema":{"@context":"https:\/\/schema.org","@graph":[{"@type":"WebPage","@id":"https:\/\/likeink.com\/es\/tatuaje-falso\/nail-stickers-gold-white-v-lines\/","url":"https:\/\/likeink.com\/es\/tatuaje-falso\/nail-stickers-gold-white-v-lines\/","name":"Nail stickers L\u00edneas en V doradas y blancas | Like Ink","isPartOf":{"@id":"https:\/\/likeink.com\/es\/#website"},"primaryImageOfPage":{"@id":"https:\/\/likeink.com\/es\/tatuaje-falso\/nail-stickers-gold-white-v-lines\/#primaryimage"},"image":{"@id":"https:\/\/likeink.com\/es\/tatuaje-falso\/nail-stickers-gold-white-v-lines\/#primaryimage"},"thumbnailUrl":"https:\/\/likeink.com\/wp-content\/uploads\/2026\/02\/Longnails-V-shape-Stickers-Likeink.png","datePublished":"2026-02-06T15:02:22+00:00","dateModified":"2026-02-25T09:27:23+00:00","description":"Realza las u\u00f1as largas con el esmalte de u\u00f1as \u00abNail stickers\u00bb en color dorado y blanco con forma de V de Like Ink. Dise\u00f1os elegantes, f\u00e1ciles de aplicar y perfectos para el estilo moderno \u00abNail art\u00bb. - Like ink","breadcrumb":{"@id":"https:\/\/likeink.com\/es\/tatuaje-falso\/nail-stickers-gold-white-v-lines\/#breadcrumb"},"inLanguage":"es","potentialAction":[{"@type":"ReadAction","target":["https:\/\/likeink.com\/es\/tatuaje-falso\/nail-stickers-gold-white-v-lines\/"]}]},{"@type":"ImageObject","inLanguage":"es","@id":"https:\/\/likeink.com\/es\/tatuaje-falso\/nail-stickers-gold-white-v-lines\/#primaryimage","url":"https:\/\/likeink.com\/wp-content\/uploads\/2026\/02\/Longnails-V-shape-Stickers-Likeink.png","contentUrl":"https:\/\/likeink.com\/wp-content\/uploads\/2026\/02\/Longnails-V-shape-Stickers-Likeink.png","width":1024,"height":1024,"caption":"Una mano con las u\u00f1as pulcramente cuidadas presenta una base nude y elegantes dise\u00f1os en forma de V en blanco y dorado en las puntas, creando un look moderno y geom\u00e9trico."},{"@type":"BreadcrumbList","@id":"https:\/\/likeink.com\/es\/tatuaje-falso\/nail-stickers-gold-white-v-lines\/#breadcrumb","itemListElement":[{"@type":"ListItem","position":1,"name":"Hem","item":"https:\/\/likeink.com\/es\/"},{"@type":"ListItem","position":2,"name":"Shop","item":"https:\/\/likeink.com\/es\/shop\/"},{"@type":"ListItem","position":3,"name":"Nail stickers L\u00edneas en V doradas y blancas"}]},{"@type":"WebSite","@id":"https:\/\/likeink.com\/es\/#website","url":"https:\/\/likeink.com\/es\/","name":"Like ink","description":"HAZ TUS PROPIOS TATUAJES TEMPORALES","potentialAction":[{"@type":"SearchAction","target":{"@type":"EntryPoint","urlTemplate":"https:\/\/likeink.com\/es\/?s={search_term_string}"},"query-input":{"@type":"PropertyValueSpecification","valueRequired":true,"valueName":"search_term_string"}}],"inLanguage":"es"}]}},"_links":{"self":[{"href":"https:\/\/likeink.com\/es\/wp-json\/wp\/v2\/product\/58187","targetHints":{"allow":["GET"]}}],"collection":[{"href":"https:\/\/likeink.com\/es\/wp-json\/wp\/v2\/product"}],"about":[{"href":"https:\/\/likeink.com\/es\/wp-json\/wp\/v2\/types\/product"}],"wp:featuredmedia":[{"embeddable":true,"href":"https:\/\/likeink.com\/es\/wp-json\/wp\/v2\/media\/59125"}],"wp:attachment":[{"href":"https:\/\/likeink.com\/es\/wp-json\/wp\/v2\/media?parent=58187"}],"wp:term":[{"taxonomy":"product_brand","embeddable":true,"href":"https:\/\/likeink.com\/es\/wp-json\/wp\/v2\/product_brand?post=58187"},{"taxonomy":"product_cat","embeddable":true,"href":"https:\/\/likeink.com\/es\/wp-json\/wp\/v2\/product_cat?post=58187"},{"taxonomy":"product_tag","embeddable":true,"href":"https:\/\/likeink.com\/es\/wp-json\/wp\/v2\/product_tag?post=58187"}],"curies":[{"name":"wp","href":"https:\/\/api.w.org\/{rel}","templated":true}]}}