{"id":58188,"date":"2026-01-26T14:48:51","date_gmt":"2026-02-06T15:02:23","guid":{"rendered":"https:\/\/likeink.com\/gnuggisar\/nail-stickers-pastel-stars\/"},"modified":"2026-02-25T09:27:24","modified_gmt":"2026-02-25T09:27:24","slug":"nail-stickers-pastel-stars","status":"publish","type":"product","link":"https:\/\/likeink.com\/es\/tatuaje-falso\/nail-stickers-pastel-stars\/","title":{"rendered":"Nail stickers Estrellas pastel"},"content":{"rendered":"","protected":false},"excerpt":{"rendered":"<p>Nail stickers<\/p>\n<p>Pastel Stars<\/p>\n<p>Like Ink<\/p>\n<p>Nail tattoos<\/p>\n<p>\u2013 pastel star Nail stickers<\/p>\n<p>.<\/p>\n<h2>\u00a1Pide Nail stickers con bonitos dise\u00f1os de estrellas en tonos pastel!<\/h2>\n<p>Dale a tus u\u00f1as un cambio de estilo r\u00e1pido y divertido con Like Ink<\/p>\n<p>Nail stickers<\/p>\n<p>\u2013 Pastel Stars. Estas Nail stickers<\/p>\n<p>de alta calidad presentan estrellas en suaves tonos pastel, perfectas para crear un look de u\u00f1as bonito, so\u00f1ador o minimalista.<\/p>\n<p>F\u00e1ciles de aplicar y c\u00f3modas de llevar, se mantienen en su sitio durante varios d\u00edas sin manchar ni despegarse. Ideales para los amantes de las u\u00f1as de todas las edades, desde ni\u00f1os hasta creativos, y perfectas para el uso diario, fiestas u ocasiones especiales.<\/p>\n<p>Sin ensuciar, sin tiempo de secado y sin necesidad de ir al sal\u00f3n de belleza. Solo hay que despegar, pegar y disfrutar de unas u\u00f1as impecables Nail art<\/p>\n<p>en cuesti\u00f3n de minutos.<\/p>\n<p><strong>C\u00f3mo aplicar Nail stickers <\/strong><\/p>\n<p>Limpia y seca la u\u00f1a.<\/p>\n<p>Elige una pegatina de la hoja y lev\u00e1ntala con cuidado con unas pinzas.<\/p>\n<p>Coloca el dise\u00f1o sobre la u\u00f1a y presiona suavemente.<\/p>\n<p>Para una mayor durabilidad, aplica una capa de esmalte de acabado.<\/p>\n<p>\u00a1Listo!<\/p>\n<p><strong>Tama\u00f1o de la hoja:<\/strong><\/p>\n<p>7 \u00d7 10 cm<strong>.<br \/>\nN\u00famero de pegatinas:<\/strong><\/p>\n<p>aprox. 80 unidades.<br \/>\n<strong>Tama\u00f1o de la pegatina:<\/strong><\/p>\n<p>aprox. 0,5-1 cm.<\/p>\n<p><strong>PD:<\/strong><\/p>\n<p>Compra 6 hojas y paga 5 con el c\u00f3digo de<strong> INKNAILS <\/strong><\/p>\n<p>descuento \ud83d\udc96.<\/p>\n","protected":false},"featured_media":59512,"template":"","meta":[],"product_brand":[],"product_cat":[471],"product_tag":[],"class_list":{"0":"post-58188","1":"product","2":"type-product","3":"status-publish","4":"has-post-thumbnail","6":"product_cat-nail-stickers-es","8":"first","9":"instock","10":"taxable","11":"shipping-taxable","12":"purchasable","13":"product-type-simple"},"yoast_head":"<!-- This site is optimized with the Yoast SEO Premium plugin v26.2 (Yoast SEO v27.4) - https:\/\/yoast.com\/product\/yoast-seo-premium-wordpress\/ -->\n<title>Nail stickers Pastel Stars | Like Ink<\/title>\n<meta name=\"description\" content=\"A\u00f1ade un toque suave de color a tu manicura con Pastel Stars Nail stickers de Like Ink. F\u00e1cil de aplicar y perfecto para crear Nail art - Like ink\" \/>\n<meta name=\"robots\" content=\"index, follow, max-snippet:-1, max-image-preview:large, max-video-preview:-1\" \/>\n<link rel=\"canonical\" href=\"https:\/\/likeink.com\/es\/tatuaje-falso\/nail-stickers-pastel-stars\/\" \/>\n<meta property=\"og:locale\" content=\"es_ES\" \/>\n<meta property=\"og:type\" content=\"article\" \/>\n<meta property=\"og:title\" content=\"Nail stickers Estrellas pastel\" \/>\n<meta property=\"og:description\" content=\"Nail stickers Pastel Stars Like Ink Nail tattoos \u2013 pastel star Nail stickers . \u00a1Pide Nail stickers con bonitos dise\u00f1os de estrellas en tonos pastel!  Dale a tus u\u00f1as un cambio de estilo r\u00e1pido y divertido con Like Ink Nail stickers \u2013 Pastel Stars. Estas Nail stickers de alta calidad presentan estrellas en suaves tonos pastel, perfectas para crear un look de u\u00f1as bonito, so\u00f1ador o minimalista. F\u00e1ciles de aplicar y c\u00f3modas de llevar, se mantienen en su sitio durante varios d\u00edas sin manchar ni despegarse. Ideales para los amantes de las u\u00f1as de todas las edades, desde ni\u00f1os hasta creativos, y perfectas para el uso diario, fiestas u ocasiones especiales. Sin ensuciar, sin tiempo de secado y sin necesidad de ir al sal\u00f3n de belleza. Solo hay que despegar, pegar y disfrutar de unas u\u00f1as impecables Nail art en cuesti\u00f3n de minutos. C\u00f3mo aplicar Nail stickers  Limpia y seca la u\u00f1a. Elige una pegatina de la hoja y lev\u00e1ntala con cuidado con unas pinzas. Coloca el dise\u00f1o sobre la u\u00f1a y presiona suavemente. Para una mayor durabilidad, aplica una capa de esmalte de acabado. \u00a1Listo! Tama\u00f1o de la hoja: 7 \u00d7 10 cm. N\u00famero de pegatinas: aprox. 80 unidades. Tama\u00f1o de la pegatina: aprox. 0,5-1 cm. PD: Compra 6 hojas y paga 5 con el c\u00f3digo de INKNAILS  descuento \ud83d\udc96.\" \/>\n<meta property=\"og:url\" content=\"https:\/\/likeink.com\/es\/tatuaje-falso\/nail-stickers-pastel-stars\/\" \/>\n<meta property=\"og:site_name\" content=\"Like ink\" \/>\n<meta property=\"article:publisher\" content=\"https:\/\/www.facebook.com\/LikeInkSe\" \/>\n<meta property=\"article:modified_time\" content=\"2026-02-25T09:27:24+00:00\" \/>\n<meta property=\"og:image\" content=\"https:\/\/likeink.com\/wp-content\/uploads\/2026\/02\/nailartstickers-pastel-stars-likeink.png\" \/>\n\t<meta property=\"og:image:width\" content=\"1024\" \/>\n\t<meta property=\"og:image:height\" content=\"1024\" \/>\n\t<meta property=\"og:image:type\" content=\"image\/png\" \/>\n<meta name=\"twitter:card\" content=\"summary_large_image\" \/>\n<script type=\"application\/ld+json\" class=\"yoast-schema-graph\">{\"@context\":\"https:\\\/\\\/schema.org\",\"@graph\":[{\"@type\":\"WebPage\",\"@id\":\"https:\\\/\\\/likeink.com\\\/es\\\/tatuaje-falso\\\/nail-stickers-pastel-stars\\\/\",\"url\":\"https:\\\/\\\/likeink.com\\\/es\\\/tatuaje-falso\\\/nail-stickers-pastel-stars\\\/\",\"name\":\"Nail stickers Pastel Stars | Like Ink\",\"isPartOf\":{\"@id\":\"https:\\\/\\\/likeink.com\\\/es\\\/#website\"},\"primaryImageOfPage\":{\"@id\":\"https:\\\/\\\/likeink.com\\\/es\\\/tatuaje-falso\\\/nail-stickers-pastel-stars\\\/#primaryimage\"},\"image\":{\"@id\":\"https:\\\/\\\/likeink.com\\\/es\\\/tatuaje-falso\\\/nail-stickers-pastel-stars\\\/#primaryimage\"},\"thumbnailUrl\":\"https:\\\/\\\/likeink.com\\\/wp-content\\\/uploads\\\/2026\\\/02\\\/nailartstickers-pastel-stars-likeink.png\",\"datePublished\":\"2026-02-06T15:02:23+00:00\",\"dateModified\":\"2026-02-25T09:27:24+00:00\",\"description\":\"A\u00f1ade un toque suave de color a tu manicura con Pastel Stars Nail stickers de Like Ink. F\u00e1cil de aplicar y perfecto para crear Nail art - Like ink\",\"breadcrumb\":{\"@id\":\"https:\\\/\\\/likeink.com\\\/es\\\/tatuaje-falso\\\/nail-stickers-pastel-stars\\\/#breadcrumb\"},\"inLanguage\":\"es\",\"potentialAction\":[{\"@type\":\"ReadAction\",\"target\":[\"https:\\\/\\\/likeink.com\\\/es\\\/tatuaje-falso\\\/nail-stickers-pastel-stars\\\/\"]}]},{\"@type\":\"ImageObject\",\"inLanguage\":\"es\",\"@id\":\"https:\\\/\\\/likeink.com\\\/es\\\/tatuaje-falso\\\/nail-stickers-pastel-stars\\\/#primaryimage\",\"url\":\"https:\\\/\\\/likeink.com\\\/wp-content\\\/uploads\\\/2026\\\/02\\\/nailartstickers-pastel-stars-likeink.png\",\"contentUrl\":\"https:\\\/\\\/likeink.com\\\/wp-content\\\/uploads\\\/2026\\\/02\\\/nailartstickers-pastel-stars-likeink.png\",\"width\":1024,\"height\":1024,\"caption\":\"Primer plano de una mano con esmalte de u\u00f1as blanco y peque\u00f1as estrellas de colores rosa, verde, amarillo y azul en cada u\u00f1a. Las u\u00f1as est\u00e1n bien cuidadas.\"},{\"@type\":\"BreadcrumbList\",\"@id\":\"https:\\\/\\\/likeink.com\\\/es\\\/tatuaje-falso\\\/nail-stickers-pastel-stars\\\/#breadcrumb\",\"itemListElement\":[{\"@type\":\"ListItem\",\"position\":1,\"name\":\"Hem\",\"item\":\"https:\\\/\\\/likeink.com\\\/es\\\/\"},{\"@type\":\"ListItem\",\"position\":2,\"name\":\"Shop\",\"item\":\"https:\\\/\\\/likeink.com\\\/es\\\/shop\\\/\"},{\"@type\":\"ListItem\",\"position\":3,\"name\":\"Nail stickers Estrellas pastel\"}]},{\"@type\":\"WebSite\",\"@id\":\"https:\\\/\\\/likeink.com\\\/es\\\/#website\",\"url\":\"https:\\\/\\\/likeink.com\\\/es\\\/\",\"name\":\"Like ink\",\"description\":\"HAZ TUS PROPIOS TATUAJES TEMPORALES\",\"potentialAction\":[{\"@type\":\"SearchAction\",\"target\":{\"@type\":\"EntryPoint\",\"urlTemplate\":\"https:\\\/\\\/likeink.com\\\/es\\\/?s={search_term_string}\"},\"query-input\":{\"@type\":\"PropertyValueSpecification\",\"valueRequired\":true,\"valueName\":\"search_term_string\"}}],\"inLanguage\":\"es\"}]}<\/script>\n<!-- \/ Yoast SEO Premium plugin. -->","yoast_head_json":{"title":"Nail stickers Pastel Stars | Like Ink","description":"A\u00f1ade un toque suave de color a tu manicura con Pastel Stars Nail stickers de Like Ink. F\u00e1cil de aplicar y perfecto para crear Nail art - Like ink","robots":{"index":"index","follow":"follow","max-snippet":"max-snippet:-1","max-image-preview":"max-image-preview:large","max-video-preview":"max-video-preview:-1"},"canonical":"https:\/\/likeink.com\/es\/tatuaje-falso\/nail-stickers-pastel-stars\/","og_locale":"es_ES","og_type":"article","og_title":"Nail stickers Estrellas pastel","og_description":"Nail stickers Pastel Stars Like Ink Nail tattoos \u2013 pastel star Nail stickers . \u00a1Pide Nail stickers con bonitos dise\u00f1os de estrellas en tonos pastel!  Dale a tus u\u00f1as un cambio de estilo r\u00e1pido y divertido con Like Ink Nail stickers \u2013 Pastel Stars. Estas Nail stickers de alta calidad presentan estrellas en suaves tonos pastel, perfectas para crear un look de u\u00f1as bonito, so\u00f1ador o minimalista. F\u00e1ciles de aplicar y c\u00f3modas de llevar, se mantienen en su sitio durante varios d\u00edas sin manchar ni despegarse. Ideales para los amantes de las u\u00f1as de todas las edades, desde ni\u00f1os hasta creativos, y perfectas para el uso diario, fiestas u ocasiones especiales. Sin ensuciar, sin tiempo de secado y sin necesidad de ir al sal\u00f3n de belleza. Solo hay que despegar, pegar y disfrutar de unas u\u00f1as impecables Nail art en cuesti\u00f3n de minutos. C\u00f3mo aplicar Nail stickers  Limpia y seca la u\u00f1a. Elige una pegatina de la hoja y lev\u00e1ntala con cuidado con unas pinzas. Coloca el dise\u00f1o sobre la u\u00f1a y presiona suavemente. Para una mayor durabilidad, aplica una capa de esmalte de acabado. \u00a1Listo! Tama\u00f1o de la hoja: 7 \u00d7 10 cm. N\u00famero de pegatinas: aprox. 80 unidades. Tama\u00f1o de la pegatina: aprox. 0,5-1 cm. PD: Compra 6 hojas y paga 5 con el c\u00f3digo de INKNAILS  descuento \ud83d\udc96.","og_url":"https:\/\/likeink.com\/es\/tatuaje-falso\/nail-stickers-pastel-stars\/","og_site_name":"Like ink","article_publisher":"https:\/\/www.facebook.com\/LikeInkSe","article_modified_time":"2026-02-25T09:27:24+00:00","og_image":[{"width":1024,"height":1024,"url":"https:\/\/likeink.com\/wp-content\/uploads\/2026\/02\/nailartstickers-pastel-stars-likeink.png","type":"image\/png"}],"twitter_card":"summary_large_image","schema":{"@context":"https:\/\/schema.org","@graph":[{"@type":"WebPage","@id":"https:\/\/likeink.com\/es\/tatuaje-falso\/nail-stickers-pastel-stars\/","url":"https:\/\/likeink.com\/es\/tatuaje-falso\/nail-stickers-pastel-stars\/","name":"Nail stickers Pastel Stars | Like Ink","isPartOf":{"@id":"https:\/\/likeink.com\/es\/#website"},"primaryImageOfPage":{"@id":"https:\/\/likeink.com\/es\/tatuaje-falso\/nail-stickers-pastel-stars\/#primaryimage"},"image":{"@id":"https:\/\/likeink.com\/es\/tatuaje-falso\/nail-stickers-pastel-stars\/#primaryimage"},"thumbnailUrl":"https:\/\/likeink.com\/wp-content\/uploads\/2026\/02\/nailartstickers-pastel-stars-likeink.png","datePublished":"2026-02-06T15:02:23+00:00","dateModified":"2026-02-25T09:27:24+00:00","description":"A\u00f1ade un toque suave de color a tu manicura con Pastel Stars Nail stickers de Like Ink. F\u00e1cil de aplicar y perfecto para crear Nail art - Like ink","breadcrumb":{"@id":"https:\/\/likeink.com\/es\/tatuaje-falso\/nail-stickers-pastel-stars\/#breadcrumb"},"inLanguage":"es","potentialAction":[{"@type":"ReadAction","target":["https:\/\/likeink.com\/es\/tatuaje-falso\/nail-stickers-pastel-stars\/"]}]},{"@type":"ImageObject","inLanguage":"es","@id":"https:\/\/likeink.com\/es\/tatuaje-falso\/nail-stickers-pastel-stars\/#primaryimage","url":"https:\/\/likeink.com\/wp-content\/uploads\/2026\/02\/nailartstickers-pastel-stars-likeink.png","contentUrl":"https:\/\/likeink.com\/wp-content\/uploads\/2026\/02\/nailartstickers-pastel-stars-likeink.png","width":1024,"height":1024,"caption":"Primer plano de una mano con esmalte de u\u00f1as blanco y peque\u00f1as estrellas de colores rosa, verde, amarillo y azul en cada u\u00f1a. Las u\u00f1as est\u00e1n bien cuidadas."},{"@type":"BreadcrumbList","@id":"https:\/\/likeink.com\/es\/tatuaje-falso\/nail-stickers-pastel-stars\/#breadcrumb","itemListElement":[{"@type":"ListItem","position":1,"name":"Hem","item":"https:\/\/likeink.com\/es\/"},{"@type":"ListItem","position":2,"name":"Shop","item":"https:\/\/likeink.com\/es\/shop\/"},{"@type":"ListItem","position":3,"name":"Nail stickers Estrellas pastel"}]},{"@type":"WebSite","@id":"https:\/\/likeink.com\/es\/#website","url":"https:\/\/likeink.com\/es\/","name":"Like ink","description":"HAZ TUS PROPIOS TATUAJES TEMPORALES","potentialAction":[{"@type":"SearchAction","target":{"@type":"EntryPoint","urlTemplate":"https:\/\/likeink.com\/es\/?s={search_term_string}"},"query-input":{"@type":"PropertyValueSpecification","valueRequired":true,"valueName":"search_term_string"}}],"inLanguage":"es"}]}},"_links":{"self":[{"href":"https:\/\/likeink.com\/es\/wp-json\/wp\/v2\/product\/58188","targetHints":{"allow":["GET"]}}],"collection":[{"href":"https:\/\/likeink.com\/es\/wp-json\/wp\/v2\/product"}],"about":[{"href":"https:\/\/likeink.com\/es\/wp-json\/wp\/v2\/types\/product"}],"wp:featuredmedia":[{"embeddable":true,"href":"https:\/\/likeink.com\/es\/wp-json\/wp\/v2\/media\/59512"}],"wp:attachment":[{"href":"https:\/\/likeink.com\/es\/wp-json\/wp\/v2\/media?parent=58188"}],"wp:term":[{"taxonomy":"product_brand","embeddable":true,"href":"https:\/\/likeink.com\/es\/wp-json\/wp\/v2\/product_brand?post=58188"},{"taxonomy":"product_cat","embeddable":true,"href":"https:\/\/likeink.com\/es\/wp-json\/wp\/v2\/product_cat?post=58188"},{"taxonomy":"product_tag","embeddable":true,"href":"https:\/\/likeink.com\/es\/wp-json\/wp\/v2\/product_tag?post=58188"}],"curies":[{"name":"wp","href":"https:\/\/api.w.org\/{rel}","templated":true}]}}