{"id":62293,"date":"2026-04-09T08:13:55","date_gmt":"2026-04-09T08:13:55","guid":{"rendered":"https:\/\/likeink.com\/gnuggisar\/colourful-dragron-tattoos\/"},"modified":"2026-04-09T09:18:17","modified_gmt":"2026-04-09T09:18:17","slug":"tatuajes-de-dragon-coloridos","status":"publish","type":"product","link":"https:\/\/likeink.com\/es\/tatuaje-falso\/tatuajes-de-dragon-coloridos\/","title":{"rendered":"Tatuajes de Drag\u00f3n Coloridos"},"content":{"rendered":"","protected":false},"excerpt":{"rendered":"<p>Tatuajes de Drag\u00f3n Coloridos: Estos tatuajes de drag\u00f3n son coloridos y de alta calidad\u2014perfectos para tu pr\u00f3xima fiesta, festival o cualquier evento. Nuestros tatuajes temporales son hipoalerg\u00e9nicos y suaves con la piel, as\u00ed que son seguros de usar.<\/p>\n<h2>Pide ahora una hoja de \u201cTatuajes de Drag\u00f3n Coloridos\u201d y s\u00e9 el m\u00e1s cool en tu pr\u00f3ximo evento.<\/h2>\n<p>Esta hoja lista para usar incluye dos dragones grandes, perfectos para tus brazos, piernas o parte superior del cuerpo. Tambi\u00e9n vienen dos dise\u00f1os de serpiente m\u00e1s peque\u00f1os que puedes colocar en el cuello o la cara para lucir tu estilo m\u00e1s atrevido. Enviamos tus tatuajes en 24 horas. \u00dasalos todos a la vez o guarda algunos para otras ocasiones. Nuestros tatuajes temporales est\u00e1n hechos en Malm\u00f6, Suecia, y son de m\u00e1xima calidad. Estos dragones coloridos son f\u00e1ciles de aplicar y duran entre 2 y 7 d\u00edas.<\/p>\n<p>Todos los tatuajes temporales de Like Ink son:<br \/>\n\u2022 veganos<br \/>\n\u2022 con marcado CE<br \/>\n\u2022 hipoalerg\u00e9nicos<\/p>\n<p><strong>Tama\u00f1o de la hoja:<\/strong> A5<br \/>\n<strong>Tama\u00f1o del tatuaje:<\/strong> 135&#215;112 mm<br \/>\n<strong>N\u00famero de tatuajes:<\/strong> 4<\/p>\n","protected":false},"featured_media":62282,"template":"","meta":[],"product_brand":[],"product_cat":[240,245],"product_tag":[],"class_list":{"0":"post-62293","1":"product","2":"type-product","3":"status-publish","4":"has-post-thumbnail","6":"product_cat-hojas-pre-disenadas","7":"product_cat-tatuajes-de-animales-de-fantasia","9":"first","10":"instock","11":"taxable","12":"shipping-taxable","13":"purchasable","14":"product-type-simple"},"yoast_head":"<!-- This site is optimized with the Yoast SEO Premium plugin v26.2 (Yoast SEO v27.4) - https:\/\/yoast.com\/product\/yoast-seo-premium-wordpress\/ -->\n<title>Tatuajes de Drag\u00f3n Coloridos- Like ink<\/title>\n<meta name=\"description\" content=\"Tatuajes de Drag\u00f3n Coloridos con dise\u00f1os atrevidos y llenos de vida. F\u00e1ciles de aplicar, seguros para la piel y perfectos para festivales, fiestas y la diversi\u00f3n del d\u00eda a d\u00eda.- Like ink\" \/>\n<meta name=\"robots\" content=\"index, follow, max-snippet:-1, max-image-preview:large, max-video-preview:-1\" \/>\n<link rel=\"canonical\" href=\"https:\/\/likeink.com\/es\/tatuaje-falso\/tatuajes-de-dragon-coloridos\/\" \/>\n<meta property=\"og:locale\" content=\"es_ES\" \/>\n<meta property=\"og:type\" content=\"article\" \/>\n<meta property=\"og:title\" content=\"Tatuajes de Drag\u00f3n Coloridos\" \/>\n<meta property=\"og:description\" content=\"Tatuajes de Drag\u00f3n Coloridos: Estos tatuajes de drag\u00f3n son coloridos y de alta calidad\u2014perfectos para tu pr\u00f3xima fiesta, festival o cualquier evento. Nuestros tatuajes temporales son hipoalerg\u00e9nicos y suaves con la piel, as\u00ed que son seguros de usar. Pide ahora una hoja de \u201cTatuajes de Drag\u00f3n Coloridos\u201d y s\u00e9 el m\u00e1s cool en tu pr\u00f3ximo evento. Esta hoja lista para usar incluye dos dragones grandes, perfectos para tus brazos, piernas o parte superior del cuerpo. Tambi\u00e9n vienen dos dise\u00f1os de serpiente m\u00e1s peque\u00f1os que puedes colocar en el cuello o la cara para lucir tu estilo m\u00e1s atrevido. Enviamos tus tatuajes en 24 horas. \u00dasalos todos a la vez o guarda algunos para otras ocasiones. Nuestros tatuajes temporales est\u00e1n hechos en Malm\u00f6, Suecia, y son de m\u00e1xima calidad. Estos dragones coloridos son f\u00e1ciles de aplicar y duran entre 2 y 7 d\u00edas.  Todos los tatuajes temporales de Like Ink son: \u2022 veganos \u2022 con marcado CE \u2022 hipoalerg\u00e9nicos  Tama\u00f1o de la hoja: A5 Tama\u00f1o del tatuaje: 135x112 mm N\u00famero de tatuajes: 4\" \/>\n<meta property=\"og:url\" content=\"https:\/\/likeink.com\/es\/tatuaje-falso\/tatuajes-de-dragon-coloridos\/\" \/>\n<meta property=\"og:site_name\" content=\"Like ink\" \/>\n<meta property=\"article:publisher\" content=\"https:\/\/www.facebook.com\/LikeInkSe\" \/>\n<meta property=\"article:modified_time\" content=\"2026-04-09T09:18:17+00:00\" \/>\n<meta property=\"og:image\" content=\"https:\/\/likeink.com\/wp-content\/uploads\/2026\/04\/Colourful-Dragons-Tattoos-Likeink.jpg\" \/>\n\t<meta property=\"og:image:width\" content=\"1600\" \/>\n\t<meta property=\"og:image:height\" content=\"1127\" \/>\n\t<meta property=\"og:image:type\" content=\"image\/jpeg\" \/>\n<meta name=\"twitter:card\" content=\"summary_large_image\" \/>\n<meta name=\"twitter:label1\" content=\"Tiempo de lectura\" \/>\n\t<meta name=\"twitter:data1\" content=\"1 minuto\" \/>\n<script type=\"application\/ld+json\" class=\"yoast-schema-graph\">{\"@context\":\"https:\\\/\\\/schema.org\",\"@graph\":[{\"@type\":\"WebPage\",\"@id\":\"https:\\\/\\\/likeink.com\\\/es\\\/tatuaje-falso\\\/tatuajes-de-dragon-coloridos\\\/\",\"url\":\"https:\\\/\\\/likeink.com\\\/es\\\/tatuaje-falso\\\/tatuajes-de-dragon-coloridos\\\/\",\"name\":\"Tatuajes de Drag\u00f3n Coloridos- Like ink\",\"isPartOf\":{\"@id\":\"https:\\\/\\\/likeink.com\\\/es\\\/#website\"},\"primaryImageOfPage\":{\"@id\":\"https:\\\/\\\/likeink.com\\\/es\\\/tatuaje-falso\\\/tatuajes-de-dragon-coloridos\\\/#primaryimage\"},\"image\":{\"@id\":\"https:\\\/\\\/likeink.com\\\/es\\\/tatuaje-falso\\\/tatuajes-de-dragon-coloridos\\\/#primaryimage\"},\"thumbnailUrl\":\"https:\\\/\\\/likeink.com\\\/wp-content\\\/uploads\\\/2026\\\/04\\\/Colourful-Dragons-Tattoos-Likeink.jpg\",\"datePublished\":\"2026-04-09T08:13:55+00:00\",\"dateModified\":\"2026-04-09T09:18:17+00:00\",\"description\":\"Tatuajes de Drag\u00f3n Coloridos con dise\u00f1os atrevidos y llenos de vida. F\u00e1ciles de aplicar, seguros para la piel y perfectos para festivales, fiestas y la diversi\u00f3n del d\u00eda a d\u00eda.- Like ink\",\"breadcrumb\":{\"@id\":\"https:\\\/\\\/likeink.com\\\/es\\\/tatuaje-falso\\\/tatuajes-de-dragon-coloridos\\\/#breadcrumb\"},\"inLanguage\":\"es\",\"potentialAction\":[{\"@type\":\"ReadAction\",\"target\":[\"https:\\\/\\\/likeink.com\\\/es\\\/tatuaje-falso\\\/tatuajes-de-dragon-coloridos\\\/\"]}]},{\"@type\":\"ImageObject\",\"inLanguage\":\"es\",\"@id\":\"https:\\\/\\\/likeink.com\\\/es\\\/tatuaje-falso\\\/tatuajes-de-dragon-coloridos\\\/#primaryimage\",\"url\":\"https:\\\/\\\/likeink.com\\\/wp-content\\\/uploads\\\/2026\\\/04\\\/Colourful-Dragons-Tattoos-Likeink.jpg\",\"contentUrl\":\"https:\\\/\\\/likeink.com\\\/wp-content\\\/uploads\\\/2026\\\/04\\\/Colourful-Dragons-Tattoos-Likeink.jpg\",\"width\":1600,\"height\":1127,\"caption\":\"Sobre un fondo blanco, dos coloridos dragones rodeados de flores rosas y dos serpientes enroscadas con escamas estampadas. Los dragones tienen escamas vibrantes y caras expresivas.\"},{\"@type\":\"BreadcrumbList\",\"@id\":\"https:\\\/\\\/likeink.com\\\/es\\\/tatuaje-falso\\\/tatuajes-de-dragon-coloridos\\\/#breadcrumb\",\"itemListElement\":[{\"@type\":\"ListItem\",\"position\":1,\"name\":\"Hem\",\"item\":\"https:\\\/\\\/likeink.com\\\/es\\\/\"},{\"@type\":\"ListItem\",\"position\":2,\"name\":\"Shop\",\"item\":\"https:\\\/\\\/likeink.com\\\/es\\\/shop\\\/\"},{\"@type\":\"ListItem\",\"position\":3,\"name\":\"Tatuajes de Drag\u00f3n Coloridos\"}]},{\"@type\":\"WebSite\",\"@id\":\"https:\\\/\\\/likeink.com\\\/es\\\/#website\",\"url\":\"https:\\\/\\\/likeink.com\\\/es\\\/\",\"name\":\"Like ink\",\"description\":\"HAZ TUS PROPIOS TATUAJES TEMPORALES\",\"potentialAction\":[{\"@type\":\"SearchAction\",\"target\":{\"@type\":\"EntryPoint\",\"urlTemplate\":\"https:\\\/\\\/likeink.com\\\/es\\\/?s={search_term_string}\"},\"query-input\":{\"@type\":\"PropertyValueSpecification\",\"valueRequired\":true,\"valueName\":\"search_term_string\"}}],\"inLanguage\":\"es\"}]}<\/script>\n<!-- \/ Yoast SEO Premium plugin. -->","yoast_head_json":{"title":"Tatuajes de Drag\u00f3n Coloridos- Like ink","description":"Tatuajes de Drag\u00f3n Coloridos con dise\u00f1os atrevidos y llenos de vida. F\u00e1ciles de aplicar, seguros para la piel y perfectos para festivales, fiestas y la diversi\u00f3n del d\u00eda a d\u00eda.- Like ink","robots":{"index":"index","follow":"follow","max-snippet":"max-snippet:-1","max-image-preview":"max-image-preview:large","max-video-preview":"max-video-preview:-1"},"canonical":"https:\/\/likeink.com\/es\/tatuaje-falso\/tatuajes-de-dragon-coloridos\/","og_locale":"es_ES","og_type":"article","og_title":"Tatuajes de Drag\u00f3n Coloridos","og_description":"Tatuajes de Drag\u00f3n Coloridos: Estos tatuajes de drag\u00f3n son coloridos y de alta calidad\u2014perfectos para tu pr\u00f3xima fiesta, festival o cualquier evento. Nuestros tatuajes temporales son hipoalerg\u00e9nicos y suaves con la piel, as\u00ed que son seguros de usar. Pide ahora una hoja de \u201cTatuajes de Drag\u00f3n Coloridos\u201d y s\u00e9 el m\u00e1s cool en tu pr\u00f3ximo evento. Esta hoja lista para usar incluye dos dragones grandes, perfectos para tus brazos, piernas o parte superior del cuerpo. Tambi\u00e9n vienen dos dise\u00f1os de serpiente m\u00e1s peque\u00f1os que puedes colocar en el cuello o la cara para lucir tu estilo m\u00e1s atrevido. Enviamos tus tatuajes en 24 horas. \u00dasalos todos a la vez o guarda algunos para otras ocasiones. Nuestros tatuajes temporales est\u00e1n hechos en Malm\u00f6, Suecia, y son de m\u00e1xima calidad. Estos dragones coloridos son f\u00e1ciles de aplicar y duran entre 2 y 7 d\u00edas.  Todos los tatuajes temporales de Like Ink son: \u2022 veganos \u2022 con marcado CE \u2022 hipoalerg\u00e9nicos  Tama\u00f1o de la hoja: A5 Tama\u00f1o del tatuaje: 135x112 mm N\u00famero de tatuajes: 4","og_url":"https:\/\/likeink.com\/es\/tatuaje-falso\/tatuajes-de-dragon-coloridos\/","og_site_name":"Like ink","article_publisher":"https:\/\/www.facebook.com\/LikeInkSe","article_modified_time":"2026-04-09T09:18:17+00:00","og_image":[{"width":1600,"height":1127,"url":"https:\/\/likeink.com\/wp-content\/uploads\/2026\/04\/Colourful-Dragons-Tattoos-Likeink.jpg","type":"image\/jpeg"}],"twitter_card":"summary_large_image","twitter_misc":{"Tiempo de lectura":"1 minuto"},"schema":{"@context":"https:\/\/schema.org","@graph":[{"@type":"WebPage","@id":"https:\/\/likeink.com\/es\/tatuaje-falso\/tatuajes-de-dragon-coloridos\/","url":"https:\/\/likeink.com\/es\/tatuaje-falso\/tatuajes-de-dragon-coloridos\/","name":"Tatuajes de Drag\u00f3n Coloridos- Like ink","isPartOf":{"@id":"https:\/\/likeink.com\/es\/#website"},"primaryImageOfPage":{"@id":"https:\/\/likeink.com\/es\/tatuaje-falso\/tatuajes-de-dragon-coloridos\/#primaryimage"},"image":{"@id":"https:\/\/likeink.com\/es\/tatuaje-falso\/tatuajes-de-dragon-coloridos\/#primaryimage"},"thumbnailUrl":"https:\/\/likeink.com\/wp-content\/uploads\/2026\/04\/Colourful-Dragons-Tattoos-Likeink.jpg","datePublished":"2026-04-09T08:13:55+00:00","dateModified":"2026-04-09T09:18:17+00:00","description":"Tatuajes de Drag\u00f3n Coloridos con dise\u00f1os atrevidos y llenos de vida. F\u00e1ciles de aplicar, seguros para la piel y perfectos para festivales, fiestas y la diversi\u00f3n del d\u00eda a d\u00eda.- Like ink","breadcrumb":{"@id":"https:\/\/likeink.com\/es\/tatuaje-falso\/tatuajes-de-dragon-coloridos\/#breadcrumb"},"inLanguage":"es","potentialAction":[{"@type":"ReadAction","target":["https:\/\/likeink.com\/es\/tatuaje-falso\/tatuajes-de-dragon-coloridos\/"]}]},{"@type":"ImageObject","inLanguage":"es","@id":"https:\/\/likeink.com\/es\/tatuaje-falso\/tatuajes-de-dragon-coloridos\/#primaryimage","url":"https:\/\/likeink.com\/wp-content\/uploads\/2026\/04\/Colourful-Dragons-Tattoos-Likeink.jpg","contentUrl":"https:\/\/likeink.com\/wp-content\/uploads\/2026\/04\/Colourful-Dragons-Tattoos-Likeink.jpg","width":1600,"height":1127,"caption":"Sobre un fondo blanco, dos coloridos dragones rodeados de flores rosas y dos serpientes enroscadas con escamas estampadas. Los dragones tienen escamas vibrantes y caras expresivas."},{"@type":"BreadcrumbList","@id":"https:\/\/likeink.com\/es\/tatuaje-falso\/tatuajes-de-dragon-coloridos\/#breadcrumb","itemListElement":[{"@type":"ListItem","position":1,"name":"Hem","item":"https:\/\/likeink.com\/es\/"},{"@type":"ListItem","position":2,"name":"Shop","item":"https:\/\/likeink.com\/es\/shop\/"},{"@type":"ListItem","position":3,"name":"Tatuajes de Drag\u00f3n Coloridos"}]},{"@type":"WebSite","@id":"https:\/\/likeink.com\/es\/#website","url":"https:\/\/likeink.com\/es\/","name":"Like ink","description":"HAZ TUS PROPIOS TATUAJES TEMPORALES","potentialAction":[{"@type":"SearchAction","target":{"@type":"EntryPoint","urlTemplate":"https:\/\/likeink.com\/es\/?s={search_term_string}"},"query-input":{"@type":"PropertyValueSpecification","valueRequired":true,"valueName":"search_term_string"}}],"inLanguage":"es"}]}},"_links":{"self":[{"href":"https:\/\/likeink.com\/es\/wp-json\/wp\/v2\/product\/62293","targetHints":{"allow":["GET"]}}],"collection":[{"href":"https:\/\/likeink.com\/es\/wp-json\/wp\/v2\/product"}],"about":[{"href":"https:\/\/likeink.com\/es\/wp-json\/wp\/v2\/types\/product"}],"wp:featuredmedia":[{"embeddable":true,"href":"https:\/\/likeink.com\/es\/wp-json\/wp\/v2\/media\/62282"}],"wp:attachment":[{"href":"https:\/\/likeink.com\/es\/wp-json\/wp\/v2\/media?parent=62293"}],"wp:term":[{"taxonomy":"product_brand","embeddable":true,"href":"https:\/\/likeink.com\/es\/wp-json\/wp\/v2\/product_brand?post=62293"},{"taxonomy":"product_cat","embeddable":true,"href":"https:\/\/likeink.com\/es\/wp-json\/wp\/v2\/product_cat?post=62293"},{"taxonomy":"product_tag","embeddable":true,"href":"https:\/\/likeink.com\/es\/wp-json\/wp\/v2\/product_tag?post=62293"}],"curies":[{"name":"wp","href":"https:\/\/api.w.org\/{rel}","templated":true}]}}