{"id":63534,"date":"2026-04-23T07:32:30","date_gmt":"2026-04-23T07:32:30","guid":{"rendered":"https:\/\/likeink.com\/?post_type=product&#038;p=63534"},"modified":"2026-04-23T08:06:38","modified_gmt":"2026-04-23T08:06:38","slug":"matt-machine-big-panther","status":"publish","type":"product","link":"https:\/\/likeink.com\/es\/tatuaje-falso\/matt-machine-big-panther\/","title":{"rendered":"Matt Machine &#8220;Big Panther&#8221;"},"content":{"rendered":"","protected":false},"excerpt":{"rendered":"<p>Las hojas listas para usar de tatuajes temporales de Like Ink miden aproximadamente 20\u00d714 cm y contienen los dise\u00f1os que se muestran en la imagen. Imprimimos y enviamos dentro de las 24 horas posteriores a tu pedido. Los tatuajes son elegantes, de alta calidad, f\u00e1ciles de aplicar y f\u00e1ciles de quitar. Like Ink cumple con todas las normativas de la UE para productos cosm\u00e9ticos, por lo que puedes hacer tu pedido con confianza. Esta hoja de tatuajes temporales incluye, entre otros, un \u00e1guila y una pantera. Perfecta para ti si te gustan los tatuajes grandes y llamativos.<\/p>\n<h2><strong>Tatuajes temporales dise\u00f1ados por el tatuador Mattias, tambi\u00e9n conocido como Matt Machine<\/strong><\/h2>\n<p>Esta hoja est\u00e1 dise\u00f1ada por Mattias Andersson, tambi\u00e9n conocido como Matt Machine, un tatuador popular y experimentado con sede en Kung\u00e4lv. Mattias ha dirigido su estudio privado durante aproximadamente 12 a\u00f1os y trabaja \u00fanicamente con cita previa. Le han gustado los tatuajes desde la infancia y es conocido tanto por tatuajes peque\u00f1os y sencillos como por proyectos m\u00e1s grandes y personalizados. Su pasi\u00f3n por los tatuajes y su fuerte conexi\u00f3n con sus clientes son una gran parte de lo que hace que su trabajo sea \u00fanico.<\/p>\n<p><strong>Encuentra a Mattias aqu\u00ed:<\/strong><br \/>\nInstagram: @straydogstattoo<br \/>\nStudio: @straydogstattoo<br \/>\nUbicaci\u00f3n: G\u00f6teborg \/ Kung\u00e4lv<\/p>\n<p>Tama\u00f1o de la hoja: A5<br \/>\nN\u00famero de tatuajes: 5<br \/>\nTama\u00f1o de los tatuajes: aprox. 6-9 cm<\/p>\n","protected":false},"featured_media":63524,"template":"","meta":[],"product_brand":[],"product_cat":[504,240,510],"product_tag":[],"class_list":{"0":"post-63534","1":"product","2":"type-product","3":"status-publish","4":"has-post-thumbnail","6":"product_cat-colaboraciones-con-tatuadores","7":"product_cat-hojas-pre-disenadas","8":"product_cat-old-school-retro-es","10":"first","11":"instock","12":"taxable","13":"shipping-taxable","14":"purchasable","15":"product-type-simple"},"yoast_head":"<!-- This site is optimized with the Yoast SEO Premium plugin v26.2 (Yoast SEO v27.4) - https:\/\/yoast.com\/product\/yoast-seo-premium-wordpress\/ -->\n<title>Matt Machine &quot;Big Panther&quot; - Like ink<\/title>\n<meta name=\"description\" content=\"Tatuajes temporales Matt Machine &quot;Big Panther&quot; con dise\u00f1os cl\u00e1sicos de tatuajes como pantera y \u00e1guila. Alta calidad y f\u00e1cil aplicaci\u00f3n.\" \/>\n<meta name=\"robots\" content=\"index, follow, max-snippet:-1, max-image-preview:large, max-video-preview:-1\" \/>\n<link rel=\"canonical\" href=\"https:\/\/likeink.com\/es\/tatuaje-falso\/matt-machine-big-panther\/\" \/>\n<meta property=\"og:locale\" content=\"es_ES\" \/>\n<meta property=\"og:type\" content=\"article\" \/>\n<meta property=\"og:title\" content=\"Matt Machine &quot;Big Panther&quot;\" \/>\n<meta property=\"og:description\" content=\"Las hojas listas para usar de tatuajes temporales de Like Ink miden aproximadamente 20\u00d714 cm y contienen los dise\u00f1os que se muestran en la imagen. Imprimimos y enviamos dentro de las 24 horas posteriores a tu pedido. Los tatuajes son elegantes, de alta calidad, f\u00e1ciles de aplicar y f\u00e1ciles de quitar. Like Ink cumple con todas las normativas de la UE para productos cosm\u00e9ticos, por lo que puedes hacer tu pedido con confianza. Esta hoja de tatuajes temporales incluye, entre otros, un \u00e1guila y una pantera. Perfecta para ti si te gustan los tatuajes grandes y llamativos. Tatuajes temporales dise\u00f1ados por el tatuador Mattias, tambi\u00e9n conocido como Matt Machine Esta hoja est\u00e1 dise\u00f1ada por Mattias Andersson, tambi\u00e9n conocido como Matt Machine, un tatuador popular y experimentado con sede en Kung\u00e4lv. Mattias ha dirigido su estudio privado durante aproximadamente 12 a\u00f1os y trabaja \u00fanicamente con cita previa. Le han gustado los tatuajes desde la infancia y es conocido tanto por tatuajes peque\u00f1os y sencillos como por proyectos m\u00e1s grandes y personalizados. Su pasi\u00f3n por los tatuajes y su fuerte conexi\u00f3n con sus clientes son una gran parte de lo que hace que su trabajo sea \u00fanico.  Encuentra a Mattias aqu\u00ed: Instagram: @straydogstattoo Studio: @straydogstattoo Ubicaci\u00f3n: G\u00f6teborg \/ Kung\u00e4lv  Tama\u00f1o de la hoja: A5 N\u00famero de tatuajes: 5 Tama\u00f1o de los tatuajes: aprox. 6-9 cm\" \/>\n<meta property=\"og:url\" content=\"https:\/\/likeink.com\/es\/tatuaje-falso\/matt-machine-big-panther\/\" \/>\n<meta property=\"og:site_name\" content=\"Like ink\" \/>\n<meta property=\"article:publisher\" content=\"https:\/\/www.facebook.com\/LikeInkSe\" \/>\n<meta property=\"article:modified_time\" content=\"2026-04-23T08:06:38+00:00\" \/>\n<meta property=\"og:image\" content=\"https:\/\/likeink.com\/wp-content\/uploads\/2026\/04\/BigPantherTattoo-MattMachine-Likeink.png\" \/>\n\t<meta property=\"og:image:width\" content=\"1400\" \/>\n\t<meta property=\"og:image:height\" content=\"986\" \/>\n\t<meta property=\"og:image:type\" content=\"image\/png\" \/>\n<meta name=\"twitter:card\" content=\"summary_large_image\" \/>\n<meta name=\"twitter:label1\" content=\"Tiempo de lectura\" \/>\n\t<meta name=\"twitter:data1\" content=\"1 minuto\" \/>\n<!-- \/ Yoast SEO Premium plugin. -->","yoast_head_json":{"title":"Matt Machine \"Big Panther\" - Like ink","description":"Tatuajes temporales Matt Machine \"Big Panther\" con dise\u00f1os cl\u00e1sicos de tatuajes como pantera y \u00e1guila. Alta calidad y f\u00e1cil aplicaci\u00f3n.","robots":{"index":"index","follow":"follow","max-snippet":"max-snippet:-1","max-image-preview":"max-image-preview:large","max-video-preview":"max-video-preview:-1"},"canonical":"https:\/\/likeink.com\/es\/tatuaje-falso\/matt-machine-big-panther\/","og_locale":"es_ES","og_type":"article","og_title":"Matt Machine \"Big Panther\"","og_description":"Las hojas listas para usar de tatuajes temporales de Like Ink miden aproximadamente 20\u00d714 cm y contienen los dise\u00f1os que se muestran en la imagen. Imprimimos y enviamos dentro de las 24 horas posteriores a tu pedido. Los tatuajes son elegantes, de alta calidad, f\u00e1ciles de aplicar y f\u00e1ciles de quitar. Like Ink cumple con todas las normativas de la UE para productos cosm\u00e9ticos, por lo que puedes hacer tu pedido con confianza. Esta hoja de tatuajes temporales incluye, entre otros, un \u00e1guila y una pantera. Perfecta para ti si te gustan los tatuajes grandes y llamativos. Tatuajes temporales dise\u00f1ados por el tatuador Mattias, tambi\u00e9n conocido como Matt Machine Esta hoja est\u00e1 dise\u00f1ada por Mattias Andersson, tambi\u00e9n conocido como Matt Machine, un tatuador popular y experimentado con sede en Kung\u00e4lv. Mattias ha dirigido su estudio privado durante aproximadamente 12 a\u00f1os y trabaja \u00fanicamente con cita previa. Le han gustado los tatuajes desde la infancia y es conocido tanto por tatuajes peque\u00f1os y sencillos como por proyectos m\u00e1s grandes y personalizados. Su pasi\u00f3n por los tatuajes y su fuerte conexi\u00f3n con sus clientes son una gran parte de lo que hace que su trabajo sea \u00fanico.  Encuentra a Mattias aqu\u00ed: Instagram: @straydogstattoo Studio: @straydogstattoo Ubicaci\u00f3n: G\u00f6teborg \/ Kung\u00e4lv  Tama\u00f1o de la hoja: A5 N\u00famero de tatuajes: 5 Tama\u00f1o de los tatuajes: aprox. 6-9 cm","og_url":"https:\/\/likeink.com\/es\/tatuaje-falso\/matt-machine-big-panther\/","og_site_name":"Like ink","article_publisher":"https:\/\/www.facebook.com\/LikeInkSe","article_modified_time":"2026-04-23T08:06:38+00:00","og_image":[{"width":1400,"height":986,"url":"https:\/\/likeink.com\/wp-content\/uploads\/2026\/04\/BigPantherTattoo-MattMachine-Likeink.png","type":"image\/png"}],"twitter_card":"summary_large_image","twitter_misc":{"Tiempo de lectura":"1 minuto"},"schema":{"@context":"https:\/\/schema.org","@graph":[{"@type":"WebPage","@id":"https:\/\/likeink.com\/es\/tatuaje-falso\/matt-machine-big-panther\/","url":"https:\/\/likeink.com\/es\/tatuaje-falso\/matt-machine-big-panther\/","name":"Matt Machine \"Big Panther\" - Like ink","isPartOf":{"@id":"https:\/\/likeink.com\/es\/#website"},"primaryImageOfPage":{"@id":"https:\/\/likeink.com\/es\/tatuaje-falso\/matt-machine-big-panther\/#primaryimage"},"image":{"@id":"https:\/\/likeink.com\/es\/tatuaje-falso\/matt-machine-big-panther\/#primaryimage"},"thumbnailUrl":"https:\/\/likeink.com\/wp-content\/uploads\/2026\/04\/BigPantherTattoo-MattMachine-Likeink.png","datePublished":"2026-04-23T07:32:30+00:00","dateModified":"2026-04-23T08:06:38+00:00","description":"Tatuajes temporales Matt Machine \"Big Panther\" con dise\u00f1os cl\u00e1sicos de tatuajes como pantera y \u00e1guila. Alta calidad y f\u00e1cil aplicaci\u00f3n.","breadcrumb":{"@id":"https:\/\/likeink.com\/es\/tatuaje-falso\/matt-machine-big-panther\/#breadcrumb"},"inLanguage":"es","potentialAction":[{"@type":"ReadAction","target":["https:\/\/likeink.com\/es\/tatuaje-falso\/matt-machine-big-panther\/"]}]},{"@type":"ImageObject","inLanguage":"es","@id":"https:\/\/likeink.com\/es\/tatuaje-falso\/matt-machine-big-panther\/#primaryimage","url":"https:\/\/likeink.com\/wp-content\/uploads\/2026\/04\/BigPantherTattoo-MattMachine-Likeink.png","contentUrl":"https:\/\/likeink.com\/wp-content\/uploads\/2026\/04\/BigPantherTattoo-MattMachine-Likeink.png","width":1400,"height":986,"caption":"Una colecci\u00f3n de dise\u00f1os tradicionales de estilo tatuaje, que incluye una pantera negra gru\u00f1endo, una mujer con un tocado, un \u00e1guila, un aguacate con cara y un perro que sostiene un hueso con la etiqueta WIENER."},{"@type":"BreadcrumbList","@id":"https:\/\/likeink.com\/es\/tatuaje-falso\/matt-machine-big-panther\/#breadcrumb","itemListElement":[{"@type":"ListItem","position":1,"name":"Hem","item":"https:\/\/likeink.com\/es\/"},{"@type":"ListItem","position":2,"name":"Shop","item":"https:\/\/likeink.com\/es\/shop\/"},{"@type":"ListItem","position":3,"name":"Matt Machine &#8220;Big Panther&#8221;"}]},{"@type":"WebSite","@id":"https:\/\/likeink.com\/es\/#website","url":"https:\/\/likeink.com\/es\/","name":"Like ink","description":"HAZ TUS PROPIOS TATUAJES TEMPORALES","potentialAction":[{"@type":"SearchAction","target":{"@type":"EntryPoint","urlTemplate":"https:\/\/likeink.com\/es\/?s={search_term_string}"},"query-input":{"@type":"PropertyValueSpecification","valueRequired":true,"valueName":"search_term_string"}}],"inLanguage":"es"}]}},"_links":{"self":[{"href":"https:\/\/likeink.com\/es\/wp-json\/wp\/v2\/product\/63534","targetHints":{"allow":["GET"]}}],"collection":[{"href":"https:\/\/likeink.com\/es\/wp-json\/wp\/v2\/product"}],"about":[{"href":"https:\/\/likeink.com\/es\/wp-json\/wp\/v2\/types\/product"}],"wp:featuredmedia":[{"embeddable":true,"href":"https:\/\/likeink.com\/es\/wp-json\/wp\/v2\/media\/63524"}],"wp:attachment":[{"href":"https:\/\/likeink.com\/es\/wp-json\/wp\/v2\/media?parent=63534"}],"wp:term":[{"taxonomy":"product_brand","embeddable":true,"href":"https:\/\/likeink.com\/es\/wp-json\/wp\/v2\/product_brand?post=63534"},{"taxonomy":"product_cat","embeddable":true,"href":"https:\/\/likeink.com\/es\/wp-json\/wp\/v2\/product_cat?post=63534"},{"taxonomy":"product_tag","embeddable":true,"href":"https:\/\/likeink.com\/es\/wp-json\/wp\/v2\/product_tag?post=63534"}],"curies":[{"name":"wp","href":"https:\/\/api.w.org\/{rel}","templated":true}]}}