{"id":64133,"date":"2026-04-29T09:36:07","date_gmt":"2026-04-29T09:36:07","guid":{"rendered":"https:\/\/likeink.com\/?post_type=product&#038;p=64133"},"modified":"2026-04-29T11:15:51","modified_gmt":"2026-04-29T11:15:51","slug":"gender-reveal-temporara-tatueringar","status":"publish","type":"product","link":"https:\/\/likeink.com\/es\/tatuaje-falso\/gender-reveal-temporara-tatueringar\/","title":{"rendered":"&#8220;Gender Reveal&#8221; tatuajes temporales"},"content":{"rendered":"","protected":false},"excerpt":{"rendered":"<p>Esta hoja contiene tatuajes temporales con un bonito dise\u00f1o para un &#8220;Gender Reveal&#8221;. \u00bfQu\u00e9 crees que ser\u00e1? \u00bfNi\u00f1a o ni\u00f1o? Las hojas listas de Like Ink con tatuajes temporales miden aproximadamente 20\u00d714 cm e incluyen los dise\u00f1os que se muestran en la imagen. Imprimimos y enviamos dentro de las 24 horas posteriores a tu pedido. Los tatuajes son elegantes, de alta calidad, f\u00e1ciles de aplicar y f\u00e1ciles de quitar. Like Ink cumple con todas las normativas de la UE para productos cosm\u00e9ticos, por lo que puedes hacer tu pedido con tranquilidad.<\/p>\n<h2><strong>&#8220;Gender Reveal&#8221; tatuajes temporales con dise\u00f1o I vote girls y I vote boys<\/strong><\/h2>\n<p>Esta hoja contiene 4 tatuajes \u201cI vote girls\u201d y 4 tatuajes \u201cI vote boys\u201d. La hoja tambi\u00e9n incluye peque\u00f1os corazones, estrellas, osos, mariposas y lazos.<\/p>\n<p>Esto es perfecto para ti si est\u00e1s planeando una fiesta o baby shower. Esta hoja ayuda a crear una celebraci\u00f3n divertida que nadie olvidar\u00e1. Aseg\u00farate de tener suficientes para que todos en la fiesta puedan probarlos y elegir entre \u201cI vote boys\u201d y \u201cI vote girls\u201d.<\/p>\n<p><strong>Tama\u00f1o de la hoja:<\/strong> A5<\/p>\n<p><strong>N\u00famero de tatuajes:<\/strong> 8 grandes, aprox. 20 peque\u00f1os<\/p>\n<p><strong>Tama\u00f1o de los tatuajes grandes:<\/strong> 5 cm<\/p>\n<p><strong>Tama\u00f1o de los tatuajes peque\u00f1os:<\/strong> 1 cm<\/p>\n","protected":false},"featured_media":64110,"template":"","meta":[],"product_brand":[],"product_cat":[558,516,55],"product_tag":[],"class_list":{"0":"post-64133","1":"product","2":"type-product","3":"status-publish","4":"has-post-thumbnail","6":"product_cat-liebe-romantik","7":"product_cat-kostuem-saison","8":"product_cat-fertige-boegen","10":"first","11":"instock","12":"taxable","13":"shipping-taxable","14":"purchasable","15":"product-type-simple"},"yoast_head":"<!-- This site is optimized with the Yoast SEO Premium plugin v26.2 (Yoast SEO v27.5) - https:\/\/yoast.com\/product\/yoast-seo-premium-wordpress\/ -->\n<title>&quot;Gender Reveal&quot; tatuajes temporales - I vote girs &amp; boys - Like ink<\/title>\n<meta name=\"description\" content=\"Compra &quot;Gender Reveal&quot; tatuajes temporales con Team Girl y Team Boy. F\u00e1ciles de aplicar, respetuosos con la piel y divertidos para todos los invitados.\" \/>\n<meta name=\"robots\" content=\"index, follow, max-snippet:-1, max-image-preview:large, max-video-preview:-1\" \/>\n<link rel=\"canonical\" href=\"https:\/\/likeink.com\/es\/tatuaje-falso\/gender-reveal-temporara-tatueringar\/\" \/>\n<meta property=\"og:locale\" content=\"es_ES\" \/>\n<meta property=\"og:type\" content=\"article\" \/>\n<meta property=\"og:title\" content=\"&quot;Gender Reveal&quot; tatuajes temporales\" \/>\n<meta property=\"og:description\" content=\"Esta hoja contiene tatuajes temporales con un bonito dise\u00f1o para un &quot;Gender Reveal&quot;. \u00bfQu\u00e9 crees que ser\u00e1? \u00bfNi\u00f1a o ni\u00f1o? Las hojas listas de Like Ink con tatuajes temporales miden aproximadamente 20\u00d714 cm e incluyen los dise\u00f1os que se muestran en la imagen. Imprimimos y enviamos dentro de las 24 horas posteriores a tu pedido. Los tatuajes son elegantes, de alta calidad, f\u00e1ciles de aplicar y f\u00e1ciles de quitar. Like Ink cumple con todas las normativas de la UE para productos cosm\u00e9ticos, por lo que puedes hacer tu pedido con tranquilidad. &quot;Gender Reveal&quot; tatuajes temporales con dise\u00f1o I vote girls y I vote boys Esta hoja contiene 4 tatuajes \u201cI vote girls\u201d y 4 tatuajes \u201cI vote boys\u201d. La hoja tambi\u00e9n incluye peque\u00f1os corazones, estrellas, osos, mariposas y lazos.  Esto es perfecto para ti si est\u00e1s planeando una fiesta o baby shower. Esta hoja ayuda a crear una celebraci\u00f3n divertida que nadie olvidar\u00e1. Aseg\u00farate de tener suficientes para que todos en la fiesta puedan probarlos y elegir entre \u201cI vote boys\u201d y \u201cI vote girls\u201d.  Tama\u00f1o de la hoja: A5  N\u00famero de tatuajes: 8 grandes, aprox. 20 peque\u00f1os  Tama\u00f1o de los tatuajes grandes: 5 cm  Tama\u00f1o de los tatuajes peque\u00f1os: 1 cm\" \/>\n<meta property=\"og:url\" content=\"https:\/\/likeink.com\/es\/tatuaje-falso\/gender-reveal-temporara-tatueringar\/\" \/>\n<meta property=\"og:site_name\" content=\"Like ink\" \/>\n<meta property=\"article:publisher\" content=\"https:\/\/www.facebook.com\/LikeInkSe\" \/>\n<meta property=\"article:modified_time\" content=\"2026-04-29T11:15:51+00:00\" \/>\n<meta property=\"og:image\" content=\"https:\/\/likeink.com\/wp-content\/uploads\/2026\/04\/Gender-revial-tattoos-likeink.jpg\" \/>\n\t<meta property=\"og:image:width\" content=\"1800\" \/>\n\t<meta property=\"og:image:height\" content=\"1268\" \/>\n\t<meta property=\"og:image:type\" content=\"image\/jpeg\" \/>\n<meta name=\"twitter:card\" content=\"summary_large_image\" \/>\n<meta name=\"twitter:label1\" content=\"Tiempo de lectura\" \/>\n\t<meta name=\"twitter:data1\" content=\"1 minuto\" \/>\n<!-- \/ Yoast SEO Premium plugin. -->","yoast_head_json":{"title":"\"Gender Reveal\" tatuajes temporales - I vote girs & boys - Like ink","description":"Compra \"Gender Reveal\" tatuajes temporales con Team Girl y Team Boy. F\u00e1ciles de aplicar, respetuosos con la piel y divertidos para todos los invitados.","robots":{"index":"index","follow":"follow","max-snippet":"max-snippet:-1","max-image-preview":"max-image-preview:large","max-video-preview":"max-video-preview:-1"},"canonical":"https:\/\/likeink.com\/es\/tatuaje-falso\/gender-reveal-temporara-tatueringar\/","og_locale":"es_ES","og_type":"article","og_title":"\"Gender Reveal\" tatuajes temporales","og_description":"Esta hoja contiene tatuajes temporales con un bonito dise\u00f1o para un \"Gender Reveal\". \u00bfQu\u00e9 crees que ser\u00e1? \u00bfNi\u00f1a o ni\u00f1o? Las hojas listas de Like Ink con tatuajes temporales miden aproximadamente 20\u00d714 cm e incluyen los dise\u00f1os que se muestran en la imagen. Imprimimos y enviamos dentro de las 24 horas posteriores a tu pedido. Los tatuajes son elegantes, de alta calidad, f\u00e1ciles de aplicar y f\u00e1ciles de quitar. Like Ink cumple con todas las normativas de la UE para productos cosm\u00e9ticos, por lo que puedes hacer tu pedido con tranquilidad. \"Gender Reveal\" tatuajes temporales con dise\u00f1o I vote girls y I vote boys Esta hoja contiene 4 tatuajes \u201cI vote girls\u201d y 4 tatuajes \u201cI vote boys\u201d. La hoja tambi\u00e9n incluye peque\u00f1os corazones, estrellas, osos, mariposas y lazos.  Esto es perfecto para ti si est\u00e1s planeando una fiesta o baby shower. Esta hoja ayuda a crear una celebraci\u00f3n divertida que nadie olvidar\u00e1. Aseg\u00farate de tener suficientes para que todos en la fiesta puedan probarlos y elegir entre \u201cI vote boys\u201d y \u201cI vote girls\u201d.  Tama\u00f1o de la hoja: A5  N\u00famero de tatuajes: 8 grandes, aprox. 20 peque\u00f1os  Tama\u00f1o de los tatuajes grandes: 5 cm  Tama\u00f1o de los tatuajes peque\u00f1os: 1 cm","og_url":"https:\/\/likeink.com\/es\/tatuaje-falso\/gender-reveal-temporara-tatueringar\/","og_site_name":"Like ink","article_publisher":"https:\/\/www.facebook.com\/LikeInkSe","article_modified_time":"2026-04-29T11:15:51+00:00","og_image":[{"width":1800,"height":1268,"url":"https:\/\/likeink.com\/wp-content\/uploads\/2026\/04\/Gender-revial-tattoos-likeink.jpg","type":"image\/jpeg"}],"twitter_card":"summary_large_image","twitter_misc":{"Tiempo de lectura":"1 minuto"},"schema":{"@context":"https:\/\/schema.org","@graph":[{"@type":"WebPage","@id":"https:\/\/likeink.com\/es\/tatuaje-falso\/gender-reveal-temporara-tatueringar\/","url":"https:\/\/likeink.com\/es\/tatuaje-falso\/gender-reveal-temporara-tatueringar\/","name":"\"Gender Reveal\" tatuajes temporales - I vote girs & boys - Like ink","isPartOf":{"@id":"https:\/\/likeink.com\/es\/#website"},"primaryImageOfPage":{"@id":"https:\/\/likeink.com\/es\/tatuaje-falso\/gender-reveal-temporara-tatueringar\/#primaryimage"},"image":{"@id":"https:\/\/likeink.com\/es\/tatuaje-falso\/gender-reveal-temporara-tatueringar\/#primaryimage"},"thumbnailUrl":"https:\/\/likeink.com\/wp-content\/uploads\/2026\/04\/Gender-revial-tattoos-likeink.jpg","datePublished":"2026-04-29T09:36:07+00:00","dateModified":"2026-04-29T11:15:51+00:00","description":"Compra \"Gender Reveal\" tatuajes temporales con Team Girl y Team Boy. F\u00e1ciles de aplicar, respetuosos con la piel y divertidos para todos los invitados.","breadcrumb":{"@id":"https:\/\/likeink.com\/es\/tatuaje-falso\/gender-reveal-temporara-tatueringar\/#breadcrumb"},"inLanguage":"es","potentialAction":[{"@type":"ReadAction","target":["https:\/\/likeink.com\/es\/tatuaje-falso\/gender-reveal-temporara-tatueringar\/"]}]},{"@type":"ImageObject","inLanguage":"es","@id":"https:\/\/likeink.com\/es\/tatuaje-falso\/gender-reveal-temporara-tatueringar\/#primaryimage","url":"https:\/\/likeink.com\/wp-content\/uploads\/2026\/04\/Gender-revial-tattoos-likeink.jpg","contentUrl":"https:\/\/likeink.com\/wp-content\/uploads\/2026\/04\/Gender-revial-tattoos-likeink.jpg","width":1800,"height":1268,"caption":"Un estampado de \"I VOTE Girls\" en rosa y \"I VOTE Boys\" en azul, rodeado de corazones rojos, estrellas y garabatos de osos y lazos sobre fondo blanco."},{"@type":"BreadcrumbList","@id":"https:\/\/likeink.com\/es\/tatuaje-falso\/gender-reveal-temporara-tatueringar\/#breadcrumb","itemListElement":[{"@type":"ListItem","position":1,"name":"Hem","item":"https:\/\/likeink.com\/es\/"},{"@type":"ListItem","position":2,"name":"Shop","item":"https:\/\/likeink.com\/es\/shop\/"},{"@type":"ListItem","position":3,"name":"&#8220;Gender Reveal&#8221; tatuajes temporales"}]},{"@type":"WebSite","@id":"https:\/\/likeink.com\/es\/#website","url":"https:\/\/likeink.com\/es\/","name":"Like ink","description":"HAZ TUS PROPIOS TATUAJES TEMPORALES","potentialAction":[{"@type":"SearchAction","target":{"@type":"EntryPoint","urlTemplate":"https:\/\/likeink.com\/es\/?s={search_term_string}"},"query-input":{"@type":"PropertyValueSpecification","valueRequired":true,"valueName":"search_term_string"}}],"inLanguage":"es"}]}},"_links":{"self":[{"href":"https:\/\/likeink.com\/es\/wp-json\/wp\/v2\/product\/64133","targetHints":{"allow":["GET"]}}],"collection":[{"href":"https:\/\/likeink.com\/es\/wp-json\/wp\/v2\/product"}],"about":[{"href":"https:\/\/likeink.com\/es\/wp-json\/wp\/v2\/types\/product"}],"wp:featuredmedia":[{"embeddable":true,"href":"https:\/\/likeink.com\/es\/wp-json\/wp\/v2\/media\/64110"}],"wp:attachment":[{"href":"https:\/\/likeink.com\/es\/wp-json\/wp\/v2\/media?parent=64133"}],"wp:term":[{"taxonomy":"product_brand","embeddable":true,"href":"https:\/\/likeink.com\/es\/wp-json\/wp\/v2\/product_brand?post=64133"},{"taxonomy":"product_cat","embeddable":true,"href":"https:\/\/likeink.com\/es\/wp-json\/wp\/v2\/product_cat?post=64133"},{"taxonomy":"product_tag","embeddable":true,"href":"https:\/\/likeink.com\/es\/wp-json\/wp\/v2\/product_tag?post=64133"}],"curies":[{"name":"wp","href":"https:\/\/api.w.org\/{rel}","templated":true}]}}