{"id":64773,"date":"2026-05-08T07:49:16","date_gmt":"2026-05-08T07:49:16","guid":{"rendered":"https:\/\/likeink.com\/?post_type=product&#038;p=64773"},"modified":"2026-05-08T09:57:01","modified_gmt":"2026-05-08T09:57:01","slug":"tatuajes-dia-de-la-madre","status":"publish","type":"product","link":"https:\/\/likeink.com\/es\/tatuaje-falso\/tatuajes-dia-de-la-madre\/","title":{"rendered":"Tatuajes del D\u00eda de la Madre"},"content":{"rendered":"","protected":false},"excerpt":{"rendered":"<p>Esta hoja contiene bonitos tatuajes temporales para el D\u00eda de la Madre. Compra estos tatuajes para demostrarle a tu madre cu\u00e1nto significa para ti. Esta hoja incluye corazones y flores con texto bonito. Las hojas listas de tatuajes temporales de Like Ink miden aproximadamente 20\u00d714 cm e incluyen los dise\u00f1os que se muestran en la imagen. Imprimimos y enviamos dentro de las 24 horas posteriores a tu pedido. Los tatuajes son elegantes, de alta calidad, f\u00e1ciles de aplicar y f\u00e1ciles de lavar. Like Ink cumple todas las normas de la UE para productos cosm\u00e9ticos, por lo que puedes comprar con total confianza.<\/p>\n<h2><strong> Tatuajes temporales con motivos de corazones y flores para el D\u00eda de la Madre <\/strong><\/h2>\n<p>Esta hoja incluye corazones y flores, tanto con texto como sin texto.<\/p>\n<p>Esta hoja contiene 8 tatuajes temporales grandes. Tambi\u00e9n incluye 12 tatuajes m\u00e1s peque\u00f1os. Los tatuajes grandes son perfectos como decoraci\u00f3n en superficies lisas y tambi\u00e9n se pueden usar en el cuerpo como tatuajes temporales. Los tatuajes peque\u00f1os son perfectos para colocar en la cara o en las manos, pero tambi\u00e9n se pueden usar como decoraci\u00f3n.<\/p>\n<p><strong>Tama\u00f1o de la hoja:<\/strong> A5<br \/>\n<strong>N\u00famero de tatuajes:<\/strong> 8 grandes, 12 peque\u00f1os<br \/>\n<strong>Tama\u00f1o de los tatuajes grandes:<\/strong> 4-6 cm<br \/>\n<strong>Tama\u00f1o de los tatuajes peque\u00f1os:<\/strong> 0,7-1,5 cm<\/p>\n","protected":false},"featured_media":64691,"template":"","meta":[],"product_brand":[],"product_cat":[517,240,510],"product_tag":[],"class_list":{"0":"post-64773","1":"product","2":"type-product","3":"status-publish","4":"has-post-thumbnail","6":"product_cat-disfraz-temporada","7":"product_cat-hojas-pre-disenadas","8":"product_cat-old-school-y-retro","10":"first","11":"instock","12":"taxable","13":"shipping-taxable","14":"purchasable","15":"product-type-simple"},"yoast_head":"<!-- This site is optimized with the Yoast SEO Premium plugin v27.5 (Yoast SEO v27.6) - https:\/\/yoast.com\/product\/yoast-seo-premium-wordpress\/ -->\n<title>Tatuajes del D\u00eda de la Madre - Like ink<\/title>\n<meta name=\"description\" content=\"Tatuajes del D\u00eda de la Madre con corazones, rosas y dise\u00f1os con el texto &quot;Mom&quot; y &quot;I love Mom&quot;. Bonitos tatuajes temporales para celebrar el D\u00eda de la Madre.\" \/>\n<meta name=\"robots\" content=\"index, follow, max-snippet:-1, max-image-preview:large, max-video-preview:-1\" \/>\n<link rel=\"canonical\" href=\"https:\/\/likeink.com\/es\/tatuaje-falso\/tatuajes-dia-de-la-madre\/\" \/>\n<meta property=\"og:locale\" content=\"es_ES\" \/>\n<meta property=\"og:type\" content=\"article\" \/>\n<meta property=\"og:title\" content=\"Tatuajes del D\u00eda de la Madre\" \/>\n<meta property=\"og:description\" content=\"Esta hoja contiene bonitos tatuajes temporales para el D\u00eda de la Madre. Compra estos tatuajes para demostrarle a tu madre cu\u00e1nto significa para ti. Esta hoja incluye corazones y flores con texto bonito. Las hojas listas de tatuajes temporales de Like Ink miden aproximadamente 20\u00d714 cm e incluyen los dise\u00f1os que se muestran en la imagen. Imprimimos y enviamos dentro de las 24 horas posteriores a tu pedido. Los tatuajes son elegantes, de alta calidad, f\u00e1ciles de aplicar y f\u00e1ciles de lavar. Like Ink cumple todas las normas de la UE para productos cosm\u00e9ticos, por lo que puedes comprar con total confianza.  Tatuajes temporales con motivos de corazones y flores para el D\u00eda de la Madre  Esta hoja incluye corazones y flores, tanto con texto como sin texto.  Esta hoja contiene 8 tatuajes temporales grandes. Tambi\u00e9n incluye 12 tatuajes m\u00e1s peque\u00f1os. Los tatuajes grandes son perfectos como decoraci\u00f3n en superficies lisas y tambi\u00e9n se pueden usar en el cuerpo como tatuajes temporales. Los tatuajes peque\u00f1os son perfectos para colocar en la cara o en las manos, pero tambi\u00e9n se pueden usar como decoraci\u00f3n.  Tama\u00f1o de la hoja: A5 N\u00famero de tatuajes: 8 grandes, 12 peque\u00f1os Tama\u00f1o de los tatuajes grandes: 4-6 cm Tama\u00f1o de los tatuajes peque\u00f1os: 0,7-1,5 cm\" \/>\n<meta property=\"og:url\" content=\"https:\/\/likeink.com\/es\/tatuaje-falso\/tatuajes-dia-de-la-madre\/\" \/>\n<meta property=\"og:site_name\" content=\"Like ink\" \/>\n<meta property=\"article:publisher\" content=\"https:\/\/www.facebook.com\/LikeInkSe\" \/>\n<meta property=\"article:modified_time\" content=\"2026-05-08T09:57:01+00:00\" \/>\n<meta property=\"og:image\" content=\"https:\/\/likeink.com\/wp-content\/uploads\/2026\/05\/Mom-TemporaryTattoos-Likeink.jpg\" \/>\n\t<meta property=\"og:image:width\" content=\"1800\" \/>\n\t<meta property=\"og:image:height\" content=\"1268\" \/>\n\t<meta property=\"og:image:type\" content=\"image\/jpeg\" \/>\n<meta name=\"twitter:card\" content=\"summary_large_image\" \/>\n<meta name=\"twitter:label1\" content=\"Tiempo de lectura\" \/>\n\t<meta name=\"twitter:data1\" content=\"1 minuto\" \/>\n<!-- \/ Yoast SEO Premium plugin. -->","yoast_head_json":{"title":"Tatuajes del D\u00eda de la Madre - Like ink","description":"Tatuajes del D\u00eda de la Madre con corazones, rosas y dise\u00f1os con el texto \"Mom\" y \"I love Mom\". Bonitos tatuajes temporales para celebrar el D\u00eda de la Madre.","robots":{"index":"index","follow":"follow","max-snippet":"max-snippet:-1","max-image-preview":"max-image-preview:large","max-video-preview":"max-video-preview:-1"},"canonical":"https:\/\/likeink.com\/es\/tatuaje-falso\/tatuajes-dia-de-la-madre\/","og_locale":"es_ES","og_type":"article","og_title":"Tatuajes del D\u00eda de la Madre","og_description":"Esta hoja contiene bonitos tatuajes temporales para el D\u00eda de la Madre. Compra estos tatuajes para demostrarle a tu madre cu\u00e1nto significa para ti. Esta hoja incluye corazones y flores con texto bonito. Las hojas listas de tatuajes temporales de Like Ink miden aproximadamente 20\u00d714 cm e incluyen los dise\u00f1os que se muestran en la imagen. Imprimimos y enviamos dentro de las 24 horas posteriores a tu pedido. Los tatuajes son elegantes, de alta calidad, f\u00e1ciles de aplicar y f\u00e1ciles de lavar. Like Ink cumple todas las normas de la UE para productos cosm\u00e9ticos, por lo que puedes comprar con total confianza.  Tatuajes temporales con motivos de corazones y flores para el D\u00eda de la Madre  Esta hoja incluye corazones y flores, tanto con texto como sin texto.  Esta hoja contiene 8 tatuajes temporales grandes. Tambi\u00e9n incluye 12 tatuajes m\u00e1s peque\u00f1os. Los tatuajes grandes son perfectos como decoraci\u00f3n en superficies lisas y tambi\u00e9n se pueden usar en el cuerpo como tatuajes temporales. Los tatuajes peque\u00f1os son perfectos para colocar en la cara o en las manos, pero tambi\u00e9n se pueden usar como decoraci\u00f3n.  Tama\u00f1o de la hoja: A5 N\u00famero de tatuajes: 8 grandes, 12 peque\u00f1os Tama\u00f1o de los tatuajes grandes: 4-6 cm Tama\u00f1o de los tatuajes peque\u00f1os: 0,7-1,5 cm","og_url":"https:\/\/likeink.com\/es\/tatuaje-falso\/tatuajes-dia-de-la-madre\/","og_site_name":"Like ink","article_publisher":"https:\/\/www.facebook.com\/LikeInkSe","article_modified_time":"2026-05-08T09:57:01+00:00","og_image":[{"width":1800,"height":1268,"url":"https:\/\/likeink.com\/wp-content\/uploads\/2026\/05\/Mom-TemporaryTattoos-Likeink.jpg","type":"image\/jpeg"}],"twitter_card":"summary_large_image","twitter_misc":{"Tiempo de lectura":"1 minuto"},"schema":{"@context":"https:\/\/schema.org","@graph":[{"@type":"WebPage","@id":"https:\/\/likeink.com\/es\/tatuaje-falso\/tatuajes-dia-de-la-madre\/","url":"https:\/\/likeink.com\/es\/tatuaje-falso\/tatuajes-dia-de-la-madre\/","name":"Tatuajes del D\u00eda de la Madre - Like ink","isPartOf":{"@id":"https:\/\/likeink.com\/es\/#website"},"primaryImageOfPage":{"@id":"https:\/\/likeink.com\/es\/tatuaje-falso\/tatuajes-dia-de-la-madre\/#primaryimage"},"image":{"@id":"https:\/\/likeink.com\/es\/tatuaje-falso\/tatuajes-dia-de-la-madre\/#primaryimage"},"thumbnailUrl":"https:\/\/likeink.com\/wp-content\/uploads\/2026\/05\/Mom-TemporaryTattoos-Likeink.jpg","datePublished":"2026-05-08T07:49:16+00:00","dateModified":"2026-05-08T09:57:01+00:00","description":"Tatuajes del D\u00eda de la Madre con corazones, rosas y dise\u00f1os con el texto \"Mom\" y \"I love Mom\". Bonitos tatuajes temporales para celebrar el D\u00eda de la Madre.","breadcrumb":{"@id":"https:\/\/likeink.com\/es\/tatuaje-falso\/tatuajes-dia-de-la-madre\/#breadcrumb"},"inLanguage":"es","potentialAction":[{"@type":"ReadAction","target":["https:\/\/likeink.com\/es\/tatuaje-falso\/tatuajes-dia-de-la-madre\/"]}]},{"@type":"ImageObject","inLanguage":"es","@id":"https:\/\/likeink.com\/es\/tatuaje-falso\/tatuajes-dia-de-la-madre\/#primaryimage","url":"https:\/\/likeink.com\/wp-content\/uploads\/2026\/05\/Mom-TemporaryTattoos-Likeink.jpg","contentUrl":"https:\/\/likeink.com\/wp-content\/uploads\/2026\/05\/Mom-TemporaryTattoos-Likeink.jpg","width":1800,"height":1268,"caption":"Ilustraciones estilo tatuaje de corazones y rosas rojas, algunas con pancartas beige en las que se lee MOM o I \u2665 MOM, esparcidas sobre un fondo blanco."},{"@type":"BreadcrumbList","@id":"https:\/\/likeink.com\/es\/tatuaje-falso\/tatuajes-dia-de-la-madre\/#breadcrumb","itemListElement":[{"@type":"ListItem","position":1,"name":"Hem","item":"https:\/\/likeink.com\/es\/"},{"@type":"ListItem","position":2,"name":"Shop","item":"https:\/\/likeink.com\/es\/shop\/"},{"@type":"ListItem","position":3,"name":"Tatuajes del D\u00eda de la Madre"}]},{"@type":"WebSite","@id":"https:\/\/likeink.com\/es\/#website","url":"https:\/\/likeink.com\/es\/","name":"Like ink","description":"HAZ TUS PROPIOS TATUAJES TEMPORALES","potentialAction":[{"@type":"SearchAction","target":{"@type":"EntryPoint","urlTemplate":"https:\/\/likeink.com\/es\/?s={search_term_string}"},"query-input":{"@type":"PropertyValueSpecification","valueRequired":true,"valueName":"search_term_string"}}],"inLanguage":"es"}]}},"_links":{"self":[{"href":"https:\/\/likeink.com\/es\/wp-json\/wp\/v2\/product\/64773","targetHints":{"allow":["GET"]}}],"collection":[{"href":"https:\/\/likeink.com\/es\/wp-json\/wp\/v2\/product"}],"about":[{"href":"https:\/\/likeink.com\/es\/wp-json\/wp\/v2\/types\/product"}],"wp:featuredmedia":[{"embeddable":true,"href":"https:\/\/likeink.com\/es\/wp-json\/wp\/v2\/media\/64691"}],"wp:attachment":[{"href":"https:\/\/likeink.com\/es\/wp-json\/wp\/v2\/media?parent=64773"}],"wp:term":[{"taxonomy":"product_brand","embeddable":true,"href":"https:\/\/likeink.com\/es\/wp-json\/wp\/v2\/product_brand?post=64773"},{"taxonomy":"product_cat","embeddable":true,"href":"https:\/\/likeink.com\/es\/wp-json\/wp\/v2\/product_cat?post=64773"},{"taxonomy":"product_tag","embeddable":true,"href":"https:\/\/likeink.com\/es\/wp-json\/wp\/v2\/product_tag?post=64773"}],"curies":[{"name":"wp","href":"https:\/\/api.w.org\/{rel}","templated":true}]}}