{"id":65116,"date":"2021-02-18T13:25:15","date_gmt":"2021-02-18T13:25:15","guid":{"rendered":"https:\/\/likeink.com\/gnuggisar\/flash-1-by-kain-at-zoi-tattoo\/"},"modified":"2026-05-12T11:24:00","modified_gmt":"2026-05-12T11:24:00","slug":"flash-pentagram-by-kain-toro-at-zoi-tattoo","status":"publish","type":"product","link":"https:\/\/likeink.com\/es\/tatuaje-falso\/flash-pentagram-by-kain-toro-at-zoi-tattoo\/","title":{"rendered":"Flash &#8220;Pentagram&#8221; de Kain Toro en Zoi Tattoo"},"content":{"rendered":"","protected":false},"excerpt":{"rendered":"<p>Nuestras hojas listas de tatuajes temporales miden aproximadamente 20\u00d715 cm y est\u00e1n llenas con el dise\u00f1o que ves en la imagen. Para asegurarnos de que quedes satisfecho, imprimimos y enviamos la hoja dentro de las 24 horas posteriores a tu pedido.<\/p>\n<h2>Tatuajes temporales de Kain<\/h2>\n<p>Esta hoja est\u00e1 dise\u00f1ada por el talentoso tatuador Kain Toro en Zoi Tattoo.<\/p>\n<p><strong>Este es Kain:<\/strong> Un tatuador supertalentoso de Colombia que trabaja en Zoi Tattoo en Malm\u00f6, Suecia. A Kain le encanta el black and grey, las calaveras y el rock n roll. Hace unos a\u00f1os, Kain me tatu\u00f3 un ancla en el antebrazo. Me impresion\u00f3 lo r\u00e1pido que tatuaba, lo finas que quedaban las l\u00edneas y su atenci\u00f3n al detalle.<br \/>\n\u00a1Nos emociona poder ofrecer algunos de los dise\u00f1os de Kain como tatuajes temporales!<\/p>\n<p><strong>Contacta con Kain:<\/strong><\/p>\n<p><strong>Instagram:<\/strong><\/p>\n<p>@6kain6<\/p>\n<p><strong>Estudio:<\/strong><\/p>\n<p>Zoi Tattoo<\/p>\n<p><strong>Direcci\u00f3n:<\/strong><\/p>\n<p>Stora Nygatan 42, MALM\u00d6<\/p>\n<p><strong>Sitio web:<\/strong> https:\/\/www.zoitattoo.com<\/p>\n","protected":false},"featured_media":11380,"template":"","meta":[],"product_brand":[],"product_cat":[504,240],"product_tag":[],"class_list":{"0":"post-65116","1":"product","2":"type-product","3":"status-publish","4":"has-post-thumbnail","6":"product_cat-colaboraciones-con-tatuadores","7":"product_cat-hojas-pre-disenadas","9":"first","10":"instock","11":"taxable","12":"shipping-taxable","13":"purchasable","14":"product-type-simple"},"yoast_head":"<!-- This site is optimized with the Yoast SEO Premium plugin v27.5 (Yoast SEO v27.6) - https:\/\/yoast.com\/product\/yoast-seo-premium-wordpress\/ -->\n<title>Flash &quot;Pentagram&quot; de Kain Toro en Zoi Tattoo<\/title>\n<meta name=\"description\" content=\"Tatuaje de pentagrama: compra un fake tattoos flash sheet con dise\u00f1o del tatuador Kain en Zoi Ink. Hoja A5 por 98 kr, entrega r\u00e1pida y env\u00edo gratis.\" \/>\n<meta name=\"robots\" content=\"index, follow, max-snippet:-1, max-image-preview:large, max-video-preview:-1\" \/>\n<link rel=\"canonical\" href=\"https:\/\/likeink.com\/es\/tatuaje-falso\/flash-pentagram-by-kain-toro-at-zoi-tattoo\/\" \/>\n<meta property=\"og:locale\" content=\"es_ES\" \/>\n<meta property=\"og:type\" content=\"article\" \/>\n<meta property=\"og:title\" content=\"Flash &quot;Pentagram&quot; de Kain Toro en Zoi Tattoo\" \/>\n<meta property=\"og:description\" content=\"Nuestras hojas listas de tatuajes temporales miden aproximadamente 20\u00d715 cm y est\u00e1n llenas con el dise\u00f1o que ves en la imagen. Para asegurarnos de que quedes satisfecho, imprimimos y enviamos la hoja dentro de las 24 horas posteriores a tu pedido. Tatuajes temporales de Kain Esta hoja est\u00e1 dise\u00f1ada por el talentoso tatuador Kain Toro en Zoi Tattoo.  Este es Kain: Un tatuador supertalentoso de Colombia que trabaja en Zoi Tattoo en Malm\u00f6, Suecia. A Kain le encanta el black and grey, las calaveras y el rock n roll. Hace unos a\u00f1os, Kain me tatu\u00f3 un ancla en el antebrazo. Me impresion\u00f3 lo r\u00e1pido que tatuaba, lo finas que quedaban las l\u00edneas y su atenci\u00f3n al detalle. \u00a1Nos emociona poder ofrecer algunos de los dise\u00f1os de Kain como tatuajes temporales!  Contacta con Kain:  Instagram:  @6kain6  Estudio:  Zoi Tattoo  Direcci\u00f3n:  Stora Nygatan 42, MALM\u00d6  Sitio web: https:\/\/www.zoitattoo.com\" \/>\n<meta property=\"og:url\" content=\"https:\/\/likeink.com\/es\/tatuaje-falso\/flash-pentagram-by-kain-toro-at-zoi-tattoo\/\" \/>\n<meta property=\"og:site_name\" content=\"Like ink\" \/>\n<meta property=\"article:publisher\" content=\"https:\/\/www.facebook.com\/LikeInkSe\" \/>\n<meta property=\"article:modified_time\" content=\"2026-05-12T11:24:00+00:00\" \/>\n<meta property=\"og:image\" content=\"https:\/\/likeink.com\/wp-content\/uploads\/2021\/02\/Kain4-TRYCK-e1613654184334.jpg\" \/>\n\t<meta property=\"og:image:width\" content=\"1135\" \/>\n\t<meta property=\"og:image:height\" content=\"800\" \/>\n\t<meta property=\"og:image:type\" content=\"image\/jpeg\" \/>\n<meta name=\"twitter:card\" content=\"summary_large_image\" \/>\n<meta name=\"twitter:label1\" content=\"Tiempo de lectura\" \/>\n\t<meta name=\"twitter:data1\" content=\"1 minuto\" \/>\n<!-- \/ Yoast SEO Premium plugin. -->","yoast_head_json":{"title":"Flash \"Pentagram\" de Kain Toro en Zoi Tattoo","description":"Tatuaje de pentagrama: compra un fake tattoos flash sheet con dise\u00f1o del tatuador Kain en Zoi Ink. Hoja A5 por 98 kr, entrega r\u00e1pida y env\u00edo gratis.","robots":{"index":"index","follow":"follow","max-snippet":"max-snippet:-1","max-image-preview":"max-image-preview:large","max-video-preview":"max-video-preview:-1"},"canonical":"https:\/\/likeink.com\/es\/tatuaje-falso\/flash-pentagram-by-kain-toro-at-zoi-tattoo\/","og_locale":"es_ES","og_type":"article","og_title":"Flash \"Pentagram\" de Kain Toro en Zoi Tattoo","og_description":"Nuestras hojas listas de tatuajes temporales miden aproximadamente 20\u00d715 cm y est\u00e1n llenas con el dise\u00f1o que ves en la imagen. Para asegurarnos de que quedes satisfecho, imprimimos y enviamos la hoja dentro de las 24 horas posteriores a tu pedido. Tatuajes temporales de Kain Esta hoja est\u00e1 dise\u00f1ada por el talentoso tatuador Kain Toro en Zoi Tattoo.  Este es Kain: Un tatuador supertalentoso de Colombia que trabaja en Zoi Tattoo en Malm\u00f6, Suecia. A Kain le encanta el black and grey, las calaveras y el rock n roll. Hace unos a\u00f1os, Kain me tatu\u00f3 un ancla en el antebrazo. Me impresion\u00f3 lo r\u00e1pido que tatuaba, lo finas que quedaban las l\u00edneas y su atenci\u00f3n al detalle. \u00a1Nos emociona poder ofrecer algunos de los dise\u00f1os de Kain como tatuajes temporales!  Contacta con Kain:  Instagram:  @6kain6  Estudio:  Zoi Tattoo  Direcci\u00f3n:  Stora Nygatan 42, MALM\u00d6  Sitio web: https:\/\/www.zoitattoo.com","og_url":"https:\/\/likeink.com\/es\/tatuaje-falso\/flash-pentagram-by-kain-toro-at-zoi-tattoo\/","og_site_name":"Like ink","article_publisher":"https:\/\/www.facebook.com\/LikeInkSe","article_modified_time":"2026-05-12T11:24:00+00:00","og_image":[{"width":1135,"height":800,"url":"https:\/\/likeink.com\/wp-content\/uploads\/2021\/02\/Kain4-TRYCK-e1613654184334.jpg","type":"image\/jpeg"}],"twitter_card":"summary_large_image","twitter_misc":{"Tiempo de lectura":"1 minuto"},"schema":{"@context":"https:\/\/schema.org","@graph":[{"@type":"WebPage","@id":"https:\/\/likeink.com\/es\/tatuaje-falso\/flash-pentagram-by-kain-toro-at-zoi-tattoo\/","url":"https:\/\/likeink.com\/es\/tatuaje-falso\/flash-pentagram-by-kain-toro-at-zoi-tattoo\/","name":"Flash \"Pentagram\" de Kain Toro en Zoi Tattoo","isPartOf":{"@id":"https:\/\/likeink.com\/es\/#website"},"primaryImageOfPage":{"@id":"https:\/\/likeink.com\/es\/tatuaje-falso\/flash-pentagram-by-kain-toro-at-zoi-tattoo\/#primaryimage"},"image":{"@id":"https:\/\/likeink.com\/es\/tatuaje-falso\/flash-pentagram-by-kain-toro-at-zoi-tattoo\/#primaryimage"},"thumbnailUrl":"https:\/\/likeink.com\/wp-content\/uploads\/2021\/02\/Kain4-TRYCK-e1613654184334.jpg","datePublished":"2021-02-18T13:25:15+00:00","dateModified":"2026-05-12T11:24:00+00:00","description":"Tatuaje de pentagrama: compra un fake tattoos flash sheet con dise\u00f1o del tatuador Kain en Zoi Ink. Hoja A5 por 98 kr, entrega r\u00e1pida y env\u00edo gratis.","breadcrumb":{"@id":"https:\/\/likeink.com\/es\/tatuaje-falso\/flash-pentagram-by-kain-toro-at-zoi-tattoo\/#breadcrumb"},"inLanguage":"es","potentialAction":[{"@type":"ReadAction","target":["https:\/\/likeink.com\/es\/tatuaje-falso\/flash-pentagram-by-kain-toro-at-zoi-tattoo\/"]}]},{"@type":"ImageObject","inLanguage":"es","@id":"https:\/\/likeink.com\/es\/tatuaje-falso\/flash-pentagram-by-kain-toro-at-zoi-tattoo\/#primaryimage","url":"https:\/\/likeink.com\/wp-content\/uploads\/2021\/02\/Kain4-TRYCK-e1613654184334.jpg","contentUrl":"https:\/\/likeink.com\/wp-content\/uploads\/2021\/02\/Kain4-TRYCK-e1613654184334.jpg","width":1135,"height":800,"caption":"Tattoo designs by Kan Toro."},{"@type":"BreadcrumbList","@id":"https:\/\/likeink.com\/es\/tatuaje-falso\/flash-pentagram-by-kain-toro-at-zoi-tattoo\/#breadcrumb","itemListElement":[{"@type":"ListItem","position":1,"name":"Hem","item":"https:\/\/likeink.com\/es\/"},{"@type":"ListItem","position":2,"name":"Shop","item":"https:\/\/likeink.com\/es\/shop\/"},{"@type":"ListItem","position":3,"name":"Flash &#8220;Pentagram&#8221; de Kain Toro en Zoi Tattoo"}]},{"@type":"WebSite","@id":"https:\/\/likeink.com\/es\/#website","url":"https:\/\/likeink.com\/es\/","name":"Like ink","description":"HAZ TUS PROPIOS TATUAJES TEMPORALES","potentialAction":[{"@type":"SearchAction","target":{"@type":"EntryPoint","urlTemplate":"https:\/\/likeink.com\/es\/?s={search_term_string}"},"query-input":{"@type":"PropertyValueSpecification","valueRequired":true,"valueName":"search_term_string"}}],"inLanguage":"es"}]}},"_links":{"self":[{"href":"https:\/\/likeink.com\/es\/wp-json\/wp\/v2\/product\/65116","targetHints":{"allow":["GET"]}}],"collection":[{"href":"https:\/\/likeink.com\/es\/wp-json\/wp\/v2\/product"}],"about":[{"href":"https:\/\/likeink.com\/es\/wp-json\/wp\/v2\/types\/product"}],"wp:featuredmedia":[{"embeddable":true,"href":"https:\/\/likeink.com\/es\/wp-json\/wp\/v2\/media\/11380"}],"wp:attachment":[{"href":"https:\/\/likeink.com\/es\/wp-json\/wp\/v2\/media?parent=65116"}],"wp:term":[{"taxonomy":"product_brand","embeddable":true,"href":"https:\/\/likeink.com\/es\/wp-json\/wp\/v2\/product_brand?post=65116"},{"taxonomy":"product_cat","embeddable":true,"href":"https:\/\/likeink.com\/es\/wp-json\/wp\/v2\/product_cat?post=65116"},{"taxonomy":"product_tag","embeddable":true,"href":"https:\/\/likeink.com\/es\/wp-json\/wp\/v2\/product_tag?post=65116"}],"curies":[{"name":"wp","href":"https:\/\/api.w.org\/{rel}","templated":true}]}}