{"id":13753,"date":"2022-10-04T14:19:06","date_gmt":"2022-10-04T14:19:06","guid":{"rendered":"https:\/\/likeink.se\/halloween-tatuoinnit\/"},"modified":"2025-10-18T08:40:16","modified_gmt":"2025-10-18T08:40:16","slug":"halloween-tatuoinnit","status":"publish","type":"page","link":"https:\/\/likeink.com\/fi\/halloween-tatuoinnit\/","title":{"rendered":"Halloween tatuoinnit"},"content":{"rendered":"\t\t<div data-elementor-type=\"wp-page\" data-elementor-id=\"13753\" class=\"elementor elementor-13753 elementor-13773\" data-elementor-post-type=\"page\">\n\t\t\t\t<div class=\"elementor-element elementor-element-b408474 e-flex e-con-boxed e-con e-parent\" data-id=\"b408474\" data-element_type=\"container\">\n\t\t\t\t\t<div class=\"e-con-inner\">\n\t\t<div class=\"elementor-element elementor-element-c3f0080 e-con-full e-flex e-con e-child\" data-id=\"c3f0080\" data-element_type=\"container\">\n\t\t\t\t<div class=\"elementor-element elementor-element-a5172fa elementor-widget elementor-widget-heading\" data-id=\"a5172fa\" data-element_type=\"widget\" data-widget_type=\"heading.default\">\n\t\t\t\t<div class=\"elementor-widget-container\">\n\t\t\t\t\t<h1 class=\"elementor-heading-title elementor-size-default\">Halloween tatuoinnit<\/h1>\t\t\t\t<\/div>\n\t\t\t\t<\/div>\n\t\t\t\t<div class=\"elementor-element elementor-element-11b154e elementor-widget elementor-widget-text-editor\" data-id=\"11b154e\" data-element_type=\"widget\" data-widget_type=\"text-editor.default\">\n\t\t\t\t<div class=\"elementor-widget-container\">\n\t\t\t\t\t\t\t\t\t<p>Jos olet menossa halloween-juhliin, haluat pelotella oveen koputtelevia kujeilevia lapsia tai loihtia ty\u00f6paikalle erityist\u00e4 halloween-tunnelmaa, meilt\u00e4 Like inkist\u00e4 l\u00f6yd\u00e4t mit\u00e4 parhaimman valikoiman uniikkeja iirtotatuointeja.<\/p>\t\t\t\t\t\t\t\t<\/div>\n\t\t\t\t<\/div>\n\t\t\t\t<\/div>\n\t\t\t\t\t<\/div>\n\t\t\t\t<\/div>\n\t\t<div class=\"elementor-element elementor-element-57db83f e-flex e-con-boxed e-con e-parent\" data-id=\"57db83f\" data-element_type=\"container\">\n\t\t\t\t\t<div class=\"e-con-inner\">\n\t\t<div class=\"elementor-element elementor-element-4fe78ac e-con-full e-flex e-con e-child\" data-id=\"4fe78ac\" data-element_type=\"container\">\n\t\t<div class=\"elementor-element elementor-element-427e82e e-con-full e-flex e-con e-child\" data-id=\"427e82e\" data-element_type=\"container\">\n\t\t<div class=\"elementor-element elementor-element-357f2e7 e-grid e-con-full e-con e-child\" data-id=\"357f2e7\" data-element_type=\"container\">\n\t\t\t\t<div class=\"elementor-element elementor-element-be4b719 elementor-widget elementor-widget-image\" data-id=\"be4b719\" data-element_type=\"widget\" data-widget_type=\"image.default\">\n\t\t\t\t<div class=\"elementor-widget-container\">\n\t\t\t\t\t\t\t\t\t\t\t\t\t\t\t<img decoding=\"async\" width=\"900\" height=\"1126\" src=\"https:\/\/likeink.com\/wp-content\/uploads\/2024\/10\/halloween_left_4.jpg\" class=\"attachment-full size-full wp-image-33116\" alt=\"En person som b\u00e4r en dekorativ vit mask med rosa m\u00f6nster tittar uppm\u00e4rksamt. Deras hand, upp till ansiktet, visar ett falskt blodigt s\u00e5r med exponerade muskler smink-perfekt feikkitatuointeja Halloweeniin. Den dramatiska belysningen har r\u00f6da inslag.\" srcset=\"https:\/\/likeink.com\/wp-content\/uploads\/2024\/10\/halloween_left_4.jpg 900w, https:\/\/likeink.com\/wp-content\/uploads\/2024\/10\/halloween_left_4-240x300.jpg 240w, https:\/\/likeink.com\/wp-content\/uploads\/2024\/10\/halloween_left_4-818x1024.jpg 818w, https:\/\/likeink.com\/wp-content\/uploads\/2024\/10\/halloween_left_4-768x961.jpg 768w, https:\/\/likeink.com\/wp-content\/uploads\/2024\/10\/halloween_left_4-310x388.jpg 310w, https:\/\/likeink.com\/wp-content\/uploads\/2024\/10\/halloween_left_4-660x826.jpg 660w\" sizes=\"(max-width: 900px) 100vw, 900px\" \/>\t\t\t\t\t\t\t\t\t\t\t\t\t\t\t<\/div>\n\t\t\t\t<\/div>\n\t\t\t\t<div class=\"elementor-element elementor-element-61e567d elementor-widget elementor-widget-image\" data-id=\"61e567d\" data-element_type=\"widget\" data-widget_type=\"image.default\">\n\t\t\t\t<div class=\"elementor-widget-container\">\n\t\t\t\t\t\t\t\t\t\t\t\t\t\t\t<img decoding=\"async\" width=\"238\" height=\"298\" src=\"https:\/\/likeink.com\/wp-content\/uploads\/2024\/10\/halloween3-1.gif\" class=\"attachment-full size-full wp-image-33101\" alt=\"En person med l\u00e5nga, svarta, blanka naglar r\u00f6r vid sin kind, som \u00e4r dekorerad med svart och silverf\u00e4rgad makeup som liknar sydda \u00e4rr - perfekt f\u00f6r feikkitatuointeja Halloweeniin. De har fl\u00e4tat blont h\u00e5r och b\u00e4r ett r\u00f6tt plagg.\" \/>\t\t\t\t\t\t\t\t\t\t\t\t\t\t\t<\/div>\n\t\t\t\t<\/div>\n\t\t\t\t<\/div>\n\t\t\t\t<\/div>\n\t\t\t\t<\/div>\n\t\t\t\t\t<\/div>\n\t\t\t\t<\/div>\n\t\t<div class=\"elementor-element elementor-element-ea312c6 elementor-hidden-mobile e-flex e-con-boxed e-con e-parent\" data-id=\"ea312c6\" data-element_type=\"container\">\n\t\t\t\t\t<div class=\"e-con-inner\">\n\t\t<div class=\"elementor-element elementor-element-92c833e e-con-full e-flex e-con e-child\" data-id=\"92c833e\" data-element_type=\"container\">\n\t\t<div class=\"elementor-element elementor-element-1fe13a0 e-grid e-con-full e-con e-child\" data-id=\"1fe13a0\" data-element_type=\"container\">\n\t\t\t\t<div class=\"elementor-element elementor-element-833d5c1 elementor-position-left elementor-vertical-align-middle elementor-widget__width-initial elementor-widget elementor-widget-image-box\" data-id=\"833d5c1\" data-element_type=\"widget\" data-widget_type=\"image-box.default\">\n\t\t\t\t<div class=\"elementor-widget-container\">\n\t\t\t\t\t<div class=\"elementor-image-box-wrapper\"><figure class=\"elementor-image-box-img\"><img decoding=\"async\" width=\"1667\" height=\"1667\" src=\"https:\/\/likeink.com\/wp-content\/uploads\/2024\/10\/snabb_frakt_1.png\" class=\"attachment-full size-full wp-image-33032\" alt=\"En enkel svartvit ikon av en budbil med fartlinjer bakom sig, som representerar snabb frakt eller expressleverans - perfekt f\u00f6r att snabbt f\u00e5 feikkitatuointeja Halloweeniin.\" srcset=\"https:\/\/likeink.com\/wp-content\/uploads\/2024\/10\/snabb_frakt_1.png 1667w, https:\/\/likeink.com\/wp-content\/uploads\/2024\/10\/snabb_frakt_1-300x300.png 300w, https:\/\/likeink.com\/wp-content\/uploads\/2024\/10\/snabb_frakt_1-1024x1024.png 1024w, https:\/\/likeink.com\/wp-content\/uploads\/2024\/10\/snabb_frakt_1-150x150.png 150w, https:\/\/likeink.com\/wp-content\/uploads\/2024\/10\/snabb_frakt_1-768x768.png 768w, https:\/\/likeink.com\/wp-content\/uploads\/2024\/10\/snabb_frakt_1-1536x1536.png 1536w, https:\/\/likeink.com\/wp-content\/uploads\/2024\/10\/snabb_frakt_1-310x310.png 310w, https:\/\/likeink.com\/wp-content\/uploads\/2024\/10\/snabb_frakt_1-660x660.png 660w, https:\/\/likeink.com\/wp-content\/uploads\/2024\/10\/snabb_frakt_1-100x100.png 100w\" sizes=\"(max-width: 1667px) 100vw, 1667px\" \/><\/figure><div class=\"elementor-image-box-content\"><h3 class=\"elementor-image-box-title\">L\u00c4HETET\u00c4\u00c4N 24H SIS\u00c4LL\u00c4<\/h3><\/div><\/div>\t\t\t\t<\/div>\n\t\t\t\t<\/div>\n\t\t\t\t<div class=\"elementor-element elementor-element-815dda3 elementor-position-left elementor-vertical-align-middle elementor-widget__width-initial elementor-widget elementor-widget-image-box\" data-id=\"815dda3\" data-element_type=\"widget\" data-widget_type=\"image-box.default\">\n\t\t\t\t<div class=\"elementor-widget-container\">\n\t\t\t\t\t<div class=\"elementor-image-box-wrapper\"><figure class=\"elementor-image-box-img\"><img decoding=\"async\" width=\"992\" height=\"992\" src=\"https:\/\/likeink.com\/wp-content\/uploads\/2024\/10\/clock.png\" class=\"attachment-full size-full wp-image-33061\" alt=\"En enkel svart klockikon som visar 4:00, med streckade linjer som bildar den \u00f6vre h\u00f6gra delen av klockans kontur, vilket antyder att tiden g\u00e5r - perfekt f\u00f6r feikkitatuointeja Halloweeniin.\" srcset=\"https:\/\/likeink.com\/wp-content\/uploads\/2024\/10\/clock.png 992w, https:\/\/likeink.com\/wp-content\/uploads\/2024\/10\/clock-300x300.png 300w, https:\/\/likeink.com\/wp-content\/uploads\/2024\/10\/clock-150x150.png 150w, https:\/\/likeink.com\/wp-content\/uploads\/2024\/10\/clock-768x768.png 768w, https:\/\/likeink.com\/wp-content\/uploads\/2024\/10\/clock-310x310.png 310w, https:\/\/likeink.com\/wp-content\/uploads\/2024\/10\/clock-660x660.png 660w, https:\/\/likeink.com\/wp-content\/uploads\/2024\/10\/clock-100x100.png 100w\" sizes=\"(max-width: 992px) 100vw, 992px\" \/><\/figure><div class=\"elementor-image-box-content\"><h3 class=\"elementor-image-box-title\">KEST\u00c4\u00c4 2-5 P\u00c4IV\u00c4\u00c4<\/h3><\/div><\/div>\t\t\t\t<\/div>\n\t\t\t\t<\/div>\n\t\t\t\t<div class=\"elementor-element elementor-element-5e8dd0b elementor-position-left elementor-vertical-align-middle elementor-widget__width-initial elementor-widget elementor-widget-image-box\" data-id=\"5e8dd0b\" data-element_type=\"widget\" data-widget_type=\"image-box.default\">\n\t\t\t\t<div class=\"elementor-widget-container\">\n\t\t\t\t\t<div class=\"elementor-image-box-wrapper\"><figure class=\"elementor-image-box-img\"><img decoding=\"async\" width=\"1077\" height=\"679\" src=\"https:\/\/likeink.com\/wp-content\/uploads\/2024\/10\/sweden.png\" class=\"attachment-full size-full wp-image-33054\" alt=\"En svart flagga med ett dj\u00e4rvt vitt kors som str\u00e4cker sig ut i kanterna och delar flaggan i fyra lika stora rektanglar - perfekt som inspiration f\u00f6r feikkitatuointeja Halloweeniin.\" srcset=\"https:\/\/likeink.com\/wp-content\/uploads\/2024\/10\/sweden.png 1077w, https:\/\/likeink.com\/wp-content\/uploads\/2024\/10\/sweden-300x189.png 300w, https:\/\/likeink.com\/wp-content\/uploads\/2024\/10\/sweden-1024x646.png 1024w, https:\/\/likeink.com\/wp-content\/uploads\/2024\/10\/sweden-768x484.png 768w, https:\/\/likeink.com\/wp-content\/uploads\/2024\/10\/sweden-310x195.png 310w, https:\/\/likeink.com\/wp-content\/uploads\/2024\/10\/sweden-660x416.png 660w\" sizes=\"(max-width: 1077px) 100vw, 1077px\" \/><\/figure><div class=\"elementor-image-box-content\"><h3 class=\"elementor-image-box-title\">RUOTSALAISTA VALMISTUSTA<\/h3><\/div><\/div>\t\t\t\t<\/div>\n\t\t\t\t<\/div>\n\t\t\t\t<div class=\"elementor-element elementor-element-35c7a5d elementor-position-left elementor-vertical-align-middle elementor-widget__width-initial elementor-widget elementor-widget-image-box\" data-id=\"35c7a5d\" data-element_type=\"widget\" data-widget_type=\"image-box.default\">\n\t\t\t\t<div class=\"elementor-widget-container\">\n\t\t\t\t\t<div class=\"elementor-image-box-wrapper\"><figure class=\"elementor-image-box-img\"><img decoding=\"async\" width=\"1667\" height=\"1667\" src=\"https:\/\/likeink.com\/wp-content\/uploads\/2025\/06\/dermatest.png\" class=\"attachment-full size-full wp-image-45598\" alt=\"En svart kontur av en \u00f6ppen hand med en stor bock ovanf\u00f6r p\u00e5 en vit bakgrund som symboliserar godk\u00e4nnande, st\u00f6d eller acceptans - perfekt f\u00f6r feikkitatuointeja Halloweeniin.\" srcset=\"https:\/\/likeink.com\/wp-content\/uploads\/2025\/06\/dermatest.png 1667w, https:\/\/likeink.com\/wp-content\/uploads\/2025\/06\/dermatest-300x300.png 300w, https:\/\/likeink.com\/wp-content\/uploads\/2025\/06\/dermatest-1024x1024.png 1024w, https:\/\/likeink.com\/wp-content\/uploads\/2025\/06\/dermatest-150x150.png 150w, https:\/\/likeink.com\/wp-content\/uploads\/2025\/06\/dermatest-768x768.png 768w, https:\/\/likeink.com\/wp-content\/uploads\/2025\/06\/dermatest-1536x1536.png 1536w, https:\/\/likeink.com\/wp-content\/uploads\/2025\/06\/dermatest-310x310.png 310w, https:\/\/likeink.com\/wp-content\/uploads\/2025\/06\/dermatest-660x660.png 660w, https:\/\/likeink.com\/wp-content\/uploads\/2025\/06\/dermatest-100x100.png 100w\" sizes=\"(max-width: 1667px) 100vw, 1667px\" \/><\/figure><div class=\"elementor-image-box-content\"><h3 class=\"elementor-image-box-title\">TESTATTU<\/h3><\/div><\/div>\t\t\t\t<\/div>\n\t\t\t\t<\/div>\n\t\t\t\t<div class=\"elementor-element elementor-element-738f123 elementor-position-left elementor-vertical-align-middle elementor-widget__width-initial elementor-widget elementor-widget-image-box\" data-id=\"738f123\" data-element_type=\"widget\" data-widget_type=\"image-box.default\">\n\t\t\t\t<div class=\"elementor-widget-container\">\n\t\t\t\t\t<div class=\"elementor-image-box-wrapper\"><figure class=\"elementor-image-box-img\"><img decoding=\"async\" width=\"1165\" height=\"1044\" src=\"https:\/\/likeink.com\/wp-content\/uploads\/2024\/10\/vegan.png\" class=\"attachment-full size-full wp-image-33046\" alt=\"En enkel, svart silhuett av ett blad med b\u00f6jd stam och spetsig spets p\u00e5 en vit bakgrund - perfekt f\u00f6r feikkitatuointeja Halloweeniin.\" srcset=\"https:\/\/likeink.com\/wp-content\/uploads\/2024\/10\/vegan.png 1165w, https:\/\/likeink.com\/wp-content\/uploads\/2024\/10\/vegan-300x269.png 300w, https:\/\/likeink.com\/wp-content\/uploads\/2024\/10\/vegan-1024x918.png 1024w, https:\/\/likeink.com\/wp-content\/uploads\/2024\/10\/vegan-768x688.png 768w, https:\/\/likeink.com\/wp-content\/uploads\/2024\/10\/vegan-310x278.png 310w, https:\/\/likeink.com\/wp-content\/uploads\/2024\/10\/vegan-660x591.png 660w\" sizes=\"(max-width: 1165px) 100vw, 1165px\" \/><\/figure><div class=\"elementor-image-box-content\"><h3 class=\"elementor-image-box-title\">VEGAN<\/h3><\/div><\/div>\t\t\t\t<\/div>\n\t\t\t\t<\/div>\n\t\t\t\t<\/div>\n\t\t\t\t<\/div>\n\t\t\t\t\t<\/div>\n\t\t\t\t<\/div>\n\t\t<div class=\"elementor-element elementor-element-84e3138 e-flex e-con-boxed e-con e-parent\" data-id=\"84e3138\" data-element_type=\"container\">\n\t\t\t\t\t<div class=\"e-con-inner\">\n\t\t\t\t<div class=\"woocommerce elementor-element elementor-element-84aec7a elementor-grid-3 elementor-grid-tablet-2 elementor-grid-mobile-1 elementor-widget elementor-widget-loop-grid\" data-id=\"84aec7a\" data-element_type=\"widget\" data-settings=\"{&quot;_skin&quot;:&quot;product&quot;,&quot;template_id&quot;:47815,&quot;columns&quot;:&quot;3&quot;,&quot;columns_tablet&quot;:&quot;2&quot;,&quot;columns_mobile&quot;:&quot;1&quot;,&quot;edit_handle_selector&quot;:&quot;[data-elementor-type=\\&quot;loop-item\\&quot;]&quot;,&quot;row_gap&quot;:{&quot;unit&quot;:&quot;px&quot;,&quot;size&quot;:&quot;&quot;,&quot;sizes&quot;:[]},&quot;row_gap_tablet&quot;:{&quot;unit&quot;:&quot;px&quot;,&quot;size&quot;:&quot;&quot;,&quot;sizes&quot;:[]},&quot;row_gap_mobile&quot;:{&quot;unit&quot;:&quot;px&quot;,&quot;size&quot;:&quot;&quot;,&quot;sizes&quot;:[]}}\" data-widget_type=\"loop-grid.product\">\n\t\t\t\t<div class=\"elementor-widget-container\">\n\t\t\t\t\t\t\t<div class=\"e-loop-nothing-found-message\">\n\t\t<\/div>\n\t\t\t\t\t\t<\/div>\n\t\t\t\t<\/div>\n\t\t\t\t\t<\/div>\n\t\t\t\t<\/div>\n\t\t<div class=\"elementor-element elementor-element-c3e8538 e-flex e-con-boxed e-con e-parent\" data-id=\"c3e8538\" data-element_type=\"container\" data-settings=\"{&quot;background_background&quot;:&quot;classic&quot;}\">\n\t\t\t\t\t<div class=\"e-con-inner\">\n\t\t<div class=\"elementor-element elementor-element-c831c1a e-con-full e-flex e-con e-child\" data-id=\"c831c1a\" data-element_type=\"container\">\n\t\t<div class=\"elementor-element elementor-element-9e47892 e-con-full e-flex e-con e-child\" data-id=\"9e47892\" data-element_type=\"container\">\n\t\t\t\t<div class=\"elementor-element elementor-element-37cb24e elementor-widget elementor-widget-heading\" data-id=\"37cb24e\" data-element_type=\"widget\" data-widget_type=\"heading.default\">\n\t\t\t\t<div class=\"elementor-widget-container\">\n\t\t\t\t\t<h3 class=\"elementor-heading-title elementor-size-default\">TEE OMAT SIIRTOKUVATATUOINTISI\n<\/h3>\t\t\t\t<\/div>\n\t\t\t\t<\/div>\n\t\t\t\t<div class=\"elementor-element elementor-element-ed66688 elementor-widget elementor-widget-text-editor\" data-id=\"ed66688\" data-element_type=\"widget\" data-widget_type=\"text-editor.default\">\n\t\t\t\t<div class=\"elementor-widget-container\">\n\t\t\t\t\t\t\t\t\t<p>Meill\u00e4 voit tehd\u00e4 siirtokuvatatuointeja omalla kuvallasi helposti ja supernopeasti! Sinun tarvitsee vain ladata kuva ja valita siirtokuvasi koko, ja me valmistamme uniikit siirtokuvasi Malm\u00f6ssa viel\u00e4 saman p\u00e4iv\u00e4n aikana.<\/p>\t\t\t\t\t\t\t\t<\/div>\n\t\t\t\t<\/div>\n\t\t\t\t<div class=\"elementor-element elementor-element-f8b659b elementor-widget elementor-widget-button\" data-id=\"f8b659b\" data-element_type=\"widget\" data-widget_type=\"button.default\">\n\t\t\t\t<div class=\"elementor-widget-container\">\n\t\t\t\t\t\t\t\t\t<div class=\"elementor-button-wrapper\">\n\t\t\t\t\t<a class=\"elementor-button elementor-button-link elementor-size-sm\" href=\"https:\/\/likeink.com\/fi\/siirtotatuoinnit\/custom-temporary-tattoos\/\">\n\t\t\t\t\t\t<span class=\"elementor-button-content-wrapper\">\n\t\t\t\t\t\t\t\t\t<span class=\"elementor-button-text\">Tee siirtokuvat omalla designillasi supernopeasti<\/span>\n\t\t\t\t\t<\/span>\n\t\t\t\t\t<\/a>\n\t\t\t\t<\/div>\n\t\t\t\t\t\t\t\t<\/div>\n\t\t\t\t<\/div>\n\t\t\t\t<\/div>\n\t\t<div class=\"elementor-element elementor-element-1c4afc7 e-con-full e-flex e-con e-child\" data-id=\"1c4afc7\" data-element_type=\"container\">\n\t\t\t\t<div class=\"elementor-element elementor-element-7d4ff73 elementor-widget elementor-widget-image\" data-id=\"7d4ff73\" data-element_type=\"widget\" data-widget_type=\"image.default\">\n\t\t\t\t<div class=\"elementor-widget-container\">\n\t\t\t\t\t\t\t\t\t\t\t\t\t\t\t<img decoding=\"async\" width=\"677\" height=\"569\" src=\"https:\/\/likeink.com\/wp-content\/uploads\/2023\/09\/halloween-tatueringar-designa.jpg\" class=\"attachment-full size-full wp-image-21420\" alt=\"Halloween temporary tattoos cluster.\" srcset=\"https:\/\/likeink.com\/wp-content\/uploads\/2023\/09\/halloween-tatueringar-designa.jpg 677w, https:\/\/likeink.com\/wp-content\/uploads\/2023\/09\/halloween-tatueringar-designa-310x261.jpg 310w, https:\/\/likeink.com\/wp-content\/uploads\/2023\/09\/halloween-tatueringar-designa-660x555.jpg 660w, https:\/\/likeink.com\/wp-content\/uploads\/2023\/09\/halloween-tatueringar-designa-300x252.jpg 300w\" sizes=\"(max-width: 677px) 100vw, 677px\" \/>\t\t\t\t\t\t\t\t\t\t\t\t\t\t\t<\/div>\n\t\t\t\t<\/div>\n\t\t\t\t<\/div>\n\t\t\t\t<\/div>\n\t\t\t\t\t<\/div>\n\t\t\t\t<\/div>\n\t\t\t\t<\/div>\n\t\t","protected":false},"excerpt":{"rendered":"<p>Halloween tatuoinnit Jos olet menossa halloween-juhliin, haluat pelotella oveen koputtelevia kujeilevia lapsia tai loihtia ty\u00f6paikalle erityist\u00e4 halloween-tunnelmaa, meilt\u00e4 Like inkist\u00e4 l\u00f6yd\u00e4t mit\u00e4 parhaimman valikoiman uniikkeja iirtotatuointeja. L\u00c4HETET\u00c4\u00c4N 24H SIS\u00c4LL\u00c4 KEST\u00c4\u00c4 2-5 P\u00c4IV\u00c4\u00c4 RUOTSALAISTA VALMISTUSTA TESTATTU VEGAN TEE OMAT SIIRTOKUVATATUOINTISI Meill\u00e4 voit tehd\u00e4 siirtokuvatatuointeja omalla kuvallasi helposti ja supernopeasti! Sinun tarvitsee vain ladata kuva ja valita [&hellip;]<\/p>\n","protected":false},"author":7,"featured_media":0,"parent":0,"menu_order":0,"comment_status":"closed","ping_status":"closed","template":"","meta":{"footnotes":""},"class_list":["post-13753","page","type-page","status-publish","hentry"],"yoast_head":"<!-- This site is optimized with the Yoast SEO Premium plugin v26.2 (Yoast SEO v27.5) - https:\/\/yoast.com\/product\/yoast-seo-premium-wordpress\/ -->\n<title>Halloween tatuoinnit Tilaa feikkitatuointeja Halloweeniin - Like ink<\/title>\n<meta name=\"description\" content=\"Osta feikkitatuointeja Halloweeniin! Valitse valmiista Halloween-motiiveista tai lataa oma suunnitelmasi! - Trick or Tattoo? - Like ink\" \/>\n<meta name=\"robots\" content=\"index, follow, max-snippet:-1, max-image-preview:large, max-video-preview:-1\" \/>\n<link rel=\"canonical\" href=\"https:\/\/likeink.com\/fi\/halloween-tatuoinnit\/\" \/>\n<meta property=\"og:locale\" content=\"fi_FI\" \/>\n<meta property=\"og:type\" content=\"article\" \/>\n<meta property=\"og:title\" content=\"Halloween tatuoinnit\" \/>\n<meta property=\"og:description\" content=\"Halloween tatuoinnit Jos olet menossa halloween-juhliin, haluat pelotella oveen koputtelevia kujeilevia lapsia tai loihtia ty\u00f6paikalle erityist\u00e4\" \/>\n<meta property=\"og:url\" content=\"https:\/\/likeink.com\/fi\/halloween-tatuoinnit\/\" \/>\n<meta property=\"og:site_name\" content=\"Like ink\" \/>\n<meta property=\"article:publisher\" content=\"https:\/\/www.facebook.com\/LikeInkSe\" \/>\n<meta property=\"article:modified_time\" content=\"2025-10-18T08:40:16+00:00\" \/>\n<meta property=\"og:image\" content=\"https:\/\/likeink.com\/wp-content\/uploads\/2024\/10\/halloween_left_4.jpg\" \/>\n\t<meta property=\"og:image:width\" content=\"900\" \/>\n\t<meta property=\"og:image:height\" content=\"1126\" \/>\n\t<meta property=\"og:image:type\" content=\"image\/jpeg\" \/>\n<meta name=\"twitter:card\" content=\"summary_large_image\" \/>\n<meta name=\"twitter:label1\" content=\"Arvioitu lukuaika\" \/>\n\t<meta name=\"twitter:data1\" content=\"18 minuuttia\" \/>\n<!-- \/ Yoast SEO Premium plugin. -->","yoast_head_json":{"title":"Halloween tatuoinnit Tilaa feikkitatuointeja Halloweeniin - Like ink","description":"Osta feikkitatuointeja Halloweeniin! Valitse valmiista Halloween-motiiveista tai lataa oma suunnitelmasi! - Trick or Tattoo? - Like ink","robots":{"index":"index","follow":"follow","max-snippet":"max-snippet:-1","max-image-preview":"max-image-preview:large","max-video-preview":"max-video-preview:-1"},"canonical":"https:\/\/likeink.com\/fi\/halloween-tatuoinnit\/","og_locale":"fi_FI","og_type":"article","og_title":"Halloween tatuoinnit","og_description":"Halloween tatuoinnit Jos olet menossa halloween-juhliin, haluat pelotella oveen koputtelevia kujeilevia lapsia tai loihtia ty\u00f6paikalle erityist\u00e4","og_url":"https:\/\/likeink.com\/fi\/halloween-tatuoinnit\/","og_site_name":"Like ink","article_publisher":"https:\/\/www.facebook.com\/LikeInkSe","article_modified_time":"2025-10-18T08:40:16+00:00","og_image":[{"width":900,"height":1126,"url":"https:\/\/likeink.com\/wp-content\/uploads\/2024\/10\/halloween_left_4.jpg","type":"image\/jpeg"}],"twitter_card":"summary_large_image","twitter_misc":{"Arvioitu lukuaika":"18 minuuttia"},"schema":{"@context":"https:\/\/schema.org","@graph":[{"@type":"WebPage","@id":"https:\/\/likeink.com\/fi\/halloween-tatuoinnit\/","url":"https:\/\/likeink.com\/fi\/halloween-tatuoinnit\/","name":"Halloween tatuoinnit Tilaa feikkitatuointeja Halloweeniin - Like ink","isPartOf":{"@id":"https:\/\/likeink.com\/fi\/#website"},"primaryImageOfPage":{"@id":"https:\/\/likeink.com\/fi\/halloween-tatuoinnit\/#primaryimage"},"image":{"@id":"https:\/\/likeink.com\/fi\/halloween-tatuoinnit\/#primaryimage"},"thumbnailUrl":"https:\/\/likeink.com\/wp-content\/uploads\/2024\/10\/halloween_left_4.jpg","datePublished":"2022-10-04T14:19:06+00:00","dateModified":"2025-10-18T08:40:16+00:00","description":"Osta feikkitatuointeja Halloweeniin! Valitse valmiista Halloween-motiiveista tai lataa oma suunnitelmasi! - Trick or Tattoo? - Like ink","breadcrumb":{"@id":"https:\/\/likeink.com\/fi\/halloween-tatuoinnit\/#breadcrumb"},"inLanguage":"fi","potentialAction":[{"@type":"ReadAction","target":["https:\/\/likeink.com\/fi\/halloween-tatuoinnit\/"]}]},{"@type":"ImageObject","inLanguage":"fi","@id":"https:\/\/likeink.com\/fi\/halloween-tatuoinnit\/#primaryimage","url":"https:\/\/likeink.com\/wp-content\/uploads\/2024\/10\/halloween_left_4.jpg","contentUrl":"https:\/\/likeink.com\/wp-content\/uploads\/2024\/10\/halloween_left_4.jpg"},{"@type":"BreadcrumbList","@id":"https:\/\/likeink.com\/fi\/halloween-tatuoinnit\/#breadcrumb","itemListElement":[{"@type":"ListItem","position":1,"name":"Hem","item":"https:\/\/likeink.com\/fi\/"},{"@type":"ListItem","position":2,"name":"Halloween tatuoinnit"}]},{"@type":"WebSite","@id":"https:\/\/likeink.com\/fi\/#website","url":"https:\/\/likeink.com\/fi\/","name":"Like ink","description":"Make your own custom design","potentialAction":[{"@type":"SearchAction","target":{"@type":"EntryPoint","urlTemplate":"https:\/\/likeink.com\/fi\/?s={search_term_string}"},"query-input":{"@type":"PropertyValueSpecification","valueRequired":true,"valueName":"search_term_string"}}],"inLanguage":"fi"}]}},"_links":{"self":[{"href":"https:\/\/likeink.com\/fi\/wp-json\/wp\/v2\/pages\/13753","targetHints":{"allow":["GET"]}}],"collection":[{"href":"https:\/\/likeink.com\/fi\/wp-json\/wp\/v2\/pages"}],"about":[{"href":"https:\/\/likeink.com\/fi\/wp-json\/wp\/v2\/types\/page"}],"author":[{"embeddable":true,"href":"https:\/\/likeink.com\/fi\/wp-json\/wp\/v2\/users\/7"}],"replies":[{"embeddable":true,"href":"https:\/\/likeink.com\/fi\/wp-json\/wp\/v2\/comments?post=13753"}],"version-history":[{"count":10,"href":"https:\/\/likeink.com\/fi\/wp-json\/wp\/v2\/pages\/13753\/revisions"}],"predecessor-version":[{"id":52227,"href":"https:\/\/likeink.com\/fi\/wp-json\/wp\/v2\/pages\/13753\/revisions\/52227"}],"wp:attachment":[{"href":"https:\/\/likeink.com\/fi\/wp-json\/wp\/v2\/media?parent=13753"}],"curies":[{"name":"wp","href":"https:\/\/api.w.org\/{rel}","templated":true}]}}