{"id":2002,"date":"2019-11-11T13:12:02","date_gmt":"2019-11-11T13:12:02","guid":{"rendered":"https:\/\/likeink.se\/kopvillkor\/"},"modified":"2025-06-24T06:24:12","modified_gmt":"2025-06-24T06:24:12","slug":"tilausehdot","status":"publish","type":"page","link":"https:\/\/likeink.com\/fi\/tilausehdot\/","title":{"rendered":"Tilausehdot"},"content":{"rendered":"\t\t<div data-elementor-type=\"wp-page\" data-elementor-id=\"2002\" class=\"elementor elementor-2002 elementor-944\" data-elementor-post-type=\"page\">\n\t\t\t\t<div class=\"elementor-element elementor-element-86ee154 e-flex e-con-boxed e-con e-parent\" data-id=\"86ee154\" data-element_type=\"container\">\n\t\t\t\t\t<div class=\"e-con-inner\">\n\t\t\t\t<div class=\"elementor-element elementor-element-d86705c elementor-widget__width-initial elementor-widget elementor-widget-text-editor\" data-id=\"d86705c\" data-element_type=\"widget\" data-widget_type=\"text-editor.default\">\n\t\t\t\t<div class=\"elementor-widget-container\">\n\t\t\t\t\t\t\t\t\t<h2>Tilausehdot\u200b<\/h2><p>Yrityksen p\u00e4\u00e4konttori sijaitsee Malm\u00f6ss\u00e4. Likeink.se-sivuston omistaa Like ink AB, jonka yritystunnus on 5568116825. Yrityksen postiosoite on Holmgatan 8A, jossa sijaitsee my\u00f6s Like inkin painotalo.<\/p><p><b>YHTEENVETO EHDOISTA, JOTKA TEKEV\u00c4T INTERNETIST\u00c4 TILAAMISESTA YKSINKERTAISTA<br \/><\/b> Noudatamme kaikkia lakeja ja mik\u00e4li sinulla on kysymyksi\u00e4 tai ongelmia, otathan yhteytt\u00e4 meihin. Olet itse vastuussa siit\u00e4, mit\u00e4 lataat sivullemme, ja me olemme vastuussa maailmanluokan siirtokuvien toimittamisesta.<\/p><p><b>Tilaus<\/b><br \/>Tilauksen tehty\u00e4si tilausvahvistus l\u00e4hetet\u00e4\u00e4n s\u00e4hk\u00f6postiosoitteeseesi. Tilausvahvistuksesta l\u00f6yd\u00e4t kaikki tiedot tuotteesta ja hinnoista sek\u00e4 laskutus- ja toimitusosoitteen.<\/p><p>Mik\u00e4li tilausvahvistuksessasi on virhe, ota meihin v\u00e4litt\u00f6m\u00e4sti yhteytt\u00e4 s\u00e4hk\u00f6postitse osoitteeseen info@likeink.se info@likeink.se<\/p><p><b>Hinnat<\/b><br \/>Kaikki hinnat likeink.se-verkkokaupassa on ilmoitettu Ruotsin kruunuina ja sis\u00e4lt\u00e4v\u00e4t 25% ALV:n.<\/p><p><b>Sopimaton sis\u00e4lt\u00f6l<br \/><\/b> Like ink pid\u00e4tt\u00e4\u00e4 itsell\u00e4\u00e4n oikeuden poistaa kuvia ja tekstej\u00e4, jotka ovat laittomia, loukkaavia, s\u00e4\u00e4dytt\u00f6mi\u00e4, rasistisia tai uskonnollisesti loukkaavia.<\/p><p><b>Tekij\u00e4noikeus<\/b><br \/>Like ink tulostaa sen, mit\u00e4 asiakas lataa, eik\u00e4 sill\u00e4 ole vaikutusvaltaa tai vastuuta lopputuotteen sis\u00e4ll\u00f6st\u00e4. Asiakas takaa, ett\u00e4 asiakkaalla on hallussaan kaikki oikeudet Like inkiin lataamansa materiaalin k\u00e4ytt\u00e4miseen, julkaisuun ja siirt\u00e4miseen. Asiakas on yksin vastuussa siit\u00e4, ett\u00e4 tuote ei loukkaa kenenk\u00e4\u00e4n tekij\u00e4noikeuksia, ja ett\u00e4 painotuotteiden sis\u00e4lt\u00f6 ei ole sovellettavan Ruotsin lain vastainen. Asiakas vapauttaa Like inkin kaikista vaatimuksista, joita muut voivat esitt\u00e4\u00e4 kolmansista osapuolista johtuvien oikeuksien, erityisesti tekij\u00e4noikeuksien loukkaamisen yhteydess\u00e4, joka johtuu asiakkaan toimittamien tietojen k\u00e4yt\u00f6st\u00e4. T\u00e4m\u00e4 tarkoittaa, ett\u00e4 Like ink ei ole vastuussa t\u00e4llaisten vaatimusten t\u00e4ytt\u00e4misest\u00e4.<\/p><p><b>Tuotetiedot<br \/><\/b> Pid\u00e4t\u00e4mme oikeuden kaikkiin virheisiin t\u00e4ll\u00e4 sivustolla sek\u00e4 lopullisissa tuotteissa. Emme takaa, ett\u00e4 tuotteet toistavat ladattujen kuvien tarkan ulkon\u00e4\u00f6n, koska tiettyj\u00e4 v\u00e4rieroja saattaa esiinty\u00e4 n\u00e4yt\u00f6st\u00e4 sek\u00e4 valokuvan laadusta ja tarkkuudesta riippuen. Yrit\u00e4mme aina parhaamme mukaan n\u00e4ytt\u00e4\u00e4 tuotteet niin tarkasti kuin mahdollista.<\/p><h3 class=\"elementor-heading-title elementor-size-default\">Toimitus<\/h3><p>Kaikki Like inkilt\u00e4 Ruotsissa tehdyt tilaukset sis\u00e4lt\u00e4v\u00e4t arvonlis\u00e4veron ja toimituskulut. Tilaukset Ruotsissa toimitetaan Postenin kautta. Normaali toimitusaika on 2-6 arkip\u00e4iv\u00e4\u00e4. Eritt\u00e4in suurten tilausten toimitusaika voi olla pidempi. Mik\u00e4li tarvitset kiireellisen toimituksen, sinun on valittava express-toimitus ja maksettava siit\u00e4 muodostuvat ylim\u00e4\u00e4r\u00e4iset kulut. Asiakkaan on annettava kaikki tarvittavat tiedot tilauksen toimittamiseksi. Express-toimituksissa tuote l\u00e4hetet\u00e4\u00e4n 24 tunnin sis\u00e4ll\u00e4.<\/p><p><b>Palautusoikeus:<br \/><\/b>Ostaessasi tuotteita verkkokaupasta sinulla asiakkaana on lakis\u00e4\u00e4teinen 14 p\u00e4iv\u00e4n pituinen palautusoikeus, jonka voimassaolo alkaa vastaanotettuasi tilaamasi tuotteen.<\/p><p>Sinun on ilmoitettava syy palautukselle. Viesti l\u00e4hetet\u00e4\u00e4n osoitteeseen info@likeink.se. Kirjoita viestiin nimesi, osoitteesi, s\u00e4hk\u00f6postiosoitteesi ja tilausnumerosi. My\u00f6s palautettavat tuotteet on tultava selke\u00e4sti ilmi.<\/p><p>Sinun on palautettava tilauksesi v\u00e4litt\u00f6m\u00e4sti ja viimeist\u00e4\u00e4n lakis\u00e4\u00e4teisen 14 p\u00e4iv\u00e4n sis\u00e4ll\u00e4 palautusilmoituksesta.<\/p><p>Olet vastuussa tuotteiden palautuksesta, toimituksesta ja kunnosta. Pid\u00e4t\u00e4mme oikeuden v\u00e4hent\u00e4\u00e4 palautuksesta summan, joka vastaa arvon alenemista k\u00e4ytetyn tai vaurioituneen tuotteen alkuper\u00e4iseen arvoon verrattuna.<\/p><p>Mik\u00e4li emme pysty korjaamaan virhett\u00e4 tai toimittamaan vastaavaa tuotetta, korvaamme viallisen tuotteen sovellettavien kuluttajansuojalakien mukaisesti.<\/p><p>Pid\u00e4t\u00e4mme oikeuden hyl\u00e4t\u00e4 palautuksen, mik\u00e4li k\u00e4y ilmi, ett\u00e4 tuote ei ole palautettavissa voimassa olevan kuluttajansuojalains\u00e4\u00e4d\u00e4nn\u00f6n mukaisesti. Palautusten osalta noudatamme Ruotsin julkisen valituslautakunnan ohjeita, katso arn.se.<\/p><p>Erityistilattujen tuotteiden palautusoikeus lakkaa, kun tuotteen valmistus on alkanut.<\/p><h3 class=\"elementor-heading-title elementor-size-default\">Tietoa ev\u00e4steist\u00e4<\/h3><p>S\u00e4hk\u00f6ist\u00e4 tietoa koskevan lain mukaan verkkosivuston vierailijoiden on saatava tietoa ev\u00e4steiden k\u00e4yt\u00f6st\u00e4. Ev\u00e4steiden avulla voidaan seurata k\u00e4ytt\u00e4j\u00e4n sivuston selaamista. Ev\u00e4ste on pieni tekstitiedosto, jonka verkkosivusto pyyt\u00e4\u00e4 tallentamaan tietokoneellesi, jotta se voi k\u00e4ytt\u00e4\u00e4 erilaisia ominaisuuksia. Voit asettaa selaimesi est\u00e4m\u00e4\u00e4n ev\u00e4steet automaattisesti. Lis\u00e4tietoja t\u00e4h\u00e4n l\u00f6yd\u00e4t Ruotsin posti- ja telehallituksen verkkosivuilta. Like ink k\u00e4ytt\u00e4\u00e4 ev\u00e4steit\u00e4 internetin k\u00e4yt\u00f6n virtaviivaistamiseksi ja ostokokemuksen sujuvoittamiseksi.<\/p><p><b>Henkil\u00f6tiedot<br \/><\/b>Tehdess\u00e4si ostoksia Like ink -sivustolla hyv\u00e4ksyt tietosuojak\u00e4yt\u00e4nt\u00f6mme ja henkil\u00f6tietojesi k\u00e4sittelyn. Suojaamme yksityisyytt\u00e4si, emmek\u00e4 ker\u00e4\u00e4 muita kuin tilauksen k\u00e4sittelyyn tarvittavia tietoja. Emme koskaan myy tai paljasta tietojasi kolmannelle osapuolelle ilman laillista perustaa.<\/p><p>Like ink on vastuussa niiden henkil\u00f6tietojen k\u00e4sittelyst\u00e4, jotka olet antanut meille asiakkaana. K\u00e4sittelemme henkil\u00f6kohtaisia tietojasi voidaksemme k\u00e4sitell\u00e4 tilauksiasi sek\u00e4 tilanteissa, joissa olet halunnut vastaanottaa uutiskirjeit\u00e4 tai tarjouksia \u2013 voidaksemme mukauttaa markkinoinnin yksil\u00f6llisiin tarpeisiisi sopivaksi.<\/p><p>Alla on tietoja siit\u00e4, kuinka k\u00e4sittelemme ja s\u00e4ilyt\u00e4mme tietojasi tietosuoja-asetuksen (GDPR) mukaisesti.<\/p><p><b>Mit\u00e4 ovat henkil\u00f6kohtaiset tiedot?<br \/><\/b>Henkil\u00f6kohtaisilla tiedoilla tarkoitetaan kaikkea sit\u00e4 informaatiota, joka voidaan suorasti tai ep\u00e4suorasti yhdist\u00e4\u00e4 luonnolliseen henkil\u00f6\u00f6n.<\/p><p><b>Mit\u00e4 tietoja s\u00e4ilyt\u00e4mme?<br \/><\/b>K\u00e4sitell\u00e4ksemme tilauksesi ja vastataksemme tilaukseen liittyviin kysymyksiisi (asiakaspalvelu) s\u00e4ilyt\u00e4mme etu- ja sukunimesi, osoitteesi, puhelinnumerosi, s\u00e4hk\u00f6postiosoitteesi, IP-osoitteesi sek\u00e4 ostoshistoriasi.<\/p><p>Tietojasi s\u00e4ilytet\u00e4\u00e4n niin kauan kuin meill\u00e4 on laillinen peruste tietojesi k\u00e4sittelemiseen, esimerkiksi t\u00e4ytt\u00e4\u00e4ksemme keskin\u00e4isen sopimuksen tai noudattaaksemme esimerkiksi kirjanpitolakiin perustuvaa laillista velvoitetta.<\/p><p><b>Oikeudellinen perusta<br \/><\/b>Henkil\u00f6tietojasi k\u00e4sitell\u00e4\u00e4n ostoksen yhteydess\u00e4 t\u00e4ytt\u00e4\u00e4ksemme sopimuksen kanssasi.<br \/>Markkinointi- ja kampanjakirjeet sek\u00e4 vastaavat postitukset tapahtuvat suostumuksellasi. Voit halutessasi peruuttaa uutiskirjeen tilauksen.<\/p><p><b>Mit\u00e4 tietoja jaetaan ja mihin tarkoituksiin?<\/b><\/p><p><b>Maksupalvelun tarjoaja<br \/><\/b>Ostoja tehdess\u00e4si tiedot jaetaan maksupalvelun tarjoajamme kanssa. Tallennettuja tietoja ovat etunimi, sukunimi, osoite, s\u00e4hk\u00f6postiosoite ja puhelinnumero. Mik\u00e4li p\u00e4\u00e4t\u00e4t maksaa laskulla, henkil\u00f6tunnus tallennetaan my\u00f6s maksupalvelun tarjoajan toimesta. Tiedot tallennetaan oston toteuttamiseksi ja osapuolten suojelemiseksi petoksilta.<br \/>K\u00e4yt\u00e4mme seuraavia maksupalvelun tarjoajia (maksupalveluja): Klarna.<\/p><p><b>Kuljetusyritys<\/b><br \/>Jotta voimme toimittaa tilauksesi ja t\u00e4ytt\u00e4\u00e4 sopimuksen, meid\u00e4n on jaettava tarkat tiedot kuljetusyrityksen kanssa. Kuljetusyrityksen kanssa jaetaan etunimi, sukunimi, puhelinnumero, s\u00e4hk\u00f6postiosoite sek\u00e4 osoitetiedot toimitusta varten. S\u00e4hk\u00f6postiosoite ja\/tai matkapuhelinnumero voidaan nekin jakaa kuljetusyrityksen kanssa toimituksesta ilmoittamista varten.<br \/>Kuljetusyritykset, joiden kanssa ty\u00f6skentelemme: Postnord.<\/p><p><b>Uutiskirje<\/b><br \/>Mik\u00e4li olet p\u00e4\u00e4tt\u00e4nyt tilata uutiskirjeemme, etunimesi, sukunimesi ja s\u00e4hk\u00f6postiosoitteesi jaetaan uutiskirjeen tarjoajan kanssa. Uutiskirjeen tarkoituksena on pit\u00e4\u00e4 sinut ajan tasalla markkinointia koskevilla tiedoilla ja tarjouksilla.<\/p><p><b>Oikeus tietojen tarkistamiseen<br \/><\/b>Sinulla on oikeus saada ote kaikista k\u00e4ytett\u00e4viss\u00e4mme olevista tiedoista. Ote toimitetaan s\u00e4hk\u00f6isesti luettavassa muodossa.<\/p><p><b>Oikeus tietojen korjaamiseen<br \/><\/b>Sinulla on oikeus pyyt\u00e4\u00e4 meit\u00e4 p\u00e4ivitt\u00e4m\u00e4\u00e4n virheellisi\u00e4 tietoja tai t\u00e4ydent\u00e4m\u00e4\u00e4n puutteellisia tietoja.<\/p><p><b>Oikeus tietojen unohtamiseen<br \/><\/b>Voit pyyt\u00e4\u00e4 tallennettujen tietojen poistamista milloin tahansa. Poistamisoikeutta koskien on olemassa muutamia poikkeuksia, kuten se, onko tiedot s\u00e4ilytett\u00e4v\u00e4, jotta voimme t\u00e4ytt\u00e4\u00e4 lakis\u00e4\u00e4teiset velvoitteemme (esimerkiksi kirjanpitolain mukaan).<\/p><p><b>Vastuu tietosuojasta<br \/><\/b>Like ink on vastuussa henkil\u00f6tietojen tallentamisesta ja k\u00e4sittelemisest\u00e4 verkkokaupassa ja varmistaa, ett\u00e4 s\u00e4\u00e4nt\u00f6j\u00e4 noudatetaan.<\/p><p><b>N\u00e4in suojaamme henkil\u00f6tietojasi<br \/><\/b>VK\u00e4yt\u00e4mme teollisuusstandardeja, kuten SSL\/TLS, sek\u00e4 yksisuuntaisia hash-algoritmeja arkaluontoisten tietojen, kuten henkil\u00f6tietojen ja salasanojen, tallentamiseksi, k\u00e4sittelemiseksi ja v\u00e4litt\u00e4miseksi turvallisella tavalla.<\/p><p>Muutokset yleisiin ehtoihin<\/p><p>Pid\u00e4t\u00e4mme oikeuden muuttaa ehtojamme milloin tahansa. Ehtojamme koskevat muutokset julkaistaan verkkosivustollamme. Muutettuja ehtoja pidet\u00e4\u00e4n voimassa olevina tilausten yhteydess\u00e4 tai sivustollamme vierailtaessa.<\/p><p><b>Riidat ja lain soveltaminen<br \/><\/b>Mik\u00e4li riitaa ei voida ratkaista yhteisymm\u00e4rryksess\u00e4 yrityksen asiakaspalvelun ja asiakkaan v\u00e4lill\u00e4, voit asiakkaana k\u00e4\u00e4nty\u00e4 yleisen valituslautakunnan puoleen, katso arn.se. Muun EU-maan kuin Ruotsin asukkaan valitukset voidaan l\u00e4hett\u00e4\u00e4 verkossa Euroopan komission riitojenratkaisufoorumin kautta, katso http:\/\/ec.europa.eu\/consumers\/odr&gt;http:\/\/ec.europa.eu\/consumers\/odr<\/p><p>Riitatapauksissa noudatamme ARN:n tai vastaavan riitojenratkaisuelimen p\u00e4\u00e4t\u00f6ksi\u00e4.<\/p><p>N\u00e4iden yleisten ehtojen tulkintaa tai soveltamista koskevat riidat tulkitaan Ruotsin oikeuden ja lakien mukaisesti.<\/p><p>Jos sinulla on kysytt\u00e4v\u00e4\u00e4 meist\u00e4 tai k\u00e4ytt\u00f6ehdoista, ota meihin yhteytt\u00e4 s\u00e4hk\u00f6postitse: info@likeink.se<\/p>\t\t\t\t\t\t\t\t<\/div>\n\t\t\t\t<\/div>\n\t\t\t\t\t<\/div>\n\t\t\t\t<\/div>\n\t\t\t\t<\/div>\n\t\t","protected":false},"excerpt":{"rendered":"<p>Tilausehdot\u200b Yrityksen p\u00e4\u00e4konttori sijaitsee Malm\u00f6ss\u00e4. Likeink.se-sivuston omistaa Like ink AB, jonka yritystunnus on 5568116825. Yrityksen postiosoite on Holmgatan 8A, jossa sijaitsee my\u00f6s Like inkin painotalo. YHTEENVETO EHDOISTA, JOTKA TEKEV\u00c4T INTERNETIST\u00c4 TILAAMISESTA YKSINKERTAISTA Noudatamme kaikkia lakeja ja mik\u00e4li sinulla on kysymyksi\u00e4 tai ongelmia, otathan yhteytt\u00e4 meihin. Olet itse vastuussa siit\u00e4, mit\u00e4 lataat sivullemme, ja me olemme [&hellip;]<\/p>\n","protected":false},"author":7,"featured_media":0,"parent":0,"menu_order":0,"comment_status":"closed","ping_status":"closed","template":"","meta":{"footnotes":""},"class_list":["post-2002","page","type-page","status-publish","hentry"],"yoast_head":"<!-- This site is optimized with the Yoast SEO Premium plugin v26.2 (Yoast SEO v27.4) - https:\/\/yoast.com\/product\/yoast-seo-premium-wordpress\/ -->\n<title>Tilausehdot - Like ink<\/title>\n<meta name=\"description\" content=\"Tilausehdot. Yrityksen p\u00e4\u00e4konttori sijaitsee Malm\u00f6ss\u00e4. Likeink.se-sivuston omistaa Like ink AB, jonka yritystunnus on 5568116825. Yrityksen postiosoite on\" \/>\n<meta name=\"robots\" content=\"index, follow, max-snippet:-1, max-image-preview:large, max-video-preview:-1\" \/>\n<link rel=\"canonical\" href=\"https:\/\/likeink.com\/fi\/tilausehdot\/\" \/>\n<meta property=\"og:locale\" content=\"fi_FI\" \/>\n<meta property=\"og:type\" content=\"article\" \/>\n<meta property=\"og:title\" content=\"Tilausehdot\" \/>\n<meta property=\"og:description\" content=\"Tilausehdot\u200b Yrityksen p\u00e4\u00e4konttori sijaitsee Malm\u00f6ss\u00e4. Likeink.se-sivuston omistaa Like ink AB, jonka yritystunnus on 5568116825. Yrityksen postiosoite on\" \/>\n<meta property=\"og:url\" content=\"https:\/\/likeink.com\/fi\/tilausehdot\/\" \/>\n<meta property=\"og:site_name\" content=\"Like ink\" \/>\n<meta property=\"article:publisher\" content=\"https:\/\/www.facebook.com\/LikeInkSe\" \/>\n<meta property=\"article:modified_time\" content=\"2025-06-24T06:24:12+00:00\" \/>\n<meta name=\"twitter:card\" content=\"summary_large_image\" \/>\n<meta name=\"twitter:label1\" content=\"Arvioitu lukuaika\" \/>\n\t<meta name=\"twitter:data1\" content=\"5 minuuttia\" \/>\n<script type=\"application\/ld+json\" class=\"yoast-schema-graph\">{\"@context\":\"https:\\\/\\\/schema.org\",\"@graph\":[{\"@type\":\"WebPage\",\"@id\":\"https:\\\/\\\/likeink.com\\\/fi\\\/tilausehdot\\\/\",\"url\":\"https:\\\/\\\/likeink.com\\\/fi\\\/tilausehdot\\\/\",\"name\":\"Tilausehdot - Like ink\",\"isPartOf\":{\"@id\":\"https:\\\/\\\/likeink.com\\\/fi\\\/#website\"},\"datePublished\":\"2019-11-11T13:12:02+00:00\",\"dateModified\":\"2025-06-24T06:24:12+00:00\",\"description\":\"Tilausehdot. Yrityksen p\u00e4\u00e4konttori sijaitsee Malm\u00f6ss\u00e4. Likeink.se-sivuston omistaa Like ink AB, jonka yritystunnus on 5568116825. Yrityksen postiosoite on\",\"breadcrumb\":{\"@id\":\"https:\\\/\\\/likeink.com\\\/fi\\\/tilausehdot\\\/#breadcrumb\"},\"inLanguage\":\"fi\",\"potentialAction\":[{\"@type\":\"ReadAction\",\"target\":[\"https:\\\/\\\/likeink.com\\\/fi\\\/tilausehdot\\\/\"]}]},{\"@type\":\"BreadcrumbList\",\"@id\":\"https:\\\/\\\/likeink.com\\\/fi\\\/tilausehdot\\\/#breadcrumb\",\"itemListElement\":[{\"@type\":\"ListItem\",\"position\":1,\"name\":\"Hem\",\"item\":\"https:\\\/\\\/likeink.com\\\/fi\\\/\"},{\"@type\":\"ListItem\",\"position\":2,\"name\":\"Tilausehdot\"}]},{\"@type\":\"WebSite\",\"@id\":\"https:\\\/\\\/likeink.com\\\/fi\\\/#website\",\"url\":\"https:\\\/\\\/likeink.com\\\/fi\\\/\",\"name\":\"Like ink\",\"description\":\"Make your own custom design\",\"potentialAction\":[{\"@type\":\"SearchAction\",\"target\":{\"@type\":\"EntryPoint\",\"urlTemplate\":\"https:\\\/\\\/likeink.com\\\/fi\\\/?s={search_term_string}\"},\"query-input\":{\"@type\":\"PropertyValueSpecification\",\"valueRequired\":true,\"valueName\":\"search_term_string\"}}],\"inLanguage\":\"fi\"}]}<\/script>\n<!-- \/ Yoast SEO Premium plugin. -->","yoast_head_json":{"title":"Tilausehdot - Like ink","description":"Tilausehdot. Yrityksen p\u00e4\u00e4konttori sijaitsee Malm\u00f6ss\u00e4. Likeink.se-sivuston omistaa Like ink AB, jonka yritystunnus on 5568116825. Yrityksen postiosoite on","robots":{"index":"index","follow":"follow","max-snippet":"max-snippet:-1","max-image-preview":"max-image-preview:large","max-video-preview":"max-video-preview:-1"},"canonical":"https:\/\/likeink.com\/fi\/tilausehdot\/","og_locale":"fi_FI","og_type":"article","og_title":"Tilausehdot","og_description":"Tilausehdot\u200b Yrityksen p\u00e4\u00e4konttori sijaitsee Malm\u00f6ss\u00e4. Likeink.se-sivuston omistaa Like ink AB, jonka yritystunnus on 5568116825. Yrityksen postiosoite on","og_url":"https:\/\/likeink.com\/fi\/tilausehdot\/","og_site_name":"Like ink","article_publisher":"https:\/\/www.facebook.com\/LikeInkSe","article_modified_time":"2025-06-24T06:24:12+00:00","twitter_card":"summary_large_image","twitter_misc":{"Arvioitu lukuaika":"5 minuuttia"},"schema":{"@context":"https:\/\/schema.org","@graph":[{"@type":"WebPage","@id":"https:\/\/likeink.com\/fi\/tilausehdot\/","url":"https:\/\/likeink.com\/fi\/tilausehdot\/","name":"Tilausehdot - Like ink","isPartOf":{"@id":"https:\/\/likeink.com\/fi\/#website"},"datePublished":"2019-11-11T13:12:02+00:00","dateModified":"2025-06-24T06:24:12+00:00","description":"Tilausehdot. Yrityksen p\u00e4\u00e4konttori sijaitsee Malm\u00f6ss\u00e4. Likeink.se-sivuston omistaa Like ink AB, jonka yritystunnus on 5568116825. Yrityksen postiosoite on","breadcrumb":{"@id":"https:\/\/likeink.com\/fi\/tilausehdot\/#breadcrumb"},"inLanguage":"fi","potentialAction":[{"@type":"ReadAction","target":["https:\/\/likeink.com\/fi\/tilausehdot\/"]}]},{"@type":"BreadcrumbList","@id":"https:\/\/likeink.com\/fi\/tilausehdot\/#breadcrumb","itemListElement":[{"@type":"ListItem","position":1,"name":"Hem","item":"https:\/\/likeink.com\/fi\/"},{"@type":"ListItem","position":2,"name":"Tilausehdot"}]},{"@type":"WebSite","@id":"https:\/\/likeink.com\/fi\/#website","url":"https:\/\/likeink.com\/fi\/","name":"Like ink","description":"Make your own custom design","potentialAction":[{"@type":"SearchAction","target":{"@type":"EntryPoint","urlTemplate":"https:\/\/likeink.com\/fi\/?s={search_term_string}"},"query-input":{"@type":"PropertyValueSpecification","valueRequired":true,"valueName":"search_term_string"}}],"inLanguage":"fi"}]}},"_links":{"self":[{"href":"https:\/\/likeink.com\/fi\/wp-json\/wp\/v2\/pages\/2002","targetHints":{"allow":["GET"]}}],"collection":[{"href":"https:\/\/likeink.com\/fi\/wp-json\/wp\/v2\/pages"}],"about":[{"href":"https:\/\/likeink.com\/fi\/wp-json\/wp\/v2\/types\/page"}],"author":[{"embeddable":true,"href":"https:\/\/likeink.com\/fi\/wp-json\/wp\/v2\/users\/7"}],"replies":[{"embeddable":true,"href":"https:\/\/likeink.com\/fi\/wp-json\/wp\/v2\/comments?post=2002"}],"version-history":[{"count":3,"href":"https:\/\/likeink.com\/fi\/wp-json\/wp\/v2\/pages\/2002\/revisions"}],"predecessor-version":[{"id":45997,"href":"https:\/\/likeink.com\/fi\/wp-json\/wp\/v2\/pages\/2002\/revisions\/45997"}],"wp:attachment":[{"href":"https:\/\/likeink.com\/fi\/wp-json\/wp\/v2\/media?parent=2002"}],"curies":[{"name":"wp","href":"https:\/\/api.w.org\/{rel}","templated":true}]}}