{"id":25213,"date":"2024-02-23T15:14:54","date_gmt":"2024-02-23T15:14:54","guid":{"rendered":"https:\/\/likeink.se\/hur-ont-gor-en-tatuering\/"},"modified":"2025-06-24T06:24:49","modified_gmt":"2025-06-24T06:24:49","slug":"kuinka-paljon-tatuoinnit-todella-sattuvat","status":"publish","type":"page","link":"https:\/\/likeink.com\/fi\/kuinka-paljon-tatuoinnit-todella-sattuvat\/","title":{"rendered":"Kuinka paljon tatuoinnit todella sattuvat?"},"content":{"rendered":"\t\t<div data-elementor-type=\"wp-page\" data-elementor-id=\"25213\" class=\"elementor elementor-25213 elementor-25143\" data-elementor-post-type=\"page\">\n\t\t\t\t<div class=\"elementor-element elementor-element-dbd14a2 e-flex e-con-boxed e-con e-parent\" data-id=\"dbd14a2\" data-element_type=\"container\">\n\t\t\t\t\t<div class=\"e-con-inner\">\n\t\t\t\t<div class=\"elementor-element elementor-element-5e04dc4 elementor-widget elementor-widget-image\" data-id=\"5e04dc4\" data-element_type=\"widget\" data-widget_type=\"image.default\">\n\t\t\t\t<div class=\"elementor-widget-container\">\n\t\t\t\t\t\t\t\t\t\t\t\t\t\t\t<img decoding=\"async\" width=\"1400\" height=\"933\" src=\"https:\/\/likeink.com\/wp-content\/uploads\/2024\/02\/hur-ont-gor-det-att-tatuera-sig.jpg\" class=\"attachment-full size-full wp-image-25274\" alt=\"Kuinka kipe\u00e4\u00e4 tatuointi tekee. Like Ink selitt\u00e4\u00e4, miss\u00e4 kohtaa tatuoiminen sattuu eniten.\" srcset=\"https:\/\/likeink.com\/wp-content\/uploads\/2024\/02\/hur-ont-gor-det-att-tatuera-sig.jpg 1400w, https:\/\/likeink.com\/wp-content\/uploads\/2024\/02\/hur-ont-gor-det-att-tatuera-sig-300x200.jpg 300w, https:\/\/likeink.com\/wp-content\/uploads\/2024\/02\/hur-ont-gor-det-att-tatuera-sig-1024x682.jpg 1024w, https:\/\/likeink.com\/wp-content\/uploads\/2024\/02\/hur-ont-gor-det-att-tatuera-sig-768x512.jpg 768w, https:\/\/likeink.com\/wp-content\/uploads\/2024\/02\/hur-ont-gor-det-att-tatuera-sig-310x207.jpg 310w, https:\/\/likeink.com\/wp-content\/uploads\/2024\/02\/hur-ont-gor-det-att-tatuera-sig-660x440.jpg 660w\" sizes=\"(max-width: 1400px) 100vw, 1400px\" \/>\t\t\t\t\t\t\t\t\t\t\t\t\t\t\t<\/div>\n\t\t\t\t<\/div>\n\t\t\t\t\t<\/div>\n\t\t\t\t<\/div>\n\t\t<div class=\"elementor-element elementor-element-bf25ea2 e-flex e-con-boxed e-con e-parent\" data-id=\"bf25ea2\" data-element_type=\"container\">\n\t\t\t\t\t<div class=\"e-con-inner\">\n\t\t<div class=\"elementor-element elementor-element-f525b91 e-con-full e-flex e-con e-child\" data-id=\"f525b91\" data-element_type=\"container\">\n\t\t\t\t<div class=\"elementor-element elementor-element-005bec9 elementor-widget elementor-widget-heading\" data-id=\"005bec9\" data-element_type=\"widget\" data-widget_type=\"heading.default\">\n\t\t\t\t<div class=\"elementor-widget-container\">\n\t\t\t\t\t<h2 class=\"elementor-heading-title elementor-size-default\">Kuinka paljon tatuoinnit todella sattuvat?\n<\/h2>\t\t\t\t<\/div>\n\t\t\t\t<\/div>\n\t\t\t\t<div class=\"elementor-element elementor-element-7c3b931 elementor-widget elementor-widget-text-editor\" data-id=\"7c3b931\" data-element_type=\"widget\" data-widget_type=\"text-editor.default\">\n\t\t\t\t<div class=\"elementor-widget-container\">\n\t\t\t\t\t\t\t\t\tTatuoinnin ottaminen on elinik\u00e4inen p\u00e4\u00e4t\u00f6s, joka voi my\u00f6s sattua, joten on olennaista suunnitella huolellisesti, milt\u00e4 haluat tatuointisi n\u00e4ytt\u00e4v\u00e4n. Like inkin siirtotatuointien avulla voit suunnitella tatuointisi pienimpiin yksityiskohtiin asti, jotta n\u00e4et nopeasti ja helposti, milt\u00e4 ne tulevat n\u00e4ytt\u00e4m\u00e4\u00e4n. Tilaa suunnitellut tatuointisi siirtotatuointeina ja n\u00e4e v\u00e4litt\u00f6m\u00e4sti, milt\u00e4 ne n\u00e4ytt\u00e4v\u00e4t kehossasi. Luo tatuointisi t\u00e4\u00e4ll\u00e4!\n\n\t\t\t\t\t\t\t\t<\/div>\n\t\t\t\t<\/div>\n\t\t\t\t<\/div>\n\t\t<div class=\"elementor-element elementor-element-e2db7f3 e-con-full e-flex e-con e-child\" data-id=\"e2db7f3\" data-element_type=\"container\">\n\t\t\t\t<div class=\"elementor-element elementor-element-6323d7f elementor-widget elementor-widget-heading\" data-id=\"6323d7f\" data-element_type=\"widget\" data-widget_type=\"heading.default\">\n\t\t\t\t<div class=\"elementor-widget-container\">\n\t\t\t\t\t<h2 class=\"elementor-heading-title elementor-size-default\">Miss\u00e4 tatuoinnin ottaminen sattuu v\u00e4hiten?\n<\/h2>\t\t\t\t<\/div>\n\t\t\t\t<\/div>\n\t\t\t\t<div class=\"elementor-element elementor-element-a294d04 elementor-widget elementor-widget-text-editor\" data-id=\"a294d04\" data-element_type=\"widget\" data-widget_type=\"text-editor.default\">\n\t\t\t\t<div class=\"elementor-widget-container\">\n\t\t\t\t\t\t\t\t\tKipu on hyvin yksil\u00f6llist\u00e4 ja voi vaihdella henkil\u00f6st\u00e4 toiseen. Usein koetaan, ett\u00e4 kipu on suurinta ohuella iholla. Siell\u00e4 miss\u00e4 on enemm\u00e4n ihonalaista rasvaa, tatuoinnit ovat usein v\u00e4hemm\u00e4n kivuliaita. Riippumatta siit\u00e4, miss\u00e4 haluat ottaa tatuoinnin, se tulee sattumaan, joten k\u00e4yt\u00e4 Like ink tilataksesi tatuointisi siirtotatuointina ja n\u00e4hd\u00e4ksesi, pid\u00e4tk\u00f6 suunnittelusta. Alla on kuvaukset v\u00e4hiten kivuliaista paikoista ottaa tatuointi.\t\t\t\t\t\t\t\t<\/div>\n\t\t\t\t<\/div>\n\t\t\t\t<\/div>\n\t\t<div class=\"elementor-element elementor-element-d7fbe22 e-con-full e-flex e-con e-child\" data-id=\"d7fbe22\" data-element_type=\"container\">\n\t\t\t\t<div class=\"elementor-element elementor-element-a7e733a elementor-widget elementor-widget-heading\" data-id=\"a7e733a\" data-element_type=\"widget\" data-widget_type=\"heading.default\">\n\t\t\t\t<div class=\"elementor-widget-container\">\n\t\t\t\t\t<h3 class=\"elementor-heading-title elementor-size-default\">K\u00e4sivarren tatuoinnit\n<\/h3>\t\t\t\t<\/div>\n\t\t\t\t<\/div>\n\t\t\t\t<div class=\"elementor-element elementor-element-4a3e5a7 elementor-widget elementor-widget-text-editor\" data-id=\"4a3e5a7\" data-element_type=\"widget\" data-widget_type=\"text-editor.default\">\n\t\t\t\t<div class=\"elementor-widget-container\">\n\t\t\t\t\t\t\t\t\tK\u00e4sivarren tatuointia pidet\u00e4\u00e4n v\u00e4hemm\u00e4n kivuliaana paikkana tatuoinnille, koska usein ihon ja luun v\u00e4liss\u00e4 on enemm\u00e4n lihaa, mik\u00e4 tarkoittaa, ett\u00e4 se sattuu v\u00e4hemm\u00e4n. Esimerkiksi tatuointi kyyn\u00e4rvarteen, jossa on enemm\u00e4n rasvaa ja lihasta, ei ole erityisen kivulias. Kyyn\u00e4rvarteen tatuoiminen on suosittua t\u00e4st\u00e4 syyst\u00e4. Kuitenkin tatuoinnit ranteessa tai kyyn\u00e4rp\u00e4\u00e4ss\u00e4 voivat olla kivuliaampia, koska iho on l\u00e4hell\u00e4 luuta. K\u00e4yt\u00e4 siirtotatuointeja n\u00e4hd\u00e4ksesi, pit\u00e4isitk\u00f6 uudesta tatuoinnistasi, jos olet hermostunut \u2013 sitten tied\u00e4t, onko se sen arvoista!\t\t\t\t\t\t\t\t<\/div>\n\t\t\t\t<\/div>\n\t\t\t\t<\/div>\n\t\t<div class=\"elementor-element elementor-element-7c20972 e-con-full e-flex e-con e-child\" data-id=\"7c20972\" data-element_type=\"container\">\n\t\t\t\t<div class=\"elementor-element elementor-element-7616ee8 elementor-widget elementor-widget-heading\" data-id=\"7616ee8\" data-element_type=\"widget\" data-widget_type=\"heading.default\">\n\t\t\t\t<div class=\"elementor-widget-container\">\n\t\t\t\t\t<h3 class=\"elementor-heading-title elementor-size-default\">Jalkatatuoinnit\n<\/h3>\t\t\t\t<\/div>\n\t\t\t\t<\/div>\n\t\t\t\t<div class=\"elementor-element elementor-element-7e3bb8e elementor-widget elementor-widget-text-editor\" data-id=\"7e3bb8e\" data-element_type=\"widget\" data-widget_type=\"text-editor.default\">\n\t\t\t\t<div class=\"elementor-widget-container\">\n\t\t\t\t\t\t\t\t\tJalkoihin tehdyt tatuoinnit sattuvat v\u00e4hemm\u00e4n, koska iho on kauempana luusta ja useimmilla ihmisill\u00e4 on rasvaa ja lihasta luun ja ihon v\u00e4liss\u00e4. Tatuointi reisiss\u00e4 tai pohkeessa sattuu v\u00e4hiten, kun taas polveen tehdyt tatuoinnit sattuvat enemm\u00e4n. Jos suunnittelet tatuointien ottamista reisiisi tai pohkeisiisi ja olet huolissasi kivusta, on hyv\u00e4 idea varmistaa, ett\u00e4 olet tyytyv\u00e4inen sijoitteluun ennen tatuoitavaksi ryhtymist\u00e4. Like inkiss\u00e4 voit tilata omat siirtotatuointisi suunnitellulla kuviollasi varmistaaksesi, ett\u00e4 pid\u00e4t tatuoinnista.\t\t\t\t\t\t\t\t<\/div>\n\t\t\t\t<\/div>\n\t\t\t\t<\/div>\n\t\t<div class=\"elementor-element elementor-element-d6fd01b e-con-full e-flex e-con e-child\" data-id=\"d6fd01b\" data-element_type=\"container\">\n\t\t\t\t<div class=\"elementor-element elementor-element-941f9a7 elementor-widget elementor-widget-heading\" data-id=\"941f9a7\" data-element_type=\"widget\" data-widget_type=\"heading.default\">\n\t\t\t\t<div class=\"elementor-widget-container\">\n\t\t\t\t\t<h3 class=\"elementor-heading-title elementor-size-default\">Miss\u00e4 tatuoinnin ottaminen sattuu eniten?\n<\/h3>\t\t\t\t<\/div>\n\t\t\t\t<\/div>\n\t\t\t\t<div class=\"elementor-element elementor-element-f767496 elementor-widget elementor-widget-text-editor\" data-id=\"f767496\" data-element_type=\"widget\" data-widget_type=\"text-editor.default\">\n\t\t\t\t<div class=\"elementor-widget-container\">\n\t\t\t\t\t\t\t\t\tOn viisasta harkita tatuointeja huolellisesti ennen niiden ottamista; tatuointi sattuu ja j\u00e4\u00e4 todenn\u00e4k\u00f6isesti kehoosi ikuisesti. Toisaalta Like inkin siirtotatuoinnit ovat t\u00e4ysin kivuttomia ja helposti pest\u00e4viss\u00e4 pois \u2013 kokeile ottaa siirtotatuointi p\u00e4\u00e4tt\u00e4\u00e4ksesi, mihin haluat tatuoinnin ennen oikean tatuoinnin ottamista! Alla selit\u00e4mme, miss\u00e4 kehon osassa tatuoinnin ottaminen sattuu eniten.\t\t\t\t\t\t\t\t<\/div>\n\t\t\t\t<\/div>\n\t\t\t\t<\/div>\n\t\t<div class=\"elementor-element elementor-element-9eb36bf e-con-full e-flex e-con e-child\" data-id=\"9eb36bf\" data-element_type=\"container\">\n\t\t\t\t<div class=\"elementor-element elementor-element-167216f elementor-widget elementor-widget-heading\" data-id=\"167216f\" data-element_type=\"widget\" data-widget_type=\"heading.default\">\n\t\t\t\t<div class=\"elementor-widget-container\">\n\t\t\t\t\t<h3 class=\"elementor-heading-title elementor-size-default\">Kaulatatuoinnit<\/h3>\t\t\t\t<\/div>\n\t\t\t\t<\/div>\n\t\t\t\t<div class=\"elementor-element elementor-element-89c46a0 elementor-widget elementor-widget-text-editor\" data-id=\"89c46a0\" data-element_type=\"widget\" data-widget_type=\"text-editor.default\">\n\t\t\t\t<div class=\"elementor-widget-container\">\n\t\t\t\t\t\t\t\t\tP\u00e4\u00e4n, kaulan ja kurkun tatuointi voi olla kivulias kokemus, p\u00e4\u00e4asiassa ihon alla olevan rajoitetun rasvakerroksen vuoksi n\u00e4ill\u00e4 alueilla. Harkittaessa n\u00e4iden kehon osien tatuointia on hyv\u00e4 ymm\u00e4rt\u00e4\u00e4, miksi kipu voi olla t\u00e4\u00e4ll\u00e4 intensiivisemp\u00e4\u00e4 kuin muissa paikoissa. Kaulan tatuoiminen on esimerkki t\u00e4st\u00e4, koska kaulassa on yleens\u00e4 v\u00e4hemm\u00e4n rasvakudosta kuin monilla muilla kehon alueilla. Kun tatuointineula tunkeutuu kaulan ihoon, se p\u00e4\u00e4see l\u00e4helle hermoja ja luita pinnan alla. T\u00e4m\u00e4 hermojen ja luiden l\u00e4heisyys voi tehd\u00e4 kivusta ter\u00e4v\u00e4mp\u00e4\u00e4 ja intensiivisemp\u00e4\u00e4. Siksi on t\u00e4rke\u00e4\u00e4 olla henkisesti valmistautunut ja valita kokenut tatuointitaiteilija harkittaessa kaulatatuointia. Sama periaate p\u00e4tee kurkun tatuoimiseen. Kurkussa on yleens\u00e4 v\u00e4hemm\u00e4n rasvakudosta ja se voi olla kivulias alue tatuoitavaksi. Kivunhallinta voi olla haastavampaa, joten on olennaista harkita t\u00e4t\u00e4 ennen kuin p\u00e4\u00e4t\u00e4t tatuoitava kurkkuasi.\n\nAuttaaksemme sinua p\u00e4\u00e4tt\u00e4m\u00e4\u00e4n, onko tatuointisi kivun arvoinen, on hyv\u00e4 idea k\u00e4ytt\u00e4\u00e4 siirtotatuointejamme. Siirtotatuointeja k\u00e4ytt\u00e4m\u00e4ll\u00e4 voit kokeilla erilaisia suunnitelmia ja sijoittelua kehollasi ennen kuin sitoudut pysyv\u00e4\u00e4n tatuointiin. K\u00e4yt\u00e4 siirtotatuointejamme harkitaksesi perusteellisesti, onko miettim\u00e4si siisti tatuointi kivun arvoinen. Joten, jos et ole varma rintatatuoinnin ottamisesta, miksi et kokeilisi siirtotatuointia varmistaaksesi, ett\u00e4 todella rakastat sit\u00e4?\n\n\t\t\t\t\t\t\t\t<\/div>\n\t\t\t\t<\/div>\n\t\t\t\t<\/div>\n\t\t<div class=\"elementor-element elementor-element-d8952c8 e-con-full e-flex e-con e-child\" data-id=\"d8952c8\" data-element_type=\"container\">\n\t\t\t\t<div class=\"elementor-element elementor-element-bfddc3d elementor-widget elementor-widget-heading\" data-id=\"bfddc3d\" data-element_type=\"widget\" data-widget_type=\"heading.default\">\n\t\t\t\t<div class=\"elementor-widget-container\">\n\t\t\t\t\t<h3 class=\"elementor-heading-title elementor-size-default\">K\u00e4sitatuoinnit<\/h3>\t\t\t\t<\/div>\n\t\t\t\t<\/div>\n\t\t\t\t<div class=\"elementor-element elementor-element-0ce2a0d elementor-widget elementor-widget-text-editor\" data-id=\"0ce2a0d\" data-element_type=\"widget\" data-widget_type=\"text-editor.default\">\n\t\t\t\t<div class=\"elementor-widget-container\">\n\t\t\t\t\t\t\t\t\tK\u00e4den tatuoiminen ei ole niille, joilla on matala kipukynnys, koska se sattuu ihon ollessa l\u00e4hell\u00e4 luuta. Siksi saatat haluta harkita huolellisesti k\u00e4sitatuoinnin ottamista. Sama p\u00e4tee rannetatuointeihin \u2013 ranteen tatuoiminen sattuu, koska ihon alla on v\u00e4hemm\u00e4n lihasta ja rasvaa. K\u00e4sitatuoinnit voivat my\u00f6s tarkoittaa, ett\u00e4 tatuointisi kuluu nopeasti pois. K\u00e4mmenen ja sormien tatuoinnit kest\u00e4v\u00e4t paljon kulumista ja repe\u00e4mist\u00e4, mik\u00e4 saa ne haalistumaan nopeammin kuin muut tatuoinnit. Muste asetetaan pinnallisesti ihoon, ja kun k\u00e4yt\u00e4t k\u00e4si\u00e4si joka p\u00e4iv\u00e4, ihon uloin kerros kuluu pois ja korvautuu uudella iholla \u2013 silloin tatuointi haalistuu. Jopa pienet k\u00e4sitatuoinnit voivat olla kivuliaita. Siksi kannattaa k\u00e4ytt\u00e4\u00e4 Like inkin palvelua tilataksesi oman siirtotatuointisi suunnitelmallasi varmistaaksesi, ett\u00e4 pid\u00e4t todella suunnittelustasi ja sijoittelustasi ennen tatuoitavaksi ryhtymist\u00e4.\t\t\t\t\t\t\t\t<\/div>\n\t\t\t\t<\/div>\n\t\t\t\t<\/div>\n\t\t<div class=\"elementor-element elementor-element-c81cdaf e-con-full e-flex e-con e-child\" data-id=\"c81cdaf\" data-element_type=\"container\">\n\t\t\t\t<div class=\"elementor-element elementor-element-e90fc45 elementor-widget elementor-widget-heading\" data-id=\"e90fc45\" data-element_type=\"widget\" data-widget_type=\"heading.default\">\n\t\t\t\t<div class=\"elementor-widget-container\">\n\t\t\t\t\t<h3 class=\"elementor-heading-title elementor-size-default\">Jalkatatuoinnit\n<\/h3>\t\t\t\t<\/div>\n\t\t\t\t<\/div>\n\t\t\t\t<div class=\"elementor-element elementor-element-8c278d5 elementor-widget elementor-widget-text-editor\" data-id=\"8c278d5\" data-element_type=\"widget\" data-widget_type=\"text-editor.default\">\n\t\t\t\t<div class=\"elementor-widget-container\">\n\t\t\t\t\t\t\t\t\t<p>Jalkatatuoinnin ottaminen on p\u00e4\u00e4t\u00f6s, jota monet tatuointiharrastajat harkitsevat, mutta ennen sit\u00e4 on t\u00e4rke\u00e4\u00e4 mietti\u00e4 joitakin olennaisia asioita. Jalkatatuointi voi n\u00e4ytt\u00e4\u00e4 todella siistilt\u00e4, mutta sen tiedet\u00e4\u00e4n olevan yksi kivuliaimmista paikoista saada tatuointi kehoon. Miksi jalkatatuoinnin ottaminen sattuu? Ensinn\u00e4kin, jalka koostuu monista luista, j\u00e4nteist\u00e4 ja hermoista l\u00e4hell\u00e4 ihon pintaa. Kun neula l\u00e4vist\u00e4\u00e4 n\u00e4m\u00e4 alueet, kipu voi olla voimakkaampaa kuin paksumman ihon ja v\u00e4hemm\u00e4n herkkien alueiden kohdalla. Lis\u00e4ksi jalka on jatkuvasti k\u00e4yt\u00f6ss\u00e4 oleva kehon osa, ja t\u00e4m\u00e4 voi monimutkaistaa paranemisprosessia. Jatkuva liike ja kitka kengist\u00e4 ja sukista voivat vaikuttaa siihen, kuinka nopeasti ja sujuvasti tatuointisi paranee. On olennaista noudattaa tarkasti tatuointitaiteilijan j\u00e4lkihoito-ohjeita infektioiden ja muiden komplikaatioiden v\u00e4ltt\u00e4miseksi. K\u00e4yt\u00e4 Like inkin ominaisuutta tilataksesi helposti ja nopeasti siirtotatuointeja omilla suunnitelmillasi varmistaaksesi, ett\u00e4 todella pid\u00e4t suunnittelemastasi jalkatatuoinnista.<\/p><p><br><\/p>\n<p><h5><b>Kuinka tehd\u00e4 omat siirtotatuointisi<\/b><\/h5>\nOlitpa sitten pienen tai suuren tatuoinnin yst\u00e4v\u00e4, Like ink tarjoaa hauskoja tatuointeja ja<br>kauniita tatuointeja jokaiseen makuun! Tarjoamme tatuointeja erilaisiin juhliin ja<br>tapahtumiin \u2013 voit jopa suunnitella omat siirtotatuointisi kanssamme.<br>Siirtotatuointien tilaaminen omalla suunnitelmallasi on sek\u00e4 nopeaa ett\u00e4 helppoa! Lataa<br>suunnitelmasi verkkosivustollemme, valitse koko ja m\u00e4\u00e4r\u00e4, ja klikkaa tilataksesi ne<br>k\u00e4tev\u00e4sti. K\u00e4yt\u00e4 itse suunnittelemaasi siirtotatuointia n\u00e4hd\u00e4ksesi, milt\u00e4 tatuointiideasi<br>n\u00e4ytt\u00e4\u00e4 kehollasi, tai k\u00e4yt\u00e4 palvelua tilataksesi personoituja tatuointeja seuraavaan<br>juhlaasi! Mahdollisuuksia on loputtomasti, mutta aina kivuttomasti, nopeasti ja tyylikk\u00e4\u00e4sti meill\u00e4 Like ink<\/p>\t\t\t\t\t\t\t\t<\/div>\n\t\t\t\t<\/div>\n\t\t\t\t<\/div>\n\t\t\t\t\t<\/div>\n\t\t\t\t<\/div>\n\t\t<div class=\"elementor-element elementor-element-0b0d630 e-flex e-con-boxed e-con e-parent\" data-id=\"0b0d630\" data-element_type=\"container\" id=\"real-tatto\" data-settings=\"{&quot;background_background&quot;:&quot;classic&quot;}\">\n\t\t\t\t\t<div class=\"e-con-inner\">\n\t\t<div class=\"elementor-element elementor-element-6a75cec e-con-full e-flex e-con e-child\" data-id=\"6a75cec\" data-element_type=\"container\">\n\t\t<div class=\"elementor-element elementor-element-74ea3e2 e-con-full e-flex e-con e-child\" data-id=\"74ea3e2\" data-element_type=\"container\">\n\t\t\t\t<div class=\"elementor-element elementor-element-a266257 elementor-position-left elementor-vertical-align-middle elementor-widget elementor-widget-image-box\" data-id=\"a266257\" data-element_type=\"widget\" data-widget_type=\"image-box.default\">\n\t\t\t\t<div class=\"elementor-widget-container\">\n\t\t\t\t\t<div class=\"elementor-image-box-wrapper\"><figure class=\"elementor-image-box-img\"><img decoding=\"async\" src=\"http:\/\/newweb.likeink.se\/wp-content\/uploads\/2024\/11\/thump_up-1.png\" title=\"\" alt=\"\" loading=\"lazy\" \/><\/figure><div class=\"elementor-image-box-content\"><h3 class=\"elementor-image-box-title\">REAL FAKE TATTOOS<\/h3><\/div><\/div>\t\t\t\t<\/div>\n\t\t\t\t<\/div>\n\t\t\t\t<div class=\"elementor-element elementor-element-d5e4020 elementor-widget elementor-widget-text-editor\" data-id=\"d5e4020\" data-element_type=\"widget\" data-widget_type=\"text-editor.default\">\n\t\t\t\t<div class=\"elementor-widget-container\">\n\t\t\t\t\t\t\t\t\tValmistamme designistasi, kuvastasi, tekstist\u00e4si tai logostasi laadukkaita siirtokuvia. Siirtokuvat sopivat t\u00e4ydellisesti messuille, tapahtumiin ja arvontoihin. Suosittuja polttareissa, bileiss\u00e4 ja juhlissa. Niille, jotka haluavat oikean tatuoinnin!\t\t\t\t\t\t\t\t<\/div>\n\t\t\t\t<\/div>\n\t\t\t\t<div class=\"elementor-element elementor-element-011d56e elementor-widget elementor-widget-button\" data-id=\"011d56e\" data-element_type=\"widget\" data-widget_type=\"button.default\">\n\t\t\t\t<div class=\"elementor-widget-container\">\n\t\t\t\t\t\t\t\t\t<div class=\"elementor-button-wrapper\">\n\t\t\t\t\t<a class=\"elementor-button elementor-button-link elementor-size-sm\" href=\"https:\/\/likeink.com\/fi\/siirtotatuoinnit\/custom-temporary-tattoos\/\">\n\t\t\t\t\t\t<span class=\"elementor-button-content-wrapper\">\n\t\t\t\t\t\t\t\t\t<span class=\"elementor-button-text\">TEE OMAT SIIRTOKUVATATUOINTISI<\/span>\n\t\t\t\t\t<\/span>\n\t\t\t\t\t<\/a>\n\t\t\t\t<\/div>\n\t\t\t\t\t\t\t\t<\/div>\n\t\t\t\t<\/div>\n\t\t\t\t<\/div>\n\t\t<div class=\"elementor-element elementor-element-391a89d e-con-full e-flex e-con e-child\" data-id=\"391a89d\" data-element_type=\"container\">\n\t\t\t\t<div class=\"elementor-element elementor-element-c681a1f elementor-widget elementor-widget-image\" data-id=\"c681a1f\" data-element_type=\"widget\" data-widget_type=\"image.default\">\n\t\t\t\t<div class=\"elementor-widget-container\">\n\t\t\t\t\t\t\t\t\t\t\t\t\t\t\t<img decoding=\"async\" src=\"http:\/\/newweb.likeink.se\/wp-content\/uploads\/2024\/11\/ezgif.com-crop-1.gif\" title=\"\" alt=\"\" loading=\"lazy\" \/>\t\t\t\t\t\t\t\t\t\t\t\t\t\t\t<\/div>\n\t\t\t\t<\/div>\n\t\t\t\t<\/div>\n\t\t\t\t<\/div>\n\t\t\t\t\t<\/div>\n\t\t\t\t<\/div>\n\t\t\t\t<\/div>\n\t\t","protected":false},"excerpt":{"rendered":"<p>Kuinka paljon tatuoinnit todella sattuvat? Tatuoinnin ottaminen on elinik\u00e4inen p\u00e4\u00e4t\u00f6s, joka voi my\u00f6s sattua, joten on olennaista suunnitella huolellisesti, milt\u00e4 haluat tatuointisi n\u00e4ytt\u00e4v\u00e4n. Like inkin siirtotatuointien avulla voit suunnitella tatuointisi pienimpiin yksityiskohtiin asti, jotta n\u00e4et nopeasti ja helposti, milt\u00e4 ne tulevat n\u00e4ytt\u00e4m\u00e4\u00e4n. Tilaa suunnitellut tatuointisi siirtotatuointeina ja n\u00e4e v\u00e4litt\u00f6m\u00e4sti, milt\u00e4 ne n\u00e4ytt\u00e4v\u00e4t kehossasi. Luo tatuointisi [&hellip;]<\/p>\n","protected":false},"author":4,"featured_media":0,"parent":0,"menu_order":0,"comment_status":"closed","ping_status":"closed","template":"","meta":{"footnotes":""},"class_list":["post-25213","page","type-page","status-publish","hentry"],"yoast_head":"<!-- This site is optimized with the Yoast SEO Premium plugin v26.2 (Yoast SEO v27.5) - https:\/\/yoast.com\/product\/yoast-seo-premium-wordpress\/ -->\n<title>Kuinka paljon tatuoinnit todella sattuvat? - Like ink<\/title>\n<meta name=\"description\" content=\"Kuinka paljon tatuoinnit todella sattuvat? Milt\u00e4 tuntuu tatuoitavana olla, jalka, rinta ja muut kehon osat. V\u00e4liaikaisia tatuointeja.\" \/>\n<meta name=\"robots\" content=\"index, follow, max-snippet:-1, max-image-preview:large, max-video-preview:-1\" \/>\n<link rel=\"canonical\" href=\"https:\/\/likeink.com\/fi\/kuinka-paljon-tatuoinnit-todella-sattuvat\/\" \/>\n<meta property=\"og:locale\" content=\"fi_FI\" \/>\n<meta property=\"og:type\" content=\"article\" \/>\n<meta property=\"og:title\" content=\"Kuinka paljon tatuoinnit todella sattuvat?\" \/>\n<meta property=\"og:description\" content=\"Kuinka paljon tatuoinnit todella sattuvat? Tatuoinnin ottaminen on elinik\u00e4inen p\u00e4\u00e4t\u00f6s, joka voi my\u00f6s sattua, joten on olennaista suunnitella\" \/>\n<meta property=\"og:url\" content=\"https:\/\/likeink.com\/fi\/kuinka-paljon-tatuoinnit-todella-sattuvat\/\" \/>\n<meta property=\"og:site_name\" content=\"Like ink\" \/>\n<meta property=\"article:publisher\" content=\"https:\/\/www.facebook.com\/LikeInkSe\" \/>\n<meta property=\"article:modified_time\" content=\"2025-06-24T06:24:49+00:00\" \/>\n<meta property=\"og:image\" content=\"https:\/\/likeink.com\/wp-content\/uploads\/2024\/02\/hur-ont-gor-det-att-tatuera-sig.jpg\" \/>\n<meta name=\"twitter:card\" content=\"summary_large_image\" \/>\n<meta name=\"twitter:label1\" content=\"Arvioitu lukuaika\" \/>\n\t<meta name=\"twitter:data1\" content=\"5 minuuttia\" \/>\n<!-- \/ Yoast SEO Premium plugin. -->","yoast_head_json":{"title":"Kuinka paljon tatuoinnit todella sattuvat? - Like ink","description":"Kuinka paljon tatuoinnit todella sattuvat? Milt\u00e4 tuntuu tatuoitavana olla, jalka, rinta ja muut kehon osat. V\u00e4liaikaisia tatuointeja.","robots":{"index":"index","follow":"follow","max-snippet":"max-snippet:-1","max-image-preview":"max-image-preview:large","max-video-preview":"max-video-preview:-1"},"canonical":"https:\/\/likeink.com\/fi\/kuinka-paljon-tatuoinnit-todella-sattuvat\/","og_locale":"fi_FI","og_type":"article","og_title":"Kuinka paljon tatuoinnit todella sattuvat?","og_description":"Kuinka paljon tatuoinnit todella sattuvat? Tatuoinnin ottaminen on elinik\u00e4inen p\u00e4\u00e4t\u00f6s, joka voi my\u00f6s sattua, joten on olennaista suunnitella","og_url":"https:\/\/likeink.com\/fi\/kuinka-paljon-tatuoinnit-todella-sattuvat\/","og_site_name":"Like ink","article_publisher":"https:\/\/www.facebook.com\/LikeInkSe","article_modified_time":"2025-06-24T06:24:49+00:00","og_image":[{"url":"https:\/\/likeink.com\/wp-content\/uploads\/2024\/02\/hur-ont-gor-det-att-tatuera-sig.jpg","type":"","width":"","height":""}],"twitter_card":"summary_large_image","twitter_misc":{"Arvioitu lukuaika":"5 minuuttia"},"schema":{"@context":"https:\/\/schema.org","@graph":[{"@type":"WebPage","@id":"https:\/\/likeink.com\/fi\/kuinka-paljon-tatuoinnit-todella-sattuvat\/","url":"https:\/\/likeink.com\/fi\/kuinka-paljon-tatuoinnit-todella-sattuvat\/","name":"Kuinka paljon tatuoinnit todella sattuvat? - Like ink","isPartOf":{"@id":"https:\/\/likeink.com\/fi\/#website"},"primaryImageOfPage":{"@id":"https:\/\/likeink.com\/fi\/kuinka-paljon-tatuoinnit-todella-sattuvat\/#primaryimage"},"image":{"@id":"https:\/\/likeink.com\/fi\/kuinka-paljon-tatuoinnit-todella-sattuvat\/#primaryimage"},"thumbnailUrl":"https:\/\/likeink.com\/wp-content\/uploads\/2024\/02\/hur-ont-gor-det-att-tatuera-sig.jpg","datePublished":"2024-02-23T15:14:54+00:00","dateModified":"2025-06-24T06:24:49+00:00","description":"Kuinka paljon tatuoinnit todella sattuvat? Milt\u00e4 tuntuu tatuoitavana olla, jalka, rinta ja muut kehon osat. V\u00e4liaikaisia tatuointeja.","breadcrumb":{"@id":"https:\/\/likeink.com\/fi\/kuinka-paljon-tatuoinnit-todella-sattuvat\/#breadcrumb"},"inLanguage":"fi","potentialAction":[{"@type":"ReadAction","target":["https:\/\/likeink.com\/fi\/kuinka-paljon-tatuoinnit-todella-sattuvat\/"]}]},{"@type":"ImageObject","inLanguage":"fi","@id":"https:\/\/likeink.com\/fi\/kuinka-paljon-tatuoinnit-todella-sattuvat\/#primaryimage","url":"https:\/\/likeink.com\/wp-content\/uploads\/2024\/02\/hur-ont-gor-det-att-tatuera-sig.jpg","contentUrl":"https:\/\/likeink.com\/wp-content\/uploads\/2024\/02\/hur-ont-gor-det-att-tatuera-sig.jpg"},{"@type":"BreadcrumbList","@id":"https:\/\/likeink.com\/fi\/kuinka-paljon-tatuoinnit-todella-sattuvat\/#breadcrumb","itemListElement":[{"@type":"ListItem","position":1,"name":"Hem","item":"https:\/\/likeink.com\/fi\/"},{"@type":"ListItem","position":2,"name":"Kuinka paljon tatuoinnit todella sattuvat?"}]},{"@type":"WebSite","@id":"https:\/\/likeink.com\/fi\/#website","url":"https:\/\/likeink.com\/fi\/","name":"Like ink","description":"Make your own custom design","potentialAction":[{"@type":"SearchAction","target":{"@type":"EntryPoint","urlTemplate":"https:\/\/likeink.com\/fi\/?s={search_term_string}"},"query-input":{"@type":"PropertyValueSpecification","valueRequired":true,"valueName":"search_term_string"}}],"inLanguage":"fi"}]}},"_links":{"self":[{"href":"https:\/\/likeink.com\/fi\/wp-json\/wp\/v2\/pages\/25213","targetHints":{"allow":["GET"]}}],"collection":[{"href":"https:\/\/likeink.com\/fi\/wp-json\/wp\/v2\/pages"}],"about":[{"href":"https:\/\/likeink.com\/fi\/wp-json\/wp\/v2\/types\/page"}],"author":[{"embeddable":true,"href":"https:\/\/likeink.com\/fi\/wp-json\/wp\/v2\/users\/4"}],"replies":[{"embeddable":true,"href":"https:\/\/likeink.com\/fi\/wp-json\/wp\/v2\/comments?post=25213"}],"version-history":[{"count":2,"href":"https:\/\/likeink.com\/fi\/wp-json\/wp\/v2\/pages\/25213\/revisions"}],"predecessor-version":[{"id":45921,"href":"https:\/\/likeink.com\/fi\/wp-json\/wp\/v2\/pages\/25213\/revisions\/45921"}],"wp:attachment":[{"href":"https:\/\/likeink.com\/fi\/wp-json\/wp\/v2\/media?parent=25213"}],"curies":[{"name":"wp","href":"https:\/\/api.w.org\/{rel}","templated":true}]}}