{"id":4194,"date":"2020-11-05T13:34:29","date_gmt":"2020-11-05T13:34:29","guid":{"rendered":"https:\/\/likeink.se\/lasten-tatuoinnit\/"},"modified":"2025-06-24T06:24:57","modified_gmt":"2025-06-24T06:24:57","slug":"lasten-tatuoinnit","status":"publish","type":"page","link":"https:\/\/likeink.com\/fi\/lasten-tatuoinnit\/","title":{"rendered":"Lasten tatuoinnit"},"content":{"rendered":"\t\t<div data-elementor-type=\"wp-page\" data-elementor-id=\"4194\" class=\"elementor elementor-4194 elementor-4193\" data-elementor-post-type=\"page\">\n\t\t\t\t<div class=\"elementor-element elementor-element-01d7565 e-flex e-con-boxed e-con e-parent\" data-id=\"01d7565\" data-element_type=\"container\">\n\t\t\t\t\t<div class=\"e-con-inner\">\n\t\t\t\t<div class=\"elementor-element elementor-element-26cf217 elementor-widget elementor-widget-text-editor\" data-id=\"26cf217\" data-element_type=\"widget\" data-widget_type=\"text-editor.default\">\n\t\t\t\t<div class=\"elementor-widget-container\">\n\t\t\t\t\t\t\t\t\t<h2>Lasten tatuoinnit vapaavalintaisella kuvalla<\/h2><p>Kaikkiin tilanteisiin sopivat lasten tatuoinnit. Meill\u00e4 voit suunnitella itse omat tatuointisi omalla kuvalla. K\u00e4yt\u00e4mme ymp\u00e4rist\u00f6yst\u00e4v\u00e4llist\u00e4 materiaalia, ja kaikki siirtokuvat ovat allergisille sopivia ja testattuja.<\/p><h3><b>Lapset rakastavat tatuointeja!<\/b><\/h3><p>Kenties haluat tatuointeja lastenjuhliin, naamiaisiin tai halloweeniksi, tai sitten lapsesi on kuin monet muutkin lapset ja haluaa pyntt\u00e4yty\u00e4 ja pukeutua eri tavoin.<br \/>Kertak\u00e4ytt\u00f6tatuoinneilla voi t\u00e4ydent\u00e4\u00e4 asukokonaisuuden. Teematatuoinnit taas ovat helppo ja hauska tapa luoda jotain erityist\u00e4 sis\u00e4lt\u00f6\u00e4 lastenjuhliin tai urheilutapahtumaan.<\/p><h3><b>Allergiayst\u00e4v\u00e4lliset lasten tatuoinnit<\/b><\/h3><p>Me Like inkiss\u00e4 k\u00e4yt\u00e4mme kertak\u00e4ytt\u00f6tatuointiemme valmistamiseen materiaaleja kuten ymp\u00e4rist\u00f6yst\u00e4v\u00e4llist\u00e4 liimaa, paperia ja mustetta. Like inkin lasten tatuoinnit ovat allergiayst\u00e4v\u00e4llisi\u00e4 ja testattuja. Kaikki yli kolmevuotiaat voivat k\u00e4ytt\u00e4\u00e4 niit\u00e4 ilman tunnettujen allergioiden riski\u00e4. Ik\u00e4rajan vet\u00e4minen kolmeen ik\u00e4vuoteen ei koske sit\u00e4, ett\u00e4 pienempien lasten iho reagoisi siirtokuviin, vaan sit\u00e4, ett\u00e4 he voisivat laittaa ne suuhunsa.<\/p><h3><b>Kuinka kauan lasten tatuointi pysyy iholla?<\/b><\/h3><p>Lasten tatuointimme pysyv\u00e4t iholla 1-14 p\u00e4iv\u00e4\u00e4 ihotyypist\u00e4 ja tatuoinnin sijainnista riippuen.<br \/>Tatuoinnin pois peseminen on superhelppoa saippualla ja l\u00e4mpim\u00e4ll\u00e4 vedell\u00e4, ja sen voi pest\u00e4 pois halutessaan v\u00e4litt\u00f6m\u00e4sti tatuoinnin laittamisen j\u00e4lkeen.<\/p><h3><b>Lasten tatuointi omalla kuvalla<\/b><\/h3><p>Jokainen lapsi on erilainen ja siksi itse suunnitellut\u00a0<a href=\"https:\/\/likeink.com\/\">siirtotautoinnit<\/a>ovat parasta, mit\u00e4 lapsi voi saada.<br \/>Monet lapset ja aikuiset arvostavat suuresti Like inkin palvelussa sit\u00e4, ett\u00e4 voi itse ladata vapaavalintaisen kuvan, jonka me sitten painatamme ja l\u00e4het\u00e4mme sinulle haluamassasi koossa ja lukum\u00e4\u00e4r\u00e4ss\u00e4.<br \/>Jotkut lapset haluavat samanlaisia tatuointeja kuin heid\u00e4n idoleillaan tai vanhemmillaan on, itse piirt\u00e4m\u00e4ns\u00e4 kuvan tai valokuvan, kun taas jotkut rakastavat koiria, hevosia tai lentokoneita tai haluavat siirtokuvan pit\u00e4m\u00e4st\u00e4\u00e4n videopelist\u00e4 tai tv-sarjasta. Valinta on sinun. Lataa vapaavalintainen kuva ja me valmistamme ja l\u00e4het\u00e4mme tatuointisi 24 tunnin sis\u00e4ll\u00e4.<\/p><h3><b>Lasten tatuointimme osana suurkampanjaa<\/b><\/h3><p>Kes\u00e4ll\u00e4 teimme onnistunutta yhteisty\u00f6t\u00e4 yhden Ruotsin suurimmista apteekeista, Apotek Hj\u00e4rtat -apteekin kanssa.<\/p><p>Tarkoituksena oli, ett\u00e4 lapsille kehitettyjen tatuointien avulla voitaisiin v\u00e4hent\u00e4\u00e4 tulehtuneita hy\u00f6nteisten puremia.<br \/>Lasten on vaikeaa olla raapimatta hyttysten, punkkien, paarmojen ja ampiaisten puremia ja pistoksia.<br \/>Jotta lasta muistutettaisiin olemaan raapimatta, kehitti apteekki yhdess\u00e4 p\u00e4tev\u00e4n tatuoijan kanssa kuvan, jossa puremasta tulee osa tatuointia. Ja upea ja hyv\u00e4nn\u00e4k\u00f6inen tatuointi pureman vieress\u00e4 muistuttaa pit\u00e4m\u00e4\u00e4n n\u00e4pit kurissa, jolloin paraneminen nopeutuu.<br \/>Niin helppoa ja fiksua \u2013 t\u00e4st\u00e4 kampanjasta tuli huippumenestys!<br \/>Tatuoinnit on piirt\u00e4nyt tatuoija Victoria Sundqvist ja niit\u00e4 on jaettu ilmaiseksi kaikissa Apotek Hj\u00e4rtat -apteekeissa viikosta 24 alkaen. Lis\u00e4tietoa tatuoinneista l\u00f6ytyy t\u00e4\u00e4lt\u00e4:\u00a0<a href=\"https:\/\/www.apotekhjartat.se\/gaddad\/\" target=\"_blank\" rel=\"noopener noreferrer\">Apotek hj\u00e4rtat<\/a>.<\/p><p><img decoding=\"async\" class=\"alignnone size-full wp-image-4186 entered litespeed-loaded\" src=\"https:\/\/likeink.com\/wp-content\/uploads\/2020\/11\/barntatueringar.jpg\" sizes=\"(max-width: 600px) 100vw, 600px\" srcset=\"https:\/\/likeink.fi\/wp-content\/uploads\/2020\/11\/barntatueringar.jpg 600w, https:\/\/likeink.fi\/wp-content\/uploads\/2020\/11\/barntatueringar-310x308.jpg 310w, https:\/\/likeink.fi\/wp-content\/uploads\/2020\/11\/barntatueringar-100x100.jpg 100w, https:\/\/likeink.fi\/wp-content\/uploads\/2020\/11\/barntatueringar-510x507.jpg 510w, https:\/\/likeink.fi\/wp-content\/uploads\/2020\/11\/barntatueringar-300x298.jpg 300w, https:\/\/likeink.fi\/wp-content\/uploads\/2020\/11\/barntatueringar-150x150.jpg 150w, https:\/\/likeink.fi\/wp-content\/uploads\/2020\/11\/barntatueringar-247x245.jpg 247w\" alt=\"barntatueringar\" width=\"600\" height=\"596\" data-lazyloaded=\"1\" data-src=\"https:\/\/likeink.com\/wp-content\/uploads\/2020\/11\/barntatueringar.jpg\" data-srcset=\"https:\/\/likeink.fi\/wp-content\/uploads\/2020\/11\/barntatueringar.jpg 600w, https:\/\/likeink.fi\/wp-content\/uploads\/2020\/11\/barntatueringar-310x308.jpg 310w, https:\/\/likeink.fi\/wp-content\/uploads\/2020\/11\/barntatueringar-100x100.jpg 100w, https:\/\/likeink.fi\/wp-content\/uploads\/2020\/11\/barntatueringar-510x507.jpg 510w, https:\/\/likeink.fi\/wp-content\/uploads\/2020\/11\/barntatueringar-300x298.jpg 300w, https:\/\/likeink.fi\/wp-content\/uploads\/2020\/11\/barntatueringar-150x150.jpg 150w, https:\/\/likeink.fi\/wp-content\/uploads\/2020\/11\/barntatueringar-247x245.jpg 247w\" data-sizes=\"(max-width: 600px) 100vw, 600px\" data-ll-status=\"loaded\" \/><\/p><h4><b>Tatuoi lapsesi puhelinnumerolla<\/b><\/h4><p>Yksi erinomainen vinkki lasten tatuoinnin aiheeksi on tilata tatuointeja aikuisen puhelinnumerolla. Se luo turvaa, jos lapsesi joutuu eksyksiin ja haluaa apua kotiin soittamiseksi.<br \/>Lasten tatuointeja voi lis\u00e4ksi k\u00e4ytt\u00e4\u00e4 monessa eri yhteydess\u00e4 ja ne ovat suosittu ja hauska juttu niin lapsille kuin aikuisille.<\/p><h4><b>Helppo siirt\u00e4\u00e4 iholle<\/b><\/h4><ol><li>Leikkaa siirtokuva niin l\u00e4helt\u00e4 reunaa kuin mahdollista.<\/li><li>Poista suojamuovi.<\/li><li>Aseta liimapuoli ihoa vasten kohtaan, johon tatuointi halutaan asettaa.<\/li><li>Kastele haalealla vedell\u00e4 kostetulla liinalla tai pid\u00e4 kuvaa juoksevan veden alla noin 20 sekuntia.<\/li><li>Poista paperi.<\/li><li>Wear it like a rockstar!<\/li><\/ol>\t\t\t\t\t\t\t\t<\/div>\n\t\t\t\t<\/div>\n\t\t\t\t\t<\/div>\n\t\t\t\t<\/div>\n\t\t<div class=\"elementor-element elementor-element-b40de34 e-flex e-con-boxed e-con e-parent\" data-id=\"b40de34\" data-element_type=\"container\" id=\"real-tatto\" data-settings=\"{&quot;background_background&quot;:&quot;classic&quot;}\">\n\t\t\t\t\t<div class=\"e-con-inner\">\n\t\t<div class=\"elementor-element elementor-element-c6eb668 e-con-full e-flex e-con e-child\" data-id=\"c6eb668\" data-element_type=\"container\">\n\t\t<div class=\"elementor-element elementor-element-5175fe4 e-con-full e-flex e-con e-child\" data-id=\"5175fe4\" data-element_type=\"container\">\n\t\t\t\t<div class=\"elementor-element elementor-element-44ecd7a elementor-position-left elementor-vertical-align-middle elementor-widget elementor-widget-image-box\" data-id=\"44ecd7a\" data-element_type=\"widget\" data-widget_type=\"image-box.default\">\n\t\t\t\t<div class=\"elementor-widget-container\">\n\t\t\t\t\t<div class=\"elementor-image-box-wrapper\"><figure class=\"elementor-image-box-img\"><img decoding=\"async\" src=\"http:\/\/newweb.likeink.se\/wp-content\/uploads\/2024\/11\/thump_up.png\" title=\"\" alt=\"\" loading=\"lazy\" \/><\/figure><div class=\"elementor-image-box-content\"><h3 class=\"elementor-image-box-title\">REAL FAKE TATTOOS<\/h3><\/div><\/div>\t\t\t\t<\/div>\n\t\t\t\t<\/div>\n\t\t\t\t<div class=\"elementor-element elementor-element-406d30a elementor-widget elementor-widget-text-editor\" data-id=\"406d30a\" data-element_type=\"widget\" data-widget_type=\"text-editor.default\">\n\t\t\t\t<div class=\"elementor-widget-container\">\n\t\t\t\t\t\t\t\t\tValmistamme designistasi, kuvastasi, tekstist\u00e4si tai logostasi laadukkaita siirtokuvia. Siirtokuvat sopivat t\u00e4ydellisesti messuille, tapahtumiin ja arvontoihin. Suosittuja polttareissa, bileiss\u00e4 ja juhlissa. Niille, jotka haluavat oikean tatuoinnin!\t\t\t\t\t\t\t\t<\/div>\n\t\t\t\t<\/div>\n\t\t\t\t<div class=\"elementor-element elementor-element-89db831 elementor-widget elementor-widget-button\" data-id=\"89db831\" data-element_type=\"widget\" data-widget_type=\"button.default\">\n\t\t\t\t<div class=\"elementor-widget-container\">\n\t\t\t\t\t\t\t\t\t<div class=\"elementor-button-wrapper\">\n\t\t\t\t\t<a class=\"elementor-button elementor-button-link elementor-size-sm\" href=\"https:\/\/likeink.com\/fi\/siirtotatuoinnit\/custom-temporary-tattoos\/\">\n\t\t\t\t\t\t<span class=\"elementor-button-content-wrapper\">\n\t\t\t\t\t\t\t\t\t<span class=\"elementor-button-text\">HAZ TUS PROPIOS TATUAJES TEMPORALES<\/span>\n\t\t\t\t\t<\/span>\n\t\t\t\t\t<\/a>\n\t\t\t\t<\/div>\n\t\t\t\t\t\t\t\t<\/div>\n\t\t\t\t<\/div>\n\t\t\t\t<\/div>\n\t\t<div class=\"elementor-element elementor-element-bc6000e e-con-full e-flex e-con e-child\" data-id=\"bc6000e\" data-element_type=\"container\">\n\t\t\t\t<div class=\"elementor-element elementor-element-3105680 elementor-widget elementor-widget-image\" data-id=\"3105680\" data-element_type=\"widget\" data-widget_type=\"image.default\">\n\t\t\t\t<div class=\"elementor-widget-container\">\n\t\t\t\t\t\t\t\t\t\t\t\t\t\t\t<img decoding=\"async\" src=\"http:\/\/newweb.likeink.se\/wp-content\/uploads\/2024\/11\/ezgif.com-crop.gif\" title=\"\" alt=\"\" loading=\"lazy\" \/>\t\t\t\t\t\t\t\t\t\t\t\t\t\t\t<\/div>\n\t\t\t\t<\/div>\n\t\t\t\t<\/div>\n\t\t\t\t<\/div>\n\t\t\t\t\t<\/div>\n\t\t\t\t<\/div>\n\t\t\t\t<\/div>\n\t\t","protected":false},"excerpt":{"rendered":"<p>Lasten tatuoinnit vapaavalintaisella kuvalla Kaikkiin tilanteisiin sopivat lasten tatuoinnit. Meill\u00e4 voit suunnitella itse omat tatuointisi omalla kuvalla. K\u00e4yt\u00e4mme ymp\u00e4rist\u00f6yst\u00e4v\u00e4llist\u00e4 materiaalia, ja kaikki siirtokuvat ovat allergisille sopivia ja testattuja. Lapset rakastavat tatuointeja! Kenties haluat tatuointeja lastenjuhliin, naamiaisiin tai halloweeniksi, tai sitten lapsesi on kuin monet muutkin lapset ja haluaa pyntt\u00e4yty\u00e4 ja pukeutua eri tavoin. Kertak\u00e4ytt\u00f6tatuoinneilla voi [&hellip;]<\/p>\n","protected":false},"author":7,"featured_media":0,"parent":0,"menu_order":0,"comment_status":"closed","ping_status":"open","template":"","meta":{"footnotes":""},"class_list":["post-4194","page","type-page","status-publish","hentry"],"yoast_head":"<!-- This site is optimized with the Yoast SEO Premium plugin v26.2 (Yoast SEO v27.5) - https:\/\/yoast.com\/product\/yoast-seo-premium-wordpress\/ -->\n<title>Lasten tatuoinnit omalla kuvalla - Osta tatuointi lapselle | Like ink<\/title>\n<meta name=\"description\" content=\"Kaikkiin tilanteisiin sopivat lasten tatuoinnit. Suunnittele itse tatuointeja lapselle omalla kuvalla. Ilmaisella toimituksella!\" \/>\n<meta name=\"robots\" content=\"index, follow, max-snippet:-1, max-image-preview:large, max-video-preview:-1\" \/>\n<link rel=\"canonical\" href=\"https:\/\/likeink.com\/fi\/lasten-tatuoinnit\/\" \/>\n<meta property=\"og:locale\" content=\"fi_FI\" \/>\n<meta property=\"og:type\" content=\"article\" \/>\n<meta property=\"og:title\" content=\"Lasten tatuoinnit\" \/>\n<meta property=\"og:description\" content=\"Lasten tatuoinnit vapaavalintaisella kuvalla Kaikkiin tilanteisiin sopivat lasten tatuoinnit. Meill\u00e4 voit suunnitella itse omat tatuointisi omalla\" \/>\n<meta property=\"og:url\" content=\"https:\/\/likeink.com\/fi\/lasten-tatuoinnit\/\" \/>\n<meta property=\"og:site_name\" content=\"Like ink\" \/>\n<meta property=\"article:publisher\" content=\"https:\/\/www.facebook.com\/LikeInkSe\" \/>\n<meta property=\"article:modified_time\" content=\"2025-06-24T06:24:57+00:00\" \/>\n<meta property=\"og:image\" content=\"https:\/\/likeink.se\/wp-content\/uploads\/2020\/11\/barntatueringar.jpg\" \/>\n<meta name=\"twitter:card\" content=\"summary_large_image\" \/>\n<meta name=\"twitter:label1\" content=\"Arvioitu lukuaika\" \/>\n\t<meta name=\"twitter:data1\" content=\"3 minuuttia\" \/>\n<!-- \/ Yoast SEO Premium plugin. -->","yoast_head_json":{"title":"Lasten tatuoinnit omalla kuvalla - Osta tatuointi lapselle | Like ink","description":"Kaikkiin tilanteisiin sopivat lasten tatuoinnit. Suunnittele itse tatuointeja lapselle omalla kuvalla. Ilmaisella toimituksella!","robots":{"index":"index","follow":"follow","max-snippet":"max-snippet:-1","max-image-preview":"max-image-preview:large","max-video-preview":"max-video-preview:-1"},"canonical":"https:\/\/likeink.com\/fi\/lasten-tatuoinnit\/","og_locale":"fi_FI","og_type":"article","og_title":"Lasten tatuoinnit","og_description":"Lasten tatuoinnit vapaavalintaisella kuvalla Kaikkiin tilanteisiin sopivat lasten tatuoinnit. Meill\u00e4 voit suunnitella itse omat tatuointisi omalla","og_url":"https:\/\/likeink.com\/fi\/lasten-tatuoinnit\/","og_site_name":"Like ink","article_publisher":"https:\/\/www.facebook.com\/LikeInkSe","article_modified_time":"2025-06-24T06:24:57+00:00","og_image":[{"url":"https:\/\/likeink.se\/wp-content\/uploads\/2020\/11\/barntatueringar.jpg","type":"","width":"","height":""}],"twitter_card":"summary_large_image","twitter_misc":{"Arvioitu lukuaika":"3 minuuttia"},"schema":{"@context":"https:\/\/schema.org","@graph":[{"@type":"WebPage","@id":"https:\/\/likeink.com\/fi\/lasten-tatuoinnit\/","url":"https:\/\/likeink.com\/fi\/lasten-tatuoinnit\/","name":"Lasten tatuoinnit omalla kuvalla - Osta tatuointi lapselle | Like ink","isPartOf":{"@id":"https:\/\/likeink.com\/fi\/#website"},"primaryImageOfPage":{"@id":"https:\/\/likeink.com\/fi\/lasten-tatuoinnit\/#primaryimage"},"image":{"@id":"https:\/\/likeink.com\/fi\/lasten-tatuoinnit\/#primaryimage"},"thumbnailUrl":"https:\/\/likeink.com\/wp-content\/uploads\/2020\/11\/barntatueringar.jpg","datePublished":"2020-11-05T13:34:29+00:00","dateModified":"2025-06-24T06:24:57+00:00","description":"Kaikkiin tilanteisiin sopivat lasten tatuoinnit. Suunnittele itse tatuointeja lapselle omalla kuvalla. Ilmaisella toimituksella!","breadcrumb":{"@id":"https:\/\/likeink.com\/fi\/lasten-tatuoinnit\/#breadcrumb"},"inLanguage":"fi","potentialAction":[{"@type":"ReadAction","target":["https:\/\/likeink.com\/fi\/lasten-tatuoinnit\/"]}]},{"@type":"ImageObject","inLanguage":"fi","@id":"https:\/\/likeink.com\/fi\/lasten-tatuoinnit\/#primaryimage","url":"https:\/\/likeink.com\/wp-content\/uploads\/2020\/11\/barntatueringar.jpg","contentUrl":"https:\/\/likeink.com\/wp-content\/uploads\/2020\/11\/barntatueringar.jpg"},{"@type":"BreadcrumbList","@id":"https:\/\/likeink.com\/fi\/lasten-tatuoinnit\/#breadcrumb","itemListElement":[{"@type":"ListItem","position":1,"name":"Hem","item":"https:\/\/likeink.com\/fi\/"},{"@type":"ListItem","position":2,"name":"Lasten tatuoinnit"}]},{"@type":"WebSite","@id":"https:\/\/likeink.com\/fi\/#website","url":"https:\/\/likeink.com\/fi\/","name":"Like ink","description":"Make your own custom design","potentialAction":[{"@type":"SearchAction","target":{"@type":"EntryPoint","urlTemplate":"https:\/\/likeink.com\/fi\/?s={search_term_string}"},"query-input":{"@type":"PropertyValueSpecification","valueRequired":true,"valueName":"search_term_string"}}],"inLanguage":"fi"}]}},"_links":{"self":[{"href":"https:\/\/likeink.com\/fi\/wp-json\/wp\/v2\/pages\/4194","targetHints":{"allow":["GET"]}}],"collection":[{"href":"https:\/\/likeink.com\/fi\/wp-json\/wp\/v2\/pages"}],"about":[{"href":"https:\/\/likeink.com\/fi\/wp-json\/wp\/v2\/types\/page"}],"author":[{"embeddable":true,"href":"https:\/\/likeink.com\/fi\/wp-json\/wp\/v2\/users\/7"}],"replies":[{"embeddable":true,"href":"https:\/\/likeink.com\/fi\/wp-json\/wp\/v2\/comments?post=4194"}],"version-history":[{"count":1,"href":"https:\/\/likeink.com\/fi\/wp-json\/wp\/v2\/pages\/4194\/revisions"}],"predecessor-version":[{"id":45920,"href":"https:\/\/likeink.com\/fi\/wp-json\/wp\/v2\/pages\/4194\/revisions\/45920"}],"wp:attachment":[{"href":"https:\/\/likeink.com\/fi\/wp-json\/wp\/v2\/media?parent=4194"}],"curies":[{"name":"wp","href":"https:\/\/api.w.org\/{rel}","templated":true}]}}