{"id":58642,"date":"2026-02-09T12:43:41","date_gmt":"2026-02-09T12:43:41","guid":{"rendered":"https:\/\/likeink.com\/mita-ovat-puolipysyvat-tatuoinnit\/"},"modified":"2026-02-09T12:44:21","modified_gmt":"2026-02-09T12:44:21","slug":"mita-ovat-puolipysyvat-tatuoinnit","status":"publish","type":"page","link":"https:\/\/likeink.com\/fi\/mita-ovat-puolipysyvat-tatuoinnit\/","title":{"rendered":"Mit\u00e4 ovat puolipysyv\u00e4t tatuoinnit?"},"content":{"rendered":"\t\t<div data-elementor-type=\"wp-page\" data-elementor-id=\"58642\" class=\"elementor elementor-58642 elementor-29657\" data-elementor-post-type=\"page\">\n\t\t\t\t<div class=\"elementor-element elementor-element-25fb5ec2 e-flex e-con-boxed e-con e-parent\" data-id=\"25fb5ec2\" data-element_type=\"container\">\n\t\t\t\t\t<div class=\"e-con-inner\">\n\t\t<div class=\"elementor-element elementor-element-6f1b73d e-con-full e-flex e-con e-child\" data-id=\"6f1b73d\" data-element_type=\"container\">\n\t\t\t\t<div class=\"elementor-element elementor-element-13049ff elementor-widget elementor-widget-text-editor\" data-id=\"13049ff\" data-element_type=\"widget\" data-widget_type=\"text-editor.default\">\n\t\t\t\t<div class=\"elementor-widget-container\">\n\t\t\t\t\t\t\t\t\t<h1>Mit\u00e4 ovat puolipysyv\u00e4t tatuoinnit?<\/h1>\n<p>Puolipysyv\u00e4t tatuoinnit ovat tatuointeja, jotka kest\u00e4v\u00e4t pidemp\u00e4\u00e4n kuin temporary tattootavalliset tatuoinnit, mutta eiv\u00e4t ole pysyvi\u00e4. Ne tehd\u00e4\u00e4n erityisell\u00e4 tekniikalla, jonka avulla v\u00e4ri tunkeutuu ihon yl\u00e4kerroksiin ja antaa luonnollisen ja realistisen ulkon\u00e4\u00f6n, joka voi kest\u00e4\u00e4 useita viikkoja, jos valitset luotettavan palveluntarjoajan.<\/p>\n<h2>Semipermanenttientemporary tattoo tatuointien edut \/ Siirrot vs. semipermanentit tatuoinnit<\/h2>\n<p>temporary tattoos, jotka tunnetaan my\u00f6s nimell\u00e4 siirrot, ovat eritt\u00e4in suosittuja, koska ne ovat lyhytaikaisia ja helppoja laittaa ja poistaa. T\u00e4ss\u00e4 on joitakin stemporary tattoo:n etuja:<\/p>\n<h3><b>Helppo kiinnitt\u00e4\u00e4 ja poistaa<\/b><\/h3>\n<p>temporary tattoos on helppo levitt\u00e4\u00e4 pienell\u00e4 m\u00e4\u00e4r\u00e4ll\u00e4 vett\u00e4, ja ne voidaan poistaa saippualla ja vedell\u00e4 tai alkoholilla. Toinen vinkki on laittaa pala teippi\u00e4 tatuoinnin p\u00e4\u00e4lle ja vet\u00e4\u00e4 se pois.<\/p>\n<h3><b>Kustannustehokas<\/b><\/h3>\n<p>Siirtotatuoinnit ovat paljon halvempia kuin puolipysyv\u00e4t tatuoinnit.<\/p>\n<h3><b>Joustavuus<\/b><\/h3>\n<p>Koska siirrett\u00e4v\u00e4t tatuoinnit ovat v\u00e4liaikaisia, voit vaihtaa kuvioita niin usein kuin haluat ilman, ett\u00e4 sinun tarvitsee huolehtia pitk\u00e4aikaisista seurauksista.<\/p>\n<h3><b>Ei kipua<\/b><\/h3>\n<p>Soveltaminen on kivutonta, joten ne ovat ihanteellisia lapsille ja aikuisille, jotka pelk\u00e4\u00e4v\u00e4t neuloja. Like inkTuotteet temporary tattooovat kaikkien EU:n kosmetiikkam\u00e4\u00e4r\u00e4ysten mukaisia ja dermatologisesti testattuja. Puolipysyv\u00e4t tatuoinnit eiv\u00e4t my\u00f6sk\u00e4\u00e4n satu, mutta niit\u00e4 ei voi pest\u00e4 pois kuten tavallisia siirrett\u00e4vi\u00e4 tatuointeja. Puolipysyv\u00e4 tatuointi haalistuu ajan my\u00f6t\u00e4.<\/p>\n<h3><b>R\u00e4\u00e4t\u00e4l\u00f6idyt vaihtoehdot<\/b><\/h3>\n<p><a href=\"https:\/\/Likeink.com\/temporary-tattoo\/custom-temporary-tattoos\/\">R\u00e4\u00e4t\u00e4l\u00f6ityj\u00e4<\/a><br><a href=\"https:\/\/Likeink.com\/temporary-tattoo\/custom-temporary-tattoos\/\">temporary tattoo<\/a>malleja ja kokoja on eritt\u00e4in helppo tilata, mik\u00e4 sopii erinomaisesti yrityksille, jotka haluavat mainostaa br\u00e4ndi\u00e4\u00e4n, tai erityistilaisuuksiin, pysyv\u00e4n tatuoinnin testaamiseen ja naamiaispukujen pukemiseen.<\/p>\n<h2>Semipermanenttien tatuointien rajoitukset<\/h2>\n<p>Hy\u00f6dyist\u00e4\u00e4n huolimatta puolipysyvill\u00e4 tatuoinneilla on joitakin merkitt\u00e4vi\u00e4 rajoituksia, jotka on syyt\u00e4 ottaa huomioon:<\/p>\n<h3><b>Ei r\u00e4\u00e4t\u00e4l\u00f6inti\u00e4<\/b><\/h3>\n<p>Yleens\u00e4 ei ole mahdollista tilata puolipysyvi\u00e4 tatuointeja, joissa on r\u00e4\u00e4t\u00e4l\u00f6ityj\u00e4 malleja. Useimmat valmistajat tarjoavat vain valmiita malleja ennalta m\u00e4\u00e4r\u00e4tyiss\u00e4 kooissa.<\/p>\n<h3><b>Ei sovellu yritystapahtumiin<\/b><\/h3>\n<p>Koska n\u00e4m\u00e4 tatuoinnit kehittyv\u00e4t ajan my\u00f6t\u00e4 ja niiden t\u00e4ysi vaikutus voi kest\u00e4\u00e4 useita p\u00e4ivi\u00e4, ne eiv\u00e4t ole ihanteellisia annettavaksi ty\u00f6ntekij\u00f6ille tai asiakkaille kilpailuissa, festivaaleilla tai muissa tapahtumissa. Useimmat ihmiset haluavat my\u00f6s mahdollisuuden pest\u00e4 t\u00e4m\u00e4n tyyppiset tatuoinnit poistemporary tattoo, kun juhlat, kilpailu tai tapahtuma on ohi.<\/p>\n<h3><b>Rajoitettu v\u00e4rivalikoima<\/b><\/h3>\n<p>Puolipysyv\u00e4t tatuoinnit ovat yleens\u00e4 saatavilla vain yhdess\u00e4 v\u00e4riss\u00e4, mik\u00e4 rajoittaa niiden visuaalista vetovoimaa verrattuna moniv\u00e4risiin v\u00e4liaikaisiin vaihtoehtoihin. V\u00e4ri on hauska ja huomiota her\u00e4tt\u00e4v\u00e4.<\/p>\n<h2>Semipermanenttien tatuointien edut<\/h2>\n<p>Rajoituksistaan huolimatta puolipysyvill\u00e4 tatuoinneilla on my\u00f6s joitakin ainutlaatuisia etuja:<\/p>\n<h3><b>Pidempi kesto<\/b><\/h3>\n<p>Ne kest\u00e4v\u00e4t huomattavasti pidemp\u00e4\u00e4n kuin temporary tattoov\u00e4liaikaiset tatuoinnit, mik\u00e4 on t\u00e4ydellinen ratkaisu niille, jotka haluavat kokeilla tietty\u00e4 kuviota pidemp\u00e4\u00e4n.<\/p>\n<h3><b>Luonnollinen ulkon\u00e4k\u00f6<\/b><\/h3>\n<p><i>Koska<\/i> v\u00e4ri tunkeutuu syvemm\u00e4lle ihoon, puolipysyv\u00e4t tatuoinnit n\u00e4ytt\u00e4v\u00e4t luonnollisemmilta ja realistisemmilta kuin siirtotatuoinnit.<\/p>\n<h3><b>Ei p\u00e4ivitt\u00e4ist\u00e4 huoltoa<\/b><\/h3>\n<p>Sinun ei tarvitse huolehtia siit\u00e4, ett\u00e4 ne pesiytyv\u00e4t suihkussa tai haalistuvat nopeasti.<\/p>\n<h2>Johtop\u00e4\u00e4t\u00f6s<\/h2>\n<p>Kun valitset v\u00e4liaikaisten ja puolipysyvien tatuointien v\u00e4lill\u00e4, on t\u00e4rke\u00e4\u00e4 ottaa huomioon omat tarpeesi ja k\u00e4ytt\u00f6tarkoituksesi. temporary tattooV\u00e4liaikaiset tatuoinnit tarjoavat joustavuutta, muokattavuutta ja helppok\u00e4ytt\u00f6isyytt\u00e4, mik\u00e4 tekee niist\u00e4 ihanteellisia yrityksille, tapahtumiin, h\u00e4ihin, juhliin ja henkil\u00f6kohtaiseen k\u00e4ytt\u00f6\u00f6n. Toisaalta, jos haluat jotain, joka n\u00e4ytt\u00e4\u00e4 luonnollisemmalta ja kest\u00e4\u00e4 pidemp\u00e4\u00e4n, puolipysyv\u00e4t tatuoinnit saattavat olla parempi vaihtoehto huolimatta niiden rajoituksista v\u00e4ri- ja mallivalinnoissa. Puolipysyv\u00e4t tatuoinnit ovat vaihtoehto oikeille tatuoinneille, kun taas siirtotatuoinnit sopivat parhaiten yrityksille, juhliin ja muihin v\u00e4liaikaisiin tilaisuuksiin.<br>Kun ymm\u00e4rr\u00e4t molempien tatuointityyppien edut ja rajoitukset, voit tehd\u00e4 tietoon perustuvan valinnan, joka sopii parhaiten tarpeisiisi.<\/p>\n<p>Voit tilata klassisia temporary tattoosiirtotatuointeja mill\u00e4 tahansa Like inkhaluamallasi kuviolla. Voimme my\u00f6s luoda <a href=\"https:\/\/likeink.com\/fi\/siirtotatuoinnit-yrityksille\/\">puolipysyvi\u00e4<\/a>Like ink<a href=\"https:\/\/likeink.com\/fi\/siirtotatuoinnit-yrityksille\/\"> tatuointeja<\/a>, joissa on asiakkaan toivomat kuviot. Minimitilausm\u00e4\u00e4r\u00e4 on 100 kappaletta per kuvio. <span style=\"font-size: 1.1em;\">Valmiita puolipysyvi\u00e4 tatuointeja l\u00f6yd\u00e4t osoitteesta <\/span><span style=\"font-size: 1.1em;\"><a href=\"http:\/\/For pre-designed semi-permanent tattoos, check out\">https:\/\/inkrebel.com\/<\/a><\/span><span style=\"font-size: 1.1em;\">.<\/span><\/p>\t\t\t\t\t\t\t\t<\/div>\n\t\t\t\t<\/div>\n\t\t\t\t<\/div>\n\t\t\t\t\t<\/div>\n\t\t\t\t<\/div>\n\t\t\t\t<\/div>\n\t\t","protected":false},"excerpt":{"rendered":"<p>Mit\u00e4 ovat puolipysyv\u00e4t tatuoinnit? Puolipysyv\u00e4t tatuoinnit ovat tatuointeja, jotka kest\u00e4v\u00e4t pidemp\u00e4\u00e4n kuin temporary tattootavalliset tatuoinnit, mutta eiv\u00e4t ole pysyvi\u00e4. Ne tehd\u00e4\u00e4n erityisell\u00e4 tekniikalla, jonka avulla v\u00e4ri tunkeutuu ihon yl\u00e4kerroksiin ja antaa luonnollisen ja realistisen ulkon\u00e4\u00f6n, joka voi kest\u00e4\u00e4 useita viikkoja, jos valitset luotettavan palveluntarjoajan. Semipermanenttientemporary tattoo tatuointien edut \/ Siirrot vs. semipermanentit tatuoinnit temporary tattoos, [&hellip;]<\/p>\n","protected":false},"author":4,"featured_media":0,"parent":0,"menu_order":0,"comment_status":"closed","ping_status":"closed","template":"","meta":{"footnotes":""},"class_list":["post-58642","page","type-page","status-publish","hentry"],"yoast_head":"<!-- This site is optimized with the Yoast SEO Premium plugin v26.2 (Yoast SEO v27.5) - https:\/\/yoast.com\/product\/yoast-seo-premium-wordpress\/ -->\n<title>Puolipysyv\u00e4t tatuoinnit \u2013 kaikki mit\u00e4 sinun tarvitsee tiet\u00e4\u00e4 - Like ink<\/title>\n<meta name=\"description\" content=\"Tutustu temporary tattoos-tatuointien etuihin verrattuna puolipysyviin tatuointeihin: nopea k\u00e4ytt\u00f6 ja ihanteellinen tapahtumiin ja pukuihin.\" \/>\n<meta name=\"robots\" content=\"index, follow, max-snippet:-1, max-image-preview:large, max-video-preview:-1\" \/>\n<link rel=\"canonical\" href=\"https:\/\/likeink.com\/fi\/mita-ovat-puolipysyvat-tatuoinnit\/\" \/>\n<meta property=\"og:locale\" content=\"fi_FI\" \/>\n<meta property=\"og:type\" content=\"article\" \/>\n<meta property=\"og:title\" content=\"Mit\u00e4 ovat puolipysyv\u00e4t tatuoinnit?\" \/>\n<meta property=\"og:description\" content=\"Mit\u00e4 ovat puolipysyv\u00e4t tatuoinnit? Puolipysyv\u00e4t tatuoinnit ovat tatuointeja, jotka kest\u00e4v\u00e4t pidemp\u00e4\u00e4n kuin temporary tattootavalliset tatuoinnit, mutta\" \/>\n<meta property=\"og:url\" content=\"https:\/\/likeink.com\/fi\/mita-ovat-puolipysyvat-tatuoinnit\/\" \/>\n<meta property=\"og:site_name\" content=\"Like ink\" \/>\n<meta property=\"article:publisher\" content=\"https:\/\/www.facebook.com\/LikeInkSe\" \/>\n<meta property=\"article:modified_time\" content=\"2026-02-09T12:44:21+00:00\" \/>\n<meta name=\"twitter:card\" content=\"summary_large_image\" \/>\n<meta name=\"twitter:label1\" content=\"Arvioitu lukuaika\" \/>\n\t<meta name=\"twitter:data1\" content=\"3 minuuttia\" \/>\n<!-- \/ Yoast SEO Premium plugin. -->","yoast_head_json":{"title":"Puolipysyv\u00e4t tatuoinnit \u2013 kaikki mit\u00e4 sinun tarvitsee tiet\u00e4\u00e4 - Like ink","description":"Tutustu temporary tattoos-tatuointien etuihin verrattuna puolipysyviin tatuointeihin: nopea k\u00e4ytt\u00f6 ja ihanteellinen tapahtumiin ja pukuihin.","robots":{"index":"index","follow":"follow","max-snippet":"max-snippet:-1","max-image-preview":"max-image-preview:large","max-video-preview":"max-video-preview:-1"},"canonical":"https:\/\/likeink.com\/fi\/mita-ovat-puolipysyvat-tatuoinnit\/","og_locale":"fi_FI","og_type":"article","og_title":"Mit\u00e4 ovat puolipysyv\u00e4t tatuoinnit?","og_description":"Mit\u00e4 ovat puolipysyv\u00e4t tatuoinnit? Puolipysyv\u00e4t tatuoinnit ovat tatuointeja, jotka kest\u00e4v\u00e4t pidemp\u00e4\u00e4n kuin temporary tattootavalliset tatuoinnit, mutta","og_url":"https:\/\/likeink.com\/fi\/mita-ovat-puolipysyvat-tatuoinnit\/","og_site_name":"Like ink","article_publisher":"https:\/\/www.facebook.com\/LikeInkSe","article_modified_time":"2026-02-09T12:44:21+00:00","twitter_card":"summary_large_image","twitter_misc":{"Arvioitu lukuaika":"3 minuuttia"},"schema":{"@context":"https:\/\/schema.org","@graph":[{"@type":"WebPage","@id":"https:\/\/likeink.com\/fi\/mita-ovat-puolipysyvat-tatuoinnit\/","url":"https:\/\/likeink.com\/fi\/mita-ovat-puolipysyvat-tatuoinnit\/","name":"Puolipysyv\u00e4t tatuoinnit \u2013 kaikki mit\u00e4 sinun tarvitsee tiet\u00e4\u00e4 - Like ink","isPartOf":{"@id":"https:\/\/likeink.com\/fi\/#website"},"datePublished":"2026-02-09T12:43:41+00:00","dateModified":"2026-02-09T12:44:21+00:00","description":"Tutustu temporary tattoos-tatuointien etuihin verrattuna puolipysyviin tatuointeihin: nopea k\u00e4ytt\u00f6 ja ihanteellinen tapahtumiin ja pukuihin.","breadcrumb":{"@id":"https:\/\/likeink.com\/fi\/mita-ovat-puolipysyvat-tatuoinnit\/#breadcrumb"},"inLanguage":"fi","potentialAction":[{"@type":"ReadAction","target":["https:\/\/likeink.com\/fi\/mita-ovat-puolipysyvat-tatuoinnit\/"]}]},{"@type":"BreadcrumbList","@id":"https:\/\/likeink.com\/fi\/mita-ovat-puolipysyvat-tatuoinnit\/#breadcrumb","itemListElement":[{"@type":"ListItem","position":1,"name":"Hem","item":"https:\/\/likeink.com\/fi\/"},{"@type":"ListItem","position":2,"name":"Mit\u00e4 ovat puolipysyv\u00e4t tatuoinnit?"}]},{"@type":"WebSite","@id":"https:\/\/likeink.com\/fi\/#website","url":"https:\/\/likeink.com\/fi\/","name":"Like ink","description":"Make your own custom design","potentialAction":[{"@type":"SearchAction","target":{"@type":"EntryPoint","urlTemplate":"https:\/\/likeink.com\/fi\/?s={search_term_string}"},"query-input":{"@type":"PropertyValueSpecification","valueRequired":true,"valueName":"search_term_string"}}],"inLanguage":"fi"}]}},"_links":{"self":[{"href":"https:\/\/likeink.com\/fi\/wp-json\/wp\/v2\/pages\/58642","targetHints":{"allow":["GET"]}}],"collection":[{"href":"https:\/\/likeink.com\/fi\/wp-json\/wp\/v2\/pages"}],"about":[{"href":"https:\/\/likeink.com\/fi\/wp-json\/wp\/v2\/types\/page"}],"author":[{"embeddable":true,"href":"https:\/\/likeink.com\/fi\/wp-json\/wp\/v2\/users\/4"}],"replies":[{"embeddable":true,"href":"https:\/\/likeink.com\/fi\/wp-json\/wp\/v2\/comments?post=58642"}],"version-history":[{"count":1,"href":"https:\/\/likeink.com\/fi\/wp-json\/wp\/v2\/pages\/58642\/revisions"}],"predecessor-version":[{"id":58643,"href":"https:\/\/likeink.com\/fi\/wp-json\/wp\/v2\/pages\/58642\/revisions\/58643"}],"wp:attachment":[{"href":"https:\/\/likeink.com\/fi\/wp-json\/wp\/v2\/media?parent=58642"}],"curies":[{"name":"wp","href":"https:\/\/api.w.org\/{rel}","templated":true}]}}