{"id":10287,"date":"2022-02-02T14:12:05","date_gmt":"2022-02-02T14:12:05","guid":{"rendered":"https:\/\/likeink.se\/produkt\/spindeltatueringar-a5-ark\/"},"modified":"2026-03-17T12:31:46","modified_gmt":"2026-03-17T12:31:46","slug":"hamahakkitatuoinnit-a5-arkki","status":"publish","type":"product","link":"https:\/\/likeink.com\/fi\/siirtotatuoinnit\/hamahakkitatuoinnit-a5-arkki\/","title":{"rendered":"H\u00e4m\u00e4h\u00e4kkitatuoinnit"},"content":{"rendered":"","protected":false},"excerpt":{"rendered":"<p>Meilt\u00e4 Like inkist\u00e4 voit tilata valmiita arkkeja kertak\u00e4ytt\u00f6isi\u00e4 tatuointeja, joita kutsutaan my\u00f6s usein nimill\u00e4 feikkitatskat, feikkitatuoinnit tai siirtotatuoinnit. Painamme ja l\u00e4het\u00e4mme tatuointisi 24 tunnin sis\u00e4ll\u00e4!<br \/>\nMeill\u00e4 on runsaasti valmiiksi piirrettyj\u00e4 feikkitatuointeja, ja voit my\u00f6s ladata sivustollemme haluamiasi kuva-aiheita ja tilata meilt\u00e4 itse suunnittelemiasi siirtotatuointeja. <\/p>\n<p>Toivomme sinun pit\u00e4v\u00e4n designista\/tatuoinneista arkissa, jonka tuotenimi on \u201dH\u00e4m\u00e4h\u00e4kkitatuoinnit A5-arkki\u201d. Suuret kiitokset siit\u00e4, ett\u00e4 tilaat siirtotatuointisi meilt\u00e4 Like inkist\u00e4. <\/p>\n<h2>H\u00e4m\u00e4h\u00e4kkitatuoinnit I Feikkitatskat h\u00e4m\u00e4h\u00e4keill\u00e4! H\u00e4m\u00e4h\u00e4kkitatuointi kasvoissa on t\u00e4ydellinen halutessasi huijata tatuoineesi itsesi! <\/h2>\n<p>Tatuoinnin koko:<br \/>\nSiirtotatuointiarkkimme ovat kooltaan 20 x 14 cm ja ne on t\u00e4ytetty tatuoinneilla, jotka n\u00e4et tuotekuvissamme.  <\/p>\n<p>Kuinka kauan siirtotatuointi kest\u00e4\u00e4 ja miten se toimii?<br \/>\nSiirtotatuointimme kest\u00e4v\u00e4t 1\u201310 p\u00e4iv\u00e4\u00e4 sijoituspaikasta ja hoidosta riippuen. Feikkitatskat ovat helposti kiinnitett\u00e4vi\u00e4 ja pois pest\u00e4vi\u00e4, ja saat k\u00e4ytt\u00f6ohjeet tilauksesi mukana. <\/p>\n<p>&#8211;\tLeikkaa yksitt\u00e4inen tatuointi irti arkista l\u00e4helt\u00e4 kuvaa<br \/>\n&#8211;\tIrrota kirkas kalvop\u00e4\u00e4llyste liimapinnasta<br \/>\n&#8211;\tSijoita tatuointi haluamaasi paikkaan<br \/>\n&#8211;\tLevit\u00e4 vett\u00e4 tatuoinnin p\u00e4\u00e4lle m\u00e4r\u00e4ll\u00e4 sienell\u00e4 tai pyyhkeell\u00e4<br \/>\n&#8211;\tPoista m\u00e4rk\u00e4 paperi 15 sekunnin kuluttua<br \/>\n&#8211;\tValmista. Pid\u00e4 hauskaa ja nauti!<br \/>\n&#8211;\tSivele halutessasi tatuoinnin p\u00e4\u00e4lle vauvantalkkia saadaksesi siihen mattapinnan.<\/p>\n<p>Lis\u00e4tietoa! <\/p>\n<p>Toimitus:<br \/>\nL\u00e4het\u00e4mme p\u00e4ivitt\u00e4in tilauksia kaikkialle ymp\u00e4ri maailman painotalostamme, joka sijaitsee Ruotsin Malm\u00f6ss\u00e4. Painamme ja l\u00e4het\u00e4mme v\u00e4liaikaiset tatuointisi 24 tunnin kuluessa, mutta vaikka olemmekin nopeita, normaali toimitusaika on 5\u201310 p\u00e4iv\u00e4\u00e4 Ruotsin ulkopuolisiin maihin. Tilaa tatuointisi hyviss\u00e4 ajoin. <\/p>\n<p>Ovatko feikkitatskat ymp\u00e4rist\u00f6yst\u00e4v\u00e4llisi\u00e4?<br \/>\nTatuoinnit ovat vegaanisia ja meille Like inkiss\u00e4 ymp\u00e4rist\u00f6 on t\u00e4rke\u00e4. Mitk\u00e4\u00e4n osat eiv\u00e4t sis\u00e4ll\u00e4 PVC:t\u00e4 tai PCB:t\u00e4.<br \/>\nIlmastokompensoimme kaikki l\u00e4hetyksemme ja k\u00e4yt\u00e4mme Joutsenmerkittyj\u00e4 v\u00e4rej\u00e4, kirjekuoria ja painotuotteita, jotka ovat turvallisia sinulle ja hyv\u00e4ksi ymp\u00e4rist\u00f6lle.<br \/>\nNoudatamme EC1223-2009 Cosmetics Regulations -s\u00e4\u00e4d\u00f6ksi\u00e4 (EY:n kosmeettisia tuotteita koskeva turvallisuusasetus)<\/p>\n<p>Fantastista p\u00e4iv\u00e4n jatkoa sinulle! <\/p>\n<p>Like ink \u2013 Real Fake Tattoos! <\/p>\n","protected":false},"featured_media":8380,"template":"","meta":[],"product_brand":[],"product_cat":[209,206,51],"product_tag":[],"class_list":{"0":"post-10287","1":"product","2":"type-product","3":"status-publish","4":"has-post-thumbnail","6":"product_cat-elainten-ja-luonnon-tatuoinnit-kukkatatuointi","7":"product_cat-halloween-tatuoinnit","8":"product_cat-valmiit-arkit","10":"first","11":"instock","12":"taxable","13":"shipping-taxable","14":"purchasable","15":"product-type-simple"},"yoast_head":"<!-- This site is optimized with the Yoast SEO Premium plugin v26.2 (Yoast SEO v27.4) - https:\/\/yoast.com\/product\/yoast-seo-premium-wordpress\/ -->\n<title>H\u00e4m\u00e4h\u00e4kkitatuoinnit A5-arkki - Like ink<\/title>\n<meta name=\"description\" content=\"H\u00e4m\u00e4h\u00e4kkitatuoinnit I Feikkitatskat h\u00e4m\u00e4h\u00e4keill\u00e4! H\u00e4m\u00e4h\u00e4kkitatuointi kasvoissa on t\u00e4ydellinen halutessasi huijata tatuoineesi itsesi! - Like ink\" \/>\n<meta name=\"robots\" content=\"index, follow, max-snippet:-1, max-image-preview:large, max-video-preview:-1\" \/>\n<link rel=\"canonical\" href=\"https:\/\/likeink.com\/fi\/siirtotatuoinnit\/hamahakkitatuoinnit-a5-arkki\/\" \/>\n<meta property=\"og:locale\" content=\"fi_FI\" \/>\n<meta property=\"og:type\" content=\"article\" \/>\n<meta property=\"og:title\" content=\"H\u00e4m\u00e4h\u00e4kkitatuoinnit\" \/>\n<meta property=\"og:description\" content=\"Meilt\u00e4 Like inkist\u00e4 voit tilata valmiita arkkeja kertak\u00e4ytt\u00f6isi\u00e4 tatuointeja, joita kutsutaan my\u00f6s usein nimill\u00e4 feikkitatskat, feikkitatuoinnit tai siirtotatuoinnit. Painamme ja l\u00e4het\u00e4mme tatuointisi 24 tunnin sis\u00e4ll\u00e4!  Meill\u00e4 on runsaasti valmiiksi piirrettyj\u00e4 feikkitatuointeja, ja voit my\u00f6s ladata sivustollemme haluamiasi kuva-aiheita ja tilata meilt\u00e4 itse suunnittelemiasi siirtotatuointeja.   Toivomme sinun pit\u00e4v\u00e4n designista\/tatuoinneista arkissa, jonka tuotenimi on \u201dH\u00e4m\u00e4h\u00e4kkitatuoinnit A5-arkki\u201d. Suuret kiitokset siit\u00e4, ett\u00e4 tilaat siirtotatuointisi meilt\u00e4 Like inkist\u00e4.   H\u00e4m\u00e4h\u00e4kkitatuoinnit I Feikkitatskat h\u00e4m\u00e4h\u00e4keill\u00e4! H\u00e4m\u00e4h\u00e4kkitatuointi kasvoissa on t\u00e4ydellinen halutessasi huijata tatuoineesi itsesi!   Tatuoinnin koko:  Siirtotatuointiarkkimme ovat kooltaan 20 x 14 cm ja ne on t\u00e4ytetty tatuoinneilla, jotka n\u00e4et tuotekuvissamme.   Kuinka kauan siirtotatuointi kest\u00e4\u00e4 ja miten se toimii?  Siirtotatuointimme kest\u00e4v\u00e4t 1\u201310 p\u00e4iv\u00e4\u00e4 sijoituspaikasta ja hoidosta riippuen. Feikkitatskat ovat helposti kiinnitett\u00e4vi\u00e4 ja pois pest\u00e4vi\u00e4, ja saat k\u00e4ytt\u00f6ohjeet tilauksesi mukana.   - Leikkaa yksitt\u00e4inen tatuointi irti arkista l\u00e4helt\u00e4 kuvaa - Irrota kirkas kalvop\u00e4\u00e4llyste liimapinnasta - Sijoita tatuointi haluamaasi paikkaan - Levit\u00e4 vett\u00e4 tatuoinnin p\u00e4\u00e4lle m\u00e4r\u00e4ll\u00e4 sienell\u00e4 tai pyyhkeell\u00e4 - Poista m\u00e4rk\u00e4 paperi 15 sekunnin kuluttua - Valmista. Pid\u00e4 hauskaa ja nauti! - Sivele halutessasi tatuoinnin p\u00e4\u00e4lle vauvantalkkia saadaksesi siihen mattapinnan.  Lis\u00e4tietoa!   Toimitus:  L\u00e4het\u00e4mme p\u00e4ivitt\u00e4in tilauksia kaikkialle ymp\u00e4ri maailman painotalostamme, joka sijaitsee Ruotsin Malm\u00f6ss\u00e4. Painamme ja l\u00e4het\u00e4mme v\u00e4liaikaiset tatuointisi 24 tunnin kuluessa, mutta vaikka olemmekin nopeita, normaali toimitusaika on 5\u201310 p\u00e4iv\u00e4\u00e4 Ruotsin ulkopuolisiin maihin. Tilaa tatuointisi hyviss\u00e4 ajoin.   Ovatko feikkitatskat ymp\u00e4rist\u00f6yst\u00e4v\u00e4llisi\u00e4?  Tatuoinnit ovat vegaanisia ja meille Like inkiss\u00e4 ymp\u00e4rist\u00f6 on t\u00e4rke\u00e4. Mitk\u00e4\u00e4n osat eiv\u00e4t sis\u00e4ll\u00e4 PVC:t\u00e4 tai PCB:t\u00e4. Ilmastokompensoimme kaikki l\u00e4hetyksemme ja k\u00e4yt\u00e4mme Joutsenmerkittyj\u00e4 v\u00e4rej\u00e4, kirjekuoria ja painotuotteita, jotka ovat turvallisia sinulle ja hyv\u00e4ksi ymp\u00e4rist\u00f6lle.  Noudatamme EC1223-2009 Cosmetics Regulations -s\u00e4\u00e4d\u00f6ksi\u00e4 (EY:n kosmeettisia tuotteita koskeva turvallisuusasetus)   Fantastista p\u00e4iv\u00e4n jatkoa sinulle!   Like ink \u2013 Real Fake Tattoos!\" \/>\n<meta property=\"og:url\" content=\"https:\/\/likeink.com\/fi\/siirtotatuoinnit\/hamahakkitatuoinnit-a5-arkki\/\" \/>\n<meta property=\"og:site_name\" content=\"Like ink\" \/>\n<meta property=\"article:publisher\" content=\"https:\/\/www.facebook.com\/LikeInkSe\" \/>\n<meta property=\"article:modified_time\" content=\"2026-03-17T12:31:46+00:00\" \/>\n<meta property=\"og:image\" content=\"https:\/\/likeink.com\/wp-content\/uploads\/2022\/02\/Spindeltatueringar-tueringar-likeink.jpg\" \/>\n\t<meta property=\"og:image:width\" content=\"1600\" \/>\n\t<meta property=\"og:image:height\" content=\"1127\" \/>\n\t<meta property=\"og:image:type\" content=\"image\/jpeg\" \/>\n<meta name=\"twitter:card\" content=\"summary_large_image\" \/>\n<script type=\"application\/ld+json\" class=\"yoast-schema-graph\">{\"@context\":\"https:\\\/\\\/schema.org\",\"@graph\":[{\"@type\":\"WebPage\",\"@id\":\"https:\\\/\\\/likeink.com\\\/fi\\\/siirtotatuoinnit\\\/hamahakkitatuoinnit-a5-arkki\\\/\",\"url\":\"https:\\\/\\\/likeink.com\\\/fi\\\/siirtotatuoinnit\\\/hamahakkitatuoinnit-a5-arkki\\\/\",\"name\":\"H\u00e4m\u00e4h\u00e4kkitatuoinnit A5-arkki - Like ink\",\"isPartOf\":{\"@id\":\"https:\\\/\\\/likeink.com\\\/fi\\\/#website\"},\"primaryImageOfPage\":{\"@id\":\"https:\\\/\\\/likeink.com\\\/fi\\\/siirtotatuoinnit\\\/hamahakkitatuoinnit-a5-arkki\\\/#primaryimage\"},\"image\":{\"@id\":\"https:\\\/\\\/likeink.com\\\/fi\\\/siirtotatuoinnit\\\/hamahakkitatuoinnit-a5-arkki\\\/#primaryimage\"},\"thumbnailUrl\":\"https:\\\/\\\/likeink.com\\\/wp-content\\\/uploads\\\/2022\\\/02\\\/Spindeltatueringar-tueringar-likeink.jpg\",\"datePublished\":\"2022-02-02T14:12:05+00:00\",\"dateModified\":\"2026-03-17T12:31:46+00:00\",\"description\":\"H\u00e4m\u00e4h\u00e4kkitatuoinnit I Feikkitatskat h\u00e4m\u00e4h\u00e4keill\u00e4! H\u00e4m\u00e4h\u00e4kkitatuointi kasvoissa on t\u00e4ydellinen halutessasi huijata tatuoineesi itsesi! - Like ink\",\"breadcrumb\":{\"@id\":\"https:\\\/\\\/likeink.com\\\/fi\\\/siirtotatuoinnit\\\/hamahakkitatuoinnit-a5-arkki\\\/#breadcrumb\"},\"inLanguage\":\"fi\",\"potentialAction\":[{\"@type\":\"ReadAction\",\"target\":[\"https:\\\/\\\/likeink.com\\\/fi\\\/siirtotatuoinnit\\\/hamahakkitatuoinnit-a5-arkki\\\/\"]}]},{\"@type\":\"ImageObject\",\"inLanguage\":\"fi\",\"@id\":\"https:\\\/\\\/likeink.com\\\/fi\\\/siirtotatuoinnit\\\/hamahakkitatuoinnit-a5-arkki\\\/#primaryimage\",\"url\":\"https:\\\/\\\/likeink.com\\\/wp-content\\\/uploads\\\/2022\\\/02\\\/Spindeltatueringar-tueringar-likeink.jpg\",\"contentUrl\":\"https:\\\/\\\/likeink.com\\\/wp-content\\\/uploads\\\/2022\\\/02\\\/Spindeltatueringar-tueringar-likeink.jpg\",\"width\":1600,\"height\":1127,\"caption\":\"12 erilaista v\u00e4\u00e4rennetty\u00e4 tatuointia h\u00e4m\u00e4h\u00e4keist\u00e4.\"},{\"@type\":\"BreadcrumbList\",\"@id\":\"https:\\\/\\\/likeink.com\\\/fi\\\/siirtotatuoinnit\\\/hamahakkitatuoinnit-a5-arkki\\\/#breadcrumb\",\"itemListElement\":[{\"@type\":\"ListItem\",\"position\":1,\"name\":\"Hem\",\"item\":\"https:\\\/\\\/likeink.com\\\/fi\\\/\"},{\"@type\":\"ListItem\",\"position\":2,\"name\":\"Shop\",\"item\":\"https:\\\/\\\/likeink.com\\\/fi\\\/shop\\\/\"},{\"@type\":\"ListItem\",\"position\":3,\"name\":\"H\u00e4m\u00e4h\u00e4kkitatuoinnit\"}]},{\"@type\":\"WebSite\",\"@id\":\"https:\\\/\\\/likeink.com\\\/fi\\\/#website\",\"url\":\"https:\\\/\\\/likeink.com\\\/fi\\\/\",\"name\":\"Like ink\",\"description\":\"Make your own custom design\",\"potentialAction\":[{\"@type\":\"SearchAction\",\"target\":{\"@type\":\"EntryPoint\",\"urlTemplate\":\"https:\\\/\\\/likeink.com\\\/fi\\\/?s={search_term_string}\"},\"query-input\":{\"@type\":\"PropertyValueSpecification\",\"valueRequired\":true,\"valueName\":\"search_term_string\"}}],\"inLanguage\":\"fi\"}]}<\/script>\n<!-- \/ Yoast SEO Premium plugin. -->","yoast_head_json":{"title":"H\u00e4m\u00e4h\u00e4kkitatuoinnit A5-arkki - Like ink","description":"H\u00e4m\u00e4h\u00e4kkitatuoinnit I Feikkitatskat h\u00e4m\u00e4h\u00e4keill\u00e4! H\u00e4m\u00e4h\u00e4kkitatuointi kasvoissa on t\u00e4ydellinen halutessasi huijata tatuoineesi itsesi! - Like ink","robots":{"index":"index","follow":"follow","max-snippet":"max-snippet:-1","max-image-preview":"max-image-preview:large","max-video-preview":"max-video-preview:-1"},"canonical":"https:\/\/likeink.com\/fi\/siirtotatuoinnit\/hamahakkitatuoinnit-a5-arkki\/","og_locale":"fi_FI","og_type":"article","og_title":"H\u00e4m\u00e4h\u00e4kkitatuoinnit","og_description":"Meilt\u00e4 Like inkist\u00e4 voit tilata valmiita arkkeja kertak\u00e4ytt\u00f6isi\u00e4 tatuointeja, joita kutsutaan my\u00f6s usein nimill\u00e4 feikkitatskat, feikkitatuoinnit tai siirtotatuoinnit. Painamme ja l\u00e4het\u00e4mme tatuointisi 24 tunnin sis\u00e4ll\u00e4!  Meill\u00e4 on runsaasti valmiiksi piirrettyj\u00e4 feikkitatuointeja, ja voit my\u00f6s ladata sivustollemme haluamiasi kuva-aiheita ja tilata meilt\u00e4 itse suunnittelemiasi siirtotatuointeja.   Toivomme sinun pit\u00e4v\u00e4n designista\/tatuoinneista arkissa, jonka tuotenimi on \u201dH\u00e4m\u00e4h\u00e4kkitatuoinnit A5-arkki\u201d. Suuret kiitokset siit\u00e4, ett\u00e4 tilaat siirtotatuointisi meilt\u00e4 Like inkist\u00e4.   H\u00e4m\u00e4h\u00e4kkitatuoinnit I Feikkitatskat h\u00e4m\u00e4h\u00e4keill\u00e4! H\u00e4m\u00e4h\u00e4kkitatuointi kasvoissa on t\u00e4ydellinen halutessasi huijata tatuoineesi itsesi!   Tatuoinnin koko:  Siirtotatuointiarkkimme ovat kooltaan 20 x 14 cm ja ne on t\u00e4ytetty tatuoinneilla, jotka n\u00e4et tuotekuvissamme.   Kuinka kauan siirtotatuointi kest\u00e4\u00e4 ja miten se toimii?  Siirtotatuointimme kest\u00e4v\u00e4t 1\u201310 p\u00e4iv\u00e4\u00e4 sijoituspaikasta ja hoidosta riippuen. Feikkitatskat ovat helposti kiinnitett\u00e4vi\u00e4 ja pois pest\u00e4vi\u00e4, ja saat k\u00e4ytt\u00f6ohjeet tilauksesi mukana.   - Leikkaa yksitt\u00e4inen tatuointi irti arkista l\u00e4helt\u00e4 kuvaa - Irrota kirkas kalvop\u00e4\u00e4llyste liimapinnasta - Sijoita tatuointi haluamaasi paikkaan - Levit\u00e4 vett\u00e4 tatuoinnin p\u00e4\u00e4lle m\u00e4r\u00e4ll\u00e4 sienell\u00e4 tai pyyhkeell\u00e4 - Poista m\u00e4rk\u00e4 paperi 15 sekunnin kuluttua - Valmista. Pid\u00e4 hauskaa ja nauti! - Sivele halutessasi tatuoinnin p\u00e4\u00e4lle vauvantalkkia saadaksesi siihen mattapinnan.  Lis\u00e4tietoa!   Toimitus:  L\u00e4het\u00e4mme p\u00e4ivitt\u00e4in tilauksia kaikkialle ymp\u00e4ri maailman painotalostamme, joka sijaitsee Ruotsin Malm\u00f6ss\u00e4. Painamme ja l\u00e4het\u00e4mme v\u00e4liaikaiset tatuointisi 24 tunnin kuluessa, mutta vaikka olemmekin nopeita, normaali toimitusaika on 5\u201310 p\u00e4iv\u00e4\u00e4 Ruotsin ulkopuolisiin maihin. Tilaa tatuointisi hyviss\u00e4 ajoin.   Ovatko feikkitatskat ymp\u00e4rist\u00f6yst\u00e4v\u00e4llisi\u00e4?  Tatuoinnit ovat vegaanisia ja meille Like inkiss\u00e4 ymp\u00e4rist\u00f6 on t\u00e4rke\u00e4. Mitk\u00e4\u00e4n osat eiv\u00e4t sis\u00e4ll\u00e4 PVC:t\u00e4 tai PCB:t\u00e4. Ilmastokompensoimme kaikki l\u00e4hetyksemme ja k\u00e4yt\u00e4mme Joutsenmerkittyj\u00e4 v\u00e4rej\u00e4, kirjekuoria ja painotuotteita, jotka ovat turvallisia sinulle ja hyv\u00e4ksi ymp\u00e4rist\u00f6lle.  Noudatamme EC1223-2009 Cosmetics Regulations -s\u00e4\u00e4d\u00f6ksi\u00e4 (EY:n kosmeettisia tuotteita koskeva turvallisuusasetus)   Fantastista p\u00e4iv\u00e4n jatkoa sinulle!   Like ink \u2013 Real Fake Tattoos!","og_url":"https:\/\/likeink.com\/fi\/siirtotatuoinnit\/hamahakkitatuoinnit-a5-arkki\/","og_site_name":"Like ink","article_publisher":"https:\/\/www.facebook.com\/LikeInkSe","article_modified_time":"2026-03-17T12:31:46+00:00","og_image":[{"width":1600,"height":1127,"url":"https:\/\/likeink.com\/wp-content\/uploads\/2022\/02\/Spindeltatueringar-tueringar-likeink.jpg","type":"image\/jpeg"}],"twitter_card":"summary_large_image","schema":{"@context":"https:\/\/schema.org","@graph":[{"@type":"WebPage","@id":"https:\/\/likeink.com\/fi\/siirtotatuoinnit\/hamahakkitatuoinnit-a5-arkki\/","url":"https:\/\/likeink.com\/fi\/siirtotatuoinnit\/hamahakkitatuoinnit-a5-arkki\/","name":"H\u00e4m\u00e4h\u00e4kkitatuoinnit A5-arkki - Like ink","isPartOf":{"@id":"https:\/\/likeink.com\/fi\/#website"},"primaryImageOfPage":{"@id":"https:\/\/likeink.com\/fi\/siirtotatuoinnit\/hamahakkitatuoinnit-a5-arkki\/#primaryimage"},"image":{"@id":"https:\/\/likeink.com\/fi\/siirtotatuoinnit\/hamahakkitatuoinnit-a5-arkki\/#primaryimage"},"thumbnailUrl":"https:\/\/likeink.com\/wp-content\/uploads\/2022\/02\/Spindeltatueringar-tueringar-likeink.jpg","datePublished":"2022-02-02T14:12:05+00:00","dateModified":"2026-03-17T12:31:46+00:00","description":"H\u00e4m\u00e4h\u00e4kkitatuoinnit I Feikkitatskat h\u00e4m\u00e4h\u00e4keill\u00e4! H\u00e4m\u00e4h\u00e4kkitatuointi kasvoissa on t\u00e4ydellinen halutessasi huijata tatuoineesi itsesi! - Like ink","breadcrumb":{"@id":"https:\/\/likeink.com\/fi\/siirtotatuoinnit\/hamahakkitatuoinnit-a5-arkki\/#breadcrumb"},"inLanguage":"fi","potentialAction":[{"@type":"ReadAction","target":["https:\/\/likeink.com\/fi\/siirtotatuoinnit\/hamahakkitatuoinnit-a5-arkki\/"]}]},{"@type":"ImageObject","inLanguage":"fi","@id":"https:\/\/likeink.com\/fi\/siirtotatuoinnit\/hamahakkitatuoinnit-a5-arkki\/#primaryimage","url":"https:\/\/likeink.com\/wp-content\/uploads\/2022\/02\/Spindeltatueringar-tueringar-likeink.jpg","contentUrl":"https:\/\/likeink.com\/wp-content\/uploads\/2022\/02\/Spindeltatueringar-tueringar-likeink.jpg","width":1600,"height":1127,"caption":"12 erilaista v\u00e4\u00e4rennetty\u00e4 tatuointia h\u00e4m\u00e4h\u00e4keist\u00e4."},{"@type":"BreadcrumbList","@id":"https:\/\/likeink.com\/fi\/siirtotatuoinnit\/hamahakkitatuoinnit-a5-arkki\/#breadcrumb","itemListElement":[{"@type":"ListItem","position":1,"name":"Hem","item":"https:\/\/likeink.com\/fi\/"},{"@type":"ListItem","position":2,"name":"Shop","item":"https:\/\/likeink.com\/fi\/shop\/"},{"@type":"ListItem","position":3,"name":"H\u00e4m\u00e4h\u00e4kkitatuoinnit"}]},{"@type":"WebSite","@id":"https:\/\/likeink.com\/fi\/#website","url":"https:\/\/likeink.com\/fi\/","name":"Like ink","description":"Make your own custom design","potentialAction":[{"@type":"SearchAction","target":{"@type":"EntryPoint","urlTemplate":"https:\/\/likeink.com\/fi\/?s={search_term_string}"},"query-input":{"@type":"PropertyValueSpecification","valueRequired":true,"valueName":"search_term_string"}}],"inLanguage":"fi"}]}},"_links":{"self":[{"href":"https:\/\/likeink.com\/fi\/wp-json\/wp\/v2\/product\/10287","targetHints":{"allow":["GET"]}}],"collection":[{"href":"https:\/\/likeink.com\/fi\/wp-json\/wp\/v2\/product"}],"about":[{"href":"https:\/\/likeink.com\/fi\/wp-json\/wp\/v2\/types\/product"}],"wp:featuredmedia":[{"embeddable":true,"href":"https:\/\/likeink.com\/fi\/wp-json\/wp\/v2\/media\/8380"}],"wp:attachment":[{"href":"https:\/\/likeink.com\/fi\/wp-json\/wp\/v2\/media?parent=10287"}],"wp:term":[{"taxonomy":"product_brand","embeddable":true,"href":"https:\/\/likeink.com\/fi\/wp-json\/wp\/v2\/product_brand?post=10287"},{"taxonomy":"product_cat","embeddable":true,"href":"https:\/\/likeink.com\/fi\/wp-json\/wp\/v2\/product_cat?post=10287"},{"taxonomy":"product_tag","embeddable":true,"href":"https:\/\/likeink.com\/fi\/wp-json\/wp\/v2\/product_tag?post=10287"}],"curies":[{"name":"wp","href":"https:\/\/api.w.org\/{rel}","templated":true}]}}