{"id":13050,"date":"2022-08-23T12:31:47","date_gmt":"2022-08-23T12:31:47","guid":{"rendered":"https:\/\/likeink.se\/produkt\/illustrations-by-nathalie-anna-gill-a5-vel\/"},"modified":"2026-03-14T22:17:18","modified_gmt":"2026-03-14T22:17:18","slug":"illustrations-by-nathalie-anna-gill-a5","status":"publish","type":"product","link":"https:\/\/likeink.com\/fi\/siirtotatuoinnit\/illustrations-by-nathalie-anna-gill-a5\/","title":{"rendered":"Illustrations by Nathalie Anna Gill"},"content":{"rendered":"","protected":false},"excerpt":{"rendered":"<p>Our finished disposable sheets with temporary tattoos are approximately 20\u00d714 cm large and filled with the design you see in the picture. We print and send the sheet within 24 hours after you have ordered.<\/p>\n<h2>Fake tattoos designed by illustrator Nathalie Anna Gill<\/h2>\n<p>We can proudly present a collaboration between us at Like ink and the illustrator Nathalie Anna Gill.<br \/>\nHope you like her art as much as we do.<\/p>\n<p><strong> Nathalie:<\/strong> &#8211; My name is Nathalie Anna Gill and I am an Illustrator based in Stockholm.<br \/>\nIt all started when I was a small child and finally could hold pencils and crayons! Since then, I have simply not stopped drawing.<br \/>\nYears later, my biggest passions in life are still illustrating and creating.<br \/>\nI have worked in the industry professionally for over 10 years and absolutely love it!<\/p>\n<p>I work with iPad Pro and Apple Pencil in the program Fresco.<br \/>\nMy illustrations have clear lines, geometric patterns and strong colors.<br \/>\nI am inspired by uniqueness, beauty and style.<\/p>\n<p>Nathalie Anna Gill is a one-woman show.<br \/>\nI do all illustrations myself by hand with love and care.<\/p>\n<p><strong>Get in touch with Nathalie:<\/strong><\/p>\n<p><strong>Instagram:<\/strong><br \/>\n@nathalieannagill<\/p>\n<p><strong>Web:<\/strong><br \/>\nhttps:\/\/nathalieannagill.com<\/p>\n","protected":false},"featured_media":13027,"template":"","meta":[],"product_brand":[],"product_cat":[51,204],"product_tag":[],"class_list":{"0":"post-13050","1":"product","2":"type-product","3":"status-publish","4":"has-post-thumbnail","6":"product_cat-valmiit-arkit","7":"product_cat-yhteistyota-tatuoijien-kanssa","9":"first","10":"instock","11":"taxable","12":"shipping-taxable","13":"purchasable","14":"product-type-simple"},"yoast_head":"<!-- This site is optimized with the Yoast SEO Premium plugin v26.2 (Yoast SEO v27.4) - https:\/\/yoast.com\/product\/yoast-seo-premium-wordpress\/ -->\n<title>Kuvia aiheesta Nathalie Anna Gill I V\u00e4liaikaiset tatuoinnit - Like ink<\/title>\n<meta name=\"description\" content=\"Kuvia aiheesta Nathalie Anna Gill I V\u00e4liaikaiset tatuoinnit. Hyv\u00e4 laatu ja nopea toimitus Suomeen! - Like ink\" \/>\n<meta name=\"robots\" content=\"index, follow, max-snippet:-1, max-image-preview:large, max-video-preview:-1\" \/>\n<link rel=\"canonical\" href=\"https:\/\/likeink.com\/fi\/siirtotatuoinnit\/illustrations-by-nathalie-anna-gill-a5\/\" \/>\n<meta property=\"og:locale\" content=\"fi_FI\" \/>\n<meta property=\"og:type\" content=\"article\" \/>\n<meta property=\"og:title\" content=\"Illustrations by Nathalie Anna Gill\" \/>\n<meta property=\"og:description\" content=\"Our finished disposable sheets with temporary tattoos are approximately 20\u00d714 cm large and filled with the design you see in the picture. We print and send the sheet within 24 hours after you have ordered.  Fake tattoos designed by illustrator Nathalie Anna Gill  We can proudly present a collaboration between us at Like ink and the illustrator Nathalie Anna Gill. Hope you like her art as much as we do.   Nathalie: - My name is Nathalie Anna Gill and I am an Illustrator based in Stockholm. It all started when I was a small child and finally could hold pencils and crayons! Since then, I have simply not stopped drawing. Years later, my biggest passions in life are still illustrating and creating.  I have worked in the industry professionally for over 10 years and absolutely love it!  I work with iPad Pro and Apple Pencil in the program Fresco. My illustrations have clear lines, geometric patterns and strong colors. I am inspired by uniqueness, beauty and style.  Nathalie Anna Gill is a one-woman show.  I do all illustrations myself by hand with love and care.  Get in touch with Nathalie:  Instagram: @nathalieannagill  Web: https:\/\/nathalieannagill.com\" \/>\n<meta property=\"og:url\" content=\"https:\/\/likeink.com\/fi\/siirtotatuoinnit\/illustrations-by-nathalie-anna-gill-a5\/\" \/>\n<meta property=\"og:site_name\" content=\"Like ink\" \/>\n<meta property=\"article:publisher\" content=\"https:\/\/www.facebook.com\/LikeInkSe\" \/>\n<meta property=\"article:modified_time\" content=\"2026-03-14T22:17:18+00:00\" \/>\n<meta property=\"og:image\" content=\"https:\/\/likeink.com\/wp-content\/uploads\/2022\/08\/NathalieAnnaGill_Iluustration_Likeink-1.jpg\" \/>\n\t<meta property=\"og:image:width\" content=\"851\" \/>\n\t<meta property=\"og:image:height\" content=\"600\" \/>\n\t<meta property=\"og:image:type\" content=\"image\/jpeg\" \/>\n<meta name=\"twitter:card\" content=\"summary_large_image\" \/>\n<script type=\"application\/ld+json\" class=\"yoast-schema-graph\">{\"@context\":\"https:\\\/\\\/schema.org\",\"@graph\":[{\"@type\":\"WebPage\",\"@id\":\"https:\\\/\\\/likeink.com\\\/fi\\\/siirtotatuoinnit\\\/illustrations-by-nathalie-anna-gill-a5\\\/\",\"url\":\"https:\\\/\\\/likeink.com\\\/fi\\\/siirtotatuoinnit\\\/illustrations-by-nathalie-anna-gill-a5\\\/\",\"name\":\"Kuvia aiheesta Nathalie Anna Gill I V\u00e4liaikaiset tatuoinnit - Like ink\",\"isPartOf\":{\"@id\":\"https:\\\/\\\/likeink.com\\\/fi\\\/#website\"},\"primaryImageOfPage\":{\"@id\":\"https:\\\/\\\/likeink.com\\\/fi\\\/siirtotatuoinnit\\\/illustrations-by-nathalie-anna-gill-a5\\\/#primaryimage\"},\"image\":{\"@id\":\"https:\\\/\\\/likeink.com\\\/fi\\\/siirtotatuoinnit\\\/illustrations-by-nathalie-anna-gill-a5\\\/#primaryimage\"},\"thumbnailUrl\":\"https:\\\/\\\/likeink.com\\\/wp-content\\\/uploads\\\/2022\\\/08\\\/NathalieAnnaGill_Iluustration_Likeink-1.jpg\",\"datePublished\":\"2022-08-23T12:31:47+00:00\",\"dateModified\":\"2026-03-14T22:17:18+00:00\",\"description\":\"Kuvia aiheesta Nathalie Anna Gill I V\u00e4liaikaiset tatuoinnit. Hyv\u00e4 laatu ja nopea toimitus Suomeen! - Like ink\",\"breadcrumb\":{\"@id\":\"https:\\\/\\\/likeink.com\\\/fi\\\/siirtotatuoinnit\\\/illustrations-by-nathalie-anna-gill-a5\\\/#breadcrumb\"},\"inLanguage\":\"fi\",\"potentialAction\":[{\"@type\":\"ReadAction\",\"target\":[\"https:\\\/\\\/likeink.com\\\/fi\\\/siirtotatuoinnit\\\/illustrations-by-nathalie-anna-gill-a5\\\/\"]}]},{\"@type\":\"ImageObject\",\"inLanguage\":\"fi\",\"@id\":\"https:\\\/\\\/likeink.com\\\/fi\\\/siirtotatuoinnit\\\/illustrations-by-nathalie-anna-gill-a5\\\/#primaryimage\",\"url\":\"https:\\\/\\\/likeink.com\\\/wp-content\\\/uploads\\\/2022\\\/08\\\/NathalieAnnaGill_Iluustration_Likeink-1.jpg\",\"contentUrl\":\"https:\\\/\\\/likeink.com\\\/wp-content\\\/uploads\\\/2022\\\/08\\\/NathalieAnnaGill_Iluustration_Likeink-1.jpg\",\"width\":851,\"height\":600,\"caption\":\"Kauniita tatuointeja hienoilla viivoilla.\"},{\"@type\":\"BreadcrumbList\",\"@id\":\"https:\\\/\\\/likeink.com\\\/fi\\\/siirtotatuoinnit\\\/illustrations-by-nathalie-anna-gill-a5\\\/#breadcrumb\",\"itemListElement\":[{\"@type\":\"ListItem\",\"position\":1,\"name\":\"Hem\",\"item\":\"https:\\\/\\\/likeink.com\\\/fi\\\/\"},{\"@type\":\"ListItem\",\"position\":2,\"name\":\"Shop\",\"item\":\"https:\\\/\\\/likeink.com\\\/fi\\\/shop\\\/\"},{\"@type\":\"ListItem\",\"position\":3,\"name\":\"Illustrations by Nathalie Anna Gill\"}]},{\"@type\":\"WebSite\",\"@id\":\"https:\\\/\\\/likeink.com\\\/fi\\\/#website\",\"url\":\"https:\\\/\\\/likeink.com\\\/fi\\\/\",\"name\":\"Like ink\",\"description\":\"Make your own custom design\",\"potentialAction\":[{\"@type\":\"SearchAction\",\"target\":{\"@type\":\"EntryPoint\",\"urlTemplate\":\"https:\\\/\\\/likeink.com\\\/fi\\\/?s={search_term_string}\"},\"query-input\":{\"@type\":\"PropertyValueSpecification\",\"valueRequired\":true,\"valueName\":\"search_term_string\"}}],\"inLanguage\":\"fi\"}]}<\/script>\n<!-- \/ Yoast SEO Premium plugin. -->","yoast_head_json":{"title":"Kuvia aiheesta Nathalie Anna Gill I V\u00e4liaikaiset tatuoinnit - Like ink","description":"Kuvia aiheesta Nathalie Anna Gill I V\u00e4liaikaiset tatuoinnit. Hyv\u00e4 laatu ja nopea toimitus Suomeen! - Like ink","robots":{"index":"index","follow":"follow","max-snippet":"max-snippet:-1","max-image-preview":"max-image-preview:large","max-video-preview":"max-video-preview:-1"},"canonical":"https:\/\/likeink.com\/fi\/siirtotatuoinnit\/illustrations-by-nathalie-anna-gill-a5\/","og_locale":"fi_FI","og_type":"article","og_title":"Illustrations by Nathalie Anna Gill","og_description":"Our finished disposable sheets with temporary tattoos are approximately 20\u00d714 cm large and filled with the design you see in the picture. We print and send the sheet within 24 hours after you have ordered.  Fake tattoos designed by illustrator Nathalie Anna Gill  We can proudly present a collaboration between us at Like ink and the illustrator Nathalie Anna Gill. Hope you like her art as much as we do.   Nathalie: - My name is Nathalie Anna Gill and I am an Illustrator based in Stockholm. It all started when I was a small child and finally could hold pencils and crayons! Since then, I have simply not stopped drawing. Years later, my biggest passions in life are still illustrating and creating.  I have worked in the industry professionally for over 10 years and absolutely love it!  I work with iPad Pro and Apple Pencil in the program Fresco. My illustrations have clear lines, geometric patterns and strong colors. I am inspired by uniqueness, beauty and style.  Nathalie Anna Gill is a one-woman show.  I do all illustrations myself by hand with love and care.  Get in touch with Nathalie:  Instagram: @nathalieannagill  Web: https:\/\/nathalieannagill.com","og_url":"https:\/\/likeink.com\/fi\/siirtotatuoinnit\/illustrations-by-nathalie-anna-gill-a5\/","og_site_name":"Like ink","article_publisher":"https:\/\/www.facebook.com\/LikeInkSe","article_modified_time":"2026-03-14T22:17:18+00:00","og_image":[{"width":851,"height":600,"url":"https:\/\/likeink.com\/wp-content\/uploads\/2022\/08\/NathalieAnnaGill_Iluustration_Likeink-1.jpg","type":"image\/jpeg"}],"twitter_card":"summary_large_image","schema":{"@context":"https:\/\/schema.org","@graph":[{"@type":"WebPage","@id":"https:\/\/likeink.com\/fi\/siirtotatuoinnit\/illustrations-by-nathalie-anna-gill-a5\/","url":"https:\/\/likeink.com\/fi\/siirtotatuoinnit\/illustrations-by-nathalie-anna-gill-a5\/","name":"Kuvia aiheesta Nathalie Anna Gill I V\u00e4liaikaiset tatuoinnit - Like ink","isPartOf":{"@id":"https:\/\/likeink.com\/fi\/#website"},"primaryImageOfPage":{"@id":"https:\/\/likeink.com\/fi\/siirtotatuoinnit\/illustrations-by-nathalie-anna-gill-a5\/#primaryimage"},"image":{"@id":"https:\/\/likeink.com\/fi\/siirtotatuoinnit\/illustrations-by-nathalie-anna-gill-a5\/#primaryimage"},"thumbnailUrl":"https:\/\/likeink.com\/wp-content\/uploads\/2022\/08\/NathalieAnnaGill_Iluustration_Likeink-1.jpg","datePublished":"2022-08-23T12:31:47+00:00","dateModified":"2026-03-14T22:17:18+00:00","description":"Kuvia aiheesta Nathalie Anna Gill I V\u00e4liaikaiset tatuoinnit. Hyv\u00e4 laatu ja nopea toimitus Suomeen! - Like ink","breadcrumb":{"@id":"https:\/\/likeink.com\/fi\/siirtotatuoinnit\/illustrations-by-nathalie-anna-gill-a5\/#breadcrumb"},"inLanguage":"fi","potentialAction":[{"@type":"ReadAction","target":["https:\/\/likeink.com\/fi\/siirtotatuoinnit\/illustrations-by-nathalie-anna-gill-a5\/"]}]},{"@type":"ImageObject","inLanguage":"fi","@id":"https:\/\/likeink.com\/fi\/siirtotatuoinnit\/illustrations-by-nathalie-anna-gill-a5\/#primaryimage","url":"https:\/\/likeink.com\/wp-content\/uploads\/2022\/08\/NathalieAnnaGill_Iluustration_Likeink-1.jpg","contentUrl":"https:\/\/likeink.com\/wp-content\/uploads\/2022\/08\/NathalieAnnaGill_Iluustration_Likeink-1.jpg","width":851,"height":600,"caption":"Kauniita tatuointeja hienoilla viivoilla."},{"@type":"BreadcrumbList","@id":"https:\/\/likeink.com\/fi\/siirtotatuoinnit\/illustrations-by-nathalie-anna-gill-a5\/#breadcrumb","itemListElement":[{"@type":"ListItem","position":1,"name":"Hem","item":"https:\/\/likeink.com\/fi\/"},{"@type":"ListItem","position":2,"name":"Shop","item":"https:\/\/likeink.com\/fi\/shop\/"},{"@type":"ListItem","position":3,"name":"Illustrations by Nathalie Anna Gill"}]},{"@type":"WebSite","@id":"https:\/\/likeink.com\/fi\/#website","url":"https:\/\/likeink.com\/fi\/","name":"Like ink","description":"Make your own custom design","potentialAction":[{"@type":"SearchAction","target":{"@type":"EntryPoint","urlTemplate":"https:\/\/likeink.com\/fi\/?s={search_term_string}"},"query-input":{"@type":"PropertyValueSpecification","valueRequired":true,"valueName":"search_term_string"}}],"inLanguage":"fi"}]}},"_links":{"self":[{"href":"https:\/\/likeink.com\/fi\/wp-json\/wp\/v2\/product\/13050","targetHints":{"allow":["GET"]}}],"collection":[{"href":"https:\/\/likeink.com\/fi\/wp-json\/wp\/v2\/product"}],"about":[{"href":"https:\/\/likeink.com\/fi\/wp-json\/wp\/v2\/types\/product"}],"wp:featuredmedia":[{"embeddable":true,"href":"https:\/\/likeink.com\/fi\/wp-json\/wp\/v2\/media\/13027"}],"wp:attachment":[{"href":"https:\/\/likeink.com\/fi\/wp-json\/wp\/v2\/media?parent=13050"}],"wp:term":[{"taxonomy":"product_brand","embeddable":true,"href":"https:\/\/likeink.com\/fi\/wp-json\/wp\/v2\/product_brand?post=13050"},{"taxonomy":"product_cat","embeddable":true,"href":"https:\/\/likeink.com\/fi\/wp-json\/wp\/v2\/product_cat?post=13050"},{"taxonomy":"product_tag","embeddable":true,"href":"https:\/\/likeink.com\/fi\/wp-json\/wp\/v2\/product_tag?post=13050"}],"curies":[{"name":"wp","href":"https:\/\/api.w.org\/{rel}","templated":true}]}}