{"id":13605,"date":"2022-09-28T15:16:20","date_gmt":"2022-09-28T15:16:20","guid":{"rendered":"https:\/\/likeink.se\/produkt\/halloween-face-tattoos-a5\/"},"modified":"2026-03-17T12:32:11","modified_gmt":"2026-03-17T12:32:11","slug":"halloween-kasvotatuoinnit-a5","status":"publish","type":"product","link":"https:\/\/likeink.com\/fi\/siirtotatuoinnit\/halloween-kasvotatuoinnit-a5\/","title":{"rendered":"Halloween kasvotatuoinnit"},"content":{"rendered":"","protected":false},"excerpt":{"rendered":"<p>Meid\u00e4n v\u00e4\u00e4rennettyjen tatuointiarkkien koko on 20&#215;14 cm ja ne ovat t\u00e4ytetty kuvassa n\u00e4kyv\u00e4ll\u00e4 suunnittelulla. Painamme ja l\u00e4het\u00e4mme tilauksesi 24 tunnin sis\u00e4ll\u00e4!<\/p>\n<h2>Osta Halloween-kasvotatuointeja<\/h2>\n<p>Kuvioinnit ovat inspiroituneet kuolleiden p\u00e4iv\u00e4n juhlasta, joka on alun perin meksikolainen juhla, jota vietet\u00e4\u00e4n joka vuosi muistoksi poisnukkuneista perheenj\u00e4senist\u00e4 ja yst\u00e4vist\u00e4. Ajan my\u00f6t\u00e4 kuolleiden p\u00e4iv\u00e4 on levinnyt suuriin osiin maailmaa ja nyky\u00e4\u00e4n juhla yhdistet\u00e4\u00e4n usein halloweeniin ja muihin amerikkalaisiin juhliin.<br \/>\nT\u00e4m\u00e4n A5-arkin avulla, joka on t\u00e4ynn\u00e4 kuolleiden p\u00e4iv\u00e4n kasvotatuointeja, voit koristella kasvosi ja vartalosi h\u00e4m\u00e4h\u00e4kinverkoilla, risteill\u00e4, h\u00e4m\u00e4h\u00e4keill\u00e4 ja erilaisilla kuvioilla! Yksi asia on varma, sinua tullaan huomaamaan, oli sitten kyseess\u00e4 halloween-bileet, kuolleiden p\u00e4iv\u00e4n juhla, naamiaiset tai vain hauskanpito!<br \/>\nKasvotatuointimme on helppo levitt\u00e4\u00e4, pest\u00e4 pois ja tietysti turvallinen k\u00e4ytt\u00e4\u00e4.<\/p>\n<p>Arkin koko: A5<br \/>\nTatuointien m\u00e4\u00e4r\u00e4: 16<\/p>\n","protected":false},"featured_media":13526,"template":"","meta":[],"product_brand":[],"product_cat":[514,51],"product_tag":[],"class_list":{"0":"post-13605","1":"product","2":"type-product","3":"status-publish","4":"has-post-thumbnail","6":"product_cat-naamiaisasu-sesonki","7":"product_cat-valmiit-arkit","9":"first","10":"instock","11":"taxable","12":"shipping-taxable","13":"purchasable","14":"product-type-simple"},"yoast_head":"<!-- This site is optimized with the Yoast SEO Premium plugin v26.2 (Yoast SEO v27.5) - https:\/\/yoast.com\/product\/yoast-seo-premium-wordpress\/ -->\n<title>Halloween kasvotatuoinnit A5 I Nopea toimitus - Like ink<\/title>\n<meta name=\"description\" content=\"Halloween kasvotatuoinnit korkealaatuisina! Turvallisia k\u00e4ytt\u00e4\u00e4 ja helppo levitt\u00e4\u00e4! Tilaa joitakin kuolleiden p\u00e4iv\u00e4n kasvotatuointeja! - Like ink\" \/>\n<meta name=\"robots\" content=\"index, follow, max-snippet:-1, max-image-preview:large, max-video-preview:-1\" \/>\n<link rel=\"canonical\" href=\"https:\/\/likeink.com\/fi\/siirtotatuoinnit\/halloween-kasvotatuoinnit-a5\/\" \/>\n<meta property=\"og:locale\" content=\"fi_FI\" \/>\n<meta property=\"og:type\" content=\"article\" \/>\n<meta property=\"og:title\" content=\"Halloween kasvotatuoinnit\" \/>\n<meta property=\"og:description\" content=\"Meid\u00e4n v\u00e4\u00e4rennettyjen tatuointiarkkien koko on 20x14 cm ja ne ovat t\u00e4ytetty kuvassa n\u00e4kyv\u00e4ll\u00e4 suunnittelulla. Painamme ja l\u00e4het\u00e4mme tilauksesi 24 tunnin sis\u00e4ll\u00e4!  Osta Halloween-kasvotatuointeja  Kuvioinnit ovat inspiroituneet kuolleiden p\u00e4iv\u00e4n juhlasta, joka on alun perin meksikolainen juhla, jota vietet\u00e4\u00e4n joka vuosi muistoksi poisnukkuneista perheenj\u00e4senist\u00e4 ja yst\u00e4vist\u00e4. Ajan my\u00f6t\u00e4 kuolleiden p\u00e4iv\u00e4 on levinnyt suuriin osiin maailmaa ja nyky\u00e4\u00e4n juhla yhdistet\u00e4\u00e4n usein halloweeniin ja muihin amerikkalaisiin juhliin. T\u00e4m\u00e4n A5-arkin avulla, joka on t\u00e4ynn\u00e4 kuolleiden p\u00e4iv\u00e4n kasvotatuointeja, voit koristella kasvosi ja vartalosi h\u00e4m\u00e4h\u00e4kinverkoilla, risteill\u00e4, h\u00e4m\u00e4h\u00e4keill\u00e4 ja erilaisilla kuvioilla! Yksi asia on varma, sinua tullaan huomaamaan, oli sitten kyseess\u00e4 halloween-bileet, kuolleiden p\u00e4iv\u00e4n juhla, naamiaiset tai vain hauskanpito! Kasvotatuointimme on helppo levitt\u00e4\u00e4, pest\u00e4 pois ja tietysti turvallinen k\u00e4ytt\u00e4\u00e4.  Arkin koko: A5 Tatuointien m\u00e4\u00e4r\u00e4: 16\" \/>\n<meta property=\"og:url\" content=\"https:\/\/likeink.com\/fi\/siirtotatuoinnit\/halloween-kasvotatuoinnit-a5\/\" \/>\n<meta property=\"og:site_name\" content=\"Like ink\" \/>\n<meta property=\"article:publisher\" content=\"https:\/\/www.facebook.com\/LikeInkSe\" \/>\n<meta property=\"article:modified_time\" content=\"2026-03-17T12:32:11+00:00\" \/>\n<meta property=\"og:image\" content=\"https:\/\/likeink.com\/wp-content\/uploads\/2022\/09\/DayOfTheDead_FaceTattoo_Black_Likeink.jpg\" \/>\n\t<meta property=\"og:image:width\" content=\"1134\" \/>\n\t<meta property=\"og:image:height\" content=\"800\" \/>\n\t<meta property=\"og:image:type\" content=\"image\/jpeg\" \/>\n<meta name=\"twitter:card\" content=\"summary_large_image\" \/>\n<!-- \/ Yoast SEO Premium plugin. -->","yoast_head_json":{"title":"Halloween kasvotatuoinnit A5 I Nopea toimitus - Like ink","description":"Halloween kasvotatuoinnit korkealaatuisina! Turvallisia k\u00e4ytt\u00e4\u00e4 ja helppo levitt\u00e4\u00e4! Tilaa joitakin kuolleiden p\u00e4iv\u00e4n kasvotatuointeja! - Like ink","robots":{"index":"index","follow":"follow","max-snippet":"max-snippet:-1","max-image-preview":"max-image-preview:large","max-video-preview":"max-video-preview:-1"},"canonical":"https:\/\/likeink.com\/fi\/siirtotatuoinnit\/halloween-kasvotatuoinnit-a5\/","og_locale":"fi_FI","og_type":"article","og_title":"Halloween kasvotatuoinnit","og_description":"Meid\u00e4n v\u00e4\u00e4rennettyjen tatuointiarkkien koko on 20x14 cm ja ne ovat t\u00e4ytetty kuvassa n\u00e4kyv\u00e4ll\u00e4 suunnittelulla. Painamme ja l\u00e4het\u00e4mme tilauksesi 24 tunnin sis\u00e4ll\u00e4!  Osta Halloween-kasvotatuointeja  Kuvioinnit ovat inspiroituneet kuolleiden p\u00e4iv\u00e4n juhlasta, joka on alun perin meksikolainen juhla, jota vietet\u00e4\u00e4n joka vuosi muistoksi poisnukkuneista perheenj\u00e4senist\u00e4 ja yst\u00e4vist\u00e4. Ajan my\u00f6t\u00e4 kuolleiden p\u00e4iv\u00e4 on levinnyt suuriin osiin maailmaa ja nyky\u00e4\u00e4n juhla yhdistet\u00e4\u00e4n usein halloweeniin ja muihin amerikkalaisiin juhliin. T\u00e4m\u00e4n A5-arkin avulla, joka on t\u00e4ynn\u00e4 kuolleiden p\u00e4iv\u00e4n kasvotatuointeja, voit koristella kasvosi ja vartalosi h\u00e4m\u00e4h\u00e4kinverkoilla, risteill\u00e4, h\u00e4m\u00e4h\u00e4keill\u00e4 ja erilaisilla kuvioilla! Yksi asia on varma, sinua tullaan huomaamaan, oli sitten kyseess\u00e4 halloween-bileet, kuolleiden p\u00e4iv\u00e4n juhla, naamiaiset tai vain hauskanpito! Kasvotatuointimme on helppo levitt\u00e4\u00e4, pest\u00e4 pois ja tietysti turvallinen k\u00e4ytt\u00e4\u00e4.  Arkin koko: A5 Tatuointien m\u00e4\u00e4r\u00e4: 16","og_url":"https:\/\/likeink.com\/fi\/siirtotatuoinnit\/halloween-kasvotatuoinnit-a5\/","og_site_name":"Like ink","article_publisher":"https:\/\/www.facebook.com\/LikeInkSe","article_modified_time":"2026-03-17T12:32:11+00:00","og_image":[{"width":1134,"height":800,"url":"https:\/\/likeink.com\/wp-content\/uploads\/2022\/09\/DayOfTheDead_FaceTattoo_Black_Likeink.jpg","type":"image\/jpeg"}],"twitter_card":"summary_large_image","schema":{"@context":"https:\/\/schema.org","@graph":[{"@type":"WebPage","@id":"https:\/\/likeink.com\/fi\/siirtotatuoinnit\/halloween-kasvotatuoinnit-a5\/","url":"https:\/\/likeink.com\/fi\/siirtotatuoinnit\/halloween-kasvotatuoinnit-a5\/","name":"Halloween kasvotatuoinnit A5 I Nopea toimitus - Like ink","isPartOf":{"@id":"https:\/\/likeink.com\/fi\/#website"},"primaryImageOfPage":{"@id":"https:\/\/likeink.com\/fi\/siirtotatuoinnit\/halloween-kasvotatuoinnit-a5\/#primaryimage"},"image":{"@id":"https:\/\/likeink.com\/fi\/siirtotatuoinnit\/halloween-kasvotatuoinnit-a5\/#primaryimage"},"thumbnailUrl":"https:\/\/likeink.com\/wp-content\/uploads\/2022\/09\/DayOfTheDead_FaceTattoo_Black_Likeink.jpg","datePublished":"2022-09-28T15:16:20+00:00","dateModified":"2026-03-17T12:32:11+00:00","description":"Halloween kasvotatuoinnit korkealaatuisina! Turvallisia k\u00e4ytt\u00e4\u00e4 ja helppo levitt\u00e4\u00e4! Tilaa joitakin kuolleiden p\u00e4iv\u00e4n kasvotatuointeja! - Like ink","breadcrumb":{"@id":"https:\/\/likeink.com\/fi\/siirtotatuoinnit\/halloween-kasvotatuoinnit-a5\/#breadcrumb"},"inLanguage":"fi","potentialAction":[{"@type":"ReadAction","target":["https:\/\/likeink.com\/fi\/siirtotatuoinnit\/halloween-kasvotatuoinnit-a5\/"]}]},{"@type":"ImageObject","inLanguage":"fi","@id":"https:\/\/likeink.com\/fi\/siirtotatuoinnit\/halloween-kasvotatuoinnit-a5\/#primaryimage","url":"https:\/\/likeink.com\/wp-content\/uploads\/2022\/09\/DayOfTheDead_FaceTattoo_Black_Likeink.jpg","contentUrl":"https:\/\/likeink.com\/wp-content\/uploads\/2022\/09\/DayOfTheDead_FaceTattoo_Black_Likeink.jpg","width":1134,"height":800,"caption":"Kuoleman p\u00e4iv\u00e4n kasvotatuointi. Day Of The Dead -kasvotatuointi Like ink -kasvotatuointi."},{"@type":"BreadcrumbList","@id":"https:\/\/likeink.com\/fi\/siirtotatuoinnit\/halloween-kasvotatuoinnit-a5\/#breadcrumb","itemListElement":[{"@type":"ListItem","position":1,"name":"Hem","item":"https:\/\/likeink.com\/fi\/"},{"@type":"ListItem","position":2,"name":"Shop","item":"https:\/\/likeink.com\/fi\/shop\/"},{"@type":"ListItem","position":3,"name":"Halloween kasvotatuoinnit"}]},{"@type":"WebSite","@id":"https:\/\/likeink.com\/fi\/#website","url":"https:\/\/likeink.com\/fi\/","name":"Like ink","description":"Make your own custom design","potentialAction":[{"@type":"SearchAction","target":{"@type":"EntryPoint","urlTemplate":"https:\/\/likeink.com\/fi\/?s={search_term_string}"},"query-input":{"@type":"PropertyValueSpecification","valueRequired":true,"valueName":"search_term_string"}}],"inLanguage":"fi"}]}},"_links":{"self":[{"href":"https:\/\/likeink.com\/fi\/wp-json\/wp\/v2\/product\/13605","targetHints":{"allow":["GET"]}}],"collection":[{"href":"https:\/\/likeink.com\/fi\/wp-json\/wp\/v2\/product"}],"about":[{"href":"https:\/\/likeink.com\/fi\/wp-json\/wp\/v2\/types\/product"}],"wp:featuredmedia":[{"embeddable":true,"href":"https:\/\/likeink.com\/fi\/wp-json\/wp\/v2\/media\/13526"}],"wp:attachment":[{"href":"https:\/\/likeink.com\/fi\/wp-json\/wp\/v2\/media?parent=13605"}],"wp:term":[{"taxonomy":"product_brand","embeddable":true,"href":"https:\/\/likeink.com\/fi\/wp-json\/wp\/v2\/product_brand?post=13605"},{"taxonomy":"product_cat","embeddable":true,"href":"https:\/\/likeink.com\/fi\/wp-json\/wp\/v2\/product_cat?post=13605"},{"taxonomy":"product_tag","embeddable":true,"href":"https:\/\/likeink.com\/fi\/wp-json\/wp\/v2\/product_tag?post=13605"}],"curies":[{"name":"wp","href":"https:\/\/api.w.org\/{rel}","templated":true}]}}