{"id":13860,"date":"2022-10-08T13:28:52","date_gmt":"2022-10-08T13:28:52","guid":{"rendered":"https:\/\/likeink.se\/produkt\/frankenstein-facetattoos-scars-a5\/"},"modified":"2026-03-17T12:32:23","modified_gmt":"2026-03-17T12:32:23","slug":"frankenstein-face-tattoo-a5-arkki","status":"publish","type":"product","link":"https:\/\/likeink.com\/fi\/siirtotatuoinnit\/frankenstein-face-tattoo-a5-arkki\/","title":{"rendered":"Frankenstein Face tattoo"},"content":{"rendered":"","protected":false},"excerpt":{"rendered":"<p>Jos menet Halloween-juhliin, sinun tulisi pukeutua niin kuin et olisi menossa. T\u00e4m\u00e4n arkin tatuointien avulla voit nopeasti ja helposti muuttaa kasvosi Frankensteinin kasvoiksi.<\/p>\n<p>Temporaariset tatuointiarkkimme ovat kooltaan 20&#215;14 cm ja t\u00e4ynn\u00e4 kuvassa olevaa designia. Painamme ja l\u00e4het\u00e4mme tilauksesi 24 tunnin sis\u00e4ll\u00e4! Helppo levitt\u00e4\u00e4!<\/p>\n<h2>Tilaa Frankenstein Halloween -tatuoinnit meilt\u00e4, Like ink<\/h2>\n<p>Arkin koko: A5<br \/>\nTatuointien koko: Ompeleet ovat 2 ja 1,5 cm korkeita ja jokainen ompele on 20 cm pitk\u00e4.<\/p>\n","protected":false},"featured_media":13852,"template":"","meta":[],"product_brand":[],"product_cat":[206,51],"product_tag":[],"class_list":{"0":"post-13860","1":"product","2":"type-product","3":"status-publish","4":"has-post-thumbnail","6":"product_cat-halloween-tatuoinnit","7":"product_cat-valmiit-arkit","9":"first","10":"instock","11":"taxable","12":"shipping-taxable","13":"purchasable","14":"product-type-simple"},"yoast_head":"<!-- This site is optimized with the Yoast SEO Premium plugin v26.2 (Yoast SEO v27.4) - https:\/\/yoast.com\/product\/yoast-seo-premium-wordpress\/ -->\n<title>Frankenstein Face tattoo A5-arkki - Like ink<\/title>\n<meta name=\"description\" content=\"Frankenstein Face tattoo A5-arkki. Jos menet Halloween-juhliin, sinun tulisi pukeutua niin kuin et olisi menossa. - Like ink\" \/>\n<meta name=\"robots\" content=\"index, follow, max-snippet:-1, max-image-preview:large, max-video-preview:-1\" \/>\n<link rel=\"canonical\" href=\"https:\/\/likeink.com\/fi\/siirtotatuoinnit\/frankenstein-face-tattoo-a5-arkki\/\" \/>\n<meta property=\"og:locale\" content=\"fi_FI\" \/>\n<meta property=\"og:type\" content=\"article\" \/>\n<meta property=\"og:title\" content=\"Frankenstein Face tattoo\" \/>\n<meta property=\"og:description\" content=\"Jos menet Halloween-juhliin, sinun tulisi pukeutua niin kuin et olisi menossa. T\u00e4m\u00e4n arkin tatuointien avulla voit nopeasti ja helposti muuttaa kasvosi Frankensteinin kasvoiksi.  Temporaariset tatuointiarkkimme ovat kooltaan 20x14 cm ja t\u00e4ynn\u00e4 kuvassa olevaa designia. Painamme ja l\u00e4het\u00e4mme tilauksesi 24 tunnin sis\u00e4ll\u00e4! Helppo levitt\u00e4\u00e4!  Tilaa Frankenstein Halloween -tatuoinnit meilt\u00e4, Like ink  Arkin koko: A5 Tatuointien koko: Ompeleet ovat 2 ja 1,5 cm korkeita ja jokainen ompele on 20 cm pitk\u00e4.\" \/>\n<meta property=\"og:url\" content=\"https:\/\/likeink.com\/fi\/siirtotatuoinnit\/frankenstein-face-tattoo-a5-arkki\/\" \/>\n<meta property=\"og:site_name\" content=\"Like ink\" \/>\n<meta property=\"article:publisher\" content=\"https:\/\/www.facebook.com\/LikeInkSe\" \/>\n<meta property=\"article:modified_time\" content=\"2026-03-17T12:32:23+00:00\" \/>\n<meta property=\"og:image\" content=\"https:\/\/likeink.com\/wp-content\/uploads\/2022\/10\/Frankenstein_FaceScars_Likeink-1.jpg\" \/>\n\t<meta property=\"og:image:width\" content=\"1200\" \/>\n\t<meta property=\"og:image:height\" content=\"845\" \/>\n\t<meta property=\"og:image:type\" content=\"image\/jpeg\" \/>\n<meta name=\"twitter:card\" content=\"summary_large_image\" \/>\n<script type=\"application\/ld+json\" class=\"yoast-schema-graph\">{\"@context\":\"https:\\\/\\\/schema.org\",\"@graph\":[{\"@type\":\"WebPage\",\"@id\":\"https:\\\/\\\/likeink.com\\\/fi\\\/siirtotatuoinnit\\\/frankenstein-face-tattoo-a5-arkki\\\/\",\"url\":\"https:\\\/\\\/likeink.com\\\/fi\\\/siirtotatuoinnit\\\/frankenstein-face-tattoo-a5-arkki\\\/\",\"name\":\"Frankenstein Face tattoo A5-arkki - Like ink\",\"isPartOf\":{\"@id\":\"https:\\\/\\\/likeink.com\\\/fi\\\/#website\"},\"primaryImageOfPage\":{\"@id\":\"https:\\\/\\\/likeink.com\\\/fi\\\/siirtotatuoinnit\\\/frankenstein-face-tattoo-a5-arkki\\\/#primaryimage\"},\"image\":{\"@id\":\"https:\\\/\\\/likeink.com\\\/fi\\\/siirtotatuoinnit\\\/frankenstein-face-tattoo-a5-arkki\\\/#primaryimage\"},\"thumbnailUrl\":\"https:\\\/\\\/likeink.com\\\/wp-content\\\/uploads\\\/2022\\\/10\\\/Frankenstein_FaceScars_Likeink-1.jpg\",\"datePublished\":\"2022-10-08T13:28:52+00:00\",\"dateModified\":\"2026-03-17T12:32:23+00:00\",\"description\":\"Frankenstein Face tattoo A5-arkki. Jos menet Halloween-juhliin, sinun tulisi pukeutua niin kuin et olisi menossa. - Like ink\",\"breadcrumb\":{\"@id\":\"https:\\\/\\\/likeink.com\\\/fi\\\/siirtotatuoinnit\\\/frankenstein-face-tattoo-a5-arkki\\\/#breadcrumb\"},\"inLanguage\":\"fi\",\"potentialAction\":[{\"@type\":\"ReadAction\",\"target\":[\"https:\\\/\\\/likeink.com\\\/fi\\\/siirtotatuoinnit\\\/frankenstein-face-tattoo-a5-arkki\\\/\"]}]},{\"@type\":\"ImageObject\",\"inLanguage\":\"fi\",\"@id\":\"https:\\\/\\\/likeink.com\\\/fi\\\/siirtotatuoinnit\\\/frankenstein-face-tattoo-a5-arkki\\\/#primaryimage\",\"url\":\"https:\\\/\\\/likeink.com\\\/wp-content\\\/uploads\\\/2022\\\/10\\\/Frankenstein_FaceScars_Likeink-1.jpg\",\"contentUrl\":\"https:\\\/\\\/likeink.com\\\/wp-content\\\/uploads\\\/2022\\\/10\\\/Frankenstein_FaceScars_Likeink-1.jpg\",\"width\":1200,\"height\":845,\"caption\":\"Frankenstein-kasvotatuoinnit.\"},{\"@type\":\"BreadcrumbList\",\"@id\":\"https:\\\/\\\/likeink.com\\\/fi\\\/siirtotatuoinnit\\\/frankenstein-face-tattoo-a5-arkki\\\/#breadcrumb\",\"itemListElement\":[{\"@type\":\"ListItem\",\"position\":1,\"name\":\"Hem\",\"item\":\"https:\\\/\\\/likeink.com\\\/fi\\\/\"},{\"@type\":\"ListItem\",\"position\":2,\"name\":\"Shop\",\"item\":\"https:\\\/\\\/likeink.com\\\/fi\\\/shop\\\/\"},{\"@type\":\"ListItem\",\"position\":3,\"name\":\"Frankenstein Face tattoo\"}]},{\"@type\":\"WebSite\",\"@id\":\"https:\\\/\\\/likeink.com\\\/fi\\\/#website\",\"url\":\"https:\\\/\\\/likeink.com\\\/fi\\\/\",\"name\":\"Like ink\",\"description\":\"Make your own custom design\",\"potentialAction\":[{\"@type\":\"SearchAction\",\"target\":{\"@type\":\"EntryPoint\",\"urlTemplate\":\"https:\\\/\\\/likeink.com\\\/fi\\\/?s={search_term_string}\"},\"query-input\":{\"@type\":\"PropertyValueSpecification\",\"valueRequired\":true,\"valueName\":\"search_term_string\"}}],\"inLanguage\":\"fi\"}]}<\/script>\n<!-- \/ Yoast SEO Premium plugin. -->","yoast_head_json":{"title":"Frankenstein Face tattoo A5-arkki - Like ink","description":"Frankenstein Face tattoo A5-arkki. Jos menet Halloween-juhliin, sinun tulisi pukeutua niin kuin et olisi menossa. - Like ink","robots":{"index":"index","follow":"follow","max-snippet":"max-snippet:-1","max-image-preview":"max-image-preview:large","max-video-preview":"max-video-preview:-1"},"canonical":"https:\/\/likeink.com\/fi\/siirtotatuoinnit\/frankenstein-face-tattoo-a5-arkki\/","og_locale":"fi_FI","og_type":"article","og_title":"Frankenstein Face tattoo","og_description":"Jos menet Halloween-juhliin, sinun tulisi pukeutua niin kuin et olisi menossa. T\u00e4m\u00e4n arkin tatuointien avulla voit nopeasti ja helposti muuttaa kasvosi Frankensteinin kasvoiksi.  Temporaariset tatuointiarkkimme ovat kooltaan 20x14 cm ja t\u00e4ynn\u00e4 kuvassa olevaa designia. Painamme ja l\u00e4het\u00e4mme tilauksesi 24 tunnin sis\u00e4ll\u00e4! Helppo levitt\u00e4\u00e4!  Tilaa Frankenstein Halloween -tatuoinnit meilt\u00e4, Like ink  Arkin koko: A5 Tatuointien koko: Ompeleet ovat 2 ja 1,5 cm korkeita ja jokainen ompele on 20 cm pitk\u00e4.","og_url":"https:\/\/likeink.com\/fi\/siirtotatuoinnit\/frankenstein-face-tattoo-a5-arkki\/","og_site_name":"Like ink","article_publisher":"https:\/\/www.facebook.com\/LikeInkSe","article_modified_time":"2026-03-17T12:32:23+00:00","og_image":[{"width":1200,"height":845,"url":"https:\/\/likeink.com\/wp-content\/uploads\/2022\/10\/Frankenstein_FaceScars_Likeink-1.jpg","type":"image\/jpeg"}],"twitter_card":"summary_large_image","schema":{"@context":"https:\/\/schema.org","@graph":[{"@type":"WebPage","@id":"https:\/\/likeink.com\/fi\/siirtotatuoinnit\/frankenstein-face-tattoo-a5-arkki\/","url":"https:\/\/likeink.com\/fi\/siirtotatuoinnit\/frankenstein-face-tattoo-a5-arkki\/","name":"Frankenstein Face tattoo A5-arkki - Like ink","isPartOf":{"@id":"https:\/\/likeink.com\/fi\/#website"},"primaryImageOfPage":{"@id":"https:\/\/likeink.com\/fi\/siirtotatuoinnit\/frankenstein-face-tattoo-a5-arkki\/#primaryimage"},"image":{"@id":"https:\/\/likeink.com\/fi\/siirtotatuoinnit\/frankenstein-face-tattoo-a5-arkki\/#primaryimage"},"thumbnailUrl":"https:\/\/likeink.com\/wp-content\/uploads\/2022\/10\/Frankenstein_FaceScars_Likeink-1.jpg","datePublished":"2022-10-08T13:28:52+00:00","dateModified":"2026-03-17T12:32:23+00:00","description":"Frankenstein Face tattoo A5-arkki. Jos menet Halloween-juhliin, sinun tulisi pukeutua niin kuin et olisi menossa. - Like ink","breadcrumb":{"@id":"https:\/\/likeink.com\/fi\/siirtotatuoinnit\/frankenstein-face-tattoo-a5-arkki\/#breadcrumb"},"inLanguage":"fi","potentialAction":[{"@type":"ReadAction","target":["https:\/\/likeink.com\/fi\/siirtotatuoinnit\/frankenstein-face-tattoo-a5-arkki\/"]}]},{"@type":"ImageObject","inLanguage":"fi","@id":"https:\/\/likeink.com\/fi\/siirtotatuoinnit\/frankenstein-face-tattoo-a5-arkki\/#primaryimage","url":"https:\/\/likeink.com\/wp-content\/uploads\/2022\/10\/Frankenstein_FaceScars_Likeink-1.jpg","contentUrl":"https:\/\/likeink.com\/wp-content\/uploads\/2022\/10\/Frankenstein_FaceScars_Likeink-1.jpg","width":1200,"height":845,"caption":"Frankenstein-kasvotatuoinnit."},{"@type":"BreadcrumbList","@id":"https:\/\/likeink.com\/fi\/siirtotatuoinnit\/frankenstein-face-tattoo-a5-arkki\/#breadcrumb","itemListElement":[{"@type":"ListItem","position":1,"name":"Hem","item":"https:\/\/likeink.com\/fi\/"},{"@type":"ListItem","position":2,"name":"Shop","item":"https:\/\/likeink.com\/fi\/shop\/"},{"@type":"ListItem","position":3,"name":"Frankenstein Face tattoo"}]},{"@type":"WebSite","@id":"https:\/\/likeink.com\/fi\/#website","url":"https:\/\/likeink.com\/fi\/","name":"Like ink","description":"Make your own custom design","potentialAction":[{"@type":"SearchAction","target":{"@type":"EntryPoint","urlTemplate":"https:\/\/likeink.com\/fi\/?s={search_term_string}"},"query-input":{"@type":"PropertyValueSpecification","valueRequired":true,"valueName":"search_term_string"}}],"inLanguage":"fi"}]}},"_links":{"self":[{"href":"https:\/\/likeink.com\/fi\/wp-json\/wp\/v2\/product\/13860","targetHints":{"allow":["GET"]}}],"collection":[{"href":"https:\/\/likeink.com\/fi\/wp-json\/wp\/v2\/product"}],"about":[{"href":"https:\/\/likeink.com\/fi\/wp-json\/wp\/v2\/types\/product"}],"wp:featuredmedia":[{"embeddable":true,"href":"https:\/\/likeink.com\/fi\/wp-json\/wp\/v2\/media\/13852"}],"wp:attachment":[{"href":"https:\/\/likeink.com\/fi\/wp-json\/wp\/v2\/media?parent=13860"}],"wp:term":[{"taxonomy":"product_brand","embeddable":true,"href":"https:\/\/likeink.com\/fi\/wp-json\/wp\/v2\/product_brand?post=13860"},{"taxonomy":"product_cat","embeddable":true,"href":"https:\/\/likeink.com\/fi\/wp-json\/wp\/v2\/product_cat?post=13860"},{"taxonomy":"product_tag","embeddable":true,"href":"https:\/\/likeink.com\/fi\/wp-json\/wp\/v2\/product_tag?post=13860"}],"curies":[{"name":"wp","href":"https:\/\/api.w.org\/{rel}","templated":true}]}}