{"id":14510,"date":"2022-11-11T18:20:36","date_gmt":"2022-11-11T18:20:36","guid":{"rendered":"https:\/\/likeink.se\/produkt\/flash-by-malin-carper-black-and-gray\/"},"modified":"2024-02-14T16:05:09","modified_gmt":"2024-02-14T16:05:09","slug":"flash-by-malin-carper-black-and-gray","status":"publish","type":"product","link":"https:\/\/likeink.com\/fi\/siirtotatuoinnit\/flash-by-malin-carper-black-and-gray\/","title":{"rendered":"Flash &#8221;Black &#038; Gray&#8221; by Malin Carper at Bad Mood Tattoo"},"content":{"rendered":"","protected":false},"excerpt":{"rendered":"<p>Like ink&#8217;s ready-made fake tattoo sheets are 20&#215;14 cm in size and filled with the design you see in the picture. We print and ship your sheet of tattoos within 24 hours.<\/p>\n<h2>Order fake tattoos designed by the tattoo artist Malin Carper.<\/h2>\n<p>This sheet is designed by the talented tattoo artist Malin Carper at Bad Mood Tattoo in Helsingborg, Sweden. We are glad to offer art from Malin, who is one of the most awesome tattoo artists we&#8217;ve seen! Order a sheet of fake tattoos to wear her art for a couple of days and if you want a real tattoo, take a look at Malin&#8217;s Instagram.<\/p>\n<p><strong>This is Malin:<\/strong> I am Malin Carper, originally from Arboga and im now working at Bad Mood Tattoo in Helsingborg. I prefer to work in color realism with a touch of abstract.<br \/>\nI have been in the tattoo business since 2010 and during all these years I have traveled to a lot of exciting places, guest worked with other tattoo artists, tattooed at tattoo fairs, tattooed musicians and I have met so many good friends! I couldn&#8217;t have wished for anything better! Hope you like my little flashes, some of them have been tattooed already.<\/p>\n<p>All the best!<\/p>\n<p>Malin<\/p>\n<p>Sheet size: A5<br \/>\nSize tattoos: Largest motive is 120X65mm and the smallest 37X22mm<\/p>\n<p><strong>Get in touch with Malin:<\/strong><\/p>\n<p><strong>Instagram:<\/strong><\/p>\n<p>@malincarper<\/p>\n<p><strong>Studio:<\/strong><\/p>\n<p>Bad Mood Tattoo<\/p>\n<p><strong>Adress:<\/strong><\/p>\n<p>Nedre L\u00e5ngvinkelsgatan 17, 25220 Helsingborg<\/p>\n<p><strong>Hemsida:<\/strong><\/p>\n<p>carperink.se<\/p>\n","protected":false},"featured_media":14495,"template":"","meta":[],"product_brand":[],"product_cat":[51,204],"product_tag":[],"class_list":{"0":"post-14510","1":"product","2":"type-product","3":"status-publish","4":"has-post-thumbnail","6":"product_cat-valmiit-arkit","7":"product_cat-yhteistyota-tatuoijien-kanssa","9":"first","10":"instock","11":"taxable","12":"shipping-taxable","13":"purchasable","14":"product-type-simple"},"yoast_head":"<!-- This site is optimized with the Yoast SEO Premium plugin v26.2 (Yoast SEO v27.4) - https:\/\/yoast.com\/product\/yoast-seo-premium-wordpress\/ -->\n<title>Musta ja Harmaa flash-tatuoinnit Malin Carperilta - Like ink<\/title>\n<meta name=\"description\" content=\"Musta ja Harmaa flash-tatuoinnit Malin Carperilta. Korkealaatuisia v\u00e4liaikaisia tatuointeja, jotka ovat helppoja levitt\u00e4\u00e4! Ilmainen toimitus! - Like ink\" \/>\n<meta name=\"robots\" content=\"index, follow, max-snippet:-1, max-image-preview:large, max-video-preview:-1\" \/>\n<link rel=\"canonical\" href=\"https:\/\/likeink.com\/fi\/siirtotatuoinnit\/flash-by-malin-carper-black-and-gray\/\" \/>\n<meta property=\"og:locale\" content=\"fi_FI\" \/>\n<meta property=\"og:type\" content=\"article\" \/>\n<meta property=\"og:title\" content=\"Flash &quot;Black &amp; Gray&quot; by Malin Carper at Bad Mood Tattoo\" \/>\n<meta property=\"og:description\" content=\"Like ink&#039;s ready-made fake tattoo sheets are 20x14 cm in size and filled with the design you see in the picture. We print and ship your sheet of tattoos within 24 hours. Order fake tattoos designed by the tattoo artist Malin Carper. This sheet is designed by the talented tattoo artist Malin Carper at Bad Mood Tattoo in Helsingborg, Sweden. We are glad to offer art from Malin, who is one of the most awesome tattoo artists we&#039;ve seen! Order a sheet of fake tattoos to wear her art for a couple of days and if you want a real tattoo, take a look at Malin&#039;s Instagram.  This is Malin: I am Malin Carper, originally from Arboga and im now working at Bad Mood Tattoo in Helsingborg. I prefer to work in color realism with a touch of abstract. I have been in the tattoo business since 2010 and during all these years I have traveled to a lot of exciting places, guest worked with other tattoo artists, tattooed at tattoo fairs, tattooed musicians and I have met so many good friends! I couldn&#039;t have wished for anything better! Hope you like my little flashes, some of them have been tattooed already.  All the best!  Malin  Sheet size: A5 Size tattoos: Largest motive is 120X65mm and the smallest 37X22mm  Get in touch with Malin:  Instagram:  @malincarper  Studio:  Bad Mood Tattoo  Adress:  Nedre L\u00e5ngvinkelsgatan 17, 25220 Helsingborg  Hemsida:  carperink.se\" \/>\n<meta property=\"og:url\" content=\"https:\/\/likeink.com\/fi\/siirtotatuoinnit\/flash-by-malin-carper-black-and-gray\/\" \/>\n<meta property=\"og:site_name\" content=\"Like ink\" \/>\n<meta property=\"article:publisher\" content=\"https:\/\/www.facebook.com\/LikeInkSe\" \/>\n<meta property=\"article:modified_time\" content=\"2024-02-14T16:05:09+00:00\" \/>\n<meta property=\"og:image\" content=\"https:\/\/likeink.com\/wp-content\/uploads\/2022\/11\/MalinCarper_BadMoon_BlacknGrayTattoos_Likeink.jpg\" \/>\n\t<meta property=\"og:image:width\" content=\"1500\" \/>\n\t<meta property=\"og:image:height\" content=\"1057\" \/>\n\t<meta property=\"og:image:type\" content=\"image\/jpeg\" \/>\n<meta name=\"twitter:card\" content=\"summary_large_image\" \/>\n<script type=\"application\/ld+json\" class=\"yoast-schema-graph\">{\"@context\":\"https:\\\/\\\/schema.org\",\"@graph\":[{\"@type\":\"WebPage\",\"@id\":\"https:\\\/\\\/likeink.com\\\/fi\\\/siirtotatuoinnit\\\/flash-by-malin-carper-black-and-gray\\\/\",\"url\":\"https:\\\/\\\/likeink.com\\\/fi\\\/siirtotatuoinnit\\\/flash-by-malin-carper-black-and-gray\\\/\",\"name\":\"Musta ja Harmaa flash-tatuoinnit Malin Carperilta - Like ink\",\"isPartOf\":{\"@id\":\"https:\\\/\\\/likeink.com\\\/fi\\\/#website\"},\"primaryImageOfPage\":{\"@id\":\"https:\\\/\\\/likeink.com\\\/fi\\\/siirtotatuoinnit\\\/flash-by-malin-carper-black-and-gray\\\/#primaryimage\"},\"image\":{\"@id\":\"https:\\\/\\\/likeink.com\\\/fi\\\/siirtotatuoinnit\\\/flash-by-malin-carper-black-and-gray\\\/#primaryimage\"},\"thumbnailUrl\":\"https:\\\/\\\/likeink.com\\\/wp-content\\\/uploads\\\/2022\\\/11\\\/MalinCarper_BadMoon_BlacknGrayTattoos_Likeink.jpg\",\"datePublished\":\"2022-11-11T18:20:36+00:00\",\"dateModified\":\"2024-02-14T16:05:09+00:00\",\"description\":\"Musta ja Harmaa flash-tatuoinnit Malin Carperilta. Korkealaatuisia v\u00e4liaikaisia tatuointeja, jotka ovat helppoja levitt\u00e4\u00e4! Ilmainen toimitus! - Like ink\",\"breadcrumb\":{\"@id\":\"https:\\\/\\\/likeink.com\\\/fi\\\/siirtotatuoinnit\\\/flash-by-malin-carper-black-and-gray\\\/#breadcrumb\"},\"inLanguage\":\"fi\",\"potentialAction\":[{\"@type\":\"ReadAction\",\"target\":[\"https:\\\/\\\/likeink.com\\\/fi\\\/siirtotatuoinnit\\\/flash-by-malin-carper-black-and-gray\\\/\"]}]},{\"@type\":\"ImageObject\",\"inLanguage\":\"fi\",\"@id\":\"https:\\\/\\\/likeink.com\\\/fi\\\/siirtotatuoinnit\\\/flash-by-malin-carper-black-and-gray\\\/#primaryimage\",\"url\":\"https:\\\/\\\/likeink.com\\\/wp-content\\\/uploads\\\/2022\\\/11\\\/MalinCarper_BadMoon_BlacknGrayTattoos_Likeink.jpg\",\"contentUrl\":\"https:\\\/\\\/likeink.com\\\/wp-content\\\/uploads\\\/2022\\\/11\\\/MalinCarper_BadMoon_BlacknGrayTattoos_Likeink.jpg\",\"width\":1500,\"height\":1057,\"caption\":\"Malin Carperin tatuointisuunnittelu siirtotatuoinnit Like ink.\"},{\"@type\":\"BreadcrumbList\",\"@id\":\"https:\\\/\\\/likeink.com\\\/fi\\\/siirtotatuoinnit\\\/flash-by-malin-carper-black-and-gray\\\/#breadcrumb\",\"itemListElement\":[{\"@type\":\"ListItem\",\"position\":1,\"name\":\"Hem\",\"item\":\"https:\\\/\\\/likeink.com\\\/fi\\\/\"},{\"@type\":\"ListItem\",\"position\":2,\"name\":\"Shop\",\"item\":\"https:\\\/\\\/likeink.com\\\/fi\\\/shop\\\/\"},{\"@type\":\"ListItem\",\"position\":3,\"name\":\"Flash &#8221;Black &#038; Gray&#8221; by Malin Carper at Bad Mood Tattoo\"}]},{\"@type\":\"WebSite\",\"@id\":\"https:\\\/\\\/likeink.com\\\/fi\\\/#website\",\"url\":\"https:\\\/\\\/likeink.com\\\/fi\\\/\",\"name\":\"Like ink\",\"description\":\"Make your own custom design\",\"potentialAction\":[{\"@type\":\"SearchAction\",\"target\":{\"@type\":\"EntryPoint\",\"urlTemplate\":\"https:\\\/\\\/likeink.com\\\/fi\\\/?s={search_term_string}\"},\"query-input\":{\"@type\":\"PropertyValueSpecification\",\"valueRequired\":true,\"valueName\":\"search_term_string\"}}],\"inLanguage\":\"fi\"}]}<\/script>\n<!-- \/ Yoast SEO Premium plugin. -->","yoast_head_json":{"title":"Musta ja Harmaa flash-tatuoinnit Malin Carperilta - Like ink","description":"Musta ja Harmaa flash-tatuoinnit Malin Carperilta. Korkealaatuisia v\u00e4liaikaisia tatuointeja, jotka ovat helppoja levitt\u00e4\u00e4! Ilmainen toimitus! - Like ink","robots":{"index":"index","follow":"follow","max-snippet":"max-snippet:-1","max-image-preview":"max-image-preview:large","max-video-preview":"max-video-preview:-1"},"canonical":"https:\/\/likeink.com\/fi\/siirtotatuoinnit\/flash-by-malin-carper-black-and-gray\/","og_locale":"fi_FI","og_type":"article","og_title":"Flash \"Black & Gray\" by Malin Carper at Bad Mood Tattoo","og_description":"Like ink's ready-made fake tattoo sheets are 20x14 cm in size and filled with the design you see in the picture. We print and ship your sheet of tattoos within 24 hours. Order fake tattoos designed by the tattoo artist Malin Carper. This sheet is designed by the talented tattoo artist Malin Carper at Bad Mood Tattoo in Helsingborg, Sweden. We are glad to offer art from Malin, who is one of the most awesome tattoo artists we've seen! Order a sheet of fake tattoos to wear her art for a couple of days and if you want a real tattoo, take a look at Malin's Instagram.  This is Malin: I am Malin Carper, originally from Arboga and im now working at Bad Mood Tattoo in Helsingborg. I prefer to work in color realism with a touch of abstract. I have been in the tattoo business since 2010 and during all these years I have traveled to a lot of exciting places, guest worked with other tattoo artists, tattooed at tattoo fairs, tattooed musicians and I have met so many good friends! I couldn't have wished for anything better! Hope you like my little flashes, some of them have been tattooed already.  All the best!  Malin  Sheet size: A5 Size tattoos: Largest motive is 120X65mm and the smallest 37X22mm  Get in touch with Malin:  Instagram:  @malincarper  Studio:  Bad Mood Tattoo  Adress:  Nedre L\u00e5ngvinkelsgatan 17, 25220 Helsingborg  Hemsida:  carperink.se","og_url":"https:\/\/likeink.com\/fi\/siirtotatuoinnit\/flash-by-malin-carper-black-and-gray\/","og_site_name":"Like ink","article_publisher":"https:\/\/www.facebook.com\/LikeInkSe","article_modified_time":"2024-02-14T16:05:09+00:00","og_image":[{"width":1500,"height":1057,"url":"https:\/\/likeink.com\/wp-content\/uploads\/2022\/11\/MalinCarper_BadMoon_BlacknGrayTattoos_Likeink.jpg","type":"image\/jpeg"}],"twitter_card":"summary_large_image","schema":{"@context":"https:\/\/schema.org","@graph":[{"@type":"WebPage","@id":"https:\/\/likeink.com\/fi\/siirtotatuoinnit\/flash-by-malin-carper-black-and-gray\/","url":"https:\/\/likeink.com\/fi\/siirtotatuoinnit\/flash-by-malin-carper-black-and-gray\/","name":"Musta ja Harmaa flash-tatuoinnit Malin Carperilta - Like ink","isPartOf":{"@id":"https:\/\/likeink.com\/fi\/#website"},"primaryImageOfPage":{"@id":"https:\/\/likeink.com\/fi\/siirtotatuoinnit\/flash-by-malin-carper-black-and-gray\/#primaryimage"},"image":{"@id":"https:\/\/likeink.com\/fi\/siirtotatuoinnit\/flash-by-malin-carper-black-and-gray\/#primaryimage"},"thumbnailUrl":"https:\/\/likeink.com\/wp-content\/uploads\/2022\/11\/MalinCarper_BadMoon_BlacknGrayTattoos_Likeink.jpg","datePublished":"2022-11-11T18:20:36+00:00","dateModified":"2024-02-14T16:05:09+00:00","description":"Musta ja Harmaa flash-tatuoinnit Malin Carperilta. Korkealaatuisia v\u00e4liaikaisia tatuointeja, jotka ovat helppoja levitt\u00e4\u00e4! Ilmainen toimitus! - Like ink","breadcrumb":{"@id":"https:\/\/likeink.com\/fi\/siirtotatuoinnit\/flash-by-malin-carper-black-and-gray\/#breadcrumb"},"inLanguage":"fi","potentialAction":[{"@type":"ReadAction","target":["https:\/\/likeink.com\/fi\/siirtotatuoinnit\/flash-by-malin-carper-black-and-gray\/"]}]},{"@type":"ImageObject","inLanguage":"fi","@id":"https:\/\/likeink.com\/fi\/siirtotatuoinnit\/flash-by-malin-carper-black-and-gray\/#primaryimage","url":"https:\/\/likeink.com\/wp-content\/uploads\/2022\/11\/MalinCarper_BadMoon_BlacknGrayTattoos_Likeink.jpg","contentUrl":"https:\/\/likeink.com\/wp-content\/uploads\/2022\/11\/MalinCarper_BadMoon_BlacknGrayTattoos_Likeink.jpg","width":1500,"height":1057,"caption":"Malin Carperin tatuointisuunnittelu siirtotatuoinnit Like ink."},{"@type":"BreadcrumbList","@id":"https:\/\/likeink.com\/fi\/siirtotatuoinnit\/flash-by-malin-carper-black-and-gray\/#breadcrumb","itemListElement":[{"@type":"ListItem","position":1,"name":"Hem","item":"https:\/\/likeink.com\/fi\/"},{"@type":"ListItem","position":2,"name":"Shop","item":"https:\/\/likeink.com\/fi\/shop\/"},{"@type":"ListItem","position":3,"name":"Flash &#8221;Black &#038; Gray&#8221; by Malin Carper at Bad Mood Tattoo"}]},{"@type":"WebSite","@id":"https:\/\/likeink.com\/fi\/#website","url":"https:\/\/likeink.com\/fi\/","name":"Like ink","description":"Make your own custom design","potentialAction":[{"@type":"SearchAction","target":{"@type":"EntryPoint","urlTemplate":"https:\/\/likeink.com\/fi\/?s={search_term_string}"},"query-input":{"@type":"PropertyValueSpecification","valueRequired":true,"valueName":"search_term_string"}}],"inLanguage":"fi"}]}},"_links":{"self":[{"href":"https:\/\/likeink.com\/fi\/wp-json\/wp\/v2\/product\/14510","targetHints":{"allow":["GET"]}}],"collection":[{"href":"https:\/\/likeink.com\/fi\/wp-json\/wp\/v2\/product"}],"about":[{"href":"https:\/\/likeink.com\/fi\/wp-json\/wp\/v2\/types\/product"}],"wp:featuredmedia":[{"embeddable":true,"href":"https:\/\/likeink.com\/fi\/wp-json\/wp\/v2\/media\/14495"}],"wp:attachment":[{"href":"https:\/\/likeink.com\/fi\/wp-json\/wp\/v2\/media?parent=14510"}],"wp:term":[{"taxonomy":"product_brand","embeddable":true,"href":"https:\/\/likeink.com\/fi\/wp-json\/wp\/v2\/product_brand?post=14510"},{"taxonomy":"product_cat","embeddable":true,"href":"https:\/\/likeink.com\/fi\/wp-json\/wp\/v2\/product_cat?post=14510"},{"taxonomy":"product_tag","embeddable":true,"href":"https:\/\/likeink.com\/fi\/wp-json\/wp\/v2\/product_tag?post=14510"}],"curies":[{"name":"wp","href":"https:\/\/api.w.org\/{rel}","templated":true}]}}