{"id":15392,"date":"2023-02-15T13:37:53","date_gmt":"2023-02-15T13:37:53","guid":{"rendered":"https:\/\/likeink.se\/produkt\/mike-tyson-face-tattoos-temporarytattoos\/"},"modified":"2026-03-17T12:32:36","modified_gmt":"2026-03-17T12:32:36","slug":"mike-tyson-kasvotatuoinnit","status":"publish","type":"product","link":"https:\/\/likeink.com\/fi\/siirtotatuoinnit\/mike-tyson-kasvotatuoinnit\/","title":{"rendered":"Mike Tyson Kasvotatuoinnit"},"content":{"rendered":"","protected":false},"excerpt":{"rendered":"<p>Kuten muste esittelee: Mike Tysonin kasvotatuointi v\u00e4liaikainen tatuointi &#8211; t\u00e4ydellinen tapa osoittaa rakkauttasi ja ihailuasi yht\u00e4 kaikkien aikojen suurimmista nyrkkeilij\u00f6ist\u00e4!<\/p>\n<p>Valmistettu korkealaatuisista ja ihmiselle turvallisista materiaaleista, t\u00e4m\u00e4 v\u00e4liaikainen tatuointi esittelee Mike Tysonin ikonisen kasvotatuoinnin kuvituksen.<\/p>\n<h2>Tilaa Mike Tysonin kasvotatuointi verkkokaupastamme<\/h2>\n<p>T\u00e4m\u00e4 tatuointi sopii t\u00e4ydellisesti urheilutapahtumiin, juhliin tai lis\u00e4varusteeksi arkityyliisi. Se on my\u00f6s vedenkest\u00e4v\u00e4 ja pitk\u00e4ik\u00e4inen, joten voit nauttia Mike Tysonin kasvotatuoinnin k\u00e4yt\u00f6st\u00e4 useita p\u00e4ivi\u00e4.<br \/>\nJoten olitpa sitten die-hard Tyson-fani tai etsit vain ainutlaatuista ja huomiota her\u00e4tt\u00e4v\u00e4\u00e4 lis\u00e4varustetta, Mike Tysonin kasvotatuointi on t\u00e4ydellinen valinta! Tilaa omasi t\u00e4n\u00e4\u00e4n ja osoita rakkauttasi mestaria kohtaan!<\/p>\n<p>Arkkikoko: A5<br \/>\nTatuointien m\u00e4\u00e4r\u00e4: 6<br \/>\nSuurin Tysonin kasvotatuointi: 12&#215;9 cm<\/p>\n","protected":false},"featured_media":15386,"template":"","meta":[],"product_brand":[],"product_cat":[514,51],"product_tag":[],"class_list":{"0":"post-15392","1":"product","2":"type-product","3":"status-publish","4":"has-post-thumbnail","6":"product_cat-naamiaisasu-sesonki","7":"product_cat-valmiit-arkit","9":"first","10":"instock","11":"taxable","12":"shipping-taxable","13":"purchasable","14":"product-type-simple"},"yoast_head":"<!-- This site is optimized with the Yoast SEO Premium plugin v26.2 (Yoast SEO v27.5) - https:\/\/yoast.com\/product\/yoast-seo-premium-wordpress\/ -->\n<title>Mike Tyson Kasvotatuoinnit A5-arkki I Siirtotatuinti - Like ink<\/title>\n<meta name=\"description\" content=\"Mike Tyson kasvotatuoinnit A5-arkissa eri kokoisina. Hanki Tysonin v\u00e4liaikaiset tatuoinnit t\u00e4n\u00e4\u00e4n ja n\u00e4yt\u00e4 rakkauttasi mestaria kohtaan! - Like ink\" \/>\n<meta name=\"robots\" content=\"index, follow, max-snippet:-1, max-image-preview:large, max-video-preview:-1\" \/>\n<link rel=\"canonical\" href=\"https:\/\/likeink.com\/fi\/siirtotatuoinnit\/mike-tyson-kasvotatuoinnit\/\" \/>\n<meta property=\"og:locale\" content=\"fi_FI\" \/>\n<meta property=\"og:type\" content=\"article\" \/>\n<meta property=\"og:title\" content=\"Mike Tyson Kasvotatuoinnit\" \/>\n<meta property=\"og:description\" content=\"Kuten muste esittelee: Mike Tysonin kasvotatuointi v\u00e4liaikainen tatuointi - t\u00e4ydellinen tapa osoittaa rakkauttasi ja ihailuasi yht\u00e4 kaikkien aikojen suurimmista nyrkkeilij\u00f6ist\u00e4!  Valmistettu korkealaatuisista ja ihmiselle turvallisista materiaaleista, t\u00e4m\u00e4 v\u00e4liaikainen tatuointi esittelee Mike Tysonin ikonisen kasvotatuoinnin kuvituksen.  Tilaa Mike Tysonin kasvotatuointi verkkokaupastamme  T\u00e4m\u00e4 tatuointi sopii t\u00e4ydellisesti urheilutapahtumiin, juhliin tai lis\u00e4varusteeksi arkityyliisi. Se on my\u00f6s vedenkest\u00e4v\u00e4 ja pitk\u00e4ik\u00e4inen, joten voit nauttia Mike Tysonin kasvotatuoinnin k\u00e4yt\u00f6st\u00e4 useita p\u00e4ivi\u00e4. Joten olitpa sitten die-hard Tyson-fani tai etsit vain ainutlaatuista ja huomiota her\u00e4tt\u00e4v\u00e4\u00e4 lis\u00e4varustetta, Mike Tysonin kasvotatuointi on t\u00e4ydellinen valinta! Tilaa omasi t\u00e4n\u00e4\u00e4n ja osoita rakkauttasi mestaria kohtaan!  Arkkikoko: A5 Tatuointien m\u00e4\u00e4r\u00e4: 6 Suurin Tysonin kasvotatuointi: 12x9 cm\" \/>\n<meta property=\"og:url\" content=\"https:\/\/likeink.com\/fi\/siirtotatuoinnit\/mike-tyson-kasvotatuoinnit\/\" \/>\n<meta property=\"og:site_name\" content=\"Like ink\" \/>\n<meta property=\"article:publisher\" content=\"https:\/\/www.facebook.com\/LikeInkSe\" \/>\n<meta property=\"article:modified_time\" content=\"2026-03-17T12:32:36+00:00\" \/>\n<meta property=\"og:image\" content=\"https:\/\/likeink.com\/wp-content\/uploads\/2023\/02\/MikeTyson-FaceTattoos-Likeink.jpg\" \/>\n\t<meta property=\"og:image:width\" content=\"1400\" \/>\n\t<meta property=\"og:image:height\" content=\"986\" \/>\n\t<meta property=\"og:image:type\" content=\"image\/jpeg\" \/>\n<meta name=\"twitter:card\" content=\"summary_large_image\" \/>\n<!-- \/ Yoast SEO Premium plugin. -->","yoast_head_json":{"title":"Mike Tyson Kasvotatuoinnit A5-arkki I Siirtotatuinti - Like ink","description":"Mike Tyson kasvotatuoinnit A5-arkissa eri kokoisina. Hanki Tysonin v\u00e4liaikaiset tatuoinnit t\u00e4n\u00e4\u00e4n ja n\u00e4yt\u00e4 rakkauttasi mestaria kohtaan! - Like ink","robots":{"index":"index","follow":"follow","max-snippet":"max-snippet:-1","max-image-preview":"max-image-preview:large","max-video-preview":"max-video-preview:-1"},"canonical":"https:\/\/likeink.com\/fi\/siirtotatuoinnit\/mike-tyson-kasvotatuoinnit\/","og_locale":"fi_FI","og_type":"article","og_title":"Mike Tyson Kasvotatuoinnit","og_description":"Kuten muste esittelee: Mike Tysonin kasvotatuointi v\u00e4liaikainen tatuointi - t\u00e4ydellinen tapa osoittaa rakkauttasi ja ihailuasi yht\u00e4 kaikkien aikojen suurimmista nyrkkeilij\u00f6ist\u00e4!  Valmistettu korkealaatuisista ja ihmiselle turvallisista materiaaleista, t\u00e4m\u00e4 v\u00e4liaikainen tatuointi esittelee Mike Tysonin ikonisen kasvotatuoinnin kuvituksen.  Tilaa Mike Tysonin kasvotatuointi verkkokaupastamme  T\u00e4m\u00e4 tatuointi sopii t\u00e4ydellisesti urheilutapahtumiin, juhliin tai lis\u00e4varusteeksi arkityyliisi. Se on my\u00f6s vedenkest\u00e4v\u00e4 ja pitk\u00e4ik\u00e4inen, joten voit nauttia Mike Tysonin kasvotatuoinnin k\u00e4yt\u00f6st\u00e4 useita p\u00e4ivi\u00e4. Joten olitpa sitten die-hard Tyson-fani tai etsit vain ainutlaatuista ja huomiota her\u00e4tt\u00e4v\u00e4\u00e4 lis\u00e4varustetta, Mike Tysonin kasvotatuointi on t\u00e4ydellinen valinta! Tilaa omasi t\u00e4n\u00e4\u00e4n ja osoita rakkauttasi mestaria kohtaan!  Arkkikoko: A5 Tatuointien m\u00e4\u00e4r\u00e4: 6 Suurin Tysonin kasvotatuointi: 12x9 cm","og_url":"https:\/\/likeink.com\/fi\/siirtotatuoinnit\/mike-tyson-kasvotatuoinnit\/","og_site_name":"Like ink","article_publisher":"https:\/\/www.facebook.com\/LikeInkSe","article_modified_time":"2026-03-17T12:32:36+00:00","og_image":[{"width":1400,"height":986,"url":"https:\/\/likeink.com\/wp-content\/uploads\/2023\/02\/MikeTyson-FaceTattoos-Likeink.jpg","type":"image\/jpeg"}],"twitter_card":"summary_large_image","schema":{"@context":"https:\/\/schema.org","@graph":[{"@type":"WebPage","@id":"https:\/\/likeink.com\/fi\/siirtotatuoinnit\/mike-tyson-kasvotatuoinnit\/","url":"https:\/\/likeink.com\/fi\/siirtotatuoinnit\/mike-tyson-kasvotatuoinnit\/","name":"Mike Tyson Kasvotatuoinnit A5-arkki I Siirtotatuinti - Like ink","isPartOf":{"@id":"https:\/\/likeink.com\/fi\/#website"},"primaryImageOfPage":{"@id":"https:\/\/likeink.com\/fi\/siirtotatuoinnit\/mike-tyson-kasvotatuoinnit\/#primaryimage"},"image":{"@id":"https:\/\/likeink.com\/fi\/siirtotatuoinnit\/mike-tyson-kasvotatuoinnit\/#primaryimage"},"thumbnailUrl":"https:\/\/likeink.com\/wp-content\/uploads\/2023\/02\/MikeTyson-FaceTattoos-Likeink.jpg","datePublished":"2023-02-15T13:37:53+00:00","dateModified":"2026-03-17T12:32:36+00:00","description":"Mike Tyson kasvotatuoinnit A5-arkissa eri kokoisina. Hanki Tysonin v\u00e4liaikaiset tatuoinnit t\u00e4n\u00e4\u00e4n ja n\u00e4yt\u00e4 rakkauttasi mestaria kohtaan! - Like ink","breadcrumb":{"@id":"https:\/\/likeink.com\/fi\/siirtotatuoinnit\/mike-tyson-kasvotatuoinnit\/#breadcrumb"},"inLanguage":"fi","potentialAction":[{"@type":"ReadAction","target":["https:\/\/likeink.com\/fi\/siirtotatuoinnit\/mike-tyson-kasvotatuoinnit\/"]}]},{"@type":"ImageObject","inLanguage":"fi","@id":"https:\/\/likeink.com\/fi\/siirtotatuoinnit\/mike-tyson-kasvotatuoinnit\/#primaryimage","url":"https:\/\/likeink.com\/wp-content\/uploads\/2023\/02\/MikeTyson-FaceTattoos-Likeink.jpg","contentUrl":"https:\/\/likeink.com\/wp-content\/uploads\/2023\/02\/MikeTyson-FaceTattoos-Likeink.jpg","width":1400,"height":986,"caption":"Mike Tyson tatuointi."},{"@type":"BreadcrumbList","@id":"https:\/\/likeink.com\/fi\/siirtotatuoinnit\/mike-tyson-kasvotatuoinnit\/#breadcrumb","itemListElement":[{"@type":"ListItem","position":1,"name":"Hem","item":"https:\/\/likeink.com\/fi\/"},{"@type":"ListItem","position":2,"name":"Shop","item":"https:\/\/likeink.com\/fi\/shop\/"},{"@type":"ListItem","position":3,"name":"Mike Tyson Kasvotatuoinnit"}]},{"@type":"WebSite","@id":"https:\/\/likeink.com\/fi\/#website","url":"https:\/\/likeink.com\/fi\/","name":"Like ink","description":"Make your own custom design","potentialAction":[{"@type":"SearchAction","target":{"@type":"EntryPoint","urlTemplate":"https:\/\/likeink.com\/fi\/?s={search_term_string}"},"query-input":{"@type":"PropertyValueSpecification","valueRequired":true,"valueName":"search_term_string"}}],"inLanguage":"fi"}]}},"_links":{"self":[{"href":"https:\/\/likeink.com\/fi\/wp-json\/wp\/v2\/product\/15392","targetHints":{"allow":["GET"]}}],"collection":[{"href":"https:\/\/likeink.com\/fi\/wp-json\/wp\/v2\/product"}],"about":[{"href":"https:\/\/likeink.com\/fi\/wp-json\/wp\/v2\/types\/product"}],"wp:featuredmedia":[{"embeddable":true,"href":"https:\/\/likeink.com\/fi\/wp-json\/wp\/v2\/media\/15386"}],"wp:attachment":[{"href":"https:\/\/likeink.com\/fi\/wp-json\/wp\/v2\/media?parent=15392"}],"wp:term":[{"taxonomy":"product_brand","embeddable":true,"href":"https:\/\/likeink.com\/fi\/wp-json\/wp\/v2\/product_brand?post=15392"},{"taxonomy":"product_cat","embeddable":true,"href":"https:\/\/likeink.com\/fi\/wp-json\/wp\/v2\/product_cat?post=15392"},{"taxonomy":"product_tag","embeddable":true,"href":"https:\/\/likeink.com\/fi\/wp-json\/wp\/v2\/product_tag?post=15392"}],"curies":[{"name":"wp","href":"https:\/\/api.w.org\/{rel}","templated":true}]}}