{"id":15419,"date":"2023-02-16T13:15:31","date_gmt":"2023-02-16T13:15:31","guid":{"rendered":"https:\/\/likeink.se\/produkt\/crane-fake-tattoos-sheet\/"},"modified":"2026-03-17T12:32:36","modified_gmt":"2026-03-17T12:32:36","slug":"nosturi-lintu-tatuoinnit","status":"publish","type":"product","link":"https:\/\/likeink.com\/fi\/siirtotatuoinnit\/nosturi-lintu-tatuoinnit\/","title":{"rendered":"Nosturi lintu tatuoinnit"},"content":{"rendered":"","protected":false},"excerpt":{"rendered":"<p>Lis\u00e4\u00e4 ripaus eleganssia ja symboliikkaa tyyliisi Nosturi lintu -v\u00e4\u00e4renn\u00f6statuoinneillamme. N\u00e4m\u00e4 kauniit tatuoinnit esitt\u00e4v\u00e4t sulavaa ja majesteettista nosturilintua, joka on pitk\u00e4ik\u00e4isyyden, viisauden ja rauhan symboli monissa kulttuureissa.<\/p>\n<p>Laadukkaat v\u00e4\u00e4rennetatuoinnimme ovat helppoja asettaa ja kest\u00e4v\u00e4t useita p\u00e4ivi\u00e4, joten voit esitell\u00e4 kaunista suunnittelua ilman pysyv\u00e4n tatuoinnin sitoutumista. Tatuoinnit on valmistettu turvallisista, myrkytt\u00f6mist\u00e4 materiaaleista, jotka ovat hell\u00e4varaisia \u200b\u200bihoasi kohtaan, joten voit k\u00e4ytt\u00e4\u00e4 niit\u00e4 luottamuksella.<br \/>\nOlipa kyseess\u00e4 tarkoituksellinen tatuointisuunnittelu tai haluat vain lis\u00e4t\u00e4 hieman tyyli\u00e4 asuusi, nosturilintu tilap\u00e4iset tatuoinnimme ovat erinomainen valinta. Ne ovat ainutlaatuinen ja ajatteleva lahja yst\u00e4ville, perheelle tai kenelle tahansa, joka arvostaa t\u00e4m\u00e4n ikonisen linnun kauneutta ja symboliikkaa.<br \/>\nTilaa nosturilintu tilap\u00e4iset tatuoinnit t\u00e4n\u00e4\u00e4n ja nauti t\u00e4m\u00e4n ajattoman suunnittelun kauneudesta ja symboliikasta!<\/p>\n<h2>Tilaa Nosturi Lintu -v\u00e4\u00e4renn\u00f6statuoinnit<\/h2>\n<p>Onko Nosturi Lintu -tatuoinneilla mit\u00e4\u00e4n merkityst\u00e4?<br \/>\nMonissa kulttuureissa nosturilintu on pitk\u00e4ik\u00e4isyyden, sulavuuden ja viisauden symboli. Japanilaisessa kulttuurissa nosturilintu on esimerkiksi merkitt\u00e4v\u00e4 symboli ja sit\u00e4 liitet\u00e4\u00e4n usein hyv\u00e4\u00e4n onneen ja pitk\u00e4ik\u00e4isyyteen, rauhaan ja onneen. Nosturilintu n\u00e4hd\u00e4\u00e4n my\u00f6s pyh\u00e4n\u00e4 olentona joissakin Native American -kulttuureissa ja siihen liitet\u00e4\u00e4n viisautta, hengellisyytt\u00e4 ja yhteydenottoa jumalalliseen.<br \/>\nNosturi Lintu -tatuointi voi siten edustaa yht\u00e4 tai useampaa n\u00e4ist\u00e4 merkityksist\u00e4, riippuen henkil\u00f6n henkil\u00f6kohtaisista uskomuksista ja arvoista. Se voi my\u00f6s edustaa muita asioita, kuten voimaa, joustavuutta tai itsen\u00e4isyytt\u00e4. Tatuoinnin suunnittelu voi my\u00f6s vaikuttaa sen merkitykseen, koska erilaiset nosturilinnut tai erilaiset ymp\u00e4rist\u00f6t voivat v\u00e4litt\u00e4\u00e4 erilaisia \u200b\u200bviestej\u00e4. Lopulta nosturi lintu -tatuoinnin merkitys on yksil\u00f6llinen henkil\u00f6lle, joka sen kantaa ja voi olla henkil\u00f6koht.<\/p>\n<p>Arkin koko: A5<br \/>\nTatuointien lukum\u00e4\u00e4r\u00e4: 13<br \/>\nSuurin nosturi: 77 x 70 mm<\/p>\n","protected":false},"featured_media":15412,"template":"","meta":[],"product_brand":[],"product_cat":[209,51],"product_tag":[],"class_list":{"0":"post-15419","1":"product","2":"type-product","3":"status-publish","4":"has-post-thumbnail","6":"product_cat-elainten-ja-luonnon-tatuoinnit-kukkatatuointi","7":"product_cat-valmiit-arkit","9":"first","10":"instock","11":"taxable","12":"shipping-taxable","13":"purchasable","14":"product-type-simple"},"yoast_head":"<!-- This site is optimized with the Yoast SEO Premium plugin v26.2 (Yoast SEO v27.4) - https:\/\/yoast.com\/product\/yoast-seo-premium-wordpress\/ -->\n<title>Nosturi lintu tatuoinnit A5-arkki I Pikatoimitus - Like ink<\/title>\n<meta name=\"description\" content=\"Nosturi lintu-tatuoinnit sijoitettu A5-arkille. Tilaa t\u00e4n\u00e4\u00e4n omat tilap\u00e4iset nosturilintu-tatuointisi ja nauti t\u00e4m\u00e4n ajattoman suunnittelun kauneudesta ja symboliikasta!\" \/>\n<meta name=\"robots\" content=\"index, follow, max-snippet:-1, max-image-preview:large, max-video-preview:-1\" \/>\n<link rel=\"canonical\" href=\"https:\/\/likeink.com\/fi\/siirtotatuoinnit\/nosturi-lintu-tatuoinnit\/\" \/>\n<meta property=\"og:locale\" content=\"fi_FI\" \/>\n<meta property=\"og:type\" content=\"article\" \/>\n<meta property=\"og:title\" content=\"Nosturi lintu tatuoinnit\" \/>\n<meta property=\"og:description\" content=\"Lis\u00e4\u00e4 ripaus eleganssia ja symboliikkaa tyyliisi Nosturi lintu -v\u00e4\u00e4renn\u00f6statuoinneillamme. N\u00e4m\u00e4 kauniit tatuoinnit esitt\u00e4v\u00e4t sulavaa ja majesteettista nosturilintua, joka on pitk\u00e4ik\u00e4isyyden, viisauden ja rauhan symboli monissa kulttuureissa.  Laadukkaat v\u00e4\u00e4rennetatuoinnimme ovat helppoja asettaa ja kest\u00e4v\u00e4t useita p\u00e4ivi\u00e4, joten voit esitell\u00e4 kaunista suunnittelua ilman pysyv\u00e4n tatuoinnin sitoutumista. Tatuoinnit on valmistettu turvallisista, myrkytt\u00f6mist\u00e4 materiaaleista, jotka ovat hell\u00e4varaisia \u200b\u200bihoasi kohtaan, joten voit k\u00e4ytt\u00e4\u00e4 niit\u00e4 luottamuksella. Olipa kyseess\u00e4 tarkoituksellinen tatuointisuunnittelu tai haluat vain lis\u00e4t\u00e4 hieman tyyli\u00e4 asuusi, nosturilintu tilap\u00e4iset tatuoinnimme ovat erinomainen valinta. Ne ovat ainutlaatuinen ja ajatteleva lahja yst\u00e4ville, perheelle tai kenelle tahansa, joka arvostaa t\u00e4m\u00e4n ikonisen linnun kauneutta ja symboliikkaa. Tilaa nosturilintu tilap\u00e4iset tatuoinnit t\u00e4n\u00e4\u00e4n ja nauti t\u00e4m\u00e4n ajattoman suunnittelun kauneudesta ja symboliikasta!  Tilaa Nosturi Lintu -v\u00e4\u00e4renn\u00f6statuoinnit  Onko Nosturi Lintu -tatuoinneilla mit\u00e4\u00e4n merkityst\u00e4? Monissa kulttuureissa nosturilintu on pitk\u00e4ik\u00e4isyyden, sulavuuden ja viisauden symboli. Japanilaisessa kulttuurissa nosturilintu on esimerkiksi merkitt\u00e4v\u00e4 symboli ja sit\u00e4 liitet\u00e4\u00e4n usein hyv\u00e4\u00e4n onneen ja pitk\u00e4ik\u00e4isyyteen, rauhaan ja onneen. Nosturilintu n\u00e4hd\u00e4\u00e4n my\u00f6s pyh\u00e4n\u00e4 olentona joissakin Native American -kulttuureissa ja siihen liitet\u00e4\u00e4n viisautta, hengellisyytt\u00e4 ja yhteydenottoa jumalalliseen. Nosturi Lintu -tatuointi voi siten edustaa yht\u00e4 tai useampaa n\u00e4ist\u00e4 merkityksist\u00e4, riippuen henkil\u00f6n henkil\u00f6kohtaisista uskomuksista ja arvoista. Se voi my\u00f6s edustaa muita asioita, kuten voimaa, joustavuutta tai itsen\u00e4isyytt\u00e4. Tatuoinnin suunnittelu voi my\u00f6s vaikuttaa sen merkitykseen, koska erilaiset nosturilinnut tai erilaiset ymp\u00e4rist\u00f6t voivat v\u00e4litt\u00e4\u00e4 erilaisia \u200b\u200bviestej\u00e4. Lopulta nosturi lintu -tatuoinnin merkitys on yksil\u00f6llinen henkil\u00f6lle, joka sen kantaa ja voi olla henkil\u00f6koht.  Arkin koko: A5 Tatuointien lukum\u00e4\u00e4r\u00e4: 13 Suurin nosturi: 77 x 70 mm\" \/>\n<meta property=\"og:url\" content=\"https:\/\/likeink.com\/fi\/siirtotatuoinnit\/nosturi-lintu-tatuoinnit\/\" \/>\n<meta property=\"og:site_name\" content=\"Like ink\" \/>\n<meta property=\"article:publisher\" content=\"https:\/\/www.facebook.com\/LikeInkSe\" \/>\n<meta property=\"article:modified_time\" content=\"2026-03-17T12:32:36+00:00\" \/>\n<meta property=\"og:image\" content=\"https:\/\/likeink.com\/wp-content\/uploads\/2023\/02\/Tranor-Likeink-Gnuggisar.jpg\" \/>\n\t<meta property=\"og:image:width\" content=\"1200\" \/>\n\t<meta property=\"og:image:height\" content=\"845\" \/>\n\t<meta property=\"og:image:type\" content=\"image\/jpeg\" \/>\n<meta name=\"twitter:card\" content=\"summary_large_image\" \/>\n<script type=\"application\/ld+json\" class=\"yoast-schema-graph\">{\"@context\":\"https:\\\/\\\/schema.org\",\"@graph\":[{\"@type\":\"WebPage\",\"@id\":\"https:\\\/\\\/likeink.com\\\/fi\\\/siirtotatuoinnit\\\/nosturi-lintu-tatuoinnit\\\/\",\"url\":\"https:\\\/\\\/likeink.com\\\/fi\\\/siirtotatuoinnit\\\/nosturi-lintu-tatuoinnit\\\/\",\"name\":\"Nosturi lintu tatuoinnit A5-arkki I Pikatoimitus - Like ink\",\"isPartOf\":{\"@id\":\"https:\\\/\\\/likeink.com\\\/fi\\\/#website\"},\"primaryImageOfPage\":{\"@id\":\"https:\\\/\\\/likeink.com\\\/fi\\\/siirtotatuoinnit\\\/nosturi-lintu-tatuoinnit\\\/#primaryimage\"},\"image\":{\"@id\":\"https:\\\/\\\/likeink.com\\\/fi\\\/siirtotatuoinnit\\\/nosturi-lintu-tatuoinnit\\\/#primaryimage\"},\"thumbnailUrl\":\"https:\\\/\\\/likeink.com\\\/wp-content\\\/uploads\\\/2023\\\/02\\\/Tranor-Likeink-Gnuggisar.jpg\",\"datePublished\":\"2023-02-16T13:15:31+00:00\",\"dateModified\":\"2026-03-17T12:32:36+00:00\",\"description\":\"Nosturi lintu-tatuoinnit sijoitettu A5-arkille. Tilaa t\u00e4n\u00e4\u00e4n omat tilap\u00e4iset nosturilintu-tatuointisi ja nauti t\u00e4m\u00e4n ajattoman suunnittelun kauneudesta ja symboliikasta!\",\"breadcrumb\":{\"@id\":\"https:\\\/\\\/likeink.com\\\/fi\\\/siirtotatuoinnit\\\/nosturi-lintu-tatuoinnit\\\/#breadcrumb\"},\"inLanguage\":\"fi\",\"potentialAction\":[{\"@type\":\"ReadAction\",\"target\":[\"https:\\\/\\\/likeink.com\\\/fi\\\/siirtotatuoinnit\\\/nosturi-lintu-tatuoinnit\\\/\"]}]},{\"@type\":\"ImageObject\",\"inLanguage\":\"fi\",\"@id\":\"https:\\\/\\\/likeink.com\\\/fi\\\/siirtotatuoinnit\\\/nosturi-lintu-tatuoinnit\\\/#primaryimage\",\"url\":\"https:\\\/\\\/likeink.com\\\/wp-content\\\/uploads\\\/2023\\\/02\\\/Tranor-Likeink-Gnuggisar.jpg\",\"contentUrl\":\"https:\\\/\\\/likeink.com\\\/wp-content\\\/uploads\\\/2023\\\/02\\\/Tranor-Likeink-Gnuggisar.jpg\",\"width\":1200,\"height\":845,\"caption\":\"Siirtotatuointi kurki.\"},{\"@type\":\"BreadcrumbList\",\"@id\":\"https:\\\/\\\/likeink.com\\\/fi\\\/siirtotatuoinnit\\\/nosturi-lintu-tatuoinnit\\\/#breadcrumb\",\"itemListElement\":[{\"@type\":\"ListItem\",\"position\":1,\"name\":\"Hem\",\"item\":\"https:\\\/\\\/likeink.com\\\/fi\\\/\"},{\"@type\":\"ListItem\",\"position\":2,\"name\":\"Shop\",\"item\":\"https:\\\/\\\/likeink.com\\\/fi\\\/shop\\\/\"},{\"@type\":\"ListItem\",\"position\":3,\"name\":\"Nosturi lintu tatuoinnit\"}]},{\"@type\":\"WebSite\",\"@id\":\"https:\\\/\\\/likeink.com\\\/fi\\\/#website\",\"url\":\"https:\\\/\\\/likeink.com\\\/fi\\\/\",\"name\":\"Like ink\",\"description\":\"Make your own custom design\",\"potentialAction\":[{\"@type\":\"SearchAction\",\"target\":{\"@type\":\"EntryPoint\",\"urlTemplate\":\"https:\\\/\\\/likeink.com\\\/fi\\\/?s={search_term_string}\"},\"query-input\":{\"@type\":\"PropertyValueSpecification\",\"valueRequired\":true,\"valueName\":\"search_term_string\"}}],\"inLanguage\":\"fi\"}]}<\/script>\n<!-- \/ Yoast SEO Premium plugin. -->","yoast_head_json":{"title":"Nosturi lintu tatuoinnit A5-arkki I Pikatoimitus - Like ink","description":"Nosturi lintu-tatuoinnit sijoitettu A5-arkille. Tilaa t\u00e4n\u00e4\u00e4n omat tilap\u00e4iset nosturilintu-tatuointisi ja nauti t\u00e4m\u00e4n ajattoman suunnittelun kauneudesta ja symboliikasta!","robots":{"index":"index","follow":"follow","max-snippet":"max-snippet:-1","max-image-preview":"max-image-preview:large","max-video-preview":"max-video-preview:-1"},"canonical":"https:\/\/likeink.com\/fi\/siirtotatuoinnit\/nosturi-lintu-tatuoinnit\/","og_locale":"fi_FI","og_type":"article","og_title":"Nosturi lintu tatuoinnit","og_description":"Lis\u00e4\u00e4 ripaus eleganssia ja symboliikkaa tyyliisi Nosturi lintu -v\u00e4\u00e4renn\u00f6statuoinneillamme. N\u00e4m\u00e4 kauniit tatuoinnit esitt\u00e4v\u00e4t sulavaa ja majesteettista nosturilintua, joka on pitk\u00e4ik\u00e4isyyden, viisauden ja rauhan symboli monissa kulttuureissa.  Laadukkaat v\u00e4\u00e4rennetatuoinnimme ovat helppoja asettaa ja kest\u00e4v\u00e4t useita p\u00e4ivi\u00e4, joten voit esitell\u00e4 kaunista suunnittelua ilman pysyv\u00e4n tatuoinnin sitoutumista. Tatuoinnit on valmistettu turvallisista, myrkytt\u00f6mist\u00e4 materiaaleista, jotka ovat hell\u00e4varaisia \u200b\u200bihoasi kohtaan, joten voit k\u00e4ytt\u00e4\u00e4 niit\u00e4 luottamuksella. Olipa kyseess\u00e4 tarkoituksellinen tatuointisuunnittelu tai haluat vain lis\u00e4t\u00e4 hieman tyyli\u00e4 asuusi, nosturilintu tilap\u00e4iset tatuoinnimme ovat erinomainen valinta. Ne ovat ainutlaatuinen ja ajatteleva lahja yst\u00e4ville, perheelle tai kenelle tahansa, joka arvostaa t\u00e4m\u00e4n ikonisen linnun kauneutta ja symboliikkaa. Tilaa nosturilintu tilap\u00e4iset tatuoinnit t\u00e4n\u00e4\u00e4n ja nauti t\u00e4m\u00e4n ajattoman suunnittelun kauneudesta ja symboliikasta!  Tilaa Nosturi Lintu -v\u00e4\u00e4renn\u00f6statuoinnit  Onko Nosturi Lintu -tatuoinneilla mit\u00e4\u00e4n merkityst\u00e4? Monissa kulttuureissa nosturilintu on pitk\u00e4ik\u00e4isyyden, sulavuuden ja viisauden symboli. Japanilaisessa kulttuurissa nosturilintu on esimerkiksi merkitt\u00e4v\u00e4 symboli ja sit\u00e4 liitet\u00e4\u00e4n usein hyv\u00e4\u00e4n onneen ja pitk\u00e4ik\u00e4isyyteen, rauhaan ja onneen. Nosturilintu n\u00e4hd\u00e4\u00e4n my\u00f6s pyh\u00e4n\u00e4 olentona joissakin Native American -kulttuureissa ja siihen liitet\u00e4\u00e4n viisautta, hengellisyytt\u00e4 ja yhteydenottoa jumalalliseen. Nosturi Lintu -tatuointi voi siten edustaa yht\u00e4 tai useampaa n\u00e4ist\u00e4 merkityksist\u00e4, riippuen henkil\u00f6n henkil\u00f6kohtaisista uskomuksista ja arvoista. Se voi my\u00f6s edustaa muita asioita, kuten voimaa, joustavuutta tai itsen\u00e4isyytt\u00e4. Tatuoinnin suunnittelu voi my\u00f6s vaikuttaa sen merkitykseen, koska erilaiset nosturilinnut tai erilaiset ymp\u00e4rist\u00f6t voivat v\u00e4litt\u00e4\u00e4 erilaisia \u200b\u200bviestej\u00e4. Lopulta nosturi lintu -tatuoinnin merkitys on yksil\u00f6llinen henkil\u00f6lle, joka sen kantaa ja voi olla henkil\u00f6koht.  Arkin koko: A5 Tatuointien lukum\u00e4\u00e4r\u00e4: 13 Suurin nosturi: 77 x 70 mm","og_url":"https:\/\/likeink.com\/fi\/siirtotatuoinnit\/nosturi-lintu-tatuoinnit\/","og_site_name":"Like ink","article_publisher":"https:\/\/www.facebook.com\/LikeInkSe","article_modified_time":"2026-03-17T12:32:36+00:00","og_image":[{"width":1200,"height":845,"url":"https:\/\/likeink.com\/wp-content\/uploads\/2023\/02\/Tranor-Likeink-Gnuggisar.jpg","type":"image\/jpeg"}],"twitter_card":"summary_large_image","schema":{"@context":"https:\/\/schema.org","@graph":[{"@type":"WebPage","@id":"https:\/\/likeink.com\/fi\/siirtotatuoinnit\/nosturi-lintu-tatuoinnit\/","url":"https:\/\/likeink.com\/fi\/siirtotatuoinnit\/nosturi-lintu-tatuoinnit\/","name":"Nosturi lintu tatuoinnit A5-arkki I Pikatoimitus - Like ink","isPartOf":{"@id":"https:\/\/likeink.com\/fi\/#website"},"primaryImageOfPage":{"@id":"https:\/\/likeink.com\/fi\/siirtotatuoinnit\/nosturi-lintu-tatuoinnit\/#primaryimage"},"image":{"@id":"https:\/\/likeink.com\/fi\/siirtotatuoinnit\/nosturi-lintu-tatuoinnit\/#primaryimage"},"thumbnailUrl":"https:\/\/likeink.com\/wp-content\/uploads\/2023\/02\/Tranor-Likeink-Gnuggisar.jpg","datePublished":"2023-02-16T13:15:31+00:00","dateModified":"2026-03-17T12:32:36+00:00","description":"Nosturi lintu-tatuoinnit sijoitettu A5-arkille. Tilaa t\u00e4n\u00e4\u00e4n omat tilap\u00e4iset nosturilintu-tatuointisi ja nauti t\u00e4m\u00e4n ajattoman suunnittelun kauneudesta ja symboliikasta!","breadcrumb":{"@id":"https:\/\/likeink.com\/fi\/siirtotatuoinnit\/nosturi-lintu-tatuoinnit\/#breadcrumb"},"inLanguage":"fi","potentialAction":[{"@type":"ReadAction","target":["https:\/\/likeink.com\/fi\/siirtotatuoinnit\/nosturi-lintu-tatuoinnit\/"]}]},{"@type":"ImageObject","inLanguage":"fi","@id":"https:\/\/likeink.com\/fi\/siirtotatuoinnit\/nosturi-lintu-tatuoinnit\/#primaryimage","url":"https:\/\/likeink.com\/wp-content\/uploads\/2023\/02\/Tranor-Likeink-Gnuggisar.jpg","contentUrl":"https:\/\/likeink.com\/wp-content\/uploads\/2023\/02\/Tranor-Likeink-Gnuggisar.jpg","width":1200,"height":845,"caption":"Siirtotatuointi kurki."},{"@type":"BreadcrumbList","@id":"https:\/\/likeink.com\/fi\/siirtotatuoinnit\/nosturi-lintu-tatuoinnit\/#breadcrumb","itemListElement":[{"@type":"ListItem","position":1,"name":"Hem","item":"https:\/\/likeink.com\/fi\/"},{"@type":"ListItem","position":2,"name":"Shop","item":"https:\/\/likeink.com\/fi\/shop\/"},{"@type":"ListItem","position":3,"name":"Nosturi lintu tatuoinnit"}]},{"@type":"WebSite","@id":"https:\/\/likeink.com\/fi\/#website","url":"https:\/\/likeink.com\/fi\/","name":"Like ink","description":"Make your own custom design","potentialAction":[{"@type":"SearchAction","target":{"@type":"EntryPoint","urlTemplate":"https:\/\/likeink.com\/fi\/?s={search_term_string}"},"query-input":{"@type":"PropertyValueSpecification","valueRequired":true,"valueName":"search_term_string"}}],"inLanguage":"fi"}]}},"_links":{"self":[{"href":"https:\/\/likeink.com\/fi\/wp-json\/wp\/v2\/product\/15419","targetHints":{"allow":["GET"]}}],"collection":[{"href":"https:\/\/likeink.com\/fi\/wp-json\/wp\/v2\/product"}],"about":[{"href":"https:\/\/likeink.com\/fi\/wp-json\/wp\/v2\/types\/product"}],"wp:featuredmedia":[{"embeddable":true,"href":"https:\/\/likeink.com\/fi\/wp-json\/wp\/v2\/media\/15412"}],"wp:attachment":[{"href":"https:\/\/likeink.com\/fi\/wp-json\/wp\/v2\/media?parent=15419"}],"wp:term":[{"taxonomy":"product_brand","embeddable":true,"href":"https:\/\/likeink.com\/fi\/wp-json\/wp\/v2\/product_brand?post=15419"},{"taxonomy":"product_cat","embeddable":true,"href":"https:\/\/likeink.com\/fi\/wp-json\/wp\/v2\/product_cat?post=15419"},{"taxonomy":"product_tag","embeddable":true,"href":"https:\/\/likeink.com\/fi\/wp-json\/wp\/v2\/product_tag?post=15419"}],"curies":[{"name":"wp","href":"https:\/\/api.w.org\/{rel}","templated":true}]}}