{"id":16015,"date":"2023-03-31T18:10:09","date_gmt":"2023-03-31T18:10:09","guid":{"rendered":"https:\/\/likeink.se\/produkt\/flash-grim-reaper-tattoo-by-kain\/"},"modified":"2026-03-17T12:32:36","modified_gmt":"2026-03-17T12:32:36","slug":"grim-reaper-tattoo","status":"publish","type":"product","link":"https:\/\/likeink.com\/fi\/siirtotatuoinnit\/grim-reaper-tattoo\/","title":{"rendered":"Flash &#8221;Grim Reaper -tatuoint&#8221; by Kain at Zoi Tattoo"},"content":{"rendered":"","protected":false},"excerpt":{"rendered":"<p>Our finished disposable sheets with temporary tattoos are 20\u00d714 cm large and filled with the design you see in the picture. We will print and send the sheet within 24 hours after you have ordered.<\/p>\n<h2>Order Grim Reaper, snake and skull Temporary Tattoos<\/h2>\n<p>This sheet is designed by the talented tattoo artist Kain Toro at Zoi Tattoo.<\/p>\n<p><strong>This is Kain:<\/strong> Super talented tattoo artist from Colombia that works on Zoi Tattoo in Malm\u00f6, Sweden. Kain loves black n gray, skulls and rock n` roll. A few years ago, Kain tattooed an anchor on my forearm. I was impressed with how fast he tattooed, how fine the lines became and his sense of details.<br \/>\nWe are stoked to offer a few of Kain`s designs as temporary tattoos!<\/p>\n<p><strong>Get in touch with Kain:<\/strong><\/p>\n<p><strong>Instagram:<\/strong><\/p>\n<p>@6kain6<\/p>\n<p><strong>Studio:<\/strong><\/p>\n<p>Zoi Tattoo<\/p>\n<p><strong>Adress:<\/strong><\/p>\n<p>Stora Nygatan 42, MALM\u00d6<\/p>\n<p><strong>Hemsida:<\/strong> https:\/\/www.zoitattoo.com<\/p>\n","protected":false},"featured_media":16006,"template":"","meta":[],"product_brand":[],"product_cat":[51,204],"product_tag":[],"class_list":{"0":"post-16015","1":"product","2":"type-product","3":"status-publish","4":"has-post-thumbnail","6":"product_cat-valmiit-arkit","7":"product_cat-yhteistyota-tatuoijien-kanssa","9":"first","10":"instock","11":"taxable","12":"shipping-taxable","13":"purchasable","14":"product-type-simple"},"yoast_head":"<!-- This site is optimized with the Yoast SEO Premium plugin v26.2 (Yoast SEO v27.4) - https:\/\/yoast.com\/product\/yoast-seo-premium-wordpress\/ -->\n<title>Grim Reaper -tatuointi, jonka on tehnyt Kain Zoi Tattoo A5:ss\u00e4 - Like ink<\/title>\n<meta name=\"description\" content=\"Grim Reaper -tatuointi yhdess\u00e4 p\u00e4\u00e4kallon ja k\u00e4\u00e4rmeen Fake Tattoos -sarjan kanssa lahjakkaalta tatuointitaiteilijalta Kainilta. - Like ink\" \/>\n<meta name=\"robots\" content=\"index, follow, max-snippet:-1, max-image-preview:large, max-video-preview:-1\" \/>\n<link rel=\"canonical\" href=\"https:\/\/likeink.com\/fi\/siirtotatuoinnit\/grim-reaper-tattoo\/\" \/>\n<meta property=\"og:locale\" content=\"fi_FI\" \/>\n<meta property=\"og:type\" content=\"article\" \/>\n<meta property=\"og:title\" content=\"Flash &quot;Grim Reaper -tatuoint&quot; by Kain at Zoi Tattoo\" \/>\n<meta property=\"og:description\" content=\"Our finished disposable sheets with temporary tattoos are 20\u00d714 cm large and filled with the design you see in the picture. We will print and send the sheet within 24 hours after you have ordered. Order Grim Reaper, snake and skull Temporary Tattoos This sheet is designed by the talented tattoo artist Kain Toro at Zoi Tattoo.  This is Kain: Super talented tattoo artist from Colombia that works on Zoi Tattoo in Malm\u00f6, Sweden. Kain loves black n gray, skulls and rock n` roll. A few years ago, Kain tattooed an anchor on my forearm. I was impressed with how fast he tattooed, how fine the lines became and his sense of details. We are stoked to offer a few of Kain`s designs as temporary tattoos!  Get in touch with Kain:  Instagram:  @6kain6  Studio:  Zoi Tattoo  Adress:  Stora Nygatan 42, MALM\u00d6  Hemsida: https:\/\/www.zoitattoo.com\" \/>\n<meta property=\"og:url\" content=\"https:\/\/likeink.com\/fi\/siirtotatuoinnit\/grim-reaper-tattoo\/\" \/>\n<meta property=\"og:site_name\" content=\"Like ink\" \/>\n<meta property=\"article:publisher\" content=\"https:\/\/www.facebook.com\/LikeInkSe\" \/>\n<meta property=\"article:modified_time\" content=\"2026-03-17T12:32:36+00:00\" \/>\n<meta property=\"og:image\" content=\"https:\/\/likeink.com\/wp-content\/uploads\/2023\/03\/Kain-Liemannen-Tatuering-Likeink.jpg\" \/>\n\t<meta property=\"og:image:width\" content=\"1100\" \/>\n\t<meta property=\"og:image:height\" content=\"775\" \/>\n\t<meta property=\"og:image:type\" content=\"image\/jpeg\" \/>\n<meta name=\"twitter:card\" content=\"summary_large_image\" \/>\n<script type=\"application\/ld+json\" class=\"yoast-schema-graph\">{\"@context\":\"https:\\\/\\\/schema.org\",\"@graph\":[{\"@type\":\"WebPage\",\"@id\":\"https:\\\/\\\/likeink.com\\\/fi\\\/siirtotatuoinnit\\\/grim-reaper-tattoo\\\/\",\"url\":\"https:\\\/\\\/likeink.com\\\/fi\\\/siirtotatuoinnit\\\/grim-reaper-tattoo\\\/\",\"name\":\"Grim Reaper -tatuointi, jonka on tehnyt Kain Zoi Tattoo A5:ss\u00e4 - Like ink\",\"isPartOf\":{\"@id\":\"https:\\\/\\\/likeink.com\\\/fi\\\/#website\"},\"primaryImageOfPage\":{\"@id\":\"https:\\\/\\\/likeink.com\\\/fi\\\/siirtotatuoinnit\\\/grim-reaper-tattoo\\\/#primaryimage\"},\"image\":{\"@id\":\"https:\\\/\\\/likeink.com\\\/fi\\\/siirtotatuoinnit\\\/grim-reaper-tattoo\\\/#primaryimage\"},\"thumbnailUrl\":\"https:\\\/\\\/likeink.com\\\/wp-content\\\/uploads\\\/2023\\\/03\\\/Kain-Liemannen-Tatuering-Likeink.jpg\",\"datePublished\":\"2023-03-31T18:10:09+00:00\",\"dateModified\":\"2026-03-17T12:32:36+00:00\",\"description\":\"Grim Reaper -tatuointi yhdess\u00e4 p\u00e4\u00e4kallon ja k\u00e4\u00e4rmeen Fake Tattoos -sarjan kanssa lahjakkaalta tatuointitaiteilijalta Kainilta. - Like ink\",\"breadcrumb\":{\"@id\":\"https:\\\/\\\/likeink.com\\\/fi\\\/siirtotatuoinnit\\\/grim-reaper-tattoo\\\/#breadcrumb\"},\"inLanguage\":\"fi\",\"potentialAction\":[{\"@type\":\"ReadAction\",\"target\":[\"https:\\\/\\\/likeink.com\\\/fi\\\/siirtotatuoinnit\\\/grim-reaper-tattoo\\\/\"]}]},{\"@type\":\"ImageObject\",\"inLanguage\":\"fi\",\"@id\":\"https:\\\/\\\/likeink.com\\\/fi\\\/siirtotatuoinnit\\\/grim-reaper-tattoo\\\/#primaryimage\",\"url\":\"https:\\\/\\\/likeink.com\\\/wp-content\\\/uploads\\\/2023\\\/03\\\/Kain-Liemannen-Tatuering-Likeink.jpg\",\"contentUrl\":\"https:\\\/\\\/likeink.com\\\/wp-content\\\/uploads\\\/2023\\\/03\\\/Kain-Liemannen-Tatuering-Likeink.jpg\",\"width\":1100,\"height\":775,\"caption\":\"Tatuointeja tatuoijalta Liemannen kallo.\"},{\"@type\":\"BreadcrumbList\",\"@id\":\"https:\\\/\\\/likeink.com\\\/fi\\\/siirtotatuoinnit\\\/grim-reaper-tattoo\\\/#breadcrumb\",\"itemListElement\":[{\"@type\":\"ListItem\",\"position\":1,\"name\":\"Hem\",\"item\":\"https:\\\/\\\/likeink.com\\\/fi\\\/\"},{\"@type\":\"ListItem\",\"position\":2,\"name\":\"Shop\",\"item\":\"https:\\\/\\\/likeink.com\\\/fi\\\/shop\\\/\"},{\"@type\":\"ListItem\",\"position\":3,\"name\":\"Flash &#8220;Grim Reaper -tatuoint&#8221; by Kain at Zoi Tattoo\"}]},{\"@type\":\"WebSite\",\"@id\":\"https:\\\/\\\/likeink.com\\\/fi\\\/#website\",\"url\":\"https:\\\/\\\/likeink.com\\\/fi\\\/\",\"name\":\"Like ink\",\"description\":\"Make your own custom design\",\"potentialAction\":[{\"@type\":\"SearchAction\",\"target\":{\"@type\":\"EntryPoint\",\"urlTemplate\":\"https:\\\/\\\/likeink.com\\\/fi\\\/?s={search_term_string}\"},\"query-input\":{\"@type\":\"PropertyValueSpecification\",\"valueRequired\":true,\"valueName\":\"search_term_string\"}}],\"inLanguage\":\"fi\"}]}<\/script>\n<!-- \/ Yoast SEO Premium plugin. -->","yoast_head_json":{"title":"Grim Reaper -tatuointi, jonka on tehnyt Kain Zoi Tattoo A5:ss\u00e4 - Like ink","description":"Grim Reaper -tatuointi yhdess\u00e4 p\u00e4\u00e4kallon ja k\u00e4\u00e4rmeen Fake Tattoos -sarjan kanssa lahjakkaalta tatuointitaiteilijalta Kainilta. - Like ink","robots":{"index":"index","follow":"follow","max-snippet":"max-snippet:-1","max-image-preview":"max-image-preview:large","max-video-preview":"max-video-preview:-1"},"canonical":"https:\/\/likeink.com\/fi\/siirtotatuoinnit\/grim-reaper-tattoo\/","og_locale":"fi_FI","og_type":"article","og_title":"Flash \"Grim Reaper -tatuoint\" by Kain at Zoi Tattoo","og_description":"Our finished disposable sheets with temporary tattoos are 20\u00d714 cm large and filled with the design you see in the picture. We will print and send the sheet within 24 hours after you have ordered. Order Grim Reaper, snake and skull Temporary Tattoos This sheet is designed by the talented tattoo artist Kain Toro at Zoi Tattoo.  This is Kain: Super talented tattoo artist from Colombia that works on Zoi Tattoo in Malm\u00f6, Sweden. Kain loves black n gray, skulls and rock n` roll. A few years ago, Kain tattooed an anchor on my forearm. I was impressed with how fast he tattooed, how fine the lines became and his sense of details. We are stoked to offer a few of Kain`s designs as temporary tattoos!  Get in touch with Kain:  Instagram:  @6kain6  Studio:  Zoi Tattoo  Adress:  Stora Nygatan 42, MALM\u00d6  Hemsida: https:\/\/www.zoitattoo.com","og_url":"https:\/\/likeink.com\/fi\/siirtotatuoinnit\/grim-reaper-tattoo\/","og_site_name":"Like ink","article_publisher":"https:\/\/www.facebook.com\/LikeInkSe","article_modified_time":"2026-03-17T12:32:36+00:00","og_image":[{"width":1100,"height":775,"url":"https:\/\/likeink.com\/wp-content\/uploads\/2023\/03\/Kain-Liemannen-Tatuering-Likeink.jpg","type":"image\/jpeg"}],"twitter_card":"summary_large_image","schema":{"@context":"https:\/\/schema.org","@graph":[{"@type":"WebPage","@id":"https:\/\/likeink.com\/fi\/siirtotatuoinnit\/grim-reaper-tattoo\/","url":"https:\/\/likeink.com\/fi\/siirtotatuoinnit\/grim-reaper-tattoo\/","name":"Grim Reaper -tatuointi, jonka on tehnyt Kain Zoi Tattoo A5:ss\u00e4 - Like ink","isPartOf":{"@id":"https:\/\/likeink.com\/fi\/#website"},"primaryImageOfPage":{"@id":"https:\/\/likeink.com\/fi\/siirtotatuoinnit\/grim-reaper-tattoo\/#primaryimage"},"image":{"@id":"https:\/\/likeink.com\/fi\/siirtotatuoinnit\/grim-reaper-tattoo\/#primaryimage"},"thumbnailUrl":"https:\/\/likeink.com\/wp-content\/uploads\/2023\/03\/Kain-Liemannen-Tatuering-Likeink.jpg","datePublished":"2023-03-31T18:10:09+00:00","dateModified":"2026-03-17T12:32:36+00:00","description":"Grim Reaper -tatuointi yhdess\u00e4 p\u00e4\u00e4kallon ja k\u00e4\u00e4rmeen Fake Tattoos -sarjan kanssa lahjakkaalta tatuointitaiteilijalta Kainilta. - Like ink","breadcrumb":{"@id":"https:\/\/likeink.com\/fi\/siirtotatuoinnit\/grim-reaper-tattoo\/#breadcrumb"},"inLanguage":"fi","potentialAction":[{"@type":"ReadAction","target":["https:\/\/likeink.com\/fi\/siirtotatuoinnit\/grim-reaper-tattoo\/"]}]},{"@type":"ImageObject","inLanguage":"fi","@id":"https:\/\/likeink.com\/fi\/siirtotatuoinnit\/grim-reaper-tattoo\/#primaryimage","url":"https:\/\/likeink.com\/wp-content\/uploads\/2023\/03\/Kain-Liemannen-Tatuering-Likeink.jpg","contentUrl":"https:\/\/likeink.com\/wp-content\/uploads\/2023\/03\/Kain-Liemannen-Tatuering-Likeink.jpg","width":1100,"height":775,"caption":"Tatuointeja tatuoijalta Liemannen kallo."},{"@type":"BreadcrumbList","@id":"https:\/\/likeink.com\/fi\/siirtotatuoinnit\/grim-reaper-tattoo\/#breadcrumb","itemListElement":[{"@type":"ListItem","position":1,"name":"Hem","item":"https:\/\/likeink.com\/fi\/"},{"@type":"ListItem","position":2,"name":"Shop","item":"https:\/\/likeink.com\/fi\/shop\/"},{"@type":"ListItem","position":3,"name":"Flash &#8220;Grim Reaper -tatuoint&#8221; by Kain at Zoi Tattoo"}]},{"@type":"WebSite","@id":"https:\/\/likeink.com\/fi\/#website","url":"https:\/\/likeink.com\/fi\/","name":"Like ink","description":"Make your own custom design","potentialAction":[{"@type":"SearchAction","target":{"@type":"EntryPoint","urlTemplate":"https:\/\/likeink.com\/fi\/?s={search_term_string}"},"query-input":{"@type":"PropertyValueSpecification","valueRequired":true,"valueName":"search_term_string"}}],"inLanguage":"fi"}]}},"_links":{"self":[{"href":"https:\/\/likeink.com\/fi\/wp-json\/wp\/v2\/product\/16015","targetHints":{"allow":["GET"]}}],"collection":[{"href":"https:\/\/likeink.com\/fi\/wp-json\/wp\/v2\/product"}],"about":[{"href":"https:\/\/likeink.com\/fi\/wp-json\/wp\/v2\/types\/product"}],"wp:featuredmedia":[{"embeddable":true,"href":"https:\/\/likeink.com\/fi\/wp-json\/wp\/v2\/media\/16006"}],"wp:attachment":[{"href":"https:\/\/likeink.com\/fi\/wp-json\/wp\/v2\/media?parent=16015"}],"wp:term":[{"taxonomy":"product_brand","embeddable":true,"href":"https:\/\/likeink.com\/fi\/wp-json\/wp\/v2\/product_brand?post=16015"},{"taxonomy":"product_cat","embeddable":true,"href":"https:\/\/likeink.com\/fi\/wp-json\/wp\/v2\/product_cat?post=16015"},{"taxonomy":"product_tag","embeddable":true,"href":"https:\/\/likeink.com\/fi\/wp-json\/wp\/v2\/product_tag?post=16015"}],"curies":[{"name":"wp","href":"https:\/\/api.w.org\/{rel}","templated":true}]}}