{"id":17064,"date":"2023-04-19T13:57:56","date_gmt":"2023-04-19T13:57:56","guid":{"rendered":"https:\/\/likeink.se\/produkt\/flash-broken-hearts-by-nicklas-wennerberg\/"},"modified":"2026-04-27T11:47:16","modified_gmt":"2026-04-27T11:47:16","slug":"flash-broken-hearts-by-nicklas-wennerberg","status":"publish","type":"product","link":"https:\/\/likeink.com\/fi\/siirtotatuoinnit\/flash-broken-hearts-by-nicklas-wennerberg\/","title":{"rendered":"Flash &#8220;Broken hearts&#8221; by Nicklas Wennerberg at Zoi Tattoo"},"content":{"rendered":"","protected":false},"excerpt":{"rendered":"<p>Like Inkin valmiit arkit v\u00e4liaikaisilla tatuoinneilla ovat noin 20&#215;14 cm kokoisia ja sis\u00e4lt\u00e4v\u00e4t kuvassa n\u00e4kyv\u00e4t designit. Painamme ja l\u00e4het\u00e4mme arkkisi n\u00e4ill\u00e4 tyylikk\u00e4ill\u00e4 tatuoinneilla 24 tunnin sis\u00e4ll\u00e4 tilauksestasi. Tatuoinnit n\u00e4ytt\u00e4v\u00e4t hyv\u00e4lt\u00e4, ovat korkealaatuisia ja helppoja kiinnitt\u00e4\u00e4 ja pest\u00e4 pois. Like Ink noudattaa kaikkia EU:n kosmetiikkalakeja, joten voit tilata v\u00e4liaikaisia tatuointeja meilt\u00e4 turvallisin mielin.<\/p>\n<h2>Tilaa v\u00e4liaikaisia tatuointeja, joissa on broken heart -aiheita, suunnitellut tatuointitaiteilija Nicklas Wennerberg<\/h2>\n<p>T\u00e4m\u00e4 arkki on suunniteltu eritt\u00e4in lahjakkaan tatuointitaiteilijan Nicklas Wennerbergin toimesta, joka on kokenut ja taitava tatuoija Malm\u00f6st\u00e4 Zoi Tattoo studiosta. Olemme todella iloisia voidessamme tarjota flash arkkeja t\u00e4lt\u00e4 huipputyylikk\u00e4\u00e4lt\u00e4 tatuointitaiteilijalta. No time for pocketwatches.<\/p>\n<p><strong>Ota yhteytt\u00e4 Nicklasiin:<\/strong><\/p>\n<p><strong>Instagram:<\/strong><\/p>\n<p>@nick040tattoo<\/p>\n<p><strong>Studio:<\/strong><\/p>\n<p>Zoi Tattoo<\/p>\n<p><strong>Osoite:<\/strong><\/p>\n<p>Sora Nygatan 42, Malm\u00f6<\/p>\n","protected":false},"featured_media":16956,"template":"","meta":[],"product_brand":[],"product_cat":[51,501],"product_tag":[],"class_list":{"0":"post-17064","1":"product","2":"type-product","3":"status-publish","4":"has-post-thumbnail","6":"product_cat-valmiit-arkit","7":"product_cat-yhteistyot-tatuoijien-kanssa","9":"first","10":"instock","11":"taxable","12":"shipping-taxable","13":"purchasable","14":"product-type-simple"},"yoast_head":"<!-- This site is optimized with the Yoast SEO Premium plugin v27.5 (Yoast SEO v27.6) - https:\/\/yoast.com\/product\/yoast-seo-premium-wordpress\/ -->\n<title>S\u00e4rkyneet syd\u00e4men tatuoinnit Nicklas Wennerbergin toimesta - Like ink<\/title>\n<meta name=\"description\" content=\"S\u00e4rkyneet syd\u00e4men tatuoinnit suunnitellut Nicklas Wennerberg. Eritt\u00e4in lahjakas tatuointitaiteilija, joka toimii Malm\u00f6ss\u00e4. - Like ink\" \/>\n<meta name=\"robots\" content=\"index, follow, max-snippet:-1, max-image-preview:large, max-video-preview:-1\" \/>\n<link rel=\"canonical\" href=\"https:\/\/likeink.com\/fi\/siirtotatuoinnit\/flash-broken-hearts-by-nicklas-wennerberg\/\" \/>\n<meta property=\"og:locale\" content=\"fi_FI\" \/>\n<meta property=\"og:type\" content=\"article\" \/>\n<meta property=\"og:title\" content=\"Flash &quot;Broken hearts&quot; by Nicklas Wennerberg at Zoi Tattoo\" \/>\n<meta property=\"og:description\" content=\"Like Inkin valmiit arkit v\u00e4liaikaisilla tatuoinneilla ovat noin 20x14 cm kokoisia ja sis\u00e4lt\u00e4v\u00e4t kuvassa n\u00e4kyv\u00e4t designit. Painamme ja l\u00e4het\u00e4mme arkkisi n\u00e4ill\u00e4 tyylikk\u00e4ill\u00e4 tatuoinneilla 24 tunnin sis\u00e4ll\u00e4 tilauksestasi. Tatuoinnit n\u00e4ytt\u00e4v\u00e4t hyv\u00e4lt\u00e4, ovat korkealaatuisia ja helppoja kiinnitt\u00e4\u00e4 ja pest\u00e4 pois. Like Ink noudattaa kaikkia EU:n kosmetiikkalakeja, joten voit tilata v\u00e4liaikaisia tatuointeja meilt\u00e4 turvallisin mielin. Tilaa v\u00e4liaikaisia tatuointeja, joissa on broken heart -aiheita, suunnitellut tatuointitaiteilija Nicklas Wennerberg T\u00e4m\u00e4 arkki on suunniteltu eritt\u00e4in lahjakkaan tatuointitaiteilijan Nicklas Wennerbergin toimesta, joka on kokenut ja taitava tatuoija Malm\u00f6st\u00e4 Zoi Tattoo studiosta. Olemme todella iloisia voidessamme tarjota flash arkkeja t\u00e4lt\u00e4 huipputyylikk\u00e4\u00e4lt\u00e4 tatuointitaiteilijalta. No time for pocketwatches.  Ota yhteytt\u00e4 Nicklasiin:  Instagram:  @nick040tattoo  Studio:  Zoi Tattoo  Osoite:  Sora Nygatan 42, Malm\u00f6\" \/>\n<meta property=\"og:url\" content=\"https:\/\/likeink.com\/fi\/siirtotatuoinnit\/flash-broken-hearts-by-nicklas-wennerberg\/\" \/>\n<meta property=\"og:site_name\" content=\"Like ink\" \/>\n<meta property=\"article:publisher\" content=\"https:\/\/www.facebook.com\/LikeInkSe\" \/>\n<meta property=\"article:modified_time\" content=\"2026-04-27T11:47:16+00:00\" \/>\n<meta property=\"og:image\" content=\"https:\/\/likeink.com\/wp-content\/uploads\/2023\/04\/Nicklas-Wennerberg-BrokenHearts-Faketattoo.jpg\" \/>\n\t<meta property=\"og:image:width\" content=\"1200\" \/>\n\t<meta property=\"og:image:height\" content=\"845\" \/>\n\t<meta property=\"og:image:type\" content=\"image\/jpeg\" \/>\n<meta name=\"twitter:card\" content=\"summary_large_image\" \/>\n<meta name=\"twitter:label1\" content=\"Arvioitu lukuaika\" \/>\n\t<meta name=\"twitter:data1\" content=\"1 minuutti\" \/>\n<!-- \/ Yoast SEO Premium plugin. -->","yoast_head_json":{"title":"S\u00e4rkyneet syd\u00e4men tatuoinnit Nicklas Wennerbergin toimesta - Like ink","description":"S\u00e4rkyneet syd\u00e4men tatuoinnit suunnitellut Nicklas Wennerberg. Eritt\u00e4in lahjakas tatuointitaiteilija, joka toimii Malm\u00f6ss\u00e4. - Like ink","robots":{"index":"index","follow":"follow","max-snippet":"max-snippet:-1","max-image-preview":"max-image-preview:large","max-video-preview":"max-video-preview:-1"},"canonical":"https:\/\/likeink.com\/fi\/siirtotatuoinnit\/flash-broken-hearts-by-nicklas-wennerberg\/","og_locale":"fi_FI","og_type":"article","og_title":"Flash \"Broken hearts\" by Nicklas Wennerberg at Zoi Tattoo","og_description":"Like Inkin valmiit arkit v\u00e4liaikaisilla tatuoinneilla ovat noin 20x14 cm kokoisia ja sis\u00e4lt\u00e4v\u00e4t kuvassa n\u00e4kyv\u00e4t designit. Painamme ja l\u00e4het\u00e4mme arkkisi n\u00e4ill\u00e4 tyylikk\u00e4ill\u00e4 tatuoinneilla 24 tunnin sis\u00e4ll\u00e4 tilauksestasi. Tatuoinnit n\u00e4ytt\u00e4v\u00e4t hyv\u00e4lt\u00e4, ovat korkealaatuisia ja helppoja kiinnitt\u00e4\u00e4 ja pest\u00e4 pois. Like Ink noudattaa kaikkia EU:n kosmetiikkalakeja, joten voit tilata v\u00e4liaikaisia tatuointeja meilt\u00e4 turvallisin mielin. Tilaa v\u00e4liaikaisia tatuointeja, joissa on broken heart -aiheita, suunnitellut tatuointitaiteilija Nicklas Wennerberg T\u00e4m\u00e4 arkki on suunniteltu eritt\u00e4in lahjakkaan tatuointitaiteilijan Nicklas Wennerbergin toimesta, joka on kokenut ja taitava tatuoija Malm\u00f6st\u00e4 Zoi Tattoo studiosta. Olemme todella iloisia voidessamme tarjota flash arkkeja t\u00e4lt\u00e4 huipputyylikk\u00e4\u00e4lt\u00e4 tatuointitaiteilijalta. No time for pocketwatches.  Ota yhteytt\u00e4 Nicklasiin:  Instagram:  @nick040tattoo  Studio:  Zoi Tattoo  Osoite:  Sora Nygatan 42, Malm\u00f6","og_url":"https:\/\/likeink.com\/fi\/siirtotatuoinnit\/flash-broken-hearts-by-nicklas-wennerberg\/","og_site_name":"Like ink","article_publisher":"https:\/\/www.facebook.com\/LikeInkSe","article_modified_time":"2026-04-27T11:47:16+00:00","og_image":[{"width":1200,"height":845,"url":"https:\/\/likeink.com\/wp-content\/uploads\/2023\/04\/Nicklas-Wennerberg-BrokenHearts-Faketattoo.jpg","type":"image\/jpeg"}],"twitter_card":"summary_large_image","twitter_misc":{"Arvioitu lukuaika":"1 minuutti"},"schema":{"@context":"https:\/\/schema.org","@graph":[{"@type":"WebPage","@id":"https:\/\/likeink.com\/fi\/siirtotatuoinnit\/flash-broken-hearts-by-nicklas-wennerberg\/","url":"https:\/\/likeink.com\/fi\/siirtotatuoinnit\/flash-broken-hearts-by-nicklas-wennerberg\/","name":"S\u00e4rkyneet syd\u00e4men tatuoinnit Nicklas Wennerbergin toimesta - Like ink","isPartOf":{"@id":"https:\/\/likeink.com\/fi\/#website"},"primaryImageOfPage":{"@id":"https:\/\/likeink.com\/fi\/siirtotatuoinnit\/flash-broken-hearts-by-nicklas-wennerberg\/#primaryimage"},"image":{"@id":"https:\/\/likeink.com\/fi\/siirtotatuoinnit\/flash-broken-hearts-by-nicklas-wennerberg\/#primaryimage"},"thumbnailUrl":"https:\/\/likeink.com\/wp-content\/uploads\/2023\/04\/Nicklas-Wennerberg-BrokenHearts-Faketattoo.jpg","datePublished":"2023-04-19T13:57:56+00:00","dateModified":"2026-04-27T11:47:16+00:00","description":"S\u00e4rkyneet syd\u00e4men tatuoinnit suunnitellut Nicklas Wennerberg. Eritt\u00e4in lahjakas tatuointitaiteilija, joka toimii Malm\u00f6ss\u00e4. - Like ink","breadcrumb":{"@id":"https:\/\/likeink.com\/fi\/siirtotatuoinnit\/flash-broken-hearts-by-nicklas-wennerberg\/#breadcrumb"},"inLanguage":"fi","potentialAction":[{"@type":"ReadAction","target":["https:\/\/likeink.com\/fi\/siirtotatuoinnit\/flash-broken-hearts-by-nicklas-wennerberg\/"]}]},{"@type":"ImageObject","inLanguage":"fi","@id":"https:\/\/likeink.com\/fi\/siirtotatuoinnit\/flash-broken-hearts-by-nicklas-wennerberg\/#primaryimage","url":"https:\/\/likeink.com\/wp-content\/uploads\/2023\/04\/Nicklas-Wennerberg-BrokenHearts-Faketattoo.jpg","contentUrl":"https:\/\/likeink.com\/wp-content\/uploads\/2023\/04\/Nicklas-Wennerberg-BrokenHearts-Faketattoo.jpg","width":1200,"height":845,"caption":"Tatuointitaiteilija Nicklas Wennerbergin siirtotatuointiarkki rikkin\u00e4isill\u00e4 syd\u00e4mill\u00e4."},{"@type":"BreadcrumbList","@id":"https:\/\/likeink.com\/fi\/siirtotatuoinnit\/flash-broken-hearts-by-nicklas-wennerberg\/#breadcrumb","itemListElement":[{"@type":"ListItem","position":1,"name":"Hem","item":"https:\/\/likeink.com\/fi\/"},{"@type":"ListItem","position":2,"name":"Shop","item":"https:\/\/likeink.com\/fi\/shop\/"},{"@type":"ListItem","position":3,"name":"Flash &#8220;Broken hearts&#8221; by Nicklas Wennerberg at Zoi Tattoo"}]},{"@type":"WebSite","@id":"https:\/\/likeink.com\/fi\/#website","url":"https:\/\/likeink.com\/fi\/","name":"Like ink","description":"Make your own custom design","potentialAction":[{"@type":"SearchAction","target":{"@type":"EntryPoint","urlTemplate":"https:\/\/likeink.com\/fi\/?s={search_term_string}"},"query-input":{"@type":"PropertyValueSpecification","valueRequired":true,"valueName":"search_term_string"}}],"inLanguage":"fi"}]}},"_links":{"self":[{"href":"https:\/\/likeink.com\/fi\/wp-json\/wp\/v2\/product\/17064","targetHints":{"allow":["GET"]}}],"collection":[{"href":"https:\/\/likeink.com\/fi\/wp-json\/wp\/v2\/product"}],"about":[{"href":"https:\/\/likeink.com\/fi\/wp-json\/wp\/v2\/types\/product"}],"wp:featuredmedia":[{"embeddable":true,"href":"https:\/\/likeink.com\/fi\/wp-json\/wp\/v2\/media\/16956"}],"wp:attachment":[{"href":"https:\/\/likeink.com\/fi\/wp-json\/wp\/v2\/media?parent=17064"}],"wp:term":[{"taxonomy":"product_brand","embeddable":true,"href":"https:\/\/likeink.com\/fi\/wp-json\/wp\/v2\/product_brand?post=17064"},{"taxonomy":"product_cat","embeddable":true,"href":"https:\/\/likeink.com\/fi\/wp-json\/wp\/v2\/product_cat?post=17064"},{"taxonomy":"product_tag","embeddable":true,"href":"https:\/\/likeink.com\/fi\/wp-json\/wp\/v2\/product_tag?post=17064"}],"curies":[{"name":"wp","href":"https:\/\/api.w.org\/{rel}","templated":true}]}}